{"id":64258,"date":"2023-03-03T09:16:11","date_gmt":"2023-03-03T08:16:11","guid":{"rendered":"https:\/\/turijnmagazijn.nl\/product\/support-de-montage-tuyau-deau-de-refroidissement-sur-bloc-moteur-alfa-romeo-1-8-twin-spark\/"},"modified":"2023-07-26T14:05:58","modified_gmt":"2023-07-26T12:05:58","slug":"support-de-montage-tuyau-deau-de-refroidissement-sur-moteur-alfa-romeo-1-8-twin-spark","status":"publish","type":"product","link":"https:\/\/turijnmagazijn.nl\/fr\/produit\/support-de-montage-tuyau-deau-de-refroidissement-sur-moteur-alfa-romeo-1-8-twin-spark\/","title":{"rendered":"Support de montage tuyau d\u2019eau de refroidissement sur bloc moteur Alfa Romeo 1.8 Twin Spark"},"content":{"rendered":"<p>Support d\u2019origine utilis\u00e9 pour le montage du tuyau d\u2019eau de refroidissement (pi\u00e8ce en fonte) directement \u00e0 l\u2019avant du bloc moteur. Cette partie est nettoy\u00e9e par ultrasons.<\/p>\n<p>Appliqu\u00e9 aux moteurs \u00e0 \u00e9tincelles 1.8 et 2.0 Twin dans les Alfa Romeo 156 et Alfa Romeo 166.<\/p>\n<p>Fait partie de<span style=\"text-align: -webkit-right;\">l\u2019OEM<\/span>&nbsp; 60627878<\/p>\n<p><span style=\"text-align: -webkit-right;\">Cette partie n\u2019inclut pas le tuyau d\u2019eau de refroidissement lui-m\u00eame!<\/span><\/p>\n","protected":false},"excerpt":{"rendered":"<p>Support de montage tuyau d\u2019eau de refroidissement sur le bloc moteur Alfa Romeo 1.8 Twin Spark &#8211; Support d\u2019origine utilis\u00e9 pour le montage du tuyau d\u2019eau de refroidissement (pi\u00e8ce en fonte) directement \u00e0 l\u2019avant du bloc moteur.<\/p>\n","protected":false},"featured_media":43248,"comment_status":"open","ping_status":"closed","template":"","meta":{"_acf_changed":false},"product_brand":[],"product_cat":[1613,1650,1582,1636],"product_tag":[],"class_list":{"0":"post-64258","1":"product","2":"type-product","3":"status-publish","4":"has-post-thumbnail","6":"product_cat-156-932-fr","7":"product_cat-166-936-fr","8":"product_cat-alfa-romeo-fr","9":"product_cat-gtv-916-fr","10":"pa_soort-onderdeel-moteur-et-accessoires","11":"pa_soort-onderdeel-suspension-et-chassis","13":"first","14":"instock","15":"shipping-taxable","16":"purchasable","17":"product-type-simple"},"acf":[],"yoast_head":"<!-- This site is optimized with the Yoast SEO plugin v27.2 - https:\/\/yoast.com\/product\/yoast-seo-wordpress\/ -->\n<title>Support de montage tuyau d\u2019eau de refroidissement sur bloc moteur Alfa Romeo 1.8 Twin Spark - Turijnmagazijn<\/title>\n<meta name=\"robots\" content=\"index, follow, max-snippet:-1, max-image-preview:large, max-video-preview:-1\" \/>\n<link rel=\"canonical\" href=\"https:\/\/turijnmagazijn.nl\/fr\/produit\/support-de-montage-tuyau-deau-de-refroidissement-sur-moteur-alfa-romeo-1-8-twin-spark\/\" \/>\n<meta property=\"og:locale\" content=\"fr_FR\" \/>\n<meta property=\"og:type\" content=\"article\" \/>\n<meta property=\"og:title\" content=\"Support de montage tuyau d\u2019eau de refroidissement sur bloc moteur Alfa Romeo 1.8 Twin Spark - Turijnmagazijn\" \/>\n<meta property=\"og:description\" content=\"Support de montage tuyau d\u2019eau de refroidissement sur le bloc moteur Alfa Romeo 1.8 Twin Spark - Support d\u2019origine utilis\u00e9 pour le montage du tuyau d\u2019eau de refroidissement (pi\u00e8ce en fonte) directement \u00e0 l\u2019avant du bloc moteur.\" \/>\n<meta property=\"og:url\" content=\"https:\/\/turijnmagazijn.nl\/fr\/produit\/support-de-montage-tuyau-deau-de-refroidissement-sur-moteur-alfa-romeo-1-8-twin-spark\/\" \/>\n<meta property=\"og:site_name\" content=\"Turijnmagazijn\" \/>\n<meta property=\"article:publisher\" content=\"https:\/\/www.facebook.com\/turijnmagazijn\" \/>\n<meta property=\"article:modified_time\" content=\"2023-07-26T12:05:58+00:00\" \/>\n<meta property=\"og:image\" content=\"https:\/\/turijnmagazijn.jumpstone-dev.nl\/wp-content\/uploads\/2023\/03\/DK00101845-Montagebeugel-koelwaterleiding-aan-motorblok-Alfa-Romeo-1.8-Twin-Spark-3-1.jpg\" \/>\n\t<meta property=\"og:image:width\" content=\"1024\" \/>\n\t<meta property=\"og:image:height\" content=\"768\" \/>\n\t<meta property=\"og:image:type\" content=\"image\/jpeg\" \/>\n<meta name=\"twitter:card\" content=\"summary_large_image\" \/>\n<script type=\"application\/ld+json\" class=\"yoast-schema-graph\">{\"@context\":\"https:\/\/schema.org\",\"@graph\":[{\"@type\":\"WebPage\",\"@id\":\"https:\/\/turijnmagazijn.nl\/fr\/produit\/support-de-montage-tuyau-deau-de-refroidissement-sur-moteur-alfa-romeo-1-8-twin-spark\/\",\"url\":\"https:\/\/turijnmagazijn.nl\/fr\/produit\/support-de-montage-tuyau-deau-de-refroidissement-sur-moteur-alfa-romeo-1-8-twin-spark\/\",\"name\":\"Support de montage tuyau d\u2019eau de refroidissement sur bloc moteur Alfa Romeo 1.8 Twin Spark - Turijnmagazijn\",\"isPartOf\":{\"@id\":\"https:\/\/turijnmagazijn.jumpstone-dev.nl\/#website\"},\"primaryImageOfPage\":{\"@id\":\"https:\/\/turijnmagazijn.nl\/fr\/produit\/support-de-montage-tuyau-deau-de-refroidissement-sur-moteur-alfa-romeo-1-8-twin-spark\/#primaryimage\"},\"image\":{\"@id\":\"https:\/\/turijnmagazijn.nl\/fr\/produit\/support-de-montage-tuyau-deau-de-refroidissement-sur-moteur-alfa-romeo-1-8-twin-spark\/#primaryimage\"},\"thumbnailUrl\":\"https:\/\/turijnmagazijn.nl\/wp-content\/uploads\/2023\/03\/DK00101845-Montagebeugel-koelwaterleiding-aan-motorblok-Alfa-Romeo-1.8-Twin-Spark-3-1.jpg\",\"datePublished\":\"2023-03-03T08:16:11+00:00\",\"dateModified\":\"2023-07-26T12:05:58+00:00\",\"breadcrumb\":{\"@id\":\"https:\/\/turijnmagazijn.nl\/fr\/produit\/support-de-montage-tuyau-deau-de-refroidissement-sur-moteur-alfa-romeo-1-8-twin-spark\/#breadcrumb\"},\"inLanguage\":\"fr-FR\",\"potentialAction\":[{\"@type\":\"ReadAction\",\"target\":[\"https:\/\/turijnmagazijn.nl\/fr\/produit\/support-de-montage-tuyau-deau-de-refroidissement-sur-moteur-alfa-romeo-1-8-twin-spark\/\"]}]},{\"@type\":\"ImageObject\",\"inLanguage\":\"fr-FR\",\"@id\":\"https:\/\/turijnmagazijn.nl\/fr\/produit\/support-de-montage-tuyau-deau-de-refroidissement-sur-moteur-alfa-romeo-1-8-twin-spark\/#primaryimage\",\"url\":\"https:\/\/turijnmagazijn.nl\/wp-content\/uploads\/2023\/03\/DK00101845-Montagebeugel-koelwaterleiding-aan-motorblok-Alfa-Romeo-1.8-Twin-Spark-3-1.jpg\",\"contentUrl\":\"https:\/\/turijnmagazijn.nl\/wp-content\/uploads\/2023\/03\/DK00101845-Montagebeugel-koelwaterleiding-aan-motorblok-Alfa-Romeo-1.8-Twin-Spark-3-1.jpg\",\"width\":1024,\"height\":768},{\"@type\":\"BreadcrumbList\",\"@id\":\"https:\/\/turijnmagazijn.nl\/fr\/produit\/support-de-montage-tuyau-deau-de-refroidissement-sur-moteur-alfa-romeo-1-8-twin-spark\/#breadcrumb\",\"itemListElement\":[{\"@type\":\"ListItem\",\"position\":1,\"name\":\"Home\",\"item\":\"https:\/\/turijnmagazijn.jumpstone-dev.nl\/\"},{\"@type\":\"ListItem\",\"position\":2,\"name\":\"Produits\",\"item\":\"https:\/\/turijnmagazijn.nl\/fr\/shop\/\"},{\"@type\":\"ListItem\",\"position\":3,\"name\":\"Support de montage tuyau d\u2019eau de refroidissement sur bloc moteur Alfa Romeo 1.8 Twin Spark\"}]},{\"@type\":\"WebSite\",\"@id\":\"https:\/\/turijnmagazijn.jumpstone-dev.nl\/#website\",\"url\":\"https:\/\/turijnmagazijn.jumpstone-dev.nl\/\",\"name\":\"Turijnmagazijn\",\"description\":\"Onderdelen nieuw en gebruikt - Fiat &amp; Lancia\",\"publisher\":{\"@id\":\"https:\/\/turijnmagazijn.jumpstone-dev.nl\/#organization\"},\"potentialAction\":[{\"@type\":\"SearchAction\",\"target\":{\"@type\":\"EntryPoint\",\"urlTemplate\":\"https:\/\/turijnmagazijn.jumpstone-dev.nl\/?s={search_term_string}\"},\"query-input\":{\"@type\":\"PropertyValueSpecification\",\"valueRequired\":true,\"valueName\":\"search_term_string\"}}],\"inLanguage\":\"fr-FR\"},{\"@type\":\"Organization\",\"@id\":\"https:\/\/turijnmagazijn.jumpstone-dev.nl\/#organization\",\"name\":\"Turijnmagazijn\",\"url\":\"https:\/\/turijnmagazijn.jumpstone-dev.nl\/\",\"logo\":{\"@type\":\"ImageObject\",\"inLanguage\":\"fr-FR\",\"@id\":\"https:\/\/turijnmagazijn.jumpstone-dev.nl\/#\/schema\/logo\/image\/\",\"url\":\"https:\/\/turijnmagazijn.nl\/wp-content\/uploads\/2021\/02\/turijnmagazijnlogo.png\",\"contentUrl\":\"https:\/\/turijnmagazijn.nl\/wp-content\/uploads\/2021\/02\/turijnmagazijnlogo.png\",\"width\":555,\"height\":270,\"caption\":\"Turijnmagazijn\"},\"image\":{\"@id\":\"https:\/\/turijnmagazijn.jumpstone-dev.nl\/#\/schema\/logo\/image\/\"},\"sameAs\":[\"https:\/\/www.facebook.com\/turijnmagazijn\"]}]}<\/script>\n<!-- \/ Yoast SEO plugin. -->","yoast_head_json":{"title":"Support de montage tuyau d\u2019eau de refroidissement sur bloc moteur Alfa Romeo 1.8 Twin Spark - Turijnmagazijn","robots":{"index":"index","follow":"follow","max-snippet":"max-snippet:-1","max-image-preview":"max-image-preview:large","max-video-preview":"max-video-preview:-1"},"canonical":"https:\/\/turijnmagazijn.nl\/fr\/produit\/support-de-montage-tuyau-deau-de-refroidissement-sur-moteur-alfa-romeo-1-8-twin-spark\/","og_locale":"fr_FR","og_type":"article","og_title":"Support de montage tuyau d\u2019eau de refroidissement sur bloc moteur Alfa Romeo 1.8 Twin Spark - Turijnmagazijn","og_description":"Support de montage tuyau d\u2019eau de refroidissement sur le bloc moteur Alfa Romeo 1.8 Twin Spark - Support d\u2019origine utilis\u00e9 pour le montage du tuyau d\u2019eau de refroidissement (pi\u00e8ce en fonte) directement \u00e0 l\u2019avant du bloc moteur.","og_url":"https:\/\/turijnmagazijn.nl\/fr\/produit\/support-de-montage-tuyau-deau-de-refroidissement-sur-moteur-alfa-romeo-1-8-twin-spark\/","og_site_name":"Turijnmagazijn","article_publisher":"https:\/\/www.facebook.com\/turijnmagazijn","article_modified_time":"2023-07-26T12:05:58+00:00","og_image":[{"width":1024,"height":768,"url":"https:\/\/turijnmagazijn.jumpstone-dev.nl\/wp-content\/uploads\/2023\/03\/DK00101845-Montagebeugel-koelwaterleiding-aan-motorblok-Alfa-Romeo-1.8-Twin-Spark-3-1.jpg","type":"image\/jpeg"}],"twitter_card":"summary_large_image","schema":{"@context":"https:\/\/schema.org","@graph":[{"@type":"WebPage","@id":"https:\/\/turijnmagazijn.nl\/fr\/produit\/support-de-montage-tuyau-deau-de-refroidissement-sur-moteur-alfa-romeo-1-8-twin-spark\/","url":"https:\/\/turijnmagazijn.nl\/fr\/produit\/support-de-montage-tuyau-deau-de-refroidissement-sur-moteur-alfa-romeo-1-8-twin-spark\/","name":"Support de montage tuyau d\u2019eau de refroidissement sur bloc moteur Alfa Romeo 1.8 Twin Spark - Turijnmagazijn","isPartOf":{"@id":"https:\/\/turijnmagazijn.jumpstone-dev.nl\/#website"},"primaryImageOfPage":{"@id":"https:\/\/turijnmagazijn.nl\/fr\/produit\/support-de-montage-tuyau-deau-de-refroidissement-sur-moteur-alfa-romeo-1-8-twin-spark\/#primaryimage"},"image":{"@id":"https:\/\/turijnmagazijn.nl\/fr\/produit\/support-de-montage-tuyau-deau-de-refroidissement-sur-moteur-alfa-romeo-1-8-twin-spark\/#primaryimage"},"thumbnailUrl":"https:\/\/turijnmagazijn.nl\/wp-content\/uploads\/2023\/03\/DK00101845-Montagebeugel-koelwaterleiding-aan-motorblok-Alfa-Romeo-1.8-Twin-Spark-3-1.jpg","datePublished":"2023-03-03T08:16:11+00:00","dateModified":"2023-07-26T12:05:58+00:00","breadcrumb":{"@id":"https:\/\/turijnmagazijn.nl\/fr\/produit\/support-de-montage-tuyau-deau-de-refroidissement-sur-moteur-alfa-romeo-1-8-twin-spark\/#breadcrumb"},"inLanguage":"fr-FR","potentialAction":[{"@type":"ReadAction","target":["https:\/\/turijnmagazijn.nl\/fr\/produit\/support-de-montage-tuyau-deau-de-refroidissement-sur-moteur-alfa-romeo-1-8-twin-spark\/"]}]},{"@type":"ImageObject","inLanguage":"fr-FR","@id":"https:\/\/turijnmagazijn.nl\/fr\/produit\/support-de-montage-tuyau-deau-de-refroidissement-sur-moteur-alfa-romeo-1-8-twin-spark\/#primaryimage","url":"https:\/\/turijnmagazijn.nl\/wp-content\/uploads\/2023\/03\/DK00101845-Montagebeugel-koelwaterleiding-aan-motorblok-Alfa-Romeo-1.8-Twin-Spark-3-1.jpg","contentUrl":"https:\/\/turijnmagazijn.nl\/wp-content\/uploads\/2023\/03\/DK00101845-Montagebeugel-koelwaterleiding-aan-motorblok-Alfa-Romeo-1.8-Twin-Spark-3-1.jpg","width":1024,"height":768},{"@type":"BreadcrumbList","@id":"https:\/\/turijnmagazijn.nl\/fr\/produit\/support-de-montage-tuyau-deau-de-refroidissement-sur-moteur-alfa-romeo-1-8-twin-spark\/#breadcrumb","itemListElement":[{"@type":"ListItem","position":1,"name":"Home","item":"https:\/\/turijnmagazijn.jumpstone-dev.nl\/"},{"@type":"ListItem","position":2,"name":"Produits","item":"https:\/\/turijnmagazijn.nl\/fr\/shop\/"},{"@type":"ListItem","position":3,"name":"Support de montage tuyau d\u2019eau de refroidissement sur bloc moteur Alfa Romeo 1.8 Twin Spark"}]},{"@type":"WebSite","@id":"https:\/\/turijnmagazijn.jumpstone-dev.nl\/#website","url":"https:\/\/turijnmagazijn.jumpstone-dev.nl\/","name":"Turijnmagazijn","description":"Onderdelen nieuw en gebruikt - Fiat &amp; Lancia","publisher":{"@id":"https:\/\/turijnmagazijn.jumpstone-dev.nl\/#organization"},"potentialAction":[{"@type":"SearchAction","target":{"@type":"EntryPoint","urlTemplate":"https:\/\/turijnmagazijn.jumpstone-dev.nl\/?s={search_term_string}"},"query-input":{"@type":"PropertyValueSpecification","valueRequired":true,"valueName":"search_term_string"}}],"inLanguage":"fr-FR"},{"@type":"Organization","@id":"https:\/\/turijnmagazijn.jumpstone-dev.nl\/#organization","name":"Turijnmagazijn","url":"https:\/\/turijnmagazijn.jumpstone-dev.nl\/","logo":{"@type":"ImageObject","inLanguage":"fr-FR","@id":"https:\/\/turijnmagazijn.jumpstone-dev.nl\/#\/schema\/logo\/image\/","url":"https:\/\/turijnmagazijn.nl\/wp-content\/uploads\/2021\/02\/turijnmagazijnlogo.png","contentUrl":"https:\/\/turijnmagazijn.nl\/wp-content\/uploads\/2021\/02\/turijnmagazijnlogo.png","width":555,"height":270,"caption":"Turijnmagazijn"},"image":{"@id":"https:\/\/turijnmagazijn.jumpstone-dev.nl\/#\/schema\/logo\/image\/"},"sameAs":["https:\/\/www.facebook.com\/turijnmagazijn"]}]}},"_links":{"self":[{"href":"https:\/\/turijnmagazijn.nl\/fr\/wp-json\/wp\/v2\/product\/64258","targetHints":{"allow":["GET"]}}],"collection":[{"href":"https:\/\/turijnmagazijn.nl\/fr\/wp-json\/wp\/v2\/product"}],"about":[{"href":"https:\/\/turijnmagazijn.nl\/fr\/wp-json\/wp\/v2\/types\/product"}],"replies":[{"embeddable":true,"href":"https:\/\/turijnmagazijn.nl\/fr\/wp-json\/wp\/v2\/comments?post=64258"}],"wp:featuredmedia":[{"embeddable":true,"href":"https:\/\/turijnmagazijn.nl\/fr\/wp-json\/wp\/v2\/media\/43248"}],"wp:attachment":[{"href":"https:\/\/turijnmagazijn.nl\/fr\/wp-json\/wp\/v2\/media?parent=64258"}],"wp:term":[{"taxonomy":"product_brand","embeddable":true,"href":"https:\/\/turijnmagazijn.nl\/fr\/wp-json\/wp\/v2\/product_brand?post=64258"},{"taxonomy":"product_cat","embeddable":true,"href":"https:\/\/turijnmagazijn.nl\/fr\/wp-json\/wp\/v2\/product_cat?post=64258"},{"taxonomy":"product_tag","embeddable":true,"href":"https:\/\/turijnmagazijn.nl\/fr\/wp-json\/wp\/v2\/product_tag?post=64258"}],"curies":[{"name":"wp","href":"https:\/\/api.w.org\/{rel}","templated":true}]}}