{"id":64383,"date":"2023-03-03T09:16:34","date_gmt":"2023-03-03T08:16:34","guid":{"rendered":"https:\/\/turijnmagazijn.nl\/product\/jeu-de-boulons-de-roue-antivol-4-pour-fiat-differents-types\/"},"modified":"2023-07-26T14:07:34","modified_gmt":"2023-07-26T12:07:34","slug":"antivol-roue-boulons-set-4-for-fiat-various-types","status":"publish","type":"product","link":"https:\/\/turijnmagazijn.nl\/fr\/produit\/antivol-roue-boulons-set-4-for-fiat-various-types\/","title":{"rendered":"Jeu de boulons de roue antivol (4) pour Fiat diff\u00e9rents types"},"content":{"rendered":"<p>Jeu utilis\u00e9 de boulons de 4 roues avec une t\u00eate de boulon antivol. Compl\u00e9ter avec la cl\u00e9 correspondante,<\/p>\n<p>Les boulons ont les tailles suivantes et sont donc applicables \u00e0 presque toutes les Fiat:<\/p>\n<p style=\"margin-bottom: 10px;\">Dimensions des boulons de roue:<\/p>\n<p style=\"margin-bottom: 10px;\">Fil: M12x1,25<\/p>\n<p style=\"margin-bottom: 10px;\">Longueur totale 55 mm<\/p>\n<p style=\"margin-bottom: 10px;\">Longueur du fil 27 mm<\/p>\n<p style=\"margin-bottom: 10px;\">Classe de r\u00e9sistance 8.8<\/p>\n<p>Equip\u00e9 d\u2019un logo Fiat. Concerne un produit de rechange (pas un produit Fiat d\u2019origine).<\/p>\n<p>Convient pour  <\/p>\n<\/p>\n<ul>\n<li>Fiat Stilo<\/li>\n<li>Fiat Punto I<\/li>\n<li>Fiat Punto II<\/li>\n<li>Fiat Coup\u00e9<\/li>\n<li>Fiat Barchetta<\/li>\n<\/ul>\n","protected":false},"excerpt":{"rendered":"<p>Jeu de boulons de roue antivol (4) pour Fiat diff\u00e9rents types &#8211; Jeu de boulons de 4 roues d\u2019occasion avec une t\u00eate de boulon antivol.<\/p>\n","protected":false},"featured_media":43656,"comment_status":"open","ping_status":"closed","template":"","meta":{"_acf_changed":false},"product_brand":[],"product_cat":[1702,1719,1690,1752,1763],"product_tag":[],"class_list":{"0":"post-64383","1":"product","2":"type-product","3":"status-publish","4":"has-post-thumbnail","6":"product_cat-barchetta-183-fr","7":"product_cat-coupe-175-fr","8":"product_cat-fiat-fr","9":"product_cat-punto-2-188-fr","10":"product_cat-stilo-192-fr","11":"pa_soort-onderdeel-carrosserie-et-tolerie","12":"pa_soort-onderdeel-miroirs","14":"first","15":"instock","16":"shipping-taxable","17":"purchasable","18":"product-type-simple"},"acf":[],"yoast_head":"<!-- This site is optimized with the Yoast SEO plugin v27.2 - https:\/\/yoast.com\/product\/yoast-seo-wordpress\/ -->\n<title>Jeu de boulons de roue antivol (4) pour Fiat diff\u00e9rents types - Turijnmagazijn<\/title>\n<meta name=\"robots\" content=\"index, follow, max-snippet:-1, max-image-preview:large, max-video-preview:-1\" \/>\n<link rel=\"canonical\" href=\"https:\/\/turijnmagazijn.nl\/fr\/produit\/antivol-roue-boulons-set-4-for-fiat-various-types\/\" \/>\n<meta property=\"og:locale\" content=\"fr_FR\" \/>\n<meta property=\"og:type\" content=\"article\" \/>\n<meta property=\"og:title\" content=\"Jeu de boulons de roue antivol (4) pour Fiat diff\u00e9rents types - Turijnmagazijn\" \/>\n<meta property=\"og:description\" content=\"Jeu de boulons de roue antivol (4) pour Fiat diff\u00e9rents types - Jeu de boulons de 4 roues d\u2019occasion avec une t\u00eate de boulon antivol.\" \/>\n<meta property=\"og:url\" content=\"https:\/\/turijnmagazijn.nl\/fr\/produit\/antivol-roue-boulons-set-4-for-fiat-various-types\/\" \/>\n<meta property=\"og:site_name\" content=\"Turijnmagazijn\" \/>\n<meta property=\"article:publisher\" content=\"https:\/\/www.facebook.com\/turijnmagazijn\" \/>\n<meta property=\"article:modified_time\" content=\"2023-07-26T12:07:34+00:00\" \/>\n<meta property=\"og:image\" content=\"https:\/\/turijnmagazijn.jumpstone-dev.nl\/wp-content\/uploads\/2023\/03\/DK00101882-Anti-diefstal-wielbouten-set-4-voor-Fiat-diverse-typen-1.jpg\" \/>\n\t<meta property=\"og:image:width\" content=\"1024\" \/>\n\t<meta property=\"og:image:height\" content=\"768\" \/>\n\t<meta property=\"og:image:type\" content=\"image\/jpeg\" \/>\n<meta name=\"twitter:card\" content=\"summary_large_image\" \/>\n<script type=\"application\/ld+json\" class=\"yoast-schema-graph\">{\"@context\":\"https:\/\/schema.org\",\"@graph\":[{\"@type\":\"WebPage\",\"@id\":\"https:\/\/turijnmagazijn.nl\/fr\/produit\/antivol-roue-boulons-set-4-for-fiat-various-types\/\",\"url\":\"https:\/\/turijnmagazijn.nl\/fr\/produit\/antivol-roue-boulons-set-4-for-fiat-various-types\/\",\"name\":\"Jeu de boulons de roue antivol (4) pour Fiat diff\u00e9rents types - Turijnmagazijn\",\"isPartOf\":{\"@id\":\"https:\/\/turijnmagazijn.jumpstone-dev.nl\/#website\"},\"primaryImageOfPage\":{\"@id\":\"https:\/\/turijnmagazijn.nl\/fr\/produit\/antivol-roue-boulons-set-4-for-fiat-various-types\/#primaryimage\"},\"image\":{\"@id\":\"https:\/\/turijnmagazijn.nl\/fr\/produit\/antivol-roue-boulons-set-4-for-fiat-various-types\/#primaryimage\"},\"thumbnailUrl\":\"https:\/\/turijnmagazijn.nl\/wp-content\/uploads\/2023\/03\/DK00101882-Anti-diefstal-wielbouten-set-4-voor-Fiat-diverse-typen-1.jpg\",\"datePublished\":\"2023-03-03T08:16:34+00:00\",\"dateModified\":\"2023-07-26T12:07:34+00:00\",\"breadcrumb\":{\"@id\":\"https:\/\/turijnmagazijn.nl\/fr\/produit\/antivol-roue-boulons-set-4-for-fiat-various-types\/#breadcrumb\"},\"inLanguage\":\"fr-FR\",\"potentialAction\":[{\"@type\":\"ReadAction\",\"target\":[\"https:\/\/turijnmagazijn.nl\/fr\/produit\/antivol-roue-boulons-set-4-for-fiat-various-types\/\"]}]},{\"@type\":\"ImageObject\",\"inLanguage\":\"fr-FR\",\"@id\":\"https:\/\/turijnmagazijn.nl\/fr\/produit\/antivol-roue-boulons-set-4-for-fiat-various-types\/#primaryimage\",\"url\":\"https:\/\/turijnmagazijn.nl\/wp-content\/uploads\/2023\/03\/DK00101882-Anti-diefstal-wielbouten-set-4-voor-Fiat-diverse-typen-1.jpg\",\"contentUrl\":\"https:\/\/turijnmagazijn.nl\/wp-content\/uploads\/2023\/03\/DK00101882-Anti-diefstal-wielbouten-set-4-voor-Fiat-diverse-typen-1.jpg\",\"width\":1024,\"height\":768},{\"@type\":\"BreadcrumbList\",\"@id\":\"https:\/\/turijnmagazijn.nl\/fr\/produit\/antivol-roue-boulons-set-4-for-fiat-various-types\/#breadcrumb\",\"itemListElement\":[{\"@type\":\"ListItem\",\"position\":1,\"name\":\"Home\",\"item\":\"https:\/\/turijnmagazijn.nl\/fr\/\"},{\"@type\":\"ListItem\",\"position\":2,\"name\":\"Produits\",\"item\":\"https:\/\/turijnmagazijn.nl\/fr\/shop\/\"},{\"@type\":\"ListItem\",\"position\":3,\"name\":\"Jeu de boulons de roue antivol (4) pour Fiat diff\u00e9rents types\"}]},{\"@type\":\"WebSite\",\"@id\":\"https:\/\/turijnmagazijn.jumpstone-dev.nl\/#website\",\"url\":\"https:\/\/turijnmagazijn.jumpstone-dev.nl\/\",\"name\":\"Turijnmagazijn\",\"description\":\"Onderdelen nieuw en gebruikt - Fiat &amp; Lancia\",\"publisher\":{\"@id\":\"https:\/\/turijnmagazijn.jumpstone-dev.nl\/#organization\"},\"potentialAction\":[{\"@type\":\"SearchAction\",\"target\":{\"@type\":\"EntryPoint\",\"urlTemplate\":\"https:\/\/turijnmagazijn.jumpstone-dev.nl\/?s={search_term_string}\"},\"query-input\":{\"@type\":\"PropertyValueSpecification\",\"valueRequired\":true,\"valueName\":\"search_term_string\"}}],\"inLanguage\":\"fr-FR\"},{\"@type\":\"Organization\",\"@id\":\"https:\/\/turijnmagazijn.jumpstone-dev.nl\/#organization\",\"name\":\"Turijnmagazijn\",\"url\":\"https:\/\/turijnmagazijn.jumpstone-dev.nl\/\",\"logo\":{\"@type\":\"ImageObject\",\"inLanguage\":\"fr-FR\",\"@id\":\"https:\/\/turijnmagazijn.jumpstone-dev.nl\/#\/schema\/logo\/image\/\",\"url\":\"https:\/\/turijnmagazijn.nl\/wp-content\/uploads\/2021\/02\/turijnmagazijnlogo.png\",\"contentUrl\":\"https:\/\/turijnmagazijn.nl\/wp-content\/uploads\/2021\/02\/turijnmagazijnlogo.png\",\"width\":555,\"height\":270,\"caption\":\"Turijnmagazijn\"},\"image\":{\"@id\":\"https:\/\/turijnmagazijn.jumpstone-dev.nl\/#\/schema\/logo\/image\/\"},\"sameAs\":[\"https:\/\/www.facebook.com\/turijnmagazijn\"]}]}<\/script>\n<!-- \/ Yoast SEO plugin. -->","yoast_head_json":{"title":"Jeu de boulons de roue antivol (4) pour Fiat diff\u00e9rents types - Turijnmagazijn","robots":{"index":"index","follow":"follow","max-snippet":"max-snippet:-1","max-image-preview":"max-image-preview:large","max-video-preview":"max-video-preview:-1"},"canonical":"https:\/\/turijnmagazijn.nl\/fr\/produit\/antivol-roue-boulons-set-4-for-fiat-various-types\/","og_locale":"fr_FR","og_type":"article","og_title":"Jeu de boulons de roue antivol (4) pour Fiat diff\u00e9rents types - Turijnmagazijn","og_description":"Jeu de boulons de roue antivol (4) pour Fiat diff\u00e9rents types - Jeu de boulons de 4 roues d\u2019occasion avec une t\u00eate de boulon antivol.","og_url":"https:\/\/turijnmagazijn.nl\/fr\/produit\/antivol-roue-boulons-set-4-for-fiat-various-types\/","og_site_name":"Turijnmagazijn","article_publisher":"https:\/\/www.facebook.com\/turijnmagazijn","article_modified_time":"2023-07-26T12:07:34+00:00","og_image":[{"width":1024,"height":768,"url":"https:\/\/turijnmagazijn.jumpstone-dev.nl\/wp-content\/uploads\/2023\/03\/DK00101882-Anti-diefstal-wielbouten-set-4-voor-Fiat-diverse-typen-1.jpg","type":"image\/jpeg"}],"twitter_card":"summary_large_image","schema":{"@context":"https:\/\/schema.org","@graph":[{"@type":"WebPage","@id":"https:\/\/turijnmagazijn.nl\/fr\/produit\/antivol-roue-boulons-set-4-for-fiat-various-types\/","url":"https:\/\/turijnmagazijn.nl\/fr\/produit\/antivol-roue-boulons-set-4-for-fiat-various-types\/","name":"Jeu de boulons de roue antivol (4) pour Fiat diff\u00e9rents types - Turijnmagazijn","isPartOf":{"@id":"https:\/\/turijnmagazijn.jumpstone-dev.nl\/#website"},"primaryImageOfPage":{"@id":"https:\/\/turijnmagazijn.nl\/fr\/produit\/antivol-roue-boulons-set-4-for-fiat-various-types\/#primaryimage"},"image":{"@id":"https:\/\/turijnmagazijn.nl\/fr\/produit\/antivol-roue-boulons-set-4-for-fiat-various-types\/#primaryimage"},"thumbnailUrl":"https:\/\/turijnmagazijn.nl\/wp-content\/uploads\/2023\/03\/DK00101882-Anti-diefstal-wielbouten-set-4-voor-Fiat-diverse-typen-1.jpg","datePublished":"2023-03-03T08:16:34+00:00","dateModified":"2023-07-26T12:07:34+00:00","breadcrumb":{"@id":"https:\/\/turijnmagazijn.nl\/fr\/produit\/antivol-roue-boulons-set-4-for-fiat-various-types\/#breadcrumb"},"inLanguage":"fr-FR","potentialAction":[{"@type":"ReadAction","target":["https:\/\/turijnmagazijn.nl\/fr\/produit\/antivol-roue-boulons-set-4-for-fiat-various-types\/"]}]},{"@type":"ImageObject","inLanguage":"fr-FR","@id":"https:\/\/turijnmagazijn.nl\/fr\/produit\/antivol-roue-boulons-set-4-for-fiat-various-types\/#primaryimage","url":"https:\/\/turijnmagazijn.nl\/wp-content\/uploads\/2023\/03\/DK00101882-Anti-diefstal-wielbouten-set-4-voor-Fiat-diverse-typen-1.jpg","contentUrl":"https:\/\/turijnmagazijn.nl\/wp-content\/uploads\/2023\/03\/DK00101882-Anti-diefstal-wielbouten-set-4-voor-Fiat-diverse-typen-1.jpg","width":1024,"height":768},{"@type":"BreadcrumbList","@id":"https:\/\/turijnmagazijn.nl\/fr\/produit\/antivol-roue-boulons-set-4-for-fiat-various-types\/#breadcrumb","itemListElement":[{"@type":"ListItem","position":1,"name":"Home","item":"https:\/\/turijnmagazijn.nl\/fr\/"},{"@type":"ListItem","position":2,"name":"Produits","item":"https:\/\/turijnmagazijn.nl\/fr\/shop\/"},{"@type":"ListItem","position":3,"name":"Jeu de boulons de roue antivol (4) pour Fiat diff\u00e9rents types"}]},{"@type":"WebSite","@id":"https:\/\/turijnmagazijn.jumpstone-dev.nl\/#website","url":"https:\/\/turijnmagazijn.jumpstone-dev.nl\/","name":"Turijnmagazijn","description":"Onderdelen nieuw en gebruikt - Fiat &amp; Lancia","publisher":{"@id":"https:\/\/turijnmagazijn.jumpstone-dev.nl\/#organization"},"potentialAction":[{"@type":"SearchAction","target":{"@type":"EntryPoint","urlTemplate":"https:\/\/turijnmagazijn.jumpstone-dev.nl\/?s={search_term_string}"},"query-input":{"@type":"PropertyValueSpecification","valueRequired":true,"valueName":"search_term_string"}}],"inLanguage":"fr-FR"},{"@type":"Organization","@id":"https:\/\/turijnmagazijn.jumpstone-dev.nl\/#organization","name":"Turijnmagazijn","url":"https:\/\/turijnmagazijn.jumpstone-dev.nl\/","logo":{"@type":"ImageObject","inLanguage":"fr-FR","@id":"https:\/\/turijnmagazijn.jumpstone-dev.nl\/#\/schema\/logo\/image\/","url":"https:\/\/turijnmagazijn.nl\/wp-content\/uploads\/2021\/02\/turijnmagazijnlogo.png","contentUrl":"https:\/\/turijnmagazijn.nl\/wp-content\/uploads\/2021\/02\/turijnmagazijnlogo.png","width":555,"height":270,"caption":"Turijnmagazijn"},"image":{"@id":"https:\/\/turijnmagazijn.jumpstone-dev.nl\/#\/schema\/logo\/image\/"},"sameAs":["https:\/\/www.facebook.com\/turijnmagazijn"]}]}},"_links":{"self":[{"href":"https:\/\/turijnmagazijn.nl\/fr\/wp-json\/wp\/v2\/product\/64383","targetHints":{"allow":["GET"]}}],"collection":[{"href":"https:\/\/turijnmagazijn.nl\/fr\/wp-json\/wp\/v2\/product"}],"about":[{"href":"https:\/\/turijnmagazijn.nl\/fr\/wp-json\/wp\/v2\/types\/product"}],"replies":[{"embeddable":true,"href":"https:\/\/turijnmagazijn.nl\/fr\/wp-json\/wp\/v2\/comments?post=64383"}],"wp:featuredmedia":[{"embeddable":true,"href":"https:\/\/turijnmagazijn.nl\/fr\/wp-json\/wp\/v2\/media\/43656"}],"wp:attachment":[{"href":"https:\/\/turijnmagazijn.nl\/fr\/wp-json\/wp\/v2\/media?parent=64383"}],"wp:term":[{"taxonomy":"product_brand","embeddable":true,"href":"https:\/\/turijnmagazijn.nl\/fr\/wp-json\/wp\/v2\/product_brand?post=64383"},{"taxonomy":"product_cat","embeddable":true,"href":"https:\/\/turijnmagazijn.nl\/fr\/wp-json\/wp\/v2\/product_cat?post=64383"},{"taxonomy":"product_tag","embeddable":true,"href":"https:\/\/turijnmagazijn.nl\/fr\/wp-json\/wp\/v2\/product_tag?post=64383"}],"curies":[{"name":"wp","href":"https:\/\/api.w.org\/{rel}","templated":true}]}}