{"id":64399,"date":"2023-03-03T09:16:34","date_gmt":"2023-03-03T08:16:34","guid":{"rendered":"https:\/\/turijnmagazijn.nl\/product\/cables-de-controle-dinjection-de-protection-de-cable-lancia-thema-8v\/"},"modified":"2023-07-26T14:08:14","modified_gmt":"2023-07-26T12:08:14","slug":"cable-protection-injection-controle-cables-lancia-theme-8v","status":"publish","type":"product","link":"https:\/\/turijnmagazijn.nl\/fr\/produit\/cable-protection-injection-controle-cables-lancia-theme-8v\/","title":{"rendered":"C\u00e2bles de contr\u00f4le d\u2019injection de protection de c\u00e2ble Lancia Thema 8V"},"content":{"rendered":"<p><a href=\"https:\/\/turijnmagazijn.nl\/fr\/expedition-par-boite-aux-lettres\/\" target=\"\" style=\"background-color: rgb(255, 255, 255); color: rgb(35, 82, 124); outline: 0px;\" rel=\"noopener\"><img decoding=\"async\" src=\"https:\/\/www.delenkorf.nl\/image\/catalog\/brievenbus.png\"><\/a><\/p>\n<p>Tube de protection ou attache de c\u00e2ble pour le faisceau de c\u00e2blage d\u2019injection, qui prot\u00e8ge les quatre c\u00e2bles des injecteurs de la salet\u00e9 et de la chaleur. La pi\u00e8ce est en bon \u00e9tat d\u2019utilisation &nbsp;.<\/p>\n<p>Provenant d\u2019une Lancia Thema 2.0 8V essence de 1990.<\/p>\n<p>Lancia OEM 82417246<\/p>\n<p>Lancia OEM 82410923<\/p>\n","protected":false},"excerpt":{"rendered":"<p>C\u00e2bles de contr\u00f4le d\u2019injection de protection de c\u00e2ble Lancia Thema 8V &#8211; Tube de protection ou attache de c\u00e2ble pour le faisceau de c\u00e2blage d\u2019injection, qui prot\u00e8ge les quatre c\u00e2bles des injecteurs de la salet\u00e9 et de la chaleur.<\/p>\n","protected":false},"featured_media":43744,"comment_status":"open","ping_status":"closed","template":"","meta":{"_acf_changed":false},"product_brand":[],"product_cat":[1798,1896],"product_tag":[],"class_list":{"0":"post-64399","1":"product","2":"type-product","3":"status-publish","4":"has-post-thumbnail","6":"product_cat-lancia-fr","7":"product_cat-thema-834-fr","8":"pa_soort-onderdeel-climatisation-et-chauffage","9":"pa_soort-onderdeel-eclairage","11":"first","12":"instock","13":"shipping-taxable","14":"purchasable","15":"product-type-simple"},"acf":[],"yoast_head":"<!-- This site is optimized with the Yoast SEO plugin v27.2 - https:\/\/yoast.com\/product\/yoast-seo-wordpress\/ -->\n<title>C\u00e2bles de contr\u00f4le d\u2019injection de protection de c\u00e2ble Lancia Thema 8V - Turijnmagazijn<\/title>\n<meta name=\"robots\" content=\"index, follow, max-snippet:-1, max-image-preview:large, max-video-preview:-1\" \/>\n<link rel=\"canonical\" href=\"https:\/\/turijnmagazijn.nl\/fr\/produit\/cable-protection-injection-controle-cables-lancia-theme-8v\/\" \/>\n<meta property=\"og:locale\" content=\"fr_FR\" \/>\n<meta property=\"og:type\" content=\"article\" \/>\n<meta property=\"og:title\" content=\"C\u00e2bles de contr\u00f4le d\u2019injection de protection de c\u00e2ble Lancia Thema 8V - Turijnmagazijn\" \/>\n<meta property=\"og:description\" content=\"C\u00e2bles de contr\u00f4le d\u2019injection de protection de c\u00e2ble Lancia Thema 8V - Tube de protection ou attache de c\u00e2ble pour le faisceau de c\u00e2blage d\u2019injection, qui prot\u00e8ge les quatre c\u00e2bles des injecteurs de la salet\u00e9 et de la chaleur.\" \/>\n<meta property=\"og:url\" content=\"https:\/\/turijnmagazijn.nl\/fr\/produit\/cable-protection-injection-controle-cables-lancia-theme-8v\/\" \/>\n<meta property=\"og:site_name\" content=\"Turijnmagazijn\" \/>\n<meta property=\"article:publisher\" content=\"https:\/\/www.facebook.com\/turijnmagazijn\" \/>\n<meta property=\"article:modified_time\" content=\"2023-07-26T12:08:14+00:00\" \/>\n<meta property=\"og:image\" content=\"https:\/\/turijnmagazijn.jumpstone-dev.nl\/wp-content\/uploads\/2023\/03\/DK00101889_Kabel_bescherming_injectie_stuurkabels_Lancia_Thema_8V_3-1.jpg\" \/>\n\t<meta property=\"og:image:width\" content=\"800\" \/>\n\t<meta property=\"og:image:height\" content=\"600\" \/>\n\t<meta property=\"og:image:type\" content=\"image\/jpeg\" \/>\n<meta name=\"twitter:card\" content=\"summary_large_image\" \/>\n<script type=\"application\/ld+json\" class=\"yoast-schema-graph\">{\"@context\":\"https:\/\/schema.org\",\"@graph\":[{\"@type\":\"WebPage\",\"@id\":\"https:\/\/turijnmagazijn.nl\/fr\/produit\/cable-protection-injection-controle-cables-lancia-theme-8v\/\",\"url\":\"https:\/\/turijnmagazijn.nl\/fr\/produit\/cable-protection-injection-controle-cables-lancia-theme-8v\/\",\"name\":\"C\u00e2bles de contr\u00f4le d\u2019injection de protection de c\u00e2ble Lancia Thema 8V - Turijnmagazijn\",\"isPartOf\":{\"@id\":\"https:\/\/turijnmagazijn.jumpstone-dev.nl\/#website\"},\"primaryImageOfPage\":{\"@id\":\"https:\/\/turijnmagazijn.nl\/fr\/produit\/cable-protection-injection-controle-cables-lancia-theme-8v\/#primaryimage\"},\"image\":{\"@id\":\"https:\/\/turijnmagazijn.nl\/fr\/produit\/cable-protection-injection-controle-cables-lancia-theme-8v\/#primaryimage\"},\"thumbnailUrl\":\"https:\/\/turijnmagazijn.nl\/wp-content\/uploads\/2023\/03\/DK00101889_Kabel_bescherming_injectie_stuurkabels_Lancia_Thema_8V_3-1.jpg\",\"datePublished\":\"2023-03-03T08:16:34+00:00\",\"dateModified\":\"2023-07-26T12:08:14+00:00\",\"breadcrumb\":{\"@id\":\"https:\/\/turijnmagazijn.nl\/fr\/produit\/cable-protection-injection-controle-cables-lancia-theme-8v\/#breadcrumb\"},\"inLanguage\":\"fr-FR\",\"potentialAction\":[{\"@type\":\"ReadAction\",\"target\":[\"https:\/\/turijnmagazijn.nl\/fr\/produit\/cable-protection-injection-controle-cables-lancia-theme-8v\/\"]}]},{\"@type\":\"ImageObject\",\"inLanguage\":\"fr-FR\",\"@id\":\"https:\/\/turijnmagazijn.nl\/fr\/produit\/cable-protection-injection-controle-cables-lancia-theme-8v\/#primaryimage\",\"url\":\"https:\/\/turijnmagazijn.nl\/wp-content\/uploads\/2023\/03\/DK00101889_Kabel_bescherming_injectie_stuurkabels_Lancia_Thema_8V_3-1.jpg\",\"contentUrl\":\"https:\/\/turijnmagazijn.nl\/wp-content\/uploads\/2023\/03\/DK00101889_Kabel_bescherming_injectie_stuurkabels_Lancia_Thema_8V_3-1.jpg\",\"width\":800,\"height\":600},{\"@type\":\"BreadcrumbList\",\"@id\":\"https:\/\/turijnmagazijn.nl\/fr\/produit\/cable-protection-injection-controle-cables-lancia-theme-8v\/#breadcrumb\",\"itemListElement\":[{\"@type\":\"ListItem\",\"position\":1,\"name\":\"Home\",\"item\":\"https:\/\/turijnmagazijn.nl\/fr\/\"},{\"@type\":\"ListItem\",\"position\":2,\"name\":\"Produits\",\"item\":\"https:\/\/turijnmagazijn.nl\/fr\/shop\/\"},{\"@type\":\"ListItem\",\"position\":3,\"name\":\"C\u00e2bles de contr\u00f4le d\u2019injection de protection de c\u00e2ble Lancia Thema 8V\"}]},{\"@type\":\"WebSite\",\"@id\":\"https:\/\/turijnmagazijn.jumpstone-dev.nl\/#website\",\"url\":\"https:\/\/turijnmagazijn.jumpstone-dev.nl\/\",\"name\":\"Turijnmagazijn\",\"description\":\"Onderdelen nieuw en gebruikt - Fiat &amp; Lancia\",\"publisher\":{\"@id\":\"https:\/\/turijnmagazijn.jumpstone-dev.nl\/#organization\"},\"potentialAction\":[{\"@type\":\"SearchAction\",\"target\":{\"@type\":\"EntryPoint\",\"urlTemplate\":\"https:\/\/turijnmagazijn.jumpstone-dev.nl\/?s={search_term_string}\"},\"query-input\":{\"@type\":\"PropertyValueSpecification\",\"valueRequired\":true,\"valueName\":\"search_term_string\"}}],\"inLanguage\":\"fr-FR\"},{\"@type\":\"Organization\",\"@id\":\"https:\/\/turijnmagazijn.jumpstone-dev.nl\/#organization\",\"name\":\"Turijnmagazijn\",\"url\":\"https:\/\/turijnmagazijn.jumpstone-dev.nl\/\",\"logo\":{\"@type\":\"ImageObject\",\"inLanguage\":\"fr-FR\",\"@id\":\"https:\/\/turijnmagazijn.jumpstone-dev.nl\/#\/schema\/logo\/image\/\",\"url\":\"https:\/\/turijnmagazijn.nl\/wp-content\/uploads\/2021\/02\/turijnmagazijnlogo.png\",\"contentUrl\":\"https:\/\/turijnmagazijn.nl\/wp-content\/uploads\/2021\/02\/turijnmagazijnlogo.png\",\"width\":555,\"height\":270,\"caption\":\"Turijnmagazijn\"},\"image\":{\"@id\":\"https:\/\/turijnmagazijn.jumpstone-dev.nl\/#\/schema\/logo\/image\/\"},\"sameAs\":[\"https:\/\/www.facebook.com\/turijnmagazijn\"]}]}<\/script>\n<!-- \/ Yoast SEO plugin. -->","yoast_head_json":{"title":"C\u00e2bles de contr\u00f4le d\u2019injection de protection de c\u00e2ble Lancia Thema 8V - Turijnmagazijn","robots":{"index":"index","follow":"follow","max-snippet":"max-snippet:-1","max-image-preview":"max-image-preview:large","max-video-preview":"max-video-preview:-1"},"canonical":"https:\/\/turijnmagazijn.nl\/fr\/produit\/cable-protection-injection-controle-cables-lancia-theme-8v\/","og_locale":"fr_FR","og_type":"article","og_title":"C\u00e2bles de contr\u00f4le d\u2019injection de protection de c\u00e2ble Lancia Thema 8V - Turijnmagazijn","og_description":"C\u00e2bles de contr\u00f4le d\u2019injection de protection de c\u00e2ble Lancia Thema 8V - Tube de protection ou attache de c\u00e2ble pour le faisceau de c\u00e2blage d\u2019injection, qui prot\u00e8ge les quatre c\u00e2bles des injecteurs de la salet\u00e9 et de la chaleur.","og_url":"https:\/\/turijnmagazijn.nl\/fr\/produit\/cable-protection-injection-controle-cables-lancia-theme-8v\/","og_site_name":"Turijnmagazijn","article_publisher":"https:\/\/www.facebook.com\/turijnmagazijn","article_modified_time":"2023-07-26T12:08:14+00:00","og_image":[{"width":800,"height":600,"url":"https:\/\/turijnmagazijn.jumpstone-dev.nl\/wp-content\/uploads\/2023\/03\/DK00101889_Kabel_bescherming_injectie_stuurkabels_Lancia_Thema_8V_3-1.jpg","type":"image\/jpeg"}],"twitter_card":"summary_large_image","schema":{"@context":"https:\/\/schema.org","@graph":[{"@type":"WebPage","@id":"https:\/\/turijnmagazijn.nl\/fr\/produit\/cable-protection-injection-controle-cables-lancia-theme-8v\/","url":"https:\/\/turijnmagazijn.nl\/fr\/produit\/cable-protection-injection-controle-cables-lancia-theme-8v\/","name":"C\u00e2bles de contr\u00f4le d\u2019injection de protection de c\u00e2ble Lancia Thema 8V - Turijnmagazijn","isPartOf":{"@id":"https:\/\/turijnmagazijn.jumpstone-dev.nl\/#website"},"primaryImageOfPage":{"@id":"https:\/\/turijnmagazijn.nl\/fr\/produit\/cable-protection-injection-controle-cables-lancia-theme-8v\/#primaryimage"},"image":{"@id":"https:\/\/turijnmagazijn.nl\/fr\/produit\/cable-protection-injection-controle-cables-lancia-theme-8v\/#primaryimage"},"thumbnailUrl":"https:\/\/turijnmagazijn.nl\/wp-content\/uploads\/2023\/03\/DK00101889_Kabel_bescherming_injectie_stuurkabels_Lancia_Thema_8V_3-1.jpg","datePublished":"2023-03-03T08:16:34+00:00","dateModified":"2023-07-26T12:08:14+00:00","breadcrumb":{"@id":"https:\/\/turijnmagazijn.nl\/fr\/produit\/cable-protection-injection-controle-cables-lancia-theme-8v\/#breadcrumb"},"inLanguage":"fr-FR","potentialAction":[{"@type":"ReadAction","target":["https:\/\/turijnmagazijn.nl\/fr\/produit\/cable-protection-injection-controle-cables-lancia-theme-8v\/"]}]},{"@type":"ImageObject","inLanguage":"fr-FR","@id":"https:\/\/turijnmagazijn.nl\/fr\/produit\/cable-protection-injection-controle-cables-lancia-theme-8v\/#primaryimage","url":"https:\/\/turijnmagazijn.nl\/wp-content\/uploads\/2023\/03\/DK00101889_Kabel_bescherming_injectie_stuurkabels_Lancia_Thema_8V_3-1.jpg","contentUrl":"https:\/\/turijnmagazijn.nl\/wp-content\/uploads\/2023\/03\/DK00101889_Kabel_bescherming_injectie_stuurkabels_Lancia_Thema_8V_3-1.jpg","width":800,"height":600},{"@type":"BreadcrumbList","@id":"https:\/\/turijnmagazijn.nl\/fr\/produit\/cable-protection-injection-controle-cables-lancia-theme-8v\/#breadcrumb","itemListElement":[{"@type":"ListItem","position":1,"name":"Home","item":"https:\/\/turijnmagazijn.nl\/fr\/"},{"@type":"ListItem","position":2,"name":"Produits","item":"https:\/\/turijnmagazijn.nl\/fr\/shop\/"},{"@type":"ListItem","position":3,"name":"C\u00e2bles de contr\u00f4le d\u2019injection de protection de c\u00e2ble Lancia Thema 8V"}]},{"@type":"WebSite","@id":"https:\/\/turijnmagazijn.jumpstone-dev.nl\/#website","url":"https:\/\/turijnmagazijn.jumpstone-dev.nl\/","name":"Turijnmagazijn","description":"Onderdelen nieuw en gebruikt - Fiat &amp; Lancia","publisher":{"@id":"https:\/\/turijnmagazijn.jumpstone-dev.nl\/#organization"},"potentialAction":[{"@type":"SearchAction","target":{"@type":"EntryPoint","urlTemplate":"https:\/\/turijnmagazijn.jumpstone-dev.nl\/?s={search_term_string}"},"query-input":{"@type":"PropertyValueSpecification","valueRequired":true,"valueName":"search_term_string"}}],"inLanguage":"fr-FR"},{"@type":"Organization","@id":"https:\/\/turijnmagazijn.jumpstone-dev.nl\/#organization","name":"Turijnmagazijn","url":"https:\/\/turijnmagazijn.jumpstone-dev.nl\/","logo":{"@type":"ImageObject","inLanguage":"fr-FR","@id":"https:\/\/turijnmagazijn.jumpstone-dev.nl\/#\/schema\/logo\/image\/","url":"https:\/\/turijnmagazijn.nl\/wp-content\/uploads\/2021\/02\/turijnmagazijnlogo.png","contentUrl":"https:\/\/turijnmagazijn.nl\/wp-content\/uploads\/2021\/02\/turijnmagazijnlogo.png","width":555,"height":270,"caption":"Turijnmagazijn"},"image":{"@id":"https:\/\/turijnmagazijn.jumpstone-dev.nl\/#\/schema\/logo\/image\/"},"sameAs":["https:\/\/www.facebook.com\/turijnmagazijn"]}]}},"_links":{"self":[{"href":"https:\/\/turijnmagazijn.nl\/fr\/wp-json\/wp\/v2\/product\/64399","targetHints":{"allow":["GET"]}}],"collection":[{"href":"https:\/\/turijnmagazijn.nl\/fr\/wp-json\/wp\/v2\/product"}],"about":[{"href":"https:\/\/turijnmagazijn.nl\/fr\/wp-json\/wp\/v2\/types\/product"}],"replies":[{"embeddable":true,"href":"https:\/\/turijnmagazijn.nl\/fr\/wp-json\/wp\/v2\/comments?post=64399"}],"wp:featuredmedia":[{"embeddable":true,"href":"https:\/\/turijnmagazijn.nl\/fr\/wp-json\/wp\/v2\/media\/43744"}],"wp:attachment":[{"href":"https:\/\/turijnmagazijn.nl\/fr\/wp-json\/wp\/v2\/media?parent=64399"}],"wp:term":[{"taxonomy":"product_brand","embeddable":true,"href":"https:\/\/turijnmagazijn.nl\/fr\/wp-json\/wp\/v2\/product_brand?post=64399"},{"taxonomy":"product_cat","embeddable":true,"href":"https:\/\/turijnmagazijn.nl\/fr\/wp-json\/wp\/v2\/product_cat?post=64399"},{"taxonomy":"product_tag","embeddable":true,"href":"https:\/\/turijnmagazijn.nl\/fr\/wp-json\/wp\/v2\/product_tag?post=64399"}],"curies":[{"name":"wp","href":"https:\/\/api.w.org\/{rel}","templated":true}]}}