{"id":64417,"date":"2023-03-03T09:16:55","date_gmt":"2023-03-03T08:16:55","guid":{"rendered":"https:\/\/turijnmagazijn.nl\/product\/porte-dentree-de-la-berline-sur-le-theme-de-lancia-lr\/"},"modified":"2023-07-26T14:08:15","modified_gmt":"2023-07-26T12:08:15","slug":"liste-de-seuils-lancia-theme-berline-porte-dentree-lr","status":"publish","type":"product","link":"https:\/\/turijnmagazijn.nl\/fr\/produit\/liste-de-seuils-lancia-theme-berline-porte-dentree-lr\/","title":{"rendered":"Porte d\u2019entr\u00e9e de la berline sur le th\u00e8me de Lancia L=R"},"content":{"rendered":"<p>S\u00e8che-serviettes usag\u00e9 pour berline Lancia Thema. Provenant d\u2019une berline \u00e0 th\u00e8me construite en 1990. La liste des engag\u00e9s est en bon \u00e9tat. Cette partie peut \u00eatre utilis\u00e9e sur les c\u00f4t\u00e9s gauche et droit.<\/p>\n<p>Concerne la partie m\u00e9tallique qui peut \u00eatre fix\u00e9e au corps avec 3 vis. Fourni avec le logo Lancia.<\/p>\n<p>OEM LANCIA 82414828<\/p>\n","protected":false},"excerpt":{"rendered":"<p>Porte d\u2019entr\u00e9e de la berline Lancia Themed L = R &#8211; Bande d\u2019entr\u00e9e de gamme utilis\u00e9e pour la berline Lancia Theme.<\/p>\n","protected":false},"featured_media":43804,"comment_status":"open","ping_status":"closed","template":"","meta":{"_acf_changed":false},"product_brand":[],"product_cat":[1798,1896],"product_tag":[],"class_list":{"0":"post-64417","1":"product","2":"type-product","3":"status-publish","4":"has-post-thumbnail","6":"product_cat-lancia-fr","7":"product_cat-thema-834-fr","8":"pa_soort-onderdeel-carrosserie-et-tolerie","9":"pa_soort-onderdeel-tableau-de-bord-et-commutateurs","11":"first","12":"instock","13":"shipping-taxable","14":"purchasable","15":"product-type-simple"},"acf":[],"yoast_head":"<!-- This site is optimized with the Yoast SEO plugin v27.2 - https:\/\/yoast.com\/product\/yoast-seo-wordpress\/ -->\n<title>Porte d\u2019entr\u00e9e de la berline sur le th\u00e8me de Lancia L=R - Turijnmagazijn<\/title>\n<meta name=\"robots\" content=\"index, follow, max-snippet:-1, max-image-preview:large, max-video-preview:-1\" \/>\n<link rel=\"canonical\" href=\"https:\/\/turijnmagazijn.nl\/fr\/produit\/liste-de-seuils-lancia-theme-berline-porte-dentree-lr\/\" \/>\n<meta property=\"og:locale\" content=\"fr_FR\" \/>\n<meta property=\"og:type\" content=\"article\" \/>\n<meta property=\"og:title\" content=\"Porte d\u2019entr\u00e9e de la berline sur le th\u00e8me de Lancia L=R - Turijnmagazijn\" \/>\n<meta property=\"og:description\" content=\"Porte d\u2019entr\u00e9e de la berline Lancia Themed L = R - Bande d\u2019entr\u00e9e de gamme utilis\u00e9e pour la berline Lancia Theme.\" \/>\n<meta property=\"og:url\" content=\"https:\/\/turijnmagazijn.nl\/fr\/produit\/liste-de-seuils-lancia-theme-berline-porte-dentree-lr\/\" \/>\n<meta property=\"og:site_name\" content=\"Turijnmagazijn\" \/>\n<meta property=\"article:publisher\" content=\"https:\/\/www.facebook.com\/turijnmagazijn\" \/>\n<meta property=\"article:modified_time\" content=\"2023-07-26T12:08:15+00:00\" \/>\n<meta property=\"og:image\" content=\"https:\/\/turijnmagazijn.jumpstone-dev.nl\/wp-content\/uploads\/2023\/03\/DK0010189320Instaplijst20Lancia20Thema20sedan20voorportier20LR203.jpg\" \/>\n\t<meta property=\"og:image:width\" content=\"800\" \/>\n\t<meta property=\"og:image:height\" content=\"600\" \/>\n\t<meta property=\"og:image:type\" content=\"image\/jpeg\" \/>\n<meta name=\"twitter:card\" content=\"summary_large_image\" \/>\n<script type=\"application\/ld+json\" class=\"yoast-schema-graph\">{\"@context\":\"https:\/\/schema.org\",\"@graph\":[{\"@type\":\"WebPage\",\"@id\":\"https:\/\/turijnmagazijn.nl\/fr\/produit\/liste-de-seuils-lancia-theme-berline-porte-dentree-lr\/\",\"url\":\"https:\/\/turijnmagazijn.nl\/fr\/produit\/liste-de-seuils-lancia-theme-berline-porte-dentree-lr\/\",\"name\":\"Porte d\u2019entr\u00e9e de la berline sur le th\u00e8me de Lancia L=R - Turijnmagazijn\",\"isPartOf\":{\"@id\":\"https:\/\/turijnmagazijn.jumpstone-dev.nl\/#website\"},\"primaryImageOfPage\":{\"@id\":\"https:\/\/turijnmagazijn.nl\/fr\/produit\/liste-de-seuils-lancia-theme-berline-porte-dentree-lr\/#primaryimage\"},\"image\":{\"@id\":\"https:\/\/turijnmagazijn.nl\/fr\/produit\/liste-de-seuils-lancia-theme-berline-porte-dentree-lr\/#primaryimage\"},\"thumbnailUrl\":\"https:\/\/turijnmagazijn.nl\/wp-content\/uploads\/2023\/03\/DK0010189320Instaplijst20Lancia20Thema20sedan20voorportier20LR203.jpg\",\"datePublished\":\"2023-03-03T08:16:55+00:00\",\"dateModified\":\"2023-07-26T12:08:15+00:00\",\"breadcrumb\":{\"@id\":\"https:\/\/turijnmagazijn.nl\/fr\/produit\/liste-de-seuils-lancia-theme-berline-porte-dentree-lr\/#breadcrumb\"},\"inLanguage\":\"fr-FR\",\"potentialAction\":[{\"@type\":\"ReadAction\",\"target\":[\"https:\/\/turijnmagazijn.nl\/fr\/produit\/liste-de-seuils-lancia-theme-berline-porte-dentree-lr\/\"]}]},{\"@type\":\"ImageObject\",\"inLanguage\":\"fr-FR\",\"@id\":\"https:\/\/turijnmagazijn.nl\/fr\/produit\/liste-de-seuils-lancia-theme-berline-porte-dentree-lr\/#primaryimage\",\"url\":\"https:\/\/turijnmagazijn.nl\/wp-content\/uploads\/2023\/03\/DK0010189320Instaplijst20Lancia20Thema20sedan20voorportier20LR203.jpg\",\"contentUrl\":\"https:\/\/turijnmagazijn.nl\/wp-content\/uploads\/2023\/03\/DK0010189320Instaplijst20Lancia20Thema20sedan20voorportier20LR203.jpg\",\"width\":800,\"height\":600},{\"@type\":\"BreadcrumbList\",\"@id\":\"https:\/\/turijnmagazijn.nl\/fr\/produit\/liste-de-seuils-lancia-theme-berline-porte-dentree-lr\/#breadcrumb\",\"itemListElement\":[{\"@type\":\"ListItem\",\"position\":1,\"name\":\"Home\",\"item\":\"https:\/\/turijnmagazijn.nl\/fr\/\"},{\"@type\":\"ListItem\",\"position\":2,\"name\":\"Produits\",\"item\":\"https:\/\/turijnmagazijn.nl\/fr\/shop\/\"},{\"@type\":\"ListItem\",\"position\":3,\"name\":\"Porte d\u2019entr\u00e9e de la berline sur le th\u00e8me de Lancia L=R\"}]},{\"@type\":\"WebSite\",\"@id\":\"https:\/\/turijnmagazijn.jumpstone-dev.nl\/#website\",\"url\":\"https:\/\/turijnmagazijn.jumpstone-dev.nl\/\",\"name\":\"Turijnmagazijn\",\"description\":\"Onderdelen nieuw en gebruikt - Fiat &amp; Lancia\",\"publisher\":{\"@id\":\"https:\/\/turijnmagazijn.jumpstone-dev.nl\/#organization\"},\"potentialAction\":[{\"@type\":\"SearchAction\",\"target\":{\"@type\":\"EntryPoint\",\"urlTemplate\":\"https:\/\/turijnmagazijn.jumpstone-dev.nl\/?s={search_term_string}\"},\"query-input\":{\"@type\":\"PropertyValueSpecification\",\"valueRequired\":true,\"valueName\":\"search_term_string\"}}],\"inLanguage\":\"fr-FR\"},{\"@type\":\"Organization\",\"@id\":\"https:\/\/turijnmagazijn.jumpstone-dev.nl\/#organization\",\"name\":\"Turijnmagazijn\",\"url\":\"https:\/\/turijnmagazijn.jumpstone-dev.nl\/\",\"logo\":{\"@type\":\"ImageObject\",\"inLanguage\":\"fr-FR\",\"@id\":\"https:\/\/turijnmagazijn.jumpstone-dev.nl\/#\/schema\/logo\/image\/\",\"url\":\"https:\/\/turijnmagazijn.nl\/wp-content\/uploads\/2021\/02\/turijnmagazijnlogo.png\",\"contentUrl\":\"https:\/\/turijnmagazijn.nl\/wp-content\/uploads\/2021\/02\/turijnmagazijnlogo.png\",\"width\":555,\"height\":270,\"caption\":\"Turijnmagazijn\"},\"image\":{\"@id\":\"https:\/\/turijnmagazijn.jumpstone-dev.nl\/#\/schema\/logo\/image\/\"},\"sameAs\":[\"https:\/\/www.facebook.com\/turijnmagazijn\"]}]}<\/script>\n<!-- \/ Yoast SEO plugin. -->","yoast_head_json":{"title":"Porte d\u2019entr\u00e9e de la berline sur le th\u00e8me de Lancia L=R - Turijnmagazijn","robots":{"index":"index","follow":"follow","max-snippet":"max-snippet:-1","max-image-preview":"max-image-preview:large","max-video-preview":"max-video-preview:-1"},"canonical":"https:\/\/turijnmagazijn.nl\/fr\/produit\/liste-de-seuils-lancia-theme-berline-porte-dentree-lr\/","og_locale":"fr_FR","og_type":"article","og_title":"Porte d\u2019entr\u00e9e de la berline sur le th\u00e8me de Lancia L=R - Turijnmagazijn","og_description":"Porte d\u2019entr\u00e9e de la berline Lancia Themed L = R - Bande d\u2019entr\u00e9e de gamme utilis\u00e9e pour la berline Lancia Theme.","og_url":"https:\/\/turijnmagazijn.nl\/fr\/produit\/liste-de-seuils-lancia-theme-berline-porte-dentree-lr\/","og_site_name":"Turijnmagazijn","article_publisher":"https:\/\/www.facebook.com\/turijnmagazijn","article_modified_time":"2023-07-26T12:08:15+00:00","og_image":[{"width":800,"height":600,"url":"https:\/\/turijnmagazijn.jumpstone-dev.nl\/wp-content\/uploads\/2023\/03\/DK0010189320Instaplijst20Lancia20Thema20sedan20voorportier20LR203.jpg","type":"image\/jpeg"}],"twitter_card":"summary_large_image","schema":{"@context":"https:\/\/schema.org","@graph":[{"@type":"WebPage","@id":"https:\/\/turijnmagazijn.nl\/fr\/produit\/liste-de-seuils-lancia-theme-berline-porte-dentree-lr\/","url":"https:\/\/turijnmagazijn.nl\/fr\/produit\/liste-de-seuils-lancia-theme-berline-porte-dentree-lr\/","name":"Porte d\u2019entr\u00e9e de la berline sur le th\u00e8me de Lancia L=R - Turijnmagazijn","isPartOf":{"@id":"https:\/\/turijnmagazijn.jumpstone-dev.nl\/#website"},"primaryImageOfPage":{"@id":"https:\/\/turijnmagazijn.nl\/fr\/produit\/liste-de-seuils-lancia-theme-berline-porte-dentree-lr\/#primaryimage"},"image":{"@id":"https:\/\/turijnmagazijn.nl\/fr\/produit\/liste-de-seuils-lancia-theme-berline-porte-dentree-lr\/#primaryimage"},"thumbnailUrl":"https:\/\/turijnmagazijn.nl\/wp-content\/uploads\/2023\/03\/DK0010189320Instaplijst20Lancia20Thema20sedan20voorportier20LR203.jpg","datePublished":"2023-03-03T08:16:55+00:00","dateModified":"2023-07-26T12:08:15+00:00","breadcrumb":{"@id":"https:\/\/turijnmagazijn.nl\/fr\/produit\/liste-de-seuils-lancia-theme-berline-porte-dentree-lr\/#breadcrumb"},"inLanguage":"fr-FR","potentialAction":[{"@type":"ReadAction","target":["https:\/\/turijnmagazijn.nl\/fr\/produit\/liste-de-seuils-lancia-theme-berline-porte-dentree-lr\/"]}]},{"@type":"ImageObject","inLanguage":"fr-FR","@id":"https:\/\/turijnmagazijn.nl\/fr\/produit\/liste-de-seuils-lancia-theme-berline-porte-dentree-lr\/#primaryimage","url":"https:\/\/turijnmagazijn.nl\/wp-content\/uploads\/2023\/03\/DK0010189320Instaplijst20Lancia20Thema20sedan20voorportier20LR203.jpg","contentUrl":"https:\/\/turijnmagazijn.nl\/wp-content\/uploads\/2023\/03\/DK0010189320Instaplijst20Lancia20Thema20sedan20voorportier20LR203.jpg","width":800,"height":600},{"@type":"BreadcrumbList","@id":"https:\/\/turijnmagazijn.nl\/fr\/produit\/liste-de-seuils-lancia-theme-berline-porte-dentree-lr\/#breadcrumb","itemListElement":[{"@type":"ListItem","position":1,"name":"Home","item":"https:\/\/turijnmagazijn.nl\/fr\/"},{"@type":"ListItem","position":2,"name":"Produits","item":"https:\/\/turijnmagazijn.nl\/fr\/shop\/"},{"@type":"ListItem","position":3,"name":"Porte d\u2019entr\u00e9e de la berline sur le th\u00e8me de Lancia L=R"}]},{"@type":"WebSite","@id":"https:\/\/turijnmagazijn.jumpstone-dev.nl\/#website","url":"https:\/\/turijnmagazijn.jumpstone-dev.nl\/","name":"Turijnmagazijn","description":"Onderdelen nieuw en gebruikt - Fiat &amp; Lancia","publisher":{"@id":"https:\/\/turijnmagazijn.jumpstone-dev.nl\/#organization"},"potentialAction":[{"@type":"SearchAction","target":{"@type":"EntryPoint","urlTemplate":"https:\/\/turijnmagazijn.jumpstone-dev.nl\/?s={search_term_string}"},"query-input":{"@type":"PropertyValueSpecification","valueRequired":true,"valueName":"search_term_string"}}],"inLanguage":"fr-FR"},{"@type":"Organization","@id":"https:\/\/turijnmagazijn.jumpstone-dev.nl\/#organization","name":"Turijnmagazijn","url":"https:\/\/turijnmagazijn.jumpstone-dev.nl\/","logo":{"@type":"ImageObject","inLanguage":"fr-FR","@id":"https:\/\/turijnmagazijn.jumpstone-dev.nl\/#\/schema\/logo\/image\/","url":"https:\/\/turijnmagazijn.nl\/wp-content\/uploads\/2021\/02\/turijnmagazijnlogo.png","contentUrl":"https:\/\/turijnmagazijn.nl\/wp-content\/uploads\/2021\/02\/turijnmagazijnlogo.png","width":555,"height":270,"caption":"Turijnmagazijn"},"image":{"@id":"https:\/\/turijnmagazijn.jumpstone-dev.nl\/#\/schema\/logo\/image\/"},"sameAs":["https:\/\/www.facebook.com\/turijnmagazijn"]}]}},"_links":{"self":[{"href":"https:\/\/turijnmagazijn.nl\/fr\/wp-json\/wp\/v2\/product\/64417","targetHints":{"allow":["GET"]}}],"collection":[{"href":"https:\/\/turijnmagazijn.nl\/fr\/wp-json\/wp\/v2\/product"}],"about":[{"href":"https:\/\/turijnmagazijn.nl\/fr\/wp-json\/wp\/v2\/types\/product"}],"replies":[{"embeddable":true,"href":"https:\/\/turijnmagazijn.nl\/fr\/wp-json\/wp\/v2\/comments?post=64417"}],"wp:featuredmedia":[{"embeddable":true,"href":"https:\/\/turijnmagazijn.nl\/fr\/wp-json\/wp\/v2\/media\/43804"}],"wp:attachment":[{"href":"https:\/\/turijnmagazijn.nl\/fr\/wp-json\/wp\/v2\/media?parent=64417"}],"wp:term":[{"taxonomy":"product_brand","embeddable":true,"href":"https:\/\/turijnmagazijn.nl\/fr\/wp-json\/wp\/v2\/product_brand?post=64417"},{"taxonomy":"product_cat","embeddable":true,"href":"https:\/\/turijnmagazijn.nl\/fr\/wp-json\/wp\/v2\/product_cat?post=64417"},{"taxonomy":"product_tag","embeddable":true,"href":"https:\/\/turijnmagazijn.nl\/fr\/wp-json\/wp\/v2\/product_tag?post=64417"}],"curies":[{"name":"wp","href":"https:\/\/api.w.org\/{rel}","templated":true}]}}