{"id":64501,"date":"2023-03-03T09:16:56","date_gmt":"2023-03-03T08:16:56","guid":{"rendered":"https:\/\/turijnmagazijn.nl\/product\/plaque-de-protection-de-position-darbre-a-cames-de-moteur-roues-lancia-delta-integrale-revisee\/"},"modified":"2024-11-01T19:18:38","modified_gmt":"2024-11-01T18:18:38","slug":"plaque-de-protection-moteur-arbre-a-cames-lancia-delta-integral-revise","status":"publish","type":"product","link":"https:\/\/turijnmagazijn.nl\/fr\/produit\/plaque-de-protection-moteur-arbre-a-cames-lancia-delta-integral-revise\/","title":{"rendered":"Plaque de protection de position d\u2019arbre \u00e0 cames de moteur roues Lancia Delta int\u00e9grale -R\u00c9VIS\u00c9E-"},"content":{"rendered":"<p>Plaque de protection pour montage entre les engrenages du moteur et de l\u2019arbre \u00e0 cames. Les arbres \u00e0 cames sont ins\u00e9r\u00e9s \u00e0 travers cette partie en \u00e9tain. La pi\u00e8ce est sabl\u00e9e professionnellement et fournie avec un rev\u00eatement en poudre \u00e0 deux couches de haute qualit\u00e9 dans la couleur noire. Aspect original avec protection durable contre la rouille.<\/p>\n<p>Il s\u2019agit d\u2019une pi\u00e8ce usag\u00e9e d\u2019un 8V int\u00e9gral construit en 1990.<\/p>\n<p>Pi\u00e8ce num\u00e9ro 1 sur le dessin technique du dessin EPER num\u00e9ro 1010601003 concernant son application sur la Lancia Delta Integrale. Une copie de ce document est requise par voiture.<\/p>\n<p>Lancia OEM 7547739<\/p>\n","protected":false},"excerpt":{"rendered":"<p>Plaque de protection roues de position de l\u2019arbre \u00e0 cames Lancia Delta int\u00e9grale r\u00e9vis\u00e9 &#8211; Plaque de protection pour le montage entre les engrenages du moteur et de l\u2019arbre \u00e0 cames. Plaque de protection roues de position d\u2019arbre \u00e0 cames Lancia Delta int\u00e9grale -R\u00c9VIS\u00c9- &#8211; Plaque de protection pour montage entre moteur<\/p>\n","protected":false},"featured_media":44076,"comment_status":"open","ping_status":"closed","template":"","meta":{"_acf_changed":false},"product_brand":[],"product_cat":[1806,1830,1798],"product_tag":[],"class_list":{"0":"post-64501","1":"product","2":"type-product","3":"status-publish","4":"has-post-thumbnail","6":"product_cat-delta-1-831-fr","7":"product_cat-integrale-8v-fr","8":"product_cat-lancia-fr","9":"pa_soort-onderdeel-carrosserie-et-tolerie","10":"pa_soort-onderdeel-moteur-et-accessoires","12":"first","13":"instock","14":"shipping-taxable","15":"purchasable","16":"product-type-simple"},"acf":[],"yoast_head":"<!-- This site is optimized with the Yoast SEO plugin v27.2 - https:\/\/yoast.com\/product\/yoast-seo-wordpress\/ -->\n<title>Plaque de protection de position d\u2019arbre \u00e0 cames de moteur roues Lancia Delta int\u00e9grale -R\u00c9VIS\u00c9E- Turijnmagazijn<\/title>\n<meta name=\"robots\" content=\"index, follow, max-snippet:-1, max-image-preview:large, max-video-preview:-1\" \/>\n<link rel=\"canonical\" href=\"https:\/\/turijnmagazijn.nl\/fr\/produit\/plaque-de-protection-moteur-arbre-a-cames-lancia-delta-integral-revise\/\" \/>\n<meta property=\"og:locale\" content=\"fr_FR\" \/>\n<meta property=\"og:type\" content=\"article\" \/>\n<meta property=\"og:title\" content=\"Plaque de protection de position d\u2019arbre \u00e0 cames de moteur roues Lancia Delta int\u00e9grale -R\u00c9VIS\u00c9E- Turijnmagazijn\" \/>\n<meta property=\"og:description\" content=\"Plaque de protection roues de position de l\u2019arbre \u00e0 cames Lancia Delta int\u00e9grale r\u00e9vis\u00e9 - Plaque de protection pour le montage entre les engrenages du moteur et de l\u2019arbre \u00e0 cames. Plaque de protection roues de position d\u2019arbre \u00e0 cames Lancia Delta int\u00e9grale -R\u00c9VIS\u00c9- - Plaque de protection pour montage entre moteur\" \/>\n<meta property=\"og:url\" content=\"https:\/\/turijnmagazijn.nl\/fr\/produit\/plaque-de-protection-moteur-arbre-a-cames-lancia-delta-integral-revise\/\" \/>\n<meta property=\"og:site_name\" content=\"Turijnmagazijn\" \/>\n<meta property=\"article:publisher\" content=\"https:\/\/www.facebook.com\/turijnmagazijn\" \/>\n<meta property=\"article:modified_time\" content=\"2024-11-01T18:18:38+00:00\" \/>\n<meta property=\"og:image\" content=\"https:\/\/turijnmagazijn.nl\/wp-content\/uploads\/2023\/03\/DK00101918_Beschermplaat_motor_nokkenastandwielen_Lancia_Delta_integrale_GEREVISEERD_4-1.jpg\" \/>\n\t<meta property=\"og:image:width\" content=\"800\" \/>\n\t<meta property=\"og:image:height\" content=\"600\" \/>\n\t<meta property=\"og:image:type\" content=\"image\/jpeg\" \/>\n<meta name=\"twitter:card\" content=\"summary_large_image\" \/>\n<meta name=\"twitter:label1\" content=\"Dur\u00e9e de lecture estim\u00e9e\" \/>\n\t<meta name=\"twitter:data1\" content=\"1 minute\" \/>\n<script type=\"application\/ld+json\" class=\"yoast-schema-graph\">{\"@context\":\"https:\/\/schema.org\",\"@graph\":[{\"@type\":\"WebPage\",\"@id\":\"https:\/\/turijnmagazijn.nl\/fr\/produit\/plaque-de-protection-moteur-arbre-a-cames-lancia-delta-integral-revise\/\",\"url\":\"https:\/\/turijnmagazijn.nl\/fr\/produit\/plaque-de-protection-moteur-arbre-a-cames-lancia-delta-integral-revise\/\",\"name\":\"Plaque de protection de position d\u2019arbre \u00e0 cames de moteur roues Lancia Delta int\u00e9grale -R\u00c9VIS\u00c9E- Turijnmagazijn\",\"isPartOf\":{\"@id\":\"https:\/\/turijnmagazijn.jumpstone-dev.nl\/#website\"},\"primaryImageOfPage\":{\"@id\":\"https:\/\/turijnmagazijn.nl\/fr\/produit\/plaque-de-protection-moteur-arbre-a-cames-lancia-delta-integral-revise\/#primaryimage\"},\"image\":{\"@id\":\"https:\/\/turijnmagazijn.nl\/fr\/produit\/plaque-de-protection-moteur-arbre-a-cames-lancia-delta-integral-revise\/#primaryimage\"},\"thumbnailUrl\":\"https:\/\/turijnmagazijn.nl\/wp-content\/uploads\/2023\/03\/DK00101918_Beschermplaat_motor_nokkenastandwielen_Lancia_Delta_integrale_GEREVISEERD_4-1.jpg\",\"datePublished\":\"2023-03-03T08:16:56+00:00\",\"dateModified\":\"2024-11-01T18:18:38+00:00\",\"breadcrumb\":{\"@id\":\"https:\/\/turijnmagazijn.nl\/fr\/produit\/plaque-de-protection-moteur-arbre-a-cames-lancia-delta-integral-revise\/#breadcrumb\"},\"inLanguage\":\"fr-FR\",\"potentialAction\":[{\"@type\":\"ReadAction\",\"target\":[\"https:\/\/turijnmagazijn.nl\/fr\/produit\/plaque-de-protection-moteur-arbre-a-cames-lancia-delta-integral-revise\/\"]}]},{\"@type\":\"ImageObject\",\"inLanguage\":\"fr-FR\",\"@id\":\"https:\/\/turijnmagazijn.nl\/fr\/produit\/plaque-de-protection-moteur-arbre-a-cames-lancia-delta-integral-revise\/#primaryimage\",\"url\":\"https:\/\/turijnmagazijn.nl\/wp-content\/uploads\/2023\/03\/DK00101918_Beschermplaat_motor_nokkenastandwielen_Lancia_Delta_integrale_GEREVISEERD_4-1.jpg\",\"contentUrl\":\"https:\/\/turijnmagazijn.nl\/wp-content\/uploads\/2023\/03\/DK00101918_Beschermplaat_motor_nokkenastandwielen_Lancia_Delta_integrale_GEREVISEERD_4-1.jpg\",\"width\":800,\"height\":600},{\"@type\":\"BreadcrumbList\",\"@id\":\"https:\/\/turijnmagazijn.nl\/fr\/produit\/plaque-de-protection-moteur-arbre-a-cames-lancia-delta-integral-revise\/#breadcrumb\",\"itemListElement\":[{\"@type\":\"ListItem\",\"position\":1,\"name\":\"Home\",\"item\":\"https:\/\/turijnmagazijn.jumpstone-dev.nl\/\"},{\"@type\":\"ListItem\",\"position\":2,\"name\":\"Produits\",\"item\":\"https:\/\/turijnmagazijn.nl\/fr\/shop\/\"},{\"@type\":\"ListItem\",\"position\":3,\"name\":\"Plaque de protection de position d\u2019arbre \u00e0 cames de moteur roues Lancia Delta int\u00e9grale -R\u00c9VIS\u00c9E-\"}]},{\"@type\":\"WebSite\",\"@id\":\"https:\/\/turijnmagazijn.jumpstone-dev.nl\/#website\",\"url\":\"https:\/\/turijnmagazijn.jumpstone-dev.nl\/\",\"name\":\"Turijnmagazijn\",\"description\":\"Onderdelen nieuw en gebruikt - Fiat &amp; Lancia\",\"publisher\":{\"@id\":\"https:\/\/turijnmagazijn.jumpstone-dev.nl\/#organization\"},\"potentialAction\":[{\"@type\":\"SearchAction\",\"target\":{\"@type\":\"EntryPoint\",\"urlTemplate\":\"https:\/\/turijnmagazijn.jumpstone-dev.nl\/?s={search_term_string}\"},\"query-input\":{\"@type\":\"PropertyValueSpecification\",\"valueRequired\":true,\"valueName\":\"search_term_string\"}}],\"inLanguage\":\"fr-FR\"},{\"@type\":\"Organization\",\"@id\":\"https:\/\/turijnmagazijn.jumpstone-dev.nl\/#organization\",\"name\":\"Turijnmagazijn\",\"url\":\"https:\/\/turijnmagazijn.jumpstone-dev.nl\/\",\"logo\":{\"@type\":\"ImageObject\",\"inLanguage\":\"fr-FR\",\"@id\":\"https:\/\/turijnmagazijn.jumpstone-dev.nl\/#\/schema\/logo\/image\/\",\"url\":\"https:\/\/turijnmagazijn.nl\/wp-content\/uploads\/2021\/02\/turijnmagazijnlogo.png\",\"contentUrl\":\"https:\/\/turijnmagazijn.nl\/wp-content\/uploads\/2021\/02\/turijnmagazijnlogo.png\",\"width\":555,\"height\":270,\"caption\":\"Turijnmagazijn\"},\"image\":{\"@id\":\"https:\/\/turijnmagazijn.jumpstone-dev.nl\/#\/schema\/logo\/image\/\"},\"sameAs\":[\"https:\/\/www.facebook.com\/turijnmagazijn\"]}]}<\/script>\n<!-- \/ Yoast SEO plugin. -->","yoast_head_json":{"title":"Plaque de protection de position d\u2019arbre \u00e0 cames de moteur roues Lancia Delta int\u00e9grale -R\u00c9VIS\u00c9E- Turijnmagazijn","robots":{"index":"index","follow":"follow","max-snippet":"max-snippet:-1","max-image-preview":"max-image-preview:large","max-video-preview":"max-video-preview:-1"},"canonical":"https:\/\/turijnmagazijn.nl\/fr\/produit\/plaque-de-protection-moteur-arbre-a-cames-lancia-delta-integral-revise\/","og_locale":"fr_FR","og_type":"article","og_title":"Plaque de protection de position d\u2019arbre \u00e0 cames de moteur roues Lancia Delta int\u00e9grale -R\u00c9VIS\u00c9E- Turijnmagazijn","og_description":"Plaque de protection roues de position de l\u2019arbre \u00e0 cames Lancia Delta int\u00e9grale r\u00e9vis\u00e9 - Plaque de protection pour le montage entre les engrenages du moteur et de l\u2019arbre \u00e0 cames. Plaque de protection roues de position d\u2019arbre \u00e0 cames Lancia Delta int\u00e9grale -R\u00c9VIS\u00c9- - Plaque de protection pour montage entre moteur","og_url":"https:\/\/turijnmagazijn.nl\/fr\/produit\/plaque-de-protection-moteur-arbre-a-cames-lancia-delta-integral-revise\/","og_site_name":"Turijnmagazijn","article_publisher":"https:\/\/www.facebook.com\/turijnmagazijn","article_modified_time":"2024-11-01T18:18:38+00:00","og_image":[{"width":800,"height":600,"url":"https:\/\/turijnmagazijn.nl\/wp-content\/uploads\/2023\/03\/DK00101918_Beschermplaat_motor_nokkenastandwielen_Lancia_Delta_integrale_GEREVISEERD_4-1.jpg","type":"image\/jpeg"}],"twitter_card":"summary_large_image","twitter_misc":{"Dur\u00e9e de lecture estim\u00e9e":"1 minute"},"schema":{"@context":"https:\/\/schema.org","@graph":[{"@type":"WebPage","@id":"https:\/\/turijnmagazijn.nl\/fr\/produit\/plaque-de-protection-moteur-arbre-a-cames-lancia-delta-integral-revise\/","url":"https:\/\/turijnmagazijn.nl\/fr\/produit\/plaque-de-protection-moteur-arbre-a-cames-lancia-delta-integral-revise\/","name":"Plaque de protection de position d\u2019arbre \u00e0 cames de moteur roues Lancia Delta int\u00e9grale -R\u00c9VIS\u00c9E- Turijnmagazijn","isPartOf":{"@id":"https:\/\/turijnmagazijn.jumpstone-dev.nl\/#website"},"primaryImageOfPage":{"@id":"https:\/\/turijnmagazijn.nl\/fr\/produit\/plaque-de-protection-moteur-arbre-a-cames-lancia-delta-integral-revise\/#primaryimage"},"image":{"@id":"https:\/\/turijnmagazijn.nl\/fr\/produit\/plaque-de-protection-moteur-arbre-a-cames-lancia-delta-integral-revise\/#primaryimage"},"thumbnailUrl":"https:\/\/turijnmagazijn.nl\/wp-content\/uploads\/2023\/03\/DK00101918_Beschermplaat_motor_nokkenastandwielen_Lancia_Delta_integrale_GEREVISEERD_4-1.jpg","datePublished":"2023-03-03T08:16:56+00:00","dateModified":"2024-11-01T18:18:38+00:00","breadcrumb":{"@id":"https:\/\/turijnmagazijn.nl\/fr\/produit\/plaque-de-protection-moteur-arbre-a-cames-lancia-delta-integral-revise\/#breadcrumb"},"inLanguage":"fr-FR","potentialAction":[{"@type":"ReadAction","target":["https:\/\/turijnmagazijn.nl\/fr\/produit\/plaque-de-protection-moteur-arbre-a-cames-lancia-delta-integral-revise\/"]}]},{"@type":"ImageObject","inLanguage":"fr-FR","@id":"https:\/\/turijnmagazijn.nl\/fr\/produit\/plaque-de-protection-moteur-arbre-a-cames-lancia-delta-integral-revise\/#primaryimage","url":"https:\/\/turijnmagazijn.nl\/wp-content\/uploads\/2023\/03\/DK00101918_Beschermplaat_motor_nokkenastandwielen_Lancia_Delta_integrale_GEREVISEERD_4-1.jpg","contentUrl":"https:\/\/turijnmagazijn.nl\/wp-content\/uploads\/2023\/03\/DK00101918_Beschermplaat_motor_nokkenastandwielen_Lancia_Delta_integrale_GEREVISEERD_4-1.jpg","width":800,"height":600},{"@type":"BreadcrumbList","@id":"https:\/\/turijnmagazijn.nl\/fr\/produit\/plaque-de-protection-moteur-arbre-a-cames-lancia-delta-integral-revise\/#breadcrumb","itemListElement":[{"@type":"ListItem","position":1,"name":"Home","item":"https:\/\/turijnmagazijn.jumpstone-dev.nl\/"},{"@type":"ListItem","position":2,"name":"Produits","item":"https:\/\/turijnmagazijn.nl\/fr\/shop\/"},{"@type":"ListItem","position":3,"name":"Plaque de protection de position d\u2019arbre \u00e0 cames de moteur roues Lancia Delta int\u00e9grale -R\u00c9VIS\u00c9E-"}]},{"@type":"WebSite","@id":"https:\/\/turijnmagazijn.jumpstone-dev.nl\/#website","url":"https:\/\/turijnmagazijn.jumpstone-dev.nl\/","name":"Turijnmagazijn","description":"Onderdelen nieuw en gebruikt - Fiat &amp; Lancia","publisher":{"@id":"https:\/\/turijnmagazijn.jumpstone-dev.nl\/#organization"},"potentialAction":[{"@type":"SearchAction","target":{"@type":"EntryPoint","urlTemplate":"https:\/\/turijnmagazijn.jumpstone-dev.nl\/?s={search_term_string}"},"query-input":{"@type":"PropertyValueSpecification","valueRequired":true,"valueName":"search_term_string"}}],"inLanguage":"fr-FR"},{"@type":"Organization","@id":"https:\/\/turijnmagazijn.jumpstone-dev.nl\/#organization","name":"Turijnmagazijn","url":"https:\/\/turijnmagazijn.jumpstone-dev.nl\/","logo":{"@type":"ImageObject","inLanguage":"fr-FR","@id":"https:\/\/turijnmagazijn.jumpstone-dev.nl\/#\/schema\/logo\/image\/","url":"https:\/\/turijnmagazijn.nl\/wp-content\/uploads\/2021\/02\/turijnmagazijnlogo.png","contentUrl":"https:\/\/turijnmagazijn.nl\/wp-content\/uploads\/2021\/02\/turijnmagazijnlogo.png","width":555,"height":270,"caption":"Turijnmagazijn"},"image":{"@id":"https:\/\/turijnmagazijn.jumpstone-dev.nl\/#\/schema\/logo\/image\/"},"sameAs":["https:\/\/www.facebook.com\/turijnmagazijn"]}]}},"_links":{"self":[{"href":"https:\/\/turijnmagazijn.nl\/fr\/wp-json\/wp\/v2\/product\/64501","targetHints":{"allow":["GET"]}}],"collection":[{"href":"https:\/\/turijnmagazijn.nl\/fr\/wp-json\/wp\/v2\/product"}],"about":[{"href":"https:\/\/turijnmagazijn.nl\/fr\/wp-json\/wp\/v2\/types\/product"}],"replies":[{"embeddable":true,"href":"https:\/\/turijnmagazijn.nl\/fr\/wp-json\/wp\/v2\/comments?post=64501"}],"wp:featuredmedia":[{"embeddable":true,"href":"https:\/\/turijnmagazijn.nl\/fr\/wp-json\/wp\/v2\/media\/44076"}],"wp:attachment":[{"href":"https:\/\/turijnmagazijn.nl\/fr\/wp-json\/wp\/v2\/media?parent=64501"}],"wp:term":[{"taxonomy":"product_brand","embeddable":true,"href":"https:\/\/turijnmagazijn.nl\/fr\/wp-json\/wp\/v2\/product_brand?post=64501"},{"taxonomy":"product_cat","embeddable":true,"href":"https:\/\/turijnmagazijn.nl\/fr\/wp-json\/wp\/v2\/product_cat?post=64501"},{"taxonomy":"product_tag","embeddable":true,"href":"https:\/\/turijnmagazijn.nl\/fr\/wp-json\/wp\/v2\/product_tag?post=64501"}],"curies":[{"name":"wp","href":"https:\/\/api.w.org\/{rel}","templated":true}]}}