{"id":64605,"date":"2023-03-03T09:17:39","date_gmt":"2023-03-03T08:17:39","guid":{"rendered":"https:\/\/turijnmagazijn.nl\/product\/capteur-de-temperature-radiateur-eau-de-refroidissement-lancia-fiat\/"},"modified":"2023-07-26T14:23:11","modified_gmt":"2023-07-26T12:23:11","slug":"temperature-capteur-radiateur-eau-de-refroidissement-lancia-fiat","status":"publish","type":"product","link":"https:\/\/turijnmagazijn.nl\/fr\/produit\/temperature-capteur-radiateur-eau-de-refroidissement-lancia-fiat\/","title":{"rendered":"Capteur de temp\u00e9rature radiateur eau de refroidissement Lancia\/Fiat"},"content":{"rendered":"<p>Capteur de temp\u00e9rature pour une Lancia th\u00e8me 2.0 8v de 1989.<br \/><span style=\"font-size: 12px;\">Pour montage dans le radiateur.<br \/><\/span> <span style=\"font-size: 12px;\">La pi\u00e8ce est en bon \u00e9tat.<br \/><\/span> <span style=\"font-size: 12px;\">Tir\u00e9 d\u2019un th\u00e8me Lancia 2.0 8v de 1989.<br \/><\/span> <span style=\"font-size: 12px;\">Inscription sur la pi\u00e8ce : A 223<\/span><\/p>\n<p>OEM LANCIA&nbsp;<span style=\"text-align: -webkit-right;\">5992746<\/span><\/p>\n","protected":false},"excerpt":{"rendered":"<p>Capteur de temp\u00e9rature lancia th\u00e8me 8v 1989 &#8211; Capteur de temp\u00e9rature pour un th\u00e8me Lancia 2.Capteur de temp\u00e9rature radiateur d\u2019eau de refroidissement Lancia\/Fiat &#8211; Capteur de temp\u00e9rature pour une Lancia th\u00e8me 2.<\/p>\n","protected":false},"featured_media":44664,"comment_status":"open","ping_status":"closed","template":"","meta":{"_acf_changed":false},"product_brand":[],"product_cat":[1798,1896,1902,1897],"product_tag":[],"class_list":{"0":"post-64605","1":"product","2":"type-product","3":"status-publish","4":"has-post-thumbnail","6":"product_cat-lancia-fr","7":"product_cat-thema-834-fr","8":"product_cat-thema-sedan-fr","9":"product_cat-thema-sw-fr","10":"pa_soort-onderdeel-carrosserie-et-tolerie","11":"pa_soort-onderdeel-moteur-et-accessoires","13":"first","14":"instock","15":"shipping-taxable","16":"purchasable","17":"product-type-simple"},"acf":[],"yoast_head":"<!-- This site is optimized with the Yoast SEO plugin v27.2 - https:\/\/yoast.com\/product\/yoast-seo-wordpress\/ -->\n<title>Capteur de temp\u00e9rature radiateur eau de refroidissement Lancia\/Fiat - Turijnmagazijn<\/title>\n<meta name=\"robots\" content=\"index, follow, max-snippet:-1, max-image-preview:large, max-video-preview:-1\" \/>\n<link rel=\"canonical\" href=\"https:\/\/turijnmagazijn.nl\/fr\/produit\/temperature-capteur-radiateur-eau-de-refroidissement-lancia-fiat\/\" \/>\n<meta property=\"og:locale\" content=\"fr_FR\" \/>\n<meta property=\"og:type\" content=\"article\" \/>\n<meta property=\"og:title\" content=\"Capteur de temp\u00e9rature radiateur eau de refroidissement Lancia\/Fiat - Turijnmagazijn\" \/>\n<meta property=\"og:description\" content=\"Capteur de temp\u00e9rature lancia th\u00e8me 8v 1989 - Capteur de temp\u00e9rature pour un th\u00e8me Lancia 2.Capteur de temp\u00e9rature radiateur d\u2019eau de refroidissement Lancia\/Fiat - Capteur de temp\u00e9rature pour une Lancia th\u00e8me 2.\" \/>\n<meta property=\"og:url\" content=\"https:\/\/turijnmagazijn.nl\/fr\/produit\/temperature-capteur-radiateur-eau-de-refroidissement-lancia-fiat\/\" \/>\n<meta property=\"og:site_name\" content=\"Turijnmagazijn\" \/>\n<meta property=\"article:publisher\" content=\"https:\/\/www.facebook.com\/turijnmagazijn\" \/>\n<meta property=\"article:modified_time\" content=\"2023-07-26T12:23:11+00:00\" \/>\n<meta property=\"og:image\" content=\"https:\/\/turijnmagazijn.jumpstone-dev.nl\/wp-content\/uploads\/2023\/03\/DK00101988_Temperatuur_sensor_radiateur_koelwater_LanciaFiat_1-1.jpg\" \/>\n\t<meta property=\"og:image:width\" content=\"800\" \/>\n\t<meta property=\"og:image:height\" content=\"600\" \/>\n\t<meta property=\"og:image:type\" content=\"image\/jpeg\" \/>\n<meta name=\"twitter:card\" content=\"summary_large_image\" \/>\n<script type=\"application\/ld+json\" class=\"yoast-schema-graph\">{\"@context\":\"https:\/\/schema.org\",\"@graph\":[{\"@type\":\"WebPage\",\"@id\":\"https:\/\/turijnmagazijn.nl\/fr\/produit\/temperature-capteur-radiateur-eau-de-refroidissement-lancia-fiat\/\",\"url\":\"https:\/\/turijnmagazijn.nl\/fr\/produit\/temperature-capteur-radiateur-eau-de-refroidissement-lancia-fiat\/\",\"name\":\"Capteur de temp\u00e9rature radiateur eau de refroidissement Lancia\/Fiat - Turijnmagazijn\",\"isPartOf\":{\"@id\":\"https:\/\/turijnmagazijn.jumpstone-dev.nl\/#website\"},\"primaryImageOfPage\":{\"@id\":\"https:\/\/turijnmagazijn.nl\/fr\/produit\/temperature-capteur-radiateur-eau-de-refroidissement-lancia-fiat\/#primaryimage\"},\"image\":{\"@id\":\"https:\/\/turijnmagazijn.nl\/fr\/produit\/temperature-capteur-radiateur-eau-de-refroidissement-lancia-fiat\/#primaryimage\"},\"thumbnailUrl\":\"https:\/\/turijnmagazijn.nl\/wp-content\/uploads\/2023\/03\/DK00101988_Temperatuur_sensor_radiateur_koelwater_LanciaFiat_1-1.jpg\",\"datePublished\":\"2023-03-03T08:17:39+00:00\",\"dateModified\":\"2023-07-26T12:23:11+00:00\",\"breadcrumb\":{\"@id\":\"https:\/\/turijnmagazijn.nl\/fr\/produit\/temperature-capteur-radiateur-eau-de-refroidissement-lancia-fiat\/#breadcrumb\"},\"inLanguage\":\"fr-FR\",\"potentialAction\":[{\"@type\":\"ReadAction\",\"target\":[\"https:\/\/turijnmagazijn.nl\/fr\/produit\/temperature-capteur-radiateur-eau-de-refroidissement-lancia-fiat\/\"]}]},{\"@type\":\"ImageObject\",\"inLanguage\":\"fr-FR\",\"@id\":\"https:\/\/turijnmagazijn.nl\/fr\/produit\/temperature-capteur-radiateur-eau-de-refroidissement-lancia-fiat\/#primaryimage\",\"url\":\"https:\/\/turijnmagazijn.nl\/wp-content\/uploads\/2023\/03\/DK00101988_Temperatuur_sensor_radiateur_koelwater_LanciaFiat_1-1.jpg\",\"contentUrl\":\"https:\/\/turijnmagazijn.nl\/wp-content\/uploads\/2023\/03\/DK00101988_Temperatuur_sensor_radiateur_koelwater_LanciaFiat_1-1.jpg\",\"width\":800,\"height\":600},{\"@type\":\"BreadcrumbList\",\"@id\":\"https:\/\/turijnmagazijn.nl\/fr\/produit\/temperature-capteur-radiateur-eau-de-refroidissement-lancia-fiat\/#breadcrumb\",\"itemListElement\":[{\"@type\":\"ListItem\",\"position\":1,\"name\":\"Home\",\"item\":\"https:\/\/turijnmagazijn.nl\/fr\/\"},{\"@type\":\"ListItem\",\"position\":2,\"name\":\"Produits\",\"item\":\"https:\/\/turijnmagazijn.nl\/fr\/shop\/\"},{\"@type\":\"ListItem\",\"position\":3,\"name\":\"Capteur de temp\u00e9rature radiateur eau de refroidissement Lancia\/Fiat\"}]},{\"@type\":\"WebSite\",\"@id\":\"https:\/\/turijnmagazijn.jumpstone-dev.nl\/#website\",\"url\":\"https:\/\/turijnmagazijn.jumpstone-dev.nl\/\",\"name\":\"Turijnmagazijn\",\"description\":\"Onderdelen nieuw en gebruikt - Fiat &amp; Lancia\",\"publisher\":{\"@id\":\"https:\/\/turijnmagazijn.jumpstone-dev.nl\/#organization\"},\"potentialAction\":[{\"@type\":\"SearchAction\",\"target\":{\"@type\":\"EntryPoint\",\"urlTemplate\":\"https:\/\/turijnmagazijn.jumpstone-dev.nl\/?s={search_term_string}\"},\"query-input\":{\"@type\":\"PropertyValueSpecification\",\"valueRequired\":true,\"valueName\":\"search_term_string\"}}],\"inLanguage\":\"fr-FR\"},{\"@type\":\"Organization\",\"@id\":\"https:\/\/turijnmagazijn.jumpstone-dev.nl\/#organization\",\"name\":\"Turijnmagazijn\",\"url\":\"https:\/\/turijnmagazijn.jumpstone-dev.nl\/\",\"logo\":{\"@type\":\"ImageObject\",\"inLanguage\":\"fr-FR\",\"@id\":\"https:\/\/turijnmagazijn.jumpstone-dev.nl\/#\/schema\/logo\/image\/\",\"url\":\"https:\/\/turijnmagazijn.nl\/wp-content\/uploads\/2021\/02\/turijnmagazijnlogo.png\",\"contentUrl\":\"https:\/\/turijnmagazijn.nl\/wp-content\/uploads\/2021\/02\/turijnmagazijnlogo.png\",\"width\":555,\"height\":270,\"caption\":\"Turijnmagazijn\"},\"image\":{\"@id\":\"https:\/\/turijnmagazijn.jumpstone-dev.nl\/#\/schema\/logo\/image\/\"},\"sameAs\":[\"https:\/\/www.facebook.com\/turijnmagazijn\"]}]}<\/script>\n<!-- \/ Yoast SEO plugin. -->","yoast_head_json":{"title":"Capteur de temp\u00e9rature radiateur eau de refroidissement Lancia\/Fiat - Turijnmagazijn","robots":{"index":"index","follow":"follow","max-snippet":"max-snippet:-1","max-image-preview":"max-image-preview:large","max-video-preview":"max-video-preview:-1"},"canonical":"https:\/\/turijnmagazijn.nl\/fr\/produit\/temperature-capteur-radiateur-eau-de-refroidissement-lancia-fiat\/","og_locale":"fr_FR","og_type":"article","og_title":"Capteur de temp\u00e9rature radiateur eau de refroidissement Lancia\/Fiat - Turijnmagazijn","og_description":"Capteur de temp\u00e9rature lancia th\u00e8me 8v 1989 - Capteur de temp\u00e9rature pour un th\u00e8me Lancia 2.Capteur de temp\u00e9rature radiateur d\u2019eau de refroidissement Lancia\/Fiat - Capteur de temp\u00e9rature pour une Lancia th\u00e8me 2.","og_url":"https:\/\/turijnmagazijn.nl\/fr\/produit\/temperature-capteur-radiateur-eau-de-refroidissement-lancia-fiat\/","og_site_name":"Turijnmagazijn","article_publisher":"https:\/\/www.facebook.com\/turijnmagazijn","article_modified_time":"2023-07-26T12:23:11+00:00","og_image":[{"width":800,"height":600,"url":"https:\/\/turijnmagazijn.jumpstone-dev.nl\/wp-content\/uploads\/2023\/03\/DK00101988_Temperatuur_sensor_radiateur_koelwater_LanciaFiat_1-1.jpg","type":"image\/jpeg"}],"twitter_card":"summary_large_image","schema":{"@context":"https:\/\/schema.org","@graph":[{"@type":"WebPage","@id":"https:\/\/turijnmagazijn.nl\/fr\/produit\/temperature-capteur-radiateur-eau-de-refroidissement-lancia-fiat\/","url":"https:\/\/turijnmagazijn.nl\/fr\/produit\/temperature-capteur-radiateur-eau-de-refroidissement-lancia-fiat\/","name":"Capteur de temp\u00e9rature radiateur eau de refroidissement Lancia\/Fiat - Turijnmagazijn","isPartOf":{"@id":"https:\/\/turijnmagazijn.jumpstone-dev.nl\/#website"},"primaryImageOfPage":{"@id":"https:\/\/turijnmagazijn.nl\/fr\/produit\/temperature-capteur-radiateur-eau-de-refroidissement-lancia-fiat\/#primaryimage"},"image":{"@id":"https:\/\/turijnmagazijn.nl\/fr\/produit\/temperature-capteur-radiateur-eau-de-refroidissement-lancia-fiat\/#primaryimage"},"thumbnailUrl":"https:\/\/turijnmagazijn.nl\/wp-content\/uploads\/2023\/03\/DK00101988_Temperatuur_sensor_radiateur_koelwater_LanciaFiat_1-1.jpg","datePublished":"2023-03-03T08:17:39+00:00","dateModified":"2023-07-26T12:23:11+00:00","breadcrumb":{"@id":"https:\/\/turijnmagazijn.nl\/fr\/produit\/temperature-capteur-radiateur-eau-de-refroidissement-lancia-fiat\/#breadcrumb"},"inLanguage":"fr-FR","potentialAction":[{"@type":"ReadAction","target":["https:\/\/turijnmagazijn.nl\/fr\/produit\/temperature-capteur-radiateur-eau-de-refroidissement-lancia-fiat\/"]}]},{"@type":"ImageObject","inLanguage":"fr-FR","@id":"https:\/\/turijnmagazijn.nl\/fr\/produit\/temperature-capteur-radiateur-eau-de-refroidissement-lancia-fiat\/#primaryimage","url":"https:\/\/turijnmagazijn.nl\/wp-content\/uploads\/2023\/03\/DK00101988_Temperatuur_sensor_radiateur_koelwater_LanciaFiat_1-1.jpg","contentUrl":"https:\/\/turijnmagazijn.nl\/wp-content\/uploads\/2023\/03\/DK00101988_Temperatuur_sensor_radiateur_koelwater_LanciaFiat_1-1.jpg","width":800,"height":600},{"@type":"BreadcrumbList","@id":"https:\/\/turijnmagazijn.nl\/fr\/produit\/temperature-capteur-radiateur-eau-de-refroidissement-lancia-fiat\/#breadcrumb","itemListElement":[{"@type":"ListItem","position":1,"name":"Home","item":"https:\/\/turijnmagazijn.nl\/fr\/"},{"@type":"ListItem","position":2,"name":"Produits","item":"https:\/\/turijnmagazijn.nl\/fr\/shop\/"},{"@type":"ListItem","position":3,"name":"Capteur de temp\u00e9rature radiateur eau de refroidissement Lancia\/Fiat"}]},{"@type":"WebSite","@id":"https:\/\/turijnmagazijn.jumpstone-dev.nl\/#website","url":"https:\/\/turijnmagazijn.jumpstone-dev.nl\/","name":"Turijnmagazijn","description":"Onderdelen nieuw en gebruikt - Fiat &amp; Lancia","publisher":{"@id":"https:\/\/turijnmagazijn.jumpstone-dev.nl\/#organization"},"potentialAction":[{"@type":"SearchAction","target":{"@type":"EntryPoint","urlTemplate":"https:\/\/turijnmagazijn.jumpstone-dev.nl\/?s={search_term_string}"},"query-input":{"@type":"PropertyValueSpecification","valueRequired":true,"valueName":"search_term_string"}}],"inLanguage":"fr-FR"},{"@type":"Organization","@id":"https:\/\/turijnmagazijn.jumpstone-dev.nl\/#organization","name":"Turijnmagazijn","url":"https:\/\/turijnmagazijn.jumpstone-dev.nl\/","logo":{"@type":"ImageObject","inLanguage":"fr-FR","@id":"https:\/\/turijnmagazijn.jumpstone-dev.nl\/#\/schema\/logo\/image\/","url":"https:\/\/turijnmagazijn.nl\/wp-content\/uploads\/2021\/02\/turijnmagazijnlogo.png","contentUrl":"https:\/\/turijnmagazijn.nl\/wp-content\/uploads\/2021\/02\/turijnmagazijnlogo.png","width":555,"height":270,"caption":"Turijnmagazijn"},"image":{"@id":"https:\/\/turijnmagazijn.jumpstone-dev.nl\/#\/schema\/logo\/image\/"},"sameAs":["https:\/\/www.facebook.com\/turijnmagazijn"]}]}},"_links":{"self":[{"href":"https:\/\/turijnmagazijn.nl\/fr\/wp-json\/wp\/v2\/product\/64605","targetHints":{"allow":["GET"]}}],"collection":[{"href":"https:\/\/turijnmagazijn.nl\/fr\/wp-json\/wp\/v2\/product"}],"about":[{"href":"https:\/\/turijnmagazijn.nl\/fr\/wp-json\/wp\/v2\/types\/product"}],"replies":[{"embeddable":true,"href":"https:\/\/turijnmagazijn.nl\/fr\/wp-json\/wp\/v2\/comments?post=64605"}],"wp:featuredmedia":[{"embeddable":true,"href":"https:\/\/turijnmagazijn.nl\/fr\/wp-json\/wp\/v2\/media\/44664"}],"wp:attachment":[{"href":"https:\/\/turijnmagazijn.nl\/fr\/wp-json\/wp\/v2\/media?parent=64605"}],"wp:term":[{"taxonomy":"product_brand","embeddable":true,"href":"https:\/\/turijnmagazijn.nl\/fr\/wp-json\/wp\/v2\/product_brand?post=64605"},{"taxonomy":"product_cat","embeddable":true,"href":"https:\/\/turijnmagazijn.nl\/fr\/wp-json\/wp\/v2\/product_cat?post=64605"},{"taxonomy":"product_tag","embeddable":true,"href":"https:\/\/turijnmagazijn.nl\/fr\/wp-json\/wp\/v2\/product_tag?post=64605"}],"curies":[{"name":"wp","href":"https:\/\/api.w.org\/{rel}","templated":true}]}}