{"id":64683,"date":"2023-03-03T09:17:40","date_gmt":"2023-03-03T08:17:40","guid":{"rendered":"https:\/\/turijnmagazijn.nl\/product\/moteur-de-fenetre-avec-mecanisme-alfa-156-avant-gauche\/"},"modified":"2023-07-26T14:12:24","modified_gmt":"2023-07-26T12:12:24","slug":"vitre-moteur-avec-mecanisme-alpha-156-avant-gauche","status":"publish","type":"product","link":"https:\/\/turijnmagazijn.nl\/fr\/produit\/vitre-moteur-avec-mecanisme-alpha-156-avant-gauche\/","title":{"rendered":"Moteur de fen\u00eatre avec m\u00e9canisme Alfa 156 avant gauche"},"content":{"rendered":"<p>Moteur de fen\u00eatre d\u2019occasion avec m\u00e9canisme pour Alfa Romeo 156 pour montage dans la porte. Unit\u00e9 adapt\u00e9e pour un montage \u00e0 l\u2019avant gauche, donc dans la porte du conducteur. Le moteur de fen\u00eatre est en \u00e9tat d\u2019utilisation mais fonctionne correctement. Le moteur provient d\u2019une berline Alfa Romeo 156 construite en 1999.<\/p>\n<p>OEM Alfa Romeo 60672278<\/p>\n","protected":false},"excerpt":{"rendered":"<p>Moteur de fen\u00eatre avec m\u00e9canisme Alfa 156 &#8211; Moteur de fen\u00eatre d\u2019occasion avec m\u00e9canisme pour Alfa Romeo 156 pour montage dans la porte. Moteur de fen\u00eatre avec m\u00e9canisme Alfa 156 avant gauche &#8211; Moteur de fen\u00eatre d\u2019occasion avec m\u00e9canisme pour Alfa Romeo 156 pour montage dans la porte.<\/p>\n","protected":false},"featured_media":45000,"comment_status":"closed","ping_status":"closed","template":"","meta":{"_acf_changed":false},"product_brand":[],"product_cat":[1613,1582],"product_tag":[],"class_list":{"0":"post-64683","1":"product","2":"type-product","3":"status-publish","4":"has-post-thumbnail","6":"product_cat-156-932-fr","7":"product_cat-alfa-romeo-fr","8":"pa_soort-onderdeel-dautres-pieces-de-voiture","9":"pa_soort-onderdeel-fenetres-et-accessoires","11":"first","12":"instock","13":"shipping-taxable","14":"purchasable","15":"product-type-simple"},"acf":[],"yoast_head":"<!-- This site is optimized with the Yoast SEO plugin v27.3 - https:\/\/yoast.com\/product\/yoast-seo-wordpress\/ -->\n<title>Moteur de fen\u00eatre avec m\u00e9canisme Alfa 156 avant gauche - Turijnmagazijn<\/title>\n<meta name=\"robots\" content=\"index, follow, max-snippet:-1, max-image-preview:large, max-video-preview:-1\" \/>\n<link rel=\"canonical\" href=\"https:\/\/turijnmagazijn.nl\/fr\/produit\/vitre-moteur-avec-mecanisme-alpha-156-avant-gauche\/\" \/>\n<meta property=\"og:locale\" content=\"fr_FR\" \/>\n<meta property=\"og:type\" content=\"article\" \/>\n<meta property=\"og:title\" content=\"Moteur de fen\u00eatre avec m\u00e9canisme Alfa 156 avant gauche - Turijnmagazijn\" \/>\n<meta property=\"og:description\" content=\"Moteur de fen\u00eatre avec m\u00e9canisme Alfa 156 - Moteur de fen\u00eatre d\u2019occasion avec m\u00e9canisme pour Alfa Romeo 156 pour montage dans la porte. Moteur de fen\u00eatre avec m\u00e9canisme Alfa 156 avant gauche - Moteur de fen\u00eatre d\u2019occasion avec m\u00e9canisme pour Alfa Romeo 156 pour montage dans la porte.\" \/>\n<meta property=\"og:url\" content=\"https:\/\/turijnmagazijn.nl\/fr\/produit\/vitre-moteur-avec-mecanisme-alpha-156-avant-gauche\/\" \/>\n<meta property=\"og:site_name\" content=\"Turijnmagazijn\" \/>\n<meta property=\"article:publisher\" content=\"https:\/\/www.facebook.com\/turijnmagazijn\" \/>\n<meta property=\"article:modified_time\" content=\"2023-07-26T12:12:24+00:00\" \/>\n<meta property=\"og:image\" content=\"https:\/\/turijnmagazijn.jumpstone-dev.nl\/wp-content\/uploads\/2023\/03\/DK00102022_Raammotor_met_mechanisme_Alfa_156_linksvoor_398.jpg\" \/>\n\t<meta property=\"og:image:width\" content=\"1600\" \/>\n\t<meta property=\"og:image:height\" content=\"1200\" \/>\n\t<meta property=\"og:image:type\" content=\"image\/jpeg\" \/>\n<meta name=\"twitter:card\" content=\"summary_large_image\" \/>\n<script type=\"application\/ld+json\" class=\"yoast-schema-graph\">{\"@context\":\"https:\\\/\\\/schema.org\",\"@graph\":[{\"@type\":\"WebPage\",\"@id\":\"https:\\\/\\\/turijnmagazijn.nl\\\/fr\\\/produit\\\/vitre-moteur-avec-mecanisme-alpha-156-avant-gauche\\\/\",\"url\":\"https:\\\/\\\/turijnmagazijn.nl\\\/fr\\\/produit\\\/vitre-moteur-avec-mecanisme-alpha-156-avant-gauche\\\/\",\"name\":\"Moteur de fen\u00eatre avec m\u00e9canisme Alfa 156 avant gauche - Turijnmagazijn\",\"isPartOf\":{\"@id\":\"https:\\\/\\\/turijnmagazijn.jumpstone-dev.nl\\\/#website\"},\"primaryImageOfPage\":{\"@id\":\"https:\\\/\\\/turijnmagazijn.nl\\\/fr\\\/produit\\\/vitre-moteur-avec-mecanisme-alpha-156-avant-gauche\\\/#primaryimage\"},\"image\":{\"@id\":\"https:\\\/\\\/turijnmagazijn.nl\\\/fr\\\/produit\\\/vitre-moteur-avec-mecanisme-alpha-156-avant-gauche\\\/#primaryimage\"},\"thumbnailUrl\":\"https:\\\/\\\/turijnmagazijn.nl\\\/wp-content\\\/uploads\\\/2023\\\/03\\\/DK00102022_Raammotor_met_mechanisme_Alfa_156_linksvoor_398.jpg\",\"datePublished\":\"2023-03-03T08:17:40+00:00\",\"dateModified\":\"2023-07-26T12:12:24+00:00\",\"breadcrumb\":{\"@id\":\"https:\\\/\\\/turijnmagazijn.nl\\\/fr\\\/produit\\\/vitre-moteur-avec-mecanisme-alpha-156-avant-gauche\\\/#breadcrumb\"},\"inLanguage\":\"fr-FR\",\"potentialAction\":[{\"@type\":\"ReadAction\",\"target\":[\"https:\\\/\\\/turijnmagazijn.nl\\\/fr\\\/produit\\\/vitre-moteur-avec-mecanisme-alpha-156-avant-gauche\\\/\"]}]},{\"@type\":\"ImageObject\",\"inLanguage\":\"fr-FR\",\"@id\":\"https:\\\/\\\/turijnmagazijn.nl\\\/fr\\\/produit\\\/vitre-moteur-avec-mecanisme-alpha-156-avant-gauche\\\/#primaryimage\",\"url\":\"https:\\\/\\\/turijnmagazijn.nl\\\/wp-content\\\/uploads\\\/2023\\\/03\\\/DK00102022_Raammotor_met_mechanisme_Alfa_156_linksvoor_398.jpg\",\"contentUrl\":\"https:\\\/\\\/turijnmagazijn.nl\\\/wp-content\\\/uploads\\\/2023\\\/03\\\/DK00102022_Raammotor_met_mechanisme_Alfa_156_linksvoor_398.jpg\",\"width\":1600,\"height\":1200},{\"@type\":\"BreadcrumbList\",\"@id\":\"https:\\\/\\\/turijnmagazijn.nl\\\/fr\\\/produit\\\/vitre-moteur-avec-mecanisme-alpha-156-avant-gauche\\\/#breadcrumb\",\"itemListElement\":[{\"@type\":\"ListItem\",\"position\":1,\"name\":\"Home\",\"item\":\"https:\\\/\\\/turijnmagazijn.nl\\\/fr\\\/\"},{\"@type\":\"ListItem\",\"position\":2,\"name\":\"Produits\",\"item\":\"https:\\\/\\\/turijnmagazijn.nl\\\/fr\\\/shop\\\/\"},{\"@type\":\"ListItem\",\"position\":3,\"name\":\"Moteur de fen\u00eatre avec m\u00e9canisme Alfa 156 avant gauche\"}]},{\"@type\":\"WebSite\",\"@id\":\"https:\\\/\\\/turijnmagazijn.jumpstone-dev.nl\\\/#website\",\"url\":\"https:\\\/\\\/turijnmagazijn.jumpstone-dev.nl\\\/\",\"name\":\"Turijnmagazijn\",\"description\":\"Onderdelen nieuw en gebruikt - Fiat &amp; Lancia\",\"publisher\":{\"@id\":\"https:\\\/\\\/turijnmagazijn.jumpstone-dev.nl\\\/#organization\"},\"potentialAction\":[{\"@type\":\"SearchAction\",\"target\":{\"@type\":\"EntryPoint\",\"urlTemplate\":\"https:\\\/\\\/turijnmagazijn.jumpstone-dev.nl\\\/?s={search_term_string}\"},\"query-input\":{\"@type\":\"PropertyValueSpecification\",\"valueRequired\":true,\"valueName\":\"search_term_string\"}}],\"inLanguage\":\"fr-FR\"},{\"@type\":\"Organization\",\"@id\":\"https:\\\/\\\/turijnmagazijn.jumpstone-dev.nl\\\/#organization\",\"name\":\"Turijnmagazijn\",\"url\":\"https:\\\/\\\/turijnmagazijn.jumpstone-dev.nl\\\/\",\"logo\":{\"@type\":\"ImageObject\",\"inLanguage\":\"fr-FR\",\"@id\":\"https:\\\/\\\/turijnmagazijn.jumpstone-dev.nl\\\/#\\\/schema\\\/logo\\\/image\\\/\",\"url\":\"https:\\\/\\\/turijnmagazijn.nl\\\/wp-content\\\/uploads\\\/2021\\\/02\\\/turijnmagazijnlogo.png\",\"contentUrl\":\"https:\\\/\\\/turijnmagazijn.nl\\\/wp-content\\\/uploads\\\/2021\\\/02\\\/turijnmagazijnlogo.png\",\"width\":555,\"height\":270,\"caption\":\"Turijnmagazijn\"},\"image\":{\"@id\":\"https:\\\/\\\/turijnmagazijn.jumpstone-dev.nl\\\/#\\\/schema\\\/logo\\\/image\\\/\"},\"sameAs\":[\"https:\\\/\\\/www.facebook.com\\\/turijnmagazijn\"]}]}<\/script>\n<!-- \/ Yoast SEO plugin. -->","yoast_head_json":{"title":"Moteur de fen\u00eatre avec m\u00e9canisme Alfa 156 avant gauche - Turijnmagazijn","robots":{"index":"index","follow":"follow","max-snippet":"max-snippet:-1","max-image-preview":"max-image-preview:large","max-video-preview":"max-video-preview:-1"},"canonical":"https:\/\/turijnmagazijn.nl\/fr\/produit\/vitre-moteur-avec-mecanisme-alpha-156-avant-gauche\/","og_locale":"fr_FR","og_type":"article","og_title":"Moteur de fen\u00eatre avec m\u00e9canisme Alfa 156 avant gauche - Turijnmagazijn","og_description":"Moteur de fen\u00eatre avec m\u00e9canisme Alfa 156 - Moteur de fen\u00eatre d\u2019occasion avec m\u00e9canisme pour Alfa Romeo 156 pour montage dans la porte. Moteur de fen\u00eatre avec m\u00e9canisme Alfa 156 avant gauche - Moteur de fen\u00eatre d\u2019occasion avec m\u00e9canisme pour Alfa Romeo 156 pour montage dans la porte.","og_url":"https:\/\/turijnmagazijn.nl\/fr\/produit\/vitre-moteur-avec-mecanisme-alpha-156-avant-gauche\/","og_site_name":"Turijnmagazijn","article_publisher":"https:\/\/www.facebook.com\/turijnmagazijn","article_modified_time":"2023-07-26T12:12:24+00:00","og_image":[{"width":1600,"height":1200,"url":"https:\/\/turijnmagazijn.jumpstone-dev.nl\/wp-content\/uploads\/2023\/03\/DK00102022_Raammotor_met_mechanisme_Alfa_156_linksvoor_398.jpg","type":"image\/jpeg"}],"twitter_card":"summary_large_image","schema":{"@context":"https:\/\/schema.org","@graph":[{"@type":"WebPage","@id":"https:\/\/turijnmagazijn.nl\/fr\/produit\/vitre-moteur-avec-mecanisme-alpha-156-avant-gauche\/","url":"https:\/\/turijnmagazijn.nl\/fr\/produit\/vitre-moteur-avec-mecanisme-alpha-156-avant-gauche\/","name":"Moteur de fen\u00eatre avec m\u00e9canisme Alfa 156 avant gauche - Turijnmagazijn","isPartOf":{"@id":"https:\/\/turijnmagazijn.jumpstone-dev.nl\/#website"},"primaryImageOfPage":{"@id":"https:\/\/turijnmagazijn.nl\/fr\/produit\/vitre-moteur-avec-mecanisme-alpha-156-avant-gauche\/#primaryimage"},"image":{"@id":"https:\/\/turijnmagazijn.nl\/fr\/produit\/vitre-moteur-avec-mecanisme-alpha-156-avant-gauche\/#primaryimage"},"thumbnailUrl":"https:\/\/turijnmagazijn.nl\/wp-content\/uploads\/2023\/03\/DK00102022_Raammotor_met_mechanisme_Alfa_156_linksvoor_398.jpg","datePublished":"2023-03-03T08:17:40+00:00","dateModified":"2023-07-26T12:12:24+00:00","breadcrumb":{"@id":"https:\/\/turijnmagazijn.nl\/fr\/produit\/vitre-moteur-avec-mecanisme-alpha-156-avant-gauche\/#breadcrumb"},"inLanguage":"fr-FR","potentialAction":[{"@type":"ReadAction","target":["https:\/\/turijnmagazijn.nl\/fr\/produit\/vitre-moteur-avec-mecanisme-alpha-156-avant-gauche\/"]}]},{"@type":"ImageObject","inLanguage":"fr-FR","@id":"https:\/\/turijnmagazijn.nl\/fr\/produit\/vitre-moteur-avec-mecanisme-alpha-156-avant-gauche\/#primaryimage","url":"https:\/\/turijnmagazijn.nl\/wp-content\/uploads\/2023\/03\/DK00102022_Raammotor_met_mechanisme_Alfa_156_linksvoor_398.jpg","contentUrl":"https:\/\/turijnmagazijn.nl\/wp-content\/uploads\/2023\/03\/DK00102022_Raammotor_met_mechanisme_Alfa_156_linksvoor_398.jpg","width":1600,"height":1200},{"@type":"BreadcrumbList","@id":"https:\/\/turijnmagazijn.nl\/fr\/produit\/vitre-moteur-avec-mecanisme-alpha-156-avant-gauche\/#breadcrumb","itemListElement":[{"@type":"ListItem","position":1,"name":"Home","item":"https:\/\/turijnmagazijn.nl\/fr\/"},{"@type":"ListItem","position":2,"name":"Produits","item":"https:\/\/turijnmagazijn.nl\/fr\/shop\/"},{"@type":"ListItem","position":3,"name":"Moteur de fen\u00eatre avec m\u00e9canisme Alfa 156 avant gauche"}]},{"@type":"WebSite","@id":"https:\/\/turijnmagazijn.jumpstone-dev.nl\/#website","url":"https:\/\/turijnmagazijn.jumpstone-dev.nl\/","name":"Turijnmagazijn","description":"Onderdelen nieuw en gebruikt - Fiat &amp; Lancia","publisher":{"@id":"https:\/\/turijnmagazijn.jumpstone-dev.nl\/#organization"},"potentialAction":[{"@type":"SearchAction","target":{"@type":"EntryPoint","urlTemplate":"https:\/\/turijnmagazijn.jumpstone-dev.nl\/?s={search_term_string}"},"query-input":{"@type":"PropertyValueSpecification","valueRequired":true,"valueName":"search_term_string"}}],"inLanguage":"fr-FR"},{"@type":"Organization","@id":"https:\/\/turijnmagazijn.jumpstone-dev.nl\/#organization","name":"Turijnmagazijn","url":"https:\/\/turijnmagazijn.jumpstone-dev.nl\/","logo":{"@type":"ImageObject","inLanguage":"fr-FR","@id":"https:\/\/turijnmagazijn.jumpstone-dev.nl\/#\/schema\/logo\/image\/","url":"https:\/\/turijnmagazijn.nl\/wp-content\/uploads\/2021\/02\/turijnmagazijnlogo.png","contentUrl":"https:\/\/turijnmagazijn.nl\/wp-content\/uploads\/2021\/02\/turijnmagazijnlogo.png","width":555,"height":270,"caption":"Turijnmagazijn"},"image":{"@id":"https:\/\/turijnmagazijn.jumpstone-dev.nl\/#\/schema\/logo\/image\/"},"sameAs":["https:\/\/www.facebook.com\/turijnmagazijn"]}]}},"_links":{"self":[{"href":"https:\/\/turijnmagazijn.nl\/fr\/wp-json\/wp\/v2\/product\/64683","targetHints":{"allow":["GET"]}}],"collection":[{"href":"https:\/\/turijnmagazijn.nl\/fr\/wp-json\/wp\/v2\/product"}],"about":[{"href":"https:\/\/turijnmagazijn.nl\/fr\/wp-json\/wp\/v2\/types\/product"}],"replies":[{"embeddable":true,"href":"https:\/\/turijnmagazijn.nl\/fr\/wp-json\/wp\/v2\/comments?post=64683"}],"wp:featuredmedia":[{"embeddable":true,"href":"https:\/\/turijnmagazijn.nl\/fr\/wp-json\/wp\/v2\/media\/45000"}],"wp:attachment":[{"href":"https:\/\/turijnmagazijn.nl\/fr\/wp-json\/wp\/v2\/media?parent=64683"}],"wp:term":[{"taxonomy":"product_brand","embeddable":true,"href":"https:\/\/turijnmagazijn.nl\/fr\/wp-json\/wp\/v2\/product_brand?post=64683"},{"taxonomy":"product_cat","embeddable":true,"href":"https:\/\/turijnmagazijn.nl\/fr\/wp-json\/wp\/v2\/product_cat?post=64683"},{"taxonomy":"product_tag","embeddable":true,"href":"https:\/\/turijnmagazijn.nl\/fr\/wp-json\/wp\/v2\/product_tag?post=64683"}],"curies":[{"name":"wp","href":"https:\/\/api.w.org\/{rel}","templated":true}]}}