{"id":64762,"date":"2023-03-03T09:18:01","date_gmt":"2023-03-03T08:18:01","guid":{"rendered":"https:\/\/turijnmagazijn.nl\/product\/tableau-de-bord-lancia-kappa-2-0-20v\/"},"modified":"2023-07-26T14:13:08","modified_gmt":"2023-07-26T12:13:08","slug":"tableau-de-bord-lancia-kappa-2-0-20v","status":"publish","type":"product","link":"https:\/\/turijnmagazijn.nl\/fr\/produit\/tableau-de-bord-lancia-kappa-2-0-20v\/","title":{"rendered":"Tableau de bord Lancia Kappa 2.0 20V"},"content":{"rendered":"<p>Tableau de bord d\u2019occasion pour montage dans le tableau de bord de Veglia Borletti pour Lancia Kappa \u00e9quip\u00e9 d\u2019un moteur essence 2.0 20V. Issu d\u2019une berline construite en 1996, mais applicable \u00e0 tous les mod\u00e8les Kappa \u00e9quip\u00e9s de ce moteur. La bo\u00eete de comptoir est en bon \u00e9tat et n\u2019a pratiquement aucun signe d\u2019utilisation. Equip\u00e9 d\u2019un compteur kilom\u00e9trique jusqu\u2019\u00e0 260 km\/h, d\u2019un jauge de niveau de carburant, d\u2019un jauge de temp\u00e9rature d\u2019eau de refroidissement, d\u2019un voltm\u00e8tre et d\u2019un tachym\u00e8tre jusqu\u2019\u00e0 8000 tr\/min avec une plage de r\u00e9gime rouge \u00e0 partir de 7000 tr\/min.<\/p>\n<p>Il y a une fissure dans la plaque de couverture blanche arri\u00e8re. Ceci est facile \u00e0 transf\u00e9rer de votre unit\u00e9 existante.<\/p>\n<p>La lecture de comptoir de cette armoire de comptoir est ???.???.<\/p>\n<p>Toutes les fonctions fonctionnent correctement.<\/p>\n<p>Lancia OEM 82485836<\/p>\n<p><\/p>\n<p><\/p>\n<p>armoire de comptoir Lancia Kappa<\/p>\n<div><\/div>\n","protected":false},"excerpt":{"rendered":"<p>Tableau de bord Lancia Kappa 2.0 20V &#8211; Tableau de bord pour montage dans le tableau de bord du Veglia Borletti pour Lancia Kappa \u00e9quip\u00e9 de 2.Tableau de bord Lancia Kappa 2.0 20V &#8211; Tableau de bord d\u2019occasion pour montage dans le tableau de bord de Veglia  <\/p>\n","protected":false},"featured_media":45176,"comment_status":"open","ping_status":"closed","template":"","meta":{"_acf_changed":false},"product_brand":[],"product_cat":[1865,1860,1798,1870],"product_tag":[],"class_list":{"0":"post-64762","1":"product","2":"type-product","3":"status-publish","4":"has-post-thumbnail","6":"product_cat-coupe-fr","7":"product_cat-kappa-838-fr","8":"product_cat-lancia-fr","9":"product_cat-sw-fr","10":"pa_soort-onderdeel-tableau-de-bord-et-commutateurs","12":"first","13":"instock","14":"shipping-taxable","15":"purchasable","16":"product-type-simple"},"acf":[],"yoast_head":"<!-- This site is optimized with the Yoast SEO plugin v27.3 - https:\/\/yoast.com\/product\/yoast-seo-wordpress\/ -->\n<title>Tableau de bord Lancia Kappa 2.0 20V - Turijnmagazijn<\/title>\n<meta name=\"robots\" content=\"index, follow, max-snippet:-1, max-image-preview:large, max-video-preview:-1\" \/>\n<link rel=\"canonical\" href=\"https:\/\/turijnmagazijn.nl\/fr\/produit\/tableau-de-bord-lancia-kappa-2-0-20v\/\" \/>\n<meta property=\"og:locale\" content=\"fr_FR\" \/>\n<meta property=\"og:type\" content=\"article\" \/>\n<meta property=\"og:title\" content=\"Tableau de bord Lancia Kappa 2.0 20V - Turijnmagazijn\" \/>\n<meta property=\"og:description\" content=\"Tableau de bord Lancia Kappa 2.0 20V - Tableau de bord pour montage dans le tableau de bord du Veglia Borletti pour Lancia Kappa \u00e9quip\u00e9 de 2.Tableau de bord Lancia Kappa 2.0 20V - Tableau de bord d\u2019occasion pour montage dans le tableau de bord de Veglia\" \/>\n<meta property=\"og:url\" content=\"https:\/\/turijnmagazijn.nl\/fr\/produit\/tableau-de-bord-lancia-kappa-2-0-20v\/\" \/>\n<meta property=\"og:site_name\" content=\"Turijnmagazijn\" \/>\n<meta property=\"article:publisher\" content=\"https:\/\/www.facebook.com\/turijnmagazijn\" \/>\n<meta property=\"article:modified_time\" content=\"2023-07-26T12:13:08+00:00\" \/>\n<meta property=\"og:image\" content=\"https:\/\/turijnmagazijn.jumpstone-dev.nl\/wp-content\/uploads\/2023\/03\/DK00102042_Instrumentenpaneel_Lancia_Kappa_2.0_20V_3-1.jpg\" \/>\n\t<meta property=\"og:image:width\" content=\"1024\" \/>\n\t<meta property=\"og:image:height\" content=\"768\" \/>\n\t<meta property=\"og:image:type\" content=\"image\/jpeg\" \/>\n<meta name=\"twitter:card\" content=\"summary_large_image\" \/>\n<meta name=\"twitter:label1\" content=\"Dur\u00e9e de lecture estim\u00e9e\" \/>\n\t<meta name=\"twitter:data1\" content=\"1 minute\" \/>\n<script type=\"application\/ld+json\" class=\"yoast-schema-graph\">{\"@context\":\"https:\\\/\\\/schema.org\",\"@graph\":[{\"@type\":\"WebPage\",\"@id\":\"https:\\\/\\\/turijnmagazijn.nl\\\/fr\\\/produit\\\/tableau-de-bord-lancia-kappa-2-0-20v\\\/\",\"url\":\"https:\\\/\\\/turijnmagazijn.nl\\\/fr\\\/produit\\\/tableau-de-bord-lancia-kappa-2-0-20v\\\/\",\"name\":\"Tableau de bord Lancia Kappa 2.0 20V - Turijnmagazijn\",\"isPartOf\":{\"@id\":\"https:\\\/\\\/turijnmagazijn.jumpstone-dev.nl\\\/#website\"},\"primaryImageOfPage\":{\"@id\":\"https:\\\/\\\/turijnmagazijn.nl\\\/fr\\\/produit\\\/tableau-de-bord-lancia-kappa-2-0-20v\\\/#primaryimage\"},\"image\":{\"@id\":\"https:\\\/\\\/turijnmagazijn.nl\\\/fr\\\/produit\\\/tableau-de-bord-lancia-kappa-2-0-20v\\\/#primaryimage\"},\"thumbnailUrl\":\"https:\\\/\\\/turijnmagazijn.nl\\\/wp-content\\\/uploads\\\/2023\\\/03\\\/DK00102042_Instrumentenpaneel_Lancia_Kappa_2.0_20V_3-1.jpg\",\"datePublished\":\"2023-03-03T08:18:01+00:00\",\"dateModified\":\"2023-07-26T12:13:08+00:00\",\"breadcrumb\":{\"@id\":\"https:\\\/\\\/turijnmagazijn.nl\\\/fr\\\/produit\\\/tableau-de-bord-lancia-kappa-2-0-20v\\\/#breadcrumb\"},\"inLanguage\":\"fr-FR\",\"potentialAction\":[{\"@type\":\"ReadAction\",\"target\":[\"https:\\\/\\\/turijnmagazijn.nl\\\/fr\\\/produit\\\/tableau-de-bord-lancia-kappa-2-0-20v\\\/\"]}]},{\"@type\":\"ImageObject\",\"inLanguage\":\"fr-FR\",\"@id\":\"https:\\\/\\\/turijnmagazijn.nl\\\/fr\\\/produit\\\/tableau-de-bord-lancia-kappa-2-0-20v\\\/#primaryimage\",\"url\":\"https:\\\/\\\/turijnmagazijn.nl\\\/wp-content\\\/uploads\\\/2023\\\/03\\\/DK00102042_Instrumentenpaneel_Lancia_Kappa_2.0_20V_3-1.jpg\",\"contentUrl\":\"https:\\\/\\\/turijnmagazijn.nl\\\/wp-content\\\/uploads\\\/2023\\\/03\\\/DK00102042_Instrumentenpaneel_Lancia_Kappa_2.0_20V_3-1.jpg\",\"width\":1024,\"height\":768},{\"@type\":\"BreadcrumbList\",\"@id\":\"https:\\\/\\\/turijnmagazijn.nl\\\/fr\\\/produit\\\/tableau-de-bord-lancia-kappa-2-0-20v\\\/#breadcrumb\",\"itemListElement\":[{\"@type\":\"ListItem\",\"position\":1,\"name\":\"Home\",\"item\":\"https:\\\/\\\/turijnmagazijn.nl\\\/fr\\\/\"},{\"@type\":\"ListItem\",\"position\":2,\"name\":\"Produits\",\"item\":\"https:\\\/\\\/turijnmagazijn.nl\\\/fr\\\/shop\\\/\"},{\"@type\":\"ListItem\",\"position\":3,\"name\":\"Tableau de bord Lancia Kappa 2.0 20V\"}]},{\"@type\":\"WebSite\",\"@id\":\"https:\\\/\\\/turijnmagazijn.jumpstone-dev.nl\\\/#website\",\"url\":\"https:\\\/\\\/turijnmagazijn.jumpstone-dev.nl\\\/\",\"name\":\"Turijnmagazijn\",\"description\":\"Onderdelen nieuw en gebruikt - Fiat &amp; Lancia\",\"publisher\":{\"@id\":\"https:\\\/\\\/turijnmagazijn.jumpstone-dev.nl\\\/#organization\"},\"potentialAction\":[{\"@type\":\"SearchAction\",\"target\":{\"@type\":\"EntryPoint\",\"urlTemplate\":\"https:\\\/\\\/turijnmagazijn.jumpstone-dev.nl\\\/?s={search_term_string}\"},\"query-input\":{\"@type\":\"PropertyValueSpecification\",\"valueRequired\":true,\"valueName\":\"search_term_string\"}}],\"inLanguage\":\"fr-FR\"},{\"@type\":\"Organization\",\"@id\":\"https:\\\/\\\/turijnmagazijn.jumpstone-dev.nl\\\/#organization\",\"name\":\"Turijnmagazijn\",\"url\":\"https:\\\/\\\/turijnmagazijn.jumpstone-dev.nl\\\/\",\"logo\":{\"@type\":\"ImageObject\",\"inLanguage\":\"fr-FR\",\"@id\":\"https:\\\/\\\/turijnmagazijn.jumpstone-dev.nl\\\/#\\\/schema\\\/logo\\\/image\\\/\",\"url\":\"https:\\\/\\\/turijnmagazijn.nl\\\/wp-content\\\/uploads\\\/2021\\\/02\\\/turijnmagazijnlogo.png\",\"contentUrl\":\"https:\\\/\\\/turijnmagazijn.nl\\\/wp-content\\\/uploads\\\/2021\\\/02\\\/turijnmagazijnlogo.png\",\"width\":555,\"height\":270,\"caption\":\"Turijnmagazijn\"},\"image\":{\"@id\":\"https:\\\/\\\/turijnmagazijn.jumpstone-dev.nl\\\/#\\\/schema\\\/logo\\\/image\\\/\"},\"sameAs\":[\"https:\\\/\\\/www.facebook.com\\\/turijnmagazijn\"]}]}<\/script>\n<!-- \/ Yoast SEO plugin. -->","yoast_head_json":{"title":"Tableau de bord Lancia Kappa 2.0 20V - Turijnmagazijn","robots":{"index":"index","follow":"follow","max-snippet":"max-snippet:-1","max-image-preview":"max-image-preview:large","max-video-preview":"max-video-preview:-1"},"canonical":"https:\/\/turijnmagazijn.nl\/fr\/produit\/tableau-de-bord-lancia-kappa-2-0-20v\/","og_locale":"fr_FR","og_type":"article","og_title":"Tableau de bord Lancia Kappa 2.0 20V - Turijnmagazijn","og_description":"Tableau de bord Lancia Kappa 2.0 20V - Tableau de bord pour montage dans le tableau de bord du Veglia Borletti pour Lancia Kappa \u00e9quip\u00e9 de 2.Tableau de bord Lancia Kappa 2.0 20V - Tableau de bord d\u2019occasion pour montage dans le tableau de bord de Veglia","og_url":"https:\/\/turijnmagazijn.nl\/fr\/produit\/tableau-de-bord-lancia-kappa-2-0-20v\/","og_site_name":"Turijnmagazijn","article_publisher":"https:\/\/www.facebook.com\/turijnmagazijn","article_modified_time":"2023-07-26T12:13:08+00:00","og_image":[{"width":1024,"height":768,"url":"https:\/\/turijnmagazijn.jumpstone-dev.nl\/wp-content\/uploads\/2023\/03\/DK00102042_Instrumentenpaneel_Lancia_Kappa_2.0_20V_3-1.jpg","type":"image\/jpeg"}],"twitter_card":"summary_large_image","twitter_misc":{"Dur\u00e9e de lecture estim\u00e9e":"1 minute"},"schema":{"@context":"https:\/\/schema.org","@graph":[{"@type":"WebPage","@id":"https:\/\/turijnmagazijn.nl\/fr\/produit\/tableau-de-bord-lancia-kappa-2-0-20v\/","url":"https:\/\/turijnmagazijn.nl\/fr\/produit\/tableau-de-bord-lancia-kappa-2-0-20v\/","name":"Tableau de bord Lancia Kappa 2.0 20V - Turijnmagazijn","isPartOf":{"@id":"https:\/\/turijnmagazijn.jumpstone-dev.nl\/#website"},"primaryImageOfPage":{"@id":"https:\/\/turijnmagazijn.nl\/fr\/produit\/tableau-de-bord-lancia-kappa-2-0-20v\/#primaryimage"},"image":{"@id":"https:\/\/turijnmagazijn.nl\/fr\/produit\/tableau-de-bord-lancia-kappa-2-0-20v\/#primaryimage"},"thumbnailUrl":"https:\/\/turijnmagazijn.nl\/wp-content\/uploads\/2023\/03\/DK00102042_Instrumentenpaneel_Lancia_Kappa_2.0_20V_3-1.jpg","datePublished":"2023-03-03T08:18:01+00:00","dateModified":"2023-07-26T12:13:08+00:00","breadcrumb":{"@id":"https:\/\/turijnmagazijn.nl\/fr\/produit\/tableau-de-bord-lancia-kappa-2-0-20v\/#breadcrumb"},"inLanguage":"fr-FR","potentialAction":[{"@type":"ReadAction","target":["https:\/\/turijnmagazijn.nl\/fr\/produit\/tableau-de-bord-lancia-kappa-2-0-20v\/"]}]},{"@type":"ImageObject","inLanguage":"fr-FR","@id":"https:\/\/turijnmagazijn.nl\/fr\/produit\/tableau-de-bord-lancia-kappa-2-0-20v\/#primaryimage","url":"https:\/\/turijnmagazijn.nl\/wp-content\/uploads\/2023\/03\/DK00102042_Instrumentenpaneel_Lancia_Kappa_2.0_20V_3-1.jpg","contentUrl":"https:\/\/turijnmagazijn.nl\/wp-content\/uploads\/2023\/03\/DK00102042_Instrumentenpaneel_Lancia_Kappa_2.0_20V_3-1.jpg","width":1024,"height":768},{"@type":"BreadcrumbList","@id":"https:\/\/turijnmagazijn.nl\/fr\/produit\/tableau-de-bord-lancia-kappa-2-0-20v\/#breadcrumb","itemListElement":[{"@type":"ListItem","position":1,"name":"Home","item":"https:\/\/turijnmagazijn.nl\/fr\/"},{"@type":"ListItem","position":2,"name":"Produits","item":"https:\/\/turijnmagazijn.nl\/fr\/shop\/"},{"@type":"ListItem","position":3,"name":"Tableau de bord Lancia Kappa 2.0 20V"}]},{"@type":"WebSite","@id":"https:\/\/turijnmagazijn.jumpstone-dev.nl\/#website","url":"https:\/\/turijnmagazijn.jumpstone-dev.nl\/","name":"Turijnmagazijn","description":"Onderdelen nieuw en gebruikt - Fiat &amp; Lancia","publisher":{"@id":"https:\/\/turijnmagazijn.jumpstone-dev.nl\/#organization"},"potentialAction":[{"@type":"SearchAction","target":{"@type":"EntryPoint","urlTemplate":"https:\/\/turijnmagazijn.jumpstone-dev.nl\/?s={search_term_string}"},"query-input":{"@type":"PropertyValueSpecification","valueRequired":true,"valueName":"search_term_string"}}],"inLanguage":"fr-FR"},{"@type":"Organization","@id":"https:\/\/turijnmagazijn.jumpstone-dev.nl\/#organization","name":"Turijnmagazijn","url":"https:\/\/turijnmagazijn.jumpstone-dev.nl\/","logo":{"@type":"ImageObject","inLanguage":"fr-FR","@id":"https:\/\/turijnmagazijn.jumpstone-dev.nl\/#\/schema\/logo\/image\/","url":"https:\/\/turijnmagazijn.nl\/wp-content\/uploads\/2021\/02\/turijnmagazijnlogo.png","contentUrl":"https:\/\/turijnmagazijn.nl\/wp-content\/uploads\/2021\/02\/turijnmagazijnlogo.png","width":555,"height":270,"caption":"Turijnmagazijn"},"image":{"@id":"https:\/\/turijnmagazijn.jumpstone-dev.nl\/#\/schema\/logo\/image\/"},"sameAs":["https:\/\/www.facebook.com\/turijnmagazijn"]}]}},"_links":{"self":[{"href":"https:\/\/turijnmagazijn.nl\/fr\/wp-json\/wp\/v2\/product\/64762","targetHints":{"allow":["GET"]}}],"collection":[{"href":"https:\/\/turijnmagazijn.nl\/fr\/wp-json\/wp\/v2\/product"}],"about":[{"href":"https:\/\/turijnmagazijn.nl\/fr\/wp-json\/wp\/v2\/types\/product"}],"replies":[{"embeddable":true,"href":"https:\/\/turijnmagazijn.nl\/fr\/wp-json\/wp\/v2\/comments?post=64762"}],"wp:featuredmedia":[{"embeddable":true,"href":"https:\/\/turijnmagazijn.nl\/fr\/wp-json\/wp\/v2\/media\/45176"}],"wp:attachment":[{"href":"https:\/\/turijnmagazijn.nl\/fr\/wp-json\/wp\/v2\/media?parent=64762"}],"wp:term":[{"taxonomy":"product_brand","embeddable":true,"href":"https:\/\/turijnmagazijn.nl\/fr\/wp-json\/wp\/v2\/product_brand?post=64762"},{"taxonomy":"product_cat","embeddable":true,"href":"https:\/\/turijnmagazijn.nl\/fr\/wp-json\/wp\/v2\/product_cat?post=64762"},{"taxonomy":"product_tag","embeddable":true,"href":"https:\/\/turijnmagazijn.nl\/fr\/wp-json\/wp\/v2\/product_tag?post=64762"}],"curies":[{"name":"wp","href":"https:\/\/api.w.org\/{rel}","templated":true}]}}