{"id":64796,"date":"2023-03-03T09:18:23","date_gmt":"2023-03-03T08:18:23","guid":{"rendered":"https:\/\/turijnmagazijn.nl\/product\/interrupteur-de-fenetre-lancia-delta-ii-hpe-avant-droite\/"},"modified":"2023-07-26T14:23:53","modified_gmt":"2023-07-26T12:23:53","slug":"commutateur-de-fenetre-lancia-delta-ii-hpe-right-front","status":"publish","type":"product","link":"https:\/\/turijnmagazijn.nl\/fr\/produit\/commutateur-de-fenetre-lancia-delta-ii-hpe-right-front\/","title":{"rendered":"Interrupteur de fen\u00eatre Lancia Delta II HPE Avant Droite"},"content":{"rendered":"<p>Interrupteur de fen\u00eatre d\u2019occasion \u00e0 droite pour Lancia Delta II tous les mod\u00e8les. Destin\u00e9 \u00e0 \u00eatre mont\u00e9 du c\u00f4t\u00e9 passager dans la porte avant. Comprend seulement 1 interrupteur pour la commande de fen\u00eatre dans la porte passager.<\/p>\n<p>D\u2019apr\u00e8s une Delta II construite en 1999. En bon \u00e9tat de fonctionnement.<\/p>\n<p>Lancia OEM 713081080<\/p>\n","protected":false},"excerpt":{"rendered":"<p>Interrupteur de fen\u00eatre Lancia Delta II HPE Right-front &#8211; Interrupteur de fen\u00eatre d\u2019occasion droit pour Lancia Delta II tous les mod\u00e8les.<\/p>\n","protected":false},"featured_media":45512,"comment_status":"open","ping_status":"closed","template":"","meta":{"_acf_changed":false},"product_brand":[],"product_cat":[1846,1851,1841,1798],"product_tag":[],"class_list":{"0":"post-64796","1":"product","2":"type-product","3":"status-publish","4":"has-post-thumbnail","6":"product_cat-3-deurs-hpe-fr","7":"product_cat-5-deurs-fr","8":"product_cat-delta-2-836-fr","9":"product_cat-lancia-fr","10":"pa_soort-onderdeel-fenetres-et-accessoires","11":"pa_soort-onderdeel-suspension-et-chassis","13":"first","14":"instock","15":"shipping-taxable","16":"purchasable","17":"product-type-simple"},"acf":[],"yoast_head":"<!-- This site is optimized with the Yoast SEO plugin v27.2 - https:\/\/yoast.com\/product\/yoast-seo-wordpress\/ -->\n<title>Interrupteur de fen\u00eatre Lancia Delta II HPE Avant Droite - Turijnmagazijn<\/title>\n<meta name=\"robots\" content=\"index, follow, max-snippet:-1, max-image-preview:large, max-video-preview:-1\" \/>\n<link rel=\"canonical\" href=\"https:\/\/turijnmagazijn.nl\/fr\/produit\/commutateur-de-fenetre-lancia-delta-ii-hpe-right-front\/\" \/>\n<meta property=\"og:locale\" content=\"fr_FR\" \/>\n<meta property=\"og:type\" content=\"article\" \/>\n<meta property=\"og:title\" content=\"Interrupteur de fen\u00eatre Lancia Delta II HPE Avant Droite - Turijnmagazijn\" \/>\n<meta property=\"og:description\" content=\"Interrupteur de fen\u00eatre Lancia Delta II HPE Right-front - Interrupteur de fen\u00eatre d\u2019occasion droit pour Lancia Delta II tous les mod\u00e8les.\" \/>\n<meta property=\"og:url\" content=\"https:\/\/turijnmagazijn.nl\/fr\/produit\/commutateur-de-fenetre-lancia-delta-ii-hpe-right-front\/\" \/>\n<meta property=\"og:site_name\" content=\"Turijnmagazijn\" \/>\n<meta property=\"article:publisher\" content=\"https:\/\/www.facebook.com\/turijnmagazijn\" \/>\n<meta property=\"article:modified_time\" content=\"2023-07-26T12:23:53+00:00\" \/>\n<meta property=\"og:image\" content=\"https:\/\/turijnmagazijn.jumpstone-dev.nl\/wp-content\/uploads\/2023\/03\/DK00102075-Raamschakelaar-Lancia-Delta-II-HPE-Rechts-voor-3-1.jpg\" \/>\n\t<meta property=\"og:image:width\" content=\"1024\" \/>\n\t<meta property=\"og:image:height\" content=\"768\" \/>\n\t<meta property=\"og:image:type\" content=\"image\/jpeg\" \/>\n<meta name=\"twitter:card\" content=\"summary_large_image\" \/>\n<script type=\"application\/ld+json\" class=\"yoast-schema-graph\">{\"@context\":\"https:\/\/schema.org\",\"@graph\":[{\"@type\":\"WebPage\",\"@id\":\"https:\/\/turijnmagazijn.nl\/fr\/produit\/commutateur-de-fenetre-lancia-delta-ii-hpe-right-front\/\",\"url\":\"https:\/\/turijnmagazijn.nl\/fr\/produit\/commutateur-de-fenetre-lancia-delta-ii-hpe-right-front\/\",\"name\":\"Interrupteur de fen\u00eatre Lancia Delta II HPE Avant Droite - Turijnmagazijn\",\"isPartOf\":{\"@id\":\"https:\/\/turijnmagazijn.jumpstone-dev.nl\/#website\"},\"primaryImageOfPage\":{\"@id\":\"https:\/\/turijnmagazijn.nl\/fr\/produit\/commutateur-de-fenetre-lancia-delta-ii-hpe-right-front\/#primaryimage\"},\"image\":{\"@id\":\"https:\/\/turijnmagazijn.nl\/fr\/produit\/commutateur-de-fenetre-lancia-delta-ii-hpe-right-front\/#primaryimage\"},\"thumbnailUrl\":\"https:\/\/turijnmagazijn.nl\/wp-content\/uploads\/2023\/03\/DK00102075-Raamschakelaar-Lancia-Delta-II-HPE-Rechts-voor-3-1.jpg\",\"datePublished\":\"2023-03-03T08:18:23+00:00\",\"dateModified\":\"2023-07-26T12:23:53+00:00\",\"breadcrumb\":{\"@id\":\"https:\/\/turijnmagazijn.nl\/fr\/produit\/commutateur-de-fenetre-lancia-delta-ii-hpe-right-front\/#breadcrumb\"},\"inLanguage\":\"fr-FR\",\"potentialAction\":[{\"@type\":\"ReadAction\",\"target\":[\"https:\/\/turijnmagazijn.nl\/fr\/produit\/commutateur-de-fenetre-lancia-delta-ii-hpe-right-front\/\"]}]},{\"@type\":\"ImageObject\",\"inLanguage\":\"fr-FR\",\"@id\":\"https:\/\/turijnmagazijn.nl\/fr\/produit\/commutateur-de-fenetre-lancia-delta-ii-hpe-right-front\/#primaryimage\",\"url\":\"https:\/\/turijnmagazijn.nl\/wp-content\/uploads\/2023\/03\/DK00102075-Raamschakelaar-Lancia-Delta-II-HPE-Rechts-voor-3-1.jpg\",\"contentUrl\":\"https:\/\/turijnmagazijn.nl\/wp-content\/uploads\/2023\/03\/DK00102075-Raamschakelaar-Lancia-Delta-II-HPE-Rechts-voor-3-1.jpg\",\"width\":1024,\"height\":768},{\"@type\":\"BreadcrumbList\",\"@id\":\"https:\/\/turijnmagazijn.nl\/fr\/produit\/commutateur-de-fenetre-lancia-delta-ii-hpe-right-front\/#breadcrumb\",\"itemListElement\":[{\"@type\":\"ListItem\",\"position\":1,\"name\":\"Home\",\"item\":\"https:\/\/turijnmagazijn.nl\/fr\/\"},{\"@type\":\"ListItem\",\"position\":2,\"name\":\"Produits\",\"item\":\"https:\/\/turijnmagazijn.nl\/fr\/shop\/\"},{\"@type\":\"ListItem\",\"position\":3,\"name\":\"Interrupteur de fen\u00eatre Lancia Delta II HPE Avant Droite\"}]},{\"@type\":\"WebSite\",\"@id\":\"https:\/\/turijnmagazijn.jumpstone-dev.nl\/#website\",\"url\":\"https:\/\/turijnmagazijn.jumpstone-dev.nl\/\",\"name\":\"Turijnmagazijn\",\"description\":\"Onderdelen nieuw en gebruikt - Fiat &amp; Lancia\",\"publisher\":{\"@id\":\"https:\/\/turijnmagazijn.jumpstone-dev.nl\/#organization\"},\"potentialAction\":[{\"@type\":\"SearchAction\",\"target\":{\"@type\":\"EntryPoint\",\"urlTemplate\":\"https:\/\/turijnmagazijn.jumpstone-dev.nl\/?s={search_term_string}\"},\"query-input\":{\"@type\":\"PropertyValueSpecification\",\"valueRequired\":true,\"valueName\":\"search_term_string\"}}],\"inLanguage\":\"fr-FR\"},{\"@type\":\"Organization\",\"@id\":\"https:\/\/turijnmagazijn.jumpstone-dev.nl\/#organization\",\"name\":\"Turijnmagazijn\",\"url\":\"https:\/\/turijnmagazijn.jumpstone-dev.nl\/\",\"logo\":{\"@type\":\"ImageObject\",\"inLanguage\":\"fr-FR\",\"@id\":\"https:\/\/turijnmagazijn.jumpstone-dev.nl\/#\/schema\/logo\/image\/\",\"url\":\"https:\/\/turijnmagazijn.nl\/wp-content\/uploads\/2021\/02\/turijnmagazijnlogo.png\",\"contentUrl\":\"https:\/\/turijnmagazijn.nl\/wp-content\/uploads\/2021\/02\/turijnmagazijnlogo.png\",\"width\":555,\"height\":270,\"caption\":\"Turijnmagazijn\"},\"image\":{\"@id\":\"https:\/\/turijnmagazijn.jumpstone-dev.nl\/#\/schema\/logo\/image\/\"},\"sameAs\":[\"https:\/\/www.facebook.com\/turijnmagazijn\"]}]}<\/script>\n<!-- \/ Yoast SEO plugin. -->","yoast_head_json":{"title":"Interrupteur de fen\u00eatre Lancia Delta II HPE Avant Droite - Turijnmagazijn","robots":{"index":"index","follow":"follow","max-snippet":"max-snippet:-1","max-image-preview":"max-image-preview:large","max-video-preview":"max-video-preview:-1"},"canonical":"https:\/\/turijnmagazijn.nl\/fr\/produit\/commutateur-de-fenetre-lancia-delta-ii-hpe-right-front\/","og_locale":"fr_FR","og_type":"article","og_title":"Interrupteur de fen\u00eatre Lancia Delta II HPE Avant Droite - Turijnmagazijn","og_description":"Interrupteur de fen\u00eatre Lancia Delta II HPE Right-front - Interrupteur de fen\u00eatre d\u2019occasion droit pour Lancia Delta II tous les mod\u00e8les.","og_url":"https:\/\/turijnmagazijn.nl\/fr\/produit\/commutateur-de-fenetre-lancia-delta-ii-hpe-right-front\/","og_site_name":"Turijnmagazijn","article_publisher":"https:\/\/www.facebook.com\/turijnmagazijn","article_modified_time":"2023-07-26T12:23:53+00:00","og_image":[{"width":1024,"height":768,"url":"https:\/\/turijnmagazijn.jumpstone-dev.nl\/wp-content\/uploads\/2023\/03\/DK00102075-Raamschakelaar-Lancia-Delta-II-HPE-Rechts-voor-3-1.jpg","type":"image\/jpeg"}],"twitter_card":"summary_large_image","schema":{"@context":"https:\/\/schema.org","@graph":[{"@type":"WebPage","@id":"https:\/\/turijnmagazijn.nl\/fr\/produit\/commutateur-de-fenetre-lancia-delta-ii-hpe-right-front\/","url":"https:\/\/turijnmagazijn.nl\/fr\/produit\/commutateur-de-fenetre-lancia-delta-ii-hpe-right-front\/","name":"Interrupteur de fen\u00eatre Lancia Delta II HPE Avant Droite - Turijnmagazijn","isPartOf":{"@id":"https:\/\/turijnmagazijn.jumpstone-dev.nl\/#website"},"primaryImageOfPage":{"@id":"https:\/\/turijnmagazijn.nl\/fr\/produit\/commutateur-de-fenetre-lancia-delta-ii-hpe-right-front\/#primaryimage"},"image":{"@id":"https:\/\/turijnmagazijn.nl\/fr\/produit\/commutateur-de-fenetre-lancia-delta-ii-hpe-right-front\/#primaryimage"},"thumbnailUrl":"https:\/\/turijnmagazijn.nl\/wp-content\/uploads\/2023\/03\/DK00102075-Raamschakelaar-Lancia-Delta-II-HPE-Rechts-voor-3-1.jpg","datePublished":"2023-03-03T08:18:23+00:00","dateModified":"2023-07-26T12:23:53+00:00","breadcrumb":{"@id":"https:\/\/turijnmagazijn.nl\/fr\/produit\/commutateur-de-fenetre-lancia-delta-ii-hpe-right-front\/#breadcrumb"},"inLanguage":"fr-FR","potentialAction":[{"@type":"ReadAction","target":["https:\/\/turijnmagazijn.nl\/fr\/produit\/commutateur-de-fenetre-lancia-delta-ii-hpe-right-front\/"]}]},{"@type":"ImageObject","inLanguage":"fr-FR","@id":"https:\/\/turijnmagazijn.nl\/fr\/produit\/commutateur-de-fenetre-lancia-delta-ii-hpe-right-front\/#primaryimage","url":"https:\/\/turijnmagazijn.nl\/wp-content\/uploads\/2023\/03\/DK00102075-Raamschakelaar-Lancia-Delta-II-HPE-Rechts-voor-3-1.jpg","contentUrl":"https:\/\/turijnmagazijn.nl\/wp-content\/uploads\/2023\/03\/DK00102075-Raamschakelaar-Lancia-Delta-II-HPE-Rechts-voor-3-1.jpg","width":1024,"height":768},{"@type":"BreadcrumbList","@id":"https:\/\/turijnmagazijn.nl\/fr\/produit\/commutateur-de-fenetre-lancia-delta-ii-hpe-right-front\/#breadcrumb","itemListElement":[{"@type":"ListItem","position":1,"name":"Home","item":"https:\/\/turijnmagazijn.nl\/fr\/"},{"@type":"ListItem","position":2,"name":"Produits","item":"https:\/\/turijnmagazijn.nl\/fr\/shop\/"},{"@type":"ListItem","position":3,"name":"Interrupteur de fen\u00eatre Lancia Delta II HPE Avant Droite"}]},{"@type":"WebSite","@id":"https:\/\/turijnmagazijn.jumpstone-dev.nl\/#website","url":"https:\/\/turijnmagazijn.jumpstone-dev.nl\/","name":"Turijnmagazijn","description":"Onderdelen nieuw en gebruikt - Fiat &amp; Lancia","publisher":{"@id":"https:\/\/turijnmagazijn.jumpstone-dev.nl\/#organization"},"potentialAction":[{"@type":"SearchAction","target":{"@type":"EntryPoint","urlTemplate":"https:\/\/turijnmagazijn.jumpstone-dev.nl\/?s={search_term_string}"},"query-input":{"@type":"PropertyValueSpecification","valueRequired":true,"valueName":"search_term_string"}}],"inLanguage":"fr-FR"},{"@type":"Organization","@id":"https:\/\/turijnmagazijn.jumpstone-dev.nl\/#organization","name":"Turijnmagazijn","url":"https:\/\/turijnmagazijn.jumpstone-dev.nl\/","logo":{"@type":"ImageObject","inLanguage":"fr-FR","@id":"https:\/\/turijnmagazijn.jumpstone-dev.nl\/#\/schema\/logo\/image\/","url":"https:\/\/turijnmagazijn.nl\/wp-content\/uploads\/2021\/02\/turijnmagazijnlogo.png","contentUrl":"https:\/\/turijnmagazijn.nl\/wp-content\/uploads\/2021\/02\/turijnmagazijnlogo.png","width":555,"height":270,"caption":"Turijnmagazijn"},"image":{"@id":"https:\/\/turijnmagazijn.jumpstone-dev.nl\/#\/schema\/logo\/image\/"},"sameAs":["https:\/\/www.facebook.com\/turijnmagazijn"]}]}},"_links":{"self":[{"href":"https:\/\/turijnmagazijn.nl\/fr\/wp-json\/wp\/v2\/product\/64796","targetHints":{"allow":["GET"]}}],"collection":[{"href":"https:\/\/turijnmagazijn.nl\/fr\/wp-json\/wp\/v2\/product"}],"about":[{"href":"https:\/\/turijnmagazijn.nl\/fr\/wp-json\/wp\/v2\/types\/product"}],"replies":[{"embeddable":true,"href":"https:\/\/turijnmagazijn.nl\/fr\/wp-json\/wp\/v2\/comments?post=64796"}],"wp:featuredmedia":[{"embeddable":true,"href":"https:\/\/turijnmagazijn.nl\/fr\/wp-json\/wp\/v2\/media\/45512"}],"wp:attachment":[{"href":"https:\/\/turijnmagazijn.nl\/fr\/wp-json\/wp\/v2\/media?parent=64796"}],"wp:term":[{"taxonomy":"product_brand","embeddable":true,"href":"https:\/\/turijnmagazijn.nl\/fr\/wp-json\/wp\/v2\/product_brand?post=64796"},{"taxonomy":"product_cat","embeddable":true,"href":"https:\/\/turijnmagazijn.nl\/fr\/wp-json\/wp\/v2\/product_cat?post=64796"},{"taxonomy":"product_tag","embeddable":true,"href":"https:\/\/turijnmagazijn.nl\/fr\/wp-json\/wp\/v2\/product_tag?post=64796"}],"curies":[{"name":"wp","href":"https:\/\/api.w.org\/{rel}","templated":true}]}}