{"id":64823,"date":"2023-03-03T08:18:46","date_gmt":"2023-03-03T07:18:46","guid":{"rendered":"https:\/\/turijnmagazijn.nl\/product\/retroviseur-exterieur-a-reglage-electrique-fiat-bravo-i-5drs-nouveau\/"},"modified":"2023-07-26T13:34:06","modified_gmt":"2023-07-26T11:34:06","slug":"retroviseur-exterieur-electrique-reglable-droit-fiat-bravo-i-5drs-nouveau","status":"publish","type":"product","link":"https:\/\/turijnmagazijn.nl\/fr\/produit\/retroviseur-exterieur-electrique-reglable-droit-fiat-bravo-i-5drs-nouveau\/","title":{"rendered":"R\u00e9troviseur ext\u00e9rieur \u00e0 r\u00e9glage \u00e9lectrique Fiat Bravo I 5drs -NOUVEAU-"},"content":{"rendered":"<p>Nouvelle Fiat Mirror originale pour la Fiat Brava ann\u00e9e 1995 \u00e0 2001.<\/p>\n<p>Version adapt\u00e9e aux miroirs projet\u00e9s. Le couvercle du miroir est fini en mastic pulv\u00e9risateur donc pr\u00eat pour la pulv\u00e9risation.<\/p>\n<p>Nouveau produit sans emballage.<\/p>\n<p><\/p>\n<p>&nbsp;<span style=\"text-align: -webkit-right;\">735249770<\/span> OEM<\/p>\n","protected":false},"excerpt":{"rendered":"<p>R\u00e9troviseur ext\u00e9rieur \u00e0 r\u00e9glage \u00e9lectrique droit Fiat Bravo I 5drs -NOUVEAU- &#8211; Nouveau r\u00e9troviseur Fiat d\u2019origine pour la Fiat Brava ann\u00e9e 1995 \u00e0 2001.<\/p>\n","protected":false},"featured_media":46040,"comment_status":"open","ping_status":"closed","template":"","meta":{"_acf_changed":false},"product_brand":[],"product_cat":[1705,1709,1690,1736],"product_tag":[],"class_list":{"0":"post-64823","1":"product","2":"type-product","3":"status-publish","4":"has-post-thumbnail","6":"product_cat-brava-198-fr","7":"product_cat-bravo-198-fr","8":"product_cat-fiat-fr","9":"product_cat-marea-185-fr","10":"pa_soort-onderdeel-eclairage","11":"pa_soort-onderdeel-miroirs","13":"first","14":"instock","15":"shipping-taxable","16":"purchasable","17":"product-type-simple"},"acf":[],"yoast_head":"<!-- This site is optimized with the Yoast SEO plugin v27.2 - https:\/\/yoast.com\/product\/yoast-seo-wordpress\/ -->\n<title>R\u00e9troviseur ext\u00e9rieur \u00e0 r\u00e9glage \u00e9lectrique Fiat Bravo I 5drs -NOUVEAU- Turijnmagazijn<\/title>\n<meta name=\"robots\" content=\"index, follow, max-snippet:-1, max-image-preview:large, max-video-preview:-1\" \/>\n<link rel=\"canonical\" href=\"https:\/\/turijnmagazijn.nl\/fr\/produit\/retroviseur-exterieur-electrique-reglable-droit-fiat-bravo-i-5drs-nouveau\/\" \/>\n<meta property=\"og:locale\" content=\"fr_FR\" \/>\n<meta property=\"og:type\" content=\"article\" \/>\n<meta property=\"og:title\" content=\"R\u00e9troviseur ext\u00e9rieur \u00e0 r\u00e9glage \u00e9lectrique Fiat Bravo I 5drs -NOUVEAU- Turijnmagazijn\" \/>\n<meta property=\"og:description\" content=\"R\u00e9troviseur ext\u00e9rieur \u00e0 r\u00e9glage \u00e9lectrique droit Fiat Bravo I 5drs -NOUVEAU- - Nouveau r\u00e9troviseur Fiat d\u2019origine pour la Fiat Brava ann\u00e9e 1995 \u00e0 2001.\" \/>\n<meta property=\"og:url\" content=\"https:\/\/turijnmagazijn.nl\/fr\/produit\/retroviseur-exterieur-electrique-reglable-droit-fiat-bravo-i-5drs-nouveau\/\" \/>\n<meta property=\"og:site_name\" content=\"Turijnmagazijn\" \/>\n<meta property=\"article:publisher\" content=\"https:\/\/www.facebook.com\/turijnmagazijn\" \/>\n<meta property=\"article:modified_time\" content=\"2023-07-26T11:34:06+00:00\" \/>\n<meta property=\"og:image\" content=\"https:\/\/turijnmagazijn.jumpstone-dev.nl\/wp-content\/uploads\/2023\/03\/DK00102121-Buitenspiegel-elektrisch-verstelbaar-Rechts-Fiat-Bravo-I-5drs-NIEUW-3-1.jpg\" \/>\n\t<meta property=\"og:image:width\" content=\"1024\" \/>\n\t<meta property=\"og:image:height\" content=\"768\" \/>\n\t<meta property=\"og:image:type\" content=\"image\/jpeg\" \/>\n<meta name=\"twitter:card\" content=\"summary_large_image\" \/>\n<script type=\"application\/ld+json\" class=\"yoast-schema-graph\">{\"@context\":\"https:\/\/schema.org\",\"@graph\":[{\"@type\":\"WebPage\",\"@id\":\"https:\/\/turijnmagazijn.nl\/fr\/produit\/retroviseur-exterieur-electrique-reglable-droit-fiat-bravo-i-5drs-nouveau\/\",\"url\":\"https:\/\/turijnmagazijn.nl\/fr\/produit\/retroviseur-exterieur-electrique-reglable-droit-fiat-bravo-i-5drs-nouveau\/\",\"name\":\"R\u00e9troviseur ext\u00e9rieur \u00e0 r\u00e9glage \u00e9lectrique Fiat Bravo I 5drs -NOUVEAU- Turijnmagazijn\",\"isPartOf\":{\"@id\":\"https:\/\/turijnmagazijn.jumpstone-dev.nl\/#website\"},\"primaryImageOfPage\":{\"@id\":\"https:\/\/turijnmagazijn.nl\/fr\/produit\/retroviseur-exterieur-electrique-reglable-droit-fiat-bravo-i-5drs-nouveau\/#primaryimage\"},\"image\":{\"@id\":\"https:\/\/turijnmagazijn.nl\/fr\/produit\/retroviseur-exterieur-electrique-reglable-droit-fiat-bravo-i-5drs-nouveau\/#primaryimage\"},\"thumbnailUrl\":\"https:\/\/turijnmagazijn.nl\/wp-content\/uploads\/2023\/03\/DK00102121-Buitenspiegel-elektrisch-verstelbaar-Rechts-Fiat-Bravo-I-5drs-NIEUW-3-1.jpg\",\"datePublished\":\"2023-03-03T07:18:46+00:00\",\"dateModified\":\"2023-07-26T11:34:06+00:00\",\"breadcrumb\":{\"@id\":\"https:\/\/turijnmagazijn.nl\/fr\/produit\/retroviseur-exterieur-electrique-reglable-droit-fiat-bravo-i-5drs-nouveau\/#breadcrumb\"},\"inLanguage\":\"fr-FR\",\"potentialAction\":[{\"@type\":\"ReadAction\",\"target\":[\"https:\/\/turijnmagazijn.nl\/fr\/produit\/retroviseur-exterieur-electrique-reglable-droit-fiat-bravo-i-5drs-nouveau\/\"]}]},{\"@type\":\"ImageObject\",\"inLanguage\":\"fr-FR\",\"@id\":\"https:\/\/turijnmagazijn.nl\/fr\/produit\/retroviseur-exterieur-electrique-reglable-droit-fiat-bravo-i-5drs-nouveau\/#primaryimage\",\"url\":\"https:\/\/turijnmagazijn.nl\/wp-content\/uploads\/2023\/03\/DK00102121-Buitenspiegel-elektrisch-verstelbaar-Rechts-Fiat-Bravo-I-5drs-NIEUW-3-1.jpg\",\"contentUrl\":\"https:\/\/turijnmagazijn.nl\/wp-content\/uploads\/2023\/03\/DK00102121-Buitenspiegel-elektrisch-verstelbaar-Rechts-Fiat-Bravo-I-5drs-NIEUW-3-1.jpg\",\"width\":1024,\"height\":768},{\"@type\":\"BreadcrumbList\",\"@id\":\"https:\/\/turijnmagazijn.nl\/fr\/produit\/retroviseur-exterieur-electrique-reglable-droit-fiat-bravo-i-5drs-nouveau\/#breadcrumb\",\"itemListElement\":[{\"@type\":\"ListItem\",\"position\":1,\"name\":\"Home\",\"item\":\"https:\/\/turijnmagazijn.nl\/fr\/\"},{\"@type\":\"ListItem\",\"position\":2,\"name\":\"Produits\",\"item\":\"https:\/\/turijnmagazijn.nl\/fr\/shop\/\"},{\"@type\":\"ListItem\",\"position\":3,\"name\":\"R\u00e9troviseur ext\u00e9rieur \u00e0 r\u00e9glage \u00e9lectrique Fiat Bravo I 5drs -NOUVEAU-\"}]},{\"@type\":\"WebSite\",\"@id\":\"https:\/\/turijnmagazijn.jumpstone-dev.nl\/#website\",\"url\":\"https:\/\/turijnmagazijn.jumpstone-dev.nl\/\",\"name\":\"Turijnmagazijn\",\"description\":\"Onderdelen nieuw en gebruikt - Fiat &amp; Lancia\",\"publisher\":{\"@id\":\"https:\/\/turijnmagazijn.jumpstone-dev.nl\/#organization\"},\"potentialAction\":[{\"@type\":\"SearchAction\",\"target\":{\"@type\":\"EntryPoint\",\"urlTemplate\":\"https:\/\/turijnmagazijn.jumpstone-dev.nl\/?s={search_term_string}\"},\"query-input\":{\"@type\":\"PropertyValueSpecification\",\"valueRequired\":true,\"valueName\":\"search_term_string\"}}],\"inLanguage\":\"fr-FR\"},{\"@type\":\"Organization\",\"@id\":\"https:\/\/turijnmagazijn.jumpstone-dev.nl\/#organization\",\"name\":\"Turijnmagazijn\",\"url\":\"https:\/\/turijnmagazijn.jumpstone-dev.nl\/\",\"logo\":{\"@type\":\"ImageObject\",\"inLanguage\":\"fr-FR\",\"@id\":\"https:\/\/turijnmagazijn.jumpstone-dev.nl\/#\/schema\/logo\/image\/\",\"url\":\"https:\/\/turijnmagazijn.nl\/wp-content\/uploads\/2021\/02\/turijnmagazijnlogo.png\",\"contentUrl\":\"https:\/\/turijnmagazijn.nl\/wp-content\/uploads\/2021\/02\/turijnmagazijnlogo.png\",\"width\":555,\"height\":270,\"caption\":\"Turijnmagazijn\"},\"image\":{\"@id\":\"https:\/\/turijnmagazijn.jumpstone-dev.nl\/#\/schema\/logo\/image\/\"},\"sameAs\":[\"https:\/\/www.facebook.com\/turijnmagazijn\"]}]}<\/script>\n<!-- \/ Yoast SEO plugin. -->","yoast_head_json":{"title":"R\u00e9troviseur ext\u00e9rieur \u00e0 r\u00e9glage \u00e9lectrique Fiat Bravo I 5drs -NOUVEAU- Turijnmagazijn","robots":{"index":"index","follow":"follow","max-snippet":"max-snippet:-1","max-image-preview":"max-image-preview:large","max-video-preview":"max-video-preview:-1"},"canonical":"https:\/\/turijnmagazijn.nl\/fr\/produit\/retroviseur-exterieur-electrique-reglable-droit-fiat-bravo-i-5drs-nouveau\/","og_locale":"fr_FR","og_type":"article","og_title":"R\u00e9troviseur ext\u00e9rieur \u00e0 r\u00e9glage \u00e9lectrique Fiat Bravo I 5drs -NOUVEAU- Turijnmagazijn","og_description":"R\u00e9troviseur ext\u00e9rieur \u00e0 r\u00e9glage \u00e9lectrique droit Fiat Bravo I 5drs -NOUVEAU- - Nouveau r\u00e9troviseur Fiat d\u2019origine pour la Fiat Brava ann\u00e9e 1995 \u00e0 2001.","og_url":"https:\/\/turijnmagazijn.nl\/fr\/produit\/retroviseur-exterieur-electrique-reglable-droit-fiat-bravo-i-5drs-nouveau\/","og_site_name":"Turijnmagazijn","article_publisher":"https:\/\/www.facebook.com\/turijnmagazijn","article_modified_time":"2023-07-26T11:34:06+00:00","og_image":[{"width":1024,"height":768,"url":"https:\/\/turijnmagazijn.jumpstone-dev.nl\/wp-content\/uploads\/2023\/03\/DK00102121-Buitenspiegel-elektrisch-verstelbaar-Rechts-Fiat-Bravo-I-5drs-NIEUW-3-1.jpg","type":"image\/jpeg"}],"twitter_card":"summary_large_image","schema":{"@context":"https:\/\/schema.org","@graph":[{"@type":"WebPage","@id":"https:\/\/turijnmagazijn.nl\/fr\/produit\/retroviseur-exterieur-electrique-reglable-droit-fiat-bravo-i-5drs-nouveau\/","url":"https:\/\/turijnmagazijn.nl\/fr\/produit\/retroviseur-exterieur-electrique-reglable-droit-fiat-bravo-i-5drs-nouveau\/","name":"R\u00e9troviseur ext\u00e9rieur \u00e0 r\u00e9glage \u00e9lectrique Fiat Bravo I 5drs -NOUVEAU- Turijnmagazijn","isPartOf":{"@id":"https:\/\/turijnmagazijn.jumpstone-dev.nl\/#website"},"primaryImageOfPage":{"@id":"https:\/\/turijnmagazijn.nl\/fr\/produit\/retroviseur-exterieur-electrique-reglable-droit-fiat-bravo-i-5drs-nouveau\/#primaryimage"},"image":{"@id":"https:\/\/turijnmagazijn.nl\/fr\/produit\/retroviseur-exterieur-electrique-reglable-droit-fiat-bravo-i-5drs-nouveau\/#primaryimage"},"thumbnailUrl":"https:\/\/turijnmagazijn.nl\/wp-content\/uploads\/2023\/03\/DK00102121-Buitenspiegel-elektrisch-verstelbaar-Rechts-Fiat-Bravo-I-5drs-NIEUW-3-1.jpg","datePublished":"2023-03-03T07:18:46+00:00","dateModified":"2023-07-26T11:34:06+00:00","breadcrumb":{"@id":"https:\/\/turijnmagazijn.nl\/fr\/produit\/retroviseur-exterieur-electrique-reglable-droit-fiat-bravo-i-5drs-nouveau\/#breadcrumb"},"inLanguage":"fr-FR","potentialAction":[{"@type":"ReadAction","target":["https:\/\/turijnmagazijn.nl\/fr\/produit\/retroviseur-exterieur-electrique-reglable-droit-fiat-bravo-i-5drs-nouveau\/"]}]},{"@type":"ImageObject","inLanguage":"fr-FR","@id":"https:\/\/turijnmagazijn.nl\/fr\/produit\/retroviseur-exterieur-electrique-reglable-droit-fiat-bravo-i-5drs-nouveau\/#primaryimage","url":"https:\/\/turijnmagazijn.nl\/wp-content\/uploads\/2023\/03\/DK00102121-Buitenspiegel-elektrisch-verstelbaar-Rechts-Fiat-Bravo-I-5drs-NIEUW-3-1.jpg","contentUrl":"https:\/\/turijnmagazijn.nl\/wp-content\/uploads\/2023\/03\/DK00102121-Buitenspiegel-elektrisch-verstelbaar-Rechts-Fiat-Bravo-I-5drs-NIEUW-3-1.jpg","width":1024,"height":768},{"@type":"BreadcrumbList","@id":"https:\/\/turijnmagazijn.nl\/fr\/produit\/retroviseur-exterieur-electrique-reglable-droit-fiat-bravo-i-5drs-nouveau\/#breadcrumb","itemListElement":[{"@type":"ListItem","position":1,"name":"Home","item":"https:\/\/turijnmagazijn.nl\/fr\/"},{"@type":"ListItem","position":2,"name":"Produits","item":"https:\/\/turijnmagazijn.nl\/fr\/shop\/"},{"@type":"ListItem","position":3,"name":"R\u00e9troviseur ext\u00e9rieur \u00e0 r\u00e9glage \u00e9lectrique Fiat Bravo I 5drs -NOUVEAU-"}]},{"@type":"WebSite","@id":"https:\/\/turijnmagazijn.jumpstone-dev.nl\/#website","url":"https:\/\/turijnmagazijn.jumpstone-dev.nl\/","name":"Turijnmagazijn","description":"Onderdelen nieuw en gebruikt - Fiat &amp; Lancia","publisher":{"@id":"https:\/\/turijnmagazijn.jumpstone-dev.nl\/#organization"},"potentialAction":[{"@type":"SearchAction","target":{"@type":"EntryPoint","urlTemplate":"https:\/\/turijnmagazijn.jumpstone-dev.nl\/?s={search_term_string}"},"query-input":{"@type":"PropertyValueSpecification","valueRequired":true,"valueName":"search_term_string"}}],"inLanguage":"fr-FR"},{"@type":"Organization","@id":"https:\/\/turijnmagazijn.jumpstone-dev.nl\/#organization","name":"Turijnmagazijn","url":"https:\/\/turijnmagazijn.jumpstone-dev.nl\/","logo":{"@type":"ImageObject","inLanguage":"fr-FR","@id":"https:\/\/turijnmagazijn.jumpstone-dev.nl\/#\/schema\/logo\/image\/","url":"https:\/\/turijnmagazijn.nl\/wp-content\/uploads\/2021\/02\/turijnmagazijnlogo.png","contentUrl":"https:\/\/turijnmagazijn.nl\/wp-content\/uploads\/2021\/02\/turijnmagazijnlogo.png","width":555,"height":270,"caption":"Turijnmagazijn"},"image":{"@id":"https:\/\/turijnmagazijn.jumpstone-dev.nl\/#\/schema\/logo\/image\/"},"sameAs":["https:\/\/www.facebook.com\/turijnmagazijn"]}]}},"_links":{"self":[{"href":"https:\/\/turijnmagazijn.nl\/fr\/wp-json\/wp\/v2\/product\/64823","targetHints":{"allow":["GET"]}}],"collection":[{"href":"https:\/\/turijnmagazijn.nl\/fr\/wp-json\/wp\/v2\/product"}],"about":[{"href":"https:\/\/turijnmagazijn.nl\/fr\/wp-json\/wp\/v2\/types\/product"}],"replies":[{"embeddable":true,"href":"https:\/\/turijnmagazijn.nl\/fr\/wp-json\/wp\/v2\/comments?post=64823"}],"wp:featuredmedia":[{"embeddable":true,"href":"https:\/\/turijnmagazijn.nl\/fr\/wp-json\/wp\/v2\/media\/46040"}],"wp:attachment":[{"href":"https:\/\/turijnmagazijn.nl\/fr\/wp-json\/wp\/v2\/media?parent=64823"}],"wp:term":[{"taxonomy":"product_brand","embeddable":true,"href":"https:\/\/turijnmagazijn.nl\/fr\/wp-json\/wp\/v2\/product_brand?post=64823"},{"taxonomy":"product_cat","embeddable":true,"href":"https:\/\/turijnmagazijn.nl\/fr\/wp-json\/wp\/v2\/product_cat?post=64823"},{"taxonomy":"product_tag","embeddable":true,"href":"https:\/\/turijnmagazijn.nl\/fr\/wp-json\/wp\/v2\/product_tag?post=64823"}],"curies":[{"name":"wp","href":"https:\/\/api.w.org\/{rel}","templated":true}]}}