{"id":64835,"date":"2023-03-03T09:18:24","date_gmt":"2023-03-03T08:18:24","guid":{"rendered":"https:\/\/turijnmagazijn.nl\/product\/boulon-de-roue-fiat-lancia-alfa-romeo-differents-types\/"},"modified":"2023-07-26T14:14:51","modified_gmt":"2023-07-26T12:14:51","slug":"roue-boulon-fiat-lancia-alpha-romeo-divers-types","status":"publish","type":"product","link":"https:\/\/turijnmagazijn.nl\/fr\/produit\/roue-boulon-fiat-lancia-alpha-romeo-divers-types\/","title":{"rendered":"Boulon de roue Fiat Lancia Alfa Romeo diff\u00e9rents types"},"content":{"rendered":"<p>Boulon de roue usag\u00e9 l\u00e2che pour divers mod\u00e8les Alfa Romeo, Fiat et Lancia. Avant de commander, v\u00e9rifiez toujours si la longueur des boulons convient \u00e0 votre voiture \/ application, en fonction du type de jante, diff\u00e9rents boulons de roue peuvent avoir \u00e9t\u00e9 livr\u00e9s \u00e0 l\u2019origine sur les voitures \u00e9num\u00e9r\u00e9es ci-dessous. Alors v\u00e9rifiez toujours les tailles vous-m\u00eame! Les mod\u00e8les suivants ont \u00e9t\u00e9 livr\u00e9s \u00e0 l\u2019origine avec ces boulons:<\/p>\n<\/p>\n<ul>\n<li>Boulon de roue Fiat Barchetta<\/li>\n<li>Boulon de roue Fiat Tipo<\/li>\n<li>Boulon de roue Fiat Punto II<\/li>\n<li>Boulon de roue Alfa Romeo 145<\/li>\n<li>Boulon de roue Alfa Romeo 146<\/li>\n<li>Boulon de roue Alfa Romeo 155<\/li>\n<li>Boulon de roue Alfa Romeo GTV<\/li>\n<li>Alfa Romeo Spider Wheel Bolt<\/li>\n<li>Boulon de roue Lancia Delta II<\/li>\n<\/ul>\n<p><\/p>\n<p>Dimensions des boulons de roue:<\/p>\n<p>Taille de fente 17mm<\/p>\n<p>Fil: M12x1,25<\/p>\n<p>Longueur totale 40 mm<\/p>\n<p>Longueur du fil 20 mm<\/p>\n<p>Classe de r\u00e9sistance 8.8<\/p>\n<p><\/p>\n<p>13230124 OEM<\/p>\n","protected":false},"excerpt":{"rendered":"<p>Boulon de roue Fiat Lancia Alfa Romeo diff\u00e9rents types &#8211; boulon de roue usag\u00e9 l\u00e2che pour divers mod\u00e8les Alfa Romeo, Fiat et Lancia.<\/p>\n","protected":false},"featured_media":45576,"comment_status":"open","ping_status":"closed","template":"","meta":{"_acf_changed":false},"product_brand":[],"product_cat":[1597,1609,1582,1702,1802,1841,1690,1636,1798,1738,1752,1781],"product_tag":[],"class_list":{"0":"post-64835","1":"product","2":"type-product","3":"status-publish","4":"has-post-thumbnail","6":"product_cat-145-930a-fr","7":"product_cat-155-167-fr","8":"product_cat-alfa-romeo-fr","9":"product_cat-barchetta-183-fr","10":"product_cat-dedra-835-fr","11":"product_cat-delta-2-836-fr","12":"product_cat-fiat-fr","13":"product_cat-gtv-916-fr","14":"product_cat-lancia-fr","15":"product_cat-multipla-186-fr","16":"product_cat-punto-2-188-fr","17":"product_cat-tipo-1-160-fr","18":"pa_soort-onderdeel-fenetres-et-accessoires","19":"pa_soort-onderdeel-suspension-et-chassis","21":"first","22":"instock","23":"shipping-taxable","24":"purchasable","25":"product-type-simple"},"acf":[],"yoast_head":"<!-- This site is optimized with the Yoast SEO plugin v27.2 - https:\/\/yoast.com\/product\/yoast-seo-wordpress\/ -->\n<title>Boulon de roue Fiat Lancia Alfa Romeo diff\u00e9rents types - Turijnmagazijn<\/title>\n<meta name=\"robots\" content=\"index, follow, max-snippet:-1, max-image-preview:large, max-video-preview:-1\" \/>\n<link rel=\"canonical\" href=\"https:\/\/turijnmagazijn.nl\/fr\/produit\/roue-boulon-fiat-lancia-alpha-romeo-divers-types\/\" \/>\n<meta property=\"og:locale\" content=\"fr_FR\" \/>\n<meta property=\"og:type\" content=\"article\" \/>\n<meta property=\"og:title\" content=\"Boulon de roue Fiat Lancia Alfa Romeo diff\u00e9rents types - Turijnmagazijn\" \/>\n<meta property=\"og:description\" content=\"Boulon de roue Fiat Lancia Alfa Romeo diff\u00e9rents types - boulon de roue usag\u00e9 l\u00e2che pour divers mod\u00e8les Alfa Romeo, Fiat et Lancia.\" \/>\n<meta property=\"og:url\" content=\"https:\/\/turijnmagazijn.nl\/fr\/produit\/roue-boulon-fiat-lancia-alpha-romeo-divers-types\/\" \/>\n<meta property=\"og:site_name\" content=\"Turijnmagazijn\" \/>\n<meta property=\"article:publisher\" content=\"https:\/\/www.facebook.com\/turijnmagazijn\" \/>\n<meta property=\"article:modified_time\" content=\"2023-07-26T12:14:51+00:00\" \/>\n<meta property=\"og:image\" content=\"https:\/\/turijnmagazijn.jumpstone-dev.nl\/wp-content\/uploads\/2023\/03\/DK00102081-Wielbout-Fiat-Lancia-Alfa-Romeo-diverse-typen-4-1.jpg\" \/>\n\t<meta property=\"og:image:width\" content=\"1024\" \/>\n\t<meta property=\"og:image:height\" content=\"768\" \/>\n\t<meta property=\"og:image:type\" content=\"image\/jpeg\" \/>\n<meta name=\"twitter:card\" content=\"summary_large_image\" \/>\n<meta name=\"twitter:label1\" content=\"Dur\u00e9e de lecture estim\u00e9e\" \/>\n\t<meta name=\"twitter:data1\" content=\"1 minute\" \/>\n<script type=\"application\/ld+json\" class=\"yoast-schema-graph\">{\"@context\":\"https:\/\/schema.org\",\"@graph\":[{\"@type\":\"WebPage\",\"@id\":\"https:\/\/turijnmagazijn.nl\/fr\/produit\/roue-boulon-fiat-lancia-alpha-romeo-divers-types\/\",\"url\":\"https:\/\/turijnmagazijn.nl\/fr\/produit\/roue-boulon-fiat-lancia-alpha-romeo-divers-types\/\",\"name\":\"Boulon de roue Fiat Lancia Alfa Romeo diff\u00e9rents types - Turijnmagazijn\",\"isPartOf\":{\"@id\":\"https:\/\/turijnmagazijn.jumpstone-dev.nl\/#website\"},\"primaryImageOfPage\":{\"@id\":\"https:\/\/turijnmagazijn.nl\/fr\/produit\/roue-boulon-fiat-lancia-alpha-romeo-divers-types\/#primaryimage\"},\"image\":{\"@id\":\"https:\/\/turijnmagazijn.nl\/fr\/produit\/roue-boulon-fiat-lancia-alpha-romeo-divers-types\/#primaryimage\"},\"thumbnailUrl\":\"https:\/\/turijnmagazijn.nl\/wp-content\/uploads\/2023\/03\/DK00102081-Wielbout-Fiat-Lancia-Alfa-Romeo-diverse-typen-4-1.jpg\",\"datePublished\":\"2023-03-03T08:18:24+00:00\",\"dateModified\":\"2023-07-26T12:14:51+00:00\",\"breadcrumb\":{\"@id\":\"https:\/\/turijnmagazijn.nl\/fr\/produit\/roue-boulon-fiat-lancia-alpha-romeo-divers-types\/#breadcrumb\"},\"inLanguage\":\"fr-FR\",\"potentialAction\":[{\"@type\":\"ReadAction\",\"target\":[\"https:\/\/turijnmagazijn.nl\/fr\/produit\/roue-boulon-fiat-lancia-alpha-romeo-divers-types\/\"]}]},{\"@type\":\"ImageObject\",\"inLanguage\":\"fr-FR\",\"@id\":\"https:\/\/turijnmagazijn.nl\/fr\/produit\/roue-boulon-fiat-lancia-alpha-romeo-divers-types\/#primaryimage\",\"url\":\"https:\/\/turijnmagazijn.nl\/wp-content\/uploads\/2023\/03\/DK00102081-Wielbout-Fiat-Lancia-Alfa-Romeo-diverse-typen-4-1.jpg\",\"contentUrl\":\"https:\/\/turijnmagazijn.nl\/wp-content\/uploads\/2023\/03\/DK00102081-Wielbout-Fiat-Lancia-Alfa-Romeo-diverse-typen-4-1.jpg\",\"width\":1024,\"height\":768},{\"@type\":\"BreadcrumbList\",\"@id\":\"https:\/\/turijnmagazijn.nl\/fr\/produit\/roue-boulon-fiat-lancia-alpha-romeo-divers-types\/#breadcrumb\",\"itemListElement\":[{\"@type\":\"ListItem\",\"position\":1,\"name\":\"Home\",\"item\":\"https:\/\/turijnmagazijn.jumpstone-dev.nl\/\"},{\"@type\":\"ListItem\",\"position\":2,\"name\":\"Produits\",\"item\":\"https:\/\/turijnmagazijn.nl\/fr\/shop\/\"},{\"@type\":\"ListItem\",\"position\":3,\"name\":\"Boulon de roue Fiat Lancia Alfa Romeo diff\u00e9rents types\"}]},{\"@type\":\"WebSite\",\"@id\":\"https:\/\/turijnmagazijn.jumpstone-dev.nl\/#website\",\"url\":\"https:\/\/turijnmagazijn.jumpstone-dev.nl\/\",\"name\":\"Turijnmagazijn\",\"description\":\"Onderdelen nieuw en gebruikt - Fiat &amp; Lancia\",\"publisher\":{\"@id\":\"https:\/\/turijnmagazijn.jumpstone-dev.nl\/#organization\"},\"potentialAction\":[{\"@type\":\"SearchAction\",\"target\":{\"@type\":\"EntryPoint\",\"urlTemplate\":\"https:\/\/turijnmagazijn.jumpstone-dev.nl\/?s={search_term_string}\"},\"query-input\":{\"@type\":\"PropertyValueSpecification\",\"valueRequired\":true,\"valueName\":\"search_term_string\"}}],\"inLanguage\":\"fr-FR\"},{\"@type\":\"Organization\",\"@id\":\"https:\/\/turijnmagazijn.jumpstone-dev.nl\/#organization\",\"name\":\"Turijnmagazijn\",\"url\":\"https:\/\/turijnmagazijn.jumpstone-dev.nl\/\",\"logo\":{\"@type\":\"ImageObject\",\"inLanguage\":\"fr-FR\",\"@id\":\"https:\/\/turijnmagazijn.jumpstone-dev.nl\/#\/schema\/logo\/image\/\",\"url\":\"https:\/\/turijnmagazijn.nl\/wp-content\/uploads\/2021\/02\/turijnmagazijnlogo.png\",\"contentUrl\":\"https:\/\/turijnmagazijn.nl\/wp-content\/uploads\/2021\/02\/turijnmagazijnlogo.png\",\"width\":555,\"height\":270,\"caption\":\"Turijnmagazijn\"},\"image\":{\"@id\":\"https:\/\/turijnmagazijn.jumpstone-dev.nl\/#\/schema\/logo\/image\/\"},\"sameAs\":[\"https:\/\/www.facebook.com\/turijnmagazijn\"]}]}<\/script>\n<!-- \/ Yoast SEO plugin. -->","yoast_head_json":{"title":"Boulon de roue Fiat Lancia Alfa Romeo diff\u00e9rents types - Turijnmagazijn","robots":{"index":"index","follow":"follow","max-snippet":"max-snippet:-1","max-image-preview":"max-image-preview:large","max-video-preview":"max-video-preview:-1"},"canonical":"https:\/\/turijnmagazijn.nl\/fr\/produit\/roue-boulon-fiat-lancia-alpha-romeo-divers-types\/","og_locale":"fr_FR","og_type":"article","og_title":"Boulon de roue Fiat Lancia Alfa Romeo diff\u00e9rents types - Turijnmagazijn","og_description":"Boulon de roue Fiat Lancia Alfa Romeo diff\u00e9rents types - boulon de roue usag\u00e9 l\u00e2che pour divers mod\u00e8les Alfa Romeo, Fiat et Lancia.","og_url":"https:\/\/turijnmagazijn.nl\/fr\/produit\/roue-boulon-fiat-lancia-alpha-romeo-divers-types\/","og_site_name":"Turijnmagazijn","article_publisher":"https:\/\/www.facebook.com\/turijnmagazijn","article_modified_time":"2023-07-26T12:14:51+00:00","og_image":[{"width":1024,"height":768,"url":"https:\/\/turijnmagazijn.jumpstone-dev.nl\/wp-content\/uploads\/2023\/03\/DK00102081-Wielbout-Fiat-Lancia-Alfa-Romeo-diverse-typen-4-1.jpg","type":"image\/jpeg"}],"twitter_card":"summary_large_image","twitter_misc":{"Dur\u00e9e de lecture estim\u00e9e":"1 minute"},"schema":{"@context":"https:\/\/schema.org","@graph":[{"@type":"WebPage","@id":"https:\/\/turijnmagazijn.nl\/fr\/produit\/roue-boulon-fiat-lancia-alpha-romeo-divers-types\/","url":"https:\/\/turijnmagazijn.nl\/fr\/produit\/roue-boulon-fiat-lancia-alpha-romeo-divers-types\/","name":"Boulon de roue Fiat Lancia Alfa Romeo diff\u00e9rents types - Turijnmagazijn","isPartOf":{"@id":"https:\/\/turijnmagazijn.jumpstone-dev.nl\/#website"},"primaryImageOfPage":{"@id":"https:\/\/turijnmagazijn.nl\/fr\/produit\/roue-boulon-fiat-lancia-alpha-romeo-divers-types\/#primaryimage"},"image":{"@id":"https:\/\/turijnmagazijn.nl\/fr\/produit\/roue-boulon-fiat-lancia-alpha-romeo-divers-types\/#primaryimage"},"thumbnailUrl":"https:\/\/turijnmagazijn.nl\/wp-content\/uploads\/2023\/03\/DK00102081-Wielbout-Fiat-Lancia-Alfa-Romeo-diverse-typen-4-1.jpg","datePublished":"2023-03-03T08:18:24+00:00","dateModified":"2023-07-26T12:14:51+00:00","breadcrumb":{"@id":"https:\/\/turijnmagazijn.nl\/fr\/produit\/roue-boulon-fiat-lancia-alpha-romeo-divers-types\/#breadcrumb"},"inLanguage":"fr-FR","potentialAction":[{"@type":"ReadAction","target":["https:\/\/turijnmagazijn.nl\/fr\/produit\/roue-boulon-fiat-lancia-alpha-romeo-divers-types\/"]}]},{"@type":"ImageObject","inLanguage":"fr-FR","@id":"https:\/\/turijnmagazijn.nl\/fr\/produit\/roue-boulon-fiat-lancia-alpha-romeo-divers-types\/#primaryimage","url":"https:\/\/turijnmagazijn.nl\/wp-content\/uploads\/2023\/03\/DK00102081-Wielbout-Fiat-Lancia-Alfa-Romeo-diverse-typen-4-1.jpg","contentUrl":"https:\/\/turijnmagazijn.nl\/wp-content\/uploads\/2023\/03\/DK00102081-Wielbout-Fiat-Lancia-Alfa-Romeo-diverse-typen-4-1.jpg","width":1024,"height":768},{"@type":"BreadcrumbList","@id":"https:\/\/turijnmagazijn.nl\/fr\/produit\/roue-boulon-fiat-lancia-alpha-romeo-divers-types\/#breadcrumb","itemListElement":[{"@type":"ListItem","position":1,"name":"Home","item":"https:\/\/turijnmagazijn.jumpstone-dev.nl\/"},{"@type":"ListItem","position":2,"name":"Produits","item":"https:\/\/turijnmagazijn.nl\/fr\/shop\/"},{"@type":"ListItem","position":3,"name":"Boulon de roue Fiat Lancia Alfa Romeo diff\u00e9rents types"}]},{"@type":"WebSite","@id":"https:\/\/turijnmagazijn.jumpstone-dev.nl\/#website","url":"https:\/\/turijnmagazijn.jumpstone-dev.nl\/","name":"Turijnmagazijn","description":"Onderdelen nieuw en gebruikt - Fiat &amp; Lancia","publisher":{"@id":"https:\/\/turijnmagazijn.jumpstone-dev.nl\/#organization"},"potentialAction":[{"@type":"SearchAction","target":{"@type":"EntryPoint","urlTemplate":"https:\/\/turijnmagazijn.jumpstone-dev.nl\/?s={search_term_string}"},"query-input":{"@type":"PropertyValueSpecification","valueRequired":true,"valueName":"search_term_string"}}],"inLanguage":"fr-FR"},{"@type":"Organization","@id":"https:\/\/turijnmagazijn.jumpstone-dev.nl\/#organization","name":"Turijnmagazijn","url":"https:\/\/turijnmagazijn.jumpstone-dev.nl\/","logo":{"@type":"ImageObject","inLanguage":"fr-FR","@id":"https:\/\/turijnmagazijn.jumpstone-dev.nl\/#\/schema\/logo\/image\/","url":"https:\/\/turijnmagazijn.nl\/wp-content\/uploads\/2021\/02\/turijnmagazijnlogo.png","contentUrl":"https:\/\/turijnmagazijn.nl\/wp-content\/uploads\/2021\/02\/turijnmagazijnlogo.png","width":555,"height":270,"caption":"Turijnmagazijn"},"image":{"@id":"https:\/\/turijnmagazijn.jumpstone-dev.nl\/#\/schema\/logo\/image\/"},"sameAs":["https:\/\/www.facebook.com\/turijnmagazijn"]}]}},"_links":{"self":[{"href":"https:\/\/turijnmagazijn.nl\/fr\/wp-json\/wp\/v2\/product\/64835","targetHints":{"allow":["GET"]}}],"collection":[{"href":"https:\/\/turijnmagazijn.nl\/fr\/wp-json\/wp\/v2\/product"}],"about":[{"href":"https:\/\/turijnmagazijn.nl\/fr\/wp-json\/wp\/v2\/types\/product"}],"replies":[{"embeddable":true,"href":"https:\/\/turijnmagazijn.nl\/fr\/wp-json\/wp\/v2\/comments?post=64835"}],"wp:featuredmedia":[{"embeddable":true,"href":"https:\/\/turijnmagazijn.nl\/fr\/wp-json\/wp\/v2\/media\/45576"}],"wp:attachment":[{"href":"https:\/\/turijnmagazijn.nl\/fr\/wp-json\/wp\/v2\/media?parent=64835"}],"wp:term":[{"taxonomy":"product_brand","embeddable":true,"href":"https:\/\/turijnmagazijn.nl\/fr\/wp-json\/wp\/v2\/product_brand?post=64835"},{"taxonomy":"product_cat","embeddable":true,"href":"https:\/\/turijnmagazijn.nl\/fr\/wp-json\/wp\/v2\/product_cat?post=64835"},{"taxonomy":"product_tag","embeddable":true,"href":"https:\/\/turijnmagazijn.nl\/fr\/wp-json\/wp\/v2\/product_tag?post=64835"}],"curies":[{"name":"wp","href":"https:\/\/api.w.org\/{rel}","templated":true}]}}