{"id":64839,"date":"2023-03-03T08:19:09","date_gmt":"2023-03-03T07:19:09","guid":{"rendered":"https:\/\/turijnmagazijn.nl\/product\/bobine-dallumage-nue-lancia-kappa-bosch-0221504006\/"},"modified":"2023-07-26T13:15:06","modified_gmt":"2023-07-26T11:15:06","slug":"bobine-dallumage-bare-lancia-kappa-bosch-0221504006","status":"publish","type":"product","link":"https:\/\/turijnmagazijn.nl\/fr\/produit\/bobine-dallumage-bare-lancia-kappa-bosch-0221504006\/","title":{"rendered":"Bobine d\u2019allumage nue Lancia Kappa Bosch 0221504006"},"content":{"rendered":"<p>Bobine d\u2019allumage usag\u00e9e pour 5 cylindres essence Lancia Kappa.&nbsp;<\/p>\n<p>La bobine d\u2019allumage Bosch d\u2019origine a d\u00e9j\u00e0 parcouru un nombre inconnu de kilom\u00e8tres sur une berline Kappa construite en 1996.<\/p>\n<p>Bobine d\u2019allumage nue sans la derni\u00e8re section de connexion jusqu\u2019\u00e0 la bobine d\u2019allumage, elle est facile \u00e0 transf\u00e9rer.<\/p>\n<p>Id\u00e9al pour ceux qui recherchent un dysfonctionnement et veulent changer certaines bobines d\u2019allumage. Aucune garantie de bon fonctionnement. En cas de doute, commandez deux, le prix est l\u00e0.<\/p>\n<p>Bosch 0221504006<\/p>\n<p>OEM Lancia 46403328<\/p>\n<p><\/p>\n<p><\/p>\n<p>Convient \u00e9galement :<br style=\"\">FIAT Bravo I Berline (182) (1998, 147 CH)<br style=\"\">FIAT Coupe (175) (1998, 147 &#8211; 220 CH)<br style=\"\">LANCIA Kappa Berline (838) (1998 &#8211; 2446 , 146 &#8211; 220 CH)<br style=\"\">LANCIA Kappa Coupe (838) (1998 &#8211; 2446 , 175 &#8211; 220 CH)<br style=\"\">LANCIA Kappa Station Wagon (838) (1998 &#8211; 2446 , 155 &#8211; 220 CH)<\/p>\n","protected":false},"excerpt":{"rendered":"<p>Bobine d\u2019allumage nue Lancia Kappa Bosch 0221504006 &#8211; Bobine d\u2019allumage usag\u00e9e pour 5 cylindres essence Lancia Kappa.<\/p>\n","protected":false},"featured_media":46736,"comment_status":"open","ping_status":"closed","template":"","meta":{"_acf_changed":false},"product_brand":[],"product_cat":[1865,1860,1798,1870],"product_tag":[],"class_list":{"0":"post-64839","1":"product","2":"type-product","3":"status-publish","4":"has-post-thumbnail","6":"product_cat-coupe-fr","7":"product_cat-kappa-838-fr","8":"product_cat-lancia-fr","9":"product_cat-sw-fr","10":"pa_soort-onderdeel-carrosserie-et-tolerie","11":"pa_soort-onderdeel-moteur-et-accessoires","13":"first","14":"instock","15":"shipping-taxable","16":"purchasable","17":"product-type-simple"},"acf":[],"yoast_head":"<!-- This site is optimized with the Yoast SEO plugin v27.2 - https:\/\/yoast.com\/product\/yoast-seo-wordpress\/ -->\n<title>Bobine d\u2019allumage nue Lancia Kappa Bosch 0221504006 - Turijnmagazijn<\/title>\n<meta name=\"robots\" content=\"index, follow, max-snippet:-1, max-image-preview:large, max-video-preview:-1\" \/>\n<link rel=\"canonical\" href=\"https:\/\/turijnmagazijn.nl\/fr\/produit\/bobine-dallumage-bare-lancia-kappa-bosch-0221504006\/\" \/>\n<meta property=\"og:locale\" content=\"fr_FR\" \/>\n<meta property=\"og:type\" content=\"article\" \/>\n<meta property=\"og:title\" content=\"Bobine d\u2019allumage nue Lancia Kappa Bosch 0221504006 - Turijnmagazijn\" \/>\n<meta property=\"og:description\" content=\"Bobine d\u2019allumage nue Lancia Kappa Bosch 0221504006 - Bobine d\u2019allumage usag\u00e9e pour 5 cylindres essence Lancia Kappa.\" \/>\n<meta property=\"og:url\" content=\"https:\/\/turijnmagazijn.nl\/fr\/produit\/bobine-dallumage-bare-lancia-kappa-bosch-0221504006\/\" \/>\n<meta property=\"og:site_name\" content=\"Turijnmagazijn\" \/>\n<meta property=\"article:publisher\" content=\"https:\/\/www.facebook.com\/turijnmagazijn\" \/>\n<meta property=\"article:modified_time\" content=\"2023-07-26T11:15:06+00:00\" \/>\n<meta property=\"og:image\" content=\"https:\/\/turijnmagazijn.jumpstone-dev.nl\/wp-content\/uploads\/2023\/03\/DK00102194-Bobine-kaal-Lancia-Kappa-Bosch-0221504006-4-1.jpg\" \/>\n\t<meta property=\"og:image:width\" content=\"1024\" \/>\n\t<meta property=\"og:image:height\" content=\"768\" \/>\n\t<meta property=\"og:image:type\" content=\"image\/jpeg\" \/>\n<meta name=\"twitter:card\" content=\"summary_large_image\" \/>\n<meta name=\"twitter:label1\" content=\"Dur\u00e9e de lecture estim\u00e9e\" \/>\n\t<meta name=\"twitter:data1\" content=\"1 minute\" \/>\n<script type=\"application\/ld+json\" class=\"yoast-schema-graph\">{\"@context\":\"https:\/\/schema.org\",\"@graph\":[{\"@type\":\"WebPage\",\"@id\":\"https:\/\/turijnmagazijn.nl\/fr\/produit\/bobine-dallumage-bare-lancia-kappa-bosch-0221504006\/\",\"url\":\"https:\/\/turijnmagazijn.nl\/fr\/produit\/bobine-dallumage-bare-lancia-kappa-bosch-0221504006\/\",\"name\":\"Bobine d\u2019allumage nue Lancia Kappa Bosch 0221504006 - Turijnmagazijn\",\"isPartOf\":{\"@id\":\"https:\/\/turijnmagazijn.jumpstone-dev.nl\/#website\"},\"primaryImageOfPage\":{\"@id\":\"https:\/\/turijnmagazijn.nl\/fr\/produit\/bobine-dallumage-bare-lancia-kappa-bosch-0221504006\/#primaryimage\"},\"image\":{\"@id\":\"https:\/\/turijnmagazijn.nl\/fr\/produit\/bobine-dallumage-bare-lancia-kappa-bosch-0221504006\/#primaryimage\"},\"thumbnailUrl\":\"https:\/\/turijnmagazijn.nl\/wp-content\/uploads\/2023\/03\/DK00102194-Bobine-kaal-Lancia-Kappa-Bosch-0221504006-4-1.jpg\",\"datePublished\":\"2023-03-03T07:19:09+00:00\",\"dateModified\":\"2023-07-26T11:15:06+00:00\",\"breadcrumb\":{\"@id\":\"https:\/\/turijnmagazijn.nl\/fr\/produit\/bobine-dallumage-bare-lancia-kappa-bosch-0221504006\/#breadcrumb\"},\"inLanguage\":\"fr-FR\",\"potentialAction\":[{\"@type\":\"ReadAction\",\"target\":[\"https:\/\/turijnmagazijn.nl\/fr\/produit\/bobine-dallumage-bare-lancia-kappa-bosch-0221504006\/\"]}]},{\"@type\":\"ImageObject\",\"inLanguage\":\"fr-FR\",\"@id\":\"https:\/\/turijnmagazijn.nl\/fr\/produit\/bobine-dallumage-bare-lancia-kappa-bosch-0221504006\/#primaryimage\",\"url\":\"https:\/\/turijnmagazijn.nl\/wp-content\/uploads\/2023\/03\/DK00102194-Bobine-kaal-Lancia-Kappa-Bosch-0221504006-4-1.jpg\",\"contentUrl\":\"https:\/\/turijnmagazijn.nl\/wp-content\/uploads\/2023\/03\/DK00102194-Bobine-kaal-Lancia-Kappa-Bosch-0221504006-4-1.jpg\",\"width\":1024,\"height\":768},{\"@type\":\"BreadcrumbList\",\"@id\":\"https:\/\/turijnmagazijn.nl\/fr\/produit\/bobine-dallumage-bare-lancia-kappa-bosch-0221504006\/#breadcrumb\",\"itemListElement\":[{\"@type\":\"ListItem\",\"position\":1,\"name\":\"Home\",\"item\":\"https:\/\/turijnmagazijn.jumpstone-dev.nl\/\"},{\"@type\":\"ListItem\",\"position\":2,\"name\":\"Produits\",\"item\":\"https:\/\/turijnmagazijn.nl\/fr\/shop\/\"},{\"@type\":\"ListItem\",\"position\":3,\"name\":\"Bobine d\u2019allumage nue Lancia Kappa Bosch 0221504006\"}]},{\"@type\":\"WebSite\",\"@id\":\"https:\/\/turijnmagazijn.jumpstone-dev.nl\/#website\",\"url\":\"https:\/\/turijnmagazijn.jumpstone-dev.nl\/\",\"name\":\"Turijnmagazijn\",\"description\":\"Onderdelen nieuw en gebruikt - Fiat &amp; Lancia\",\"publisher\":{\"@id\":\"https:\/\/turijnmagazijn.jumpstone-dev.nl\/#organization\"},\"potentialAction\":[{\"@type\":\"SearchAction\",\"target\":{\"@type\":\"EntryPoint\",\"urlTemplate\":\"https:\/\/turijnmagazijn.jumpstone-dev.nl\/?s={search_term_string}\"},\"query-input\":{\"@type\":\"PropertyValueSpecification\",\"valueRequired\":true,\"valueName\":\"search_term_string\"}}],\"inLanguage\":\"fr-FR\"},{\"@type\":\"Organization\",\"@id\":\"https:\/\/turijnmagazijn.jumpstone-dev.nl\/#organization\",\"name\":\"Turijnmagazijn\",\"url\":\"https:\/\/turijnmagazijn.jumpstone-dev.nl\/\",\"logo\":{\"@type\":\"ImageObject\",\"inLanguage\":\"fr-FR\",\"@id\":\"https:\/\/turijnmagazijn.jumpstone-dev.nl\/#\/schema\/logo\/image\/\",\"url\":\"https:\/\/turijnmagazijn.nl\/wp-content\/uploads\/2021\/02\/turijnmagazijnlogo.png\",\"contentUrl\":\"https:\/\/turijnmagazijn.nl\/wp-content\/uploads\/2021\/02\/turijnmagazijnlogo.png\",\"width\":555,\"height\":270,\"caption\":\"Turijnmagazijn\"},\"image\":{\"@id\":\"https:\/\/turijnmagazijn.jumpstone-dev.nl\/#\/schema\/logo\/image\/\"},\"sameAs\":[\"https:\/\/www.facebook.com\/turijnmagazijn\"]}]}<\/script>\n<!-- \/ Yoast SEO plugin. -->","yoast_head_json":{"title":"Bobine d\u2019allumage nue Lancia Kappa Bosch 0221504006 - Turijnmagazijn","robots":{"index":"index","follow":"follow","max-snippet":"max-snippet:-1","max-image-preview":"max-image-preview:large","max-video-preview":"max-video-preview:-1"},"canonical":"https:\/\/turijnmagazijn.nl\/fr\/produit\/bobine-dallumage-bare-lancia-kappa-bosch-0221504006\/","og_locale":"fr_FR","og_type":"article","og_title":"Bobine d\u2019allumage nue Lancia Kappa Bosch 0221504006 - Turijnmagazijn","og_description":"Bobine d\u2019allumage nue Lancia Kappa Bosch 0221504006 - Bobine d\u2019allumage usag\u00e9e pour 5 cylindres essence Lancia Kappa.","og_url":"https:\/\/turijnmagazijn.nl\/fr\/produit\/bobine-dallumage-bare-lancia-kappa-bosch-0221504006\/","og_site_name":"Turijnmagazijn","article_publisher":"https:\/\/www.facebook.com\/turijnmagazijn","article_modified_time":"2023-07-26T11:15:06+00:00","og_image":[{"width":1024,"height":768,"url":"https:\/\/turijnmagazijn.jumpstone-dev.nl\/wp-content\/uploads\/2023\/03\/DK00102194-Bobine-kaal-Lancia-Kappa-Bosch-0221504006-4-1.jpg","type":"image\/jpeg"}],"twitter_card":"summary_large_image","twitter_misc":{"Dur\u00e9e de lecture estim\u00e9e":"1 minute"},"schema":{"@context":"https:\/\/schema.org","@graph":[{"@type":"WebPage","@id":"https:\/\/turijnmagazijn.nl\/fr\/produit\/bobine-dallumage-bare-lancia-kappa-bosch-0221504006\/","url":"https:\/\/turijnmagazijn.nl\/fr\/produit\/bobine-dallumage-bare-lancia-kappa-bosch-0221504006\/","name":"Bobine d\u2019allumage nue Lancia Kappa Bosch 0221504006 - Turijnmagazijn","isPartOf":{"@id":"https:\/\/turijnmagazijn.jumpstone-dev.nl\/#website"},"primaryImageOfPage":{"@id":"https:\/\/turijnmagazijn.nl\/fr\/produit\/bobine-dallumage-bare-lancia-kappa-bosch-0221504006\/#primaryimage"},"image":{"@id":"https:\/\/turijnmagazijn.nl\/fr\/produit\/bobine-dallumage-bare-lancia-kappa-bosch-0221504006\/#primaryimage"},"thumbnailUrl":"https:\/\/turijnmagazijn.nl\/wp-content\/uploads\/2023\/03\/DK00102194-Bobine-kaal-Lancia-Kappa-Bosch-0221504006-4-1.jpg","datePublished":"2023-03-03T07:19:09+00:00","dateModified":"2023-07-26T11:15:06+00:00","breadcrumb":{"@id":"https:\/\/turijnmagazijn.nl\/fr\/produit\/bobine-dallumage-bare-lancia-kappa-bosch-0221504006\/#breadcrumb"},"inLanguage":"fr-FR","potentialAction":[{"@type":"ReadAction","target":["https:\/\/turijnmagazijn.nl\/fr\/produit\/bobine-dallumage-bare-lancia-kappa-bosch-0221504006\/"]}]},{"@type":"ImageObject","inLanguage":"fr-FR","@id":"https:\/\/turijnmagazijn.nl\/fr\/produit\/bobine-dallumage-bare-lancia-kappa-bosch-0221504006\/#primaryimage","url":"https:\/\/turijnmagazijn.nl\/wp-content\/uploads\/2023\/03\/DK00102194-Bobine-kaal-Lancia-Kappa-Bosch-0221504006-4-1.jpg","contentUrl":"https:\/\/turijnmagazijn.nl\/wp-content\/uploads\/2023\/03\/DK00102194-Bobine-kaal-Lancia-Kappa-Bosch-0221504006-4-1.jpg","width":1024,"height":768},{"@type":"BreadcrumbList","@id":"https:\/\/turijnmagazijn.nl\/fr\/produit\/bobine-dallumage-bare-lancia-kappa-bosch-0221504006\/#breadcrumb","itemListElement":[{"@type":"ListItem","position":1,"name":"Home","item":"https:\/\/turijnmagazijn.jumpstone-dev.nl\/"},{"@type":"ListItem","position":2,"name":"Produits","item":"https:\/\/turijnmagazijn.nl\/fr\/shop\/"},{"@type":"ListItem","position":3,"name":"Bobine d\u2019allumage nue Lancia Kappa Bosch 0221504006"}]},{"@type":"WebSite","@id":"https:\/\/turijnmagazijn.jumpstone-dev.nl\/#website","url":"https:\/\/turijnmagazijn.jumpstone-dev.nl\/","name":"Turijnmagazijn","description":"Onderdelen nieuw en gebruikt - Fiat &amp; Lancia","publisher":{"@id":"https:\/\/turijnmagazijn.jumpstone-dev.nl\/#organization"},"potentialAction":[{"@type":"SearchAction","target":{"@type":"EntryPoint","urlTemplate":"https:\/\/turijnmagazijn.jumpstone-dev.nl\/?s={search_term_string}"},"query-input":{"@type":"PropertyValueSpecification","valueRequired":true,"valueName":"search_term_string"}}],"inLanguage":"fr-FR"},{"@type":"Organization","@id":"https:\/\/turijnmagazijn.jumpstone-dev.nl\/#organization","name":"Turijnmagazijn","url":"https:\/\/turijnmagazijn.jumpstone-dev.nl\/","logo":{"@type":"ImageObject","inLanguage":"fr-FR","@id":"https:\/\/turijnmagazijn.jumpstone-dev.nl\/#\/schema\/logo\/image\/","url":"https:\/\/turijnmagazijn.nl\/wp-content\/uploads\/2021\/02\/turijnmagazijnlogo.png","contentUrl":"https:\/\/turijnmagazijn.nl\/wp-content\/uploads\/2021\/02\/turijnmagazijnlogo.png","width":555,"height":270,"caption":"Turijnmagazijn"},"image":{"@id":"https:\/\/turijnmagazijn.jumpstone-dev.nl\/#\/schema\/logo\/image\/"},"sameAs":["https:\/\/www.facebook.com\/turijnmagazijn"]}]}},"_links":{"self":[{"href":"https:\/\/turijnmagazijn.nl\/fr\/wp-json\/wp\/v2\/product\/64839","targetHints":{"allow":["GET"]}}],"collection":[{"href":"https:\/\/turijnmagazijn.nl\/fr\/wp-json\/wp\/v2\/product"}],"about":[{"href":"https:\/\/turijnmagazijn.nl\/fr\/wp-json\/wp\/v2\/types\/product"}],"replies":[{"embeddable":true,"href":"https:\/\/turijnmagazijn.nl\/fr\/wp-json\/wp\/v2\/comments?post=64839"}],"wp:featuredmedia":[{"embeddable":true,"href":"https:\/\/turijnmagazijn.nl\/fr\/wp-json\/wp\/v2\/media\/46736"}],"wp:attachment":[{"href":"https:\/\/turijnmagazijn.nl\/fr\/wp-json\/wp\/v2\/media?parent=64839"}],"wp:term":[{"taxonomy":"product_brand","embeddable":true,"href":"https:\/\/turijnmagazijn.nl\/fr\/wp-json\/wp\/v2\/product_brand?post=64839"},{"taxonomy":"product_cat","embeddable":true,"href":"https:\/\/turijnmagazijn.nl\/fr\/wp-json\/wp\/v2\/product_cat?post=64839"},{"taxonomy":"product_tag","embeddable":true,"href":"https:\/\/turijnmagazijn.nl\/fr\/wp-json\/wp\/v2\/product_tag?post=64839"}],"curies":[{"name":"wp","href":"https:\/\/api.w.org\/{rel}","templated":true}]}}