{"id":64858,"date":"2023-03-03T08:19:28","date_gmt":"2023-03-03T07:19:28","guid":{"rendered":"https:\/\/turijnmagazijn.nl\/product\/plaque-de-couverture-feu-arriere-interieur-lancia-kappa-droite\/"},"modified":"2024-07-15T17:01:02","modified_gmt":"2024-07-15T15:01:02","slug":"couvercle-feu-arriere-interieur-droite-lancia-kappa","status":"publish","type":"product","link":"https:\/\/turijnmagazijn.nl\/fr\/produit\/couvercle-feu-arriere-interieur-droite-lancia-kappa\/","title":{"rendered":"Capuchon feu arri\u00e8re int\u00e9rieur Droit Lancia Kappa"},"content":{"rendered":"<p><span data-sheets-value=\"{\"1\":2,\"2\":\"Afdekplaat Achterlicht interieur Rechts Lancia Kappa\"}\" data-sheets-userformat=\"{\"2\":6657,\"3\":{\"1\":0},\"12\":0,\"14\":[null,2,3092271],\"15\":\"Roboto, RobotoDraft, Helvetica, Arial, sans-serif\"}\" style=\"font-size: 10pt; font-family: Roboto, Arial; color: rgb(47, 47, 47);\"><a href=\"https:\/\/turijnmagazijn.nl\/brievenbusverzending\/\" target=\"\" rel=\"noopener\"><img decoding=\"async\" src=\"https:\/\/www.delenkorf.nl\/image\/catalog\/brievenbus.png\"><\/a><br \/><\/span><\/p>\n<p><span data-sheets-value=\"{\"1\":2,\"2\":\"Afdekplaat Achterlicht interieur Rechts Lancia Kappa\"}\" data-sheets-userformat=\"{\"2\":6657,\"3\":{\"1\":0},\"12\":0,\"14\":[null,2,3092271],\"15\":\"Roboto, RobotoDraft, Helvetica, Arial, sans-serif\"}\" style=\"font-size: 10pt; font-family: Roboto, Arial; color: rgb(47, 47, 47);\">Plaque de couverture usag\u00e9e pour le feu arri\u00e8re \u00e0 droite pour Lancia Kappa. Ce capot est fix\u00e9 \u00e0 l\u2019arri\u00e8re de l\u2019unit\u00e9 d\u2019\u00e9clairage arri\u00e8re pour la finition sur le c\u00f4t\u00e9 int\u00e9rieur du compartiment \u00e0 bagages. Cette plaque appartient \u00e0 la partie du feu arri\u00e8re qui est fix\u00e9e au couvercle du coffre, c\u2019est-\u00e0-dire la partie interne du groupe de feux arri\u00e8re.<\/span><\/p>\n<p><span data-sheets-value=\"{\"1\":2,\"2\":\"Afdekplaat Achterlicht interieur Rechts Lancia Kappa\"}\" data-sheets-userformat=\"{\"2\":6657,\"3\":{\"1\":0},\"12\":0,\"14\":[null,2,3092271],\"15\":\"Roboto, RobotoDraft, Helvetica, Arial, sans-serif\"}\" style=\"font-size: 10pt; font-family: Roboto, Arial; color: rgb(47, 47, 47);\"><span style=\"color: rgb(102, 102, 102); font-family: \"Open Sans\", sans-serif; font-size: 12px;\">D\u2019une berline Lancia Kappa construite en 1995.<\/span><\/span><\/p>\n<p><span data-sheets-value=\"{\"1\":2,\"2\":\"Afdekplaat Achterlicht interieur Rechts Lancia Kappa\"}\" data-sheets-userformat=\"{\"2\":6657,\"3\":{\"1\":0},\"12\":0,\"14\":[null,2,3092271],\"15\":\"Roboto, RobotoDraft, Helvetica, Arial, sans-serif\"}\" style=\"font-size: 10pt; font-family: Roboto, Arial; color: rgb(47, 47, 47);\"><span style=\"color: rgb(102, 102, 102); font-family: \"Open Sans\", sans-serif; font-size: 12px;\">Convient \u00e9galement pour SW, ne convient pas pour Coup\u00e3\u00a9!<br \/><\/span><br \/><\/span><\/p>\n<p><span data-sheets-value=\"{\"1\":2,\"2\":\"Afdekplaat Achterlicht interieur Rechts Lancia Kappa\"}\" data-sheets-userformat=\"{\"2\":6657,\"3\":{\"1\":0},\"12\":0,\"14\":[null,2,3092271],\"15\":\"Roboto, RobotoDraft, Helvetica, Arial, sans-serif\"}\" style=\"font-size: 10pt; font-family: Roboto, Arial; color: rgb(47, 47, 47);\">Lancia OEM 82488044<br \/><\/span><\/p>\n","protected":false},"excerpt":{"rendered":"<p>Couverture de feu arri\u00e8re int\u00e9rieur droite Lancia Kappa &#8211; Plaque de couverture usag\u00e9e pour le feu arri\u00e8re droit pour Lancia Kappa.<\/p>\n","protected":false},"featured_media":47104,"comment_status":"open","ping_status":"closed","template":"","meta":{"_acf_changed":false},"product_brand":[],"product_cat":[1860,1798,1870],"product_tag":[],"class_list":{"0":"post-64858","1":"product","2":"type-product","3":"status-publish","4":"has-post-thumbnail","6":"product_cat-kappa-838-fr","7":"product_cat-lancia-fr","8":"product_cat-sw-fr","9":"pa_soort-onderdeel-eclairage","11":"first","12":"instock","13":"shipping-taxable","14":"purchasable","15":"product-type-simple"},"acf":[],"yoast_head":"<!-- This site is optimized with the Yoast SEO plugin v27.3 - https:\/\/yoast.com\/product\/yoast-seo-wordpress\/ -->\n<title>Capuchon feu arri\u00e8re int\u00e9rieur Droit Lancia Kappa - Turijnmagazijn<\/title>\n<meta name=\"robots\" content=\"index, follow, max-snippet:-1, max-image-preview:large, max-video-preview:-1\" \/>\n<link rel=\"canonical\" href=\"https:\/\/turijnmagazijn.nl\/fr\/produit\/couvercle-feu-arriere-interieur-droite-lancia-kappa\/\" \/>\n<meta property=\"og:locale\" content=\"fr_FR\" \/>\n<meta property=\"og:type\" content=\"article\" \/>\n<meta property=\"og:title\" content=\"Capuchon feu arri\u00e8re int\u00e9rieur Droit Lancia Kappa - Turijnmagazijn\" \/>\n<meta property=\"og:description\" content=\"Couverture de feu arri\u00e8re int\u00e9rieur droite Lancia Kappa - Plaque de couverture usag\u00e9e pour le feu arri\u00e8re droit pour Lancia Kappa.\" \/>\n<meta property=\"og:url\" content=\"https:\/\/turijnmagazijn.nl\/fr\/produit\/couvercle-feu-arriere-interieur-droite-lancia-kappa\/\" \/>\n<meta property=\"og:site_name\" content=\"Turijnmagazijn\" \/>\n<meta property=\"article:publisher\" content=\"https:\/\/www.facebook.com\/turijnmagazijn\" \/>\n<meta property=\"article:modified_time\" content=\"2024-07-15T15:01:02+00:00\" \/>\n<meta property=\"og:image\" content=\"https:\/\/turijnmagazijn.nl\/wp-content\/uploads\/2023\/03\/DK00102236-Afdekplaat-Achterlicht-interieur-Rechts-Lancia-Kappa-2-1.jpg\" \/>\n\t<meta property=\"og:image:width\" content=\"1024\" \/>\n\t<meta property=\"og:image:height\" content=\"768\" \/>\n\t<meta property=\"og:image:type\" content=\"image\/jpeg\" \/>\n<meta name=\"twitter:card\" content=\"summary_large_image\" \/>\n<script type=\"application\/ld+json\" class=\"yoast-schema-graph\">{\"@context\":\"https:\\\/\\\/schema.org\",\"@graph\":[{\"@type\":\"WebPage\",\"@id\":\"https:\\\/\\\/turijnmagazijn.nl\\\/fr\\\/produit\\\/couvercle-feu-arriere-interieur-droite-lancia-kappa\\\/\",\"url\":\"https:\\\/\\\/turijnmagazijn.nl\\\/fr\\\/produit\\\/couvercle-feu-arriere-interieur-droite-lancia-kappa\\\/\",\"name\":\"Capuchon feu arri\u00e8re int\u00e9rieur Droit Lancia Kappa - Turijnmagazijn\",\"isPartOf\":{\"@id\":\"https:\\\/\\\/turijnmagazijn.jumpstone-dev.nl\\\/#website\"},\"primaryImageOfPage\":{\"@id\":\"https:\\\/\\\/turijnmagazijn.nl\\\/fr\\\/produit\\\/couvercle-feu-arriere-interieur-droite-lancia-kappa\\\/#primaryimage\"},\"image\":{\"@id\":\"https:\\\/\\\/turijnmagazijn.nl\\\/fr\\\/produit\\\/couvercle-feu-arriere-interieur-droite-lancia-kappa\\\/#primaryimage\"},\"thumbnailUrl\":\"https:\\\/\\\/turijnmagazijn.nl\\\/wp-content\\\/uploads\\\/2023\\\/03\\\/DK00102236-Afdekplaat-Achterlicht-interieur-Rechts-Lancia-Kappa-2-1.jpg\",\"datePublished\":\"2023-03-03T07:19:28+00:00\",\"dateModified\":\"2024-07-15T15:01:02+00:00\",\"breadcrumb\":{\"@id\":\"https:\\\/\\\/turijnmagazijn.nl\\\/fr\\\/produit\\\/couvercle-feu-arriere-interieur-droite-lancia-kappa\\\/#breadcrumb\"},\"inLanguage\":\"fr-FR\",\"potentialAction\":[{\"@type\":\"ReadAction\",\"target\":[\"https:\\\/\\\/turijnmagazijn.nl\\\/fr\\\/produit\\\/couvercle-feu-arriere-interieur-droite-lancia-kappa\\\/\"]}]},{\"@type\":\"ImageObject\",\"inLanguage\":\"fr-FR\",\"@id\":\"https:\\\/\\\/turijnmagazijn.nl\\\/fr\\\/produit\\\/couvercle-feu-arriere-interieur-droite-lancia-kappa\\\/#primaryimage\",\"url\":\"https:\\\/\\\/turijnmagazijn.nl\\\/wp-content\\\/uploads\\\/2023\\\/03\\\/DK00102236-Afdekplaat-Achterlicht-interieur-Rechts-Lancia-Kappa-2-1.jpg\",\"contentUrl\":\"https:\\\/\\\/turijnmagazijn.nl\\\/wp-content\\\/uploads\\\/2023\\\/03\\\/DK00102236-Afdekplaat-Achterlicht-interieur-Rechts-Lancia-Kappa-2-1.jpg\",\"width\":1024,\"height\":768},{\"@type\":\"BreadcrumbList\",\"@id\":\"https:\\\/\\\/turijnmagazijn.nl\\\/fr\\\/produit\\\/couvercle-feu-arriere-interieur-droite-lancia-kappa\\\/#breadcrumb\",\"itemListElement\":[{\"@type\":\"ListItem\",\"position\":1,\"name\":\"Home\",\"item\":\"https:\\\/\\\/turijnmagazijn.nl\\\/fr\\\/\"},{\"@type\":\"ListItem\",\"position\":2,\"name\":\"Produits\",\"item\":\"https:\\\/\\\/turijnmagazijn.nl\\\/fr\\\/shop\\\/\"},{\"@type\":\"ListItem\",\"position\":3,\"name\":\"Capuchon feu arri\u00e8re int\u00e9rieur Droit Lancia Kappa\"}]},{\"@type\":\"WebSite\",\"@id\":\"https:\\\/\\\/turijnmagazijn.jumpstone-dev.nl\\\/#website\",\"url\":\"https:\\\/\\\/turijnmagazijn.jumpstone-dev.nl\\\/\",\"name\":\"Turijnmagazijn\",\"description\":\"Onderdelen nieuw en gebruikt - Fiat &amp; Lancia\",\"publisher\":{\"@id\":\"https:\\\/\\\/turijnmagazijn.jumpstone-dev.nl\\\/#organization\"},\"potentialAction\":[{\"@type\":\"SearchAction\",\"target\":{\"@type\":\"EntryPoint\",\"urlTemplate\":\"https:\\\/\\\/turijnmagazijn.jumpstone-dev.nl\\\/?s={search_term_string}\"},\"query-input\":{\"@type\":\"PropertyValueSpecification\",\"valueRequired\":true,\"valueName\":\"search_term_string\"}}],\"inLanguage\":\"fr-FR\"},{\"@type\":\"Organization\",\"@id\":\"https:\\\/\\\/turijnmagazijn.jumpstone-dev.nl\\\/#organization\",\"name\":\"Turijnmagazijn\",\"url\":\"https:\\\/\\\/turijnmagazijn.jumpstone-dev.nl\\\/\",\"logo\":{\"@type\":\"ImageObject\",\"inLanguage\":\"fr-FR\",\"@id\":\"https:\\\/\\\/turijnmagazijn.jumpstone-dev.nl\\\/#\\\/schema\\\/logo\\\/image\\\/\",\"url\":\"https:\\\/\\\/turijnmagazijn.nl\\\/wp-content\\\/uploads\\\/2021\\\/02\\\/turijnmagazijnlogo.png\",\"contentUrl\":\"https:\\\/\\\/turijnmagazijn.nl\\\/wp-content\\\/uploads\\\/2021\\\/02\\\/turijnmagazijnlogo.png\",\"width\":555,\"height\":270,\"caption\":\"Turijnmagazijn\"},\"image\":{\"@id\":\"https:\\\/\\\/turijnmagazijn.jumpstone-dev.nl\\\/#\\\/schema\\\/logo\\\/image\\\/\"},\"sameAs\":[\"https:\\\/\\\/www.facebook.com\\\/turijnmagazijn\"]}]}<\/script>\n<!-- \/ Yoast SEO plugin. -->","yoast_head_json":{"title":"Capuchon feu arri\u00e8re int\u00e9rieur Droit Lancia Kappa - Turijnmagazijn","robots":{"index":"index","follow":"follow","max-snippet":"max-snippet:-1","max-image-preview":"max-image-preview:large","max-video-preview":"max-video-preview:-1"},"canonical":"https:\/\/turijnmagazijn.nl\/fr\/produit\/couvercle-feu-arriere-interieur-droite-lancia-kappa\/","og_locale":"fr_FR","og_type":"article","og_title":"Capuchon feu arri\u00e8re int\u00e9rieur Droit Lancia Kappa - Turijnmagazijn","og_description":"Couverture de feu arri\u00e8re int\u00e9rieur droite Lancia Kappa - Plaque de couverture usag\u00e9e pour le feu arri\u00e8re droit pour Lancia Kappa.","og_url":"https:\/\/turijnmagazijn.nl\/fr\/produit\/couvercle-feu-arriere-interieur-droite-lancia-kappa\/","og_site_name":"Turijnmagazijn","article_publisher":"https:\/\/www.facebook.com\/turijnmagazijn","article_modified_time":"2024-07-15T15:01:02+00:00","og_image":[{"width":1024,"height":768,"url":"https:\/\/turijnmagazijn.nl\/wp-content\/uploads\/2023\/03\/DK00102236-Afdekplaat-Achterlicht-interieur-Rechts-Lancia-Kappa-2-1.jpg","type":"image\/jpeg"}],"twitter_card":"summary_large_image","schema":{"@context":"https:\/\/schema.org","@graph":[{"@type":"WebPage","@id":"https:\/\/turijnmagazijn.nl\/fr\/produit\/couvercle-feu-arriere-interieur-droite-lancia-kappa\/","url":"https:\/\/turijnmagazijn.nl\/fr\/produit\/couvercle-feu-arriere-interieur-droite-lancia-kappa\/","name":"Capuchon feu arri\u00e8re int\u00e9rieur Droit Lancia Kappa - Turijnmagazijn","isPartOf":{"@id":"https:\/\/turijnmagazijn.jumpstone-dev.nl\/#website"},"primaryImageOfPage":{"@id":"https:\/\/turijnmagazijn.nl\/fr\/produit\/couvercle-feu-arriere-interieur-droite-lancia-kappa\/#primaryimage"},"image":{"@id":"https:\/\/turijnmagazijn.nl\/fr\/produit\/couvercle-feu-arriere-interieur-droite-lancia-kappa\/#primaryimage"},"thumbnailUrl":"https:\/\/turijnmagazijn.nl\/wp-content\/uploads\/2023\/03\/DK00102236-Afdekplaat-Achterlicht-interieur-Rechts-Lancia-Kappa-2-1.jpg","datePublished":"2023-03-03T07:19:28+00:00","dateModified":"2024-07-15T15:01:02+00:00","breadcrumb":{"@id":"https:\/\/turijnmagazijn.nl\/fr\/produit\/couvercle-feu-arriere-interieur-droite-lancia-kappa\/#breadcrumb"},"inLanguage":"fr-FR","potentialAction":[{"@type":"ReadAction","target":["https:\/\/turijnmagazijn.nl\/fr\/produit\/couvercle-feu-arriere-interieur-droite-lancia-kappa\/"]}]},{"@type":"ImageObject","inLanguage":"fr-FR","@id":"https:\/\/turijnmagazijn.nl\/fr\/produit\/couvercle-feu-arriere-interieur-droite-lancia-kappa\/#primaryimage","url":"https:\/\/turijnmagazijn.nl\/wp-content\/uploads\/2023\/03\/DK00102236-Afdekplaat-Achterlicht-interieur-Rechts-Lancia-Kappa-2-1.jpg","contentUrl":"https:\/\/turijnmagazijn.nl\/wp-content\/uploads\/2023\/03\/DK00102236-Afdekplaat-Achterlicht-interieur-Rechts-Lancia-Kappa-2-1.jpg","width":1024,"height":768},{"@type":"BreadcrumbList","@id":"https:\/\/turijnmagazijn.nl\/fr\/produit\/couvercle-feu-arriere-interieur-droite-lancia-kappa\/#breadcrumb","itemListElement":[{"@type":"ListItem","position":1,"name":"Home","item":"https:\/\/turijnmagazijn.nl\/fr\/"},{"@type":"ListItem","position":2,"name":"Produits","item":"https:\/\/turijnmagazijn.nl\/fr\/shop\/"},{"@type":"ListItem","position":3,"name":"Capuchon feu arri\u00e8re int\u00e9rieur Droit Lancia Kappa"}]},{"@type":"WebSite","@id":"https:\/\/turijnmagazijn.jumpstone-dev.nl\/#website","url":"https:\/\/turijnmagazijn.jumpstone-dev.nl\/","name":"Turijnmagazijn","description":"Onderdelen nieuw en gebruikt - Fiat &amp; Lancia","publisher":{"@id":"https:\/\/turijnmagazijn.jumpstone-dev.nl\/#organization"},"potentialAction":[{"@type":"SearchAction","target":{"@type":"EntryPoint","urlTemplate":"https:\/\/turijnmagazijn.jumpstone-dev.nl\/?s={search_term_string}"},"query-input":{"@type":"PropertyValueSpecification","valueRequired":true,"valueName":"search_term_string"}}],"inLanguage":"fr-FR"},{"@type":"Organization","@id":"https:\/\/turijnmagazijn.jumpstone-dev.nl\/#organization","name":"Turijnmagazijn","url":"https:\/\/turijnmagazijn.jumpstone-dev.nl\/","logo":{"@type":"ImageObject","inLanguage":"fr-FR","@id":"https:\/\/turijnmagazijn.jumpstone-dev.nl\/#\/schema\/logo\/image\/","url":"https:\/\/turijnmagazijn.nl\/wp-content\/uploads\/2021\/02\/turijnmagazijnlogo.png","contentUrl":"https:\/\/turijnmagazijn.nl\/wp-content\/uploads\/2021\/02\/turijnmagazijnlogo.png","width":555,"height":270,"caption":"Turijnmagazijn"},"image":{"@id":"https:\/\/turijnmagazijn.jumpstone-dev.nl\/#\/schema\/logo\/image\/"},"sameAs":["https:\/\/www.facebook.com\/turijnmagazijn"]}]}},"_links":{"self":[{"href":"https:\/\/turijnmagazijn.nl\/fr\/wp-json\/wp\/v2\/product\/64858","targetHints":{"allow":["GET"]}}],"collection":[{"href":"https:\/\/turijnmagazijn.nl\/fr\/wp-json\/wp\/v2\/product"}],"about":[{"href":"https:\/\/turijnmagazijn.nl\/fr\/wp-json\/wp\/v2\/types\/product"}],"replies":[{"embeddable":true,"href":"https:\/\/turijnmagazijn.nl\/fr\/wp-json\/wp\/v2\/comments?post=64858"}],"wp:featuredmedia":[{"embeddable":true,"href":"https:\/\/turijnmagazijn.nl\/fr\/wp-json\/wp\/v2\/media\/47104"}],"wp:attachment":[{"href":"https:\/\/turijnmagazijn.nl\/fr\/wp-json\/wp\/v2\/media?parent=64858"}],"wp:term":[{"taxonomy":"product_brand","embeddable":true,"href":"https:\/\/turijnmagazijn.nl\/fr\/wp-json\/wp\/v2\/product_brand?post=64858"},{"taxonomy":"product_cat","embeddable":true,"href":"https:\/\/turijnmagazijn.nl\/fr\/wp-json\/wp\/v2\/product_cat?post=64858"},{"taxonomy":"product_tag","embeddable":true,"href":"https:\/\/turijnmagazijn.nl\/fr\/wp-json\/wp\/v2\/product_tag?post=64858"}],"curies":[{"name":"wp","href":"https:\/\/api.w.org\/{rel}","templated":true}]}}