{"id":64879,"date":"2023-03-03T09:19:50","date_gmt":"2023-03-03T08:19:50","guid":{"rendered":"https:\/\/turijnmagazijn.nl\/product\/module-de-commande-allumage-lancia-kappa-2-0-20v-essence\/"},"modified":"2023-07-27T12:17:51","modified_gmt":"2023-07-27T10:17:51","slug":"unite-de-controle-module-allumage-lancia-kappa-2-0-20v-essence","status":"publish","type":"product","link":"https:\/\/turijnmagazijn.nl\/fr\/produit\/unite-de-controle-module-allumage-lancia-kappa-2-0-20v-essence\/","title":{"rendered":"Module de commande allumage Lancia Kappa 2.0 20V essence"},"content":{"rendered":"<p><span data-sheets-value=\"{\"1\":2,\"2\":\"Regeleenheid module ontsteking Lancia Kappa 2.0 20V benzine\"}\" data-sheets-userformat=\"{\"2\":6657,\"3\":{\"1\":0},\"12\":0,\"14\":[null,2,3092271],\"15\":\"Roboto, RobotoDraft, Helvetica, Arial, sans-serif\"}\" style=\"\">Module de contr\u00f4le d\u2019allumage usag\u00e9 pour Lancia Kappa 2.0 20V essence.<\/span><\/p>\n<p><span data-sheets-value=\"{\"1\":2,\"2\":\"Regeleenheid module ontsteking Lancia Kappa 2.0 20V benzine\"}\" data-sheets-userformat=\"{\"2\":6657,\"3\":{\"1\":0},\"12\":0,\"14\":[null,2,3092271],\"15\":\"Roboto, RobotoDraft, Helvetica, Arial, sans-serif\"}\" style=\"\">Ce module est situ\u00e9 \u00e0 l\u2019int\u00e9rieur sous la colonne de direction et est reli\u00e9 au verrou d\u2019allumage, agit comme un dispositif d\u2019immobilisation. Le code dans la puce dans la cl\u00e9 doit correspondre au code stock\u00e9 dans cet appareil. Pour utiliser l\u2019appareil, il est n\u00e9cessaire de r\u00e9apprendre la cl\u00e9 de contact du module.<\/span><\/p>\n<p><span data-sheets-value=\"{\"1\":2,\"2\":\"Regeleenheid module ontsteking Lancia Kappa 2.0 20V benzine\"}\" data-sheets-userformat=\"{\"2\":6657,\"3\":{\"1\":0},\"12\":0,\"14\":[null,2,3092271],\"15\":\"Roboto, RobotoDraft, Helvetica, Arial, sans-serif\"}\" style=\"\">D\u00e9mont\u00e9&nbsp; en bon \u00e9tat de fonctionnement<\/span> d\u2019une Lancia Kappa 2.0 berline 20V essence avec automatique de 1997 avec un kilom\u00e9trage de 175 000 km.<\/p>\n<p><span data-sheets-value=\"{\"1\":2,\"2\":\"Regeleenheid module ontsteking Lancia Kappa 2.0 20V benzine\"}\" data-sheets-userformat=\"{\"2\":6657,\"3\":{\"1\":0},\"12\":0,\"14\":[null,2,3092271],\"15\":\"Roboto, RobotoDraft, Helvetica, Arial, sans-serif\"}\" style=\"\"><span data-sheets-value=\"{\"1\":2,\"2\":\"afkomstig uit een Lancia Kappa 2.0 20V sedan benzine met automaat van bouwjaar 1997 met een kilometrage van 175.000km.\"}\" data-sheets-userformat=\"{\"2\":14851,\"3\":{\"1\":0},\"4\":{\"1\":2,\"2\":16777215},\"12\":0,\"14\":{\"1\":2,\"2\":6710886},\"15\":\"\"Open Sans\", sans-serif\",\"16\":9}\" style=\"\">Lancia OEM 46464701<br \/><\/span><br \/><\/span><\/p>\n","protected":false},"excerpt":{"rendered":"<p>Module de commande allumage Lancia Kappa 2.0 20V essence &#8211; Module de contr\u00f4le d\u2019allumage d\u2019occasion pour Lancia Kappa 2.<\/p>\n","protected":false},"featured_media":47340,"comment_status":"open","ping_status":"closed","template":"","meta":{"_acf_changed":false},"product_brand":[],"product_cat":[1865,1860,1798,1870],"product_tag":[],"class_list":{"0":"post-64879","1":"product","2":"type-product","3":"status-publish","4":"has-post-thumbnail","6":"product_cat-coupe-fr","7":"product_cat-kappa-838-fr","8":"product_cat-lancia-fr","9":"product_cat-sw-fr","10":"pa_soort-onderdeel-electronique-et-cables","12":"first","13":"instock","14":"shipping-taxable","15":"purchasable","16":"product-type-simple"},"acf":[],"yoast_head":"<!-- This site is optimized with the Yoast SEO plugin v27.3 - https:\/\/yoast.com\/product\/yoast-seo-wordpress\/ -->\n<title>Module de commande allumage Lancia Kappa 2.0 20V essence - Turijnmagazijn<\/title>\n<meta name=\"robots\" content=\"index, follow, max-snippet:-1, max-image-preview:large, max-video-preview:-1\" \/>\n<link rel=\"canonical\" href=\"https:\/\/turijnmagazijn.nl\/fr\/produit\/unite-de-controle-module-allumage-lancia-kappa-2-0-20v-essence\/\" \/>\n<meta property=\"og:locale\" content=\"fr_FR\" \/>\n<meta property=\"og:type\" content=\"article\" \/>\n<meta property=\"og:title\" content=\"Module de commande allumage Lancia Kappa 2.0 20V essence - Turijnmagazijn\" \/>\n<meta property=\"og:description\" content=\"Module de commande allumage Lancia Kappa 2.0 20V essence - Module de contr\u00f4le d\u2019allumage d\u2019occasion pour Lancia Kappa 2.\" \/>\n<meta property=\"og:url\" content=\"https:\/\/turijnmagazijn.nl\/fr\/produit\/unite-de-controle-module-allumage-lancia-kappa-2-0-20v-essence\/\" \/>\n<meta property=\"og:site_name\" content=\"Turijnmagazijn\" \/>\n<meta property=\"article:publisher\" content=\"https:\/\/www.facebook.com\/turijnmagazijn\" \/>\n<meta property=\"article:modified_time\" content=\"2023-07-27T10:17:51+00:00\" \/>\n<meta property=\"og:image\" content=\"https:\/\/turijnmagazijn.nl\/wp-content\/uploads\/2023\/03\/DK00102259-Regeleenheid-module-ontsteking-Lancia-Kappa-2.0-20V-benzine-1-1.jpg\" \/>\n\t<meta property=\"og:image:width\" content=\"1024\" \/>\n\t<meta property=\"og:image:height\" content=\"768\" \/>\n\t<meta property=\"og:image:type\" content=\"image\/jpeg\" \/>\n<meta name=\"twitter:card\" content=\"summary_large_image\" \/>\n<script type=\"application\/ld+json\" class=\"yoast-schema-graph\">{\"@context\":\"https:\\\/\\\/schema.org\",\"@graph\":[{\"@type\":\"WebPage\",\"@id\":\"https:\\\/\\\/turijnmagazijn.nl\\\/fr\\\/produit\\\/unite-de-controle-module-allumage-lancia-kappa-2-0-20v-essence\\\/\",\"url\":\"https:\\\/\\\/turijnmagazijn.nl\\\/fr\\\/produit\\\/unite-de-controle-module-allumage-lancia-kappa-2-0-20v-essence\\\/\",\"name\":\"Module de commande allumage Lancia Kappa 2.0 20V essence - Turijnmagazijn\",\"isPartOf\":{\"@id\":\"https:\\\/\\\/turijnmagazijn.jumpstone-dev.nl\\\/#website\"},\"primaryImageOfPage\":{\"@id\":\"https:\\\/\\\/turijnmagazijn.nl\\\/fr\\\/produit\\\/unite-de-controle-module-allumage-lancia-kappa-2-0-20v-essence\\\/#primaryimage\"},\"image\":{\"@id\":\"https:\\\/\\\/turijnmagazijn.nl\\\/fr\\\/produit\\\/unite-de-controle-module-allumage-lancia-kappa-2-0-20v-essence\\\/#primaryimage\"},\"thumbnailUrl\":\"https:\\\/\\\/turijnmagazijn.nl\\\/wp-content\\\/uploads\\\/2023\\\/03\\\/DK00102259-Regeleenheid-module-ontsteking-Lancia-Kappa-2.0-20V-benzine-1-1.jpg\",\"datePublished\":\"2023-03-03T08:19:50+00:00\",\"dateModified\":\"2023-07-27T10:17:51+00:00\",\"breadcrumb\":{\"@id\":\"https:\\\/\\\/turijnmagazijn.nl\\\/fr\\\/produit\\\/unite-de-controle-module-allumage-lancia-kappa-2-0-20v-essence\\\/#breadcrumb\"},\"inLanguage\":\"fr-FR\",\"potentialAction\":[{\"@type\":\"ReadAction\",\"target\":[\"https:\\\/\\\/turijnmagazijn.nl\\\/fr\\\/produit\\\/unite-de-controle-module-allumage-lancia-kappa-2-0-20v-essence\\\/\"]}]},{\"@type\":\"ImageObject\",\"inLanguage\":\"fr-FR\",\"@id\":\"https:\\\/\\\/turijnmagazijn.nl\\\/fr\\\/produit\\\/unite-de-controle-module-allumage-lancia-kappa-2-0-20v-essence\\\/#primaryimage\",\"url\":\"https:\\\/\\\/turijnmagazijn.nl\\\/wp-content\\\/uploads\\\/2023\\\/03\\\/DK00102259-Regeleenheid-module-ontsteking-Lancia-Kappa-2.0-20V-benzine-1-1.jpg\",\"contentUrl\":\"https:\\\/\\\/turijnmagazijn.nl\\\/wp-content\\\/uploads\\\/2023\\\/03\\\/DK00102259-Regeleenheid-module-ontsteking-Lancia-Kappa-2.0-20V-benzine-1-1.jpg\",\"width\":1024,\"height\":768},{\"@type\":\"BreadcrumbList\",\"@id\":\"https:\\\/\\\/turijnmagazijn.nl\\\/fr\\\/produit\\\/unite-de-controle-module-allumage-lancia-kappa-2-0-20v-essence\\\/#breadcrumb\",\"itemListElement\":[{\"@type\":\"ListItem\",\"position\":1,\"name\":\"Home\",\"item\":\"https:\\\/\\\/turijnmagazijn.nl\\\/fr\\\/\"},{\"@type\":\"ListItem\",\"position\":2,\"name\":\"Produits\",\"item\":\"https:\\\/\\\/turijnmagazijn.nl\\\/fr\\\/shop\\\/\"},{\"@type\":\"ListItem\",\"position\":3,\"name\":\"Module de commande allumage Lancia Kappa 2.0 20V essence\"}]},{\"@type\":\"WebSite\",\"@id\":\"https:\\\/\\\/turijnmagazijn.jumpstone-dev.nl\\\/#website\",\"url\":\"https:\\\/\\\/turijnmagazijn.jumpstone-dev.nl\\\/\",\"name\":\"Turijnmagazijn\",\"description\":\"Onderdelen nieuw en gebruikt - Fiat &amp; Lancia\",\"publisher\":{\"@id\":\"https:\\\/\\\/turijnmagazijn.jumpstone-dev.nl\\\/#organization\"},\"potentialAction\":[{\"@type\":\"SearchAction\",\"target\":{\"@type\":\"EntryPoint\",\"urlTemplate\":\"https:\\\/\\\/turijnmagazijn.jumpstone-dev.nl\\\/?s={search_term_string}\"},\"query-input\":{\"@type\":\"PropertyValueSpecification\",\"valueRequired\":true,\"valueName\":\"search_term_string\"}}],\"inLanguage\":\"fr-FR\"},{\"@type\":\"Organization\",\"@id\":\"https:\\\/\\\/turijnmagazijn.jumpstone-dev.nl\\\/#organization\",\"name\":\"Turijnmagazijn\",\"url\":\"https:\\\/\\\/turijnmagazijn.jumpstone-dev.nl\\\/\",\"logo\":{\"@type\":\"ImageObject\",\"inLanguage\":\"fr-FR\",\"@id\":\"https:\\\/\\\/turijnmagazijn.jumpstone-dev.nl\\\/#\\\/schema\\\/logo\\\/image\\\/\",\"url\":\"https:\\\/\\\/turijnmagazijn.nl\\\/wp-content\\\/uploads\\\/2021\\\/02\\\/turijnmagazijnlogo.png\",\"contentUrl\":\"https:\\\/\\\/turijnmagazijn.nl\\\/wp-content\\\/uploads\\\/2021\\\/02\\\/turijnmagazijnlogo.png\",\"width\":555,\"height\":270,\"caption\":\"Turijnmagazijn\"},\"image\":{\"@id\":\"https:\\\/\\\/turijnmagazijn.jumpstone-dev.nl\\\/#\\\/schema\\\/logo\\\/image\\\/\"},\"sameAs\":[\"https:\\\/\\\/www.facebook.com\\\/turijnmagazijn\"]}]}<\/script>\n<!-- \/ Yoast SEO plugin. -->","yoast_head_json":{"title":"Module de commande allumage Lancia Kappa 2.0 20V essence - Turijnmagazijn","robots":{"index":"index","follow":"follow","max-snippet":"max-snippet:-1","max-image-preview":"max-image-preview:large","max-video-preview":"max-video-preview:-1"},"canonical":"https:\/\/turijnmagazijn.nl\/fr\/produit\/unite-de-controle-module-allumage-lancia-kappa-2-0-20v-essence\/","og_locale":"fr_FR","og_type":"article","og_title":"Module de commande allumage Lancia Kappa 2.0 20V essence - Turijnmagazijn","og_description":"Module de commande allumage Lancia Kappa 2.0 20V essence - Module de contr\u00f4le d\u2019allumage d\u2019occasion pour Lancia Kappa 2.","og_url":"https:\/\/turijnmagazijn.nl\/fr\/produit\/unite-de-controle-module-allumage-lancia-kappa-2-0-20v-essence\/","og_site_name":"Turijnmagazijn","article_publisher":"https:\/\/www.facebook.com\/turijnmagazijn","article_modified_time":"2023-07-27T10:17:51+00:00","og_image":[{"width":1024,"height":768,"url":"https:\/\/turijnmagazijn.nl\/wp-content\/uploads\/2023\/03\/DK00102259-Regeleenheid-module-ontsteking-Lancia-Kappa-2.0-20V-benzine-1-1.jpg","type":"image\/jpeg"}],"twitter_card":"summary_large_image","schema":{"@context":"https:\/\/schema.org","@graph":[{"@type":"WebPage","@id":"https:\/\/turijnmagazijn.nl\/fr\/produit\/unite-de-controle-module-allumage-lancia-kappa-2-0-20v-essence\/","url":"https:\/\/turijnmagazijn.nl\/fr\/produit\/unite-de-controle-module-allumage-lancia-kappa-2-0-20v-essence\/","name":"Module de commande allumage Lancia Kappa 2.0 20V essence - Turijnmagazijn","isPartOf":{"@id":"https:\/\/turijnmagazijn.jumpstone-dev.nl\/#website"},"primaryImageOfPage":{"@id":"https:\/\/turijnmagazijn.nl\/fr\/produit\/unite-de-controle-module-allumage-lancia-kappa-2-0-20v-essence\/#primaryimage"},"image":{"@id":"https:\/\/turijnmagazijn.nl\/fr\/produit\/unite-de-controle-module-allumage-lancia-kappa-2-0-20v-essence\/#primaryimage"},"thumbnailUrl":"https:\/\/turijnmagazijn.nl\/wp-content\/uploads\/2023\/03\/DK00102259-Regeleenheid-module-ontsteking-Lancia-Kappa-2.0-20V-benzine-1-1.jpg","datePublished":"2023-03-03T08:19:50+00:00","dateModified":"2023-07-27T10:17:51+00:00","breadcrumb":{"@id":"https:\/\/turijnmagazijn.nl\/fr\/produit\/unite-de-controle-module-allumage-lancia-kappa-2-0-20v-essence\/#breadcrumb"},"inLanguage":"fr-FR","potentialAction":[{"@type":"ReadAction","target":["https:\/\/turijnmagazijn.nl\/fr\/produit\/unite-de-controle-module-allumage-lancia-kappa-2-0-20v-essence\/"]}]},{"@type":"ImageObject","inLanguage":"fr-FR","@id":"https:\/\/turijnmagazijn.nl\/fr\/produit\/unite-de-controle-module-allumage-lancia-kappa-2-0-20v-essence\/#primaryimage","url":"https:\/\/turijnmagazijn.nl\/wp-content\/uploads\/2023\/03\/DK00102259-Regeleenheid-module-ontsteking-Lancia-Kappa-2.0-20V-benzine-1-1.jpg","contentUrl":"https:\/\/turijnmagazijn.nl\/wp-content\/uploads\/2023\/03\/DK00102259-Regeleenheid-module-ontsteking-Lancia-Kappa-2.0-20V-benzine-1-1.jpg","width":1024,"height":768},{"@type":"BreadcrumbList","@id":"https:\/\/turijnmagazijn.nl\/fr\/produit\/unite-de-controle-module-allumage-lancia-kappa-2-0-20v-essence\/#breadcrumb","itemListElement":[{"@type":"ListItem","position":1,"name":"Home","item":"https:\/\/turijnmagazijn.nl\/fr\/"},{"@type":"ListItem","position":2,"name":"Produits","item":"https:\/\/turijnmagazijn.nl\/fr\/shop\/"},{"@type":"ListItem","position":3,"name":"Module de commande allumage Lancia Kappa 2.0 20V essence"}]},{"@type":"WebSite","@id":"https:\/\/turijnmagazijn.jumpstone-dev.nl\/#website","url":"https:\/\/turijnmagazijn.jumpstone-dev.nl\/","name":"Turijnmagazijn","description":"Onderdelen nieuw en gebruikt - Fiat &amp; Lancia","publisher":{"@id":"https:\/\/turijnmagazijn.jumpstone-dev.nl\/#organization"},"potentialAction":[{"@type":"SearchAction","target":{"@type":"EntryPoint","urlTemplate":"https:\/\/turijnmagazijn.jumpstone-dev.nl\/?s={search_term_string}"},"query-input":{"@type":"PropertyValueSpecification","valueRequired":true,"valueName":"search_term_string"}}],"inLanguage":"fr-FR"},{"@type":"Organization","@id":"https:\/\/turijnmagazijn.jumpstone-dev.nl\/#organization","name":"Turijnmagazijn","url":"https:\/\/turijnmagazijn.jumpstone-dev.nl\/","logo":{"@type":"ImageObject","inLanguage":"fr-FR","@id":"https:\/\/turijnmagazijn.jumpstone-dev.nl\/#\/schema\/logo\/image\/","url":"https:\/\/turijnmagazijn.nl\/wp-content\/uploads\/2021\/02\/turijnmagazijnlogo.png","contentUrl":"https:\/\/turijnmagazijn.nl\/wp-content\/uploads\/2021\/02\/turijnmagazijnlogo.png","width":555,"height":270,"caption":"Turijnmagazijn"},"image":{"@id":"https:\/\/turijnmagazijn.jumpstone-dev.nl\/#\/schema\/logo\/image\/"},"sameAs":["https:\/\/www.facebook.com\/turijnmagazijn"]}]}},"_links":{"self":[{"href":"https:\/\/turijnmagazijn.nl\/fr\/wp-json\/wp\/v2\/product\/64879","targetHints":{"allow":["GET"]}}],"collection":[{"href":"https:\/\/turijnmagazijn.nl\/fr\/wp-json\/wp\/v2\/product"}],"about":[{"href":"https:\/\/turijnmagazijn.nl\/fr\/wp-json\/wp\/v2\/types\/product"}],"replies":[{"embeddable":true,"href":"https:\/\/turijnmagazijn.nl\/fr\/wp-json\/wp\/v2\/comments?post=64879"}],"wp:featuredmedia":[{"embeddable":true,"href":"https:\/\/turijnmagazijn.nl\/fr\/wp-json\/wp\/v2\/media\/47340"}],"wp:attachment":[{"href":"https:\/\/turijnmagazijn.nl\/fr\/wp-json\/wp\/v2\/media?parent=64879"}],"wp:term":[{"taxonomy":"product_brand","embeddable":true,"href":"https:\/\/turijnmagazijn.nl\/fr\/wp-json\/wp\/v2\/product_brand?post=64879"},{"taxonomy":"product_cat","embeddable":true,"href":"https:\/\/turijnmagazijn.nl\/fr\/wp-json\/wp\/v2\/product_cat?post=64879"},{"taxonomy":"product_tag","embeddable":true,"href":"https:\/\/turijnmagazijn.nl\/fr\/wp-json\/wp\/v2\/product_tag?post=64879"}],"curies":[{"name":"wp","href":"https:\/\/api.w.org\/{rel}","templated":true}]}}