{"id":64897,"date":"2023-03-03T09:20:14","date_gmt":"2023-03-03T08:20:14","guid":{"rendered":"https:\/\/turijnmagazijn.nl\/product\/phare-droit-alfa-romeo-166-dorigine\/"},"modified":"2023-07-27T12:18:44","modified_gmt":"2023-07-27T10:18:44","slug":"phare-droit-alfa-romeo-166-original","status":"publish","type":"product","link":"https:\/\/turijnmagazijn.nl\/fr\/produit\/phare-droit-alfa-romeo-166-original\/","title":{"rendered":"Phare DROIT Alfa Romeo 166 d\u2019origine"},"content":{"rendered":"<p>Phare droit pour une Alfa Romeo 166 du premier type avant le lifting. Convient aux mod\u00e8les de 1998 \u00e0 2002. Le phare est en bon \u00e9tat. C\u2019est une lampe Alfa Romeo originale, cela peut \u00eatre reconnu par le logo dans le verre, voir photos. La lentille est claire et le phare fonctionne pleinement (feux de croisement et feux de route) et \u00e9quip\u00e9 de feux de travail.<\/p>\n<p>L\u2019unit\u00e9 est compl\u00e8te avec moteur de r\u00e9glage.<\/p>\n<p>Il y a une fosse de pierre concass\u00e9e de 2 mm sur la vitre du phare, mais aucun risque de d\u00e9chirure. Dans l\u2019ensemble, les dommages caus\u00e9s par les \u00e9clats de pierre peuvent \u00eatre trouv\u00e9s sur le verre, comme on peut s\u2019y attendre d\u2019un phare usag\u00e9.<\/p>\n<p style=\"margin-bottom: 10px;\">La bande chrom\u00e9e au bas de la lampe est fortement alt\u00e9r\u00e9e et doit \u00eatre remplac\u00e9e. Cela peut \u00e9ventuellement \u00eatre transf\u00e9r\u00e9 de l\u2019ancienne unit\u00e9. Voir les photos.<\/p>\n<p style=\"margin-bottom: 10px;\">Complet avec tous les capuchons et un faisceau de c\u00e2blage d\u2019origine intact!<\/p>\n<p>OEM Alfa Romeo 60658762<\/p>\n","protected":false},"excerpt":{"rendered":"<p>Phare DROIT Alfa Romeo 166 &#8211; Phare droit pour une Alfa Romeo 166 du premier type avant le lifting. Phare DROIT Alfa Romeo 166 &#8211; Phare droit pour une Alfa Romeo 166 du premier type avant le lifting.<\/p>\n","protected":false},"featured_media":47492,"comment_status":"closed","ping_status":"closed","template":"","meta":{"_acf_changed":false},"product_brand":[],"product_cat":[1650,1582],"product_tag":[],"class_list":{"0":"post-64897","1":"product","2":"type-product","3":"status-publish","4":"has-post-thumbnail","6":"product_cat-166-936-fr","7":"product_cat-alfa-romeo-fr","8":"pa_soort-onderdeel-eclairage","9":"pa_soort-onderdeel-transmission-et-accessoires","11":"first","12":"instock","13":"shipping-taxable","14":"purchasable","15":"product-type-simple"},"acf":[],"yoast_head":"<!-- This site is optimized with the Yoast SEO plugin v27.3 - https:\/\/yoast.com\/product\/yoast-seo-wordpress\/ -->\n<title>Phare DROIT Alfa Romeo 166 d\u2019origine - Turijnmagazijn<\/title>\n<meta name=\"robots\" content=\"index, follow, max-snippet:-1, max-image-preview:large, max-video-preview:-1\" \/>\n<link rel=\"canonical\" href=\"https:\/\/turijnmagazijn.nl\/fr\/produit\/phare-droit-alfa-romeo-166-original\/\" \/>\n<meta property=\"og:locale\" content=\"fr_FR\" \/>\n<meta property=\"og:type\" content=\"article\" \/>\n<meta property=\"og:title\" content=\"Phare DROIT Alfa Romeo 166 d\u2019origine - Turijnmagazijn\" \/>\n<meta property=\"og:description\" content=\"Phare DROIT Alfa Romeo 166 - Phare droit pour une Alfa Romeo 166 du premier type avant le lifting. Phare DROIT Alfa Romeo 166 - Phare droit pour une Alfa Romeo 166 du premier type avant le lifting.\" \/>\n<meta property=\"og:url\" content=\"https:\/\/turijnmagazijn.nl\/fr\/produit\/phare-droit-alfa-romeo-166-original\/\" \/>\n<meta property=\"og:site_name\" content=\"Turijnmagazijn\" \/>\n<meta property=\"article:publisher\" content=\"https:\/\/www.facebook.com\/turijnmagazijn\" \/>\n<meta property=\"article:modified_time\" content=\"2023-07-27T10:18:44+00:00\" \/>\n<meta property=\"og:image\" content=\"https:\/\/turijnmagazijn.nl\/wp-content\/uploads\/2023\/03\/DK00102274-Koplamp-RECHTS-Alfa-Romeo-166-origineel-4-1.jpg\" \/>\n\t<meta property=\"og:image:width\" content=\"1024\" \/>\n\t<meta property=\"og:image:height\" content=\"768\" \/>\n\t<meta property=\"og:image:type\" content=\"image\/jpeg\" \/>\n<meta name=\"twitter:card\" content=\"summary_large_image\" \/>\n<meta name=\"twitter:label1\" content=\"Dur\u00e9e de lecture estim\u00e9e\" \/>\n\t<meta name=\"twitter:data1\" content=\"1 minute\" \/>\n<script type=\"application\/ld+json\" class=\"yoast-schema-graph\">{\"@context\":\"https:\\\/\\\/schema.org\",\"@graph\":[{\"@type\":\"WebPage\",\"@id\":\"https:\\\/\\\/turijnmagazijn.nl\\\/fr\\\/produit\\\/phare-droit-alfa-romeo-166-original\\\/\",\"url\":\"https:\\\/\\\/turijnmagazijn.nl\\\/fr\\\/produit\\\/phare-droit-alfa-romeo-166-original\\\/\",\"name\":\"Phare DROIT Alfa Romeo 166 d\u2019origine - Turijnmagazijn\",\"isPartOf\":{\"@id\":\"https:\\\/\\\/turijnmagazijn.jumpstone-dev.nl\\\/#website\"},\"primaryImageOfPage\":{\"@id\":\"https:\\\/\\\/turijnmagazijn.nl\\\/fr\\\/produit\\\/phare-droit-alfa-romeo-166-original\\\/#primaryimage\"},\"image\":{\"@id\":\"https:\\\/\\\/turijnmagazijn.nl\\\/fr\\\/produit\\\/phare-droit-alfa-romeo-166-original\\\/#primaryimage\"},\"thumbnailUrl\":\"https:\\\/\\\/turijnmagazijn.nl\\\/wp-content\\\/uploads\\\/2023\\\/03\\\/DK00102274-Koplamp-RECHTS-Alfa-Romeo-166-origineel-4-1.jpg\",\"datePublished\":\"2023-03-03T08:20:14+00:00\",\"dateModified\":\"2023-07-27T10:18:44+00:00\",\"breadcrumb\":{\"@id\":\"https:\\\/\\\/turijnmagazijn.nl\\\/fr\\\/produit\\\/phare-droit-alfa-romeo-166-original\\\/#breadcrumb\"},\"inLanguage\":\"fr-FR\",\"potentialAction\":[{\"@type\":\"ReadAction\",\"target\":[\"https:\\\/\\\/turijnmagazijn.nl\\\/fr\\\/produit\\\/phare-droit-alfa-romeo-166-original\\\/\"]}]},{\"@type\":\"ImageObject\",\"inLanguage\":\"fr-FR\",\"@id\":\"https:\\\/\\\/turijnmagazijn.nl\\\/fr\\\/produit\\\/phare-droit-alfa-romeo-166-original\\\/#primaryimage\",\"url\":\"https:\\\/\\\/turijnmagazijn.nl\\\/wp-content\\\/uploads\\\/2023\\\/03\\\/DK00102274-Koplamp-RECHTS-Alfa-Romeo-166-origineel-4-1.jpg\",\"contentUrl\":\"https:\\\/\\\/turijnmagazijn.nl\\\/wp-content\\\/uploads\\\/2023\\\/03\\\/DK00102274-Koplamp-RECHTS-Alfa-Romeo-166-origineel-4-1.jpg\",\"width\":1024,\"height\":768},{\"@type\":\"BreadcrumbList\",\"@id\":\"https:\\\/\\\/turijnmagazijn.nl\\\/fr\\\/produit\\\/phare-droit-alfa-romeo-166-original\\\/#breadcrumb\",\"itemListElement\":[{\"@type\":\"ListItem\",\"position\":1,\"name\":\"Home\",\"item\":\"https:\\\/\\\/turijnmagazijn.nl\\\/fr\\\/\"},{\"@type\":\"ListItem\",\"position\":2,\"name\":\"Produits\",\"item\":\"https:\\\/\\\/turijnmagazijn.nl\\\/fr\\\/shop\\\/\"},{\"@type\":\"ListItem\",\"position\":3,\"name\":\"Phare DROIT Alfa Romeo 166 d\u2019origine\"}]},{\"@type\":\"WebSite\",\"@id\":\"https:\\\/\\\/turijnmagazijn.jumpstone-dev.nl\\\/#website\",\"url\":\"https:\\\/\\\/turijnmagazijn.jumpstone-dev.nl\\\/\",\"name\":\"Turijnmagazijn\",\"description\":\"Onderdelen nieuw en gebruikt - Fiat &amp; Lancia\",\"publisher\":{\"@id\":\"https:\\\/\\\/turijnmagazijn.jumpstone-dev.nl\\\/#organization\"},\"potentialAction\":[{\"@type\":\"SearchAction\",\"target\":{\"@type\":\"EntryPoint\",\"urlTemplate\":\"https:\\\/\\\/turijnmagazijn.jumpstone-dev.nl\\\/?s={search_term_string}\"},\"query-input\":{\"@type\":\"PropertyValueSpecification\",\"valueRequired\":true,\"valueName\":\"search_term_string\"}}],\"inLanguage\":\"fr-FR\"},{\"@type\":\"Organization\",\"@id\":\"https:\\\/\\\/turijnmagazijn.jumpstone-dev.nl\\\/#organization\",\"name\":\"Turijnmagazijn\",\"url\":\"https:\\\/\\\/turijnmagazijn.jumpstone-dev.nl\\\/\",\"logo\":{\"@type\":\"ImageObject\",\"inLanguage\":\"fr-FR\",\"@id\":\"https:\\\/\\\/turijnmagazijn.jumpstone-dev.nl\\\/#\\\/schema\\\/logo\\\/image\\\/\",\"url\":\"https:\\\/\\\/turijnmagazijn.nl\\\/wp-content\\\/uploads\\\/2021\\\/02\\\/turijnmagazijnlogo.png\",\"contentUrl\":\"https:\\\/\\\/turijnmagazijn.nl\\\/wp-content\\\/uploads\\\/2021\\\/02\\\/turijnmagazijnlogo.png\",\"width\":555,\"height\":270,\"caption\":\"Turijnmagazijn\"},\"image\":{\"@id\":\"https:\\\/\\\/turijnmagazijn.jumpstone-dev.nl\\\/#\\\/schema\\\/logo\\\/image\\\/\"},\"sameAs\":[\"https:\\\/\\\/www.facebook.com\\\/turijnmagazijn\"]}]}<\/script>\n<!-- \/ Yoast SEO plugin. -->","yoast_head_json":{"title":"Phare DROIT Alfa Romeo 166 d\u2019origine - Turijnmagazijn","robots":{"index":"index","follow":"follow","max-snippet":"max-snippet:-1","max-image-preview":"max-image-preview:large","max-video-preview":"max-video-preview:-1"},"canonical":"https:\/\/turijnmagazijn.nl\/fr\/produit\/phare-droit-alfa-romeo-166-original\/","og_locale":"fr_FR","og_type":"article","og_title":"Phare DROIT Alfa Romeo 166 d\u2019origine - Turijnmagazijn","og_description":"Phare DROIT Alfa Romeo 166 - Phare droit pour une Alfa Romeo 166 du premier type avant le lifting. Phare DROIT Alfa Romeo 166 - Phare droit pour une Alfa Romeo 166 du premier type avant le lifting.","og_url":"https:\/\/turijnmagazijn.nl\/fr\/produit\/phare-droit-alfa-romeo-166-original\/","og_site_name":"Turijnmagazijn","article_publisher":"https:\/\/www.facebook.com\/turijnmagazijn","article_modified_time":"2023-07-27T10:18:44+00:00","og_image":[{"width":1024,"height":768,"url":"https:\/\/turijnmagazijn.nl\/wp-content\/uploads\/2023\/03\/DK00102274-Koplamp-RECHTS-Alfa-Romeo-166-origineel-4-1.jpg","type":"image\/jpeg"}],"twitter_card":"summary_large_image","twitter_misc":{"Dur\u00e9e de lecture estim\u00e9e":"1 minute"},"schema":{"@context":"https:\/\/schema.org","@graph":[{"@type":"WebPage","@id":"https:\/\/turijnmagazijn.nl\/fr\/produit\/phare-droit-alfa-romeo-166-original\/","url":"https:\/\/turijnmagazijn.nl\/fr\/produit\/phare-droit-alfa-romeo-166-original\/","name":"Phare DROIT Alfa Romeo 166 d\u2019origine - Turijnmagazijn","isPartOf":{"@id":"https:\/\/turijnmagazijn.jumpstone-dev.nl\/#website"},"primaryImageOfPage":{"@id":"https:\/\/turijnmagazijn.nl\/fr\/produit\/phare-droit-alfa-romeo-166-original\/#primaryimage"},"image":{"@id":"https:\/\/turijnmagazijn.nl\/fr\/produit\/phare-droit-alfa-romeo-166-original\/#primaryimage"},"thumbnailUrl":"https:\/\/turijnmagazijn.nl\/wp-content\/uploads\/2023\/03\/DK00102274-Koplamp-RECHTS-Alfa-Romeo-166-origineel-4-1.jpg","datePublished":"2023-03-03T08:20:14+00:00","dateModified":"2023-07-27T10:18:44+00:00","breadcrumb":{"@id":"https:\/\/turijnmagazijn.nl\/fr\/produit\/phare-droit-alfa-romeo-166-original\/#breadcrumb"},"inLanguage":"fr-FR","potentialAction":[{"@type":"ReadAction","target":["https:\/\/turijnmagazijn.nl\/fr\/produit\/phare-droit-alfa-romeo-166-original\/"]}]},{"@type":"ImageObject","inLanguage":"fr-FR","@id":"https:\/\/turijnmagazijn.nl\/fr\/produit\/phare-droit-alfa-romeo-166-original\/#primaryimage","url":"https:\/\/turijnmagazijn.nl\/wp-content\/uploads\/2023\/03\/DK00102274-Koplamp-RECHTS-Alfa-Romeo-166-origineel-4-1.jpg","contentUrl":"https:\/\/turijnmagazijn.nl\/wp-content\/uploads\/2023\/03\/DK00102274-Koplamp-RECHTS-Alfa-Romeo-166-origineel-4-1.jpg","width":1024,"height":768},{"@type":"BreadcrumbList","@id":"https:\/\/turijnmagazijn.nl\/fr\/produit\/phare-droit-alfa-romeo-166-original\/#breadcrumb","itemListElement":[{"@type":"ListItem","position":1,"name":"Home","item":"https:\/\/turijnmagazijn.nl\/fr\/"},{"@type":"ListItem","position":2,"name":"Produits","item":"https:\/\/turijnmagazijn.nl\/fr\/shop\/"},{"@type":"ListItem","position":3,"name":"Phare DROIT Alfa Romeo 166 d\u2019origine"}]},{"@type":"WebSite","@id":"https:\/\/turijnmagazijn.jumpstone-dev.nl\/#website","url":"https:\/\/turijnmagazijn.jumpstone-dev.nl\/","name":"Turijnmagazijn","description":"Onderdelen nieuw en gebruikt - Fiat &amp; Lancia","publisher":{"@id":"https:\/\/turijnmagazijn.jumpstone-dev.nl\/#organization"},"potentialAction":[{"@type":"SearchAction","target":{"@type":"EntryPoint","urlTemplate":"https:\/\/turijnmagazijn.jumpstone-dev.nl\/?s={search_term_string}"},"query-input":{"@type":"PropertyValueSpecification","valueRequired":true,"valueName":"search_term_string"}}],"inLanguage":"fr-FR"},{"@type":"Organization","@id":"https:\/\/turijnmagazijn.jumpstone-dev.nl\/#organization","name":"Turijnmagazijn","url":"https:\/\/turijnmagazijn.jumpstone-dev.nl\/","logo":{"@type":"ImageObject","inLanguage":"fr-FR","@id":"https:\/\/turijnmagazijn.jumpstone-dev.nl\/#\/schema\/logo\/image\/","url":"https:\/\/turijnmagazijn.nl\/wp-content\/uploads\/2021\/02\/turijnmagazijnlogo.png","contentUrl":"https:\/\/turijnmagazijn.nl\/wp-content\/uploads\/2021\/02\/turijnmagazijnlogo.png","width":555,"height":270,"caption":"Turijnmagazijn"},"image":{"@id":"https:\/\/turijnmagazijn.jumpstone-dev.nl\/#\/schema\/logo\/image\/"},"sameAs":["https:\/\/www.facebook.com\/turijnmagazijn"]}]}},"_links":{"self":[{"href":"https:\/\/turijnmagazijn.nl\/fr\/wp-json\/wp\/v2\/product\/64897","targetHints":{"allow":["GET"]}}],"collection":[{"href":"https:\/\/turijnmagazijn.nl\/fr\/wp-json\/wp\/v2\/product"}],"about":[{"href":"https:\/\/turijnmagazijn.nl\/fr\/wp-json\/wp\/v2\/types\/product"}],"replies":[{"embeddable":true,"href":"https:\/\/turijnmagazijn.nl\/fr\/wp-json\/wp\/v2\/comments?post=64897"}],"wp:featuredmedia":[{"embeddable":true,"href":"https:\/\/turijnmagazijn.nl\/fr\/wp-json\/wp\/v2\/media\/47492"}],"wp:attachment":[{"href":"https:\/\/turijnmagazijn.nl\/fr\/wp-json\/wp\/v2\/media?parent=64897"}],"wp:term":[{"taxonomy":"product_brand","embeddable":true,"href":"https:\/\/turijnmagazijn.nl\/fr\/wp-json\/wp\/v2\/product_brand?post=64897"},{"taxonomy":"product_cat","embeddable":true,"href":"https:\/\/turijnmagazijn.nl\/fr\/wp-json\/wp\/v2\/product_cat?post=64897"},{"taxonomy":"product_tag","embeddable":true,"href":"https:\/\/turijnmagazijn.nl\/fr\/wp-json\/wp\/v2\/product_tag?post=64897"}],"curies":[{"name":"wp","href":"https:\/\/api.w.org\/{rel}","templated":true}]}}