{"id":64909,"date":"2023-03-03T09:19:50","date_gmt":"2023-03-03T08:19:50","guid":{"rendered":"https:\/\/turijnmagazijn.nl\/product\/relais-argent-30a-fiat-lancia-alfa-romeo-bosch-0-332-014-140\/"},"modified":"2023-07-27T12:18:00","modified_gmt":"2023-07-27T10:18:00","slug":"relais-argent-30a-fiat-lancia-alfa-romeo-bosch-0-332-014-140","status":"publish","type":"product","link":"https:\/\/turijnmagazijn.nl\/fr\/produit\/relais-argent-30a-fiat-lancia-alfa-romeo-bosch-0-332-014-140\/","title":{"rendered":"Relais argent 30A Fiat Lancia Alfa Romeo BOSCH 0 332 014 140"},"content":{"rendered":"<p>Relais d\u2019occasion 30 amp\u00e8res en version argent. Appliqu\u00e9 \u00e0 divers mod\u00e8les Alfa Romeo, Lancia et Fiat.&nbsp;<\/p>\n<p>Appliqu\u00e9 aux Lancia Delta 2, Lancia Kappa et Alfa Romeo 147, 156, 145 et GT. Utilis\u00e9 chez fiat sur les s\u00e9ries Bravo\/Brava et fiat Marea<\/p>\n<p>Entre autres, 4 pi\u00e8ces utilis\u00e9es dans la premi\u00e8re s\u00e9rie de Lancia Kappas dans le bo\u00eetier de relais contre la cloison.<\/p>\n<p>Relais BOSCH d\u2019origine, toujours avec le couvercle en m\u00e9tal, qui a ensuite \u00e9t\u00e9 remplac\u00e9 par un couvercle en plastique.<\/p>\n<p><span data-sheets-value=\"{\"1\":2,\"2\":\"afkomstig uit een Lancia Kappa 2.0 20V sedan benzine met automaat van bouwjaar 1997 met een kilometrage van 175.000km.\"}\" data-sheets-userformat=\"{\"2\":14851,\"3\":{\"1\":0},\"4\":{\"1\":2,\"2\":16777215},\"12\":0,\"14\":{\"1\":2,\"2\":6710886},\"15\":\"\"Open Sans\", sans-serif\",\"16\":9}\" style=\"font-size: 9pt; font-family: \"Open Sans\", Arial;\">Provenant d\u2019une Lancia Kappa 2.0 berline essence 20V avec transmission automatique construite en 1997 avec un kilom\u00e9trage de 175 000 km.<\/span><\/p>\n<p><span data-sheets-value=\"{\"1\":2,\"2\":\"afkomstig uit een Lancia Kappa 2.0 20V sedan benzine met automaat van bouwjaar 1997 met een kilometrage van 175.000km.\"}\" data-sheets-userformat=\"{\"2\":14851,\"3\":{\"1\":0},\"4\":{\"1\":2,\"2\":16777215},\"12\":0,\"14\":{\"1\":2,\"2\":6710886},\"15\":\"\"Open Sans\", sans-serif\",\"16\":9}\" style=\"font-size: 9pt; font-family: \"Open Sans\", Arial;\"><br \/><\/span><\/p>\n<p>Lancia OEM 7615576<\/p>\n<p>OEM Alfa Romeo&nbsp;60812059<\/p>\n","protected":false},"excerpt":{"rendered":"<p>Relais argent 30A Fiat Lancia Alfa Romeo BOSCH 0 332 014 140 &#8211; Relais 30 amp\u00e8res d\u2019occasion en version argent.<\/p>\n","protected":false},"featured_media":47364,"comment_status":"open","ping_status":"closed","template":"","meta":{"_acf_changed":false},"product_brand":[],"product_cat":[1597,1606,1613,1582,1865,1841,1690,1860,1798,1736,1870],"product_tag":[],"class_list":{"0":"post-64909","1":"product","2":"type-product","3":"status-publish","4":"has-post-thumbnail","6":"product_cat-145-930a-fr","7":"product_cat-147-937-fr","8":"product_cat-156-932-fr","9":"product_cat-alfa-romeo-fr","10":"product_cat-coupe-fr","11":"product_cat-delta-2-836-fr","12":"product_cat-fiat-fr","13":"product_cat-kappa-838-fr","14":"product_cat-lancia-fr","15":"product_cat-marea-185-fr","16":"product_cat-sw-fr","17":"pa_soort-onderdeel-electronique-et-cables","18":"pa_soort-onderdeel-moteur-et-accessoires","20":"first","21":"instock","22":"shipping-taxable","23":"purchasable","24":"product-type-simple"},"acf":[],"yoast_head":"<!-- This site is optimized with the Yoast SEO plugin v27.3 - https:\/\/yoast.com\/product\/yoast-seo-wordpress\/ -->\n<title>Relais argent 30A Fiat Lancia Alfa Romeo BOSCH 0 332 014 140 - Turijnmagazijn<\/title>\n<meta name=\"robots\" content=\"index, follow, max-snippet:-1, max-image-preview:large, max-video-preview:-1\" \/>\n<link rel=\"canonical\" href=\"https:\/\/turijnmagazijn.nl\/fr\/produit\/relais-argent-30a-fiat-lancia-alfa-romeo-bosch-0-332-014-140\/\" \/>\n<meta property=\"og:locale\" content=\"fr_FR\" \/>\n<meta property=\"og:type\" content=\"article\" \/>\n<meta property=\"og:title\" content=\"Relais argent 30A Fiat Lancia Alfa Romeo BOSCH 0 332 014 140 - Turijnmagazijn\" \/>\n<meta property=\"og:description\" content=\"Relais argent 30A Fiat Lancia Alfa Romeo BOSCH 0 332 014 140 - Relais 30 amp\u00e8res d\u2019occasion en version argent.\" \/>\n<meta property=\"og:url\" content=\"https:\/\/turijnmagazijn.nl\/fr\/produit\/relais-argent-30a-fiat-lancia-alfa-romeo-bosch-0-332-014-140\/\" \/>\n<meta property=\"og:site_name\" content=\"Turijnmagazijn\" \/>\n<meta property=\"article:publisher\" content=\"https:\/\/www.facebook.com\/turijnmagazijn\" \/>\n<meta property=\"article:modified_time\" content=\"2023-07-27T10:18:00+00:00\" \/>\n<meta property=\"og:image\" content=\"https:\/\/turijnmagazijn.nl\/wp-content\/uploads\/2023\/03\/DK00102262-Relais-zilver-30A-Fiat-Lancia-Alfa-Romeo-BOSCH-0-332-014-140-2-1.jpg\" \/>\n\t<meta property=\"og:image:width\" content=\"1024\" \/>\n\t<meta property=\"og:image:height\" content=\"768\" \/>\n\t<meta property=\"og:image:type\" content=\"image\/jpeg\" \/>\n<meta name=\"twitter:card\" content=\"summary_large_image\" \/>\n<meta name=\"twitter:label1\" content=\"Dur\u00e9e de lecture estim\u00e9e\" \/>\n\t<meta name=\"twitter:data1\" content=\"1 minute\" \/>\n<script type=\"application\/ld+json\" class=\"yoast-schema-graph\">{\"@context\":\"https:\\\/\\\/schema.org\",\"@graph\":[{\"@type\":\"WebPage\",\"@id\":\"https:\\\/\\\/turijnmagazijn.nl\\\/fr\\\/produit\\\/relais-argent-30a-fiat-lancia-alfa-romeo-bosch-0-332-014-140\\\/\",\"url\":\"https:\\\/\\\/turijnmagazijn.nl\\\/fr\\\/produit\\\/relais-argent-30a-fiat-lancia-alfa-romeo-bosch-0-332-014-140\\\/\",\"name\":\"Relais argent 30A Fiat Lancia Alfa Romeo BOSCH 0 332 014 140 - Turijnmagazijn\",\"isPartOf\":{\"@id\":\"https:\\\/\\\/turijnmagazijn.jumpstone-dev.nl\\\/#website\"},\"primaryImageOfPage\":{\"@id\":\"https:\\\/\\\/turijnmagazijn.nl\\\/fr\\\/produit\\\/relais-argent-30a-fiat-lancia-alfa-romeo-bosch-0-332-014-140\\\/#primaryimage\"},\"image\":{\"@id\":\"https:\\\/\\\/turijnmagazijn.nl\\\/fr\\\/produit\\\/relais-argent-30a-fiat-lancia-alfa-romeo-bosch-0-332-014-140\\\/#primaryimage\"},\"thumbnailUrl\":\"https:\\\/\\\/turijnmagazijn.nl\\\/wp-content\\\/uploads\\\/2023\\\/03\\\/DK00102262-Relais-zilver-30A-Fiat-Lancia-Alfa-Romeo-BOSCH-0-332-014-140-2-1.jpg\",\"datePublished\":\"2023-03-03T08:19:50+00:00\",\"dateModified\":\"2023-07-27T10:18:00+00:00\",\"breadcrumb\":{\"@id\":\"https:\\\/\\\/turijnmagazijn.nl\\\/fr\\\/produit\\\/relais-argent-30a-fiat-lancia-alfa-romeo-bosch-0-332-014-140\\\/#breadcrumb\"},\"inLanguage\":\"fr-FR\",\"potentialAction\":[{\"@type\":\"ReadAction\",\"target\":[\"https:\\\/\\\/turijnmagazijn.nl\\\/fr\\\/produit\\\/relais-argent-30a-fiat-lancia-alfa-romeo-bosch-0-332-014-140\\\/\"]}]},{\"@type\":\"ImageObject\",\"inLanguage\":\"fr-FR\",\"@id\":\"https:\\\/\\\/turijnmagazijn.nl\\\/fr\\\/produit\\\/relais-argent-30a-fiat-lancia-alfa-romeo-bosch-0-332-014-140\\\/#primaryimage\",\"url\":\"https:\\\/\\\/turijnmagazijn.nl\\\/wp-content\\\/uploads\\\/2023\\\/03\\\/DK00102262-Relais-zilver-30A-Fiat-Lancia-Alfa-Romeo-BOSCH-0-332-014-140-2-1.jpg\",\"contentUrl\":\"https:\\\/\\\/turijnmagazijn.nl\\\/wp-content\\\/uploads\\\/2023\\\/03\\\/DK00102262-Relais-zilver-30A-Fiat-Lancia-Alfa-Romeo-BOSCH-0-332-014-140-2-1.jpg\",\"width\":1024,\"height\":768},{\"@type\":\"BreadcrumbList\",\"@id\":\"https:\\\/\\\/turijnmagazijn.nl\\\/fr\\\/produit\\\/relais-argent-30a-fiat-lancia-alfa-romeo-bosch-0-332-014-140\\\/#breadcrumb\",\"itemListElement\":[{\"@type\":\"ListItem\",\"position\":1,\"name\":\"Home\",\"item\":\"https:\\\/\\\/turijnmagazijn.nl\\\/fr\\\/\"},{\"@type\":\"ListItem\",\"position\":2,\"name\":\"Produits\",\"item\":\"https:\\\/\\\/turijnmagazijn.nl\\\/fr\\\/shop\\\/\"},{\"@type\":\"ListItem\",\"position\":3,\"name\":\"Relais argent 30A Fiat Lancia Alfa Romeo BOSCH 0 332 014 140\"}]},{\"@type\":\"WebSite\",\"@id\":\"https:\\\/\\\/turijnmagazijn.jumpstone-dev.nl\\\/#website\",\"url\":\"https:\\\/\\\/turijnmagazijn.jumpstone-dev.nl\\\/\",\"name\":\"Turijnmagazijn\",\"description\":\"Onderdelen nieuw en gebruikt - Fiat &amp; Lancia\",\"publisher\":{\"@id\":\"https:\\\/\\\/turijnmagazijn.jumpstone-dev.nl\\\/#organization\"},\"potentialAction\":[{\"@type\":\"SearchAction\",\"target\":{\"@type\":\"EntryPoint\",\"urlTemplate\":\"https:\\\/\\\/turijnmagazijn.jumpstone-dev.nl\\\/?s={search_term_string}\"},\"query-input\":{\"@type\":\"PropertyValueSpecification\",\"valueRequired\":true,\"valueName\":\"search_term_string\"}}],\"inLanguage\":\"fr-FR\"},{\"@type\":\"Organization\",\"@id\":\"https:\\\/\\\/turijnmagazijn.jumpstone-dev.nl\\\/#organization\",\"name\":\"Turijnmagazijn\",\"url\":\"https:\\\/\\\/turijnmagazijn.jumpstone-dev.nl\\\/\",\"logo\":{\"@type\":\"ImageObject\",\"inLanguage\":\"fr-FR\",\"@id\":\"https:\\\/\\\/turijnmagazijn.jumpstone-dev.nl\\\/#\\\/schema\\\/logo\\\/image\\\/\",\"url\":\"https:\\\/\\\/turijnmagazijn.nl\\\/wp-content\\\/uploads\\\/2021\\\/02\\\/turijnmagazijnlogo.png\",\"contentUrl\":\"https:\\\/\\\/turijnmagazijn.nl\\\/wp-content\\\/uploads\\\/2021\\\/02\\\/turijnmagazijnlogo.png\",\"width\":555,\"height\":270,\"caption\":\"Turijnmagazijn\"},\"image\":{\"@id\":\"https:\\\/\\\/turijnmagazijn.jumpstone-dev.nl\\\/#\\\/schema\\\/logo\\\/image\\\/\"},\"sameAs\":[\"https:\\\/\\\/www.facebook.com\\\/turijnmagazijn\"]}]}<\/script>\n<!-- \/ Yoast SEO plugin. -->","yoast_head_json":{"title":"Relais argent 30A Fiat Lancia Alfa Romeo BOSCH 0 332 014 140 - Turijnmagazijn","robots":{"index":"index","follow":"follow","max-snippet":"max-snippet:-1","max-image-preview":"max-image-preview:large","max-video-preview":"max-video-preview:-1"},"canonical":"https:\/\/turijnmagazijn.nl\/fr\/produit\/relais-argent-30a-fiat-lancia-alfa-romeo-bosch-0-332-014-140\/","og_locale":"fr_FR","og_type":"article","og_title":"Relais argent 30A Fiat Lancia Alfa Romeo BOSCH 0 332 014 140 - Turijnmagazijn","og_description":"Relais argent 30A Fiat Lancia Alfa Romeo BOSCH 0 332 014 140 - Relais 30 amp\u00e8res d\u2019occasion en version argent.","og_url":"https:\/\/turijnmagazijn.nl\/fr\/produit\/relais-argent-30a-fiat-lancia-alfa-romeo-bosch-0-332-014-140\/","og_site_name":"Turijnmagazijn","article_publisher":"https:\/\/www.facebook.com\/turijnmagazijn","article_modified_time":"2023-07-27T10:18:00+00:00","og_image":[{"width":1024,"height":768,"url":"https:\/\/turijnmagazijn.nl\/wp-content\/uploads\/2023\/03\/DK00102262-Relais-zilver-30A-Fiat-Lancia-Alfa-Romeo-BOSCH-0-332-014-140-2-1.jpg","type":"image\/jpeg"}],"twitter_card":"summary_large_image","twitter_misc":{"Dur\u00e9e de lecture estim\u00e9e":"1 minute"},"schema":{"@context":"https:\/\/schema.org","@graph":[{"@type":"WebPage","@id":"https:\/\/turijnmagazijn.nl\/fr\/produit\/relais-argent-30a-fiat-lancia-alfa-romeo-bosch-0-332-014-140\/","url":"https:\/\/turijnmagazijn.nl\/fr\/produit\/relais-argent-30a-fiat-lancia-alfa-romeo-bosch-0-332-014-140\/","name":"Relais argent 30A Fiat Lancia Alfa Romeo BOSCH 0 332 014 140 - Turijnmagazijn","isPartOf":{"@id":"https:\/\/turijnmagazijn.jumpstone-dev.nl\/#website"},"primaryImageOfPage":{"@id":"https:\/\/turijnmagazijn.nl\/fr\/produit\/relais-argent-30a-fiat-lancia-alfa-romeo-bosch-0-332-014-140\/#primaryimage"},"image":{"@id":"https:\/\/turijnmagazijn.nl\/fr\/produit\/relais-argent-30a-fiat-lancia-alfa-romeo-bosch-0-332-014-140\/#primaryimage"},"thumbnailUrl":"https:\/\/turijnmagazijn.nl\/wp-content\/uploads\/2023\/03\/DK00102262-Relais-zilver-30A-Fiat-Lancia-Alfa-Romeo-BOSCH-0-332-014-140-2-1.jpg","datePublished":"2023-03-03T08:19:50+00:00","dateModified":"2023-07-27T10:18:00+00:00","breadcrumb":{"@id":"https:\/\/turijnmagazijn.nl\/fr\/produit\/relais-argent-30a-fiat-lancia-alfa-romeo-bosch-0-332-014-140\/#breadcrumb"},"inLanguage":"fr-FR","potentialAction":[{"@type":"ReadAction","target":["https:\/\/turijnmagazijn.nl\/fr\/produit\/relais-argent-30a-fiat-lancia-alfa-romeo-bosch-0-332-014-140\/"]}]},{"@type":"ImageObject","inLanguage":"fr-FR","@id":"https:\/\/turijnmagazijn.nl\/fr\/produit\/relais-argent-30a-fiat-lancia-alfa-romeo-bosch-0-332-014-140\/#primaryimage","url":"https:\/\/turijnmagazijn.nl\/wp-content\/uploads\/2023\/03\/DK00102262-Relais-zilver-30A-Fiat-Lancia-Alfa-Romeo-BOSCH-0-332-014-140-2-1.jpg","contentUrl":"https:\/\/turijnmagazijn.nl\/wp-content\/uploads\/2023\/03\/DK00102262-Relais-zilver-30A-Fiat-Lancia-Alfa-Romeo-BOSCH-0-332-014-140-2-1.jpg","width":1024,"height":768},{"@type":"BreadcrumbList","@id":"https:\/\/turijnmagazijn.nl\/fr\/produit\/relais-argent-30a-fiat-lancia-alfa-romeo-bosch-0-332-014-140\/#breadcrumb","itemListElement":[{"@type":"ListItem","position":1,"name":"Home","item":"https:\/\/turijnmagazijn.nl\/fr\/"},{"@type":"ListItem","position":2,"name":"Produits","item":"https:\/\/turijnmagazijn.nl\/fr\/shop\/"},{"@type":"ListItem","position":3,"name":"Relais argent 30A Fiat Lancia Alfa Romeo BOSCH 0 332 014 140"}]},{"@type":"WebSite","@id":"https:\/\/turijnmagazijn.jumpstone-dev.nl\/#website","url":"https:\/\/turijnmagazijn.jumpstone-dev.nl\/","name":"Turijnmagazijn","description":"Onderdelen nieuw en gebruikt - Fiat &amp; Lancia","publisher":{"@id":"https:\/\/turijnmagazijn.jumpstone-dev.nl\/#organization"},"potentialAction":[{"@type":"SearchAction","target":{"@type":"EntryPoint","urlTemplate":"https:\/\/turijnmagazijn.jumpstone-dev.nl\/?s={search_term_string}"},"query-input":{"@type":"PropertyValueSpecification","valueRequired":true,"valueName":"search_term_string"}}],"inLanguage":"fr-FR"},{"@type":"Organization","@id":"https:\/\/turijnmagazijn.jumpstone-dev.nl\/#organization","name":"Turijnmagazijn","url":"https:\/\/turijnmagazijn.jumpstone-dev.nl\/","logo":{"@type":"ImageObject","inLanguage":"fr-FR","@id":"https:\/\/turijnmagazijn.jumpstone-dev.nl\/#\/schema\/logo\/image\/","url":"https:\/\/turijnmagazijn.nl\/wp-content\/uploads\/2021\/02\/turijnmagazijnlogo.png","contentUrl":"https:\/\/turijnmagazijn.nl\/wp-content\/uploads\/2021\/02\/turijnmagazijnlogo.png","width":555,"height":270,"caption":"Turijnmagazijn"},"image":{"@id":"https:\/\/turijnmagazijn.jumpstone-dev.nl\/#\/schema\/logo\/image\/"},"sameAs":["https:\/\/www.facebook.com\/turijnmagazijn"]}]}},"_links":{"self":[{"href":"https:\/\/turijnmagazijn.nl\/fr\/wp-json\/wp\/v2\/product\/64909","targetHints":{"allow":["GET"]}}],"collection":[{"href":"https:\/\/turijnmagazijn.nl\/fr\/wp-json\/wp\/v2\/product"}],"about":[{"href":"https:\/\/turijnmagazijn.nl\/fr\/wp-json\/wp\/v2\/types\/product"}],"replies":[{"embeddable":true,"href":"https:\/\/turijnmagazijn.nl\/fr\/wp-json\/wp\/v2\/comments?post=64909"}],"wp:featuredmedia":[{"embeddable":true,"href":"https:\/\/turijnmagazijn.nl\/fr\/wp-json\/wp\/v2\/media\/47364"}],"wp:attachment":[{"href":"https:\/\/turijnmagazijn.nl\/fr\/wp-json\/wp\/v2\/media?parent=64909"}],"wp:term":[{"taxonomy":"product_brand","embeddable":true,"href":"https:\/\/turijnmagazijn.nl\/fr\/wp-json\/wp\/v2\/product_brand?post=64909"},{"taxonomy":"product_cat","embeddable":true,"href":"https:\/\/turijnmagazijn.nl\/fr\/wp-json\/wp\/v2\/product_cat?post=64909"},{"taxonomy":"product_tag","embeddable":true,"href":"https:\/\/turijnmagazijn.nl\/fr\/wp-json\/wp\/v2\/product_tag?post=64909"}],"curies":[{"name":"wp","href":"https:\/\/api.w.org\/{rel}","templated":true}]}}