{"id":64939,"date":"2023-03-03T09:20:35","date_gmt":"2023-03-03T08:20:35","guid":{"rendered":"https:\/\/turijnmagazijn.nl\/product\/panneau-de-commande-eclairage-secondaire-lancia-kappa-gris\/"},"modified":"2023-07-27T12:19:37","modified_gmt":"2023-07-27T10:19:37","slug":"panneau-commutateur-eclairage-secondaire-lancia-kappa-grey","status":"publish","type":"product","link":"https:\/\/turijnmagazijn.nl\/fr\/produit\/panneau-commutateur-eclairage-secondaire-lancia-kappa-grey\/","title":{"rendered":"Panneau de commande \u00e9clairage secondaire Lancia Kappa gris"},"content":{"rendered":"<p>Bloc de commutation pour montage en version grise tableau de bord \u00e0 gauche du volant pour Lancia Kappa, le m\u00eame pour tous les mod\u00e8les, donc \u00e9galement applicable aux coup\u00e9s et SW. Le bloc d\u2019interrupteur comprend un interrupteur pour les phares antibrouillard arri\u00e8re.<\/p>\n<\/p>\n<p>Cette version est avec l\u2019interrupteur pour les phares antibrouillard avant.<\/p>\n<p>De plus, le bloc est \u00e9quip\u00e9 du commutateur de hauteur pour le r\u00e9glage de la hauteur des phares. L\u2019unit\u00e9 est dans un \u00e9tat tr\u00e8s soign\u00e9.<\/p>\n<p>D\u2019une berline Lancia Kappa construite en 1996.<\/p>\n<p>Les boutons et le cadre \u00e0 la craie sont interchangeables avec votre ancien appareil si vous le souhaitez. Cet appareil peut donc \u00e9galement \u00eatre utilis\u00e9 dans un tableau de bord noir, si le cadre est encore en bon \u00e9tat, il peut \u00eatre transf\u00e9r\u00e9.<\/p>\n<p>Lancia&nbsp; OEM<span style=\"color: rgb(6, 45, 104); font-family: Verdana; font-size: 8pt; text-align: right;\">177255460<\/span><\/p>\n","protected":false},"excerpt":{"rendered":"<p>Panneau de commande \u00e9clairage secondaire Lancia Kappa &#8211; Bloc de commutation pour montage dans le tableau de bord laiss\u00e9 \u00e0 c\u00f4t\u00e9 du volant pour Lancia Kappa, le m\u00eame pour tous les mod\u00e8les, donc \u00e9galement applicable aux coup\u00e9s et SW. \u00c9clairage secondaire du panneau de commande Lancia KappaS<\/p>\n","protected":false},"featured_media":47828,"comment_status":"open","ping_status":"closed","template":"","meta":{"_acf_changed":false},"product_brand":[],"product_cat":[1865,1860,1798,1870],"product_tag":[],"class_list":{"0":"post-64939","1":"product","2":"type-product","3":"status-publish","4":"has-post-thumbnail","6":"product_cat-coupe-fr","7":"product_cat-kappa-838-fr","8":"product_cat-lancia-fr","9":"product_cat-sw-fr","10":"pa_soort-onderdeel-carrosserie-et-tolerie","11":"pa_soort-onderdeel-tableau-de-bord-et-commutateurs","13":"first","14":"instock","15":"shipping-taxable","16":"purchasable","17":"product-type-simple"},"acf":[],"yoast_head":"<!-- This site is optimized with the Yoast SEO plugin v27.3 - https:\/\/yoast.com\/product\/yoast-seo-wordpress\/ -->\n<title>Panneau de commande \u00e9clairage secondaire Lancia Kappa gris - Turijnmagazijn<\/title>\n<meta name=\"robots\" content=\"index, follow, max-snippet:-1, max-image-preview:large, max-video-preview:-1\" \/>\n<link rel=\"canonical\" href=\"https:\/\/turijnmagazijn.nl\/fr\/produit\/panneau-commutateur-eclairage-secondaire-lancia-kappa-grey\/\" \/>\n<meta property=\"og:locale\" content=\"fr_FR\" \/>\n<meta property=\"og:type\" content=\"article\" \/>\n<meta property=\"og:title\" content=\"Panneau de commande \u00e9clairage secondaire Lancia Kappa gris - Turijnmagazijn\" \/>\n<meta property=\"og:description\" content=\"Panneau de commande \u00e9clairage secondaire Lancia Kappa - Bloc de commutation pour montage dans le tableau de bord laiss\u00e9 \u00e0 c\u00f4t\u00e9 du volant pour Lancia Kappa, le m\u00eame pour tous les mod\u00e8les, donc \u00e9galement applicable aux coup\u00e9s et SW. \u00c9clairage secondaire du panneau de commande Lancia KappaS\" \/>\n<meta property=\"og:url\" content=\"https:\/\/turijnmagazijn.nl\/fr\/produit\/panneau-commutateur-eclairage-secondaire-lancia-kappa-grey\/\" \/>\n<meta property=\"og:site_name\" content=\"Turijnmagazijn\" \/>\n<meta property=\"article:publisher\" content=\"https:\/\/www.facebook.com\/turijnmagazijn\" \/>\n<meta property=\"article:modified_time\" content=\"2023-07-27T10:19:37+00:00\" \/>\n<meta property=\"og:image\" content=\"https:\/\/turijnmagazijn.nl\/wp-content\/uploads\/2023\/03\/DK00102289-Schakelaarpaneel-secundaire-verlichting-Lancia-Kappa-grijs-4-1.jpg\" \/>\n\t<meta property=\"og:image:width\" content=\"1024\" \/>\n\t<meta property=\"og:image:height\" content=\"768\" \/>\n\t<meta property=\"og:image:type\" content=\"image\/jpeg\" \/>\n<meta name=\"twitter:card\" content=\"summary_large_image\" \/>\n<meta name=\"twitter:label1\" content=\"Dur\u00e9e de lecture estim\u00e9e\" \/>\n\t<meta name=\"twitter:data1\" content=\"1 minute\" \/>\n<script type=\"application\/ld+json\" class=\"yoast-schema-graph\">{\"@context\":\"https:\\\/\\\/schema.org\",\"@graph\":[{\"@type\":\"WebPage\",\"@id\":\"https:\\\/\\\/turijnmagazijn.nl\\\/fr\\\/produit\\\/panneau-commutateur-eclairage-secondaire-lancia-kappa-grey\\\/\",\"url\":\"https:\\\/\\\/turijnmagazijn.nl\\\/fr\\\/produit\\\/panneau-commutateur-eclairage-secondaire-lancia-kappa-grey\\\/\",\"name\":\"Panneau de commande \u00e9clairage secondaire Lancia Kappa gris - Turijnmagazijn\",\"isPartOf\":{\"@id\":\"https:\\\/\\\/turijnmagazijn.jumpstone-dev.nl\\\/#website\"},\"primaryImageOfPage\":{\"@id\":\"https:\\\/\\\/turijnmagazijn.nl\\\/fr\\\/produit\\\/panneau-commutateur-eclairage-secondaire-lancia-kappa-grey\\\/#primaryimage\"},\"image\":{\"@id\":\"https:\\\/\\\/turijnmagazijn.nl\\\/fr\\\/produit\\\/panneau-commutateur-eclairage-secondaire-lancia-kappa-grey\\\/#primaryimage\"},\"thumbnailUrl\":\"https:\\\/\\\/turijnmagazijn.nl\\\/wp-content\\\/uploads\\\/2023\\\/03\\\/DK00102289-Schakelaarpaneel-secundaire-verlichting-Lancia-Kappa-grijs-4-1.jpg\",\"datePublished\":\"2023-03-03T08:20:35+00:00\",\"dateModified\":\"2023-07-27T10:19:37+00:00\",\"breadcrumb\":{\"@id\":\"https:\\\/\\\/turijnmagazijn.nl\\\/fr\\\/produit\\\/panneau-commutateur-eclairage-secondaire-lancia-kappa-grey\\\/#breadcrumb\"},\"inLanguage\":\"fr-FR\",\"potentialAction\":[{\"@type\":\"ReadAction\",\"target\":[\"https:\\\/\\\/turijnmagazijn.nl\\\/fr\\\/produit\\\/panneau-commutateur-eclairage-secondaire-lancia-kappa-grey\\\/\"]}]},{\"@type\":\"ImageObject\",\"inLanguage\":\"fr-FR\",\"@id\":\"https:\\\/\\\/turijnmagazijn.nl\\\/fr\\\/produit\\\/panneau-commutateur-eclairage-secondaire-lancia-kappa-grey\\\/#primaryimage\",\"url\":\"https:\\\/\\\/turijnmagazijn.nl\\\/wp-content\\\/uploads\\\/2023\\\/03\\\/DK00102289-Schakelaarpaneel-secundaire-verlichting-Lancia-Kappa-grijs-4-1.jpg\",\"contentUrl\":\"https:\\\/\\\/turijnmagazijn.nl\\\/wp-content\\\/uploads\\\/2023\\\/03\\\/DK00102289-Schakelaarpaneel-secundaire-verlichting-Lancia-Kappa-grijs-4-1.jpg\",\"width\":1024,\"height\":768},{\"@type\":\"BreadcrumbList\",\"@id\":\"https:\\\/\\\/turijnmagazijn.nl\\\/fr\\\/produit\\\/panneau-commutateur-eclairage-secondaire-lancia-kappa-grey\\\/#breadcrumb\",\"itemListElement\":[{\"@type\":\"ListItem\",\"position\":1,\"name\":\"Home\",\"item\":\"https:\\\/\\\/turijnmagazijn.nl\\\/fr\\\/\"},{\"@type\":\"ListItem\",\"position\":2,\"name\":\"Produits\",\"item\":\"https:\\\/\\\/turijnmagazijn.nl\\\/fr\\\/shop\\\/\"},{\"@type\":\"ListItem\",\"position\":3,\"name\":\"Panneau de commande \u00e9clairage secondaire Lancia Kappa gris\"}]},{\"@type\":\"WebSite\",\"@id\":\"https:\\\/\\\/turijnmagazijn.jumpstone-dev.nl\\\/#website\",\"url\":\"https:\\\/\\\/turijnmagazijn.jumpstone-dev.nl\\\/\",\"name\":\"Turijnmagazijn\",\"description\":\"Onderdelen nieuw en gebruikt - Fiat &amp; Lancia\",\"publisher\":{\"@id\":\"https:\\\/\\\/turijnmagazijn.jumpstone-dev.nl\\\/#organization\"},\"potentialAction\":[{\"@type\":\"SearchAction\",\"target\":{\"@type\":\"EntryPoint\",\"urlTemplate\":\"https:\\\/\\\/turijnmagazijn.jumpstone-dev.nl\\\/?s={search_term_string}\"},\"query-input\":{\"@type\":\"PropertyValueSpecification\",\"valueRequired\":true,\"valueName\":\"search_term_string\"}}],\"inLanguage\":\"fr-FR\"},{\"@type\":\"Organization\",\"@id\":\"https:\\\/\\\/turijnmagazijn.jumpstone-dev.nl\\\/#organization\",\"name\":\"Turijnmagazijn\",\"url\":\"https:\\\/\\\/turijnmagazijn.jumpstone-dev.nl\\\/\",\"logo\":{\"@type\":\"ImageObject\",\"inLanguage\":\"fr-FR\",\"@id\":\"https:\\\/\\\/turijnmagazijn.jumpstone-dev.nl\\\/#\\\/schema\\\/logo\\\/image\\\/\",\"url\":\"https:\\\/\\\/turijnmagazijn.nl\\\/wp-content\\\/uploads\\\/2021\\\/02\\\/turijnmagazijnlogo.png\",\"contentUrl\":\"https:\\\/\\\/turijnmagazijn.nl\\\/wp-content\\\/uploads\\\/2021\\\/02\\\/turijnmagazijnlogo.png\",\"width\":555,\"height\":270,\"caption\":\"Turijnmagazijn\"},\"image\":{\"@id\":\"https:\\\/\\\/turijnmagazijn.jumpstone-dev.nl\\\/#\\\/schema\\\/logo\\\/image\\\/\"},\"sameAs\":[\"https:\\\/\\\/www.facebook.com\\\/turijnmagazijn\"]}]}<\/script>\n<!-- \/ Yoast SEO plugin. -->","yoast_head_json":{"title":"Panneau de commande \u00e9clairage secondaire Lancia Kappa gris - Turijnmagazijn","robots":{"index":"index","follow":"follow","max-snippet":"max-snippet:-1","max-image-preview":"max-image-preview:large","max-video-preview":"max-video-preview:-1"},"canonical":"https:\/\/turijnmagazijn.nl\/fr\/produit\/panneau-commutateur-eclairage-secondaire-lancia-kappa-grey\/","og_locale":"fr_FR","og_type":"article","og_title":"Panneau de commande \u00e9clairage secondaire Lancia Kappa gris - Turijnmagazijn","og_description":"Panneau de commande \u00e9clairage secondaire Lancia Kappa - Bloc de commutation pour montage dans le tableau de bord laiss\u00e9 \u00e0 c\u00f4t\u00e9 du volant pour Lancia Kappa, le m\u00eame pour tous les mod\u00e8les, donc \u00e9galement applicable aux coup\u00e9s et SW. \u00c9clairage secondaire du panneau de commande Lancia KappaS","og_url":"https:\/\/turijnmagazijn.nl\/fr\/produit\/panneau-commutateur-eclairage-secondaire-lancia-kappa-grey\/","og_site_name":"Turijnmagazijn","article_publisher":"https:\/\/www.facebook.com\/turijnmagazijn","article_modified_time":"2023-07-27T10:19:37+00:00","og_image":[{"width":1024,"height":768,"url":"https:\/\/turijnmagazijn.nl\/wp-content\/uploads\/2023\/03\/DK00102289-Schakelaarpaneel-secundaire-verlichting-Lancia-Kappa-grijs-4-1.jpg","type":"image\/jpeg"}],"twitter_card":"summary_large_image","twitter_misc":{"Dur\u00e9e de lecture estim\u00e9e":"1 minute"},"schema":{"@context":"https:\/\/schema.org","@graph":[{"@type":"WebPage","@id":"https:\/\/turijnmagazijn.nl\/fr\/produit\/panneau-commutateur-eclairage-secondaire-lancia-kappa-grey\/","url":"https:\/\/turijnmagazijn.nl\/fr\/produit\/panneau-commutateur-eclairage-secondaire-lancia-kappa-grey\/","name":"Panneau de commande \u00e9clairage secondaire Lancia Kappa gris - Turijnmagazijn","isPartOf":{"@id":"https:\/\/turijnmagazijn.jumpstone-dev.nl\/#website"},"primaryImageOfPage":{"@id":"https:\/\/turijnmagazijn.nl\/fr\/produit\/panneau-commutateur-eclairage-secondaire-lancia-kappa-grey\/#primaryimage"},"image":{"@id":"https:\/\/turijnmagazijn.nl\/fr\/produit\/panneau-commutateur-eclairage-secondaire-lancia-kappa-grey\/#primaryimage"},"thumbnailUrl":"https:\/\/turijnmagazijn.nl\/wp-content\/uploads\/2023\/03\/DK00102289-Schakelaarpaneel-secundaire-verlichting-Lancia-Kappa-grijs-4-1.jpg","datePublished":"2023-03-03T08:20:35+00:00","dateModified":"2023-07-27T10:19:37+00:00","breadcrumb":{"@id":"https:\/\/turijnmagazijn.nl\/fr\/produit\/panneau-commutateur-eclairage-secondaire-lancia-kappa-grey\/#breadcrumb"},"inLanguage":"fr-FR","potentialAction":[{"@type":"ReadAction","target":["https:\/\/turijnmagazijn.nl\/fr\/produit\/panneau-commutateur-eclairage-secondaire-lancia-kappa-grey\/"]}]},{"@type":"ImageObject","inLanguage":"fr-FR","@id":"https:\/\/turijnmagazijn.nl\/fr\/produit\/panneau-commutateur-eclairage-secondaire-lancia-kappa-grey\/#primaryimage","url":"https:\/\/turijnmagazijn.nl\/wp-content\/uploads\/2023\/03\/DK00102289-Schakelaarpaneel-secundaire-verlichting-Lancia-Kappa-grijs-4-1.jpg","contentUrl":"https:\/\/turijnmagazijn.nl\/wp-content\/uploads\/2023\/03\/DK00102289-Schakelaarpaneel-secundaire-verlichting-Lancia-Kappa-grijs-4-1.jpg","width":1024,"height":768},{"@type":"BreadcrumbList","@id":"https:\/\/turijnmagazijn.nl\/fr\/produit\/panneau-commutateur-eclairage-secondaire-lancia-kappa-grey\/#breadcrumb","itemListElement":[{"@type":"ListItem","position":1,"name":"Home","item":"https:\/\/turijnmagazijn.nl\/fr\/"},{"@type":"ListItem","position":2,"name":"Produits","item":"https:\/\/turijnmagazijn.nl\/fr\/shop\/"},{"@type":"ListItem","position":3,"name":"Panneau de commande \u00e9clairage secondaire Lancia Kappa gris"}]},{"@type":"WebSite","@id":"https:\/\/turijnmagazijn.jumpstone-dev.nl\/#website","url":"https:\/\/turijnmagazijn.jumpstone-dev.nl\/","name":"Turijnmagazijn","description":"Onderdelen nieuw en gebruikt - Fiat &amp; Lancia","publisher":{"@id":"https:\/\/turijnmagazijn.jumpstone-dev.nl\/#organization"},"potentialAction":[{"@type":"SearchAction","target":{"@type":"EntryPoint","urlTemplate":"https:\/\/turijnmagazijn.jumpstone-dev.nl\/?s={search_term_string}"},"query-input":{"@type":"PropertyValueSpecification","valueRequired":true,"valueName":"search_term_string"}}],"inLanguage":"fr-FR"},{"@type":"Organization","@id":"https:\/\/turijnmagazijn.jumpstone-dev.nl\/#organization","name":"Turijnmagazijn","url":"https:\/\/turijnmagazijn.jumpstone-dev.nl\/","logo":{"@type":"ImageObject","inLanguage":"fr-FR","@id":"https:\/\/turijnmagazijn.jumpstone-dev.nl\/#\/schema\/logo\/image\/","url":"https:\/\/turijnmagazijn.nl\/wp-content\/uploads\/2021\/02\/turijnmagazijnlogo.png","contentUrl":"https:\/\/turijnmagazijn.nl\/wp-content\/uploads\/2021\/02\/turijnmagazijnlogo.png","width":555,"height":270,"caption":"Turijnmagazijn"},"image":{"@id":"https:\/\/turijnmagazijn.jumpstone-dev.nl\/#\/schema\/logo\/image\/"},"sameAs":["https:\/\/www.facebook.com\/turijnmagazijn"]}]}},"_links":{"self":[{"href":"https:\/\/turijnmagazijn.nl\/fr\/wp-json\/wp\/v2\/product\/64939","targetHints":{"allow":["GET"]}}],"collection":[{"href":"https:\/\/turijnmagazijn.nl\/fr\/wp-json\/wp\/v2\/product"}],"about":[{"href":"https:\/\/turijnmagazijn.nl\/fr\/wp-json\/wp\/v2\/types\/product"}],"replies":[{"embeddable":true,"href":"https:\/\/turijnmagazijn.nl\/fr\/wp-json\/wp\/v2\/comments?post=64939"}],"wp:featuredmedia":[{"embeddable":true,"href":"https:\/\/turijnmagazijn.nl\/fr\/wp-json\/wp\/v2\/media\/47828"}],"wp:attachment":[{"href":"https:\/\/turijnmagazijn.nl\/fr\/wp-json\/wp\/v2\/media?parent=64939"}],"wp:term":[{"taxonomy":"product_brand","embeddable":true,"href":"https:\/\/turijnmagazijn.nl\/fr\/wp-json\/wp\/v2\/product_brand?post=64939"},{"taxonomy":"product_cat","embeddable":true,"href":"https:\/\/turijnmagazijn.nl\/fr\/wp-json\/wp\/v2\/product_cat?post=64939"},{"taxonomy":"product_tag","embeddable":true,"href":"https:\/\/turijnmagazijn.nl\/fr\/wp-json\/wp\/v2\/product_tag?post=64939"}],"curies":[{"name":"wp","href":"https:\/\/api.w.org\/{rel}","templated":true}]}}