{"id":64942,"date":"2023-03-03T09:20:35","date_gmt":"2023-03-03T08:20:35","guid":{"rendered":"https:\/\/turijnmagazijn.nl\/product\/reflecteur-de-porte-avant-gauche-lancia-kappa-endommage\/"},"modified":"2023-07-27T12:19:41","modified_gmt":"2023-07-27T10:19:41","slug":"porte-reflecteur-avant-gauche-lancia-kappa-endommage","status":"publish","type":"product","link":"https:\/\/turijnmagazijn.nl\/fr\/produit\/porte-reflecteur-avant-gauche-lancia-kappa-endommage\/","title":{"rendered":"R\u00e9flecteur de porte avant Gauche Lancia Kappa -endommag\u00e9-"},"content":{"rendered":"<p>R\u00e9flecteur rouge utilis\u00e9 pour montage sur la porte arri\u00e8re gauche pour Lancia Kappa. applicable \u00e0 la berline et au SW.<\/p>\n<p>  Le r\u00e9flecteur est en bon \u00e9tat.  <\/p>\n<p>Une languette s\u2019est d\u00e9tach\u00e9e de l\u2019un des deux points de montage, voir la photo.<\/p>\n<p>Le prix a \u00e9t\u00e9 ajust\u00e9 \u00e0 l\u2019\u00e9tat de l\u2019article.<\/p>\n<p>Lancia OEM 82485326<\/p>\n","protected":false},"excerpt":{"rendered":"<p>R\u00e9flecteur de porte arri\u00e8re gauche Lancia Kappa &#8211; R\u00e9flecteur rouge d\u2019occasion pour montage sur la porte arri\u00e8re gauche avant Lancia Kappa.R\u00e9flecteur de porte arri\u00e8re droite Lancia Kappa &#8211; R\u00e9flecteur rouge usag\u00e9 pour montage sur la porte arri\u00e8re gauche pour Lancia Ka<\/p>\n","protected":false},"featured_media":47784,"comment_status":"open","ping_status":"closed","template":"","meta":{"_acf_changed":false},"product_brand":[],"product_cat":[1860,1798,1870],"product_tag":[],"class_list":{"0":"post-64942","1":"product","2":"type-product","3":"status-publish","4":"has-post-thumbnail","6":"product_cat-kappa-838-fr","7":"product_cat-lancia-fr","8":"product_cat-sw-fr","9":"pa_soort-onderdeel-carrosserie-et-tolerie","10":"pa_soort-onderdeel-tableau-de-bord-et-commutateurs","12":"first","13":"instock","14":"shipping-taxable","15":"purchasable","16":"product-type-simple"},"acf":[],"yoast_head":"<!-- This site is optimized with the Yoast SEO plugin v27.3 - https:\/\/yoast.com\/product\/yoast-seo-wordpress\/ -->\n<title>R\u00e9flecteur de porte avant Gauche Lancia Kappa -endommag\u00e9- Turijnmagazijn<\/title>\n<meta name=\"robots\" content=\"index, follow, max-snippet:-1, max-image-preview:large, max-video-preview:-1\" \/>\n<link rel=\"canonical\" href=\"https:\/\/turijnmagazijn.nl\/fr\/produit\/porte-reflecteur-avant-gauche-lancia-kappa-endommage\/\" \/>\n<meta property=\"og:locale\" content=\"fr_FR\" \/>\n<meta property=\"og:type\" content=\"article\" \/>\n<meta property=\"og:title\" content=\"R\u00e9flecteur de porte avant Gauche Lancia Kappa -endommag\u00e9- Turijnmagazijn\" \/>\n<meta property=\"og:description\" content=\"R\u00e9flecteur de porte arri\u00e8re gauche Lancia Kappa - R\u00e9flecteur rouge d\u2019occasion pour montage sur la porte arri\u00e8re gauche avant Lancia Kappa.R\u00e9flecteur de porte arri\u00e8re droite Lancia Kappa - R\u00e9flecteur rouge usag\u00e9 pour montage sur la porte arri\u00e8re gauche pour Lancia Ka\" \/>\n<meta property=\"og:url\" content=\"https:\/\/turijnmagazijn.nl\/fr\/produit\/porte-reflecteur-avant-gauche-lancia-kappa-endommage\/\" \/>\n<meta property=\"og:site_name\" content=\"Turijnmagazijn\" \/>\n<meta property=\"article:publisher\" content=\"https:\/\/www.facebook.com\/turijnmagazijn\" \/>\n<meta property=\"article:modified_time\" content=\"2023-07-27T10:19:41+00:00\" \/>\n<meta property=\"og:image\" content=\"https:\/\/turijnmagazijn.nl\/wp-content\/uploads\/2023\/03\/DK00102287-Portier-reflector-voorzijde-Links-Lancia-Kappa-4-1.jpg\" \/>\n\t<meta property=\"og:image:width\" content=\"1024\" \/>\n\t<meta property=\"og:image:height\" content=\"768\" \/>\n\t<meta property=\"og:image:type\" content=\"image\/jpeg\" \/>\n<meta name=\"twitter:card\" content=\"summary_large_image\" \/>\n<script type=\"application\/ld+json\" class=\"yoast-schema-graph\">{\"@context\":\"https:\\\/\\\/schema.org\",\"@graph\":[{\"@type\":\"WebPage\",\"@id\":\"https:\\\/\\\/turijnmagazijn.nl\\\/fr\\\/produit\\\/porte-reflecteur-avant-gauche-lancia-kappa-endommage\\\/\",\"url\":\"https:\\\/\\\/turijnmagazijn.nl\\\/fr\\\/produit\\\/porte-reflecteur-avant-gauche-lancia-kappa-endommage\\\/\",\"name\":\"R\u00e9flecteur de porte avant Gauche Lancia Kappa -endommag\u00e9- Turijnmagazijn\",\"isPartOf\":{\"@id\":\"https:\\\/\\\/turijnmagazijn.jumpstone-dev.nl\\\/#website\"},\"primaryImageOfPage\":{\"@id\":\"https:\\\/\\\/turijnmagazijn.nl\\\/fr\\\/produit\\\/porte-reflecteur-avant-gauche-lancia-kappa-endommage\\\/#primaryimage\"},\"image\":{\"@id\":\"https:\\\/\\\/turijnmagazijn.nl\\\/fr\\\/produit\\\/porte-reflecteur-avant-gauche-lancia-kappa-endommage\\\/#primaryimage\"},\"thumbnailUrl\":\"https:\\\/\\\/turijnmagazijn.nl\\\/wp-content\\\/uploads\\\/2023\\\/03\\\/DK00102287-Portier-reflector-voorzijde-Links-Lancia-Kappa-4-1.jpg\",\"datePublished\":\"2023-03-03T08:20:35+00:00\",\"dateModified\":\"2023-07-27T10:19:41+00:00\",\"breadcrumb\":{\"@id\":\"https:\\\/\\\/turijnmagazijn.nl\\\/fr\\\/produit\\\/porte-reflecteur-avant-gauche-lancia-kappa-endommage\\\/#breadcrumb\"},\"inLanguage\":\"fr-FR\",\"potentialAction\":[{\"@type\":\"ReadAction\",\"target\":[\"https:\\\/\\\/turijnmagazijn.nl\\\/fr\\\/produit\\\/porte-reflecteur-avant-gauche-lancia-kappa-endommage\\\/\"]}]},{\"@type\":\"ImageObject\",\"inLanguage\":\"fr-FR\",\"@id\":\"https:\\\/\\\/turijnmagazijn.nl\\\/fr\\\/produit\\\/porte-reflecteur-avant-gauche-lancia-kappa-endommage\\\/#primaryimage\",\"url\":\"https:\\\/\\\/turijnmagazijn.nl\\\/wp-content\\\/uploads\\\/2023\\\/03\\\/DK00102287-Portier-reflector-voorzijde-Links-Lancia-Kappa-4-1.jpg\",\"contentUrl\":\"https:\\\/\\\/turijnmagazijn.nl\\\/wp-content\\\/uploads\\\/2023\\\/03\\\/DK00102287-Portier-reflector-voorzijde-Links-Lancia-Kappa-4-1.jpg\",\"width\":1024,\"height\":768},{\"@type\":\"BreadcrumbList\",\"@id\":\"https:\\\/\\\/turijnmagazijn.nl\\\/fr\\\/produit\\\/porte-reflecteur-avant-gauche-lancia-kappa-endommage\\\/#breadcrumb\",\"itemListElement\":[{\"@type\":\"ListItem\",\"position\":1,\"name\":\"Home\",\"item\":\"https:\\\/\\\/turijnmagazijn.nl\\\/fr\\\/\"},{\"@type\":\"ListItem\",\"position\":2,\"name\":\"Produits\",\"item\":\"https:\\\/\\\/turijnmagazijn.nl\\\/fr\\\/shop\\\/\"},{\"@type\":\"ListItem\",\"position\":3,\"name\":\"R\u00e9flecteur de porte avant Gauche Lancia Kappa -endommag\u00e9-\"}]},{\"@type\":\"WebSite\",\"@id\":\"https:\\\/\\\/turijnmagazijn.jumpstone-dev.nl\\\/#website\",\"url\":\"https:\\\/\\\/turijnmagazijn.jumpstone-dev.nl\\\/\",\"name\":\"Turijnmagazijn\",\"description\":\"Onderdelen nieuw en gebruikt - Fiat &amp; Lancia\",\"publisher\":{\"@id\":\"https:\\\/\\\/turijnmagazijn.jumpstone-dev.nl\\\/#organization\"},\"potentialAction\":[{\"@type\":\"SearchAction\",\"target\":{\"@type\":\"EntryPoint\",\"urlTemplate\":\"https:\\\/\\\/turijnmagazijn.jumpstone-dev.nl\\\/?s={search_term_string}\"},\"query-input\":{\"@type\":\"PropertyValueSpecification\",\"valueRequired\":true,\"valueName\":\"search_term_string\"}}],\"inLanguage\":\"fr-FR\"},{\"@type\":\"Organization\",\"@id\":\"https:\\\/\\\/turijnmagazijn.jumpstone-dev.nl\\\/#organization\",\"name\":\"Turijnmagazijn\",\"url\":\"https:\\\/\\\/turijnmagazijn.jumpstone-dev.nl\\\/\",\"logo\":{\"@type\":\"ImageObject\",\"inLanguage\":\"fr-FR\",\"@id\":\"https:\\\/\\\/turijnmagazijn.jumpstone-dev.nl\\\/#\\\/schema\\\/logo\\\/image\\\/\",\"url\":\"https:\\\/\\\/turijnmagazijn.nl\\\/wp-content\\\/uploads\\\/2021\\\/02\\\/turijnmagazijnlogo.png\",\"contentUrl\":\"https:\\\/\\\/turijnmagazijn.nl\\\/wp-content\\\/uploads\\\/2021\\\/02\\\/turijnmagazijnlogo.png\",\"width\":555,\"height\":270,\"caption\":\"Turijnmagazijn\"},\"image\":{\"@id\":\"https:\\\/\\\/turijnmagazijn.jumpstone-dev.nl\\\/#\\\/schema\\\/logo\\\/image\\\/\"},\"sameAs\":[\"https:\\\/\\\/www.facebook.com\\\/turijnmagazijn\"]}]}<\/script>\n<!-- \/ Yoast SEO plugin. -->","yoast_head_json":{"title":"R\u00e9flecteur de porte avant Gauche Lancia Kappa -endommag\u00e9- Turijnmagazijn","robots":{"index":"index","follow":"follow","max-snippet":"max-snippet:-1","max-image-preview":"max-image-preview:large","max-video-preview":"max-video-preview:-1"},"canonical":"https:\/\/turijnmagazijn.nl\/fr\/produit\/porte-reflecteur-avant-gauche-lancia-kappa-endommage\/","og_locale":"fr_FR","og_type":"article","og_title":"R\u00e9flecteur de porte avant Gauche Lancia Kappa -endommag\u00e9- Turijnmagazijn","og_description":"R\u00e9flecteur de porte arri\u00e8re gauche Lancia Kappa - R\u00e9flecteur rouge d\u2019occasion pour montage sur la porte arri\u00e8re gauche avant Lancia Kappa.R\u00e9flecteur de porte arri\u00e8re droite Lancia Kappa - R\u00e9flecteur rouge usag\u00e9 pour montage sur la porte arri\u00e8re gauche pour Lancia Ka","og_url":"https:\/\/turijnmagazijn.nl\/fr\/produit\/porte-reflecteur-avant-gauche-lancia-kappa-endommage\/","og_site_name":"Turijnmagazijn","article_publisher":"https:\/\/www.facebook.com\/turijnmagazijn","article_modified_time":"2023-07-27T10:19:41+00:00","og_image":[{"width":1024,"height":768,"url":"https:\/\/turijnmagazijn.nl\/wp-content\/uploads\/2023\/03\/DK00102287-Portier-reflector-voorzijde-Links-Lancia-Kappa-4-1.jpg","type":"image\/jpeg"}],"twitter_card":"summary_large_image","schema":{"@context":"https:\/\/schema.org","@graph":[{"@type":"WebPage","@id":"https:\/\/turijnmagazijn.nl\/fr\/produit\/porte-reflecteur-avant-gauche-lancia-kappa-endommage\/","url":"https:\/\/turijnmagazijn.nl\/fr\/produit\/porte-reflecteur-avant-gauche-lancia-kappa-endommage\/","name":"R\u00e9flecteur de porte avant Gauche Lancia Kappa -endommag\u00e9- Turijnmagazijn","isPartOf":{"@id":"https:\/\/turijnmagazijn.jumpstone-dev.nl\/#website"},"primaryImageOfPage":{"@id":"https:\/\/turijnmagazijn.nl\/fr\/produit\/porte-reflecteur-avant-gauche-lancia-kappa-endommage\/#primaryimage"},"image":{"@id":"https:\/\/turijnmagazijn.nl\/fr\/produit\/porte-reflecteur-avant-gauche-lancia-kappa-endommage\/#primaryimage"},"thumbnailUrl":"https:\/\/turijnmagazijn.nl\/wp-content\/uploads\/2023\/03\/DK00102287-Portier-reflector-voorzijde-Links-Lancia-Kappa-4-1.jpg","datePublished":"2023-03-03T08:20:35+00:00","dateModified":"2023-07-27T10:19:41+00:00","breadcrumb":{"@id":"https:\/\/turijnmagazijn.nl\/fr\/produit\/porte-reflecteur-avant-gauche-lancia-kappa-endommage\/#breadcrumb"},"inLanguage":"fr-FR","potentialAction":[{"@type":"ReadAction","target":["https:\/\/turijnmagazijn.nl\/fr\/produit\/porte-reflecteur-avant-gauche-lancia-kappa-endommage\/"]}]},{"@type":"ImageObject","inLanguage":"fr-FR","@id":"https:\/\/turijnmagazijn.nl\/fr\/produit\/porte-reflecteur-avant-gauche-lancia-kappa-endommage\/#primaryimage","url":"https:\/\/turijnmagazijn.nl\/wp-content\/uploads\/2023\/03\/DK00102287-Portier-reflector-voorzijde-Links-Lancia-Kappa-4-1.jpg","contentUrl":"https:\/\/turijnmagazijn.nl\/wp-content\/uploads\/2023\/03\/DK00102287-Portier-reflector-voorzijde-Links-Lancia-Kappa-4-1.jpg","width":1024,"height":768},{"@type":"BreadcrumbList","@id":"https:\/\/turijnmagazijn.nl\/fr\/produit\/porte-reflecteur-avant-gauche-lancia-kappa-endommage\/#breadcrumb","itemListElement":[{"@type":"ListItem","position":1,"name":"Home","item":"https:\/\/turijnmagazijn.nl\/fr\/"},{"@type":"ListItem","position":2,"name":"Produits","item":"https:\/\/turijnmagazijn.nl\/fr\/shop\/"},{"@type":"ListItem","position":3,"name":"R\u00e9flecteur de porte avant Gauche Lancia Kappa -endommag\u00e9-"}]},{"@type":"WebSite","@id":"https:\/\/turijnmagazijn.jumpstone-dev.nl\/#website","url":"https:\/\/turijnmagazijn.jumpstone-dev.nl\/","name":"Turijnmagazijn","description":"Onderdelen nieuw en gebruikt - Fiat &amp; Lancia","publisher":{"@id":"https:\/\/turijnmagazijn.jumpstone-dev.nl\/#organization"},"potentialAction":[{"@type":"SearchAction","target":{"@type":"EntryPoint","urlTemplate":"https:\/\/turijnmagazijn.jumpstone-dev.nl\/?s={search_term_string}"},"query-input":{"@type":"PropertyValueSpecification","valueRequired":true,"valueName":"search_term_string"}}],"inLanguage":"fr-FR"},{"@type":"Organization","@id":"https:\/\/turijnmagazijn.jumpstone-dev.nl\/#organization","name":"Turijnmagazijn","url":"https:\/\/turijnmagazijn.jumpstone-dev.nl\/","logo":{"@type":"ImageObject","inLanguage":"fr-FR","@id":"https:\/\/turijnmagazijn.jumpstone-dev.nl\/#\/schema\/logo\/image\/","url":"https:\/\/turijnmagazijn.nl\/wp-content\/uploads\/2021\/02\/turijnmagazijnlogo.png","contentUrl":"https:\/\/turijnmagazijn.nl\/wp-content\/uploads\/2021\/02\/turijnmagazijnlogo.png","width":555,"height":270,"caption":"Turijnmagazijn"},"image":{"@id":"https:\/\/turijnmagazijn.jumpstone-dev.nl\/#\/schema\/logo\/image\/"},"sameAs":["https:\/\/www.facebook.com\/turijnmagazijn"]}]}},"_links":{"self":[{"href":"https:\/\/turijnmagazijn.nl\/fr\/wp-json\/wp\/v2\/product\/64942","targetHints":{"allow":["GET"]}}],"collection":[{"href":"https:\/\/turijnmagazijn.nl\/fr\/wp-json\/wp\/v2\/product"}],"about":[{"href":"https:\/\/turijnmagazijn.nl\/fr\/wp-json\/wp\/v2\/types\/product"}],"replies":[{"embeddable":true,"href":"https:\/\/turijnmagazijn.nl\/fr\/wp-json\/wp\/v2\/comments?post=64942"}],"wp:featuredmedia":[{"embeddable":true,"href":"https:\/\/turijnmagazijn.nl\/fr\/wp-json\/wp\/v2\/media\/47784"}],"wp:attachment":[{"href":"https:\/\/turijnmagazijn.nl\/fr\/wp-json\/wp\/v2\/media?parent=64942"}],"wp:term":[{"taxonomy":"product_brand","embeddable":true,"href":"https:\/\/turijnmagazijn.nl\/fr\/wp-json\/wp\/v2\/product_brand?post=64942"},{"taxonomy":"product_cat","embeddable":true,"href":"https:\/\/turijnmagazijn.nl\/fr\/wp-json\/wp\/v2\/product_cat?post=64942"},{"taxonomy":"product_tag","embeddable":true,"href":"https:\/\/turijnmagazijn.nl\/fr\/wp-json\/wp\/v2\/product_tag?post=64942"}],"curies":[{"name":"wp","href":"https:\/\/api.w.org\/{rel}","templated":true}]}}