{"id":64957,"date":"2023-03-03T08:20:35","date_gmt":"2023-03-03T07:20:35","guid":{"rendered":"https:\/\/turijnmagazijn.nl\/product\/poignee-porte-cote-interieur-gauche-lancia-kappa-nu\/"},"modified":"2024-11-01T12:13:34","modified_gmt":"2024-11-01T11:13:34","slug":"poignee-porte-interieur-cote-gauche-lancia-kappa-nu","status":"publish","type":"product","link":"https:\/\/turijnmagazijn.nl\/fr\/produit\/poignee-porte-interieur-cote-gauche-lancia-kappa-nu\/","title":{"rendered":"Poign\u00e9e porte c\u00f4t\u00e9 int\u00e9rieur gauche Lancia Kappa"},"content":{"rendered":"<p>Poign\u00e9e pour porte avant et porte arri\u00e8re gauche pour montage dans le panneau de porte \u00e0 l&rsquo;int\u00e9rieur pour Lancia Kappa dans toutes les versions uir. Equip\u00e9 d\u2019un bouton de verrouillage pour le fonctionnement de la serrure manuelle.<\/p>\n<p>Cette poign\u00e9e est SANS pi\u00e8ce d\u00e9corative pour la d\u00e9viation dans le panneau de porte. Ceci est facile \u00e0 transf\u00e9rer \u00e0 partir d\u2019une poign\u00e9e existante.<\/p>\n<p>Lancia OEM 82488221<\/p>\n","protected":false},"excerpt":{"rendered":"<p>82488221 Poign\u00e9e de porte int\u00e9rieure gauche Lancia Kappa &#8211; Poign\u00e9e de porte avant gauche \u00e0 monter dans le panneau int\u00e9rieur de la porte pour Lancia Kappa en version berline.<\/p>\n","protected":false},"featured_media":81383,"comment_status":"open","ping_status":"closed","template":"","meta":{"_acf_changed":false},"product_brand":[],"product_cat":[1862,1865,1860,1798,1870],"product_tag":[],"class_list":{"0":"post-64957","1":"product","2":"type-product","3":"status-publish","4":"has-post-thumbnail","6":"product_cat-berlina-fr","7":"product_cat-coupe-fr","8":"product_cat-kappa-838-fr","9":"product_cat-lancia-fr","10":"product_cat-sw-fr","11":"pa_soort-onderdeel-interieur-et-sellerie","13":"first","14":"instock","15":"shipping-taxable","16":"purchasable","17":"product-type-simple"},"acf":[],"yoast_head":"<!-- This site is optimized with the Yoast SEO plugin v27.2 - https:\/\/yoast.com\/product\/yoast-seo-wordpress\/ -->\n<title>Poign\u00e9e porte c\u00f4t\u00e9 int\u00e9rieur gauche Lancia Kappa - Turijnmagazijn<\/title>\n<meta name=\"robots\" content=\"index, follow, max-snippet:-1, max-image-preview:large, max-video-preview:-1\" \/>\n<link rel=\"canonical\" href=\"https:\/\/turijnmagazijn.nl\/fr\/produit\/poignee-porte-interieur-cote-gauche-lancia-kappa-nu\/\" \/>\n<meta property=\"og:locale\" content=\"fr_FR\" \/>\n<meta property=\"og:type\" content=\"article\" \/>\n<meta property=\"og:title\" content=\"Poign\u00e9e porte c\u00f4t\u00e9 int\u00e9rieur gauche Lancia Kappa - Turijnmagazijn\" \/>\n<meta property=\"og:description\" content=\"82488221 Poign\u00e9e de porte int\u00e9rieure gauche Lancia Kappa - Poign\u00e9e de porte avant gauche \u00e0 monter dans le panneau int\u00e9rieur de la porte pour Lancia Kappa en version berline.\" \/>\n<meta property=\"og:url\" content=\"https:\/\/turijnmagazijn.nl\/fr\/produit\/poignee-porte-interieur-cote-gauche-lancia-kappa-nu\/\" \/>\n<meta property=\"og:site_name\" content=\"Turijnmagazijn\" \/>\n<meta property=\"article:publisher\" content=\"https:\/\/www.facebook.com\/turijnmagazijn\" \/>\n<meta property=\"article:modified_time\" content=\"2024-11-01T11:13:34+00:00\" \/>\n<meta name=\"twitter:card\" content=\"summary_large_image\" \/>\n<script type=\"application\/ld+json\" class=\"yoast-schema-graph\">{\"@context\":\"https:\/\/schema.org\",\"@graph\":[{\"@type\":\"WebPage\",\"@id\":\"https:\/\/turijnmagazijn.nl\/fr\/produit\/poignee-porte-interieur-cote-gauche-lancia-kappa-nu\/\",\"url\":\"https:\/\/turijnmagazijn.nl\/fr\/produit\/poignee-porte-interieur-cote-gauche-lancia-kappa-nu\/\",\"name\":\"Poign\u00e9e porte c\u00f4t\u00e9 int\u00e9rieur gauche Lancia Kappa - Turijnmagazijn\",\"isPartOf\":{\"@id\":\"https:\/\/turijnmagazijn.jumpstone-dev.nl\/#website\"},\"primaryImageOfPage\":{\"@id\":\"https:\/\/turijnmagazijn.nl\/fr\/produit\/poignee-porte-interieur-cote-gauche-lancia-kappa-nu\/#primaryimage\"},\"image\":{\"@id\":\"https:\/\/turijnmagazijn.nl\/fr\/produit\/poignee-porte-interieur-cote-gauche-lancia-kappa-nu\/#primaryimage\"},\"thumbnailUrl\":\"https:\/\/turijnmagazijn.nl\/wp-content\/uploads\/2023\/03\/DK0102290-Handgreep-portier-interieurzijde-links-Lancia-Kappa-82488221-3.jpg\",\"datePublished\":\"2023-03-03T07:20:35+00:00\",\"dateModified\":\"2024-11-01T11:13:34+00:00\",\"breadcrumb\":{\"@id\":\"https:\/\/turijnmagazijn.nl\/fr\/produit\/poignee-porte-interieur-cote-gauche-lancia-kappa-nu\/#breadcrumb\"},\"inLanguage\":\"fr-FR\",\"potentialAction\":[{\"@type\":\"ReadAction\",\"target\":[\"https:\/\/turijnmagazijn.nl\/fr\/produit\/poignee-porte-interieur-cote-gauche-lancia-kappa-nu\/\"]}]},{\"@type\":\"ImageObject\",\"inLanguage\":\"fr-FR\",\"@id\":\"https:\/\/turijnmagazijn.nl\/fr\/produit\/poignee-porte-interieur-cote-gauche-lancia-kappa-nu\/#primaryimage\",\"url\":\"https:\/\/turijnmagazijn.nl\/wp-content\/uploads\/2023\/03\/DK0102290-Handgreep-portier-interieurzijde-links-Lancia-Kappa-82488221-3.jpg\",\"contentUrl\":\"https:\/\/turijnmagazijn.nl\/wp-content\/uploads\/2023\/03\/DK0102290-Handgreep-portier-interieurzijde-links-Lancia-Kappa-82488221-3.jpg\",\"width\":1440,\"height\":1080},{\"@type\":\"BreadcrumbList\",\"@id\":\"https:\/\/turijnmagazijn.nl\/fr\/produit\/poignee-porte-interieur-cote-gauche-lancia-kappa-nu\/#breadcrumb\",\"itemListElement\":[{\"@type\":\"ListItem\",\"position\":1,\"name\":\"Home\",\"item\":\"https:\/\/turijnmagazijn.nl\/fr\/\"},{\"@type\":\"ListItem\",\"position\":2,\"name\":\"Produits\",\"item\":\"https:\/\/turijnmagazijn.nl\/fr\/shop\/\"},{\"@type\":\"ListItem\",\"position\":3,\"name\":\"Poign\u00e9e porte c\u00f4t\u00e9 int\u00e9rieur gauche Lancia Kappa\"}]},{\"@type\":\"WebSite\",\"@id\":\"https:\/\/turijnmagazijn.jumpstone-dev.nl\/#website\",\"url\":\"https:\/\/turijnmagazijn.jumpstone-dev.nl\/\",\"name\":\"Turijnmagazijn\",\"description\":\"Onderdelen nieuw en gebruikt - Fiat &amp; Lancia\",\"publisher\":{\"@id\":\"https:\/\/turijnmagazijn.jumpstone-dev.nl\/#organization\"},\"potentialAction\":[{\"@type\":\"SearchAction\",\"target\":{\"@type\":\"EntryPoint\",\"urlTemplate\":\"https:\/\/turijnmagazijn.jumpstone-dev.nl\/?s={search_term_string}\"},\"query-input\":{\"@type\":\"PropertyValueSpecification\",\"valueRequired\":true,\"valueName\":\"search_term_string\"}}],\"inLanguage\":\"fr-FR\"},{\"@type\":\"Organization\",\"@id\":\"https:\/\/turijnmagazijn.jumpstone-dev.nl\/#organization\",\"name\":\"Turijnmagazijn\",\"url\":\"https:\/\/turijnmagazijn.jumpstone-dev.nl\/\",\"logo\":{\"@type\":\"ImageObject\",\"inLanguage\":\"fr-FR\",\"@id\":\"https:\/\/turijnmagazijn.jumpstone-dev.nl\/#\/schema\/logo\/image\/\",\"url\":\"https:\/\/turijnmagazijn.nl\/wp-content\/uploads\/2021\/02\/turijnmagazijnlogo.png\",\"contentUrl\":\"https:\/\/turijnmagazijn.nl\/wp-content\/uploads\/2021\/02\/turijnmagazijnlogo.png\",\"width\":555,\"height\":270,\"caption\":\"Turijnmagazijn\"},\"image\":{\"@id\":\"https:\/\/turijnmagazijn.jumpstone-dev.nl\/#\/schema\/logo\/image\/\"},\"sameAs\":[\"https:\/\/www.facebook.com\/turijnmagazijn\"]}]}<\/script>\n<!-- \/ Yoast SEO plugin. -->","yoast_head_json":{"title":"Poign\u00e9e porte c\u00f4t\u00e9 int\u00e9rieur gauche Lancia Kappa - Turijnmagazijn","robots":{"index":"index","follow":"follow","max-snippet":"max-snippet:-1","max-image-preview":"max-image-preview:large","max-video-preview":"max-video-preview:-1"},"canonical":"https:\/\/turijnmagazijn.nl\/fr\/produit\/poignee-porte-interieur-cote-gauche-lancia-kappa-nu\/","og_locale":"fr_FR","og_type":"article","og_title":"Poign\u00e9e porte c\u00f4t\u00e9 int\u00e9rieur gauche Lancia Kappa - Turijnmagazijn","og_description":"82488221 Poign\u00e9e de porte int\u00e9rieure gauche Lancia Kappa - Poign\u00e9e de porte avant gauche \u00e0 monter dans le panneau int\u00e9rieur de la porte pour Lancia Kappa en version berline.","og_url":"https:\/\/turijnmagazijn.nl\/fr\/produit\/poignee-porte-interieur-cote-gauche-lancia-kappa-nu\/","og_site_name":"Turijnmagazijn","article_publisher":"https:\/\/www.facebook.com\/turijnmagazijn","article_modified_time":"2024-11-01T11:13:34+00:00","twitter_card":"summary_large_image","schema":{"@context":"https:\/\/schema.org","@graph":[{"@type":"WebPage","@id":"https:\/\/turijnmagazijn.nl\/fr\/produit\/poignee-porte-interieur-cote-gauche-lancia-kappa-nu\/","url":"https:\/\/turijnmagazijn.nl\/fr\/produit\/poignee-porte-interieur-cote-gauche-lancia-kappa-nu\/","name":"Poign\u00e9e porte c\u00f4t\u00e9 int\u00e9rieur gauche Lancia Kappa - Turijnmagazijn","isPartOf":{"@id":"https:\/\/turijnmagazijn.jumpstone-dev.nl\/#website"},"primaryImageOfPage":{"@id":"https:\/\/turijnmagazijn.nl\/fr\/produit\/poignee-porte-interieur-cote-gauche-lancia-kappa-nu\/#primaryimage"},"image":{"@id":"https:\/\/turijnmagazijn.nl\/fr\/produit\/poignee-porte-interieur-cote-gauche-lancia-kappa-nu\/#primaryimage"},"thumbnailUrl":"https:\/\/turijnmagazijn.nl\/wp-content\/uploads\/2023\/03\/DK0102290-Handgreep-portier-interieurzijde-links-Lancia-Kappa-82488221-3.jpg","datePublished":"2023-03-03T07:20:35+00:00","dateModified":"2024-11-01T11:13:34+00:00","breadcrumb":{"@id":"https:\/\/turijnmagazijn.nl\/fr\/produit\/poignee-porte-interieur-cote-gauche-lancia-kappa-nu\/#breadcrumb"},"inLanguage":"fr-FR","potentialAction":[{"@type":"ReadAction","target":["https:\/\/turijnmagazijn.nl\/fr\/produit\/poignee-porte-interieur-cote-gauche-lancia-kappa-nu\/"]}]},{"@type":"ImageObject","inLanguage":"fr-FR","@id":"https:\/\/turijnmagazijn.nl\/fr\/produit\/poignee-porte-interieur-cote-gauche-lancia-kappa-nu\/#primaryimage","url":"https:\/\/turijnmagazijn.nl\/wp-content\/uploads\/2023\/03\/DK0102290-Handgreep-portier-interieurzijde-links-Lancia-Kappa-82488221-3.jpg","contentUrl":"https:\/\/turijnmagazijn.nl\/wp-content\/uploads\/2023\/03\/DK0102290-Handgreep-portier-interieurzijde-links-Lancia-Kappa-82488221-3.jpg","width":1440,"height":1080},{"@type":"BreadcrumbList","@id":"https:\/\/turijnmagazijn.nl\/fr\/produit\/poignee-porte-interieur-cote-gauche-lancia-kappa-nu\/#breadcrumb","itemListElement":[{"@type":"ListItem","position":1,"name":"Home","item":"https:\/\/turijnmagazijn.nl\/fr\/"},{"@type":"ListItem","position":2,"name":"Produits","item":"https:\/\/turijnmagazijn.nl\/fr\/shop\/"},{"@type":"ListItem","position":3,"name":"Poign\u00e9e porte c\u00f4t\u00e9 int\u00e9rieur gauche Lancia Kappa"}]},{"@type":"WebSite","@id":"https:\/\/turijnmagazijn.jumpstone-dev.nl\/#website","url":"https:\/\/turijnmagazijn.jumpstone-dev.nl\/","name":"Turijnmagazijn","description":"Onderdelen nieuw en gebruikt - Fiat &amp; Lancia","publisher":{"@id":"https:\/\/turijnmagazijn.jumpstone-dev.nl\/#organization"},"potentialAction":[{"@type":"SearchAction","target":{"@type":"EntryPoint","urlTemplate":"https:\/\/turijnmagazijn.jumpstone-dev.nl\/?s={search_term_string}"},"query-input":{"@type":"PropertyValueSpecification","valueRequired":true,"valueName":"search_term_string"}}],"inLanguage":"fr-FR"},{"@type":"Organization","@id":"https:\/\/turijnmagazijn.jumpstone-dev.nl\/#organization","name":"Turijnmagazijn","url":"https:\/\/turijnmagazijn.jumpstone-dev.nl\/","logo":{"@type":"ImageObject","inLanguage":"fr-FR","@id":"https:\/\/turijnmagazijn.jumpstone-dev.nl\/#\/schema\/logo\/image\/","url":"https:\/\/turijnmagazijn.nl\/wp-content\/uploads\/2021\/02\/turijnmagazijnlogo.png","contentUrl":"https:\/\/turijnmagazijn.nl\/wp-content\/uploads\/2021\/02\/turijnmagazijnlogo.png","width":555,"height":270,"caption":"Turijnmagazijn"},"image":{"@id":"https:\/\/turijnmagazijn.jumpstone-dev.nl\/#\/schema\/logo\/image\/"},"sameAs":["https:\/\/www.facebook.com\/turijnmagazijn"]}]}},"_links":{"self":[{"href":"https:\/\/turijnmagazijn.nl\/fr\/wp-json\/wp\/v2\/product\/64957","targetHints":{"allow":["GET"]}}],"collection":[{"href":"https:\/\/turijnmagazijn.nl\/fr\/wp-json\/wp\/v2\/product"}],"about":[{"href":"https:\/\/turijnmagazijn.nl\/fr\/wp-json\/wp\/v2\/types\/product"}],"replies":[{"embeddable":true,"href":"https:\/\/turijnmagazijn.nl\/fr\/wp-json\/wp\/v2\/comments?post=64957"}],"wp:featuredmedia":[{"embeddable":true,"href":"https:\/\/turijnmagazijn.nl\/fr\/wp-json\/wp\/v2\/media\/81383"}],"wp:attachment":[{"href":"https:\/\/turijnmagazijn.nl\/fr\/wp-json\/wp\/v2\/media?parent=64957"}],"wp:term":[{"taxonomy":"product_brand","embeddable":true,"href":"https:\/\/turijnmagazijn.nl\/fr\/wp-json\/wp\/v2\/product_brand?post=64957"},{"taxonomy":"product_cat","embeddable":true,"href":"https:\/\/turijnmagazijn.nl\/fr\/wp-json\/wp\/v2\/product_cat?post=64957"},{"taxonomy":"product_tag","embeddable":true,"href":"https:\/\/turijnmagazijn.nl\/fr\/wp-json\/wp\/v2\/product_tag?post=64957"}],"curies":[{"name":"wp","href":"https:\/\/api.w.org\/{rel}","templated":true}]}}