{"id":65030,"date":"2023-03-03T09:20:36","date_gmt":"2023-03-03T08:20:36","guid":{"rendered":"https:\/\/turijnmagazijn.nl\/product\/housse-de-moyeu-jante-en-alliage-standard-lancia-lybra\/"},"modified":"2023-07-27T12:20:58","modified_gmt":"2023-07-27T10:20:58","slug":"housse-de-moyeu-alliage-alliage-jante-lancia-lybra","status":"publish","type":"product","link":"https:\/\/turijnmagazijn.nl\/fr\/produit\/housse-de-moyeu-alliage-alliage-jante-lancia-lybra\/","title":{"rendered":"Housse de moyeu jante en alliage standard Lancia Lybra"},"content":{"rendered":"<p>Housse de moyeu usag\u00e9e pour Lancia Lybra. Ce type de couvercle est appliqu\u00e9 \u00e0 la jante standard \u00e0 8 rayons et \u00e0 la jante \u00e0 10 branches en option.<\/p>\n<p>Jetez un coup d\u2019\u0153il aux photos avant de commander. est un couvercle usag\u00e9 avec les propri\u00e9t\u00e9s suivantes:<\/p>\n<\/p>\n<ul>\n<li>Logo Lancia pr\u00e9sent et en bon \u00e9tat<\/li>\n<li>Chrome en bon \u00e9tat avec un minimum de rayures<\/li>\n<li>Sur les 12 pattes sur le dos, toutes les 12 sont encore pr\u00e9sentes.<\/li>\n<li>La came de positionnement est pr\u00e9sente.<\/li>\n<li>Serrage correctement dans la jante.<\/li>\n<\/ul>\n<p>Couvercle compl\u00e8tement original!<\/p>\n<p>L\u00e9gende : 46824453<\/p>\n<p><\/p>\n<p>Lancia&nbsp;OEM 46753258&nbsp;<\/p>\n<p>OEM Lancia&nbsp;46821049<\/p>\n<p>Lancia&nbsp;OEM 46511557<span style=\"color: rgb(51, 51, 51); font-family: Skin-market-sans; font-size: 18px; font-weight: 700;\"><br \/><\/span><\/p>\n","protected":false},"excerpt":{"rendered":"<p>Housse de moyeu en alliage standard Lancia Lybra &#8211; Housse de moyeu usag\u00e9e pour Lancia Lybra.Housse de moyeu en alliage standard Lancia Lybra &#8211; Housse de moyeu usag\u00e9e pour Lancia Lybra.<\/p>\n","protected":false},"featured_media":48168,"comment_status":"open","ping_status":"closed","template":"","meta":{"_acf_changed":false},"product_brand":[],"product_cat":[1798,1873,1882,1880],"product_tag":[],"class_list":{"0":"post-65030","1":"product","2":"type-product","3":"status-publish","4":"has-post-thumbnail","6":"product_cat-lancia-fr","7":"product_cat-lybra-839-fr","8":"product_cat-sedan-lybra-839-fr","9":"product_cat-sw-lybra-839-fr","10":"pa_soort-onderdeel-carrosserie-et-tolerie","11":"pa_soort-onderdeel-tableau-de-bord-et-commutateurs","13":"first","14":"instock","15":"shipping-taxable","16":"purchasable","17":"product-type-simple"},"acf":[],"yoast_head":"<!-- This site is optimized with the Yoast SEO plugin v27.3 - https:\/\/yoast.com\/product\/yoast-seo-wordpress\/ -->\n<title>Housse de moyeu jante en alliage standard Lancia Lybra - Turijnmagazijn<\/title>\n<meta name=\"robots\" content=\"index, follow, max-snippet:-1, max-image-preview:large, max-video-preview:-1\" \/>\n<link rel=\"canonical\" href=\"https:\/\/turijnmagazijn.nl\/fr\/produit\/housse-de-moyeu-alliage-alliage-jante-lancia-lybra\/\" \/>\n<meta property=\"og:locale\" content=\"fr_FR\" \/>\n<meta property=\"og:type\" content=\"article\" \/>\n<meta property=\"og:title\" content=\"Housse de moyeu jante en alliage standard Lancia Lybra - Turijnmagazijn\" \/>\n<meta property=\"og:description\" content=\"Housse de moyeu en alliage standard Lancia Lybra - Housse de moyeu usag\u00e9e pour Lancia Lybra.Housse de moyeu en alliage standard Lancia Lybra - Housse de moyeu usag\u00e9e pour Lancia Lybra.\" \/>\n<meta property=\"og:url\" content=\"https:\/\/turijnmagazijn.nl\/fr\/produit\/housse-de-moyeu-alliage-alliage-jante-lancia-lybra\/\" \/>\n<meta property=\"og:site_name\" content=\"Turijnmagazijn\" \/>\n<meta property=\"article:publisher\" content=\"https:\/\/www.facebook.com\/turijnmagazijn\" \/>\n<meta property=\"article:modified_time\" content=\"2023-07-27T10:20:58+00:00\" \/>\n<meta property=\"og:image\" content=\"https:\/\/turijnmagazijn.nl\/wp-content\/uploads\/2023\/03\/DK00102305-Naafdeksel-standaard-lichtmetaal-velg-Lancia-Lybra-3-1.jpg\" \/>\n\t<meta property=\"og:image:width\" content=\"1024\" \/>\n\t<meta property=\"og:image:height\" content=\"768\" \/>\n\t<meta property=\"og:image:type\" content=\"image\/jpeg\" \/>\n<meta name=\"twitter:card\" content=\"summary_large_image\" \/>\n<script type=\"application\/ld+json\" class=\"yoast-schema-graph\">{\"@context\":\"https:\\\/\\\/schema.org\",\"@graph\":[{\"@type\":\"WebPage\",\"@id\":\"https:\\\/\\\/turijnmagazijn.nl\\\/fr\\\/produit\\\/housse-de-moyeu-alliage-alliage-jante-lancia-lybra\\\/\",\"url\":\"https:\\\/\\\/turijnmagazijn.nl\\\/fr\\\/produit\\\/housse-de-moyeu-alliage-alliage-jante-lancia-lybra\\\/\",\"name\":\"Housse de moyeu jante en alliage standard Lancia Lybra - Turijnmagazijn\",\"isPartOf\":{\"@id\":\"https:\\\/\\\/turijnmagazijn.jumpstone-dev.nl\\\/#website\"},\"primaryImageOfPage\":{\"@id\":\"https:\\\/\\\/turijnmagazijn.nl\\\/fr\\\/produit\\\/housse-de-moyeu-alliage-alliage-jante-lancia-lybra\\\/#primaryimage\"},\"image\":{\"@id\":\"https:\\\/\\\/turijnmagazijn.nl\\\/fr\\\/produit\\\/housse-de-moyeu-alliage-alliage-jante-lancia-lybra\\\/#primaryimage\"},\"thumbnailUrl\":\"https:\\\/\\\/turijnmagazijn.nl\\\/wp-content\\\/uploads\\\/2023\\\/03\\\/DK00102305-Naafdeksel-standaard-lichtmetaal-velg-Lancia-Lybra-3-1.jpg\",\"datePublished\":\"2023-03-03T08:20:36+00:00\",\"dateModified\":\"2023-07-27T10:20:58+00:00\",\"breadcrumb\":{\"@id\":\"https:\\\/\\\/turijnmagazijn.nl\\\/fr\\\/produit\\\/housse-de-moyeu-alliage-alliage-jante-lancia-lybra\\\/#breadcrumb\"},\"inLanguage\":\"fr-FR\",\"potentialAction\":[{\"@type\":\"ReadAction\",\"target\":[\"https:\\\/\\\/turijnmagazijn.nl\\\/fr\\\/produit\\\/housse-de-moyeu-alliage-alliage-jante-lancia-lybra\\\/\"]}]},{\"@type\":\"ImageObject\",\"inLanguage\":\"fr-FR\",\"@id\":\"https:\\\/\\\/turijnmagazijn.nl\\\/fr\\\/produit\\\/housse-de-moyeu-alliage-alliage-jante-lancia-lybra\\\/#primaryimage\",\"url\":\"https:\\\/\\\/turijnmagazijn.nl\\\/wp-content\\\/uploads\\\/2023\\\/03\\\/DK00102305-Naafdeksel-standaard-lichtmetaal-velg-Lancia-Lybra-3-1.jpg\",\"contentUrl\":\"https:\\\/\\\/turijnmagazijn.nl\\\/wp-content\\\/uploads\\\/2023\\\/03\\\/DK00102305-Naafdeksel-standaard-lichtmetaal-velg-Lancia-Lybra-3-1.jpg\",\"width\":1024,\"height\":768},{\"@type\":\"BreadcrumbList\",\"@id\":\"https:\\\/\\\/turijnmagazijn.nl\\\/fr\\\/produit\\\/housse-de-moyeu-alliage-alliage-jante-lancia-lybra\\\/#breadcrumb\",\"itemListElement\":[{\"@type\":\"ListItem\",\"position\":1,\"name\":\"Home\",\"item\":\"https:\\\/\\\/turijnmagazijn.nl\\\/fr\\\/\"},{\"@type\":\"ListItem\",\"position\":2,\"name\":\"Produits\",\"item\":\"https:\\\/\\\/turijnmagazijn.nl\\\/fr\\\/shop\\\/\"},{\"@type\":\"ListItem\",\"position\":3,\"name\":\"Housse de moyeu jante en alliage standard Lancia Lybra\"}]},{\"@type\":\"WebSite\",\"@id\":\"https:\\\/\\\/turijnmagazijn.jumpstone-dev.nl\\\/#website\",\"url\":\"https:\\\/\\\/turijnmagazijn.jumpstone-dev.nl\\\/\",\"name\":\"Turijnmagazijn\",\"description\":\"Onderdelen nieuw en gebruikt - Fiat &amp; Lancia\",\"publisher\":{\"@id\":\"https:\\\/\\\/turijnmagazijn.jumpstone-dev.nl\\\/#organization\"},\"potentialAction\":[{\"@type\":\"SearchAction\",\"target\":{\"@type\":\"EntryPoint\",\"urlTemplate\":\"https:\\\/\\\/turijnmagazijn.jumpstone-dev.nl\\\/?s={search_term_string}\"},\"query-input\":{\"@type\":\"PropertyValueSpecification\",\"valueRequired\":true,\"valueName\":\"search_term_string\"}}],\"inLanguage\":\"fr-FR\"},{\"@type\":\"Organization\",\"@id\":\"https:\\\/\\\/turijnmagazijn.jumpstone-dev.nl\\\/#organization\",\"name\":\"Turijnmagazijn\",\"url\":\"https:\\\/\\\/turijnmagazijn.jumpstone-dev.nl\\\/\",\"logo\":{\"@type\":\"ImageObject\",\"inLanguage\":\"fr-FR\",\"@id\":\"https:\\\/\\\/turijnmagazijn.jumpstone-dev.nl\\\/#\\\/schema\\\/logo\\\/image\\\/\",\"url\":\"https:\\\/\\\/turijnmagazijn.nl\\\/wp-content\\\/uploads\\\/2021\\\/02\\\/turijnmagazijnlogo.png\",\"contentUrl\":\"https:\\\/\\\/turijnmagazijn.nl\\\/wp-content\\\/uploads\\\/2021\\\/02\\\/turijnmagazijnlogo.png\",\"width\":555,\"height\":270,\"caption\":\"Turijnmagazijn\"},\"image\":{\"@id\":\"https:\\\/\\\/turijnmagazijn.jumpstone-dev.nl\\\/#\\\/schema\\\/logo\\\/image\\\/\"},\"sameAs\":[\"https:\\\/\\\/www.facebook.com\\\/turijnmagazijn\"]}]}<\/script>\n<!-- \/ Yoast SEO plugin. -->","yoast_head_json":{"title":"Housse de moyeu jante en alliage standard Lancia Lybra - Turijnmagazijn","robots":{"index":"index","follow":"follow","max-snippet":"max-snippet:-1","max-image-preview":"max-image-preview:large","max-video-preview":"max-video-preview:-1"},"canonical":"https:\/\/turijnmagazijn.nl\/fr\/produit\/housse-de-moyeu-alliage-alliage-jante-lancia-lybra\/","og_locale":"fr_FR","og_type":"article","og_title":"Housse de moyeu jante en alliage standard Lancia Lybra - Turijnmagazijn","og_description":"Housse de moyeu en alliage standard Lancia Lybra - Housse de moyeu usag\u00e9e pour Lancia Lybra.Housse de moyeu en alliage standard Lancia Lybra - Housse de moyeu usag\u00e9e pour Lancia Lybra.","og_url":"https:\/\/turijnmagazijn.nl\/fr\/produit\/housse-de-moyeu-alliage-alliage-jante-lancia-lybra\/","og_site_name":"Turijnmagazijn","article_publisher":"https:\/\/www.facebook.com\/turijnmagazijn","article_modified_time":"2023-07-27T10:20:58+00:00","og_image":[{"width":1024,"height":768,"url":"https:\/\/turijnmagazijn.nl\/wp-content\/uploads\/2023\/03\/DK00102305-Naafdeksel-standaard-lichtmetaal-velg-Lancia-Lybra-3-1.jpg","type":"image\/jpeg"}],"twitter_card":"summary_large_image","schema":{"@context":"https:\/\/schema.org","@graph":[{"@type":"WebPage","@id":"https:\/\/turijnmagazijn.nl\/fr\/produit\/housse-de-moyeu-alliage-alliage-jante-lancia-lybra\/","url":"https:\/\/turijnmagazijn.nl\/fr\/produit\/housse-de-moyeu-alliage-alliage-jante-lancia-lybra\/","name":"Housse de moyeu jante en alliage standard Lancia Lybra - Turijnmagazijn","isPartOf":{"@id":"https:\/\/turijnmagazijn.jumpstone-dev.nl\/#website"},"primaryImageOfPage":{"@id":"https:\/\/turijnmagazijn.nl\/fr\/produit\/housse-de-moyeu-alliage-alliage-jante-lancia-lybra\/#primaryimage"},"image":{"@id":"https:\/\/turijnmagazijn.nl\/fr\/produit\/housse-de-moyeu-alliage-alliage-jante-lancia-lybra\/#primaryimage"},"thumbnailUrl":"https:\/\/turijnmagazijn.nl\/wp-content\/uploads\/2023\/03\/DK00102305-Naafdeksel-standaard-lichtmetaal-velg-Lancia-Lybra-3-1.jpg","datePublished":"2023-03-03T08:20:36+00:00","dateModified":"2023-07-27T10:20:58+00:00","breadcrumb":{"@id":"https:\/\/turijnmagazijn.nl\/fr\/produit\/housse-de-moyeu-alliage-alliage-jante-lancia-lybra\/#breadcrumb"},"inLanguage":"fr-FR","potentialAction":[{"@type":"ReadAction","target":["https:\/\/turijnmagazijn.nl\/fr\/produit\/housse-de-moyeu-alliage-alliage-jante-lancia-lybra\/"]}]},{"@type":"ImageObject","inLanguage":"fr-FR","@id":"https:\/\/turijnmagazijn.nl\/fr\/produit\/housse-de-moyeu-alliage-alliage-jante-lancia-lybra\/#primaryimage","url":"https:\/\/turijnmagazijn.nl\/wp-content\/uploads\/2023\/03\/DK00102305-Naafdeksel-standaard-lichtmetaal-velg-Lancia-Lybra-3-1.jpg","contentUrl":"https:\/\/turijnmagazijn.nl\/wp-content\/uploads\/2023\/03\/DK00102305-Naafdeksel-standaard-lichtmetaal-velg-Lancia-Lybra-3-1.jpg","width":1024,"height":768},{"@type":"BreadcrumbList","@id":"https:\/\/turijnmagazijn.nl\/fr\/produit\/housse-de-moyeu-alliage-alliage-jante-lancia-lybra\/#breadcrumb","itemListElement":[{"@type":"ListItem","position":1,"name":"Home","item":"https:\/\/turijnmagazijn.nl\/fr\/"},{"@type":"ListItem","position":2,"name":"Produits","item":"https:\/\/turijnmagazijn.nl\/fr\/shop\/"},{"@type":"ListItem","position":3,"name":"Housse de moyeu jante en alliage standard Lancia Lybra"}]},{"@type":"WebSite","@id":"https:\/\/turijnmagazijn.jumpstone-dev.nl\/#website","url":"https:\/\/turijnmagazijn.jumpstone-dev.nl\/","name":"Turijnmagazijn","description":"Onderdelen nieuw en gebruikt - Fiat &amp; Lancia","publisher":{"@id":"https:\/\/turijnmagazijn.jumpstone-dev.nl\/#organization"},"potentialAction":[{"@type":"SearchAction","target":{"@type":"EntryPoint","urlTemplate":"https:\/\/turijnmagazijn.jumpstone-dev.nl\/?s={search_term_string}"},"query-input":{"@type":"PropertyValueSpecification","valueRequired":true,"valueName":"search_term_string"}}],"inLanguage":"fr-FR"},{"@type":"Organization","@id":"https:\/\/turijnmagazijn.jumpstone-dev.nl\/#organization","name":"Turijnmagazijn","url":"https:\/\/turijnmagazijn.jumpstone-dev.nl\/","logo":{"@type":"ImageObject","inLanguage":"fr-FR","@id":"https:\/\/turijnmagazijn.jumpstone-dev.nl\/#\/schema\/logo\/image\/","url":"https:\/\/turijnmagazijn.nl\/wp-content\/uploads\/2021\/02\/turijnmagazijnlogo.png","contentUrl":"https:\/\/turijnmagazijn.nl\/wp-content\/uploads\/2021\/02\/turijnmagazijnlogo.png","width":555,"height":270,"caption":"Turijnmagazijn"},"image":{"@id":"https:\/\/turijnmagazijn.jumpstone-dev.nl\/#\/schema\/logo\/image\/"},"sameAs":["https:\/\/www.facebook.com\/turijnmagazijn"]}]}},"_links":{"self":[{"href":"https:\/\/turijnmagazijn.nl\/fr\/wp-json\/wp\/v2\/product\/65030","targetHints":{"allow":["GET"]}}],"collection":[{"href":"https:\/\/turijnmagazijn.nl\/fr\/wp-json\/wp\/v2\/product"}],"about":[{"href":"https:\/\/turijnmagazijn.nl\/fr\/wp-json\/wp\/v2\/types\/product"}],"replies":[{"embeddable":true,"href":"https:\/\/turijnmagazijn.nl\/fr\/wp-json\/wp\/v2\/comments?post=65030"}],"wp:featuredmedia":[{"embeddable":true,"href":"https:\/\/turijnmagazijn.nl\/fr\/wp-json\/wp\/v2\/media\/48168"}],"wp:attachment":[{"href":"https:\/\/turijnmagazijn.nl\/fr\/wp-json\/wp\/v2\/media?parent=65030"}],"wp:term":[{"taxonomy":"product_brand","embeddable":true,"href":"https:\/\/turijnmagazijn.nl\/fr\/wp-json\/wp\/v2\/product_brand?post=65030"},{"taxonomy":"product_cat","embeddable":true,"href":"https:\/\/turijnmagazijn.nl\/fr\/wp-json\/wp\/v2\/product_cat?post=65030"},{"taxonomy":"product_tag","embeddable":true,"href":"https:\/\/turijnmagazijn.nl\/fr\/wp-json\/wp\/v2\/product_tag?post=65030"}],"curies":[{"name":"wp","href":"https:\/\/api.w.org\/{rel}","templated":true}]}}