{"id":65139,"date":"2023-03-03T09:20:58","date_gmt":"2023-03-03T08:20:58","guid":{"rendered":"https:\/\/turijnmagazijn.nl\/product\/feu-arriere-exterieur-lancia-kappa-coupe-gauche\/"},"modified":"2025-05-07T17:39:10","modified_gmt":"2025-05-07T15:39:10","slug":"feu-arriere-exterieur-lancia-kappa-coupe-gauche","status":"publish","type":"product","link":"https:\/\/turijnmagazijn.nl\/fr\/produit\/feu-arriere-exterieur-lancia-kappa-coupe-gauche\/","title":{"rendered":"Feu arri\u00e8re ext\u00e9rieur Lancia Kappa Coupe Gauche"},"content":{"rendered":"<p>Feu arri\u00e8re d\u2019occasion&nbsp;ext\u00e9rieur Lancia Kappa Coupe Gauche.<\/p>\n<p>Feu arri\u00e8re en tr\u00e8s bon \u00e9tat. Convient uniquement au mod\u00e8le coup\u00e9 Kappa.<\/p>\n<p><\/p>\n<p>D\u2019un coup\u00e9 Lancia Kappa de 1998.<\/p>\n<p>Couleur de peinture de la voiture donneuse: 805 Black storm.<\/p>\n<p>La voiture donneuse \u00e9tait \u00e9quip\u00e9e d\u2019un moteur \u00e0 essence manuel 2.4 20V 5 cylindres.<\/p>\n<p><\/p>\n<p>Lancia&nbsp; OEM<span style=\"text-align: right;\">47300951<\/span><\/p>\n","protected":false},"excerpt":{"rendered":"<p>Lancia Kappa &#8211; D\u2019un coup\u00e9 Lancia Kappa de 1998.Feu arri\u00e8re ext\u00e9rieur Lancia Kappa Coupe Gauche &#8211; Occasion<\/p>\n","protected":false},"featured_media":48804,"comment_status":"open","ping_status":"closed","template":"","meta":{"_acf_changed":false},"product_brand":[],"product_cat":[1862,1865,1860,1798,1870],"product_tag":[],"class_list":{"0":"post-65139","1":"product","2":"type-product","3":"status-publish","4":"has-post-thumbnail","6":"product_cat-berlina-fr","7":"product_cat-coupe-fr","8":"product_cat-kappa-838-fr","9":"product_cat-lancia-fr","10":"product_cat-sw-fr","11":"pa_soort-onderdeel-eclairage","13":"first","14":"instock","15":"shipping-taxable","16":"purchasable","17":"product-type-simple"},"acf":[],"yoast_head":"<!-- This site is optimized with the Yoast SEO plugin v27.2 - https:\/\/yoast.com\/product\/yoast-seo-wordpress\/ -->\n<title>Feu arri\u00e8re ext\u00e9rieur Lancia Kappa Coupe Gauche - Turijnmagazijn<\/title>\n<meta name=\"robots\" content=\"index, follow, max-snippet:-1, max-image-preview:large, max-video-preview:-1\" \/>\n<link rel=\"canonical\" href=\"https:\/\/turijnmagazijn.nl\/fr\/produit\/feu-arriere-exterieur-lancia-kappa-coupe-gauche\/\" \/>\n<meta property=\"og:locale\" content=\"fr_FR\" \/>\n<meta property=\"og:type\" content=\"article\" \/>\n<meta property=\"og:title\" content=\"Feu arri\u00e8re ext\u00e9rieur Lancia Kappa Coupe Gauche - Turijnmagazijn\" \/>\n<meta property=\"og:description\" content=\"Lancia Kappa - D\u2019un coup\u00e9 Lancia Kappa de 1998.Feu arri\u00e8re ext\u00e9rieur Lancia Kappa Coupe Gauche - Occasion\" \/>\n<meta property=\"og:url\" content=\"https:\/\/turijnmagazijn.nl\/fr\/produit\/feu-arriere-exterieur-lancia-kappa-coupe-gauche\/\" \/>\n<meta property=\"og:site_name\" content=\"Turijnmagazijn\" \/>\n<meta property=\"article:publisher\" content=\"https:\/\/www.facebook.com\/turijnmagazijn\" \/>\n<meta property=\"article:modified_time\" content=\"2025-05-07T15:39:10+00:00\" \/>\n<meta property=\"og:image\" content=\"https:\/\/turijnmagazijn.nl\/wp-content\/uploads\/2023\/03\/DK00102340-Achterlicht-buitenzijde-Lancia-Kappa-Coupe-Links-3-1.jpg\" \/>\n\t<meta property=\"og:image:width\" content=\"1024\" \/>\n\t<meta property=\"og:image:height\" content=\"768\" \/>\n\t<meta property=\"og:image:type\" content=\"image\/jpeg\" \/>\n<meta name=\"twitter:card\" content=\"summary_large_image\" \/>\n<script type=\"application\/ld+json\" class=\"yoast-schema-graph\">{\"@context\":\"https:\/\/schema.org\",\"@graph\":[{\"@type\":\"WebPage\",\"@id\":\"https:\/\/turijnmagazijn.nl\/fr\/produit\/feu-arriere-exterieur-lancia-kappa-coupe-gauche\/\",\"url\":\"https:\/\/turijnmagazijn.nl\/fr\/produit\/feu-arriere-exterieur-lancia-kappa-coupe-gauche\/\",\"name\":\"Feu arri\u00e8re ext\u00e9rieur Lancia Kappa Coupe Gauche - Turijnmagazijn\",\"isPartOf\":{\"@id\":\"https:\/\/turijnmagazijn.jumpstone-dev.nl\/#website\"},\"primaryImageOfPage\":{\"@id\":\"https:\/\/turijnmagazijn.nl\/fr\/produit\/feu-arriere-exterieur-lancia-kappa-coupe-gauche\/#primaryimage\"},\"image\":{\"@id\":\"https:\/\/turijnmagazijn.nl\/fr\/produit\/feu-arriere-exterieur-lancia-kappa-coupe-gauche\/#primaryimage\"},\"thumbnailUrl\":\"https:\/\/turijnmagazijn.nl\/wp-content\/uploads\/2023\/03\/DK00102340-Achterlicht-buitenzijde-Lancia-Kappa-Coupe-Links-3-1.jpg\",\"datePublished\":\"2023-03-03T08:20:58+00:00\",\"dateModified\":\"2025-05-07T15:39:10+00:00\",\"breadcrumb\":{\"@id\":\"https:\/\/turijnmagazijn.nl\/fr\/produit\/feu-arriere-exterieur-lancia-kappa-coupe-gauche\/#breadcrumb\"},\"inLanguage\":\"fr-FR\",\"potentialAction\":[{\"@type\":\"ReadAction\",\"target\":[\"https:\/\/turijnmagazijn.nl\/fr\/produit\/feu-arriere-exterieur-lancia-kappa-coupe-gauche\/\"]}]},{\"@type\":\"ImageObject\",\"inLanguage\":\"fr-FR\",\"@id\":\"https:\/\/turijnmagazijn.nl\/fr\/produit\/feu-arriere-exterieur-lancia-kappa-coupe-gauche\/#primaryimage\",\"url\":\"https:\/\/turijnmagazijn.nl\/wp-content\/uploads\/2023\/03\/DK00102340-Achterlicht-buitenzijde-Lancia-Kappa-Coupe-Links-3-1.jpg\",\"contentUrl\":\"https:\/\/turijnmagazijn.nl\/wp-content\/uploads\/2023\/03\/DK00102340-Achterlicht-buitenzijde-Lancia-Kappa-Coupe-Links-3-1.jpg\",\"width\":1024,\"height\":768},{\"@type\":\"BreadcrumbList\",\"@id\":\"https:\/\/turijnmagazijn.nl\/fr\/produit\/feu-arriere-exterieur-lancia-kappa-coupe-gauche\/#breadcrumb\",\"itemListElement\":[{\"@type\":\"ListItem\",\"position\":1,\"name\":\"Home\",\"item\":\"https:\/\/turijnmagazijn.nl\/fr\/\"},{\"@type\":\"ListItem\",\"position\":2,\"name\":\"Produits\",\"item\":\"https:\/\/turijnmagazijn.nl\/fr\/shop\/\"},{\"@type\":\"ListItem\",\"position\":3,\"name\":\"Feu arri\u00e8re ext\u00e9rieur Lancia Kappa Coupe Gauche\"}]},{\"@type\":\"WebSite\",\"@id\":\"https:\/\/turijnmagazijn.jumpstone-dev.nl\/#website\",\"url\":\"https:\/\/turijnmagazijn.jumpstone-dev.nl\/\",\"name\":\"Turijnmagazijn\",\"description\":\"Onderdelen nieuw en gebruikt - Fiat &amp; Lancia\",\"publisher\":{\"@id\":\"https:\/\/turijnmagazijn.jumpstone-dev.nl\/#organization\"},\"potentialAction\":[{\"@type\":\"SearchAction\",\"target\":{\"@type\":\"EntryPoint\",\"urlTemplate\":\"https:\/\/turijnmagazijn.jumpstone-dev.nl\/?s={search_term_string}\"},\"query-input\":{\"@type\":\"PropertyValueSpecification\",\"valueRequired\":true,\"valueName\":\"search_term_string\"}}],\"inLanguage\":\"fr-FR\"},{\"@type\":\"Organization\",\"@id\":\"https:\/\/turijnmagazijn.jumpstone-dev.nl\/#organization\",\"name\":\"Turijnmagazijn\",\"url\":\"https:\/\/turijnmagazijn.jumpstone-dev.nl\/\",\"logo\":{\"@type\":\"ImageObject\",\"inLanguage\":\"fr-FR\",\"@id\":\"https:\/\/turijnmagazijn.jumpstone-dev.nl\/#\/schema\/logo\/image\/\",\"url\":\"https:\/\/turijnmagazijn.nl\/wp-content\/uploads\/2021\/02\/turijnmagazijnlogo.png\",\"contentUrl\":\"https:\/\/turijnmagazijn.nl\/wp-content\/uploads\/2021\/02\/turijnmagazijnlogo.png\",\"width\":555,\"height\":270,\"caption\":\"Turijnmagazijn\"},\"image\":{\"@id\":\"https:\/\/turijnmagazijn.jumpstone-dev.nl\/#\/schema\/logo\/image\/\"},\"sameAs\":[\"https:\/\/www.facebook.com\/turijnmagazijn\"]}]}<\/script>\n<!-- \/ Yoast SEO plugin. -->","yoast_head_json":{"title":"Feu arri\u00e8re ext\u00e9rieur Lancia Kappa Coupe Gauche - Turijnmagazijn","robots":{"index":"index","follow":"follow","max-snippet":"max-snippet:-1","max-image-preview":"max-image-preview:large","max-video-preview":"max-video-preview:-1"},"canonical":"https:\/\/turijnmagazijn.nl\/fr\/produit\/feu-arriere-exterieur-lancia-kappa-coupe-gauche\/","og_locale":"fr_FR","og_type":"article","og_title":"Feu arri\u00e8re ext\u00e9rieur Lancia Kappa Coupe Gauche - Turijnmagazijn","og_description":"Lancia Kappa - D\u2019un coup\u00e9 Lancia Kappa de 1998.Feu arri\u00e8re ext\u00e9rieur Lancia Kappa Coupe Gauche - Occasion","og_url":"https:\/\/turijnmagazijn.nl\/fr\/produit\/feu-arriere-exterieur-lancia-kappa-coupe-gauche\/","og_site_name":"Turijnmagazijn","article_publisher":"https:\/\/www.facebook.com\/turijnmagazijn","article_modified_time":"2025-05-07T15:39:10+00:00","og_image":[{"width":1024,"height":768,"url":"https:\/\/turijnmagazijn.nl\/wp-content\/uploads\/2023\/03\/DK00102340-Achterlicht-buitenzijde-Lancia-Kappa-Coupe-Links-3-1.jpg","type":"image\/jpeg"}],"twitter_card":"summary_large_image","schema":{"@context":"https:\/\/schema.org","@graph":[{"@type":"WebPage","@id":"https:\/\/turijnmagazijn.nl\/fr\/produit\/feu-arriere-exterieur-lancia-kappa-coupe-gauche\/","url":"https:\/\/turijnmagazijn.nl\/fr\/produit\/feu-arriere-exterieur-lancia-kappa-coupe-gauche\/","name":"Feu arri\u00e8re ext\u00e9rieur Lancia Kappa Coupe Gauche - Turijnmagazijn","isPartOf":{"@id":"https:\/\/turijnmagazijn.jumpstone-dev.nl\/#website"},"primaryImageOfPage":{"@id":"https:\/\/turijnmagazijn.nl\/fr\/produit\/feu-arriere-exterieur-lancia-kappa-coupe-gauche\/#primaryimage"},"image":{"@id":"https:\/\/turijnmagazijn.nl\/fr\/produit\/feu-arriere-exterieur-lancia-kappa-coupe-gauche\/#primaryimage"},"thumbnailUrl":"https:\/\/turijnmagazijn.nl\/wp-content\/uploads\/2023\/03\/DK00102340-Achterlicht-buitenzijde-Lancia-Kappa-Coupe-Links-3-1.jpg","datePublished":"2023-03-03T08:20:58+00:00","dateModified":"2025-05-07T15:39:10+00:00","breadcrumb":{"@id":"https:\/\/turijnmagazijn.nl\/fr\/produit\/feu-arriere-exterieur-lancia-kappa-coupe-gauche\/#breadcrumb"},"inLanguage":"fr-FR","potentialAction":[{"@type":"ReadAction","target":["https:\/\/turijnmagazijn.nl\/fr\/produit\/feu-arriere-exterieur-lancia-kappa-coupe-gauche\/"]}]},{"@type":"ImageObject","inLanguage":"fr-FR","@id":"https:\/\/turijnmagazijn.nl\/fr\/produit\/feu-arriere-exterieur-lancia-kappa-coupe-gauche\/#primaryimage","url":"https:\/\/turijnmagazijn.nl\/wp-content\/uploads\/2023\/03\/DK00102340-Achterlicht-buitenzijde-Lancia-Kappa-Coupe-Links-3-1.jpg","contentUrl":"https:\/\/turijnmagazijn.nl\/wp-content\/uploads\/2023\/03\/DK00102340-Achterlicht-buitenzijde-Lancia-Kappa-Coupe-Links-3-1.jpg","width":1024,"height":768},{"@type":"BreadcrumbList","@id":"https:\/\/turijnmagazijn.nl\/fr\/produit\/feu-arriere-exterieur-lancia-kappa-coupe-gauche\/#breadcrumb","itemListElement":[{"@type":"ListItem","position":1,"name":"Home","item":"https:\/\/turijnmagazijn.nl\/fr\/"},{"@type":"ListItem","position":2,"name":"Produits","item":"https:\/\/turijnmagazijn.nl\/fr\/shop\/"},{"@type":"ListItem","position":3,"name":"Feu arri\u00e8re ext\u00e9rieur Lancia Kappa Coupe Gauche"}]},{"@type":"WebSite","@id":"https:\/\/turijnmagazijn.jumpstone-dev.nl\/#website","url":"https:\/\/turijnmagazijn.jumpstone-dev.nl\/","name":"Turijnmagazijn","description":"Onderdelen nieuw en gebruikt - Fiat &amp; Lancia","publisher":{"@id":"https:\/\/turijnmagazijn.jumpstone-dev.nl\/#organization"},"potentialAction":[{"@type":"SearchAction","target":{"@type":"EntryPoint","urlTemplate":"https:\/\/turijnmagazijn.jumpstone-dev.nl\/?s={search_term_string}"},"query-input":{"@type":"PropertyValueSpecification","valueRequired":true,"valueName":"search_term_string"}}],"inLanguage":"fr-FR"},{"@type":"Organization","@id":"https:\/\/turijnmagazijn.jumpstone-dev.nl\/#organization","name":"Turijnmagazijn","url":"https:\/\/turijnmagazijn.jumpstone-dev.nl\/","logo":{"@type":"ImageObject","inLanguage":"fr-FR","@id":"https:\/\/turijnmagazijn.jumpstone-dev.nl\/#\/schema\/logo\/image\/","url":"https:\/\/turijnmagazijn.nl\/wp-content\/uploads\/2021\/02\/turijnmagazijnlogo.png","contentUrl":"https:\/\/turijnmagazijn.nl\/wp-content\/uploads\/2021\/02\/turijnmagazijnlogo.png","width":555,"height":270,"caption":"Turijnmagazijn"},"image":{"@id":"https:\/\/turijnmagazijn.jumpstone-dev.nl\/#\/schema\/logo\/image\/"},"sameAs":["https:\/\/www.facebook.com\/turijnmagazijn"]}]}},"_links":{"self":[{"href":"https:\/\/turijnmagazijn.nl\/fr\/wp-json\/wp\/v2\/product\/65139","targetHints":{"allow":["GET"]}}],"collection":[{"href":"https:\/\/turijnmagazijn.nl\/fr\/wp-json\/wp\/v2\/product"}],"about":[{"href":"https:\/\/turijnmagazijn.nl\/fr\/wp-json\/wp\/v2\/types\/product"}],"replies":[{"embeddable":true,"href":"https:\/\/turijnmagazijn.nl\/fr\/wp-json\/wp\/v2\/comments?post=65139"}],"wp:featuredmedia":[{"embeddable":true,"href":"https:\/\/turijnmagazijn.nl\/fr\/wp-json\/wp\/v2\/media\/48804"}],"wp:attachment":[{"href":"https:\/\/turijnmagazijn.nl\/fr\/wp-json\/wp\/v2\/media?parent=65139"}],"wp:term":[{"taxonomy":"product_brand","embeddable":true,"href":"https:\/\/turijnmagazijn.nl\/fr\/wp-json\/wp\/v2\/product_brand?post=65139"},{"taxonomy":"product_cat","embeddable":true,"href":"https:\/\/turijnmagazijn.nl\/fr\/wp-json\/wp\/v2\/product_cat?post=65139"},{"taxonomy":"product_tag","embeddable":true,"href":"https:\/\/turijnmagazijn.nl\/fr\/wp-json\/wp\/v2\/product_tag?post=65139"}],"curies":[{"name":"wp","href":"https:\/\/api.w.org\/{rel}","templated":true}]}}