{"id":65212,"date":"2023-03-03T09:22:12","date_gmt":"2023-03-03T08:22:12","guid":{"rendered":"https:\/\/turijnmagazijn.nl\/product\/feu-arriere-interieur-du-capot-exterieur-lancia-kappa-gauche-endommage\/"},"modified":"2024-07-15T17:00:55","modified_gmt":"2024-07-15T15:00:55","slug":"capot-interieur-side-light-exterieur-lancia-kappa-gauche-endommage","status":"publish","type":"product","link":"https:\/\/turijnmagazijn.nl\/fr\/produit\/capot-interieur-side-light-exterieur-lancia-kappa-gauche-endommage\/","title":{"rendered":"Bouchon arri\u00e8re lumi\u00e8re int\u00e9rieure ext\u00e9rieur Lancia Kappa Gauche -DOMMAGE-"},"content":{"rendered":"<p>Capot usag\u00e9, c\u00f4t\u00e9 int\u00e9rieur, feu arri\u00e8re ext\u00e9rieur, Lancia Kappa, gauche, plastique noir.<\/p>\n<p>La capuche montre une fissure, est toujours parfaitement montable, les ardillons sont toujours en tact.<\/p>\n<p>Ce capot sert \u00e0 terminer l\u2019acc\u00e8s au feu arri\u00e8re int\u00e9rieur du coup\u00e9 Kappa, et est situ\u00e9 \u00e0 l\u2019int\u00e9rieur du hayon.<\/p>\n<p>&nbsp;<\/p>\n<p>D\u2019un coup\u00e9 Lancia Kappa de 1998.<\/p>\n<p>Couleur de peinture de la voiture donneuse: 805 Black storm.<\/p>\n<p>La voiture donneuse \u00e9tait \u00e9quip\u00e9e d\u2019un moteur \u00e0 essence manuel 2.4 20V 5 cylindres.<\/p>\n<p>&nbsp;<\/p>\n<p>Lancia OEM <span style=\"text-align: right;\">47301087<\/span><\/p>\n","protected":false},"excerpt":{"rendered":"<p><span style=\"text-align: right;\">47301087 <\/span>Feu arri\u00e8re int\u00e9rieur de capot ext\u00e9rieur Lancia Kappa Gauche -ENDOMMAG\u00c9- &#8211; Utilis\u00e9<\/p>\n","protected":false},"featured_media":49184,"comment_status":"open","ping_status":"closed","template":"","meta":{"_acf_changed":false},"product_brand":[],"product_cat":[1865,1860,1798,1870],"product_tag":[],"class_list":{"0":"post-65212","1":"product","2":"type-product","3":"status-publish","4":"has-post-thumbnail","6":"product_cat-coupe-fr","7":"product_cat-kappa-838-fr","8":"product_cat-lancia-fr","9":"product_cat-sw-fr","10":"pa_soort-onderdeel-eclairage","12":"first","13":"instock","14":"shipping-taxable","15":"purchasable","16":"product-type-simple"},"acf":[],"yoast_head":"<!-- This site is optimized with the Yoast SEO plugin v27.3 - https:\/\/yoast.com\/product\/yoast-seo-wordpress\/ -->\n<title>Bouchon arri\u00e8re lumi\u00e8re int\u00e9rieure ext\u00e9rieur Lancia Kappa Gauche -DOMMAGE- Turijnmagazijn<\/title>\n<meta name=\"robots\" content=\"index, follow, max-snippet:-1, max-image-preview:large, max-video-preview:-1\" \/>\n<link rel=\"canonical\" href=\"https:\/\/turijnmagazijn.nl\/fr\/produit\/capot-interieur-side-light-exterieur-lancia-kappa-gauche-endommage\/\" \/>\n<meta property=\"og:locale\" content=\"fr_FR\" \/>\n<meta property=\"og:type\" content=\"article\" \/>\n<meta property=\"og:title\" content=\"Bouchon arri\u00e8re lumi\u00e8re int\u00e9rieure ext\u00e9rieur Lancia Kappa Gauche -DOMMAGE- Turijnmagazijn\" \/>\n<meta property=\"og:description\" content=\"47301087 Feu arri\u00e8re int\u00e9rieur de capot ext\u00e9rieur Lancia Kappa Gauche -ENDOMMAG\u00c9- - Utilis\u00e9\" \/>\n<meta property=\"og:url\" content=\"https:\/\/turijnmagazijn.nl\/fr\/produit\/capot-interieur-side-light-exterieur-lancia-kappa-gauche-endommage\/\" \/>\n<meta property=\"og:site_name\" content=\"Turijnmagazijn\" \/>\n<meta property=\"article:publisher\" content=\"https:\/\/www.facebook.com\/turijnmagazijn\" \/>\n<meta property=\"article:modified_time\" content=\"2024-07-15T15:00:55+00:00\" \/>\n<meta property=\"og:image\" content=\"https:\/\/turijnmagazijn.nl\/wp-content\/uploads\/2023\/03\/DK00102361-Kap-interieurzijde-achterlicht-buiten-Lancia-Kappa-Links-BESCHADIGD-3-1.jpg\" \/>\n\t<meta property=\"og:image:width\" content=\"1024\" \/>\n\t<meta property=\"og:image:height\" content=\"768\" \/>\n\t<meta property=\"og:image:type\" content=\"image\/jpeg\" \/>\n<meta name=\"twitter:card\" content=\"summary_large_image\" \/>\n<script type=\"application\/ld+json\" class=\"yoast-schema-graph\">{\"@context\":\"https:\\\/\\\/schema.org\",\"@graph\":[{\"@type\":\"WebPage\",\"@id\":\"https:\\\/\\\/turijnmagazijn.nl\\\/fr\\\/produit\\\/capot-interieur-side-light-exterieur-lancia-kappa-gauche-endommage\\\/\",\"url\":\"https:\\\/\\\/turijnmagazijn.nl\\\/fr\\\/produit\\\/capot-interieur-side-light-exterieur-lancia-kappa-gauche-endommage\\\/\",\"name\":\"Bouchon arri\u00e8re lumi\u00e8re int\u00e9rieure ext\u00e9rieur Lancia Kappa Gauche -DOMMAGE- Turijnmagazijn\",\"isPartOf\":{\"@id\":\"https:\\\/\\\/turijnmagazijn.jumpstone-dev.nl\\\/#website\"},\"primaryImageOfPage\":{\"@id\":\"https:\\\/\\\/turijnmagazijn.nl\\\/fr\\\/produit\\\/capot-interieur-side-light-exterieur-lancia-kappa-gauche-endommage\\\/#primaryimage\"},\"image\":{\"@id\":\"https:\\\/\\\/turijnmagazijn.nl\\\/fr\\\/produit\\\/capot-interieur-side-light-exterieur-lancia-kappa-gauche-endommage\\\/#primaryimage\"},\"thumbnailUrl\":\"https:\\\/\\\/turijnmagazijn.nl\\\/wp-content\\\/uploads\\\/2023\\\/03\\\/DK00102361-Kap-interieurzijde-achterlicht-buiten-Lancia-Kappa-Links-BESCHADIGD-3-1.jpg\",\"datePublished\":\"2023-03-03T08:22:12+00:00\",\"dateModified\":\"2024-07-15T15:00:55+00:00\",\"breadcrumb\":{\"@id\":\"https:\\\/\\\/turijnmagazijn.nl\\\/fr\\\/produit\\\/capot-interieur-side-light-exterieur-lancia-kappa-gauche-endommage\\\/#breadcrumb\"},\"inLanguage\":\"fr-FR\",\"potentialAction\":[{\"@type\":\"ReadAction\",\"target\":[\"https:\\\/\\\/turijnmagazijn.nl\\\/fr\\\/produit\\\/capot-interieur-side-light-exterieur-lancia-kappa-gauche-endommage\\\/\"]}]},{\"@type\":\"ImageObject\",\"inLanguage\":\"fr-FR\",\"@id\":\"https:\\\/\\\/turijnmagazijn.nl\\\/fr\\\/produit\\\/capot-interieur-side-light-exterieur-lancia-kappa-gauche-endommage\\\/#primaryimage\",\"url\":\"https:\\\/\\\/turijnmagazijn.nl\\\/wp-content\\\/uploads\\\/2023\\\/03\\\/DK00102361-Kap-interieurzijde-achterlicht-buiten-Lancia-Kappa-Links-BESCHADIGD-3-1.jpg\",\"contentUrl\":\"https:\\\/\\\/turijnmagazijn.nl\\\/wp-content\\\/uploads\\\/2023\\\/03\\\/DK00102361-Kap-interieurzijde-achterlicht-buiten-Lancia-Kappa-Links-BESCHADIGD-3-1.jpg\",\"width\":1024,\"height\":768},{\"@type\":\"BreadcrumbList\",\"@id\":\"https:\\\/\\\/turijnmagazijn.nl\\\/fr\\\/produit\\\/capot-interieur-side-light-exterieur-lancia-kappa-gauche-endommage\\\/#breadcrumb\",\"itemListElement\":[{\"@type\":\"ListItem\",\"position\":1,\"name\":\"Home\",\"item\":\"https:\\\/\\\/turijnmagazijn.nl\\\/fr\\\/\"},{\"@type\":\"ListItem\",\"position\":2,\"name\":\"Produits\",\"item\":\"https:\\\/\\\/turijnmagazijn.nl\\\/fr\\\/shop\\\/\"},{\"@type\":\"ListItem\",\"position\":3,\"name\":\"Bouchon arri\u00e8re lumi\u00e8re int\u00e9rieure ext\u00e9rieur Lancia Kappa Gauche -DOMMAGE-\"}]},{\"@type\":\"WebSite\",\"@id\":\"https:\\\/\\\/turijnmagazijn.jumpstone-dev.nl\\\/#website\",\"url\":\"https:\\\/\\\/turijnmagazijn.jumpstone-dev.nl\\\/\",\"name\":\"Turijnmagazijn\",\"description\":\"Onderdelen nieuw en gebruikt - Fiat &amp; Lancia\",\"publisher\":{\"@id\":\"https:\\\/\\\/turijnmagazijn.jumpstone-dev.nl\\\/#organization\"},\"potentialAction\":[{\"@type\":\"SearchAction\",\"target\":{\"@type\":\"EntryPoint\",\"urlTemplate\":\"https:\\\/\\\/turijnmagazijn.jumpstone-dev.nl\\\/?s={search_term_string}\"},\"query-input\":{\"@type\":\"PropertyValueSpecification\",\"valueRequired\":true,\"valueName\":\"search_term_string\"}}],\"inLanguage\":\"fr-FR\"},{\"@type\":\"Organization\",\"@id\":\"https:\\\/\\\/turijnmagazijn.jumpstone-dev.nl\\\/#organization\",\"name\":\"Turijnmagazijn\",\"url\":\"https:\\\/\\\/turijnmagazijn.jumpstone-dev.nl\\\/\",\"logo\":{\"@type\":\"ImageObject\",\"inLanguage\":\"fr-FR\",\"@id\":\"https:\\\/\\\/turijnmagazijn.jumpstone-dev.nl\\\/#\\\/schema\\\/logo\\\/image\\\/\",\"url\":\"https:\\\/\\\/turijnmagazijn.nl\\\/wp-content\\\/uploads\\\/2021\\\/02\\\/turijnmagazijnlogo.png\",\"contentUrl\":\"https:\\\/\\\/turijnmagazijn.nl\\\/wp-content\\\/uploads\\\/2021\\\/02\\\/turijnmagazijnlogo.png\",\"width\":555,\"height\":270,\"caption\":\"Turijnmagazijn\"},\"image\":{\"@id\":\"https:\\\/\\\/turijnmagazijn.jumpstone-dev.nl\\\/#\\\/schema\\\/logo\\\/image\\\/\"},\"sameAs\":[\"https:\\\/\\\/www.facebook.com\\\/turijnmagazijn\"]}]}<\/script>\n<!-- \/ Yoast SEO plugin. -->","yoast_head_json":{"title":"Bouchon arri\u00e8re lumi\u00e8re int\u00e9rieure ext\u00e9rieur Lancia Kappa Gauche -DOMMAGE- Turijnmagazijn","robots":{"index":"index","follow":"follow","max-snippet":"max-snippet:-1","max-image-preview":"max-image-preview:large","max-video-preview":"max-video-preview:-1"},"canonical":"https:\/\/turijnmagazijn.nl\/fr\/produit\/capot-interieur-side-light-exterieur-lancia-kappa-gauche-endommage\/","og_locale":"fr_FR","og_type":"article","og_title":"Bouchon arri\u00e8re lumi\u00e8re int\u00e9rieure ext\u00e9rieur Lancia Kappa Gauche -DOMMAGE- Turijnmagazijn","og_description":"47301087 Feu arri\u00e8re int\u00e9rieur de capot ext\u00e9rieur Lancia Kappa Gauche -ENDOMMAG\u00c9- - Utilis\u00e9","og_url":"https:\/\/turijnmagazijn.nl\/fr\/produit\/capot-interieur-side-light-exterieur-lancia-kappa-gauche-endommage\/","og_site_name":"Turijnmagazijn","article_publisher":"https:\/\/www.facebook.com\/turijnmagazijn","article_modified_time":"2024-07-15T15:00:55+00:00","og_image":[{"width":1024,"height":768,"url":"https:\/\/turijnmagazijn.nl\/wp-content\/uploads\/2023\/03\/DK00102361-Kap-interieurzijde-achterlicht-buiten-Lancia-Kappa-Links-BESCHADIGD-3-1.jpg","type":"image\/jpeg"}],"twitter_card":"summary_large_image","schema":{"@context":"https:\/\/schema.org","@graph":[{"@type":"WebPage","@id":"https:\/\/turijnmagazijn.nl\/fr\/produit\/capot-interieur-side-light-exterieur-lancia-kappa-gauche-endommage\/","url":"https:\/\/turijnmagazijn.nl\/fr\/produit\/capot-interieur-side-light-exterieur-lancia-kappa-gauche-endommage\/","name":"Bouchon arri\u00e8re lumi\u00e8re int\u00e9rieure ext\u00e9rieur Lancia Kappa Gauche -DOMMAGE- Turijnmagazijn","isPartOf":{"@id":"https:\/\/turijnmagazijn.jumpstone-dev.nl\/#website"},"primaryImageOfPage":{"@id":"https:\/\/turijnmagazijn.nl\/fr\/produit\/capot-interieur-side-light-exterieur-lancia-kappa-gauche-endommage\/#primaryimage"},"image":{"@id":"https:\/\/turijnmagazijn.nl\/fr\/produit\/capot-interieur-side-light-exterieur-lancia-kappa-gauche-endommage\/#primaryimage"},"thumbnailUrl":"https:\/\/turijnmagazijn.nl\/wp-content\/uploads\/2023\/03\/DK00102361-Kap-interieurzijde-achterlicht-buiten-Lancia-Kappa-Links-BESCHADIGD-3-1.jpg","datePublished":"2023-03-03T08:22:12+00:00","dateModified":"2024-07-15T15:00:55+00:00","breadcrumb":{"@id":"https:\/\/turijnmagazijn.nl\/fr\/produit\/capot-interieur-side-light-exterieur-lancia-kappa-gauche-endommage\/#breadcrumb"},"inLanguage":"fr-FR","potentialAction":[{"@type":"ReadAction","target":["https:\/\/turijnmagazijn.nl\/fr\/produit\/capot-interieur-side-light-exterieur-lancia-kappa-gauche-endommage\/"]}]},{"@type":"ImageObject","inLanguage":"fr-FR","@id":"https:\/\/turijnmagazijn.nl\/fr\/produit\/capot-interieur-side-light-exterieur-lancia-kappa-gauche-endommage\/#primaryimage","url":"https:\/\/turijnmagazijn.nl\/wp-content\/uploads\/2023\/03\/DK00102361-Kap-interieurzijde-achterlicht-buiten-Lancia-Kappa-Links-BESCHADIGD-3-1.jpg","contentUrl":"https:\/\/turijnmagazijn.nl\/wp-content\/uploads\/2023\/03\/DK00102361-Kap-interieurzijde-achterlicht-buiten-Lancia-Kappa-Links-BESCHADIGD-3-1.jpg","width":1024,"height":768},{"@type":"BreadcrumbList","@id":"https:\/\/turijnmagazijn.nl\/fr\/produit\/capot-interieur-side-light-exterieur-lancia-kappa-gauche-endommage\/#breadcrumb","itemListElement":[{"@type":"ListItem","position":1,"name":"Home","item":"https:\/\/turijnmagazijn.nl\/fr\/"},{"@type":"ListItem","position":2,"name":"Produits","item":"https:\/\/turijnmagazijn.nl\/fr\/shop\/"},{"@type":"ListItem","position":3,"name":"Bouchon arri\u00e8re lumi\u00e8re int\u00e9rieure ext\u00e9rieur Lancia Kappa Gauche -DOMMAGE-"}]},{"@type":"WebSite","@id":"https:\/\/turijnmagazijn.jumpstone-dev.nl\/#website","url":"https:\/\/turijnmagazijn.jumpstone-dev.nl\/","name":"Turijnmagazijn","description":"Onderdelen nieuw en gebruikt - Fiat &amp; Lancia","publisher":{"@id":"https:\/\/turijnmagazijn.jumpstone-dev.nl\/#organization"},"potentialAction":[{"@type":"SearchAction","target":{"@type":"EntryPoint","urlTemplate":"https:\/\/turijnmagazijn.jumpstone-dev.nl\/?s={search_term_string}"},"query-input":{"@type":"PropertyValueSpecification","valueRequired":true,"valueName":"search_term_string"}}],"inLanguage":"fr-FR"},{"@type":"Organization","@id":"https:\/\/turijnmagazijn.jumpstone-dev.nl\/#organization","name":"Turijnmagazijn","url":"https:\/\/turijnmagazijn.jumpstone-dev.nl\/","logo":{"@type":"ImageObject","inLanguage":"fr-FR","@id":"https:\/\/turijnmagazijn.jumpstone-dev.nl\/#\/schema\/logo\/image\/","url":"https:\/\/turijnmagazijn.nl\/wp-content\/uploads\/2021\/02\/turijnmagazijnlogo.png","contentUrl":"https:\/\/turijnmagazijn.nl\/wp-content\/uploads\/2021\/02\/turijnmagazijnlogo.png","width":555,"height":270,"caption":"Turijnmagazijn"},"image":{"@id":"https:\/\/turijnmagazijn.jumpstone-dev.nl\/#\/schema\/logo\/image\/"},"sameAs":["https:\/\/www.facebook.com\/turijnmagazijn"]}]}},"_links":{"self":[{"href":"https:\/\/turijnmagazijn.nl\/fr\/wp-json\/wp\/v2\/product\/65212","targetHints":{"allow":["GET"]}}],"collection":[{"href":"https:\/\/turijnmagazijn.nl\/fr\/wp-json\/wp\/v2\/product"}],"about":[{"href":"https:\/\/turijnmagazijn.nl\/fr\/wp-json\/wp\/v2\/types\/product"}],"replies":[{"embeddable":true,"href":"https:\/\/turijnmagazijn.nl\/fr\/wp-json\/wp\/v2\/comments?post=65212"}],"wp:featuredmedia":[{"embeddable":true,"href":"https:\/\/turijnmagazijn.nl\/fr\/wp-json\/wp\/v2\/media\/49184"}],"wp:attachment":[{"href":"https:\/\/turijnmagazijn.nl\/fr\/wp-json\/wp\/v2\/media?parent=65212"}],"wp:term":[{"taxonomy":"product_brand","embeddable":true,"href":"https:\/\/turijnmagazijn.nl\/fr\/wp-json\/wp\/v2\/product_brand?post=65212"},{"taxonomy":"product_cat","embeddable":true,"href":"https:\/\/turijnmagazijn.nl\/fr\/wp-json\/wp\/v2\/product_cat?post=65212"},{"taxonomy":"product_tag","embeddable":true,"href":"https:\/\/turijnmagazijn.nl\/fr\/wp-json\/wp\/v2\/product_tag?post=65212"}],"curies":[{"name":"wp","href":"https:\/\/api.w.org\/{rel}","templated":true}]}}