{"id":65229,"date":"2023-03-03T09:23:05","date_gmt":"2023-03-03T08:23:05","guid":{"rendered":"https:\/\/turijnmagazijn.nl\/product\/commutateur-controle-du-retroviseur-avec-fonction-de-pliage-lancia-kappa\/"},"modified":"2025-11-16T17:29:43","modified_gmt":"2025-11-16T16:29:43","slug":"switch-mirror-control-with-fold-function-lancia-kappa","status":"publish","type":"product","link":"https:\/\/turijnmagazijn.nl\/fr\/produit\/switch-mirror-control-with-fold-function-lancia-kappa\/","title":{"rendered":"Commutateur Contr\u00f4le du r\u00e9troviseur avec fonction de pliage Lancia Kappa"},"content":{"rendered":"<p>Panneau de commande pour le r\u00e9glage des r\u00e9troviseurs ext\u00e9rieurs \u00e0 partir de la console centrale pour Lancia Kappa.<\/p>\n<p>L&rsquo;unit\u00e9 est applicable \u00e0 tous les types de Lancia Kappa \u00e9quip\u00e9s de r\u00e9troviseurs rabattables \u00e9lectriques.<\/p>\n<p>Cette unit\u00e9 de commande se r\u00e9f\u00e8re \u00e0 la version AVEC fonction de rabattement \u00e9lectrique des r\u00e9troviseurs ext\u00e9rieurs.<\/p>\n<p>L\u2019unit\u00e9 est \u00e9quip\u00e9e d\u2019une connexion \u00e0 12 broches en bas. L\u2019unit\u00e9 fonctionne bien d\u00e9mont\u00e9e d\u2019une berline Lancia Kappa construite en 2000.<\/p>\n<p>Num\u00e9ro OEM Lancia <span style=\"line-height: normal; text-align: -webkit-right;\">177260480<\/span><\/p>\n","protected":false},"excerpt":{"rendered":"<p><span style=\"line-height: normal; text-align: -webkit-right;\">177260480 <\/span>Unit\u00e9 de contr\u00f4le des r\u00e9troviseurs Lancia Kappa &#8211; Panneau de contr\u00f4le pour le r\u00e9glage des r\u00e9troviseurs ext\u00e9rieurs \u00e0 partir de la console centrale pour Lancia Kappa.Switch Unit\u00e9 de contr\u00f4le des r\u00e9troviseurs Lancia Kappa &#8211; Panneau de contr\u00f4le pour le r\u00e9glage des r\u00e9troviseurs ext\u00e9rieurs \u00e0 partir de la console centrale pour Lancia Kappa.<\/p>\n","protected":false},"featured_media":49384,"comment_status":"closed","ping_status":"closed","template":"","meta":{"_acf_changed":false},"product_brand":[],"product_cat":[1862,1865,1860,1798,1870],"product_tag":[],"class_list":{"0":"post-65229","1":"product","2":"type-product","3":"status-publish","4":"has-post-thumbnail","6":"product_cat-berlina-fr","7":"product_cat-coupe-fr","8":"product_cat-kappa-838-fr","9":"product_cat-lancia-fr","10":"product_cat-sw-fr","11":"pa_soort-onderdeel-miroirs","13":"first","14":"instock","15":"shipping-taxable","16":"purchasable","17":"product-type-simple"},"acf":[],"yoast_head":"<!-- This site is optimized with the Yoast SEO plugin v27.2 - https:\/\/yoast.com\/product\/yoast-seo-wordpress\/ -->\n<title>Commutateur Contr\u00f4le du r\u00e9troviseur avec fonction de pliage Lancia Kappa - Turijnmagazijn<\/title>\n<meta name=\"robots\" content=\"index, follow, max-snippet:-1, max-image-preview:large, max-video-preview:-1\" \/>\n<link rel=\"canonical\" href=\"https:\/\/turijnmagazijn.nl\/fr\/produit\/switch-mirror-control-with-fold-function-lancia-kappa\/\" \/>\n<meta property=\"og:locale\" content=\"fr_FR\" \/>\n<meta property=\"og:type\" content=\"article\" \/>\n<meta property=\"og:title\" content=\"Commutateur Contr\u00f4le du r\u00e9troviseur avec fonction de pliage Lancia Kappa - Turijnmagazijn\" \/>\n<meta property=\"og:description\" content=\"177260480 Unit\u00e9 de contr\u00f4le des r\u00e9troviseurs Lancia Kappa - Panneau de contr\u00f4le pour le r\u00e9glage des r\u00e9troviseurs ext\u00e9rieurs \u00e0 partir de la console centrale pour Lancia Kappa.Switch Unit\u00e9 de contr\u00f4le des r\u00e9troviseurs Lancia Kappa - Panneau de contr\u00f4le pour le r\u00e9glage des r\u00e9troviseurs ext\u00e9rieurs \u00e0 partir de la console centrale pour Lancia Kappa.\" \/>\n<meta property=\"og:url\" content=\"https:\/\/turijnmagazijn.nl\/fr\/produit\/switch-mirror-control-with-fold-function-lancia-kappa\/\" \/>\n<meta property=\"og:site_name\" content=\"Turijnmagazijn\" \/>\n<meta property=\"article:publisher\" content=\"https:\/\/www.facebook.com\/turijnmagazijn\" \/>\n<meta property=\"article:modified_time\" content=\"2025-11-16T16:29:43+00:00\" \/>\n<meta property=\"og:image\" content=\"https:\/\/turijnmagazijn.nl\/wp-content\/uploads\/2023\/03\/DK00102373-Schakelaar-Spiegelbediening-met-inklapfunctie-Lancia-Kappa-2-1.jpg\" \/>\n\t<meta property=\"og:image:width\" content=\"1024\" \/>\n\t<meta property=\"og:image:height\" content=\"768\" \/>\n\t<meta property=\"og:image:type\" content=\"image\/jpeg\" \/>\n<meta name=\"twitter:card\" content=\"summary_large_image\" \/>\n<script type=\"application\/ld+json\" class=\"yoast-schema-graph\">{\"@context\":\"https:\/\/schema.org\",\"@graph\":[{\"@type\":\"WebPage\",\"@id\":\"https:\/\/turijnmagazijn.nl\/fr\/produit\/switch-mirror-control-with-fold-function-lancia-kappa\/\",\"url\":\"https:\/\/turijnmagazijn.nl\/fr\/produit\/switch-mirror-control-with-fold-function-lancia-kappa\/\",\"name\":\"Commutateur Contr\u00f4le du r\u00e9troviseur avec fonction de pliage Lancia Kappa - Turijnmagazijn\",\"isPartOf\":{\"@id\":\"https:\/\/turijnmagazijn.jumpstone-dev.nl\/#website\"},\"primaryImageOfPage\":{\"@id\":\"https:\/\/turijnmagazijn.nl\/fr\/produit\/switch-mirror-control-with-fold-function-lancia-kappa\/#primaryimage\"},\"image\":{\"@id\":\"https:\/\/turijnmagazijn.nl\/fr\/produit\/switch-mirror-control-with-fold-function-lancia-kappa\/#primaryimage\"},\"thumbnailUrl\":\"https:\/\/turijnmagazijn.nl\/wp-content\/uploads\/2023\/03\/DK00102373-Schakelaar-Spiegelbediening-met-inklapfunctie-Lancia-Kappa-2-1.jpg\",\"datePublished\":\"2023-03-03T08:23:05+00:00\",\"dateModified\":\"2025-11-16T16:29:43+00:00\",\"breadcrumb\":{\"@id\":\"https:\/\/turijnmagazijn.nl\/fr\/produit\/switch-mirror-control-with-fold-function-lancia-kappa\/#breadcrumb\"},\"inLanguage\":\"fr-FR\",\"potentialAction\":[{\"@type\":\"ReadAction\",\"target\":[\"https:\/\/turijnmagazijn.nl\/fr\/produit\/switch-mirror-control-with-fold-function-lancia-kappa\/\"]}]},{\"@type\":\"ImageObject\",\"inLanguage\":\"fr-FR\",\"@id\":\"https:\/\/turijnmagazijn.nl\/fr\/produit\/switch-mirror-control-with-fold-function-lancia-kappa\/#primaryimage\",\"url\":\"https:\/\/turijnmagazijn.nl\/wp-content\/uploads\/2023\/03\/DK00102373-Schakelaar-Spiegelbediening-met-inklapfunctie-Lancia-Kappa-2-1.jpg\",\"contentUrl\":\"https:\/\/turijnmagazijn.nl\/wp-content\/uploads\/2023\/03\/DK00102373-Schakelaar-Spiegelbediening-met-inklapfunctie-Lancia-Kappa-2-1.jpg\",\"width\":1024,\"height\":768},{\"@type\":\"BreadcrumbList\",\"@id\":\"https:\/\/turijnmagazijn.nl\/fr\/produit\/switch-mirror-control-with-fold-function-lancia-kappa\/#breadcrumb\",\"itemListElement\":[{\"@type\":\"ListItem\",\"position\":1,\"name\":\"Home\",\"item\":\"https:\/\/turijnmagazijn.nl\/fr\/\"},{\"@type\":\"ListItem\",\"position\":2,\"name\":\"Produits\",\"item\":\"https:\/\/turijnmagazijn.nl\/fr\/shop\/\"},{\"@type\":\"ListItem\",\"position\":3,\"name\":\"Commutateur Contr\u00f4le du r\u00e9troviseur avec fonction de pliage Lancia Kappa\"}]},{\"@type\":\"WebSite\",\"@id\":\"https:\/\/turijnmagazijn.jumpstone-dev.nl\/#website\",\"url\":\"https:\/\/turijnmagazijn.jumpstone-dev.nl\/\",\"name\":\"Turijnmagazijn\",\"description\":\"Onderdelen nieuw en gebruikt - Fiat &amp; Lancia\",\"publisher\":{\"@id\":\"https:\/\/turijnmagazijn.jumpstone-dev.nl\/#organization\"},\"potentialAction\":[{\"@type\":\"SearchAction\",\"target\":{\"@type\":\"EntryPoint\",\"urlTemplate\":\"https:\/\/turijnmagazijn.jumpstone-dev.nl\/?s={search_term_string}\"},\"query-input\":{\"@type\":\"PropertyValueSpecification\",\"valueRequired\":true,\"valueName\":\"search_term_string\"}}],\"inLanguage\":\"fr-FR\"},{\"@type\":\"Organization\",\"@id\":\"https:\/\/turijnmagazijn.jumpstone-dev.nl\/#organization\",\"name\":\"Turijnmagazijn\",\"url\":\"https:\/\/turijnmagazijn.jumpstone-dev.nl\/\",\"logo\":{\"@type\":\"ImageObject\",\"inLanguage\":\"fr-FR\",\"@id\":\"https:\/\/turijnmagazijn.jumpstone-dev.nl\/#\/schema\/logo\/image\/\",\"url\":\"https:\/\/turijnmagazijn.nl\/wp-content\/uploads\/2021\/02\/turijnmagazijnlogo.png\",\"contentUrl\":\"https:\/\/turijnmagazijn.nl\/wp-content\/uploads\/2021\/02\/turijnmagazijnlogo.png\",\"width\":555,\"height\":270,\"caption\":\"Turijnmagazijn\"},\"image\":{\"@id\":\"https:\/\/turijnmagazijn.jumpstone-dev.nl\/#\/schema\/logo\/image\/\"},\"sameAs\":[\"https:\/\/www.facebook.com\/turijnmagazijn\"]}]}<\/script>\n<!-- \/ Yoast SEO plugin. -->","yoast_head_json":{"title":"Commutateur Contr\u00f4le du r\u00e9troviseur avec fonction de pliage Lancia Kappa - Turijnmagazijn","robots":{"index":"index","follow":"follow","max-snippet":"max-snippet:-1","max-image-preview":"max-image-preview:large","max-video-preview":"max-video-preview:-1"},"canonical":"https:\/\/turijnmagazijn.nl\/fr\/produit\/switch-mirror-control-with-fold-function-lancia-kappa\/","og_locale":"fr_FR","og_type":"article","og_title":"Commutateur Contr\u00f4le du r\u00e9troviseur avec fonction de pliage Lancia Kappa - Turijnmagazijn","og_description":"177260480 Unit\u00e9 de contr\u00f4le des r\u00e9troviseurs Lancia Kappa - Panneau de contr\u00f4le pour le r\u00e9glage des r\u00e9troviseurs ext\u00e9rieurs \u00e0 partir de la console centrale pour Lancia Kappa.Switch Unit\u00e9 de contr\u00f4le des r\u00e9troviseurs Lancia Kappa - Panneau de contr\u00f4le pour le r\u00e9glage des r\u00e9troviseurs ext\u00e9rieurs \u00e0 partir de la console centrale pour Lancia Kappa.","og_url":"https:\/\/turijnmagazijn.nl\/fr\/produit\/switch-mirror-control-with-fold-function-lancia-kappa\/","og_site_name":"Turijnmagazijn","article_publisher":"https:\/\/www.facebook.com\/turijnmagazijn","article_modified_time":"2025-11-16T16:29:43+00:00","og_image":[{"width":1024,"height":768,"url":"https:\/\/turijnmagazijn.nl\/wp-content\/uploads\/2023\/03\/DK00102373-Schakelaar-Spiegelbediening-met-inklapfunctie-Lancia-Kappa-2-1.jpg","type":"image\/jpeg"}],"twitter_card":"summary_large_image","schema":{"@context":"https:\/\/schema.org","@graph":[{"@type":"WebPage","@id":"https:\/\/turijnmagazijn.nl\/fr\/produit\/switch-mirror-control-with-fold-function-lancia-kappa\/","url":"https:\/\/turijnmagazijn.nl\/fr\/produit\/switch-mirror-control-with-fold-function-lancia-kappa\/","name":"Commutateur Contr\u00f4le du r\u00e9troviseur avec fonction de pliage Lancia Kappa - Turijnmagazijn","isPartOf":{"@id":"https:\/\/turijnmagazijn.jumpstone-dev.nl\/#website"},"primaryImageOfPage":{"@id":"https:\/\/turijnmagazijn.nl\/fr\/produit\/switch-mirror-control-with-fold-function-lancia-kappa\/#primaryimage"},"image":{"@id":"https:\/\/turijnmagazijn.nl\/fr\/produit\/switch-mirror-control-with-fold-function-lancia-kappa\/#primaryimage"},"thumbnailUrl":"https:\/\/turijnmagazijn.nl\/wp-content\/uploads\/2023\/03\/DK00102373-Schakelaar-Spiegelbediening-met-inklapfunctie-Lancia-Kappa-2-1.jpg","datePublished":"2023-03-03T08:23:05+00:00","dateModified":"2025-11-16T16:29:43+00:00","breadcrumb":{"@id":"https:\/\/turijnmagazijn.nl\/fr\/produit\/switch-mirror-control-with-fold-function-lancia-kappa\/#breadcrumb"},"inLanguage":"fr-FR","potentialAction":[{"@type":"ReadAction","target":["https:\/\/turijnmagazijn.nl\/fr\/produit\/switch-mirror-control-with-fold-function-lancia-kappa\/"]}]},{"@type":"ImageObject","inLanguage":"fr-FR","@id":"https:\/\/turijnmagazijn.nl\/fr\/produit\/switch-mirror-control-with-fold-function-lancia-kappa\/#primaryimage","url":"https:\/\/turijnmagazijn.nl\/wp-content\/uploads\/2023\/03\/DK00102373-Schakelaar-Spiegelbediening-met-inklapfunctie-Lancia-Kappa-2-1.jpg","contentUrl":"https:\/\/turijnmagazijn.nl\/wp-content\/uploads\/2023\/03\/DK00102373-Schakelaar-Spiegelbediening-met-inklapfunctie-Lancia-Kappa-2-1.jpg","width":1024,"height":768},{"@type":"BreadcrumbList","@id":"https:\/\/turijnmagazijn.nl\/fr\/produit\/switch-mirror-control-with-fold-function-lancia-kappa\/#breadcrumb","itemListElement":[{"@type":"ListItem","position":1,"name":"Home","item":"https:\/\/turijnmagazijn.nl\/fr\/"},{"@type":"ListItem","position":2,"name":"Produits","item":"https:\/\/turijnmagazijn.nl\/fr\/shop\/"},{"@type":"ListItem","position":3,"name":"Commutateur Contr\u00f4le du r\u00e9troviseur avec fonction de pliage Lancia Kappa"}]},{"@type":"WebSite","@id":"https:\/\/turijnmagazijn.jumpstone-dev.nl\/#website","url":"https:\/\/turijnmagazijn.jumpstone-dev.nl\/","name":"Turijnmagazijn","description":"Onderdelen nieuw en gebruikt - Fiat &amp; Lancia","publisher":{"@id":"https:\/\/turijnmagazijn.jumpstone-dev.nl\/#organization"},"potentialAction":[{"@type":"SearchAction","target":{"@type":"EntryPoint","urlTemplate":"https:\/\/turijnmagazijn.jumpstone-dev.nl\/?s={search_term_string}"},"query-input":{"@type":"PropertyValueSpecification","valueRequired":true,"valueName":"search_term_string"}}],"inLanguage":"fr-FR"},{"@type":"Organization","@id":"https:\/\/turijnmagazijn.jumpstone-dev.nl\/#organization","name":"Turijnmagazijn","url":"https:\/\/turijnmagazijn.jumpstone-dev.nl\/","logo":{"@type":"ImageObject","inLanguage":"fr-FR","@id":"https:\/\/turijnmagazijn.jumpstone-dev.nl\/#\/schema\/logo\/image\/","url":"https:\/\/turijnmagazijn.nl\/wp-content\/uploads\/2021\/02\/turijnmagazijnlogo.png","contentUrl":"https:\/\/turijnmagazijn.nl\/wp-content\/uploads\/2021\/02\/turijnmagazijnlogo.png","width":555,"height":270,"caption":"Turijnmagazijn"},"image":{"@id":"https:\/\/turijnmagazijn.jumpstone-dev.nl\/#\/schema\/logo\/image\/"},"sameAs":["https:\/\/www.facebook.com\/turijnmagazijn"]}]}},"_links":{"self":[{"href":"https:\/\/turijnmagazijn.nl\/fr\/wp-json\/wp\/v2\/product\/65229","targetHints":{"allow":["GET"]}}],"collection":[{"href":"https:\/\/turijnmagazijn.nl\/fr\/wp-json\/wp\/v2\/product"}],"about":[{"href":"https:\/\/turijnmagazijn.nl\/fr\/wp-json\/wp\/v2\/types\/product"}],"replies":[{"embeddable":true,"href":"https:\/\/turijnmagazijn.nl\/fr\/wp-json\/wp\/v2\/comments?post=65229"}],"wp:featuredmedia":[{"embeddable":true,"href":"https:\/\/turijnmagazijn.nl\/fr\/wp-json\/wp\/v2\/media\/49384"}],"wp:attachment":[{"href":"https:\/\/turijnmagazijn.nl\/fr\/wp-json\/wp\/v2\/media?parent=65229"}],"wp:term":[{"taxonomy":"product_brand","embeddable":true,"href":"https:\/\/turijnmagazijn.nl\/fr\/wp-json\/wp\/v2\/product_brand?post=65229"},{"taxonomy":"product_cat","embeddable":true,"href":"https:\/\/turijnmagazijn.nl\/fr\/wp-json\/wp\/v2\/product_cat?post=65229"},{"taxonomy":"product_tag","embeddable":true,"href":"https:\/\/turijnmagazijn.nl\/fr\/wp-json\/wp\/v2\/product_tag?post=65229"}],"curies":[{"name":"wp","href":"https:\/\/api.w.org\/{rel}","templated":true}]}}