{"id":65236,"date":"2023-03-03T09:23:29","date_gmt":"2023-03-03T08:23:29","guid":{"rendered":"https:\/\/turijnmagazijn.nl\/product\/briquet-12-volts-lancia-kappa\/"},"modified":"2025-12-30T11:13:28","modified_gmt":"2025-12-30T10:13:28","slug":"allume-cigare-12-volts-lancia-kappa","status":"publish","type":"product","link":"https:\/\/turijnmagazijn.nl\/fr\/produit\/allume-cigare-12-volts-lancia-kappa\/","title":{"rendered":"Briquet 12 volts Lancia Kappa"},"content":{"rendered":"<p>Briquet 12 volts original pour Lancia Kappa Delta I, Lancia Thema et Lancia Lybra. Il s\u2019agit d\u2019un allume-cigare usag\u00e9, mais en bon \u00e9tat de fonctionnement pour le 12 volts plus dans le tableau de bord. D\u2019un coup\u00e9 Kappa construit en 1998. Logo de cigarette en <span style=\"font-weight: bold;\">VERT <\/span>imprim\u00e9. Sur les voitures mentionn\u00e9es, vous trouverez parfois l&rsquo;original imprim\u00e9 en blanc, mais le briquet convient \u00e9galement \u00e0 tous les autres mod\u00e8les Fiat Lancia avec le m\u00eame briquet imprim\u00e9 en vert.  <\/p>\n<ul>\n<li>Alfa Romeo MiTo<\/li>\n<li>Alfa Romeo Giulietta<\/li>\n<li>Alfa Romeo GT<\/li>\n<li>Alfa Romeo GTV &amp; Spider<\/li>\n<li>Alfa Romeo 145<\/li>\n<li>Alfa Romeo 146<\/li>\n<li>Alfa Romeo 155<\/li>\n<li>Alfa Romeo 156 (jusqu\u2019en 2002)<\/li>\n<li>Alfa Romeo 164 (1992+)<\/li>\n<li>Alfa Romeo 166<\/li>\n<li>Alfa Romeo 33<\/li>\n<li>Fiat Grande Punto<\/li>\n<li>Fiat Punto Evo<\/li>\n<li>Fiat Barchetta<\/li>\n<li>Id\u00e9e Fiat<\/li>\n<li>Fiat Bravo (2007+)<\/li>\n<li>Fiat Panda (2003-2012)<\/li>\n<li>Fiat Panda (2012+)<\/li>\n<li>Fiat Seicento<\/li>\n<li>Fiat Stilo<\/li>\n<li>Fiat Tipo<\/li>\n<li>Fiat Tempra<\/li>\n<li>Fiat Uno (1990+)<\/li>\n<li>Lancia Delta (1986-1993)<\/li>\n<li>Lancia Dedra<\/li>\n<li>Lancia Kappa<\/li>\n<li>Lancia Y10<\/li>\n<\/ul>\n<p>  OEM Lancia 712141080 <span style=\"text-align: -webkit-right;\">OEM<\/span> ALFA ROMEO <span style=\"text-align: -webkit-right;\">60587757<\/span> OEM ALFA ROMEO <span style=\"text-align: -webkit-right;\">60807649<\/span> OEM ALFA ROMEO <span style=\"text-align: -webkit-right;\">60810379 <\/span> OEM FIAT 46303497 <span style=\"text-align: -webkit-right;\">OEM FIAT 735305388<\/span><\/p>\n<p>&nbsp;<\/p>\n","protected":false},"excerpt":{"rendered":"<p>712141080 Briquet 12 volts Lancia Delta I Theme Lybra &#8211; Briquet 12 volts original pour Lancia Delta I, Lancia Thema et Lancia Lybra.Briquet 12 volts Lancia Kappa &#8211; Briquet 12 volts original pour Lancia Kappa Delta I, La<\/p>\n","protected":false},"featured_media":49528,"comment_status":"closed","ping_status":"closed","template":"","meta":{"_acf_changed":false},"product_brand":[],"product_cat":[1597,1613,1582,1702,1865,1719,1802,1806,1690,1731,1631,1636,1830,1860,1798,1738,1763,1870,1779,1781,1786],"product_tag":[],"class_list":{"0":"post-65236","1":"product","2":"type-product","3":"status-publish","4":"has-post-thumbnail","6":"product_cat-145-930a-fr","7":"product_cat-156-932-fr","8":"product_cat-alfa-romeo-fr","9":"product_cat-barchetta-183-fr","10":"product_cat-coupe-fr","11":"product_cat-coupe-175-fr","12":"product_cat-dedra-835-fr","13":"product_cat-delta-1-831-fr","14":"product_cat-fiat-fr","15":"product_cat-grande-punto-199-fr","16":"product_cat-gt-937-fr","17":"product_cat-gtv-916-fr","18":"product_cat-integrale-8v-fr","19":"product_cat-kappa-838-fr","20":"product_cat-lancia-fr","21":"product_cat-multipla-186-fr","22":"product_cat-stilo-192-fr","23":"product_cat-sw-fr","24":"product_cat-tempra-159-fr","25":"product_cat-tipo-1-160-fr","26":"product_cat-uno-1-146-fr","27":"pa_soort-onderdeel-electronique-et-cables","28":"pa_soort-onderdeel-petit-materiel","30":"first","31":"instock","32":"shipping-taxable","33":"purchasable","34":"product-type-simple"},"acf":[],"yoast_head":"<!-- This site is optimized with the Yoast SEO plugin v27.3 - https:\/\/yoast.com\/product\/yoast-seo-wordpress\/ -->\n<title>Briquet 12 volts Lancia Kappa - Turijnmagazijn<\/title>\n<meta name=\"robots\" content=\"index, follow, max-snippet:-1, max-image-preview:large, max-video-preview:-1\" \/>\n<link rel=\"canonical\" href=\"https:\/\/turijnmagazijn.nl\/fr\/produit\/allume-cigare-12-volts-lancia-kappa\/\" \/>\n<meta property=\"og:locale\" content=\"fr_FR\" \/>\n<meta property=\"og:type\" content=\"article\" \/>\n<meta property=\"og:title\" content=\"Briquet 12 volts Lancia Kappa - Turijnmagazijn\" \/>\n<meta property=\"og:description\" content=\"712141080 Briquet 12 volts Lancia Delta I Theme Lybra - Briquet 12 volts original pour Lancia Delta I, Lancia Thema et Lancia Lybra.Briquet 12 volts Lancia Kappa - Briquet 12 volts original pour Lancia Kappa Delta I, La\" \/>\n<meta property=\"og:url\" content=\"https:\/\/turijnmagazijn.nl\/fr\/produit\/allume-cigare-12-volts-lancia-kappa\/\" \/>\n<meta property=\"og:site_name\" content=\"Turijnmagazijn\" \/>\n<meta property=\"article:publisher\" content=\"https:\/\/www.facebook.com\/turijnmagazijn\" \/>\n<meta property=\"article:modified_time\" content=\"2025-12-30T10:13:28+00:00\" \/>\n<meta property=\"og:image\" content=\"https:\/\/turijnmagazijn.nl\/wp-content\/uploads\/2023\/03\/DK0010237720Sigarettenaansteker201220volt20Lancia20Kappa204.jpg\" \/>\n\t<meta property=\"og:image:width\" content=\"1024\" \/>\n\t<meta property=\"og:image:height\" content=\"768\" \/>\n\t<meta property=\"og:image:type\" content=\"image\/jpeg\" \/>\n<meta name=\"twitter:card\" content=\"summary_large_image\" \/>\n<meta name=\"twitter:label1\" content=\"Dur\u00e9e de lecture estim\u00e9e\" \/>\n\t<meta name=\"twitter:data1\" content=\"1 minute\" \/>\n<script type=\"application\/ld+json\" class=\"yoast-schema-graph\">{\"@context\":\"https:\\\/\\\/schema.org\",\"@graph\":[{\"@type\":\"WebPage\",\"@id\":\"https:\\\/\\\/turijnmagazijn.nl\\\/fr\\\/produit\\\/allume-cigare-12-volts-lancia-kappa\\\/\",\"url\":\"https:\\\/\\\/turijnmagazijn.nl\\\/fr\\\/produit\\\/allume-cigare-12-volts-lancia-kappa\\\/\",\"name\":\"Briquet 12 volts Lancia Kappa - Turijnmagazijn\",\"isPartOf\":{\"@id\":\"https:\\\/\\\/turijnmagazijn.jumpstone-dev.nl\\\/#website\"},\"primaryImageOfPage\":{\"@id\":\"https:\\\/\\\/turijnmagazijn.nl\\\/fr\\\/produit\\\/allume-cigare-12-volts-lancia-kappa\\\/#primaryimage\"},\"image\":{\"@id\":\"https:\\\/\\\/turijnmagazijn.nl\\\/fr\\\/produit\\\/allume-cigare-12-volts-lancia-kappa\\\/#primaryimage\"},\"thumbnailUrl\":\"https:\\\/\\\/turijnmagazijn.nl\\\/wp-content\\\/uploads\\\/2023\\\/03\\\/DK0010237720Sigarettenaansteker201220volt20Lancia20Kappa204.jpg\",\"datePublished\":\"2023-03-03T08:23:29+00:00\",\"dateModified\":\"2025-12-30T10:13:28+00:00\",\"breadcrumb\":{\"@id\":\"https:\\\/\\\/turijnmagazijn.nl\\\/fr\\\/produit\\\/allume-cigare-12-volts-lancia-kappa\\\/#breadcrumb\"},\"inLanguage\":\"fr-FR\",\"potentialAction\":[{\"@type\":\"ReadAction\",\"target\":[\"https:\\\/\\\/turijnmagazijn.nl\\\/fr\\\/produit\\\/allume-cigare-12-volts-lancia-kappa\\\/\"]}]},{\"@type\":\"ImageObject\",\"inLanguage\":\"fr-FR\",\"@id\":\"https:\\\/\\\/turijnmagazijn.nl\\\/fr\\\/produit\\\/allume-cigare-12-volts-lancia-kappa\\\/#primaryimage\",\"url\":\"https:\\\/\\\/turijnmagazijn.nl\\\/wp-content\\\/uploads\\\/2023\\\/03\\\/DK0010237720Sigarettenaansteker201220volt20Lancia20Kappa204.jpg\",\"contentUrl\":\"https:\\\/\\\/turijnmagazijn.nl\\\/wp-content\\\/uploads\\\/2023\\\/03\\\/DK0010237720Sigarettenaansteker201220volt20Lancia20Kappa204.jpg\",\"width\":1024,\"height\":768},{\"@type\":\"BreadcrumbList\",\"@id\":\"https:\\\/\\\/turijnmagazijn.nl\\\/fr\\\/produit\\\/allume-cigare-12-volts-lancia-kappa\\\/#breadcrumb\",\"itemListElement\":[{\"@type\":\"ListItem\",\"position\":1,\"name\":\"Home\",\"item\":\"https:\\\/\\\/turijnmagazijn.nl\\\/fr\\\/\"},{\"@type\":\"ListItem\",\"position\":2,\"name\":\"Produits\",\"item\":\"https:\\\/\\\/turijnmagazijn.nl\\\/fr\\\/shop\\\/\"},{\"@type\":\"ListItem\",\"position\":3,\"name\":\"Briquet 12 volts Lancia Kappa\"}]},{\"@type\":\"WebSite\",\"@id\":\"https:\\\/\\\/turijnmagazijn.jumpstone-dev.nl\\\/#website\",\"url\":\"https:\\\/\\\/turijnmagazijn.jumpstone-dev.nl\\\/\",\"name\":\"Turijnmagazijn\",\"description\":\"Onderdelen nieuw en gebruikt - Fiat &amp; Lancia\",\"publisher\":{\"@id\":\"https:\\\/\\\/turijnmagazijn.jumpstone-dev.nl\\\/#organization\"},\"potentialAction\":[{\"@type\":\"SearchAction\",\"target\":{\"@type\":\"EntryPoint\",\"urlTemplate\":\"https:\\\/\\\/turijnmagazijn.jumpstone-dev.nl\\\/?s={search_term_string}\"},\"query-input\":{\"@type\":\"PropertyValueSpecification\",\"valueRequired\":true,\"valueName\":\"search_term_string\"}}],\"inLanguage\":\"fr-FR\"},{\"@type\":\"Organization\",\"@id\":\"https:\\\/\\\/turijnmagazijn.jumpstone-dev.nl\\\/#organization\",\"name\":\"Turijnmagazijn\",\"url\":\"https:\\\/\\\/turijnmagazijn.jumpstone-dev.nl\\\/\",\"logo\":{\"@type\":\"ImageObject\",\"inLanguage\":\"fr-FR\",\"@id\":\"https:\\\/\\\/turijnmagazijn.jumpstone-dev.nl\\\/#\\\/schema\\\/logo\\\/image\\\/\",\"url\":\"https:\\\/\\\/turijnmagazijn.nl\\\/wp-content\\\/uploads\\\/2021\\\/02\\\/turijnmagazijnlogo.png\",\"contentUrl\":\"https:\\\/\\\/turijnmagazijn.nl\\\/wp-content\\\/uploads\\\/2021\\\/02\\\/turijnmagazijnlogo.png\",\"width\":555,\"height\":270,\"caption\":\"Turijnmagazijn\"},\"image\":{\"@id\":\"https:\\\/\\\/turijnmagazijn.jumpstone-dev.nl\\\/#\\\/schema\\\/logo\\\/image\\\/\"},\"sameAs\":[\"https:\\\/\\\/www.facebook.com\\\/turijnmagazijn\"]}]}<\/script>\n<!-- \/ Yoast SEO plugin. -->","yoast_head_json":{"title":"Briquet 12 volts Lancia Kappa - Turijnmagazijn","robots":{"index":"index","follow":"follow","max-snippet":"max-snippet:-1","max-image-preview":"max-image-preview:large","max-video-preview":"max-video-preview:-1"},"canonical":"https:\/\/turijnmagazijn.nl\/fr\/produit\/allume-cigare-12-volts-lancia-kappa\/","og_locale":"fr_FR","og_type":"article","og_title":"Briquet 12 volts Lancia Kappa - Turijnmagazijn","og_description":"712141080 Briquet 12 volts Lancia Delta I Theme Lybra - Briquet 12 volts original pour Lancia Delta I, Lancia Thema et Lancia Lybra.Briquet 12 volts Lancia Kappa - Briquet 12 volts original pour Lancia Kappa Delta I, La","og_url":"https:\/\/turijnmagazijn.nl\/fr\/produit\/allume-cigare-12-volts-lancia-kappa\/","og_site_name":"Turijnmagazijn","article_publisher":"https:\/\/www.facebook.com\/turijnmagazijn","article_modified_time":"2025-12-30T10:13:28+00:00","og_image":[{"width":1024,"height":768,"url":"https:\/\/turijnmagazijn.nl\/wp-content\/uploads\/2023\/03\/DK0010237720Sigarettenaansteker201220volt20Lancia20Kappa204.jpg","type":"image\/jpeg"}],"twitter_card":"summary_large_image","twitter_misc":{"Dur\u00e9e de lecture estim\u00e9e":"1 minute"},"schema":{"@context":"https:\/\/schema.org","@graph":[{"@type":"WebPage","@id":"https:\/\/turijnmagazijn.nl\/fr\/produit\/allume-cigare-12-volts-lancia-kappa\/","url":"https:\/\/turijnmagazijn.nl\/fr\/produit\/allume-cigare-12-volts-lancia-kappa\/","name":"Briquet 12 volts Lancia Kappa - Turijnmagazijn","isPartOf":{"@id":"https:\/\/turijnmagazijn.jumpstone-dev.nl\/#website"},"primaryImageOfPage":{"@id":"https:\/\/turijnmagazijn.nl\/fr\/produit\/allume-cigare-12-volts-lancia-kappa\/#primaryimage"},"image":{"@id":"https:\/\/turijnmagazijn.nl\/fr\/produit\/allume-cigare-12-volts-lancia-kappa\/#primaryimage"},"thumbnailUrl":"https:\/\/turijnmagazijn.nl\/wp-content\/uploads\/2023\/03\/DK0010237720Sigarettenaansteker201220volt20Lancia20Kappa204.jpg","datePublished":"2023-03-03T08:23:29+00:00","dateModified":"2025-12-30T10:13:28+00:00","breadcrumb":{"@id":"https:\/\/turijnmagazijn.nl\/fr\/produit\/allume-cigare-12-volts-lancia-kappa\/#breadcrumb"},"inLanguage":"fr-FR","potentialAction":[{"@type":"ReadAction","target":["https:\/\/turijnmagazijn.nl\/fr\/produit\/allume-cigare-12-volts-lancia-kappa\/"]}]},{"@type":"ImageObject","inLanguage":"fr-FR","@id":"https:\/\/turijnmagazijn.nl\/fr\/produit\/allume-cigare-12-volts-lancia-kappa\/#primaryimage","url":"https:\/\/turijnmagazijn.nl\/wp-content\/uploads\/2023\/03\/DK0010237720Sigarettenaansteker201220volt20Lancia20Kappa204.jpg","contentUrl":"https:\/\/turijnmagazijn.nl\/wp-content\/uploads\/2023\/03\/DK0010237720Sigarettenaansteker201220volt20Lancia20Kappa204.jpg","width":1024,"height":768},{"@type":"BreadcrumbList","@id":"https:\/\/turijnmagazijn.nl\/fr\/produit\/allume-cigare-12-volts-lancia-kappa\/#breadcrumb","itemListElement":[{"@type":"ListItem","position":1,"name":"Home","item":"https:\/\/turijnmagazijn.nl\/fr\/"},{"@type":"ListItem","position":2,"name":"Produits","item":"https:\/\/turijnmagazijn.nl\/fr\/shop\/"},{"@type":"ListItem","position":3,"name":"Briquet 12 volts Lancia Kappa"}]},{"@type":"WebSite","@id":"https:\/\/turijnmagazijn.jumpstone-dev.nl\/#website","url":"https:\/\/turijnmagazijn.jumpstone-dev.nl\/","name":"Turijnmagazijn","description":"Onderdelen nieuw en gebruikt - Fiat &amp; Lancia","publisher":{"@id":"https:\/\/turijnmagazijn.jumpstone-dev.nl\/#organization"},"potentialAction":[{"@type":"SearchAction","target":{"@type":"EntryPoint","urlTemplate":"https:\/\/turijnmagazijn.jumpstone-dev.nl\/?s={search_term_string}"},"query-input":{"@type":"PropertyValueSpecification","valueRequired":true,"valueName":"search_term_string"}}],"inLanguage":"fr-FR"},{"@type":"Organization","@id":"https:\/\/turijnmagazijn.jumpstone-dev.nl\/#organization","name":"Turijnmagazijn","url":"https:\/\/turijnmagazijn.jumpstone-dev.nl\/","logo":{"@type":"ImageObject","inLanguage":"fr-FR","@id":"https:\/\/turijnmagazijn.jumpstone-dev.nl\/#\/schema\/logo\/image\/","url":"https:\/\/turijnmagazijn.nl\/wp-content\/uploads\/2021\/02\/turijnmagazijnlogo.png","contentUrl":"https:\/\/turijnmagazijn.nl\/wp-content\/uploads\/2021\/02\/turijnmagazijnlogo.png","width":555,"height":270,"caption":"Turijnmagazijn"},"image":{"@id":"https:\/\/turijnmagazijn.jumpstone-dev.nl\/#\/schema\/logo\/image\/"},"sameAs":["https:\/\/www.facebook.com\/turijnmagazijn"]}]}},"_links":{"self":[{"href":"https:\/\/turijnmagazijn.nl\/fr\/wp-json\/wp\/v2\/product\/65236","targetHints":{"allow":["GET"]}}],"collection":[{"href":"https:\/\/turijnmagazijn.nl\/fr\/wp-json\/wp\/v2\/product"}],"about":[{"href":"https:\/\/turijnmagazijn.nl\/fr\/wp-json\/wp\/v2\/types\/product"}],"replies":[{"embeddable":true,"href":"https:\/\/turijnmagazijn.nl\/fr\/wp-json\/wp\/v2\/comments?post=65236"}],"wp:featuredmedia":[{"embeddable":true,"href":"https:\/\/turijnmagazijn.nl\/fr\/wp-json\/wp\/v2\/media\/49528"}],"wp:attachment":[{"href":"https:\/\/turijnmagazijn.nl\/fr\/wp-json\/wp\/v2\/media?parent=65236"}],"wp:term":[{"taxonomy":"product_brand","embeddable":true,"href":"https:\/\/turijnmagazijn.nl\/fr\/wp-json\/wp\/v2\/product_brand?post=65236"},{"taxonomy":"product_cat","embeddable":true,"href":"https:\/\/turijnmagazijn.nl\/fr\/wp-json\/wp\/v2\/product_cat?post=65236"},{"taxonomy":"product_tag","embeddable":true,"href":"https:\/\/turijnmagazijn.nl\/fr\/wp-json\/wp\/v2\/product_tag?post=65236"}],"curies":[{"name":"wp","href":"https:\/\/api.w.org\/{rel}","templated":true}]}}