{"id":65281,"date":"2023-03-03T09:25:57","date_gmt":"2023-03-03T08:25:57","guid":{"rendered":"https:\/\/turijnmagazijn.nl\/product\/relais-noir-50a-alfa-lancia-fiat-bitron-46520419\/"},"modified":"2023-07-27T12:26:12","modified_gmt":"2023-07-27T10:26:12","slug":"relais-noir-50a-alpha-lancia-fiat-bitron-46520419","status":"publish","type":"product","link":"https:\/\/turijnmagazijn.nl\/fr\/produit\/relais-noir-50a-alpha-lancia-fiat-bitron-46520419\/","title":{"rendered":"Relais noir 50A Alfa Lancia Fiat Bitron 46520419"},"content":{"rendered":"<p>Relais usag\u00e9s d\u2019une Lancia Lybra de l\u2019an 2000.<\/p>\n<p>Ce type de relais 50 Amp\u00e8res a \u00e9t\u00e9 utilis\u00e9 sur de nombreux mod\u00e8les du groupe FCA, notamment:<\/p>\n<\/p>\n<ul>\n<li>Fiat Stilo<\/li>\n<li>Fiat Punto II<\/li>\n<li>Ferrari F360<\/li>\n<li>Lancia Lybra<\/li>\n<li>Lancia Musa<\/li>\n<li>Th\u00e8se Lanica<\/li>\n<li>Lancia ypsilon<\/li>\n<li>Alfa Romeo 147<\/li>\n<li>Alfa Romeo 156<\/li>\n<li>Alfa Romeo 166<\/li>\n<li>Alfa Romeo GTV<\/li>\n<li>Alfa Romeo Giulietta<\/li>\n<li>Fiat 500<\/li>\n<li>Fiat 500X<\/li>\n<li>Fiat 500L<\/li>\n<li>Coupe Fiat<\/li>\n<\/ul>\n<p><\/p>\n<p>OEM Alfa \/ Fiat \/ Lancia&nbsp;46520419<\/p>\n","protected":false},"excerpt":{"rendered":"<p>Relais noir 50A Alfa Lancia Fiat Bitron 46520419 &#8211; Relais d\u2019occasion d\u2019une Lancia Lybra construite en 2000.<\/p>\n","protected":false},"featured_media":49924,"comment_status":"open","ping_status":"closed","template":"","meta":{"_acf_changed":false},"product_brand":[],"product_cat":[1606,1650,1694,1700,1766,1769,1582,1719,1690,1631,1636,1798,1873,1774,1752,1763,1908,1917],"product_tag":[],"class_list":{"0":"post-65281","1":"product","2":"type-product","3":"status-publish","4":"has-post-thumbnail","6":"product_cat-147-937-fr","7":"product_cat-166-936-fr","8":"product_cat-500-312-fr","9":"product_cat-500x-334-fr","10":"product_cat-5drs-fr","11":"product_cat-abarth-3drs-fr","12":"product_cat-alfa-romeo-fr","13":"product_cat-coupe-175-fr","14":"product_cat-fiat-fr","15":"product_cat-gt-937-fr","16":"product_cat-gtv-916-fr","17":"product_cat-lancia-fr","18":"product_cat-lybra-839-fr","19":"product_cat-multiwagon-fr","20":"product_cat-punto-2-188-fr","21":"product_cat-stilo-192-fr","22":"product_cat-thesis-841-fr","23":"product_cat-ypsilon-2-843-fr","24":"pa_soort-onderdeel-electronique-et-cables","25":"pa_soort-onderdeel-tableau-de-bord-et-commutateurs","27":"first","28":"instock","29":"shipping-taxable","30":"purchasable","31":"product-type-simple"},"acf":[],"yoast_head":"<!-- This site is optimized with the Yoast SEO plugin v27.3 - https:\/\/yoast.com\/product\/yoast-seo-wordpress\/ -->\n<title>Relais noir 50A Alfa Lancia Fiat Bitron 46520419 - Turijnmagazijn<\/title>\n<meta name=\"robots\" content=\"index, follow, max-snippet:-1, max-image-preview:large, max-video-preview:-1\" \/>\n<link rel=\"canonical\" href=\"https:\/\/turijnmagazijn.nl\/fr\/produit\/relais-noir-50a-alpha-lancia-fiat-bitron-46520419\/\" \/>\n<meta property=\"og:locale\" content=\"fr_FR\" \/>\n<meta property=\"og:type\" content=\"article\" \/>\n<meta property=\"og:title\" content=\"Relais noir 50A Alfa Lancia Fiat Bitron 46520419 - Turijnmagazijn\" \/>\n<meta property=\"og:description\" content=\"Relais noir 50A Alfa Lancia Fiat Bitron 46520419 - Relais d\u2019occasion d\u2019une Lancia Lybra construite en 2000.\" \/>\n<meta property=\"og:url\" content=\"https:\/\/turijnmagazijn.nl\/fr\/produit\/relais-noir-50a-alpha-lancia-fiat-bitron-46520419\/\" \/>\n<meta property=\"og:site_name\" content=\"Turijnmagazijn\" \/>\n<meta property=\"article:publisher\" content=\"https:\/\/www.facebook.com\/turijnmagazijn\" \/>\n<meta property=\"article:modified_time\" content=\"2023-07-27T10:26:12+00:00\" \/>\n<meta property=\"og:image\" content=\"https:\/\/turijnmagazijn.nl\/wp-content\/uploads\/2023\/03\/DK00102398-Relais-zwart-50A-Alfa-Lancia-Fiat-Bitron-46520419-4-1.jpg\" \/>\n\t<meta property=\"og:image:width\" content=\"1024\" \/>\n\t<meta property=\"og:image:height\" content=\"768\" \/>\n\t<meta property=\"og:image:type\" content=\"image\/jpeg\" \/>\n<meta name=\"twitter:card\" content=\"summary_large_image\" \/>\n<script type=\"application\/ld+json\" class=\"yoast-schema-graph\">{\"@context\":\"https:\\\/\\\/schema.org\",\"@graph\":[{\"@type\":\"WebPage\",\"@id\":\"https:\\\/\\\/turijnmagazijn.nl\\\/fr\\\/produit\\\/relais-noir-50a-alpha-lancia-fiat-bitron-46520419\\\/\",\"url\":\"https:\\\/\\\/turijnmagazijn.nl\\\/fr\\\/produit\\\/relais-noir-50a-alpha-lancia-fiat-bitron-46520419\\\/\",\"name\":\"Relais noir 50A Alfa Lancia Fiat Bitron 46520419 - Turijnmagazijn\",\"isPartOf\":{\"@id\":\"https:\\\/\\\/turijnmagazijn.jumpstone-dev.nl\\\/#website\"},\"primaryImageOfPage\":{\"@id\":\"https:\\\/\\\/turijnmagazijn.nl\\\/fr\\\/produit\\\/relais-noir-50a-alpha-lancia-fiat-bitron-46520419\\\/#primaryimage\"},\"image\":{\"@id\":\"https:\\\/\\\/turijnmagazijn.nl\\\/fr\\\/produit\\\/relais-noir-50a-alpha-lancia-fiat-bitron-46520419\\\/#primaryimage\"},\"thumbnailUrl\":\"https:\\\/\\\/turijnmagazijn.nl\\\/wp-content\\\/uploads\\\/2023\\\/03\\\/DK00102398-Relais-zwart-50A-Alfa-Lancia-Fiat-Bitron-46520419-4-1.jpg\",\"datePublished\":\"2023-03-03T08:25:57+00:00\",\"dateModified\":\"2023-07-27T10:26:12+00:00\",\"breadcrumb\":{\"@id\":\"https:\\\/\\\/turijnmagazijn.nl\\\/fr\\\/produit\\\/relais-noir-50a-alpha-lancia-fiat-bitron-46520419\\\/#breadcrumb\"},\"inLanguage\":\"fr-FR\",\"potentialAction\":[{\"@type\":\"ReadAction\",\"target\":[\"https:\\\/\\\/turijnmagazijn.nl\\\/fr\\\/produit\\\/relais-noir-50a-alpha-lancia-fiat-bitron-46520419\\\/\"]}]},{\"@type\":\"ImageObject\",\"inLanguage\":\"fr-FR\",\"@id\":\"https:\\\/\\\/turijnmagazijn.nl\\\/fr\\\/produit\\\/relais-noir-50a-alpha-lancia-fiat-bitron-46520419\\\/#primaryimage\",\"url\":\"https:\\\/\\\/turijnmagazijn.nl\\\/wp-content\\\/uploads\\\/2023\\\/03\\\/DK00102398-Relais-zwart-50A-Alfa-Lancia-Fiat-Bitron-46520419-4-1.jpg\",\"contentUrl\":\"https:\\\/\\\/turijnmagazijn.nl\\\/wp-content\\\/uploads\\\/2023\\\/03\\\/DK00102398-Relais-zwart-50A-Alfa-Lancia-Fiat-Bitron-46520419-4-1.jpg\",\"width\":1024,\"height\":768},{\"@type\":\"BreadcrumbList\",\"@id\":\"https:\\\/\\\/turijnmagazijn.nl\\\/fr\\\/produit\\\/relais-noir-50a-alpha-lancia-fiat-bitron-46520419\\\/#breadcrumb\",\"itemListElement\":[{\"@type\":\"ListItem\",\"position\":1,\"name\":\"Home\",\"item\":\"https:\\\/\\\/turijnmagazijn.nl\\\/fr\\\/\"},{\"@type\":\"ListItem\",\"position\":2,\"name\":\"Produits\",\"item\":\"https:\\\/\\\/turijnmagazijn.nl\\\/fr\\\/shop\\\/\"},{\"@type\":\"ListItem\",\"position\":3,\"name\":\"Relais noir 50A Alfa Lancia Fiat Bitron 46520419\"}]},{\"@type\":\"WebSite\",\"@id\":\"https:\\\/\\\/turijnmagazijn.jumpstone-dev.nl\\\/#website\",\"url\":\"https:\\\/\\\/turijnmagazijn.jumpstone-dev.nl\\\/\",\"name\":\"Turijnmagazijn\",\"description\":\"Onderdelen nieuw en gebruikt - Fiat &amp; Lancia\",\"publisher\":{\"@id\":\"https:\\\/\\\/turijnmagazijn.jumpstone-dev.nl\\\/#organization\"},\"potentialAction\":[{\"@type\":\"SearchAction\",\"target\":{\"@type\":\"EntryPoint\",\"urlTemplate\":\"https:\\\/\\\/turijnmagazijn.jumpstone-dev.nl\\\/?s={search_term_string}\"},\"query-input\":{\"@type\":\"PropertyValueSpecification\",\"valueRequired\":true,\"valueName\":\"search_term_string\"}}],\"inLanguage\":\"fr-FR\"},{\"@type\":\"Organization\",\"@id\":\"https:\\\/\\\/turijnmagazijn.jumpstone-dev.nl\\\/#organization\",\"name\":\"Turijnmagazijn\",\"url\":\"https:\\\/\\\/turijnmagazijn.jumpstone-dev.nl\\\/\",\"logo\":{\"@type\":\"ImageObject\",\"inLanguage\":\"fr-FR\",\"@id\":\"https:\\\/\\\/turijnmagazijn.jumpstone-dev.nl\\\/#\\\/schema\\\/logo\\\/image\\\/\",\"url\":\"https:\\\/\\\/turijnmagazijn.nl\\\/wp-content\\\/uploads\\\/2021\\\/02\\\/turijnmagazijnlogo.png\",\"contentUrl\":\"https:\\\/\\\/turijnmagazijn.nl\\\/wp-content\\\/uploads\\\/2021\\\/02\\\/turijnmagazijnlogo.png\",\"width\":555,\"height\":270,\"caption\":\"Turijnmagazijn\"},\"image\":{\"@id\":\"https:\\\/\\\/turijnmagazijn.jumpstone-dev.nl\\\/#\\\/schema\\\/logo\\\/image\\\/\"},\"sameAs\":[\"https:\\\/\\\/www.facebook.com\\\/turijnmagazijn\"]}]}<\/script>\n<!-- \/ Yoast SEO plugin. -->","yoast_head_json":{"title":"Relais noir 50A Alfa Lancia Fiat Bitron 46520419 - Turijnmagazijn","robots":{"index":"index","follow":"follow","max-snippet":"max-snippet:-1","max-image-preview":"max-image-preview:large","max-video-preview":"max-video-preview:-1"},"canonical":"https:\/\/turijnmagazijn.nl\/fr\/produit\/relais-noir-50a-alpha-lancia-fiat-bitron-46520419\/","og_locale":"fr_FR","og_type":"article","og_title":"Relais noir 50A Alfa Lancia Fiat Bitron 46520419 - Turijnmagazijn","og_description":"Relais noir 50A Alfa Lancia Fiat Bitron 46520419 - Relais d\u2019occasion d\u2019une Lancia Lybra construite en 2000.","og_url":"https:\/\/turijnmagazijn.nl\/fr\/produit\/relais-noir-50a-alpha-lancia-fiat-bitron-46520419\/","og_site_name":"Turijnmagazijn","article_publisher":"https:\/\/www.facebook.com\/turijnmagazijn","article_modified_time":"2023-07-27T10:26:12+00:00","og_image":[{"width":1024,"height":768,"url":"https:\/\/turijnmagazijn.nl\/wp-content\/uploads\/2023\/03\/DK00102398-Relais-zwart-50A-Alfa-Lancia-Fiat-Bitron-46520419-4-1.jpg","type":"image\/jpeg"}],"twitter_card":"summary_large_image","schema":{"@context":"https:\/\/schema.org","@graph":[{"@type":"WebPage","@id":"https:\/\/turijnmagazijn.nl\/fr\/produit\/relais-noir-50a-alpha-lancia-fiat-bitron-46520419\/","url":"https:\/\/turijnmagazijn.nl\/fr\/produit\/relais-noir-50a-alpha-lancia-fiat-bitron-46520419\/","name":"Relais noir 50A Alfa Lancia Fiat Bitron 46520419 - Turijnmagazijn","isPartOf":{"@id":"https:\/\/turijnmagazijn.jumpstone-dev.nl\/#website"},"primaryImageOfPage":{"@id":"https:\/\/turijnmagazijn.nl\/fr\/produit\/relais-noir-50a-alpha-lancia-fiat-bitron-46520419\/#primaryimage"},"image":{"@id":"https:\/\/turijnmagazijn.nl\/fr\/produit\/relais-noir-50a-alpha-lancia-fiat-bitron-46520419\/#primaryimage"},"thumbnailUrl":"https:\/\/turijnmagazijn.nl\/wp-content\/uploads\/2023\/03\/DK00102398-Relais-zwart-50A-Alfa-Lancia-Fiat-Bitron-46520419-4-1.jpg","datePublished":"2023-03-03T08:25:57+00:00","dateModified":"2023-07-27T10:26:12+00:00","breadcrumb":{"@id":"https:\/\/turijnmagazijn.nl\/fr\/produit\/relais-noir-50a-alpha-lancia-fiat-bitron-46520419\/#breadcrumb"},"inLanguage":"fr-FR","potentialAction":[{"@type":"ReadAction","target":["https:\/\/turijnmagazijn.nl\/fr\/produit\/relais-noir-50a-alpha-lancia-fiat-bitron-46520419\/"]}]},{"@type":"ImageObject","inLanguage":"fr-FR","@id":"https:\/\/turijnmagazijn.nl\/fr\/produit\/relais-noir-50a-alpha-lancia-fiat-bitron-46520419\/#primaryimage","url":"https:\/\/turijnmagazijn.nl\/wp-content\/uploads\/2023\/03\/DK00102398-Relais-zwart-50A-Alfa-Lancia-Fiat-Bitron-46520419-4-1.jpg","contentUrl":"https:\/\/turijnmagazijn.nl\/wp-content\/uploads\/2023\/03\/DK00102398-Relais-zwart-50A-Alfa-Lancia-Fiat-Bitron-46520419-4-1.jpg","width":1024,"height":768},{"@type":"BreadcrumbList","@id":"https:\/\/turijnmagazijn.nl\/fr\/produit\/relais-noir-50a-alpha-lancia-fiat-bitron-46520419\/#breadcrumb","itemListElement":[{"@type":"ListItem","position":1,"name":"Home","item":"https:\/\/turijnmagazijn.nl\/fr\/"},{"@type":"ListItem","position":2,"name":"Produits","item":"https:\/\/turijnmagazijn.nl\/fr\/shop\/"},{"@type":"ListItem","position":3,"name":"Relais noir 50A Alfa Lancia Fiat Bitron 46520419"}]},{"@type":"WebSite","@id":"https:\/\/turijnmagazijn.jumpstone-dev.nl\/#website","url":"https:\/\/turijnmagazijn.jumpstone-dev.nl\/","name":"Turijnmagazijn","description":"Onderdelen nieuw en gebruikt - Fiat &amp; Lancia","publisher":{"@id":"https:\/\/turijnmagazijn.jumpstone-dev.nl\/#organization"},"potentialAction":[{"@type":"SearchAction","target":{"@type":"EntryPoint","urlTemplate":"https:\/\/turijnmagazijn.jumpstone-dev.nl\/?s={search_term_string}"},"query-input":{"@type":"PropertyValueSpecification","valueRequired":true,"valueName":"search_term_string"}}],"inLanguage":"fr-FR"},{"@type":"Organization","@id":"https:\/\/turijnmagazijn.jumpstone-dev.nl\/#organization","name":"Turijnmagazijn","url":"https:\/\/turijnmagazijn.jumpstone-dev.nl\/","logo":{"@type":"ImageObject","inLanguage":"fr-FR","@id":"https:\/\/turijnmagazijn.jumpstone-dev.nl\/#\/schema\/logo\/image\/","url":"https:\/\/turijnmagazijn.nl\/wp-content\/uploads\/2021\/02\/turijnmagazijnlogo.png","contentUrl":"https:\/\/turijnmagazijn.nl\/wp-content\/uploads\/2021\/02\/turijnmagazijnlogo.png","width":555,"height":270,"caption":"Turijnmagazijn"},"image":{"@id":"https:\/\/turijnmagazijn.jumpstone-dev.nl\/#\/schema\/logo\/image\/"},"sameAs":["https:\/\/www.facebook.com\/turijnmagazijn"]}]}},"_links":{"self":[{"href":"https:\/\/turijnmagazijn.nl\/fr\/wp-json\/wp\/v2\/product\/65281","targetHints":{"allow":["GET"]}}],"collection":[{"href":"https:\/\/turijnmagazijn.nl\/fr\/wp-json\/wp\/v2\/product"}],"about":[{"href":"https:\/\/turijnmagazijn.nl\/fr\/wp-json\/wp\/v2\/types\/product"}],"replies":[{"embeddable":true,"href":"https:\/\/turijnmagazijn.nl\/fr\/wp-json\/wp\/v2\/comments?post=65281"}],"wp:featuredmedia":[{"embeddable":true,"href":"https:\/\/turijnmagazijn.nl\/fr\/wp-json\/wp\/v2\/media\/49924"}],"wp:attachment":[{"href":"https:\/\/turijnmagazijn.nl\/fr\/wp-json\/wp\/v2\/media?parent=65281"}],"wp:term":[{"taxonomy":"product_brand","embeddable":true,"href":"https:\/\/turijnmagazijn.nl\/fr\/wp-json\/wp\/v2\/product_brand?post=65281"},{"taxonomy":"product_cat","embeddable":true,"href":"https:\/\/turijnmagazijn.nl\/fr\/wp-json\/wp\/v2\/product_cat?post=65281"},{"taxonomy":"product_tag","embeddable":true,"href":"https:\/\/turijnmagazijn.nl\/fr\/wp-json\/wp\/v2\/product_tag?post=65281"}],"curies":[{"name":"wp","href":"https:\/\/api.w.org\/{rel}","templated":true}]}}