{"id":65306,"date":"2023-03-03T09:25:34","date_gmt":"2023-03-03T08:25:34","guid":{"rendered":"https:\/\/turijnmagazijn.nl\/product\/transpondeur-ordinateur-lecteur-2-puces-serrure-dallumage-alfa-156\/"},"modified":"2023-07-27T12:26:15","modified_gmt":"2023-07-27T10:26:15","slug":"transpondeur-ordinateur-lecteur-2-puces-allumage-verrou-alpha-156","status":"publish","type":"product","link":"https:\/\/turijnmagazijn.nl\/fr\/produit\/transpondeur-ordinateur-lecteur-2-puces-allumage-verrou-alpha-156\/","title":{"rendered":"Transpondeur Ordinateur + lecteur + 2 puces Serrure d\u2019allumage Alfa 156"},"content":{"rendered":"<p>Ensemble d\u2019occasion compos\u00e9 de 2 puces de transpondeur et de l\u2019\u00e9quipement de lecture correspondant. Dans les premiers mod\u00e8les de l\u2019Alfa 156, les syst\u00e8mes d\u2019\u00e9change des codes cl\u00e9s entre l\u2019ECU et le verrou de contact ne sont pas encore li\u00e9s. Les voitures construites avant 2000 permettent d\u2019\u00e9changer le transpondeur sans avoir besoin d\u2019apprendre (ce qui est g\u00e9n\u00e9ralement co\u00fbteux) les nouvelles puces de transpondeur.<\/p>\n<p>Les puces tiennent dans l\u2019espace d\u00e9sign\u00e9 \u00e0 l\u2019avant de la maison des cl\u00e9s. Avec un petit tournevis, ils sont faciles \u00e0 changer.<\/p>\n<p>Il s\u2019agit d\u2019un ensemble assorti fonctionnant correctement d\u00e9mont\u00e9 d\u2019une Alfa 156 de l\u2019ann\u00e9e 1999.<\/p>\n<p>OEM Alfa Romeo 60653687<\/p>\n","protected":false},"excerpt":{"rendered":"<p>Transpondeur Ordinateur + lecteur + 2 puces Serrure d\u2019allumage Alfa 156 &#8211; Ensemble d\u2019occasion compos\u00e9 de 2 puces de transpondeur et de l\u2019\u00e9quipement de lecture correspondant.<\/p>\n","protected":false},"featured_media":49888,"comment_status":"open","ping_status":"closed","template":"","meta":{"_acf_changed":false},"product_brand":[],"product_cat":[1613,1582],"product_tag":[],"class_list":{"0":"post-65306","1":"product","2":"type-product","3":"status-publish","4":"has-post-thumbnail","6":"product_cat-156-932-fr","7":"product_cat-alfa-romeo-fr","8":"pa_soort-onderdeel-tableau-de-bord-et-commutateurs","10":"first","11":"instock","12":"shipping-taxable","13":"purchasable","14":"product-type-simple"},"acf":[],"yoast_head":"<!-- This site is optimized with the Yoast SEO plugin v27.3 - https:\/\/yoast.com\/product\/yoast-seo-wordpress\/ -->\n<title>Transpondeur Ordinateur + lecteur + 2 puces Serrure d\u2019allumage Alfa 156 - Turijnmagazijn<\/title>\n<meta name=\"robots\" content=\"index, follow, max-snippet:-1, max-image-preview:large, max-video-preview:-1\" \/>\n<link rel=\"canonical\" href=\"https:\/\/turijnmagazijn.nl\/fr\/produit\/transpondeur-ordinateur-lecteur-2-puces-allumage-verrou-alpha-156\/\" \/>\n<meta property=\"og:locale\" content=\"fr_FR\" \/>\n<meta property=\"og:type\" content=\"article\" \/>\n<meta property=\"og:title\" content=\"Transpondeur Ordinateur + lecteur + 2 puces Serrure d\u2019allumage Alfa 156 - Turijnmagazijn\" \/>\n<meta property=\"og:description\" content=\"Transpondeur Ordinateur + lecteur + 2 puces Serrure d\u2019allumage Alfa 156 - Ensemble d\u2019occasion compos\u00e9 de 2 puces de transpondeur et de l\u2019\u00e9quipement de lecture correspondant.\" \/>\n<meta property=\"og:url\" content=\"https:\/\/turijnmagazijn.nl\/fr\/produit\/transpondeur-ordinateur-lecteur-2-puces-allumage-verrou-alpha-156\/\" \/>\n<meta property=\"og:site_name\" content=\"Turijnmagazijn\" \/>\n<meta property=\"article:publisher\" content=\"https:\/\/www.facebook.com\/turijnmagazijn\" \/>\n<meta property=\"article:modified_time\" content=\"2023-07-27T10:26:15+00:00\" \/>\n<meta property=\"og:image\" content=\"https:\/\/turijnmagazijn.nl\/wp-content\/uploads\/2023\/03\/DK0010239620Transponder20Computer2020lezer2020220chips20Contactslot20Alfa20156203.jpg\" \/>\n\t<meta property=\"og:image:width\" content=\"1024\" \/>\n\t<meta property=\"og:image:height\" content=\"768\" \/>\n\t<meta property=\"og:image:type\" content=\"image\/jpeg\" \/>\n<meta name=\"twitter:card\" content=\"summary_large_image\" \/>\n<meta name=\"twitter:label1\" content=\"Dur\u00e9e de lecture estim\u00e9e\" \/>\n\t<meta name=\"twitter:data1\" content=\"1 minute\" \/>\n<script type=\"application\/ld+json\" class=\"yoast-schema-graph\">{\"@context\":\"https:\\\/\\\/schema.org\",\"@graph\":[{\"@type\":\"WebPage\",\"@id\":\"https:\\\/\\\/turijnmagazijn.nl\\\/fr\\\/produit\\\/transpondeur-ordinateur-lecteur-2-puces-allumage-verrou-alpha-156\\\/\",\"url\":\"https:\\\/\\\/turijnmagazijn.nl\\\/fr\\\/produit\\\/transpondeur-ordinateur-lecteur-2-puces-allumage-verrou-alpha-156\\\/\",\"name\":\"Transpondeur Ordinateur + lecteur + 2 puces Serrure d\u2019allumage Alfa 156 - Turijnmagazijn\",\"isPartOf\":{\"@id\":\"https:\\\/\\\/turijnmagazijn.jumpstone-dev.nl\\\/#website\"},\"primaryImageOfPage\":{\"@id\":\"https:\\\/\\\/turijnmagazijn.nl\\\/fr\\\/produit\\\/transpondeur-ordinateur-lecteur-2-puces-allumage-verrou-alpha-156\\\/#primaryimage\"},\"image\":{\"@id\":\"https:\\\/\\\/turijnmagazijn.nl\\\/fr\\\/produit\\\/transpondeur-ordinateur-lecteur-2-puces-allumage-verrou-alpha-156\\\/#primaryimage\"},\"thumbnailUrl\":\"https:\\\/\\\/turijnmagazijn.nl\\\/wp-content\\\/uploads\\\/2023\\\/03\\\/DK0010239620Transponder20Computer2020lezer2020220chips20Contactslot20Alfa20156203.jpg\",\"datePublished\":\"2023-03-03T08:25:34+00:00\",\"dateModified\":\"2023-07-27T10:26:15+00:00\",\"breadcrumb\":{\"@id\":\"https:\\\/\\\/turijnmagazijn.nl\\\/fr\\\/produit\\\/transpondeur-ordinateur-lecteur-2-puces-allumage-verrou-alpha-156\\\/#breadcrumb\"},\"inLanguage\":\"fr-FR\",\"potentialAction\":[{\"@type\":\"ReadAction\",\"target\":[\"https:\\\/\\\/turijnmagazijn.nl\\\/fr\\\/produit\\\/transpondeur-ordinateur-lecteur-2-puces-allumage-verrou-alpha-156\\\/\"]}]},{\"@type\":\"ImageObject\",\"inLanguage\":\"fr-FR\",\"@id\":\"https:\\\/\\\/turijnmagazijn.nl\\\/fr\\\/produit\\\/transpondeur-ordinateur-lecteur-2-puces-allumage-verrou-alpha-156\\\/#primaryimage\",\"url\":\"https:\\\/\\\/turijnmagazijn.nl\\\/wp-content\\\/uploads\\\/2023\\\/03\\\/DK0010239620Transponder20Computer2020lezer2020220chips20Contactslot20Alfa20156203.jpg\",\"contentUrl\":\"https:\\\/\\\/turijnmagazijn.nl\\\/wp-content\\\/uploads\\\/2023\\\/03\\\/DK0010239620Transponder20Computer2020lezer2020220chips20Contactslot20Alfa20156203.jpg\",\"width\":1024,\"height\":768},{\"@type\":\"BreadcrumbList\",\"@id\":\"https:\\\/\\\/turijnmagazijn.nl\\\/fr\\\/produit\\\/transpondeur-ordinateur-lecteur-2-puces-allumage-verrou-alpha-156\\\/#breadcrumb\",\"itemListElement\":[{\"@type\":\"ListItem\",\"position\":1,\"name\":\"Home\",\"item\":\"https:\\\/\\\/turijnmagazijn.nl\\\/fr\\\/\"},{\"@type\":\"ListItem\",\"position\":2,\"name\":\"Produits\",\"item\":\"https:\\\/\\\/turijnmagazijn.nl\\\/fr\\\/shop\\\/\"},{\"@type\":\"ListItem\",\"position\":3,\"name\":\"Transpondeur Ordinateur + lecteur + 2 puces Serrure d\u2019allumage Alfa 156\"}]},{\"@type\":\"WebSite\",\"@id\":\"https:\\\/\\\/turijnmagazijn.jumpstone-dev.nl\\\/#website\",\"url\":\"https:\\\/\\\/turijnmagazijn.jumpstone-dev.nl\\\/\",\"name\":\"Turijnmagazijn\",\"description\":\"Onderdelen nieuw en gebruikt - Fiat &amp; Lancia\",\"publisher\":{\"@id\":\"https:\\\/\\\/turijnmagazijn.jumpstone-dev.nl\\\/#organization\"},\"potentialAction\":[{\"@type\":\"SearchAction\",\"target\":{\"@type\":\"EntryPoint\",\"urlTemplate\":\"https:\\\/\\\/turijnmagazijn.jumpstone-dev.nl\\\/?s={search_term_string}\"},\"query-input\":{\"@type\":\"PropertyValueSpecification\",\"valueRequired\":true,\"valueName\":\"search_term_string\"}}],\"inLanguage\":\"fr-FR\"},{\"@type\":\"Organization\",\"@id\":\"https:\\\/\\\/turijnmagazijn.jumpstone-dev.nl\\\/#organization\",\"name\":\"Turijnmagazijn\",\"url\":\"https:\\\/\\\/turijnmagazijn.jumpstone-dev.nl\\\/\",\"logo\":{\"@type\":\"ImageObject\",\"inLanguage\":\"fr-FR\",\"@id\":\"https:\\\/\\\/turijnmagazijn.jumpstone-dev.nl\\\/#\\\/schema\\\/logo\\\/image\\\/\",\"url\":\"https:\\\/\\\/turijnmagazijn.nl\\\/wp-content\\\/uploads\\\/2021\\\/02\\\/turijnmagazijnlogo.png\",\"contentUrl\":\"https:\\\/\\\/turijnmagazijn.nl\\\/wp-content\\\/uploads\\\/2021\\\/02\\\/turijnmagazijnlogo.png\",\"width\":555,\"height\":270,\"caption\":\"Turijnmagazijn\"},\"image\":{\"@id\":\"https:\\\/\\\/turijnmagazijn.jumpstone-dev.nl\\\/#\\\/schema\\\/logo\\\/image\\\/\"},\"sameAs\":[\"https:\\\/\\\/www.facebook.com\\\/turijnmagazijn\"]}]}<\/script>\n<!-- \/ Yoast SEO plugin. -->","yoast_head_json":{"title":"Transpondeur Ordinateur + lecteur + 2 puces Serrure d\u2019allumage Alfa 156 - Turijnmagazijn","robots":{"index":"index","follow":"follow","max-snippet":"max-snippet:-1","max-image-preview":"max-image-preview:large","max-video-preview":"max-video-preview:-1"},"canonical":"https:\/\/turijnmagazijn.nl\/fr\/produit\/transpondeur-ordinateur-lecteur-2-puces-allumage-verrou-alpha-156\/","og_locale":"fr_FR","og_type":"article","og_title":"Transpondeur Ordinateur + lecteur + 2 puces Serrure d\u2019allumage Alfa 156 - Turijnmagazijn","og_description":"Transpondeur Ordinateur + lecteur + 2 puces Serrure d\u2019allumage Alfa 156 - Ensemble d\u2019occasion compos\u00e9 de 2 puces de transpondeur et de l\u2019\u00e9quipement de lecture correspondant.","og_url":"https:\/\/turijnmagazijn.nl\/fr\/produit\/transpondeur-ordinateur-lecteur-2-puces-allumage-verrou-alpha-156\/","og_site_name":"Turijnmagazijn","article_publisher":"https:\/\/www.facebook.com\/turijnmagazijn","article_modified_time":"2023-07-27T10:26:15+00:00","og_image":[{"width":1024,"height":768,"url":"https:\/\/turijnmagazijn.nl\/wp-content\/uploads\/2023\/03\/DK0010239620Transponder20Computer2020lezer2020220chips20Contactslot20Alfa20156203.jpg","type":"image\/jpeg"}],"twitter_card":"summary_large_image","twitter_misc":{"Dur\u00e9e de lecture estim\u00e9e":"1 minute"},"schema":{"@context":"https:\/\/schema.org","@graph":[{"@type":"WebPage","@id":"https:\/\/turijnmagazijn.nl\/fr\/produit\/transpondeur-ordinateur-lecteur-2-puces-allumage-verrou-alpha-156\/","url":"https:\/\/turijnmagazijn.nl\/fr\/produit\/transpondeur-ordinateur-lecteur-2-puces-allumage-verrou-alpha-156\/","name":"Transpondeur Ordinateur + lecteur + 2 puces Serrure d\u2019allumage Alfa 156 - Turijnmagazijn","isPartOf":{"@id":"https:\/\/turijnmagazijn.jumpstone-dev.nl\/#website"},"primaryImageOfPage":{"@id":"https:\/\/turijnmagazijn.nl\/fr\/produit\/transpondeur-ordinateur-lecteur-2-puces-allumage-verrou-alpha-156\/#primaryimage"},"image":{"@id":"https:\/\/turijnmagazijn.nl\/fr\/produit\/transpondeur-ordinateur-lecteur-2-puces-allumage-verrou-alpha-156\/#primaryimage"},"thumbnailUrl":"https:\/\/turijnmagazijn.nl\/wp-content\/uploads\/2023\/03\/DK0010239620Transponder20Computer2020lezer2020220chips20Contactslot20Alfa20156203.jpg","datePublished":"2023-03-03T08:25:34+00:00","dateModified":"2023-07-27T10:26:15+00:00","breadcrumb":{"@id":"https:\/\/turijnmagazijn.nl\/fr\/produit\/transpondeur-ordinateur-lecteur-2-puces-allumage-verrou-alpha-156\/#breadcrumb"},"inLanguage":"fr-FR","potentialAction":[{"@type":"ReadAction","target":["https:\/\/turijnmagazijn.nl\/fr\/produit\/transpondeur-ordinateur-lecteur-2-puces-allumage-verrou-alpha-156\/"]}]},{"@type":"ImageObject","inLanguage":"fr-FR","@id":"https:\/\/turijnmagazijn.nl\/fr\/produit\/transpondeur-ordinateur-lecteur-2-puces-allumage-verrou-alpha-156\/#primaryimage","url":"https:\/\/turijnmagazijn.nl\/wp-content\/uploads\/2023\/03\/DK0010239620Transponder20Computer2020lezer2020220chips20Contactslot20Alfa20156203.jpg","contentUrl":"https:\/\/turijnmagazijn.nl\/wp-content\/uploads\/2023\/03\/DK0010239620Transponder20Computer2020lezer2020220chips20Contactslot20Alfa20156203.jpg","width":1024,"height":768},{"@type":"BreadcrumbList","@id":"https:\/\/turijnmagazijn.nl\/fr\/produit\/transpondeur-ordinateur-lecteur-2-puces-allumage-verrou-alpha-156\/#breadcrumb","itemListElement":[{"@type":"ListItem","position":1,"name":"Home","item":"https:\/\/turijnmagazijn.nl\/fr\/"},{"@type":"ListItem","position":2,"name":"Produits","item":"https:\/\/turijnmagazijn.nl\/fr\/shop\/"},{"@type":"ListItem","position":3,"name":"Transpondeur Ordinateur + lecteur + 2 puces Serrure d\u2019allumage Alfa 156"}]},{"@type":"WebSite","@id":"https:\/\/turijnmagazijn.jumpstone-dev.nl\/#website","url":"https:\/\/turijnmagazijn.jumpstone-dev.nl\/","name":"Turijnmagazijn","description":"Onderdelen nieuw en gebruikt - Fiat &amp; Lancia","publisher":{"@id":"https:\/\/turijnmagazijn.jumpstone-dev.nl\/#organization"},"potentialAction":[{"@type":"SearchAction","target":{"@type":"EntryPoint","urlTemplate":"https:\/\/turijnmagazijn.jumpstone-dev.nl\/?s={search_term_string}"},"query-input":{"@type":"PropertyValueSpecification","valueRequired":true,"valueName":"search_term_string"}}],"inLanguage":"fr-FR"},{"@type":"Organization","@id":"https:\/\/turijnmagazijn.jumpstone-dev.nl\/#organization","name":"Turijnmagazijn","url":"https:\/\/turijnmagazijn.jumpstone-dev.nl\/","logo":{"@type":"ImageObject","inLanguage":"fr-FR","@id":"https:\/\/turijnmagazijn.jumpstone-dev.nl\/#\/schema\/logo\/image\/","url":"https:\/\/turijnmagazijn.nl\/wp-content\/uploads\/2021\/02\/turijnmagazijnlogo.png","contentUrl":"https:\/\/turijnmagazijn.nl\/wp-content\/uploads\/2021\/02\/turijnmagazijnlogo.png","width":555,"height":270,"caption":"Turijnmagazijn"},"image":{"@id":"https:\/\/turijnmagazijn.jumpstone-dev.nl\/#\/schema\/logo\/image\/"},"sameAs":["https:\/\/www.facebook.com\/turijnmagazijn"]}]}},"_links":{"self":[{"href":"https:\/\/turijnmagazijn.nl\/fr\/wp-json\/wp\/v2\/product\/65306","targetHints":{"allow":["GET"]}}],"collection":[{"href":"https:\/\/turijnmagazijn.nl\/fr\/wp-json\/wp\/v2\/product"}],"about":[{"href":"https:\/\/turijnmagazijn.nl\/fr\/wp-json\/wp\/v2\/types\/product"}],"replies":[{"embeddable":true,"href":"https:\/\/turijnmagazijn.nl\/fr\/wp-json\/wp\/v2\/comments?post=65306"}],"wp:featuredmedia":[{"embeddable":true,"href":"https:\/\/turijnmagazijn.nl\/fr\/wp-json\/wp\/v2\/media\/49888"}],"wp:attachment":[{"href":"https:\/\/turijnmagazijn.nl\/fr\/wp-json\/wp\/v2\/media?parent=65306"}],"wp:term":[{"taxonomy":"product_brand","embeddable":true,"href":"https:\/\/turijnmagazijn.nl\/fr\/wp-json\/wp\/v2\/product_brand?post=65306"},{"taxonomy":"product_cat","embeddable":true,"href":"https:\/\/turijnmagazijn.nl\/fr\/wp-json\/wp\/v2\/product_cat?post=65306"},{"taxonomy":"product_tag","embeddable":true,"href":"https:\/\/turijnmagazijn.nl\/fr\/wp-json\/wp\/v2\/product_tag?post=65306"}],"curies":[{"name":"wp","href":"https:\/\/api.w.org\/{rel}","templated":true}]}}