{"id":65316,"date":"2023-03-03T09:27:38","date_gmt":"2023-03-03T08:27:38","guid":{"rendered":"https:\/\/turijnmagazijn.nl\/product\/serrure-de-contact-2-cles-avec-telecommande-alfa-156\/"},"modified":"2023-07-27T12:27:09","modified_gmt":"2023-07-27T10:27:09","slug":"verrou-allumage-2-touches-avec-telecommande-alfa-156","status":"publish","type":"product","link":"https:\/\/turijnmagazijn.nl\/fr\/produit\/verrou-allumage-2-touches-avec-telecommande-alfa-156\/","title":{"rendered":"Serrure de contact + 2 cl\u00e9s avec t\u00e9l\u00e9commande Alfa 156"},"content":{"rendered":"<p>Serrure de contact usag\u00e9e avec 2 cl\u00e9s endommag\u00e9es pour Alfa Romeo 156. Applicable aux voitures jusqu\u2019en 2002.<\/p>\n<p>Le verrou de contact est en bon \u00e9tat et est complet avec cylindre.<\/p>\n<p>60657419 de verrouillage d\u2019allumage OEM<\/p>\n<p>&nbsp;<\/p>\n<p>Les cl\u00e9s sont, comme toujours avec ce type de cl\u00e9, en mauvais \u00e9tat. La premi\u00e8re cl\u00e9 est cass\u00e9e et se compose de 3 parties. La deuxi\u00e8me cl\u00e9 est fissur\u00e9e mais toujours 1 enti\u00e8re. Sur les deux logos, il y a un logo original en parfait \u00e9tat.<\/p>\n<p>Les cl\u00e9s sont compl\u00e8tes avec la carte de circuit imprim\u00e9 et la puce pour la t\u00e9l\u00e9commande, mais SANS la puce de transpondeur. Vous pouvez les transf\u00e9rer \u00e0 partir de vos anciennes cl\u00e9s ou les faire r\u00e9apprendre par une entreprise sp\u00e9cialis\u00e9e.<\/p>\n<p>Les deux touches n\u2019ont pas le bouton en caoutchouc pour le bouton de la t\u00e9l\u00e9commande. On ne sait pas si les commutateurs doivent \u00eatre remplac\u00e9s, alors comptez sur cela aussi \u00e0 faire!<\/p>\n<p>Si vous voulez assembler un ensemble parfait, nous vous recommandons de continuer sur notre boutique en ligne, nous avons un bouton en simili caoutchouc et un bo\u00eetier imitation \u00e0 l\u2019original. Si vous voulez construire un alpha 156 parfait, vous n\u2019utilisez que les barbes \u00e0 cl\u00e9 et la serrure de contact de cet ensemble.<\/p>\n<p>&nbsp;<\/p>\n<p>Cl\u00e9 OEM avec t\u00e9l\u00e9commande:<\/p>\n<p>156017384<\/p>\n<p>156028522<\/p>\n<div>156028633<\/div>\n<div>156035599<\/div>\n","protected":false},"excerpt":{"rendered":"<p>Serrure de contact + 2 cl\u00e9s avec t\u00e9l\u00e9commande Alfa 156 &#8211; Serrure de contact usag\u00e9e avec 2 cl\u00e9s endommag\u00e9es pour Alfa Romeo 156.<\/p>\n","protected":false},"featured_media":50164,"comment_status":"open","ping_status":"closed","template":"","meta":{"_acf_changed":false},"product_brand":[],"product_cat":[1613,1582],"product_tag":[],"class_list":{"0":"post-65316","1":"product","2":"type-product","3":"status-publish","4":"has-post-thumbnail","6":"product_cat-156-932-fr","7":"product_cat-alfa-romeo-fr","8":"pa_soort-onderdeel-dautres-pieces-de-voiture","9":"pa_soort-onderdeel-tableau-de-bord-et-commutateurs","11":"first","12":"instock","13":"shipping-taxable","14":"purchasable","15":"product-type-simple"},"acf":[],"yoast_head":"<!-- This site is optimized with the Yoast SEO plugin v27.3 - https:\/\/yoast.com\/product\/yoast-seo-wordpress\/ -->\n<title>Serrure de contact + 2 cl\u00e9s avec t\u00e9l\u00e9commande Alfa 156 - Turijnmagazijn<\/title>\n<meta name=\"robots\" content=\"index, follow, max-snippet:-1, max-image-preview:large, max-video-preview:-1\" \/>\n<link rel=\"canonical\" href=\"https:\/\/turijnmagazijn.nl\/fr\/produit\/verrou-allumage-2-touches-avec-telecommande-alfa-156\/\" \/>\n<meta property=\"og:locale\" content=\"fr_FR\" \/>\n<meta property=\"og:type\" content=\"article\" \/>\n<meta property=\"og:title\" content=\"Serrure de contact + 2 cl\u00e9s avec t\u00e9l\u00e9commande Alfa 156 - Turijnmagazijn\" \/>\n<meta property=\"og:description\" content=\"Serrure de contact + 2 cl\u00e9s avec t\u00e9l\u00e9commande Alfa 156 - Serrure de contact usag\u00e9e avec 2 cl\u00e9s endommag\u00e9es pour Alfa Romeo 156.\" \/>\n<meta property=\"og:url\" content=\"https:\/\/turijnmagazijn.nl\/fr\/produit\/verrou-allumage-2-touches-avec-telecommande-alfa-156\/\" \/>\n<meta property=\"og:site_name\" content=\"Turijnmagazijn\" \/>\n<meta property=\"article:publisher\" content=\"https:\/\/www.facebook.com\/turijnmagazijn\" \/>\n<meta property=\"article:modified_time\" content=\"2023-07-27T10:27:09+00:00\" \/>\n<meta property=\"og:image\" content=\"https:\/\/turijnmagazijn.nl\/wp-content\/uploads\/2023\/03\/DK0010240620Contactslot2020220sleutels20met20afstandbediening20Alfa20156201-rotated-1.jpg\" \/>\n\t<meta property=\"og:image:width\" content=\"768\" \/>\n\t<meta property=\"og:image:height\" content=\"1024\" \/>\n\t<meta property=\"og:image:type\" content=\"image\/jpeg\" \/>\n<meta name=\"twitter:card\" content=\"summary_large_image\" \/>\n<meta name=\"twitter:label1\" content=\"Dur\u00e9e de lecture estim\u00e9e\" \/>\n\t<meta name=\"twitter:data1\" content=\"1 minute\" \/>\n<script type=\"application\/ld+json\" class=\"yoast-schema-graph\">{\"@context\":\"https:\\\/\\\/schema.org\",\"@graph\":[{\"@type\":\"WebPage\",\"@id\":\"https:\\\/\\\/turijnmagazijn.nl\\\/fr\\\/produit\\\/verrou-allumage-2-touches-avec-telecommande-alfa-156\\\/\",\"url\":\"https:\\\/\\\/turijnmagazijn.nl\\\/fr\\\/produit\\\/verrou-allumage-2-touches-avec-telecommande-alfa-156\\\/\",\"name\":\"Serrure de contact + 2 cl\u00e9s avec t\u00e9l\u00e9commande Alfa 156 - Turijnmagazijn\",\"isPartOf\":{\"@id\":\"https:\\\/\\\/turijnmagazijn.jumpstone-dev.nl\\\/#website\"},\"primaryImageOfPage\":{\"@id\":\"https:\\\/\\\/turijnmagazijn.nl\\\/fr\\\/produit\\\/verrou-allumage-2-touches-avec-telecommande-alfa-156\\\/#primaryimage\"},\"image\":{\"@id\":\"https:\\\/\\\/turijnmagazijn.nl\\\/fr\\\/produit\\\/verrou-allumage-2-touches-avec-telecommande-alfa-156\\\/#primaryimage\"},\"thumbnailUrl\":\"https:\\\/\\\/turijnmagazijn.nl\\\/wp-content\\\/uploads\\\/2023\\\/03\\\/DK0010240620Contactslot2020220sleutels20met20afstandbediening20Alfa20156201-rotated-1.jpg\",\"datePublished\":\"2023-03-03T08:27:38+00:00\",\"dateModified\":\"2023-07-27T10:27:09+00:00\",\"breadcrumb\":{\"@id\":\"https:\\\/\\\/turijnmagazijn.nl\\\/fr\\\/produit\\\/verrou-allumage-2-touches-avec-telecommande-alfa-156\\\/#breadcrumb\"},\"inLanguage\":\"fr-FR\",\"potentialAction\":[{\"@type\":\"ReadAction\",\"target\":[\"https:\\\/\\\/turijnmagazijn.nl\\\/fr\\\/produit\\\/verrou-allumage-2-touches-avec-telecommande-alfa-156\\\/\"]}]},{\"@type\":\"ImageObject\",\"inLanguage\":\"fr-FR\",\"@id\":\"https:\\\/\\\/turijnmagazijn.nl\\\/fr\\\/produit\\\/verrou-allumage-2-touches-avec-telecommande-alfa-156\\\/#primaryimage\",\"url\":\"https:\\\/\\\/turijnmagazijn.nl\\\/wp-content\\\/uploads\\\/2023\\\/03\\\/DK0010240620Contactslot2020220sleutels20met20afstandbediening20Alfa20156201-rotated-1.jpg\",\"contentUrl\":\"https:\\\/\\\/turijnmagazijn.nl\\\/wp-content\\\/uploads\\\/2023\\\/03\\\/DK0010240620Contactslot2020220sleutels20met20afstandbediening20Alfa20156201-rotated-1.jpg\",\"width\":768,\"height\":1024},{\"@type\":\"BreadcrumbList\",\"@id\":\"https:\\\/\\\/turijnmagazijn.nl\\\/fr\\\/produit\\\/verrou-allumage-2-touches-avec-telecommande-alfa-156\\\/#breadcrumb\",\"itemListElement\":[{\"@type\":\"ListItem\",\"position\":1,\"name\":\"Home\",\"item\":\"https:\\\/\\\/turijnmagazijn.nl\\\/fr\\\/\"},{\"@type\":\"ListItem\",\"position\":2,\"name\":\"Produits\",\"item\":\"https:\\\/\\\/turijnmagazijn.nl\\\/fr\\\/shop\\\/\"},{\"@type\":\"ListItem\",\"position\":3,\"name\":\"Serrure de contact + 2 cl\u00e9s avec t\u00e9l\u00e9commande Alfa 156\"}]},{\"@type\":\"WebSite\",\"@id\":\"https:\\\/\\\/turijnmagazijn.jumpstone-dev.nl\\\/#website\",\"url\":\"https:\\\/\\\/turijnmagazijn.jumpstone-dev.nl\\\/\",\"name\":\"Turijnmagazijn\",\"description\":\"Onderdelen nieuw en gebruikt - Fiat &amp; Lancia\",\"publisher\":{\"@id\":\"https:\\\/\\\/turijnmagazijn.jumpstone-dev.nl\\\/#organization\"},\"potentialAction\":[{\"@type\":\"SearchAction\",\"target\":{\"@type\":\"EntryPoint\",\"urlTemplate\":\"https:\\\/\\\/turijnmagazijn.jumpstone-dev.nl\\\/?s={search_term_string}\"},\"query-input\":{\"@type\":\"PropertyValueSpecification\",\"valueRequired\":true,\"valueName\":\"search_term_string\"}}],\"inLanguage\":\"fr-FR\"},{\"@type\":\"Organization\",\"@id\":\"https:\\\/\\\/turijnmagazijn.jumpstone-dev.nl\\\/#organization\",\"name\":\"Turijnmagazijn\",\"url\":\"https:\\\/\\\/turijnmagazijn.jumpstone-dev.nl\\\/\",\"logo\":{\"@type\":\"ImageObject\",\"inLanguage\":\"fr-FR\",\"@id\":\"https:\\\/\\\/turijnmagazijn.jumpstone-dev.nl\\\/#\\\/schema\\\/logo\\\/image\\\/\",\"url\":\"https:\\\/\\\/turijnmagazijn.nl\\\/wp-content\\\/uploads\\\/2021\\\/02\\\/turijnmagazijnlogo.png\",\"contentUrl\":\"https:\\\/\\\/turijnmagazijn.nl\\\/wp-content\\\/uploads\\\/2021\\\/02\\\/turijnmagazijnlogo.png\",\"width\":555,\"height\":270,\"caption\":\"Turijnmagazijn\"},\"image\":{\"@id\":\"https:\\\/\\\/turijnmagazijn.jumpstone-dev.nl\\\/#\\\/schema\\\/logo\\\/image\\\/\"},\"sameAs\":[\"https:\\\/\\\/www.facebook.com\\\/turijnmagazijn\"]}]}<\/script>\n<!-- \/ Yoast SEO plugin. -->","yoast_head_json":{"title":"Serrure de contact + 2 cl\u00e9s avec t\u00e9l\u00e9commande Alfa 156 - Turijnmagazijn","robots":{"index":"index","follow":"follow","max-snippet":"max-snippet:-1","max-image-preview":"max-image-preview:large","max-video-preview":"max-video-preview:-1"},"canonical":"https:\/\/turijnmagazijn.nl\/fr\/produit\/verrou-allumage-2-touches-avec-telecommande-alfa-156\/","og_locale":"fr_FR","og_type":"article","og_title":"Serrure de contact + 2 cl\u00e9s avec t\u00e9l\u00e9commande Alfa 156 - Turijnmagazijn","og_description":"Serrure de contact + 2 cl\u00e9s avec t\u00e9l\u00e9commande Alfa 156 - Serrure de contact usag\u00e9e avec 2 cl\u00e9s endommag\u00e9es pour Alfa Romeo 156.","og_url":"https:\/\/turijnmagazijn.nl\/fr\/produit\/verrou-allumage-2-touches-avec-telecommande-alfa-156\/","og_site_name":"Turijnmagazijn","article_publisher":"https:\/\/www.facebook.com\/turijnmagazijn","article_modified_time":"2023-07-27T10:27:09+00:00","og_image":[{"width":768,"height":1024,"url":"https:\/\/turijnmagazijn.nl\/wp-content\/uploads\/2023\/03\/DK0010240620Contactslot2020220sleutels20met20afstandbediening20Alfa20156201-rotated-1.jpg","type":"image\/jpeg"}],"twitter_card":"summary_large_image","twitter_misc":{"Dur\u00e9e de lecture estim\u00e9e":"1 minute"},"schema":{"@context":"https:\/\/schema.org","@graph":[{"@type":"WebPage","@id":"https:\/\/turijnmagazijn.nl\/fr\/produit\/verrou-allumage-2-touches-avec-telecommande-alfa-156\/","url":"https:\/\/turijnmagazijn.nl\/fr\/produit\/verrou-allumage-2-touches-avec-telecommande-alfa-156\/","name":"Serrure de contact + 2 cl\u00e9s avec t\u00e9l\u00e9commande Alfa 156 - Turijnmagazijn","isPartOf":{"@id":"https:\/\/turijnmagazijn.jumpstone-dev.nl\/#website"},"primaryImageOfPage":{"@id":"https:\/\/turijnmagazijn.nl\/fr\/produit\/verrou-allumage-2-touches-avec-telecommande-alfa-156\/#primaryimage"},"image":{"@id":"https:\/\/turijnmagazijn.nl\/fr\/produit\/verrou-allumage-2-touches-avec-telecommande-alfa-156\/#primaryimage"},"thumbnailUrl":"https:\/\/turijnmagazijn.nl\/wp-content\/uploads\/2023\/03\/DK0010240620Contactslot2020220sleutels20met20afstandbediening20Alfa20156201-rotated-1.jpg","datePublished":"2023-03-03T08:27:38+00:00","dateModified":"2023-07-27T10:27:09+00:00","breadcrumb":{"@id":"https:\/\/turijnmagazijn.nl\/fr\/produit\/verrou-allumage-2-touches-avec-telecommande-alfa-156\/#breadcrumb"},"inLanguage":"fr-FR","potentialAction":[{"@type":"ReadAction","target":["https:\/\/turijnmagazijn.nl\/fr\/produit\/verrou-allumage-2-touches-avec-telecommande-alfa-156\/"]}]},{"@type":"ImageObject","inLanguage":"fr-FR","@id":"https:\/\/turijnmagazijn.nl\/fr\/produit\/verrou-allumage-2-touches-avec-telecommande-alfa-156\/#primaryimage","url":"https:\/\/turijnmagazijn.nl\/wp-content\/uploads\/2023\/03\/DK0010240620Contactslot2020220sleutels20met20afstandbediening20Alfa20156201-rotated-1.jpg","contentUrl":"https:\/\/turijnmagazijn.nl\/wp-content\/uploads\/2023\/03\/DK0010240620Contactslot2020220sleutels20met20afstandbediening20Alfa20156201-rotated-1.jpg","width":768,"height":1024},{"@type":"BreadcrumbList","@id":"https:\/\/turijnmagazijn.nl\/fr\/produit\/verrou-allumage-2-touches-avec-telecommande-alfa-156\/#breadcrumb","itemListElement":[{"@type":"ListItem","position":1,"name":"Home","item":"https:\/\/turijnmagazijn.nl\/fr\/"},{"@type":"ListItem","position":2,"name":"Produits","item":"https:\/\/turijnmagazijn.nl\/fr\/shop\/"},{"@type":"ListItem","position":3,"name":"Serrure de contact + 2 cl\u00e9s avec t\u00e9l\u00e9commande Alfa 156"}]},{"@type":"WebSite","@id":"https:\/\/turijnmagazijn.jumpstone-dev.nl\/#website","url":"https:\/\/turijnmagazijn.jumpstone-dev.nl\/","name":"Turijnmagazijn","description":"Onderdelen nieuw en gebruikt - Fiat &amp; Lancia","publisher":{"@id":"https:\/\/turijnmagazijn.jumpstone-dev.nl\/#organization"},"potentialAction":[{"@type":"SearchAction","target":{"@type":"EntryPoint","urlTemplate":"https:\/\/turijnmagazijn.jumpstone-dev.nl\/?s={search_term_string}"},"query-input":{"@type":"PropertyValueSpecification","valueRequired":true,"valueName":"search_term_string"}}],"inLanguage":"fr-FR"},{"@type":"Organization","@id":"https:\/\/turijnmagazijn.jumpstone-dev.nl\/#organization","name":"Turijnmagazijn","url":"https:\/\/turijnmagazijn.jumpstone-dev.nl\/","logo":{"@type":"ImageObject","inLanguage":"fr-FR","@id":"https:\/\/turijnmagazijn.jumpstone-dev.nl\/#\/schema\/logo\/image\/","url":"https:\/\/turijnmagazijn.nl\/wp-content\/uploads\/2021\/02\/turijnmagazijnlogo.png","contentUrl":"https:\/\/turijnmagazijn.nl\/wp-content\/uploads\/2021\/02\/turijnmagazijnlogo.png","width":555,"height":270,"caption":"Turijnmagazijn"},"image":{"@id":"https:\/\/turijnmagazijn.jumpstone-dev.nl\/#\/schema\/logo\/image\/"},"sameAs":["https:\/\/www.facebook.com\/turijnmagazijn"]}]}},"_links":{"self":[{"href":"https:\/\/turijnmagazijn.nl\/fr\/wp-json\/wp\/v2\/product\/65316","targetHints":{"allow":["GET"]}}],"collection":[{"href":"https:\/\/turijnmagazijn.nl\/fr\/wp-json\/wp\/v2\/product"}],"about":[{"href":"https:\/\/turijnmagazijn.nl\/fr\/wp-json\/wp\/v2\/types\/product"}],"replies":[{"embeddable":true,"href":"https:\/\/turijnmagazijn.nl\/fr\/wp-json\/wp\/v2\/comments?post=65316"}],"wp:featuredmedia":[{"embeddable":true,"href":"https:\/\/turijnmagazijn.nl\/fr\/wp-json\/wp\/v2\/media\/50164"}],"wp:attachment":[{"href":"https:\/\/turijnmagazijn.nl\/fr\/wp-json\/wp\/v2\/media?parent=65316"}],"wp:term":[{"taxonomy":"product_brand","embeddable":true,"href":"https:\/\/turijnmagazijn.nl\/fr\/wp-json\/wp\/v2\/product_brand?post=65316"},{"taxonomy":"product_cat","embeddable":true,"href":"https:\/\/turijnmagazijn.nl\/fr\/wp-json\/wp\/v2\/product_cat?post=65316"},{"taxonomy":"product_tag","embeddable":true,"href":"https:\/\/turijnmagazijn.nl\/fr\/wp-json\/wp\/v2\/product_tag?post=65316"}],"curies":[{"name":"wp","href":"https:\/\/api.w.org\/{rel}","templated":true}]}}