{"id":65322,"date":"2023-03-03T09:26:20","date_gmt":"2023-03-03T08:26:20","guid":{"rendered":"https:\/\/turijnmagazijn.nl\/product\/cadre-de-climatisation-dordinateur-de-bord-lancia-kappa-sans-couvercle\/"},"modified":"2024-01-01T20:46:54","modified_gmt":"2024-01-01T19:46:54","slug":"ordinateur-de-bord-climatisation-cadre-lancia-kappa-sans-volet","status":"publish","type":"product","link":"https:\/\/turijnmagazijn.nl\/fr\/produit\/ordinateur-de-bord-climatisation-cadre-lancia-kappa-sans-volet\/","title":{"rendered":"Cadre de climatisation d\u2019ordinateur de bord Lancia Kappa sans couvercle"},"content":{"rendered":"<p>Cadre utilis\u00e9 pour ordinateur de bord Lancia Kappa. Ne concerne que le cadre, sans int\u00e9rieur, sans \u00e9lectronique et sans boutons !<\/p>\n<p>Tous les points de montage sont encore intacts et le cadre est en bon \u00e9tat.  <\/p>\n<p>Le couvercle de la console radio est manquant, mais peut \u00eatre \u00e9chang\u00e9, il n\u2019y a aucun dommage aux points de montage.<\/p>\n<p><\/p>\n<p><\/p>\n","protected":false},"excerpt":{"rendered":"<p>Ch\u00e2ssis d\u2019ordinateur de bord Lancia Kappa &#8211; Cadre utilis\u00e9 pour ordinateur de bord Lancia Kappa.Cadre de climatisation d\u2019ordinateur de bord Lancia Kappa &#8211; Cadre utilis\u00e9 pour ordinateur de bord Lancia Kappa.Cadre de climatisation d\u2019ordinateur de bord Lancia Kappa sans volet &#8211; Cadre utilis\u00e9 pour ordinateur de bord<\/p>\n","protected":false},"featured_media":49968,"comment_status":"open","ping_status":"closed","template":"","meta":{"_acf_changed":false},"product_brand":[],"product_cat":[1865,1860,1798,1870],"product_tag":[],"class_list":{"0":"post-65322","1":"product","2":"type-product","3":"status-publish","4":"has-post-thumbnail","6":"product_cat-coupe-fr","7":"product_cat-kappa-838-fr","8":"product_cat-lancia-fr","9":"product_cat-sw-fr","10":"pa_soort-onderdeel-eclairage","11":"pa_soort-onderdeel-interieur-et-sellerie","13":"first","14":"instock","15":"shipping-taxable","16":"purchasable","17":"product-type-simple"},"acf":[],"yoast_head":"<!-- This site is optimized with the Yoast SEO plugin v27.3 - https:\/\/yoast.com\/product\/yoast-seo-wordpress\/ -->\n<title>Cadre de climatisation d\u2019ordinateur de bord Lancia Kappa sans couvercle - Turijnmagazijn<\/title>\n<meta name=\"robots\" content=\"index, follow, max-snippet:-1, max-image-preview:large, max-video-preview:-1\" \/>\n<link rel=\"canonical\" href=\"https:\/\/turijnmagazijn.nl\/fr\/produit\/ordinateur-de-bord-climatisation-cadre-lancia-kappa-sans-volet\/\" \/>\n<meta property=\"og:locale\" content=\"fr_FR\" \/>\n<meta property=\"og:type\" content=\"article\" \/>\n<meta property=\"og:title\" content=\"Cadre de climatisation d\u2019ordinateur de bord Lancia Kappa sans couvercle - Turijnmagazijn\" \/>\n<meta property=\"og:description\" content=\"Ch\u00e2ssis d\u2019ordinateur de bord Lancia Kappa - Cadre utilis\u00e9 pour ordinateur de bord Lancia Kappa.Cadre de climatisation d\u2019ordinateur de bord Lancia Kappa - Cadre utilis\u00e9 pour ordinateur de bord Lancia Kappa.Cadre de climatisation d\u2019ordinateur de bord Lancia Kappa sans volet - Cadre utilis\u00e9 pour ordinateur de bord\" \/>\n<meta property=\"og:url\" content=\"https:\/\/turijnmagazijn.nl\/fr\/produit\/ordinateur-de-bord-climatisation-cadre-lancia-kappa-sans-volet\/\" \/>\n<meta property=\"og:site_name\" content=\"Turijnmagazijn\" \/>\n<meta property=\"article:publisher\" content=\"https:\/\/www.facebook.com\/turijnmagazijn\" \/>\n<meta property=\"article:modified_time\" content=\"2024-01-01T19:46:54+00:00\" \/>\n<meta property=\"og:image\" content=\"https:\/\/turijnmagazijn.nl\/wp-content\/uploads\/2023\/03\/DK00102400-Boordcomputer-airco-frame-Lancia-Kappa-3-1.jpg\" \/>\n\t<meta property=\"og:image:width\" content=\"1024\" \/>\n\t<meta property=\"og:image:height\" content=\"768\" \/>\n\t<meta property=\"og:image:type\" content=\"image\/jpeg\" \/>\n<meta name=\"twitter:card\" content=\"summary_large_image\" \/>\n<script type=\"application\/ld+json\" class=\"yoast-schema-graph\">{\"@context\":\"https:\\\/\\\/schema.org\",\"@graph\":[{\"@type\":\"WebPage\",\"@id\":\"https:\\\/\\\/turijnmagazijn.nl\\\/fr\\\/produit\\\/ordinateur-de-bord-climatisation-cadre-lancia-kappa-sans-volet\\\/\",\"url\":\"https:\\\/\\\/turijnmagazijn.nl\\\/fr\\\/produit\\\/ordinateur-de-bord-climatisation-cadre-lancia-kappa-sans-volet\\\/\",\"name\":\"Cadre de climatisation d\u2019ordinateur de bord Lancia Kappa sans couvercle - Turijnmagazijn\",\"isPartOf\":{\"@id\":\"https:\\\/\\\/turijnmagazijn.jumpstone-dev.nl\\\/#website\"},\"primaryImageOfPage\":{\"@id\":\"https:\\\/\\\/turijnmagazijn.nl\\\/fr\\\/produit\\\/ordinateur-de-bord-climatisation-cadre-lancia-kappa-sans-volet\\\/#primaryimage\"},\"image\":{\"@id\":\"https:\\\/\\\/turijnmagazijn.nl\\\/fr\\\/produit\\\/ordinateur-de-bord-climatisation-cadre-lancia-kappa-sans-volet\\\/#primaryimage\"},\"thumbnailUrl\":\"https:\\\/\\\/turijnmagazijn.nl\\\/wp-content\\\/uploads\\\/2023\\\/03\\\/DK00102400-Boordcomputer-airco-frame-Lancia-Kappa-3-1.jpg\",\"datePublished\":\"2023-03-03T08:26:20+00:00\",\"dateModified\":\"2024-01-01T19:46:54+00:00\",\"breadcrumb\":{\"@id\":\"https:\\\/\\\/turijnmagazijn.nl\\\/fr\\\/produit\\\/ordinateur-de-bord-climatisation-cadre-lancia-kappa-sans-volet\\\/#breadcrumb\"},\"inLanguage\":\"fr-FR\",\"potentialAction\":[{\"@type\":\"ReadAction\",\"target\":[\"https:\\\/\\\/turijnmagazijn.nl\\\/fr\\\/produit\\\/ordinateur-de-bord-climatisation-cadre-lancia-kappa-sans-volet\\\/\"]}]},{\"@type\":\"ImageObject\",\"inLanguage\":\"fr-FR\",\"@id\":\"https:\\\/\\\/turijnmagazijn.nl\\\/fr\\\/produit\\\/ordinateur-de-bord-climatisation-cadre-lancia-kappa-sans-volet\\\/#primaryimage\",\"url\":\"https:\\\/\\\/turijnmagazijn.nl\\\/wp-content\\\/uploads\\\/2023\\\/03\\\/DK00102400-Boordcomputer-airco-frame-Lancia-Kappa-3-1.jpg\",\"contentUrl\":\"https:\\\/\\\/turijnmagazijn.nl\\\/wp-content\\\/uploads\\\/2023\\\/03\\\/DK00102400-Boordcomputer-airco-frame-Lancia-Kappa-3-1.jpg\",\"width\":1024,\"height\":768},{\"@type\":\"BreadcrumbList\",\"@id\":\"https:\\\/\\\/turijnmagazijn.nl\\\/fr\\\/produit\\\/ordinateur-de-bord-climatisation-cadre-lancia-kappa-sans-volet\\\/#breadcrumb\",\"itemListElement\":[{\"@type\":\"ListItem\",\"position\":1,\"name\":\"Home\",\"item\":\"https:\\\/\\\/turijnmagazijn.nl\\\/fr\\\/\"},{\"@type\":\"ListItem\",\"position\":2,\"name\":\"Produits\",\"item\":\"https:\\\/\\\/turijnmagazijn.nl\\\/fr\\\/shop\\\/\"},{\"@type\":\"ListItem\",\"position\":3,\"name\":\"Cadre de climatisation d\u2019ordinateur de bord Lancia Kappa sans couvercle\"}]},{\"@type\":\"WebSite\",\"@id\":\"https:\\\/\\\/turijnmagazijn.jumpstone-dev.nl\\\/#website\",\"url\":\"https:\\\/\\\/turijnmagazijn.jumpstone-dev.nl\\\/\",\"name\":\"Turijnmagazijn\",\"description\":\"Onderdelen nieuw en gebruikt - Fiat &amp; Lancia\",\"publisher\":{\"@id\":\"https:\\\/\\\/turijnmagazijn.jumpstone-dev.nl\\\/#organization\"},\"potentialAction\":[{\"@type\":\"SearchAction\",\"target\":{\"@type\":\"EntryPoint\",\"urlTemplate\":\"https:\\\/\\\/turijnmagazijn.jumpstone-dev.nl\\\/?s={search_term_string}\"},\"query-input\":{\"@type\":\"PropertyValueSpecification\",\"valueRequired\":true,\"valueName\":\"search_term_string\"}}],\"inLanguage\":\"fr-FR\"},{\"@type\":\"Organization\",\"@id\":\"https:\\\/\\\/turijnmagazijn.jumpstone-dev.nl\\\/#organization\",\"name\":\"Turijnmagazijn\",\"url\":\"https:\\\/\\\/turijnmagazijn.jumpstone-dev.nl\\\/\",\"logo\":{\"@type\":\"ImageObject\",\"inLanguage\":\"fr-FR\",\"@id\":\"https:\\\/\\\/turijnmagazijn.jumpstone-dev.nl\\\/#\\\/schema\\\/logo\\\/image\\\/\",\"url\":\"https:\\\/\\\/turijnmagazijn.nl\\\/wp-content\\\/uploads\\\/2021\\\/02\\\/turijnmagazijnlogo.png\",\"contentUrl\":\"https:\\\/\\\/turijnmagazijn.nl\\\/wp-content\\\/uploads\\\/2021\\\/02\\\/turijnmagazijnlogo.png\",\"width\":555,\"height\":270,\"caption\":\"Turijnmagazijn\"},\"image\":{\"@id\":\"https:\\\/\\\/turijnmagazijn.jumpstone-dev.nl\\\/#\\\/schema\\\/logo\\\/image\\\/\"},\"sameAs\":[\"https:\\\/\\\/www.facebook.com\\\/turijnmagazijn\"]}]}<\/script>\n<!-- \/ Yoast SEO plugin. -->","yoast_head_json":{"title":"Cadre de climatisation d\u2019ordinateur de bord Lancia Kappa sans couvercle - Turijnmagazijn","robots":{"index":"index","follow":"follow","max-snippet":"max-snippet:-1","max-image-preview":"max-image-preview:large","max-video-preview":"max-video-preview:-1"},"canonical":"https:\/\/turijnmagazijn.nl\/fr\/produit\/ordinateur-de-bord-climatisation-cadre-lancia-kappa-sans-volet\/","og_locale":"fr_FR","og_type":"article","og_title":"Cadre de climatisation d\u2019ordinateur de bord Lancia Kappa sans couvercle - Turijnmagazijn","og_description":"Ch\u00e2ssis d\u2019ordinateur de bord Lancia Kappa - Cadre utilis\u00e9 pour ordinateur de bord Lancia Kappa.Cadre de climatisation d\u2019ordinateur de bord Lancia Kappa - Cadre utilis\u00e9 pour ordinateur de bord Lancia Kappa.Cadre de climatisation d\u2019ordinateur de bord Lancia Kappa sans volet - Cadre utilis\u00e9 pour ordinateur de bord","og_url":"https:\/\/turijnmagazijn.nl\/fr\/produit\/ordinateur-de-bord-climatisation-cadre-lancia-kappa-sans-volet\/","og_site_name":"Turijnmagazijn","article_publisher":"https:\/\/www.facebook.com\/turijnmagazijn","article_modified_time":"2024-01-01T19:46:54+00:00","og_image":[{"width":1024,"height":768,"url":"https:\/\/turijnmagazijn.nl\/wp-content\/uploads\/2023\/03\/DK00102400-Boordcomputer-airco-frame-Lancia-Kappa-3-1.jpg","type":"image\/jpeg"}],"twitter_card":"summary_large_image","schema":{"@context":"https:\/\/schema.org","@graph":[{"@type":"WebPage","@id":"https:\/\/turijnmagazijn.nl\/fr\/produit\/ordinateur-de-bord-climatisation-cadre-lancia-kappa-sans-volet\/","url":"https:\/\/turijnmagazijn.nl\/fr\/produit\/ordinateur-de-bord-climatisation-cadre-lancia-kappa-sans-volet\/","name":"Cadre de climatisation d\u2019ordinateur de bord Lancia Kappa sans couvercle - Turijnmagazijn","isPartOf":{"@id":"https:\/\/turijnmagazijn.jumpstone-dev.nl\/#website"},"primaryImageOfPage":{"@id":"https:\/\/turijnmagazijn.nl\/fr\/produit\/ordinateur-de-bord-climatisation-cadre-lancia-kappa-sans-volet\/#primaryimage"},"image":{"@id":"https:\/\/turijnmagazijn.nl\/fr\/produit\/ordinateur-de-bord-climatisation-cadre-lancia-kappa-sans-volet\/#primaryimage"},"thumbnailUrl":"https:\/\/turijnmagazijn.nl\/wp-content\/uploads\/2023\/03\/DK00102400-Boordcomputer-airco-frame-Lancia-Kappa-3-1.jpg","datePublished":"2023-03-03T08:26:20+00:00","dateModified":"2024-01-01T19:46:54+00:00","breadcrumb":{"@id":"https:\/\/turijnmagazijn.nl\/fr\/produit\/ordinateur-de-bord-climatisation-cadre-lancia-kappa-sans-volet\/#breadcrumb"},"inLanguage":"fr-FR","potentialAction":[{"@type":"ReadAction","target":["https:\/\/turijnmagazijn.nl\/fr\/produit\/ordinateur-de-bord-climatisation-cadre-lancia-kappa-sans-volet\/"]}]},{"@type":"ImageObject","inLanguage":"fr-FR","@id":"https:\/\/turijnmagazijn.nl\/fr\/produit\/ordinateur-de-bord-climatisation-cadre-lancia-kappa-sans-volet\/#primaryimage","url":"https:\/\/turijnmagazijn.nl\/wp-content\/uploads\/2023\/03\/DK00102400-Boordcomputer-airco-frame-Lancia-Kappa-3-1.jpg","contentUrl":"https:\/\/turijnmagazijn.nl\/wp-content\/uploads\/2023\/03\/DK00102400-Boordcomputer-airco-frame-Lancia-Kappa-3-1.jpg","width":1024,"height":768},{"@type":"BreadcrumbList","@id":"https:\/\/turijnmagazijn.nl\/fr\/produit\/ordinateur-de-bord-climatisation-cadre-lancia-kappa-sans-volet\/#breadcrumb","itemListElement":[{"@type":"ListItem","position":1,"name":"Home","item":"https:\/\/turijnmagazijn.nl\/fr\/"},{"@type":"ListItem","position":2,"name":"Produits","item":"https:\/\/turijnmagazijn.nl\/fr\/shop\/"},{"@type":"ListItem","position":3,"name":"Cadre de climatisation d\u2019ordinateur de bord Lancia Kappa sans couvercle"}]},{"@type":"WebSite","@id":"https:\/\/turijnmagazijn.jumpstone-dev.nl\/#website","url":"https:\/\/turijnmagazijn.jumpstone-dev.nl\/","name":"Turijnmagazijn","description":"Onderdelen nieuw en gebruikt - Fiat &amp; Lancia","publisher":{"@id":"https:\/\/turijnmagazijn.jumpstone-dev.nl\/#organization"},"potentialAction":[{"@type":"SearchAction","target":{"@type":"EntryPoint","urlTemplate":"https:\/\/turijnmagazijn.jumpstone-dev.nl\/?s={search_term_string}"},"query-input":{"@type":"PropertyValueSpecification","valueRequired":true,"valueName":"search_term_string"}}],"inLanguage":"fr-FR"},{"@type":"Organization","@id":"https:\/\/turijnmagazijn.jumpstone-dev.nl\/#organization","name":"Turijnmagazijn","url":"https:\/\/turijnmagazijn.jumpstone-dev.nl\/","logo":{"@type":"ImageObject","inLanguage":"fr-FR","@id":"https:\/\/turijnmagazijn.jumpstone-dev.nl\/#\/schema\/logo\/image\/","url":"https:\/\/turijnmagazijn.nl\/wp-content\/uploads\/2021\/02\/turijnmagazijnlogo.png","contentUrl":"https:\/\/turijnmagazijn.nl\/wp-content\/uploads\/2021\/02\/turijnmagazijnlogo.png","width":555,"height":270,"caption":"Turijnmagazijn"},"image":{"@id":"https:\/\/turijnmagazijn.jumpstone-dev.nl\/#\/schema\/logo\/image\/"},"sameAs":["https:\/\/www.facebook.com\/turijnmagazijn"]}]}},"_links":{"self":[{"href":"https:\/\/turijnmagazijn.nl\/fr\/wp-json\/wp\/v2\/product\/65322","targetHints":{"allow":["GET"]}}],"collection":[{"href":"https:\/\/turijnmagazijn.nl\/fr\/wp-json\/wp\/v2\/product"}],"about":[{"href":"https:\/\/turijnmagazijn.nl\/fr\/wp-json\/wp\/v2\/types\/product"}],"replies":[{"embeddable":true,"href":"https:\/\/turijnmagazijn.nl\/fr\/wp-json\/wp\/v2\/comments?post=65322"}],"wp:featuredmedia":[{"embeddable":true,"href":"https:\/\/turijnmagazijn.nl\/fr\/wp-json\/wp\/v2\/media\/49968"}],"wp:attachment":[{"href":"https:\/\/turijnmagazijn.nl\/fr\/wp-json\/wp\/v2\/media?parent=65322"}],"wp:term":[{"taxonomy":"product_brand","embeddable":true,"href":"https:\/\/turijnmagazijn.nl\/fr\/wp-json\/wp\/v2\/product_brand?post=65322"},{"taxonomy":"product_cat","embeddable":true,"href":"https:\/\/turijnmagazijn.nl\/fr\/wp-json\/wp\/v2\/product_cat?post=65322"},{"taxonomy":"product_tag","embeddable":true,"href":"https:\/\/turijnmagazijn.nl\/fr\/wp-json\/wp\/v2\/product_tag?post=65322"}],"curies":[{"name":"wp","href":"https:\/\/api.w.org\/{rel}","templated":true}]}}