{"id":65336,"date":"2023-03-03T09:26:44","date_gmt":"2023-03-03T08:26:44","guid":{"rendered":"https:\/\/turijnmagazijn.nl\/product\/allumage-1-cle-avec-telecommande-lancia-lybra\/"},"modified":"2023-07-27T12:26:16","modified_gmt":"2023-07-27T10:26:16","slug":"verrou-allumage-1-cle-avec-distance-lancia-lybra","status":"publish","type":"product","link":"https:\/\/turijnmagazijn.nl\/fr\/produit\/verrou-allumage-1-cle-avec-distance-lancia-lybra\/","title":{"rendered":"Allumage + 1 cl\u00e9 avec t\u00e9l\u00e9commande Lancia Lybra"},"content":{"rendered":"<p>Serrure de contact usag\u00e9e avec cylindre et cl\u00e9 correspondante.<\/p>\n<p>Concerne un verrou de contact en bon \u00e9tat. Ne convient que pour une utilisation dans gop une voiture manuelle.<\/p>\n<p>Lancia OEM 60657419<\/p>\n<p>&nbsp;<\/p>\n<p>La cl\u00e9 est une cl\u00e9 de t\u00e9l\u00e9commande Siemens originale avec carte de circuit imprim\u00e9 et puce pour la t\u00e9l\u00e9commande, mais sans la puce de transpondeur. Ceci est facile \u00e0 \u00e9changer avec votre ancienne puce de transpondeur. Les serrures de porte peuvent \u00eatre ajust\u00e9es par une serrure pour s\u2019adapter \u00e0 cette cl\u00e9. La t\u00e9l\u00e9commande doit \u00e9galement \u00eatre enseign\u00e9e sur votre voiture avec un ordinateur du concessionnaire.<\/p>\n<p>La cl\u00e9 est en parfait \u00e9tat, seul le logo Lancia manque.<\/p>\n<p>&nbsp;<\/p>\n<p>Cl\u00e9 OEM Lancia Lybra 60657419<\/p>\n<p>&nbsp;<\/p>\n<p>&nbsp;<\/p>\n","protected":false},"excerpt":{"rendered":"<p>Serrure de contact + 1 cl\u00e9 avec t\u00e9l\u00e9commande Lancia Lybra &#8211; Serrure de contact utilis\u00e9e avec cylindre et cl\u00e9 correspondante.<\/p>\n","protected":false},"featured_media":50004,"comment_status":"open","ping_status":"closed","template":"","meta":{"_acf_changed":false},"product_brand":[],"product_cat":[1798,1873],"product_tag":[],"class_list":{"0":"post-65336","1":"product","2":"type-product","3":"status-publish","4":"has-post-thumbnail","6":"product_cat-lancia-fr","7":"product_cat-lybra-839-fr","8":"pa_soort-onderdeel-dautres-pieces-de-voiture","9":"pa_soort-onderdeel-tableau-de-bord-et-commutateurs","11":"first","12":"instock","13":"shipping-taxable","14":"purchasable","15":"product-type-simple"},"acf":[],"yoast_head":"<!-- This site is optimized with the Yoast SEO plugin v27.2 - https:\/\/yoast.com\/product\/yoast-seo-wordpress\/ -->\n<title>Allumage + 1 cl\u00e9 avec t\u00e9l\u00e9commande Lancia Lybra - Turijnmagazijn<\/title>\n<meta name=\"robots\" content=\"index, follow, max-snippet:-1, max-image-preview:large, max-video-preview:-1\" \/>\n<link rel=\"canonical\" href=\"https:\/\/turijnmagazijn.nl\/fr\/produit\/verrou-allumage-1-cle-avec-distance-lancia-lybra\/\" \/>\n<meta property=\"og:locale\" content=\"fr_FR\" \/>\n<meta property=\"og:type\" content=\"article\" \/>\n<meta property=\"og:title\" content=\"Allumage + 1 cl\u00e9 avec t\u00e9l\u00e9commande Lancia Lybra - Turijnmagazijn\" \/>\n<meta property=\"og:description\" content=\"Serrure de contact + 1 cl\u00e9 avec t\u00e9l\u00e9commande Lancia Lybra - Serrure de contact utilis\u00e9e avec cylindre et cl\u00e9 correspondante.\" \/>\n<meta property=\"og:url\" content=\"https:\/\/turijnmagazijn.nl\/fr\/produit\/verrou-allumage-1-cle-avec-distance-lancia-lybra\/\" \/>\n<meta property=\"og:site_name\" content=\"Turijnmagazijn\" \/>\n<meta property=\"article:publisher\" content=\"https:\/\/www.facebook.com\/turijnmagazijn\" \/>\n<meta property=\"article:modified_time\" content=\"2023-07-27T10:26:16+00:00\" \/>\n<meta property=\"og:image\" content=\"https:\/\/turijnmagazijn.nl\/wp-content\/uploads\/2023\/03\/DK0010240120Contactslot2020120sleutel20met20afstandsbediening20Lancia20Lybra204.jpg\" \/>\n\t<meta property=\"og:image:width\" content=\"1024\" \/>\n\t<meta property=\"og:image:height\" content=\"768\" \/>\n\t<meta property=\"og:image:type\" content=\"image\/jpeg\" \/>\n<meta name=\"twitter:card\" content=\"summary_large_image\" \/>\n<meta name=\"twitter:label1\" content=\"Dur\u00e9e de lecture estim\u00e9e\" \/>\n\t<meta name=\"twitter:data1\" content=\"1 minute\" \/>\n<script type=\"application\/ld+json\" class=\"yoast-schema-graph\">{\"@context\":\"https:\/\/schema.org\",\"@graph\":[{\"@type\":\"WebPage\",\"@id\":\"https:\/\/turijnmagazijn.nl\/fr\/produit\/verrou-allumage-1-cle-avec-distance-lancia-lybra\/\",\"url\":\"https:\/\/turijnmagazijn.nl\/fr\/produit\/verrou-allumage-1-cle-avec-distance-lancia-lybra\/\",\"name\":\"Allumage + 1 cl\u00e9 avec t\u00e9l\u00e9commande Lancia Lybra - Turijnmagazijn\",\"isPartOf\":{\"@id\":\"https:\/\/turijnmagazijn.jumpstone-dev.nl\/#website\"},\"primaryImageOfPage\":{\"@id\":\"https:\/\/turijnmagazijn.nl\/fr\/produit\/verrou-allumage-1-cle-avec-distance-lancia-lybra\/#primaryimage\"},\"image\":{\"@id\":\"https:\/\/turijnmagazijn.nl\/fr\/produit\/verrou-allumage-1-cle-avec-distance-lancia-lybra\/#primaryimage\"},\"thumbnailUrl\":\"https:\/\/turijnmagazijn.nl\/wp-content\/uploads\/2023\/03\/DK0010240120Contactslot2020120sleutel20met20afstandsbediening20Lancia20Lybra204.jpg\",\"datePublished\":\"2023-03-03T08:26:44+00:00\",\"dateModified\":\"2023-07-27T10:26:16+00:00\",\"breadcrumb\":{\"@id\":\"https:\/\/turijnmagazijn.nl\/fr\/produit\/verrou-allumage-1-cle-avec-distance-lancia-lybra\/#breadcrumb\"},\"inLanguage\":\"fr-FR\",\"potentialAction\":[{\"@type\":\"ReadAction\",\"target\":[\"https:\/\/turijnmagazijn.nl\/fr\/produit\/verrou-allumage-1-cle-avec-distance-lancia-lybra\/\"]}]},{\"@type\":\"ImageObject\",\"inLanguage\":\"fr-FR\",\"@id\":\"https:\/\/turijnmagazijn.nl\/fr\/produit\/verrou-allumage-1-cle-avec-distance-lancia-lybra\/#primaryimage\",\"url\":\"https:\/\/turijnmagazijn.nl\/wp-content\/uploads\/2023\/03\/DK0010240120Contactslot2020120sleutel20met20afstandsbediening20Lancia20Lybra204.jpg\",\"contentUrl\":\"https:\/\/turijnmagazijn.nl\/wp-content\/uploads\/2023\/03\/DK0010240120Contactslot2020120sleutel20met20afstandsbediening20Lancia20Lybra204.jpg\",\"width\":1024,\"height\":768},{\"@type\":\"BreadcrumbList\",\"@id\":\"https:\/\/turijnmagazijn.nl\/fr\/produit\/verrou-allumage-1-cle-avec-distance-lancia-lybra\/#breadcrumb\",\"itemListElement\":[{\"@type\":\"ListItem\",\"position\":1,\"name\":\"Home\",\"item\":\"https:\/\/turijnmagazijn.nl\/fr\/\"},{\"@type\":\"ListItem\",\"position\":2,\"name\":\"Produits\",\"item\":\"https:\/\/turijnmagazijn.nl\/fr\/shop\/\"},{\"@type\":\"ListItem\",\"position\":3,\"name\":\"Allumage + 1 cl\u00e9 avec t\u00e9l\u00e9commande Lancia Lybra\"}]},{\"@type\":\"WebSite\",\"@id\":\"https:\/\/turijnmagazijn.jumpstone-dev.nl\/#website\",\"url\":\"https:\/\/turijnmagazijn.jumpstone-dev.nl\/\",\"name\":\"Turijnmagazijn\",\"description\":\"Onderdelen nieuw en gebruikt - Fiat &amp; Lancia\",\"publisher\":{\"@id\":\"https:\/\/turijnmagazijn.jumpstone-dev.nl\/#organization\"},\"potentialAction\":[{\"@type\":\"SearchAction\",\"target\":{\"@type\":\"EntryPoint\",\"urlTemplate\":\"https:\/\/turijnmagazijn.jumpstone-dev.nl\/?s={search_term_string}\"},\"query-input\":{\"@type\":\"PropertyValueSpecification\",\"valueRequired\":true,\"valueName\":\"search_term_string\"}}],\"inLanguage\":\"fr-FR\"},{\"@type\":\"Organization\",\"@id\":\"https:\/\/turijnmagazijn.jumpstone-dev.nl\/#organization\",\"name\":\"Turijnmagazijn\",\"url\":\"https:\/\/turijnmagazijn.jumpstone-dev.nl\/\",\"logo\":{\"@type\":\"ImageObject\",\"inLanguage\":\"fr-FR\",\"@id\":\"https:\/\/turijnmagazijn.jumpstone-dev.nl\/#\/schema\/logo\/image\/\",\"url\":\"https:\/\/turijnmagazijn.nl\/wp-content\/uploads\/2021\/02\/turijnmagazijnlogo.png\",\"contentUrl\":\"https:\/\/turijnmagazijn.nl\/wp-content\/uploads\/2021\/02\/turijnmagazijnlogo.png\",\"width\":555,\"height\":270,\"caption\":\"Turijnmagazijn\"},\"image\":{\"@id\":\"https:\/\/turijnmagazijn.jumpstone-dev.nl\/#\/schema\/logo\/image\/\"},\"sameAs\":[\"https:\/\/www.facebook.com\/turijnmagazijn\"]}]}<\/script>\n<!-- \/ Yoast SEO plugin. -->","yoast_head_json":{"title":"Allumage + 1 cl\u00e9 avec t\u00e9l\u00e9commande Lancia Lybra - Turijnmagazijn","robots":{"index":"index","follow":"follow","max-snippet":"max-snippet:-1","max-image-preview":"max-image-preview:large","max-video-preview":"max-video-preview:-1"},"canonical":"https:\/\/turijnmagazijn.nl\/fr\/produit\/verrou-allumage-1-cle-avec-distance-lancia-lybra\/","og_locale":"fr_FR","og_type":"article","og_title":"Allumage + 1 cl\u00e9 avec t\u00e9l\u00e9commande Lancia Lybra - Turijnmagazijn","og_description":"Serrure de contact + 1 cl\u00e9 avec t\u00e9l\u00e9commande Lancia Lybra - Serrure de contact utilis\u00e9e avec cylindre et cl\u00e9 correspondante.","og_url":"https:\/\/turijnmagazijn.nl\/fr\/produit\/verrou-allumage-1-cle-avec-distance-lancia-lybra\/","og_site_name":"Turijnmagazijn","article_publisher":"https:\/\/www.facebook.com\/turijnmagazijn","article_modified_time":"2023-07-27T10:26:16+00:00","og_image":[{"width":1024,"height":768,"url":"https:\/\/turijnmagazijn.nl\/wp-content\/uploads\/2023\/03\/DK0010240120Contactslot2020120sleutel20met20afstandsbediening20Lancia20Lybra204.jpg","type":"image\/jpeg"}],"twitter_card":"summary_large_image","twitter_misc":{"Dur\u00e9e de lecture estim\u00e9e":"1 minute"},"schema":{"@context":"https:\/\/schema.org","@graph":[{"@type":"WebPage","@id":"https:\/\/turijnmagazijn.nl\/fr\/produit\/verrou-allumage-1-cle-avec-distance-lancia-lybra\/","url":"https:\/\/turijnmagazijn.nl\/fr\/produit\/verrou-allumage-1-cle-avec-distance-lancia-lybra\/","name":"Allumage + 1 cl\u00e9 avec t\u00e9l\u00e9commande Lancia Lybra - Turijnmagazijn","isPartOf":{"@id":"https:\/\/turijnmagazijn.jumpstone-dev.nl\/#website"},"primaryImageOfPage":{"@id":"https:\/\/turijnmagazijn.nl\/fr\/produit\/verrou-allumage-1-cle-avec-distance-lancia-lybra\/#primaryimage"},"image":{"@id":"https:\/\/turijnmagazijn.nl\/fr\/produit\/verrou-allumage-1-cle-avec-distance-lancia-lybra\/#primaryimage"},"thumbnailUrl":"https:\/\/turijnmagazijn.nl\/wp-content\/uploads\/2023\/03\/DK0010240120Contactslot2020120sleutel20met20afstandsbediening20Lancia20Lybra204.jpg","datePublished":"2023-03-03T08:26:44+00:00","dateModified":"2023-07-27T10:26:16+00:00","breadcrumb":{"@id":"https:\/\/turijnmagazijn.nl\/fr\/produit\/verrou-allumage-1-cle-avec-distance-lancia-lybra\/#breadcrumb"},"inLanguage":"fr-FR","potentialAction":[{"@type":"ReadAction","target":["https:\/\/turijnmagazijn.nl\/fr\/produit\/verrou-allumage-1-cle-avec-distance-lancia-lybra\/"]}]},{"@type":"ImageObject","inLanguage":"fr-FR","@id":"https:\/\/turijnmagazijn.nl\/fr\/produit\/verrou-allumage-1-cle-avec-distance-lancia-lybra\/#primaryimage","url":"https:\/\/turijnmagazijn.nl\/wp-content\/uploads\/2023\/03\/DK0010240120Contactslot2020120sleutel20met20afstandsbediening20Lancia20Lybra204.jpg","contentUrl":"https:\/\/turijnmagazijn.nl\/wp-content\/uploads\/2023\/03\/DK0010240120Contactslot2020120sleutel20met20afstandsbediening20Lancia20Lybra204.jpg","width":1024,"height":768},{"@type":"BreadcrumbList","@id":"https:\/\/turijnmagazijn.nl\/fr\/produit\/verrou-allumage-1-cle-avec-distance-lancia-lybra\/#breadcrumb","itemListElement":[{"@type":"ListItem","position":1,"name":"Home","item":"https:\/\/turijnmagazijn.nl\/fr\/"},{"@type":"ListItem","position":2,"name":"Produits","item":"https:\/\/turijnmagazijn.nl\/fr\/shop\/"},{"@type":"ListItem","position":3,"name":"Allumage + 1 cl\u00e9 avec t\u00e9l\u00e9commande Lancia Lybra"}]},{"@type":"WebSite","@id":"https:\/\/turijnmagazijn.jumpstone-dev.nl\/#website","url":"https:\/\/turijnmagazijn.jumpstone-dev.nl\/","name":"Turijnmagazijn","description":"Onderdelen nieuw en gebruikt - Fiat &amp; Lancia","publisher":{"@id":"https:\/\/turijnmagazijn.jumpstone-dev.nl\/#organization"},"potentialAction":[{"@type":"SearchAction","target":{"@type":"EntryPoint","urlTemplate":"https:\/\/turijnmagazijn.jumpstone-dev.nl\/?s={search_term_string}"},"query-input":{"@type":"PropertyValueSpecification","valueRequired":true,"valueName":"search_term_string"}}],"inLanguage":"fr-FR"},{"@type":"Organization","@id":"https:\/\/turijnmagazijn.jumpstone-dev.nl\/#organization","name":"Turijnmagazijn","url":"https:\/\/turijnmagazijn.jumpstone-dev.nl\/","logo":{"@type":"ImageObject","inLanguage":"fr-FR","@id":"https:\/\/turijnmagazijn.jumpstone-dev.nl\/#\/schema\/logo\/image\/","url":"https:\/\/turijnmagazijn.nl\/wp-content\/uploads\/2021\/02\/turijnmagazijnlogo.png","contentUrl":"https:\/\/turijnmagazijn.nl\/wp-content\/uploads\/2021\/02\/turijnmagazijnlogo.png","width":555,"height":270,"caption":"Turijnmagazijn"},"image":{"@id":"https:\/\/turijnmagazijn.jumpstone-dev.nl\/#\/schema\/logo\/image\/"},"sameAs":["https:\/\/www.facebook.com\/turijnmagazijn"]}]}},"_links":{"self":[{"href":"https:\/\/turijnmagazijn.nl\/fr\/wp-json\/wp\/v2\/product\/65336","targetHints":{"allow":["GET"]}}],"collection":[{"href":"https:\/\/turijnmagazijn.nl\/fr\/wp-json\/wp\/v2\/product"}],"about":[{"href":"https:\/\/turijnmagazijn.nl\/fr\/wp-json\/wp\/v2\/types\/product"}],"replies":[{"embeddable":true,"href":"https:\/\/turijnmagazijn.nl\/fr\/wp-json\/wp\/v2\/comments?post=65336"}],"wp:featuredmedia":[{"embeddable":true,"href":"https:\/\/turijnmagazijn.nl\/fr\/wp-json\/wp\/v2\/media\/50004"}],"wp:attachment":[{"href":"https:\/\/turijnmagazijn.nl\/fr\/wp-json\/wp\/v2\/media?parent=65336"}],"wp:term":[{"taxonomy":"product_brand","embeddable":true,"href":"https:\/\/turijnmagazijn.nl\/fr\/wp-json\/wp\/v2\/product_brand?post=65336"},{"taxonomy":"product_cat","embeddable":true,"href":"https:\/\/turijnmagazijn.nl\/fr\/wp-json\/wp\/v2\/product_cat?post=65336"},{"taxonomy":"product_tag","embeddable":true,"href":"https:\/\/turijnmagazijn.nl\/fr\/wp-json\/wp\/v2\/product_tag?post=65336"}],"curies":[{"name":"wp","href":"https:\/\/api.w.org\/{rel}","templated":true}]}}