{"id":65352,"date":"2023-03-03T09:26:45","date_gmt":"2023-03-03T08:26:45","guid":{"rendered":"https:\/\/turijnmagazijn.nl\/product\/tableau-de-bord-lancia-lybra-1-8-16v\/"},"modified":"2023-07-27T12:26:16","modified_gmt":"2023-07-27T10:26:16","slug":"tableau-de-bord-lancia-lybra-1-8-16v","status":"publish","type":"product","link":"https:\/\/turijnmagazijn.nl\/fr\/produit\/tableau-de-bord-lancia-lybra-1-8-16v\/","title":{"rendered":"Tableau de bord Lancia Lybra 1.8 16V"},"content":{"rendered":"<p>Utilise le tableau de bord Veglia Borletti pour le montage dans le tableau&nbsp;de bord d\u2019une&nbsp;Lancia Lybra.&nbsp;<\/p>\n<p>Voir les photos pour avoir une bonne id\u00e9e de l\u2019\u00e9tat de cet appareil.<\/p>\n<p style=\"margin-top: 0px; margin-bottom: 20px; line-height: normal;\">Le kilom\u00e9trage est stock\u00e9 dans cette bo\u00eete de comptoir. Le compteur kilom\u00e9trique \u00e9tait \u00e0 <span style=\"font-weight: bold;\"><br \/>\n  <span style=\"color: rgb(0, 0, 0);\">km inconnu<\/span><br \/>\n  &nbsp;<br \/>\n<\/span>et le panneau est le<span style=\"line-height: 20.8px;\">r\u00e9sultat d\u2019une berline Lancia Lybra 1.8 16V construite en 2000.<\/span><\/p>\n<p style=\"margin-top: 0px; margin-bottom: 20px; line-height: normal;\">Si le module d\u2019\u00e9clairage de votre tableau de bord est d\u00e9fectueux, le tableau de bord doit \u00eatre agrandi et r\u00e9vis\u00e9. Cette r\u00e9vision co\u00fbte g\u00e9n\u00e9ralement environ 200, sans compter l\u2019installation et l\u2019agrandissement de l\u2019unit\u00e9. Le remplacement par un fonctionnel est une alternative moins ch\u00e8re.<\/p>\n<p>Les num\u00e9ros de production sur les instruments de Veglia Borletti sont:<\/p>\n<p>60.2840.003.0<\/p>\n<p>60.2840.006.0<\/p>\n<p>60.2840.990.6<\/p>\n<p>Num\u00e9ro OEM Lancia 46754311 appel\u00e9 \u00a0\u00bb INSTRUMENT \u00c0 INDICATIONS MULTIPLES \u00bb<\/p>\n","protected":false},"excerpt":{"rendered":"<p>Planche aux instruments Lancia Lybra &#8211; Tableau de bord by Veglia Borletti pour montage dans le tableau de bord d\u2019une Lancia Lybra.Panneau d\u2019instruments Lancia Lybra &#8211; Tableau de bord de<\/p>\n","protected":false},"featured_media":50028,"comment_status":"open","ping_status":"closed","template":"","meta":{"_acf_changed":false},"product_brand":[],"product_cat":[1798,1873,1882],"product_tag":[],"class_list":{"0":"post-65352","1":"product","2":"type-product","3":"status-publish","4":"has-post-thumbnail","6":"product_cat-lancia-fr","7":"product_cat-lybra-839-fr","8":"product_cat-sedan-lybra-839-fr","9":"pa_soort-onderdeel-climatisation-et-chauffage","10":"pa_soort-onderdeel-tableau-de-bord-et-commutateurs","12":"first","13":"instock","14":"shipping-taxable","15":"purchasable","16":"product-type-simple"},"acf":[],"yoast_head":"<!-- This site is optimized with the Yoast SEO plugin v27.2 - https:\/\/yoast.com\/product\/yoast-seo-wordpress\/ -->\n<title>Tableau de bord Lancia Lybra 1.8 16V - Turijnmagazijn<\/title>\n<meta name=\"robots\" content=\"index, follow, max-snippet:-1, max-image-preview:large, max-video-preview:-1\" \/>\n<link rel=\"canonical\" href=\"https:\/\/turijnmagazijn.nl\/fr\/produit\/tableau-de-bord-lancia-lybra-1-8-16v\/\" \/>\n<meta property=\"og:locale\" content=\"fr_FR\" \/>\n<meta property=\"og:type\" content=\"article\" \/>\n<meta property=\"og:title\" content=\"Tableau de bord Lancia Lybra 1.8 16V - Turijnmagazijn\" \/>\n<meta property=\"og:description\" content=\"Planche aux instruments Lancia Lybra - Tableau de bord by Veglia Borletti pour montage dans le tableau de bord d\u2019une Lancia Lybra.Panneau d\u2019instruments Lancia Lybra - Tableau de bord de\" \/>\n<meta property=\"og:url\" content=\"https:\/\/turijnmagazijn.nl\/fr\/produit\/tableau-de-bord-lancia-lybra-1-8-16v\/\" \/>\n<meta property=\"og:site_name\" content=\"Turijnmagazijn\" \/>\n<meta property=\"article:publisher\" content=\"https:\/\/www.facebook.com\/turijnmagazijn\" \/>\n<meta property=\"article:modified_time\" content=\"2023-07-27T10:26:16+00:00\" \/>\n<meta property=\"og:image\" content=\"https:\/\/turijnmagazijn.nl\/wp-content\/uploads\/2023\/03\/DK00102402-Instrumentenpaneel-Lancia-Lybra-1.8-16V-3-1.jpg\" \/>\n\t<meta property=\"og:image:width\" content=\"1024\" \/>\n\t<meta property=\"og:image:height\" content=\"768\" \/>\n\t<meta property=\"og:image:type\" content=\"image\/jpeg\" \/>\n<meta name=\"twitter:card\" content=\"summary_large_image\" \/>\n<meta name=\"twitter:label1\" content=\"Dur\u00e9e de lecture estim\u00e9e\" \/>\n\t<meta name=\"twitter:data1\" content=\"1 minute\" \/>\n<script type=\"application\/ld+json\" class=\"yoast-schema-graph\">{\"@context\":\"https:\/\/schema.org\",\"@graph\":[{\"@type\":\"WebPage\",\"@id\":\"https:\/\/turijnmagazijn.nl\/fr\/produit\/tableau-de-bord-lancia-lybra-1-8-16v\/\",\"url\":\"https:\/\/turijnmagazijn.nl\/fr\/produit\/tableau-de-bord-lancia-lybra-1-8-16v\/\",\"name\":\"Tableau de bord Lancia Lybra 1.8 16V - Turijnmagazijn\",\"isPartOf\":{\"@id\":\"https:\/\/turijnmagazijn.jumpstone-dev.nl\/#website\"},\"primaryImageOfPage\":{\"@id\":\"https:\/\/turijnmagazijn.nl\/fr\/produit\/tableau-de-bord-lancia-lybra-1-8-16v\/#primaryimage\"},\"image\":{\"@id\":\"https:\/\/turijnmagazijn.nl\/fr\/produit\/tableau-de-bord-lancia-lybra-1-8-16v\/#primaryimage\"},\"thumbnailUrl\":\"https:\/\/turijnmagazijn.nl\/wp-content\/uploads\/2023\/03\/DK00102402-Instrumentenpaneel-Lancia-Lybra-1.8-16V-3-1.jpg\",\"datePublished\":\"2023-03-03T08:26:45+00:00\",\"dateModified\":\"2023-07-27T10:26:16+00:00\",\"breadcrumb\":{\"@id\":\"https:\/\/turijnmagazijn.nl\/fr\/produit\/tableau-de-bord-lancia-lybra-1-8-16v\/#breadcrumb\"},\"inLanguage\":\"fr-FR\",\"potentialAction\":[{\"@type\":\"ReadAction\",\"target\":[\"https:\/\/turijnmagazijn.nl\/fr\/produit\/tableau-de-bord-lancia-lybra-1-8-16v\/\"]}]},{\"@type\":\"ImageObject\",\"inLanguage\":\"fr-FR\",\"@id\":\"https:\/\/turijnmagazijn.nl\/fr\/produit\/tableau-de-bord-lancia-lybra-1-8-16v\/#primaryimage\",\"url\":\"https:\/\/turijnmagazijn.nl\/wp-content\/uploads\/2023\/03\/DK00102402-Instrumentenpaneel-Lancia-Lybra-1.8-16V-3-1.jpg\",\"contentUrl\":\"https:\/\/turijnmagazijn.nl\/wp-content\/uploads\/2023\/03\/DK00102402-Instrumentenpaneel-Lancia-Lybra-1.8-16V-3-1.jpg\",\"width\":1024,\"height\":768},{\"@type\":\"BreadcrumbList\",\"@id\":\"https:\/\/turijnmagazijn.nl\/fr\/produit\/tableau-de-bord-lancia-lybra-1-8-16v\/#breadcrumb\",\"itemListElement\":[{\"@type\":\"ListItem\",\"position\":1,\"name\":\"Home\",\"item\":\"https:\/\/turijnmagazijn.jumpstone-dev.nl\/\"},{\"@type\":\"ListItem\",\"position\":2,\"name\":\"Produits\",\"item\":\"https:\/\/turijnmagazijn.nl\/fr\/shop\/\"},{\"@type\":\"ListItem\",\"position\":3,\"name\":\"Tableau de bord Lancia Lybra 1.8 16V\"}]},{\"@type\":\"WebSite\",\"@id\":\"https:\/\/turijnmagazijn.jumpstone-dev.nl\/#website\",\"url\":\"https:\/\/turijnmagazijn.jumpstone-dev.nl\/\",\"name\":\"Turijnmagazijn\",\"description\":\"Onderdelen nieuw en gebruikt - Fiat &amp; Lancia\",\"publisher\":{\"@id\":\"https:\/\/turijnmagazijn.jumpstone-dev.nl\/#organization\"},\"potentialAction\":[{\"@type\":\"SearchAction\",\"target\":{\"@type\":\"EntryPoint\",\"urlTemplate\":\"https:\/\/turijnmagazijn.jumpstone-dev.nl\/?s={search_term_string}\"},\"query-input\":{\"@type\":\"PropertyValueSpecification\",\"valueRequired\":true,\"valueName\":\"search_term_string\"}}],\"inLanguage\":\"fr-FR\"},{\"@type\":\"Organization\",\"@id\":\"https:\/\/turijnmagazijn.jumpstone-dev.nl\/#organization\",\"name\":\"Turijnmagazijn\",\"url\":\"https:\/\/turijnmagazijn.jumpstone-dev.nl\/\",\"logo\":{\"@type\":\"ImageObject\",\"inLanguage\":\"fr-FR\",\"@id\":\"https:\/\/turijnmagazijn.jumpstone-dev.nl\/#\/schema\/logo\/image\/\",\"url\":\"https:\/\/turijnmagazijn.nl\/wp-content\/uploads\/2021\/02\/turijnmagazijnlogo.png\",\"contentUrl\":\"https:\/\/turijnmagazijn.nl\/wp-content\/uploads\/2021\/02\/turijnmagazijnlogo.png\",\"width\":555,\"height\":270,\"caption\":\"Turijnmagazijn\"},\"image\":{\"@id\":\"https:\/\/turijnmagazijn.jumpstone-dev.nl\/#\/schema\/logo\/image\/\"},\"sameAs\":[\"https:\/\/www.facebook.com\/turijnmagazijn\"]}]}<\/script>\n<!-- \/ Yoast SEO plugin. -->","yoast_head_json":{"title":"Tableau de bord Lancia Lybra 1.8 16V - Turijnmagazijn","robots":{"index":"index","follow":"follow","max-snippet":"max-snippet:-1","max-image-preview":"max-image-preview:large","max-video-preview":"max-video-preview:-1"},"canonical":"https:\/\/turijnmagazijn.nl\/fr\/produit\/tableau-de-bord-lancia-lybra-1-8-16v\/","og_locale":"fr_FR","og_type":"article","og_title":"Tableau de bord Lancia Lybra 1.8 16V - Turijnmagazijn","og_description":"Planche aux instruments Lancia Lybra - Tableau de bord by Veglia Borletti pour montage dans le tableau de bord d\u2019une Lancia Lybra.Panneau d\u2019instruments Lancia Lybra - Tableau de bord de","og_url":"https:\/\/turijnmagazijn.nl\/fr\/produit\/tableau-de-bord-lancia-lybra-1-8-16v\/","og_site_name":"Turijnmagazijn","article_publisher":"https:\/\/www.facebook.com\/turijnmagazijn","article_modified_time":"2023-07-27T10:26:16+00:00","og_image":[{"width":1024,"height":768,"url":"https:\/\/turijnmagazijn.nl\/wp-content\/uploads\/2023\/03\/DK00102402-Instrumentenpaneel-Lancia-Lybra-1.8-16V-3-1.jpg","type":"image\/jpeg"}],"twitter_card":"summary_large_image","twitter_misc":{"Dur\u00e9e de lecture estim\u00e9e":"1 minute"},"schema":{"@context":"https:\/\/schema.org","@graph":[{"@type":"WebPage","@id":"https:\/\/turijnmagazijn.nl\/fr\/produit\/tableau-de-bord-lancia-lybra-1-8-16v\/","url":"https:\/\/turijnmagazijn.nl\/fr\/produit\/tableau-de-bord-lancia-lybra-1-8-16v\/","name":"Tableau de bord Lancia Lybra 1.8 16V - Turijnmagazijn","isPartOf":{"@id":"https:\/\/turijnmagazijn.jumpstone-dev.nl\/#website"},"primaryImageOfPage":{"@id":"https:\/\/turijnmagazijn.nl\/fr\/produit\/tableau-de-bord-lancia-lybra-1-8-16v\/#primaryimage"},"image":{"@id":"https:\/\/turijnmagazijn.nl\/fr\/produit\/tableau-de-bord-lancia-lybra-1-8-16v\/#primaryimage"},"thumbnailUrl":"https:\/\/turijnmagazijn.nl\/wp-content\/uploads\/2023\/03\/DK00102402-Instrumentenpaneel-Lancia-Lybra-1.8-16V-3-1.jpg","datePublished":"2023-03-03T08:26:45+00:00","dateModified":"2023-07-27T10:26:16+00:00","breadcrumb":{"@id":"https:\/\/turijnmagazijn.nl\/fr\/produit\/tableau-de-bord-lancia-lybra-1-8-16v\/#breadcrumb"},"inLanguage":"fr-FR","potentialAction":[{"@type":"ReadAction","target":["https:\/\/turijnmagazijn.nl\/fr\/produit\/tableau-de-bord-lancia-lybra-1-8-16v\/"]}]},{"@type":"ImageObject","inLanguage":"fr-FR","@id":"https:\/\/turijnmagazijn.nl\/fr\/produit\/tableau-de-bord-lancia-lybra-1-8-16v\/#primaryimage","url":"https:\/\/turijnmagazijn.nl\/wp-content\/uploads\/2023\/03\/DK00102402-Instrumentenpaneel-Lancia-Lybra-1.8-16V-3-1.jpg","contentUrl":"https:\/\/turijnmagazijn.nl\/wp-content\/uploads\/2023\/03\/DK00102402-Instrumentenpaneel-Lancia-Lybra-1.8-16V-3-1.jpg","width":1024,"height":768},{"@type":"BreadcrumbList","@id":"https:\/\/turijnmagazijn.nl\/fr\/produit\/tableau-de-bord-lancia-lybra-1-8-16v\/#breadcrumb","itemListElement":[{"@type":"ListItem","position":1,"name":"Home","item":"https:\/\/turijnmagazijn.jumpstone-dev.nl\/"},{"@type":"ListItem","position":2,"name":"Produits","item":"https:\/\/turijnmagazijn.nl\/fr\/shop\/"},{"@type":"ListItem","position":3,"name":"Tableau de bord Lancia Lybra 1.8 16V"}]},{"@type":"WebSite","@id":"https:\/\/turijnmagazijn.jumpstone-dev.nl\/#website","url":"https:\/\/turijnmagazijn.jumpstone-dev.nl\/","name":"Turijnmagazijn","description":"Onderdelen nieuw en gebruikt - Fiat &amp; Lancia","publisher":{"@id":"https:\/\/turijnmagazijn.jumpstone-dev.nl\/#organization"},"potentialAction":[{"@type":"SearchAction","target":{"@type":"EntryPoint","urlTemplate":"https:\/\/turijnmagazijn.jumpstone-dev.nl\/?s={search_term_string}"},"query-input":{"@type":"PropertyValueSpecification","valueRequired":true,"valueName":"search_term_string"}}],"inLanguage":"fr-FR"},{"@type":"Organization","@id":"https:\/\/turijnmagazijn.jumpstone-dev.nl\/#organization","name":"Turijnmagazijn","url":"https:\/\/turijnmagazijn.jumpstone-dev.nl\/","logo":{"@type":"ImageObject","inLanguage":"fr-FR","@id":"https:\/\/turijnmagazijn.jumpstone-dev.nl\/#\/schema\/logo\/image\/","url":"https:\/\/turijnmagazijn.nl\/wp-content\/uploads\/2021\/02\/turijnmagazijnlogo.png","contentUrl":"https:\/\/turijnmagazijn.nl\/wp-content\/uploads\/2021\/02\/turijnmagazijnlogo.png","width":555,"height":270,"caption":"Turijnmagazijn"},"image":{"@id":"https:\/\/turijnmagazijn.jumpstone-dev.nl\/#\/schema\/logo\/image\/"},"sameAs":["https:\/\/www.facebook.com\/turijnmagazijn"]}]}},"_links":{"self":[{"href":"https:\/\/turijnmagazijn.nl\/fr\/wp-json\/wp\/v2\/product\/65352","targetHints":{"allow":["GET"]}}],"collection":[{"href":"https:\/\/turijnmagazijn.nl\/fr\/wp-json\/wp\/v2\/product"}],"about":[{"href":"https:\/\/turijnmagazijn.nl\/fr\/wp-json\/wp\/v2\/types\/product"}],"replies":[{"embeddable":true,"href":"https:\/\/turijnmagazijn.nl\/fr\/wp-json\/wp\/v2\/comments?post=65352"}],"wp:featuredmedia":[{"embeddable":true,"href":"https:\/\/turijnmagazijn.nl\/fr\/wp-json\/wp\/v2\/media\/50028"}],"wp:attachment":[{"href":"https:\/\/turijnmagazijn.nl\/fr\/wp-json\/wp\/v2\/media?parent=65352"}],"wp:term":[{"taxonomy":"product_brand","embeddable":true,"href":"https:\/\/turijnmagazijn.nl\/fr\/wp-json\/wp\/v2\/product_brand?post=65352"},{"taxonomy":"product_cat","embeddable":true,"href":"https:\/\/turijnmagazijn.nl\/fr\/wp-json\/wp\/v2\/product_cat?post=65352"},{"taxonomy":"product_tag","embeddable":true,"href":"https:\/\/turijnmagazijn.nl\/fr\/wp-json\/wp\/v2\/product_tag?post=65352"}],"curies":[{"name":"wp","href":"https:\/\/api.w.org\/{rel}","templated":true}]}}