{"id":65386,"date":"2023-03-03T09:30:14","date_gmt":"2023-03-03T08:30:14","guid":{"rendered":"https:\/\/turijnmagazijn.nl\/product\/panneau-de-gonflement-de-climatisation-lancia-dedra-bois-optique-aluminium\/"},"modified":"2023-07-27T13:24:02","modified_gmt":"2023-07-27T11:24:02","slug":"air-conditionne-panneau-de-houle-lancia-dedra-bois-optique-aluminium","status":"publish","type":"product","link":"https:\/\/turijnmagazijn.nl\/fr\/produit\/air-conditionne-panneau-de-houle-lancia-dedra-bois-optique-aluminium\/","title":{"rendered":"Panneau de gonflement de climatisation Lancia Dedra bois optique aluminium"},"content":{"rendered":"<p>Panneau de commande utilis\u00e9 pour la climatisation pour les ann\u00e9es Lancia Dedra entre 1989-1994. Provenant d\u2019un Dedra pr\u00e9coce avec des pi\u00e8ces int\u00e9rieures en bois.<\/p>\n<p>L\u2019appareil est l\u00e9g\u00e8rement endommag\u00e9; 2 plaques de symboles sont manquantes.&nbsp;<\/p>\n<p>Techniquement, le bo\u00eetier est en excellent \u00e9tat, tous les points de montage sont encore soign\u00e9s.<\/p>\n<p>L\u2019optique de la pi\u00e8ce en aluminium sur laquelle l\u2019aspect bois est appliqu\u00e9 est \u00e9galement en excellent \u00e9tat.&nbsp;<\/p>\n<p>Complet avec l\u2019\u00e9lectronique de travail.<\/p>\n<p><\/p>\n<p>OEM lancia 176564680<\/p>\n","protected":false},"excerpt":{"rendered":"<p>Panneau de d\u00e9dicace de climatisation Lancia Dedra bois optique aluminium &#8211; Panneau de commande utilis\u00e9 pour la climatisation pour Lancia Dedra.Panneau de gonflement de climatisation Lancia Dedra bois optique aluminium &#8211; Panneau de commande utilis\u00e9 pour la climatisation pour Lancia Dedra ann\u00e9es de construction entre 1989<\/p>\n","protected":false},"featured_media":50516,"comment_status":"open","ping_status":"closed","template":"","meta":{"_acf_changed":false},"product_brand":[],"product_cat":[1802,1798],"product_tag":[],"class_list":{"0":"post-65386","1":"product","2":"type-product","3":"status-publish","4":"has-post-thumbnail","6":"product_cat-dedra-835-fr","7":"product_cat-lancia-fr","8":"pa_soort-onderdeel-interieur-et-sellerie","9":"pa_soort-onderdeel-tableau-de-bord-et-commutateurs","11":"first","12":"instock","13":"shipping-taxable","14":"purchasable","15":"product-type-simple"},"acf":[],"yoast_head":"<!-- This site is optimized with the Yoast SEO plugin v27.3 - https:\/\/yoast.com\/product\/yoast-seo-wordpress\/ -->\n<title>Panneau de gonflement de climatisation Lancia Dedra bois optique aluminium - Turijnmagazijn<\/title>\n<meta name=\"robots\" content=\"index, follow, max-snippet:-1, max-image-preview:large, max-video-preview:-1\" \/>\n<link rel=\"canonical\" href=\"https:\/\/turijnmagazijn.nl\/fr\/produit\/air-conditionne-panneau-de-houle-lancia-dedra-bois-optique-aluminium\/\" \/>\n<meta property=\"og:locale\" content=\"fr_FR\" \/>\n<meta property=\"og:type\" content=\"article\" \/>\n<meta property=\"og:title\" content=\"Panneau de gonflement de climatisation Lancia Dedra bois optique aluminium - Turijnmagazijn\" \/>\n<meta property=\"og:description\" content=\"Panneau de d\u00e9dicace de climatisation Lancia Dedra bois optique aluminium - Panneau de commande utilis\u00e9 pour la climatisation pour Lancia Dedra.Panneau de gonflement de climatisation Lancia Dedra bois optique aluminium - Panneau de commande utilis\u00e9 pour la climatisation pour Lancia Dedra ann\u00e9es de construction entre 1989\" \/>\n<meta property=\"og:url\" content=\"https:\/\/turijnmagazijn.nl\/fr\/produit\/air-conditionne-panneau-de-houle-lancia-dedra-bois-optique-aluminium\/\" \/>\n<meta property=\"og:site_name\" content=\"Turijnmagazijn\" \/>\n<meta property=\"article:publisher\" content=\"https:\/\/www.facebook.com\/turijnmagazijn\" \/>\n<meta property=\"article:modified_time\" content=\"2023-07-27T11:24:02+00:00\" \/>\n<meta property=\"og:image\" content=\"https:\/\/turijnmagazijn.nl\/wp-content\/uploads\/2023\/03\/DK00102422-Airco-bedeiningspaneel-Lancia-Dedra-houtoptiek-aluminium-3-1.jpg\" \/>\n\t<meta property=\"og:image:width\" content=\"1024\" \/>\n\t<meta property=\"og:image:height\" content=\"768\" \/>\n\t<meta property=\"og:image:type\" content=\"image\/jpeg\" \/>\n<meta name=\"twitter:card\" content=\"summary_large_image\" \/>\n<script type=\"application\/ld+json\" class=\"yoast-schema-graph\">{\"@context\":\"https:\\\/\\\/schema.org\",\"@graph\":[{\"@type\":\"WebPage\",\"@id\":\"https:\\\/\\\/turijnmagazijn.nl\\\/fr\\\/produit\\\/air-conditionne-panneau-de-houle-lancia-dedra-bois-optique-aluminium\\\/\",\"url\":\"https:\\\/\\\/turijnmagazijn.nl\\\/fr\\\/produit\\\/air-conditionne-panneau-de-houle-lancia-dedra-bois-optique-aluminium\\\/\",\"name\":\"Panneau de gonflement de climatisation Lancia Dedra bois optique aluminium - Turijnmagazijn\",\"isPartOf\":{\"@id\":\"https:\\\/\\\/turijnmagazijn.jumpstone-dev.nl\\\/#website\"},\"primaryImageOfPage\":{\"@id\":\"https:\\\/\\\/turijnmagazijn.nl\\\/fr\\\/produit\\\/air-conditionne-panneau-de-houle-lancia-dedra-bois-optique-aluminium\\\/#primaryimage\"},\"image\":{\"@id\":\"https:\\\/\\\/turijnmagazijn.nl\\\/fr\\\/produit\\\/air-conditionne-panneau-de-houle-lancia-dedra-bois-optique-aluminium\\\/#primaryimage\"},\"thumbnailUrl\":\"https:\\\/\\\/turijnmagazijn.nl\\\/wp-content\\\/uploads\\\/2023\\\/03\\\/DK00102422-Airco-bedeiningspaneel-Lancia-Dedra-houtoptiek-aluminium-3-1.jpg\",\"datePublished\":\"2023-03-03T08:30:14+00:00\",\"dateModified\":\"2023-07-27T11:24:02+00:00\",\"breadcrumb\":{\"@id\":\"https:\\\/\\\/turijnmagazijn.nl\\\/fr\\\/produit\\\/air-conditionne-panneau-de-houle-lancia-dedra-bois-optique-aluminium\\\/#breadcrumb\"},\"inLanguage\":\"fr-FR\",\"potentialAction\":[{\"@type\":\"ReadAction\",\"target\":[\"https:\\\/\\\/turijnmagazijn.nl\\\/fr\\\/produit\\\/air-conditionne-panneau-de-houle-lancia-dedra-bois-optique-aluminium\\\/\"]}]},{\"@type\":\"ImageObject\",\"inLanguage\":\"fr-FR\",\"@id\":\"https:\\\/\\\/turijnmagazijn.nl\\\/fr\\\/produit\\\/air-conditionne-panneau-de-houle-lancia-dedra-bois-optique-aluminium\\\/#primaryimage\",\"url\":\"https:\\\/\\\/turijnmagazijn.nl\\\/wp-content\\\/uploads\\\/2023\\\/03\\\/DK00102422-Airco-bedeiningspaneel-Lancia-Dedra-houtoptiek-aluminium-3-1.jpg\",\"contentUrl\":\"https:\\\/\\\/turijnmagazijn.nl\\\/wp-content\\\/uploads\\\/2023\\\/03\\\/DK00102422-Airco-bedeiningspaneel-Lancia-Dedra-houtoptiek-aluminium-3-1.jpg\",\"width\":1024,\"height\":768},{\"@type\":\"BreadcrumbList\",\"@id\":\"https:\\\/\\\/turijnmagazijn.nl\\\/fr\\\/produit\\\/air-conditionne-panneau-de-houle-lancia-dedra-bois-optique-aluminium\\\/#breadcrumb\",\"itemListElement\":[{\"@type\":\"ListItem\",\"position\":1,\"name\":\"Home\",\"item\":\"https:\\\/\\\/turijnmagazijn.nl\\\/fr\\\/\"},{\"@type\":\"ListItem\",\"position\":2,\"name\":\"Produits\",\"item\":\"https:\\\/\\\/turijnmagazijn.nl\\\/fr\\\/shop\\\/\"},{\"@type\":\"ListItem\",\"position\":3,\"name\":\"Panneau de gonflement de climatisation Lancia Dedra bois optique aluminium\"}]},{\"@type\":\"WebSite\",\"@id\":\"https:\\\/\\\/turijnmagazijn.jumpstone-dev.nl\\\/#website\",\"url\":\"https:\\\/\\\/turijnmagazijn.jumpstone-dev.nl\\\/\",\"name\":\"Turijnmagazijn\",\"description\":\"Onderdelen nieuw en gebruikt - Fiat &amp; Lancia\",\"publisher\":{\"@id\":\"https:\\\/\\\/turijnmagazijn.jumpstone-dev.nl\\\/#organization\"},\"potentialAction\":[{\"@type\":\"SearchAction\",\"target\":{\"@type\":\"EntryPoint\",\"urlTemplate\":\"https:\\\/\\\/turijnmagazijn.jumpstone-dev.nl\\\/?s={search_term_string}\"},\"query-input\":{\"@type\":\"PropertyValueSpecification\",\"valueRequired\":true,\"valueName\":\"search_term_string\"}}],\"inLanguage\":\"fr-FR\"},{\"@type\":\"Organization\",\"@id\":\"https:\\\/\\\/turijnmagazijn.jumpstone-dev.nl\\\/#organization\",\"name\":\"Turijnmagazijn\",\"url\":\"https:\\\/\\\/turijnmagazijn.jumpstone-dev.nl\\\/\",\"logo\":{\"@type\":\"ImageObject\",\"inLanguage\":\"fr-FR\",\"@id\":\"https:\\\/\\\/turijnmagazijn.jumpstone-dev.nl\\\/#\\\/schema\\\/logo\\\/image\\\/\",\"url\":\"https:\\\/\\\/turijnmagazijn.nl\\\/wp-content\\\/uploads\\\/2021\\\/02\\\/turijnmagazijnlogo.png\",\"contentUrl\":\"https:\\\/\\\/turijnmagazijn.nl\\\/wp-content\\\/uploads\\\/2021\\\/02\\\/turijnmagazijnlogo.png\",\"width\":555,\"height\":270,\"caption\":\"Turijnmagazijn\"},\"image\":{\"@id\":\"https:\\\/\\\/turijnmagazijn.jumpstone-dev.nl\\\/#\\\/schema\\\/logo\\\/image\\\/\"},\"sameAs\":[\"https:\\\/\\\/www.facebook.com\\\/turijnmagazijn\"]}]}<\/script>\n<!-- \/ Yoast SEO plugin. -->","yoast_head_json":{"title":"Panneau de gonflement de climatisation Lancia Dedra bois optique aluminium - Turijnmagazijn","robots":{"index":"index","follow":"follow","max-snippet":"max-snippet:-1","max-image-preview":"max-image-preview:large","max-video-preview":"max-video-preview:-1"},"canonical":"https:\/\/turijnmagazijn.nl\/fr\/produit\/air-conditionne-panneau-de-houle-lancia-dedra-bois-optique-aluminium\/","og_locale":"fr_FR","og_type":"article","og_title":"Panneau de gonflement de climatisation Lancia Dedra bois optique aluminium - Turijnmagazijn","og_description":"Panneau de d\u00e9dicace de climatisation Lancia Dedra bois optique aluminium - Panneau de commande utilis\u00e9 pour la climatisation pour Lancia Dedra.Panneau de gonflement de climatisation Lancia Dedra bois optique aluminium - Panneau de commande utilis\u00e9 pour la climatisation pour Lancia Dedra ann\u00e9es de construction entre 1989","og_url":"https:\/\/turijnmagazijn.nl\/fr\/produit\/air-conditionne-panneau-de-houle-lancia-dedra-bois-optique-aluminium\/","og_site_name":"Turijnmagazijn","article_publisher":"https:\/\/www.facebook.com\/turijnmagazijn","article_modified_time":"2023-07-27T11:24:02+00:00","og_image":[{"width":1024,"height":768,"url":"https:\/\/turijnmagazijn.nl\/wp-content\/uploads\/2023\/03\/DK00102422-Airco-bedeiningspaneel-Lancia-Dedra-houtoptiek-aluminium-3-1.jpg","type":"image\/jpeg"}],"twitter_card":"summary_large_image","schema":{"@context":"https:\/\/schema.org","@graph":[{"@type":"WebPage","@id":"https:\/\/turijnmagazijn.nl\/fr\/produit\/air-conditionne-panneau-de-houle-lancia-dedra-bois-optique-aluminium\/","url":"https:\/\/turijnmagazijn.nl\/fr\/produit\/air-conditionne-panneau-de-houle-lancia-dedra-bois-optique-aluminium\/","name":"Panneau de gonflement de climatisation Lancia Dedra bois optique aluminium - Turijnmagazijn","isPartOf":{"@id":"https:\/\/turijnmagazijn.jumpstone-dev.nl\/#website"},"primaryImageOfPage":{"@id":"https:\/\/turijnmagazijn.nl\/fr\/produit\/air-conditionne-panneau-de-houle-lancia-dedra-bois-optique-aluminium\/#primaryimage"},"image":{"@id":"https:\/\/turijnmagazijn.nl\/fr\/produit\/air-conditionne-panneau-de-houle-lancia-dedra-bois-optique-aluminium\/#primaryimage"},"thumbnailUrl":"https:\/\/turijnmagazijn.nl\/wp-content\/uploads\/2023\/03\/DK00102422-Airco-bedeiningspaneel-Lancia-Dedra-houtoptiek-aluminium-3-1.jpg","datePublished":"2023-03-03T08:30:14+00:00","dateModified":"2023-07-27T11:24:02+00:00","breadcrumb":{"@id":"https:\/\/turijnmagazijn.nl\/fr\/produit\/air-conditionne-panneau-de-houle-lancia-dedra-bois-optique-aluminium\/#breadcrumb"},"inLanguage":"fr-FR","potentialAction":[{"@type":"ReadAction","target":["https:\/\/turijnmagazijn.nl\/fr\/produit\/air-conditionne-panneau-de-houle-lancia-dedra-bois-optique-aluminium\/"]}]},{"@type":"ImageObject","inLanguage":"fr-FR","@id":"https:\/\/turijnmagazijn.nl\/fr\/produit\/air-conditionne-panneau-de-houle-lancia-dedra-bois-optique-aluminium\/#primaryimage","url":"https:\/\/turijnmagazijn.nl\/wp-content\/uploads\/2023\/03\/DK00102422-Airco-bedeiningspaneel-Lancia-Dedra-houtoptiek-aluminium-3-1.jpg","contentUrl":"https:\/\/turijnmagazijn.nl\/wp-content\/uploads\/2023\/03\/DK00102422-Airco-bedeiningspaneel-Lancia-Dedra-houtoptiek-aluminium-3-1.jpg","width":1024,"height":768},{"@type":"BreadcrumbList","@id":"https:\/\/turijnmagazijn.nl\/fr\/produit\/air-conditionne-panneau-de-houle-lancia-dedra-bois-optique-aluminium\/#breadcrumb","itemListElement":[{"@type":"ListItem","position":1,"name":"Home","item":"https:\/\/turijnmagazijn.nl\/fr\/"},{"@type":"ListItem","position":2,"name":"Produits","item":"https:\/\/turijnmagazijn.nl\/fr\/shop\/"},{"@type":"ListItem","position":3,"name":"Panneau de gonflement de climatisation Lancia Dedra bois optique aluminium"}]},{"@type":"WebSite","@id":"https:\/\/turijnmagazijn.jumpstone-dev.nl\/#website","url":"https:\/\/turijnmagazijn.jumpstone-dev.nl\/","name":"Turijnmagazijn","description":"Onderdelen nieuw en gebruikt - Fiat &amp; Lancia","publisher":{"@id":"https:\/\/turijnmagazijn.jumpstone-dev.nl\/#organization"},"potentialAction":[{"@type":"SearchAction","target":{"@type":"EntryPoint","urlTemplate":"https:\/\/turijnmagazijn.jumpstone-dev.nl\/?s={search_term_string}"},"query-input":{"@type":"PropertyValueSpecification","valueRequired":true,"valueName":"search_term_string"}}],"inLanguage":"fr-FR"},{"@type":"Organization","@id":"https:\/\/turijnmagazijn.jumpstone-dev.nl\/#organization","name":"Turijnmagazijn","url":"https:\/\/turijnmagazijn.jumpstone-dev.nl\/","logo":{"@type":"ImageObject","inLanguage":"fr-FR","@id":"https:\/\/turijnmagazijn.jumpstone-dev.nl\/#\/schema\/logo\/image\/","url":"https:\/\/turijnmagazijn.nl\/wp-content\/uploads\/2021\/02\/turijnmagazijnlogo.png","contentUrl":"https:\/\/turijnmagazijn.nl\/wp-content\/uploads\/2021\/02\/turijnmagazijnlogo.png","width":555,"height":270,"caption":"Turijnmagazijn"},"image":{"@id":"https:\/\/turijnmagazijn.jumpstone-dev.nl\/#\/schema\/logo\/image\/"},"sameAs":["https:\/\/www.facebook.com\/turijnmagazijn"]}]}},"_links":{"self":[{"href":"https:\/\/turijnmagazijn.nl\/fr\/wp-json\/wp\/v2\/product\/65386","targetHints":{"allow":["GET"]}}],"collection":[{"href":"https:\/\/turijnmagazijn.nl\/fr\/wp-json\/wp\/v2\/product"}],"about":[{"href":"https:\/\/turijnmagazijn.nl\/fr\/wp-json\/wp\/v2\/types\/product"}],"replies":[{"embeddable":true,"href":"https:\/\/turijnmagazijn.nl\/fr\/wp-json\/wp\/v2\/comments?post=65386"}],"wp:featuredmedia":[{"embeddable":true,"href":"https:\/\/turijnmagazijn.nl\/fr\/wp-json\/wp\/v2\/media\/50516"}],"wp:attachment":[{"href":"https:\/\/turijnmagazijn.nl\/fr\/wp-json\/wp\/v2\/media?parent=65386"}],"wp:term":[{"taxonomy":"product_brand","embeddable":true,"href":"https:\/\/turijnmagazijn.nl\/fr\/wp-json\/wp\/v2\/product_brand?post=65386"},{"taxonomy":"product_cat","embeddable":true,"href":"https:\/\/turijnmagazijn.nl\/fr\/wp-json\/wp\/v2\/product_cat?post=65386"},{"taxonomy":"product_tag","embeddable":true,"href":"https:\/\/turijnmagazijn.nl\/fr\/wp-json\/wp\/v2\/product_tag?post=65386"}],"curies":[{"name":"wp","href":"https:\/\/api.w.org\/{rel}","templated":true}]}}