{"id":65391,"date":"2023-03-03T09:29:45","date_gmt":"2023-03-03T08:29:45","guid":{"rendered":"https:\/\/turijnmagazijn.nl\/product\/panneau-avant-chauffage-controle-analogique-lancia-dedra-look-bois-brun\/"},"modified":"2023-07-27T12:27:58","modified_gmt":"2023-07-27T10:27:58","slug":"panneau-avant-chauffage-controle-analogique-lancia-dedra-brown-wood-look","status":"publish","type":"product","link":"https:\/\/turijnmagazijn.nl\/fr\/produit\/panneau-avant-chauffage-controle-analogique-lancia-dedra-brown-wood-look\/","title":{"rendered":"Panneau avant chauffage contr\u00f4le analogique Lancia Dedra look bois brun"},"content":{"rendered":"<p>Panneau avant utilis\u00e9 pour montage dans le tableau de bord pour la commande de chauffage pour Lancia Dedra <span style=\"font-weight: bold;\">sans <\/span>climatisation. L\u2019unit\u00e9 est en aluminium avec une optique en bois brun comme cela \u00e9tait utilis\u00e9 dans les versions pr\u00e9c\u00e9dentes de la Lancia Dedra (la derni\u00e8re version avait une optique en plastique noir) Comprend le contr\u00f4le de la vitesse du ventilateur, le r\u00e9glage de la temp\u00e9rature, le mode de recirculation et le s\u00e9lecteur pour le sens de sortie.<\/p>\n<p><\/p>\n<p>Lancia OEM 176546170<\/p>\n","protected":false},"excerpt":{"rendered":"<p>Contr\u00f4le du chauffage du panneau avant analogique Lancia Dedra look bois brun &#8211; Panneau avant utilis\u00e9 pour le montage dans le tableau de bord pour le contr\u00f4le du chauffage pour Lancia Dedra sans climatisation.<\/p>\n","protected":false},"featured_media":50436,"comment_status":"open","ping_status":"closed","template":"","meta":{"_acf_changed":false},"product_brand":[],"product_cat":[1802,1798],"product_tag":[],"class_list":{"0":"post-65391","1":"product","2":"type-product","3":"status-publish","4":"has-post-thumbnail","6":"product_cat-dedra-835-fr","7":"product_cat-lancia-fr","8":"pa_soort-onderdeel-electronique-et-cables","9":"pa_soort-onderdeel-tableau-de-bord-et-commutateurs","11":"first","12":"instock","13":"shipping-taxable","14":"purchasable","15":"product-type-simple"},"acf":[],"yoast_head":"<!-- This site is optimized with the Yoast SEO plugin v27.3 - https:\/\/yoast.com\/product\/yoast-seo-wordpress\/ -->\n<title>Panneau avant chauffage contr\u00f4le analogique Lancia Dedra look bois brun - Turijnmagazijn<\/title>\n<meta name=\"robots\" content=\"index, follow, max-snippet:-1, max-image-preview:large, max-video-preview:-1\" \/>\n<link rel=\"canonical\" href=\"https:\/\/turijnmagazijn.nl\/fr\/produit\/panneau-avant-chauffage-controle-analogique-lancia-dedra-brown-wood-look\/\" \/>\n<meta property=\"og:locale\" content=\"fr_FR\" \/>\n<meta property=\"og:type\" content=\"article\" \/>\n<meta property=\"og:title\" content=\"Panneau avant chauffage contr\u00f4le analogique Lancia Dedra look bois brun - Turijnmagazijn\" \/>\n<meta property=\"og:description\" content=\"Contr\u00f4le du chauffage du panneau avant analogique Lancia Dedra look bois brun - Panneau avant utilis\u00e9 pour le montage dans le tableau de bord pour le contr\u00f4le du chauffage pour Lancia Dedra sans climatisation.\" \/>\n<meta property=\"og:url\" content=\"https:\/\/turijnmagazijn.nl\/fr\/produit\/panneau-avant-chauffage-controle-analogique-lancia-dedra-brown-wood-look\/\" \/>\n<meta property=\"og:site_name\" content=\"Turijnmagazijn\" \/>\n<meta property=\"article:publisher\" content=\"https:\/\/www.facebook.com\/turijnmagazijn\" \/>\n<meta property=\"article:modified_time\" content=\"2023-07-27T10:27:58+00:00\" \/>\n<meta property=\"og:image\" content=\"https:\/\/turijnmagazijn.nl\/wp-content\/uploads\/2023\/03\/DK00102419-Frontpaneel-kachelbediening-analoog-Lancia-Dedra-bruin-houtlook-3-1.jpg\" \/>\n\t<meta property=\"og:image:width\" content=\"1024\" \/>\n\t<meta property=\"og:image:height\" content=\"768\" \/>\n\t<meta property=\"og:image:type\" content=\"image\/jpeg\" \/>\n<meta name=\"twitter:card\" content=\"summary_large_image\" \/>\n<script type=\"application\/ld+json\" class=\"yoast-schema-graph\">{\"@context\":\"https:\\\/\\\/schema.org\",\"@graph\":[{\"@type\":\"WebPage\",\"@id\":\"https:\\\/\\\/turijnmagazijn.nl\\\/fr\\\/produit\\\/panneau-avant-chauffage-controle-analogique-lancia-dedra-brown-wood-look\\\/\",\"url\":\"https:\\\/\\\/turijnmagazijn.nl\\\/fr\\\/produit\\\/panneau-avant-chauffage-controle-analogique-lancia-dedra-brown-wood-look\\\/\",\"name\":\"Panneau avant chauffage contr\u00f4le analogique Lancia Dedra look bois brun - Turijnmagazijn\",\"isPartOf\":{\"@id\":\"https:\\\/\\\/turijnmagazijn.jumpstone-dev.nl\\\/#website\"},\"primaryImageOfPage\":{\"@id\":\"https:\\\/\\\/turijnmagazijn.nl\\\/fr\\\/produit\\\/panneau-avant-chauffage-controle-analogique-lancia-dedra-brown-wood-look\\\/#primaryimage\"},\"image\":{\"@id\":\"https:\\\/\\\/turijnmagazijn.nl\\\/fr\\\/produit\\\/panneau-avant-chauffage-controle-analogique-lancia-dedra-brown-wood-look\\\/#primaryimage\"},\"thumbnailUrl\":\"https:\\\/\\\/turijnmagazijn.nl\\\/wp-content\\\/uploads\\\/2023\\\/03\\\/DK00102419-Frontpaneel-kachelbediening-analoog-Lancia-Dedra-bruin-houtlook-3-1.jpg\",\"datePublished\":\"2023-03-03T08:29:45+00:00\",\"dateModified\":\"2023-07-27T10:27:58+00:00\",\"breadcrumb\":{\"@id\":\"https:\\\/\\\/turijnmagazijn.nl\\\/fr\\\/produit\\\/panneau-avant-chauffage-controle-analogique-lancia-dedra-brown-wood-look\\\/#breadcrumb\"},\"inLanguage\":\"fr-FR\",\"potentialAction\":[{\"@type\":\"ReadAction\",\"target\":[\"https:\\\/\\\/turijnmagazijn.nl\\\/fr\\\/produit\\\/panneau-avant-chauffage-controle-analogique-lancia-dedra-brown-wood-look\\\/\"]}]},{\"@type\":\"ImageObject\",\"inLanguage\":\"fr-FR\",\"@id\":\"https:\\\/\\\/turijnmagazijn.nl\\\/fr\\\/produit\\\/panneau-avant-chauffage-controle-analogique-lancia-dedra-brown-wood-look\\\/#primaryimage\",\"url\":\"https:\\\/\\\/turijnmagazijn.nl\\\/wp-content\\\/uploads\\\/2023\\\/03\\\/DK00102419-Frontpaneel-kachelbediening-analoog-Lancia-Dedra-bruin-houtlook-3-1.jpg\",\"contentUrl\":\"https:\\\/\\\/turijnmagazijn.nl\\\/wp-content\\\/uploads\\\/2023\\\/03\\\/DK00102419-Frontpaneel-kachelbediening-analoog-Lancia-Dedra-bruin-houtlook-3-1.jpg\",\"width\":1024,\"height\":768},{\"@type\":\"BreadcrumbList\",\"@id\":\"https:\\\/\\\/turijnmagazijn.nl\\\/fr\\\/produit\\\/panneau-avant-chauffage-controle-analogique-lancia-dedra-brown-wood-look\\\/#breadcrumb\",\"itemListElement\":[{\"@type\":\"ListItem\",\"position\":1,\"name\":\"Home\",\"item\":\"https:\\\/\\\/turijnmagazijn.nl\\\/fr\\\/\"},{\"@type\":\"ListItem\",\"position\":2,\"name\":\"Produits\",\"item\":\"https:\\\/\\\/turijnmagazijn.nl\\\/fr\\\/shop\\\/\"},{\"@type\":\"ListItem\",\"position\":3,\"name\":\"Panneau avant chauffage contr\u00f4le analogique Lancia Dedra look bois brun\"}]},{\"@type\":\"WebSite\",\"@id\":\"https:\\\/\\\/turijnmagazijn.jumpstone-dev.nl\\\/#website\",\"url\":\"https:\\\/\\\/turijnmagazijn.jumpstone-dev.nl\\\/\",\"name\":\"Turijnmagazijn\",\"description\":\"Onderdelen nieuw en gebruikt - Fiat &amp; Lancia\",\"publisher\":{\"@id\":\"https:\\\/\\\/turijnmagazijn.jumpstone-dev.nl\\\/#organization\"},\"potentialAction\":[{\"@type\":\"SearchAction\",\"target\":{\"@type\":\"EntryPoint\",\"urlTemplate\":\"https:\\\/\\\/turijnmagazijn.jumpstone-dev.nl\\\/?s={search_term_string}\"},\"query-input\":{\"@type\":\"PropertyValueSpecification\",\"valueRequired\":true,\"valueName\":\"search_term_string\"}}],\"inLanguage\":\"fr-FR\"},{\"@type\":\"Organization\",\"@id\":\"https:\\\/\\\/turijnmagazijn.jumpstone-dev.nl\\\/#organization\",\"name\":\"Turijnmagazijn\",\"url\":\"https:\\\/\\\/turijnmagazijn.jumpstone-dev.nl\\\/\",\"logo\":{\"@type\":\"ImageObject\",\"inLanguage\":\"fr-FR\",\"@id\":\"https:\\\/\\\/turijnmagazijn.jumpstone-dev.nl\\\/#\\\/schema\\\/logo\\\/image\\\/\",\"url\":\"https:\\\/\\\/turijnmagazijn.nl\\\/wp-content\\\/uploads\\\/2021\\\/02\\\/turijnmagazijnlogo.png\",\"contentUrl\":\"https:\\\/\\\/turijnmagazijn.nl\\\/wp-content\\\/uploads\\\/2021\\\/02\\\/turijnmagazijnlogo.png\",\"width\":555,\"height\":270,\"caption\":\"Turijnmagazijn\"},\"image\":{\"@id\":\"https:\\\/\\\/turijnmagazijn.jumpstone-dev.nl\\\/#\\\/schema\\\/logo\\\/image\\\/\"},\"sameAs\":[\"https:\\\/\\\/www.facebook.com\\\/turijnmagazijn\"]}]}<\/script>\n<!-- \/ Yoast SEO plugin. -->","yoast_head_json":{"title":"Panneau avant chauffage contr\u00f4le analogique Lancia Dedra look bois brun - Turijnmagazijn","robots":{"index":"index","follow":"follow","max-snippet":"max-snippet:-1","max-image-preview":"max-image-preview:large","max-video-preview":"max-video-preview:-1"},"canonical":"https:\/\/turijnmagazijn.nl\/fr\/produit\/panneau-avant-chauffage-controle-analogique-lancia-dedra-brown-wood-look\/","og_locale":"fr_FR","og_type":"article","og_title":"Panneau avant chauffage contr\u00f4le analogique Lancia Dedra look bois brun - Turijnmagazijn","og_description":"Contr\u00f4le du chauffage du panneau avant analogique Lancia Dedra look bois brun - Panneau avant utilis\u00e9 pour le montage dans le tableau de bord pour le contr\u00f4le du chauffage pour Lancia Dedra sans climatisation.","og_url":"https:\/\/turijnmagazijn.nl\/fr\/produit\/panneau-avant-chauffage-controle-analogique-lancia-dedra-brown-wood-look\/","og_site_name":"Turijnmagazijn","article_publisher":"https:\/\/www.facebook.com\/turijnmagazijn","article_modified_time":"2023-07-27T10:27:58+00:00","og_image":[{"width":1024,"height":768,"url":"https:\/\/turijnmagazijn.nl\/wp-content\/uploads\/2023\/03\/DK00102419-Frontpaneel-kachelbediening-analoog-Lancia-Dedra-bruin-houtlook-3-1.jpg","type":"image\/jpeg"}],"twitter_card":"summary_large_image","schema":{"@context":"https:\/\/schema.org","@graph":[{"@type":"WebPage","@id":"https:\/\/turijnmagazijn.nl\/fr\/produit\/panneau-avant-chauffage-controle-analogique-lancia-dedra-brown-wood-look\/","url":"https:\/\/turijnmagazijn.nl\/fr\/produit\/panneau-avant-chauffage-controle-analogique-lancia-dedra-brown-wood-look\/","name":"Panneau avant chauffage contr\u00f4le analogique Lancia Dedra look bois brun - Turijnmagazijn","isPartOf":{"@id":"https:\/\/turijnmagazijn.jumpstone-dev.nl\/#website"},"primaryImageOfPage":{"@id":"https:\/\/turijnmagazijn.nl\/fr\/produit\/panneau-avant-chauffage-controle-analogique-lancia-dedra-brown-wood-look\/#primaryimage"},"image":{"@id":"https:\/\/turijnmagazijn.nl\/fr\/produit\/panneau-avant-chauffage-controle-analogique-lancia-dedra-brown-wood-look\/#primaryimage"},"thumbnailUrl":"https:\/\/turijnmagazijn.nl\/wp-content\/uploads\/2023\/03\/DK00102419-Frontpaneel-kachelbediening-analoog-Lancia-Dedra-bruin-houtlook-3-1.jpg","datePublished":"2023-03-03T08:29:45+00:00","dateModified":"2023-07-27T10:27:58+00:00","breadcrumb":{"@id":"https:\/\/turijnmagazijn.nl\/fr\/produit\/panneau-avant-chauffage-controle-analogique-lancia-dedra-brown-wood-look\/#breadcrumb"},"inLanguage":"fr-FR","potentialAction":[{"@type":"ReadAction","target":["https:\/\/turijnmagazijn.nl\/fr\/produit\/panneau-avant-chauffage-controle-analogique-lancia-dedra-brown-wood-look\/"]}]},{"@type":"ImageObject","inLanguage":"fr-FR","@id":"https:\/\/turijnmagazijn.nl\/fr\/produit\/panneau-avant-chauffage-controle-analogique-lancia-dedra-brown-wood-look\/#primaryimage","url":"https:\/\/turijnmagazijn.nl\/wp-content\/uploads\/2023\/03\/DK00102419-Frontpaneel-kachelbediening-analoog-Lancia-Dedra-bruin-houtlook-3-1.jpg","contentUrl":"https:\/\/turijnmagazijn.nl\/wp-content\/uploads\/2023\/03\/DK00102419-Frontpaneel-kachelbediening-analoog-Lancia-Dedra-bruin-houtlook-3-1.jpg","width":1024,"height":768},{"@type":"BreadcrumbList","@id":"https:\/\/turijnmagazijn.nl\/fr\/produit\/panneau-avant-chauffage-controle-analogique-lancia-dedra-brown-wood-look\/#breadcrumb","itemListElement":[{"@type":"ListItem","position":1,"name":"Home","item":"https:\/\/turijnmagazijn.nl\/fr\/"},{"@type":"ListItem","position":2,"name":"Produits","item":"https:\/\/turijnmagazijn.nl\/fr\/shop\/"},{"@type":"ListItem","position":3,"name":"Panneau avant chauffage contr\u00f4le analogique Lancia Dedra look bois brun"}]},{"@type":"WebSite","@id":"https:\/\/turijnmagazijn.jumpstone-dev.nl\/#website","url":"https:\/\/turijnmagazijn.jumpstone-dev.nl\/","name":"Turijnmagazijn","description":"Onderdelen nieuw en gebruikt - Fiat &amp; Lancia","publisher":{"@id":"https:\/\/turijnmagazijn.jumpstone-dev.nl\/#organization"},"potentialAction":[{"@type":"SearchAction","target":{"@type":"EntryPoint","urlTemplate":"https:\/\/turijnmagazijn.jumpstone-dev.nl\/?s={search_term_string}"},"query-input":{"@type":"PropertyValueSpecification","valueRequired":true,"valueName":"search_term_string"}}],"inLanguage":"fr-FR"},{"@type":"Organization","@id":"https:\/\/turijnmagazijn.jumpstone-dev.nl\/#organization","name":"Turijnmagazijn","url":"https:\/\/turijnmagazijn.jumpstone-dev.nl\/","logo":{"@type":"ImageObject","inLanguage":"fr-FR","@id":"https:\/\/turijnmagazijn.jumpstone-dev.nl\/#\/schema\/logo\/image\/","url":"https:\/\/turijnmagazijn.nl\/wp-content\/uploads\/2021\/02\/turijnmagazijnlogo.png","contentUrl":"https:\/\/turijnmagazijn.nl\/wp-content\/uploads\/2021\/02\/turijnmagazijnlogo.png","width":555,"height":270,"caption":"Turijnmagazijn"},"image":{"@id":"https:\/\/turijnmagazijn.jumpstone-dev.nl\/#\/schema\/logo\/image\/"},"sameAs":["https:\/\/www.facebook.com\/turijnmagazijn"]}]}},"_links":{"self":[{"href":"https:\/\/turijnmagazijn.nl\/fr\/wp-json\/wp\/v2\/product\/65391","targetHints":{"allow":["GET"]}}],"collection":[{"href":"https:\/\/turijnmagazijn.nl\/fr\/wp-json\/wp\/v2\/product"}],"about":[{"href":"https:\/\/turijnmagazijn.nl\/fr\/wp-json\/wp\/v2\/types\/product"}],"replies":[{"embeddable":true,"href":"https:\/\/turijnmagazijn.nl\/fr\/wp-json\/wp\/v2\/comments?post=65391"}],"wp:featuredmedia":[{"embeddable":true,"href":"https:\/\/turijnmagazijn.nl\/fr\/wp-json\/wp\/v2\/media\/50436"}],"wp:attachment":[{"href":"https:\/\/turijnmagazijn.nl\/fr\/wp-json\/wp\/v2\/media?parent=65391"}],"wp:term":[{"taxonomy":"product_brand","embeddable":true,"href":"https:\/\/turijnmagazijn.nl\/fr\/wp-json\/wp\/v2\/product_brand?post=65391"},{"taxonomy":"product_cat","embeddable":true,"href":"https:\/\/turijnmagazijn.nl\/fr\/wp-json\/wp\/v2\/product_cat?post=65391"},{"taxonomy":"product_tag","embeddable":true,"href":"https:\/\/turijnmagazijn.nl\/fr\/wp-json\/wp\/v2\/product_tag?post=65391"}],"curies":[{"name":"wp","href":"https:\/\/api.w.org\/{rel}","templated":true}]}}