{"id":65431,"date":"2023-03-03T09:32:23","date_gmt":"2023-03-03T08:32:23","guid":{"rendered":"https:\/\/turijnmagazijn.nl\/product\/bouton-tableau-de-bord-lancia-delta-integral-feux-de-detresse\/"},"modified":"2023-07-27T12:28:44","modified_gmt":"2023-07-27T10:28:44","slug":"bouton-tableau-de-bord-lancia-delta-integral-feux-de-danger","status":"publish","type":"product","link":"https:\/\/turijnmagazijn.nl\/fr\/produit\/bouton-tableau-de-bord-lancia-delta-integral-feux-de-danger\/","title":{"rendered":"Bouton tableau de bord Lancia Delta Integral feux de d\u00e9tresse"},"content":{"rendered":"<p>Bouton usag\u00e9 en bon \u00e9tat de fonctionnement. Destin\u00e9 \u00e0 \u00eatre mont\u00e9 dans le panneau de commande du chauffage pour tous les types de Lancia Delta et Lancia Prisma.<\/p>\n<p>L\u2019article est en bon \u00e9tat d\u2019une Delta Integrale 16V construite en 1990.<\/p>\n<p>Equip\u00e9 d\u2019une connexion \u00e0 7 p\u00f4les \u00e0 l\u2019arri\u00e8re.<\/p>\n<p><\/p>\n<p>OEM Lancia 176020880<\/p>\n","protected":false},"excerpt":{"rendered":"<p>Bouton tableau de bord Lancia Delta Integrale &#8211; Bouton d\u2019occasion en bon \u00e9tat de fonctionnement. Bouton tableau de bord Lancia Delta Integral feux de d\u00e9tresse &#8211; Bouton usag\u00e9 en bon \u00e9tat de fonctionnement.<\/p>\n","protected":false},"featured_media":50788,"comment_status":"open","ping_status":"closed","template":"","meta":{"_acf_changed":false},"product_brand":[],"product_cat":[1806,1798],"product_tag":[],"class_list":{"0":"post-65431","1":"product","2":"type-product","3":"status-publish","4":"has-post-thumbnail","6":"product_cat-delta-1-831-fr","7":"product_cat-lancia-fr","8":"pa_soort-onderdeel-eclairage","9":"pa_soort-onderdeel-tableau-de-bord-et-commutateurs","11":"first","12":"instock","13":"shipping-taxable","14":"purchasable","15":"product-type-simple"},"acf":[],"yoast_head":"<!-- This site is optimized with the Yoast SEO plugin v27.2 - https:\/\/yoast.com\/product\/yoast-seo-wordpress\/ -->\n<title>Bouton tableau de bord Lancia Delta Integral feux de d\u00e9tresse - Turijnmagazijn<\/title>\n<meta name=\"robots\" content=\"index, follow, max-snippet:-1, max-image-preview:large, max-video-preview:-1\" \/>\n<link rel=\"canonical\" href=\"https:\/\/turijnmagazijn.nl\/fr\/produit\/bouton-tableau-de-bord-lancia-delta-integral-feux-de-danger\/\" \/>\n<meta property=\"og:locale\" content=\"fr_FR\" \/>\n<meta property=\"og:type\" content=\"article\" \/>\n<meta property=\"og:title\" content=\"Bouton tableau de bord Lancia Delta Integral feux de d\u00e9tresse - Turijnmagazijn\" \/>\n<meta property=\"og:description\" content=\"Bouton tableau de bord Lancia Delta Integrale - Bouton d\u2019occasion en bon \u00e9tat de fonctionnement. Bouton tableau de bord Lancia Delta Integral feux de d\u00e9tresse - Bouton usag\u00e9 en bon \u00e9tat de fonctionnement.\" \/>\n<meta property=\"og:url\" content=\"https:\/\/turijnmagazijn.nl\/fr\/produit\/bouton-tableau-de-bord-lancia-delta-integral-feux-de-danger\/\" \/>\n<meta property=\"og:site_name\" content=\"Turijnmagazijn\" \/>\n<meta property=\"article:publisher\" content=\"https:\/\/www.facebook.com\/turijnmagazijn\" \/>\n<meta property=\"article:modified_time\" content=\"2023-07-27T10:28:44+00:00\" \/>\n<meta property=\"og:image\" content=\"https:\/\/turijnmagazijn.nl\/wp-content\/uploads\/2023\/03\/DK00102435-Knop-dashboard-Lancia-Delta-Integrale-gevarenlichten-3-1.jpg\" \/>\n\t<meta property=\"og:image:width\" content=\"1024\" \/>\n\t<meta property=\"og:image:height\" content=\"768\" \/>\n\t<meta property=\"og:image:type\" content=\"image\/jpeg\" \/>\n<meta name=\"twitter:card\" content=\"summary_large_image\" \/>\n<script type=\"application\/ld+json\" class=\"yoast-schema-graph\">{\"@context\":\"https:\/\/schema.org\",\"@graph\":[{\"@type\":\"WebPage\",\"@id\":\"https:\/\/turijnmagazijn.nl\/fr\/produit\/bouton-tableau-de-bord-lancia-delta-integral-feux-de-danger\/\",\"url\":\"https:\/\/turijnmagazijn.nl\/fr\/produit\/bouton-tableau-de-bord-lancia-delta-integral-feux-de-danger\/\",\"name\":\"Bouton tableau de bord Lancia Delta Integral feux de d\u00e9tresse - Turijnmagazijn\",\"isPartOf\":{\"@id\":\"https:\/\/turijnmagazijn.jumpstone-dev.nl\/#website\"},\"primaryImageOfPage\":{\"@id\":\"https:\/\/turijnmagazijn.nl\/fr\/produit\/bouton-tableau-de-bord-lancia-delta-integral-feux-de-danger\/#primaryimage\"},\"image\":{\"@id\":\"https:\/\/turijnmagazijn.nl\/fr\/produit\/bouton-tableau-de-bord-lancia-delta-integral-feux-de-danger\/#primaryimage\"},\"thumbnailUrl\":\"https:\/\/turijnmagazijn.nl\/wp-content\/uploads\/2023\/03\/DK00102435-Knop-dashboard-Lancia-Delta-Integrale-gevarenlichten-3-1.jpg\",\"datePublished\":\"2023-03-03T08:32:23+00:00\",\"dateModified\":\"2023-07-27T10:28:44+00:00\",\"breadcrumb\":{\"@id\":\"https:\/\/turijnmagazijn.nl\/fr\/produit\/bouton-tableau-de-bord-lancia-delta-integral-feux-de-danger\/#breadcrumb\"},\"inLanguage\":\"fr-FR\",\"potentialAction\":[{\"@type\":\"ReadAction\",\"target\":[\"https:\/\/turijnmagazijn.nl\/fr\/produit\/bouton-tableau-de-bord-lancia-delta-integral-feux-de-danger\/\"]}]},{\"@type\":\"ImageObject\",\"inLanguage\":\"fr-FR\",\"@id\":\"https:\/\/turijnmagazijn.nl\/fr\/produit\/bouton-tableau-de-bord-lancia-delta-integral-feux-de-danger\/#primaryimage\",\"url\":\"https:\/\/turijnmagazijn.nl\/wp-content\/uploads\/2023\/03\/DK00102435-Knop-dashboard-Lancia-Delta-Integrale-gevarenlichten-3-1.jpg\",\"contentUrl\":\"https:\/\/turijnmagazijn.nl\/wp-content\/uploads\/2023\/03\/DK00102435-Knop-dashboard-Lancia-Delta-Integrale-gevarenlichten-3-1.jpg\",\"width\":1024,\"height\":768},{\"@type\":\"BreadcrumbList\",\"@id\":\"https:\/\/turijnmagazijn.nl\/fr\/produit\/bouton-tableau-de-bord-lancia-delta-integral-feux-de-danger\/#breadcrumb\",\"itemListElement\":[{\"@type\":\"ListItem\",\"position\":1,\"name\":\"Home\",\"item\":\"https:\/\/turijnmagazijn.jumpstone-dev.nl\/\"},{\"@type\":\"ListItem\",\"position\":2,\"name\":\"Produits\",\"item\":\"https:\/\/turijnmagazijn.nl\/fr\/shop\/\"},{\"@type\":\"ListItem\",\"position\":3,\"name\":\"Bouton tableau de bord Lancia Delta Integral feux de d\u00e9tresse\"}]},{\"@type\":\"WebSite\",\"@id\":\"https:\/\/turijnmagazijn.jumpstone-dev.nl\/#website\",\"url\":\"https:\/\/turijnmagazijn.jumpstone-dev.nl\/\",\"name\":\"Turijnmagazijn\",\"description\":\"Onderdelen nieuw en gebruikt - Fiat &amp; Lancia\",\"publisher\":{\"@id\":\"https:\/\/turijnmagazijn.jumpstone-dev.nl\/#organization\"},\"potentialAction\":[{\"@type\":\"SearchAction\",\"target\":{\"@type\":\"EntryPoint\",\"urlTemplate\":\"https:\/\/turijnmagazijn.jumpstone-dev.nl\/?s={search_term_string}\"},\"query-input\":{\"@type\":\"PropertyValueSpecification\",\"valueRequired\":true,\"valueName\":\"search_term_string\"}}],\"inLanguage\":\"fr-FR\"},{\"@type\":\"Organization\",\"@id\":\"https:\/\/turijnmagazijn.jumpstone-dev.nl\/#organization\",\"name\":\"Turijnmagazijn\",\"url\":\"https:\/\/turijnmagazijn.jumpstone-dev.nl\/\",\"logo\":{\"@type\":\"ImageObject\",\"inLanguage\":\"fr-FR\",\"@id\":\"https:\/\/turijnmagazijn.jumpstone-dev.nl\/#\/schema\/logo\/image\/\",\"url\":\"https:\/\/turijnmagazijn.nl\/wp-content\/uploads\/2021\/02\/turijnmagazijnlogo.png\",\"contentUrl\":\"https:\/\/turijnmagazijn.nl\/wp-content\/uploads\/2021\/02\/turijnmagazijnlogo.png\",\"width\":555,\"height\":270,\"caption\":\"Turijnmagazijn\"},\"image\":{\"@id\":\"https:\/\/turijnmagazijn.jumpstone-dev.nl\/#\/schema\/logo\/image\/\"},\"sameAs\":[\"https:\/\/www.facebook.com\/turijnmagazijn\"]}]}<\/script>\n<!-- \/ Yoast SEO plugin. -->","yoast_head_json":{"title":"Bouton tableau de bord Lancia Delta Integral feux de d\u00e9tresse - Turijnmagazijn","robots":{"index":"index","follow":"follow","max-snippet":"max-snippet:-1","max-image-preview":"max-image-preview:large","max-video-preview":"max-video-preview:-1"},"canonical":"https:\/\/turijnmagazijn.nl\/fr\/produit\/bouton-tableau-de-bord-lancia-delta-integral-feux-de-danger\/","og_locale":"fr_FR","og_type":"article","og_title":"Bouton tableau de bord Lancia Delta Integral feux de d\u00e9tresse - Turijnmagazijn","og_description":"Bouton tableau de bord Lancia Delta Integrale - Bouton d\u2019occasion en bon \u00e9tat de fonctionnement. Bouton tableau de bord Lancia Delta Integral feux de d\u00e9tresse - Bouton usag\u00e9 en bon \u00e9tat de fonctionnement.","og_url":"https:\/\/turijnmagazijn.nl\/fr\/produit\/bouton-tableau-de-bord-lancia-delta-integral-feux-de-danger\/","og_site_name":"Turijnmagazijn","article_publisher":"https:\/\/www.facebook.com\/turijnmagazijn","article_modified_time":"2023-07-27T10:28:44+00:00","og_image":[{"width":1024,"height":768,"url":"https:\/\/turijnmagazijn.nl\/wp-content\/uploads\/2023\/03\/DK00102435-Knop-dashboard-Lancia-Delta-Integrale-gevarenlichten-3-1.jpg","type":"image\/jpeg"}],"twitter_card":"summary_large_image","schema":{"@context":"https:\/\/schema.org","@graph":[{"@type":"WebPage","@id":"https:\/\/turijnmagazijn.nl\/fr\/produit\/bouton-tableau-de-bord-lancia-delta-integral-feux-de-danger\/","url":"https:\/\/turijnmagazijn.nl\/fr\/produit\/bouton-tableau-de-bord-lancia-delta-integral-feux-de-danger\/","name":"Bouton tableau de bord Lancia Delta Integral feux de d\u00e9tresse - Turijnmagazijn","isPartOf":{"@id":"https:\/\/turijnmagazijn.jumpstone-dev.nl\/#website"},"primaryImageOfPage":{"@id":"https:\/\/turijnmagazijn.nl\/fr\/produit\/bouton-tableau-de-bord-lancia-delta-integral-feux-de-danger\/#primaryimage"},"image":{"@id":"https:\/\/turijnmagazijn.nl\/fr\/produit\/bouton-tableau-de-bord-lancia-delta-integral-feux-de-danger\/#primaryimage"},"thumbnailUrl":"https:\/\/turijnmagazijn.nl\/wp-content\/uploads\/2023\/03\/DK00102435-Knop-dashboard-Lancia-Delta-Integrale-gevarenlichten-3-1.jpg","datePublished":"2023-03-03T08:32:23+00:00","dateModified":"2023-07-27T10:28:44+00:00","breadcrumb":{"@id":"https:\/\/turijnmagazijn.nl\/fr\/produit\/bouton-tableau-de-bord-lancia-delta-integral-feux-de-danger\/#breadcrumb"},"inLanguage":"fr-FR","potentialAction":[{"@type":"ReadAction","target":["https:\/\/turijnmagazijn.nl\/fr\/produit\/bouton-tableau-de-bord-lancia-delta-integral-feux-de-danger\/"]}]},{"@type":"ImageObject","inLanguage":"fr-FR","@id":"https:\/\/turijnmagazijn.nl\/fr\/produit\/bouton-tableau-de-bord-lancia-delta-integral-feux-de-danger\/#primaryimage","url":"https:\/\/turijnmagazijn.nl\/wp-content\/uploads\/2023\/03\/DK00102435-Knop-dashboard-Lancia-Delta-Integrale-gevarenlichten-3-1.jpg","contentUrl":"https:\/\/turijnmagazijn.nl\/wp-content\/uploads\/2023\/03\/DK00102435-Knop-dashboard-Lancia-Delta-Integrale-gevarenlichten-3-1.jpg","width":1024,"height":768},{"@type":"BreadcrumbList","@id":"https:\/\/turijnmagazijn.nl\/fr\/produit\/bouton-tableau-de-bord-lancia-delta-integral-feux-de-danger\/#breadcrumb","itemListElement":[{"@type":"ListItem","position":1,"name":"Home","item":"https:\/\/turijnmagazijn.jumpstone-dev.nl\/"},{"@type":"ListItem","position":2,"name":"Produits","item":"https:\/\/turijnmagazijn.nl\/fr\/shop\/"},{"@type":"ListItem","position":3,"name":"Bouton tableau de bord Lancia Delta Integral feux de d\u00e9tresse"}]},{"@type":"WebSite","@id":"https:\/\/turijnmagazijn.jumpstone-dev.nl\/#website","url":"https:\/\/turijnmagazijn.jumpstone-dev.nl\/","name":"Turijnmagazijn","description":"Onderdelen nieuw en gebruikt - Fiat &amp; Lancia","publisher":{"@id":"https:\/\/turijnmagazijn.jumpstone-dev.nl\/#organization"},"potentialAction":[{"@type":"SearchAction","target":{"@type":"EntryPoint","urlTemplate":"https:\/\/turijnmagazijn.jumpstone-dev.nl\/?s={search_term_string}"},"query-input":{"@type":"PropertyValueSpecification","valueRequired":true,"valueName":"search_term_string"}}],"inLanguage":"fr-FR"},{"@type":"Organization","@id":"https:\/\/turijnmagazijn.jumpstone-dev.nl\/#organization","name":"Turijnmagazijn","url":"https:\/\/turijnmagazijn.jumpstone-dev.nl\/","logo":{"@type":"ImageObject","inLanguage":"fr-FR","@id":"https:\/\/turijnmagazijn.jumpstone-dev.nl\/#\/schema\/logo\/image\/","url":"https:\/\/turijnmagazijn.nl\/wp-content\/uploads\/2021\/02\/turijnmagazijnlogo.png","contentUrl":"https:\/\/turijnmagazijn.nl\/wp-content\/uploads\/2021\/02\/turijnmagazijnlogo.png","width":555,"height":270,"caption":"Turijnmagazijn"},"image":{"@id":"https:\/\/turijnmagazijn.jumpstone-dev.nl\/#\/schema\/logo\/image\/"},"sameAs":["https:\/\/www.facebook.com\/turijnmagazijn"]}]}},"_links":{"self":[{"href":"https:\/\/turijnmagazijn.nl\/fr\/wp-json\/wp\/v2\/product\/65431","targetHints":{"allow":["GET"]}}],"collection":[{"href":"https:\/\/turijnmagazijn.nl\/fr\/wp-json\/wp\/v2\/product"}],"about":[{"href":"https:\/\/turijnmagazijn.nl\/fr\/wp-json\/wp\/v2\/types\/product"}],"replies":[{"embeddable":true,"href":"https:\/\/turijnmagazijn.nl\/fr\/wp-json\/wp\/v2\/comments?post=65431"}],"wp:featuredmedia":[{"embeddable":true,"href":"https:\/\/turijnmagazijn.nl\/fr\/wp-json\/wp\/v2\/media\/50788"}],"wp:attachment":[{"href":"https:\/\/turijnmagazijn.nl\/fr\/wp-json\/wp\/v2\/media?parent=65431"}],"wp:term":[{"taxonomy":"product_brand","embeddable":true,"href":"https:\/\/turijnmagazijn.nl\/fr\/wp-json\/wp\/v2\/product_brand?post=65431"},{"taxonomy":"product_cat","embeddable":true,"href":"https:\/\/turijnmagazijn.nl\/fr\/wp-json\/wp\/v2\/product_cat?post=65431"},{"taxonomy":"product_tag","embeddable":true,"href":"https:\/\/turijnmagazijn.nl\/fr\/wp-json\/wp\/v2\/product_tag?post=65431"}],"curies":[{"name":"wp","href":"https:\/\/api.w.org\/{rel}","templated":true}]}}