{"id":65438,"date":"2023-03-03T09:33:08","date_gmt":"2023-03-03T08:33:08","guid":{"rendered":"https:\/\/turijnmagazijn.nl\/product\/unite-de-commande-de-chauffage-de-tuyau-distribuable-de-lumiere-lancia-delta-integrale\/"},"modified":"2025-08-11T08:46:37","modified_gmt":"2025-08-11T06:46:37","slug":"unite-de-commande-de-chauffage-de-tuyau-de-distribution-lumiere-lancia-delta-integrale","status":"publish","type":"product","link":"https:\/\/turijnmagazijn.nl\/fr\/produit\/unite-de-commande-de-chauffage-de-tuyau-de-distribution-lumiere-lancia-delta-integrale\/","title":{"rendered":"Unit\u00e9 de commande de chauffage de tuyau distribuable de lumi\u00e8re Lancia Delta Integrale"},"content":{"rendered":"<p>Jeu utilis\u00e9 de tuyaux en fibre de verre destin\u00e9s \u00e0 transf\u00e9rer la lumi\u00e8re derri\u00e8re l\u2019unit\u00e9 de commande de chauffage pour Lancia Delta Integrale aux diff\u00e9rents boutons de commande afin qu\u2019ils s\u2019allument correctement dans l\u2019obscurit\u00e9.<\/p>\n<p>1 connexion de collection qui est divis\u00e9e en 9 brins distincts.<\/p>\n<p>6 brins sont \u00e9quip\u00e9s d\u2019un clip de serrage vert pour derri\u00e8re les boutons-poussoirs et 3 sont \u00e9quip\u00e9s de pinces noires pour derri\u00e8re les lunettes de vis\u00e9e au niveau des boutons rotatifs.<\/p>\n<p>Tout en bon \u00e9tat de fonctionnement, et complet avec toutes les pinces.<\/p>\n<p>OEM Lancia 82421733<\/p>\n","protected":false},"excerpt":{"rendered":"<p>Unit\u00e9 de commande de chauffage de tuyau de distribution de lumi\u00e8re Lancia Delta Integrale &#8211; Ensemble de tuyaux en fibre de verre utilis\u00e9s pour transf\u00e9rer la lumi\u00e8re derri\u00e8re l\u2019unit\u00e9 de commande de chauffage pour Lancia Delta Integrale aux diff\u00e9rents boutons de commande afin qu\u2019ils soient corrects<\/p>\n","protected":false},"featured_media":50848,"comment_status":"open","ping_status":"closed","template":"","meta":{"_acf_changed":false},"product_brand":[],"product_cat":[1809,1806,1819,1821,1825,1836,1830,1838,1798],"product_tag":[],"class_list":{"0":"post-65438","1":"product","2":"type-product","3":"status-publish","4":"has-post-thumbnail","6":"product_cat-1-1-1-3-1-5-fr","7":"product_cat-delta-1-831-fr","8":"product_cat-gt-i-e-fr","9":"product_cat-hf-4wd-fr","10":"product_cat-hf-turbo-fr","11":"product_cat-integrale-16v-fr","12":"product_cat-integrale-8v-fr","13":"product_cat-integrale-evo-fr","14":"product_cat-lancia-fr","15":"pa_soort-onderdeel-eclairage","16":"pa_soort-onderdeel-tableau-de-bord-et-commutateurs","18":"first","19":"instock","20":"shipping-taxable","21":"purchasable","22":"product-type-simple"},"acf":[],"yoast_head":"<!-- This site is optimized with the Yoast SEO plugin v27.2 - https:\/\/yoast.com\/product\/yoast-seo-wordpress\/ -->\n<title>Unit\u00e9 de commande de chauffage de tuyau distribuable de lumi\u00e8re Lancia Delta Integrale - Turijnmagazijn<\/title>\n<meta name=\"robots\" content=\"index, follow, max-snippet:-1, max-image-preview:large, max-video-preview:-1\" \/>\n<link rel=\"canonical\" href=\"https:\/\/turijnmagazijn.nl\/fr\/produit\/unite-de-commande-de-chauffage-de-tuyau-de-distribution-lumiere-lancia-delta-integrale\/\" \/>\n<meta property=\"og:locale\" content=\"fr_FR\" \/>\n<meta property=\"og:type\" content=\"article\" \/>\n<meta property=\"og:title\" content=\"Unit\u00e9 de commande de chauffage de tuyau distribuable de lumi\u00e8re Lancia Delta Integrale - Turijnmagazijn\" \/>\n<meta property=\"og:description\" content=\"Unit\u00e9 de commande de chauffage de tuyau de distribution de lumi\u00e8re Lancia Delta Integrale - Ensemble de tuyaux en fibre de verre utilis\u00e9s pour transf\u00e9rer la lumi\u00e8re derri\u00e8re l\u2019unit\u00e9 de commande de chauffage pour Lancia Delta Integrale aux diff\u00e9rents boutons de commande afin qu\u2019ils soient corrects\" \/>\n<meta property=\"og:url\" content=\"https:\/\/turijnmagazijn.nl\/fr\/produit\/unite-de-commande-de-chauffage-de-tuyau-de-distribution-lumiere-lancia-delta-integrale\/\" \/>\n<meta property=\"og:site_name\" content=\"Turijnmagazijn\" \/>\n<meta property=\"article:publisher\" content=\"https:\/\/www.facebook.com\/turijnmagazijn\" \/>\n<meta property=\"article:modified_time\" content=\"2025-08-11T06:46:37+00:00\" \/>\n<meta property=\"og:image\" content=\"https:\/\/turijnmagazijn.nl\/wp-content\/uploads\/2023\/03\/DK00102438-Licht-verdeel-slang-kachelbedieningsunit-Lancia-Delta-Integrale-3-1.jpg\" \/>\n\t<meta property=\"og:image:width\" content=\"1024\" \/>\n\t<meta property=\"og:image:height\" content=\"768\" \/>\n\t<meta property=\"og:image:type\" content=\"image\/jpeg\" \/>\n<meta name=\"twitter:card\" content=\"summary_large_image\" \/>\n<meta name=\"twitter:label1\" content=\"Dur\u00e9e de lecture estim\u00e9e\" \/>\n\t<meta name=\"twitter:data1\" content=\"1 minute\" \/>\n<script type=\"application\/ld+json\" class=\"yoast-schema-graph\">{\"@context\":\"https:\/\/schema.org\",\"@graph\":[{\"@type\":\"WebPage\",\"@id\":\"https:\/\/turijnmagazijn.nl\/fr\/produit\/unite-de-commande-de-chauffage-de-tuyau-de-distribution-lumiere-lancia-delta-integrale\/\",\"url\":\"https:\/\/turijnmagazijn.nl\/fr\/produit\/unite-de-commande-de-chauffage-de-tuyau-de-distribution-lumiere-lancia-delta-integrale\/\",\"name\":\"Unit\u00e9 de commande de chauffage de tuyau distribuable de lumi\u00e8re Lancia Delta Integrale - Turijnmagazijn\",\"isPartOf\":{\"@id\":\"https:\/\/turijnmagazijn.jumpstone-dev.nl\/#website\"},\"primaryImageOfPage\":{\"@id\":\"https:\/\/turijnmagazijn.nl\/fr\/produit\/unite-de-commande-de-chauffage-de-tuyau-de-distribution-lumiere-lancia-delta-integrale\/#primaryimage\"},\"image\":{\"@id\":\"https:\/\/turijnmagazijn.nl\/fr\/produit\/unite-de-commande-de-chauffage-de-tuyau-de-distribution-lumiere-lancia-delta-integrale\/#primaryimage\"},\"thumbnailUrl\":\"https:\/\/turijnmagazijn.nl\/wp-content\/uploads\/2023\/03\/DK00102438-Licht-verdeel-slang-kachelbedieningsunit-Lancia-Delta-Integrale-3-1.jpg\",\"datePublished\":\"2023-03-03T08:33:08+00:00\",\"dateModified\":\"2025-08-11T06:46:37+00:00\",\"breadcrumb\":{\"@id\":\"https:\/\/turijnmagazijn.nl\/fr\/produit\/unite-de-commande-de-chauffage-de-tuyau-de-distribution-lumiere-lancia-delta-integrale\/#breadcrumb\"},\"inLanguage\":\"fr-FR\",\"potentialAction\":[{\"@type\":\"ReadAction\",\"target\":[\"https:\/\/turijnmagazijn.nl\/fr\/produit\/unite-de-commande-de-chauffage-de-tuyau-de-distribution-lumiere-lancia-delta-integrale\/\"]}]},{\"@type\":\"ImageObject\",\"inLanguage\":\"fr-FR\",\"@id\":\"https:\/\/turijnmagazijn.nl\/fr\/produit\/unite-de-commande-de-chauffage-de-tuyau-de-distribution-lumiere-lancia-delta-integrale\/#primaryimage\",\"url\":\"https:\/\/turijnmagazijn.nl\/wp-content\/uploads\/2023\/03\/DK00102438-Licht-verdeel-slang-kachelbedieningsunit-Lancia-Delta-Integrale-3-1.jpg\",\"contentUrl\":\"https:\/\/turijnmagazijn.nl\/wp-content\/uploads\/2023\/03\/DK00102438-Licht-verdeel-slang-kachelbedieningsunit-Lancia-Delta-Integrale-3-1.jpg\",\"width\":1024,\"height\":768},{\"@type\":\"BreadcrumbList\",\"@id\":\"https:\/\/turijnmagazijn.nl\/fr\/produit\/unite-de-commande-de-chauffage-de-tuyau-de-distribution-lumiere-lancia-delta-integrale\/#breadcrumb\",\"itemListElement\":[{\"@type\":\"ListItem\",\"position\":1,\"name\":\"Home\",\"item\":\"https:\/\/turijnmagazijn.nl\/fr\/\"},{\"@type\":\"ListItem\",\"position\":2,\"name\":\"Produits\",\"item\":\"https:\/\/turijnmagazijn.nl\/fr\/shop\/\"},{\"@type\":\"ListItem\",\"position\":3,\"name\":\"Unit\u00e9 de commande de chauffage de tuyau distribuable de lumi\u00e8re Lancia Delta Integrale\"}]},{\"@type\":\"WebSite\",\"@id\":\"https:\/\/turijnmagazijn.jumpstone-dev.nl\/#website\",\"url\":\"https:\/\/turijnmagazijn.jumpstone-dev.nl\/\",\"name\":\"Turijnmagazijn\",\"description\":\"Onderdelen nieuw en gebruikt - Fiat &amp; Lancia\",\"publisher\":{\"@id\":\"https:\/\/turijnmagazijn.jumpstone-dev.nl\/#organization\"},\"potentialAction\":[{\"@type\":\"SearchAction\",\"target\":{\"@type\":\"EntryPoint\",\"urlTemplate\":\"https:\/\/turijnmagazijn.jumpstone-dev.nl\/?s={search_term_string}\"},\"query-input\":{\"@type\":\"PropertyValueSpecification\",\"valueRequired\":true,\"valueName\":\"search_term_string\"}}],\"inLanguage\":\"fr-FR\"},{\"@type\":\"Organization\",\"@id\":\"https:\/\/turijnmagazijn.jumpstone-dev.nl\/#organization\",\"name\":\"Turijnmagazijn\",\"url\":\"https:\/\/turijnmagazijn.jumpstone-dev.nl\/\",\"logo\":{\"@type\":\"ImageObject\",\"inLanguage\":\"fr-FR\",\"@id\":\"https:\/\/turijnmagazijn.jumpstone-dev.nl\/#\/schema\/logo\/image\/\",\"url\":\"https:\/\/turijnmagazijn.nl\/wp-content\/uploads\/2021\/02\/turijnmagazijnlogo.png\",\"contentUrl\":\"https:\/\/turijnmagazijn.nl\/wp-content\/uploads\/2021\/02\/turijnmagazijnlogo.png\",\"width\":555,\"height\":270,\"caption\":\"Turijnmagazijn\"},\"image\":{\"@id\":\"https:\/\/turijnmagazijn.jumpstone-dev.nl\/#\/schema\/logo\/image\/\"},\"sameAs\":[\"https:\/\/www.facebook.com\/turijnmagazijn\"]}]}<\/script>\n<!-- \/ Yoast SEO plugin. -->","yoast_head_json":{"title":"Unit\u00e9 de commande de chauffage de tuyau distribuable de lumi\u00e8re Lancia Delta Integrale - Turijnmagazijn","robots":{"index":"index","follow":"follow","max-snippet":"max-snippet:-1","max-image-preview":"max-image-preview:large","max-video-preview":"max-video-preview:-1"},"canonical":"https:\/\/turijnmagazijn.nl\/fr\/produit\/unite-de-commande-de-chauffage-de-tuyau-de-distribution-lumiere-lancia-delta-integrale\/","og_locale":"fr_FR","og_type":"article","og_title":"Unit\u00e9 de commande de chauffage de tuyau distribuable de lumi\u00e8re Lancia Delta Integrale - Turijnmagazijn","og_description":"Unit\u00e9 de commande de chauffage de tuyau de distribution de lumi\u00e8re Lancia Delta Integrale - Ensemble de tuyaux en fibre de verre utilis\u00e9s pour transf\u00e9rer la lumi\u00e8re derri\u00e8re l\u2019unit\u00e9 de commande de chauffage pour Lancia Delta Integrale aux diff\u00e9rents boutons de commande afin qu\u2019ils soient corrects","og_url":"https:\/\/turijnmagazijn.nl\/fr\/produit\/unite-de-commande-de-chauffage-de-tuyau-de-distribution-lumiere-lancia-delta-integrale\/","og_site_name":"Turijnmagazijn","article_publisher":"https:\/\/www.facebook.com\/turijnmagazijn","article_modified_time":"2025-08-11T06:46:37+00:00","og_image":[{"width":1024,"height":768,"url":"https:\/\/turijnmagazijn.nl\/wp-content\/uploads\/2023\/03\/DK00102438-Licht-verdeel-slang-kachelbedieningsunit-Lancia-Delta-Integrale-3-1.jpg","type":"image\/jpeg"}],"twitter_card":"summary_large_image","twitter_misc":{"Dur\u00e9e de lecture estim\u00e9e":"1 minute"},"schema":{"@context":"https:\/\/schema.org","@graph":[{"@type":"WebPage","@id":"https:\/\/turijnmagazijn.nl\/fr\/produit\/unite-de-commande-de-chauffage-de-tuyau-de-distribution-lumiere-lancia-delta-integrale\/","url":"https:\/\/turijnmagazijn.nl\/fr\/produit\/unite-de-commande-de-chauffage-de-tuyau-de-distribution-lumiere-lancia-delta-integrale\/","name":"Unit\u00e9 de commande de chauffage de tuyau distribuable de lumi\u00e8re Lancia Delta Integrale - Turijnmagazijn","isPartOf":{"@id":"https:\/\/turijnmagazijn.jumpstone-dev.nl\/#website"},"primaryImageOfPage":{"@id":"https:\/\/turijnmagazijn.nl\/fr\/produit\/unite-de-commande-de-chauffage-de-tuyau-de-distribution-lumiere-lancia-delta-integrale\/#primaryimage"},"image":{"@id":"https:\/\/turijnmagazijn.nl\/fr\/produit\/unite-de-commande-de-chauffage-de-tuyau-de-distribution-lumiere-lancia-delta-integrale\/#primaryimage"},"thumbnailUrl":"https:\/\/turijnmagazijn.nl\/wp-content\/uploads\/2023\/03\/DK00102438-Licht-verdeel-slang-kachelbedieningsunit-Lancia-Delta-Integrale-3-1.jpg","datePublished":"2023-03-03T08:33:08+00:00","dateModified":"2025-08-11T06:46:37+00:00","breadcrumb":{"@id":"https:\/\/turijnmagazijn.nl\/fr\/produit\/unite-de-commande-de-chauffage-de-tuyau-de-distribution-lumiere-lancia-delta-integrale\/#breadcrumb"},"inLanguage":"fr-FR","potentialAction":[{"@type":"ReadAction","target":["https:\/\/turijnmagazijn.nl\/fr\/produit\/unite-de-commande-de-chauffage-de-tuyau-de-distribution-lumiere-lancia-delta-integrale\/"]}]},{"@type":"ImageObject","inLanguage":"fr-FR","@id":"https:\/\/turijnmagazijn.nl\/fr\/produit\/unite-de-commande-de-chauffage-de-tuyau-de-distribution-lumiere-lancia-delta-integrale\/#primaryimage","url":"https:\/\/turijnmagazijn.nl\/wp-content\/uploads\/2023\/03\/DK00102438-Licht-verdeel-slang-kachelbedieningsunit-Lancia-Delta-Integrale-3-1.jpg","contentUrl":"https:\/\/turijnmagazijn.nl\/wp-content\/uploads\/2023\/03\/DK00102438-Licht-verdeel-slang-kachelbedieningsunit-Lancia-Delta-Integrale-3-1.jpg","width":1024,"height":768},{"@type":"BreadcrumbList","@id":"https:\/\/turijnmagazijn.nl\/fr\/produit\/unite-de-commande-de-chauffage-de-tuyau-de-distribution-lumiere-lancia-delta-integrale\/#breadcrumb","itemListElement":[{"@type":"ListItem","position":1,"name":"Home","item":"https:\/\/turijnmagazijn.nl\/fr\/"},{"@type":"ListItem","position":2,"name":"Produits","item":"https:\/\/turijnmagazijn.nl\/fr\/shop\/"},{"@type":"ListItem","position":3,"name":"Unit\u00e9 de commande de chauffage de tuyau distribuable de lumi\u00e8re Lancia Delta Integrale"}]},{"@type":"WebSite","@id":"https:\/\/turijnmagazijn.jumpstone-dev.nl\/#website","url":"https:\/\/turijnmagazijn.jumpstone-dev.nl\/","name":"Turijnmagazijn","description":"Onderdelen nieuw en gebruikt - Fiat &amp; Lancia","publisher":{"@id":"https:\/\/turijnmagazijn.jumpstone-dev.nl\/#organization"},"potentialAction":[{"@type":"SearchAction","target":{"@type":"EntryPoint","urlTemplate":"https:\/\/turijnmagazijn.jumpstone-dev.nl\/?s={search_term_string}"},"query-input":{"@type":"PropertyValueSpecification","valueRequired":true,"valueName":"search_term_string"}}],"inLanguage":"fr-FR"},{"@type":"Organization","@id":"https:\/\/turijnmagazijn.jumpstone-dev.nl\/#organization","name":"Turijnmagazijn","url":"https:\/\/turijnmagazijn.jumpstone-dev.nl\/","logo":{"@type":"ImageObject","inLanguage":"fr-FR","@id":"https:\/\/turijnmagazijn.jumpstone-dev.nl\/#\/schema\/logo\/image\/","url":"https:\/\/turijnmagazijn.nl\/wp-content\/uploads\/2021\/02\/turijnmagazijnlogo.png","contentUrl":"https:\/\/turijnmagazijn.nl\/wp-content\/uploads\/2021\/02\/turijnmagazijnlogo.png","width":555,"height":270,"caption":"Turijnmagazijn"},"image":{"@id":"https:\/\/turijnmagazijn.jumpstone-dev.nl\/#\/schema\/logo\/image\/"},"sameAs":["https:\/\/www.facebook.com\/turijnmagazijn"]}]}},"_links":{"self":[{"href":"https:\/\/turijnmagazijn.nl\/fr\/wp-json\/wp\/v2\/product\/65438","targetHints":{"allow":["GET"]}}],"collection":[{"href":"https:\/\/turijnmagazijn.nl\/fr\/wp-json\/wp\/v2\/product"}],"about":[{"href":"https:\/\/turijnmagazijn.nl\/fr\/wp-json\/wp\/v2\/types\/product"}],"replies":[{"embeddable":true,"href":"https:\/\/turijnmagazijn.nl\/fr\/wp-json\/wp\/v2\/comments?post=65438"}],"wp:featuredmedia":[{"embeddable":true,"href":"https:\/\/turijnmagazijn.nl\/fr\/wp-json\/wp\/v2\/media\/50848"}],"wp:attachment":[{"href":"https:\/\/turijnmagazijn.nl\/fr\/wp-json\/wp\/v2\/media?parent=65438"}],"wp:term":[{"taxonomy":"product_brand","embeddable":true,"href":"https:\/\/turijnmagazijn.nl\/fr\/wp-json\/wp\/v2\/product_brand?post=65438"},{"taxonomy":"product_cat","embeddable":true,"href":"https:\/\/turijnmagazijn.nl\/fr\/wp-json\/wp\/v2\/product_cat?post=65438"},{"taxonomy":"product_tag","embeddable":true,"href":"https:\/\/turijnmagazijn.nl\/fr\/wp-json\/wp\/v2\/product_tag?post=65438"}],"curies":[{"name":"wp","href":"https:\/\/api.w.org\/{rel}","templated":true}]}}