{"id":65479,"date":"2023-03-03T09:34:55","date_gmt":"2023-03-03T08:34:55","guid":{"rendered":"https:\/\/turijnmagazijn.nl\/product\/ecu-ordinateur-de-gestion-de-moteur-fiat-croma-2-0-i-e-8v\/"},"modified":"2023-07-27T13:24:09","modified_gmt":"2023-07-27T11:24:09","slug":"ecu-enginemanagement-computer-fiat-croma-2-0-i-e-8v-2","status":"publish","type":"product","link":"https:\/\/turijnmagazijn.nl\/fr\/produit\/ecu-enginemanagement-computer-fiat-croma-2-0-i-e-8v-2\/","title":{"rendered":"ECU Ordinateur de gestion de moteur Fiat Croma 2.0 I.E. 8V"},"content":{"rendered":"<p>Ordinateur de gestion du moteur d\u2019occasion pour le contr\u00f4le de l\u2019injection et de l\u2019allumage pour Fiat Croma I.<\/p>\n<p>  Applicable pour le moteur \u00e0 essence 2.0 I.E. D\u2019apr\u00e8s un Croma que j\u2019ai construit en 1988-1989-1990-1991.  <\/p>\n<p>L\u2019ordinateur est une bo\u00eete en aluminium mont\u00e9e dans le compartiment des pieds du c\u00f4t\u00e9 passager. L\u2019ordinateur est un produit IAW de type Weber.<\/p>\n<p><\/p>\n<p>Inscriptions sur l\u2019unit\u00e9:<\/p>\n<p>Weber Italie<\/p>\n<p>IAW 02.6<\/p>\n<p>Fabriacato da Marelli Autronica<\/p>\n<p><\/p>\n<p><\/p>\n<p>Num\u00e9ro OEM Fiat 7699549<\/p>\n","protected":false},"excerpt":{"rendered":"<p>ECU Ordinateur de gestion de moteur Fiat Croma 2.0 I.E. 8V &#8211; Ordinateur de gestion de moteur d\u2019occasion pour le contr\u00f4le de l\u2019injection et de l\u2019allumage pour Fiat Croma I.<\/p>\n","protected":false},"featured_media":51072,"comment_status":"open","ping_status":"closed","template":"","meta":{"_acf_changed":false},"product_brand":[],"product_cat":[1722,1690,1798,1896],"product_tag":[],"class_list":{"0":"post-65479","1":"product","2":"type-product","3":"status-publish","4":"has-post-thumbnail","6":"product_cat-croma-1-154-fr","7":"product_cat-fiat-fr","8":"product_cat-lancia-fr","9":"product_cat-thema-834-fr","10":"pa_soort-onderdeel-electronique-et-cables","11":"pa_soort-onderdeel-moteur-et-accessoires","13":"first","14":"instock","15":"shipping-taxable","16":"purchasable","17":"product-type-simple"},"acf":[],"yoast_head":"<!-- This site is optimized with the Yoast SEO plugin v27.2 - https:\/\/yoast.com\/product\/yoast-seo-wordpress\/ -->\n<title>ECU Ordinateur de gestion de moteur Fiat Croma 2.0 I.E. 8V - Turijnmagazijn<\/title>\n<meta name=\"robots\" content=\"index, follow, max-snippet:-1, max-image-preview:large, max-video-preview:-1\" \/>\n<link rel=\"canonical\" href=\"https:\/\/turijnmagazijn.nl\/fr\/produit\/ecu-enginemanagement-computer-fiat-croma-2-0-i-e-8v-2\/\" \/>\n<meta property=\"og:locale\" content=\"fr_FR\" \/>\n<meta property=\"og:type\" content=\"article\" \/>\n<meta property=\"og:title\" content=\"ECU Ordinateur de gestion de moteur Fiat Croma 2.0 I.E. 8V - Turijnmagazijn\" \/>\n<meta property=\"og:description\" content=\"ECU Ordinateur de gestion de moteur Fiat Croma 2.0 I.E. 8V - Ordinateur de gestion de moteur d\u2019occasion pour le contr\u00f4le de l\u2019injection et de l\u2019allumage pour Fiat Croma I.\" \/>\n<meta property=\"og:url\" content=\"https:\/\/turijnmagazijn.nl\/fr\/produit\/ecu-enginemanagement-computer-fiat-croma-2-0-i-e-8v-2\/\" \/>\n<meta property=\"og:site_name\" content=\"Turijnmagazijn\" \/>\n<meta property=\"article:publisher\" content=\"https:\/\/www.facebook.com\/turijnmagazijn\" \/>\n<meta property=\"article:modified_time\" content=\"2023-07-27T11:24:09+00:00\" \/>\n<meta property=\"og:image\" content=\"https:\/\/turijnmagazijn.nl\/wp-content\/uploads\/2023\/03\/DK00102452-ECU-Motormanagement-computer-Fiat-Croma-2.0-I.E.-8V-3-1.jpg\" \/>\n\t<meta property=\"og:image:width\" content=\"1024\" \/>\n\t<meta property=\"og:image:height\" content=\"768\" \/>\n\t<meta property=\"og:image:type\" content=\"image\/jpeg\" \/>\n<meta name=\"twitter:card\" content=\"summary_large_image\" \/>\n<script type=\"application\/ld+json\" class=\"yoast-schema-graph\">{\"@context\":\"https:\/\/schema.org\",\"@graph\":[{\"@type\":\"WebPage\",\"@id\":\"https:\/\/turijnmagazijn.nl\/fr\/produit\/ecu-enginemanagement-computer-fiat-croma-2-0-i-e-8v-2\/\",\"url\":\"https:\/\/turijnmagazijn.nl\/fr\/produit\/ecu-enginemanagement-computer-fiat-croma-2-0-i-e-8v-2\/\",\"name\":\"ECU Ordinateur de gestion de moteur Fiat Croma 2.0 I.E. 8V - Turijnmagazijn\",\"isPartOf\":{\"@id\":\"https:\/\/turijnmagazijn.jumpstone-dev.nl\/#website\"},\"primaryImageOfPage\":{\"@id\":\"https:\/\/turijnmagazijn.nl\/fr\/produit\/ecu-enginemanagement-computer-fiat-croma-2-0-i-e-8v-2\/#primaryimage\"},\"image\":{\"@id\":\"https:\/\/turijnmagazijn.nl\/fr\/produit\/ecu-enginemanagement-computer-fiat-croma-2-0-i-e-8v-2\/#primaryimage\"},\"thumbnailUrl\":\"https:\/\/turijnmagazijn.nl\/wp-content\/uploads\/2023\/03\/DK00102452-ECU-Motormanagement-computer-Fiat-Croma-2.0-I.E.-8V-3-1.jpg\",\"datePublished\":\"2023-03-03T08:34:55+00:00\",\"dateModified\":\"2023-07-27T11:24:09+00:00\",\"breadcrumb\":{\"@id\":\"https:\/\/turijnmagazijn.nl\/fr\/produit\/ecu-enginemanagement-computer-fiat-croma-2-0-i-e-8v-2\/#breadcrumb\"},\"inLanguage\":\"fr-FR\",\"potentialAction\":[{\"@type\":\"ReadAction\",\"target\":[\"https:\/\/turijnmagazijn.nl\/fr\/produit\/ecu-enginemanagement-computer-fiat-croma-2-0-i-e-8v-2\/\"]}]},{\"@type\":\"ImageObject\",\"inLanguage\":\"fr-FR\",\"@id\":\"https:\/\/turijnmagazijn.nl\/fr\/produit\/ecu-enginemanagement-computer-fiat-croma-2-0-i-e-8v-2\/#primaryimage\",\"url\":\"https:\/\/turijnmagazijn.nl\/wp-content\/uploads\/2023\/03\/DK00102452-ECU-Motormanagement-computer-Fiat-Croma-2.0-I.E.-8V-3-1.jpg\",\"contentUrl\":\"https:\/\/turijnmagazijn.nl\/wp-content\/uploads\/2023\/03\/DK00102452-ECU-Motormanagement-computer-Fiat-Croma-2.0-I.E.-8V-3-1.jpg\",\"width\":1024,\"height\":768},{\"@type\":\"BreadcrumbList\",\"@id\":\"https:\/\/turijnmagazijn.nl\/fr\/produit\/ecu-enginemanagement-computer-fiat-croma-2-0-i-e-8v-2\/#breadcrumb\",\"itemListElement\":[{\"@type\":\"ListItem\",\"position\":1,\"name\":\"Home\",\"item\":\"https:\/\/turijnmagazijn.nl\/fr\/\"},{\"@type\":\"ListItem\",\"position\":2,\"name\":\"Produits\",\"item\":\"https:\/\/turijnmagazijn.nl\/fr\/shop\/\"},{\"@type\":\"ListItem\",\"position\":3,\"name\":\"ECU Ordinateur de gestion de moteur Fiat Croma 2.0 I.E. 8V\"}]},{\"@type\":\"WebSite\",\"@id\":\"https:\/\/turijnmagazijn.jumpstone-dev.nl\/#website\",\"url\":\"https:\/\/turijnmagazijn.jumpstone-dev.nl\/\",\"name\":\"Turijnmagazijn\",\"description\":\"Onderdelen nieuw en gebruikt - Fiat &amp; Lancia\",\"publisher\":{\"@id\":\"https:\/\/turijnmagazijn.jumpstone-dev.nl\/#organization\"},\"potentialAction\":[{\"@type\":\"SearchAction\",\"target\":{\"@type\":\"EntryPoint\",\"urlTemplate\":\"https:\/\/turijnmagazijn.jumpstone-dev.nl\/?s={search_term_string}\"},\"query-input\":{\"@type\":\"PropertyValueSpecification\",\"valueRequired\":true,\"valueName\":\"search_term_string\"}}],\"inLanguage\":\"fr-FR\"},{\"@type\":\"Organization\",\"@id\":\"https:\/\/turijnmagazijn.jumpstone-dev.nl\/#organization\",\"name\":\"Turijnmagazijn\",\"url\":\"https:\/\/turijnmagazijn.jumpstone-dev.nl\/\",\"logo\":{\"@type\":\"ImageObject\",\"inLanguage\":\"fr-FR\",\"@id\":\"https:\/\/turijnmagazijn.jumpstone-dev.nl\/#\/schema\/logo\/image\/\",\"url\":\"https:\/\/turijnmagazijn.nl\/wp-content\/uploads\/2021\/02\/turijnmagazijnlogo.png\",\"contentUrl\":\"https:\/\/turijnmagazijn.nl\/wp-content\/uploads\/2021\/02\/turijnmagazijnlogo.png\",\"width\":555,\"height\":270,\"caption\":\"Turijnmagazijn\"},\"image\":{\"@id\":\"https:\/\/turijnmagazijn.jumpstone-dev.nl\/#\/schema\/logo\/image\/\"},\"sameAs\":[\"https:\/\/www.facebook.com\/turijnmagazijn\"]}]}<\/script>\n<!-- \/ Yoast SEO plugin. -->","yoast_head_json":{"title":"ECU Ordinateur de gestion de moteur Fiat Croma 2.0 I.E. 8V - Turijnmagazijn","robots":{"index":"index","follow":"follow","max-snippet":"max-snippet:-1","max-image-preview":"max-image-preview:large","max-video-preview":"max-video-preview:-1"},"canonical":"https:\/\/turijnmagazijn.nl\/fr\/produit\/ecu-enginemanagement-computer-fiat-croma-2-0-i-e-8v-2\/","og_locale":"fr_FR","og_type":"article","og_title":"ECU Ordinateur de gestion de moteur Fiat Croma 2.0 I.E. 8V - Turijnmagazijn","og_description":"ECU Ordinateur de gestion de moteur Fiat Croma 2.0 I.E. 8V - Ordinateur de gestion de moteur d\u2019occasion pour le contr\u00f4le de l\u2019injection et de l\u2019allumage pour Fiat Croma I.","og_url":"https:\/\/turijnmagazijn.nl\/fr\/produit\/ecu-enginemanagement-computer-fiat-croma-2-0-i-e-8v-2\/","og_site_name":"Turijnmagazijn","article_publisher":"https:\/\/www.facebook.com\/turijnmagazijn","article_modified_time":"2023-07-27T11:24:09+00:00","og_image":[{"width":1024,"height":768,"url":"https:\/\/turijnmagazijn.nl\/wp-content\/uploads\/2023\/03\/DK00102452-ECU-Motormanagement-computer-Fiat-Croma-2.0-I.E.-8V-3-1.jpg","type":"image\/jpeg"}],"twitter_card":"summary_large_image","schema":{"@context":"https:\/\/schema.org","@graph":[{"@type":"WebPage","@id":"https:\/\/turijnmagazijn.nl\/fr\/produit\/ecu-enginemanagement-computer-fiat-croma-2-0-i-e-8v-2\/","url":"https:\/\/turijnmagazijn.nl\/fr\/produit\/ecu-enginemanagement-computer-fiat-croma-2-0-i-e-8v-2\/","name":"ECU Ordinateur de gestion de moteur Fiat Croma 2.0 I.E. 8V - Turijnmagazijn","isPartOf":{"@id":"https:\/\/turijnmagazijn.jumpstone-dev.nl\/#website"},"primaryImageOfPage":{"@id":"https:\/\/turijnmagazijn.nl\/fr\/produit\/ecu-enginemanagement-computer-fiat-croma-2-0-i-e-8v-2\/#primaryimage"},"image":{"@id":"https:\/\/turijnmagazijn.nl\/fr\/produit\/ecu-enginemanagement-computer-fiat-croma-2-0-i-e-8v-2\/#primaryimage"},"thumbnailUrl":"https:\/\/turijnmagazijn.nl\/wp-content\/uploads\/2023\/03\/DK00102452-ECU-Motormanagement-computer-Fiat-Croma-2.0-I.E.-8V-3-1.jpg","datePublished":"2023-03-03T08:34:55+00:00","dateModified":"2023-07-27T11:24:09+00:00","breadcrumb":{"@id":"https:\/\/turijnmagazijn.nl\/fr\/produit\/ecu-enginemanagement-computer-fiat-croma-2-0-i-e-8v-2\/#breadcrumb"},"inLanguage":"fr-FR","potentialAction":[{"@type":"ReadAction","target":["https:\/\/turijnmagazijn.nl\/fr\/produit\/ecu-enginemanagement-computer-fiat-croma-2-0-i-e-8v-2\/"]}]},{"@type":"ImageObject","inLanguage":"fr-FR","@id":"https:\/\/turijnmagazijn.nl\/fr\/produit\/ecu-enginemanagement-computer-fiat-croma-2-0-i-e-8v-2\/#primaryimage","url":"https:\/\/turijnmagazijn.nl\/wp-content\/uploads\/2023\/03\/DK00102452-ECU-Motormanagement-computer-Fiat-Croma-2.0-I.E.-8V-3-1.jpg","contentUrl":"https:\/\/turijnmagazijn.nl\/wp-content\/uploads\/2023\/03\/DK00102452-ECU-Motormanagement-computer-Fiat-Croma-2.0-I.E.-8V-3-1.jpg","width":1024,"height":768},{"@type":"BreadcrumbList","@id":"https:\/\/turijnmagazijn.nl\/fr\/produit\/ecu-enginemanagement-computer-fiat-croma-2-0-i-e-8v-2\/#breadcrumb","itemListElement":[{"@type":"ListItem","position":1,"name":"Home","item":"https:\/\/turijnmagazijn.nl\/fr\/"},{"@type":"ListItem","position":2,"name":"Produits","item":"https:\/\/turijnmagazijn.nl\/fr\/shop\/"},{"@type":"ListItem","position":3,"name":"ECU Ordinateur de gestion de moteur Fiat Croma 2.0 I.E. 8V"}]},{"@type":"WebSite","@id":"https:\/\/turijnmagazijn.jumpstone-dev.nl\/#website","url":"https:\/\/turijnmagazijn.jumpstone-dev.nl\/","name":"Turijnmagazijn","description":"Onderdelen nieuw en gebruikt - Fiat &amp; Lancia","publisher":{"@id":"https:\/\/turijnmagazijn.jumpstone-dev.nl\/#organization"},"potentialAction":[{"@type":"SearchAction","target":{"@type":"EntryPoint","urlTemplate":"https:\/\/turijnmagazijn.jumpstone-dev.nl\/?s={search_term_string}"},"query-input":{"@type":"PropertyValueSpecification","valueRequired":true,"valueName":"search_term_string"}}],"inLanguage":"fr-FR"},{"@type":"Organization","@id":"https:\/\/turijnmagazijn.jumpstone-dev.nl\/#organization","name":"Turijnmagazijn","url":"https:\/\/turijnmagazijn.jumpstone-dev.nl\/","logo":{"@type":"ImageObject","inLanguage":"fr-FR","@id":"https:\/\/turijnmagazijn.jumpstone-dev.nl\/#\/schema\/logo\/image\/","url":"https:\/\/turijnmagazijn.nl\/wp-content\/uploads\/2021\/02\/turijnmagazijnlogo.png","contentUrl":"https:\/\/turijnmagazijn.nl\/wp-content\/uploads\/2021\/02\/turijnmagazijnlogo.png","width":555,"height":270,"caption":"Turijnmagazijn"},"image":{"@id":"https:\/\/turijnmagazijn.jumpstone-dev.nl\/#\/schema\/logo\/image\/"},"sameAs":["https:\/\/www.facebook.com\/turijnmagazijn"]}]}},"_links":{"self":[{"href":"https:\/\/turijnmagazijn.nl\/fr\/wp-json\/wp\/v2\/product\/65479","targetHints":{"allow":["GET"]}}],"collection":[{"href":"https:\/\/turijnmagazijn.nl\/fr\/wp-json\/wp\/v2\/product"}],"about":[{"href":"https:\/\/turijnmagazijn.nl\/fr\/wp-json\/wp\/v2\/types\/product"}],"replies":[{"embeddable":true,"href":"https:\/\/turijnmagazijn.nl\/fr\/wp-json\/wp\/v2\/comments?post=65479"}],"wp:featuredmedia":[{"embeddable":true,"href":"https:\/\/turijnmagazijn.nl\/fr\/wp-json\/wp\/v2\/media\/51072"}],"wp:attachment":[{"href":"https:\/\/turijnmagazijn.nl\/fr\/wp-json\/wp\/v2\/media?parent=65479"}],"wp:term":[{"taxonomy":"product_brand","embeddable":true,"href":"https:\/\/turijnmagazijn.nl\/fr\/wp-json\/wp\/v2\/product_brand?post=65479"},{"taxonomy":"product_cat","embeddable":true,"href":"https:\/\/turijnmagazijn.nl\/fr\/wp-json\/wp\/v2\/product_cat?post=65479"},{"taxonomy":"product_tag","embeddable":true,"href":"https:\/\/turijnmagazijn.nl\/fr\/wp-json\/wp\/v2\/product_tag?post=65479"}],"curies":[{"name":"wp","href":"https:\/\/api.w.org\/{rel}","templated":true}]}}