{"id":65491,"date":"2023-03-03T09:35:49","date_gmt":"2023-03-03T08:35:49","guid":{"rendered":"https:\/\/turijnmagazijn.nl\/product\/calculateur-de-gestion-de-moteur-lancia-kappa-2-0-i-e-avec-cles\/"},"modified":"2025-04-17T17:29:33","modified_gmt":"2025-04-17T15:29:33","slug":"ecu-engine-management-computer-lancia-kappa-2-0-i-e-with-keys","status":"publish","type":"product","link":"https:\/\/turijnmagazijn.nl\/fr\/produit\/ecu-engine-management-computer-lancia-kappa-2-0-i-e-with-keys\/","title":{"rendered":"Calculateur de gestion de moteur Lancia Kappa 2.0 I.E. avec cl\u00e9s"},"content":{"rendered":"<p style=\"margin-bottom: 10px;\">Ordinateur de gestion de moteur ECU&nbsp;d\u2019occasion pour Lancia Kappa 2.0 I.E. Concerne une unit\u00e9 Bosch Motronic.<\/p>\n<p style=\"margin-bottom: 10px;\">L\u2019unit\u00e9 est correctement travaill\u00e9e \u00e0 partir d\u2019une berline essence Lancia Kappa 2.0 de 1996.<\/p>\n<p style=\"margin-bottom: 10px;\">Inscriptions sur l\u2019unit\u00e9:<\/p>\n<p style=\"margin-bottom: 10px;\">\n<ul style=\"margin-bottom: 10px;\">\n<li>BOSCH<\/li>\n<li>0 261 203 670<\/li>\n<li>26SA3911<\/li>\n<li>1740 0025<\/li>\n<li>012<\/li>\n<li>Fabriqu\u00e9 en Allemagne<\/li>\n<\/ul>\n<p style=\"margin-bottom: 10px;\">\n<p style=\"margin-bottom: 10px;\">Outre l\u2019ECU, cet ensemble comprend \u00e9galement  <\/p>\n<p style=\"margin-bottom: 10px;\">\n<ul>\n<li>2 touches d\u2019origine sans t\u00e9l\u00e9commande avec Light.<\/li>\n<li>Anneau et contr\u00f4leur pour l\u2019antid\u00e9marrage&nbsp;<\/li>\n<li>2 \u00e9metteurs portatifs pour la mise \u00e0 niveau&nbsp;<\/li>\n<li>2 \u00e9metteurs portatifs accessoires originaux pour t\u00e9l\u00e9commande \u00e0 verrouillage central (sans r\u00e9cepteur correspondant, donc utilisables uniquement pour ceux qui ont d\u00e9j\u00e0 construit dans ce m\u00eame ensemble<\/li>\n<\/ul>\n<p style=\"margin-bottom: 10px;\">Bref; Un ensemble assorti complet pour que votre kappa se tienne \u00e0 nouveau debout&nbsp;<\/p>\n<p style=\"margin-bottom: 10px;\">Lancia OEM 46446967<\/p>\n","protected":false},"excerpt":{"rendered":"<p>ECU ordinateur de gestion de moteur Lancia Kappa 2.0 I.E. avec cl\u00e9s &#8211; ECU d\u2019occasion<\/p>\n","protected":false},"featured_media":51128,"comment_status":"open","ping_status":"closed","template":"","meta":{"_acf_changed":false},"product_brand":[],"product_cat":[1862,1865,1860,1798,1870],"product_tag":[],"class_list":{"0":"post-65491","1":"product","2":"type-product","3":"status-publish","4":"has-post-thumbnail","6":"product_cat-berlina-fr","7":"product_cat-coupe-fr","8":"product_cat-kappa-838-fr","9":"product_cat-lancia-fr","10":"product_cat-sw-fr","11":"pa_soort-onderdeel-electronique-et-cables","12":"pa_soort-onderdeel-moteur-et-accessoires","14":"first","15":"instock","16":"sale","17":"shipping-taxable","18":"purchasable","19":"product-type-simple"},"acf":[],"yoast_head":"<!-- This site is optimized with the Yoast SEO plugin v27.2 - https:\/\/yoast.com\/product\/yoast-seo-wordpress\/ -->\n<title>Calculateur de gestion de moteur Lancia Kappa 2.0 I.E. avec cl\u00e9s - Turijnmagazijn<\/title>\n<meta name=\"robots\" content=\"index, follow, max-snippet:-1, max-image-preview:large, max-video-preview:-1\" \/>\n<link rel=\"canonical\" href=\"https:\/\/turijnmagazijn.nl\/fr\/produit\/ecu-engine-management-computer-lancia-kappa-2-0-i-e-with-keys\/\" \/>\n<meta property=\"og:locale\" content=\"fr_FR\" \/>\n<meta property=\"og:type\" content=\"article\" \/>\n<meta property=\"og:title\" content=\"Calculateur de gestion de moteur Lancia Kappa 2.0 I.E. avec cl\u00e9s - Turijnmagazijn\" \/>\n<meta property=\"og:description\" content=\"ECU ordinateur de gestion de moteur Lancia Kappa 2.0 I.E. avec cl\u00e9s - ECU d\u2019occasion\" \/>\n<meta property=\"og:url\" content=\"https:\/\/turijnmagazijn.nl\/fr\/produit\/ecu-engine-management-computer-lancia-kappa-2-0-i-e-with-keys\/\" \/>\n<meta property=\"og:site_name\" content=\"Turijnmagazijn\" \/>\n<meta property=\"article:publisher\" content=\"https:\/\/www.facebook.com\/turijnmagazijn\" \/>\n<meta property=\"article:modified_time\" content=\"2025-04-17T15:29:33+00:00\" \/>\n<meta property=\"og:image\" content=\"https:\/\/turijnmagazijn.nl\/wp-content\/uploads\/2023\/03\/DK00102455-ECU-motormanagement-computer-Lancia-Kappa-2.0-I.E.-met-sleutels-3-1.jpg\" \/>\n\t<meta property=\"og:image:width\" content=\"1024\" \/>\n\t<meta property=\"og:image:height\" content=\"768\" \/>\n\t<meta property=\"og:image:type\" content=\"image\/jpeg\" \/>\n<meta name=\"twitter:card\" content=\"summary_large_image\" \/>\n<meta name=\"twitter:label1\" content=\"Dur\u00e9e de lecture estim\u00e9e\" \/>\n\t<meta name=\"twitter:data1\" content=\"1 minute\" \/>\n<script type=\"application\/ld+json\" class=\"yoast-schema-graph\">{\"@context\":\"https:\/\/schema.org\",\"@graph\":[{\"@type\":\"WebPage\",\"@id\":\"https:\/\/turijnmagazijn.nl\/fr\/produit\/ecu-engine-management-computer-lancia-kappa-2-0-i-e-with-keys\/\",\"url\":\"https:\/\/turijnmagazijn.nl\/fr\/produit\/ecu-engine-management-computer-lancia-kappa-2-0-i-e-with-keys\/\",\"name\":\"Calculateur de gestion de moteur Lancia Kappa 2.0 I.E. avec cl\u00e9s - Turijnmagazijn\",\"isPartOf\":{\"@id\":\"https:\/\/turijnmagazijn.jumpstone-dev.nl\/#website\"},\"primaryImageOfPage\":{\"@id\":\"https:\/\/turijnmagazijn.nl\/fr\/produit\/ecu-engine-management-computer-lancia-kappa-2-0-i-e-with-keys\/#primaryimage\"},\"image\":{\"@id\":\"https:\/\/turijnmagazijn.nl\/fr\/produit\/ecu-engine-management-computer-lancia-kappa-2-0-i-e-with-keys\/#primaryimage\"},\"thumbnailUrl\":\"https:\/\/turijnmagazijn.nl\/wp-content\/uploads\/2023\/03\/DK00102455-ECU-motormanagement-computer-Lancia-Kappa-2.0-I.E.-met-sleutels-3-1.jpg\",\"datePublished\":\"2023-03-03T08:35:49+00:00\",\"dateModified\":\"2025-04-17T15:29:33+00:00\",\"breadcrumb\":{\"@id\":\"https:\/\/turijnmagazijn.nl\/fr\/produit\/ecu-engine-management-computer-lancia-kappa-2-0-i-e-with-keys\/#breadcrumb\"},\"inLanguage\":\"fr-FR\",\"potentialAction\":[{\"@type\":\"ReadAction\",\"target\":[\"https:\/\/turijnmagazijn.nl\/fr\/produit\/ecu-engine-management-computer-lancia-kappa-2-0-i-e-with-keys\/\"]}]},{\"@type\":\"ImageObject\",\"inLanguage\":\"fr-FR\",\"@id\":\"https:\/\/turijnmagazijn.nl\/fr\/produit\/ecu-engine-management-computer-lancia-kappa-2-0-i-e-with-keys\/#primaryimage\",\"url\":\"https:\/\/turijnmagazijn.nl\/wp-content\/uploads\/2023\/03\/DK00102455-ECU-motormanagement-computer-Lancia-Kappa-2.0-I.E.-met-sleutels-3-1.jpg\",\"contentUrl\":\"https:\/\/turijnmagazijn.nl\/wp-content\/uploads\/2023\/03\/DK00102455-ECU-motormanagement-computer-Lancia-Kappa-2.0-I.E.-met-sleutels-3-1.jpg\",\"width\":1024,\"height\":768},{\"@type\":\"BreadcrumbList\",\"@id\":\"https:\/\/turijnmagazijn.nl\/fr\/produit\/ecu-engine-management-computer-lancia-kappa-2-0-i-e-with-keys\/#breadcrumb\",\"itemListElement\":[{\"@type\":\"ListItem\",\"position\":1,\"name\":\"Home\",\"item\":\"https:\/\/turijnmagazijn.jumpstone-dev.nl\/\"},{\"@type\":\"ListItem\",\"position\":2,\"name\":\"Produits\",\"item\":\"https:\/\/turijnmagazijn.nl\/fr\/shop\/\"},{\"@type\":\"ListItem\",\"position\":3,\"name\":\"Calculateur de gestion de moteur Lancia Kappa 2.0 I.E. avec cl\u00e9s\"}]},{\"@type\":\"WebSite\",\"@id\":\"https:\/\/turijnmagazijn.jumpstone-dev.nl\/#website\",\"url\":\"https:\/\/turijnmagazijn.jumpstone-dev.nl\/\",\"name\":\"Turijnmagazijn\",\"description\":\"Onderdelen nieuw en gebruikt - Fiat &amp; Lancia\",\"publisher\":{\"@id\":\"https:\/\/turijnmagazijn.jumpstone-dev.nl\/#organization\"},\"potentialAction\":[{\"@type\":\"SearchAction\",\"target\":{\"@type\":\"EntryPoint\",\"urlTemplate\":\"https:\/\/turijnmagazijn.jumpstone-dev.nl\/?s={search_term_string}\"},\"query-input\":{\"@type\":\"PropertyValueSpecification\",\"valueRequired\":true,\"valueName\":\"search_term_string\"}}],\"inLanguage\":\"fr-FR\"},{\"@type\":\"Organization\",\"@id\":\"https:\/\/turijnmagazijn.jumpstone-dev.nl\/#organization\",\"name\":\"Turijnmagazijn\",\"url\":\"https:\/\/turijnmagazijn.jumpstone-dev.nl\/\",\"logo\":{\"@type\":\"ImageObject\",\"inLanguage\":\"fr-FR\",\"@id\":\"https:\/\/turijnmagazijn.jumpstone-dev.nl\/#\/schema\/logo\/image\/\",\"url\":\"https:\/\/turijnmagazijn.nl\/wp-content\/uploads\/2021\/02\/turijnmagazijnlogo.png\",\"contentUrl\":\"https:\/\/turijnmagazijn.nl\/wp-content\/uploads\/2021\/02\/turijnmagazijnlogo.png\",\"width\":555,\"height\":270,\"caption\":\"Turijnmagazijn\"},\"image\":{\"@id\":\"https:\/\/turijnmagazijn.jumpstone-dev.nl\/#\/schema\/logo\/image\/\"},\"sameAs\":[\"https:\/\/www.facebook.com\/turijnmagazijn\"]}]}<\/script>\n<!-- \/ Yoast SEO plugin. -->","yoast_head_json":{"title":"Calculateur de gestion de moteur Lancia Kappa 2.0 I.E. avec cl\u00e9s - Turijnmagazijn","robots":{"index":"index","follow":"follow","max-snippet":"max-snippet:-1","max-image-preview":"max-image-preview:large","max-video-preview":"max-video-preview:-1"},"canonical":"https:\/\/turijnmagazijn.nl\/fr\/produit\/ecu-engine-management-computer-lancia-kappa-2-0-i-e-with-keys\/","og_locale":"fr_FR","og_type":"article","og_title":"Calculateur de gestion de moteur Lancia Kappa 2.0 I.E. avec cl\u00e9s - Turijnmagazijn","og_description":"ECU ordinateur de gestion de moteur Lancia Kappa 2.0 I.E. avec cl\u00e9s - ECU d\u2019occasion","og_url":"https:\/\/turijnmagazijn.nl\/fr\/produit\/ecu-engine-management-computer-lancia-kappa-2-0-i-e-with-keys\/","og_site_name":"Turijnmagazijn","article_publisher":"https:\/\/www.facebook.com\/turijnmagazijn","article_modified_time":"2025-04-17T15:29:33+00:00","og_image":[{"width":1024,"height":768,"url":"https:\/\/turijnmagazijn.nl\/wp-content\/uploads\/2023\/03\/DK00102455-ECU-motormanagement-computer-Lancia-Kappa-2.0-I.E.-met-sleutels-3-1.jpg","type":"image\/jpeg"}],"twitter_card":"summary_large_image","twitter_misc":{"Dur\u00e9e de lecture estim\u00e9e":"1 minute"},"schema":{"@context":"https:\/\/schema.org","@graph":[{"@type":"WebPage","@id":"https:\/\/turijnmagazijn.nl\/fr\/produit\/ecu-engine-management-computer-lancia-kappa-2-0-i-e-with-keys\/","url":"https:\/\/turijnmagazijn.nl\/fr\/produit\/ecu-engine-management-computer-lancia-kappa-2-0-i-e-with-keys\/","name":"Calculateur de gestion de moteur Lancia Kappa 2.0 I.E. avec cl\u00e9s - Turijnmagazijn","isPartOf":{"@id":"https:\/\/turijnmagazijn.jumpstone-dev.nl\/#website"},"primaryImageOfPage":{"@id":"https:\/\/turijnmagazijn.nl\/fr\/produit\/ecu-engine-management-computer-lancia-kappa-2-0-i-e-with-keys\/#primaryimage"},"image":{"@id":"https:\/\/turijnmagazijn.nl\/fr\/produit\/ecu-engine-management-computer-lancia-kappa-2-0-i-e-with-keys\/#primaryimage"},"thumbnailUrl":"https:\/\/turijnmagazijn.nl\/wp-content\/uploads\/2023\/03\/DK00102455-ECU-motormanagement-computer-Lancia-Kappa-2.0-I.E.-met-sleutels-3-1.jpg","datePublished":"2023-03-03T08:35:49+00:00","dateModified":"2025-04-17T15:29:33+00:00","breadcrumb":{"@id":"https:\/\/turijnmagazijn.nl\/fr\/produit\/ecu-engine-management-computer-lancia-kappa-2-0-i-e-with-keys\/#breadcrumb"},"inLanguage":"fr-FR","potentialAction":[{"@type":"ReadAction","target":["https:\/\/turijnmagazijn.nl\/fr\/produit\/ecu-engine-management-computer-lancia-kappa-2-0-i-e-with-keys\/"]}]},{"@type":"ImageObject","inLanguage":"fr-FR","@id":"https:\/\/turijnmagazijn.nl\/fr\/produit\/ecu-engine-management-computer-lancia-kappa-2-0-i-e-with-keys\/#primaryimage","url":"https:\/\/turijnmagazijn.nl\/wp-content\/uploads\/2023\/03\/DK00102455-ECU-motormanagement-computer-Lancia-Kappa-2.0-I.E.-met-sleutels-3-1.jpg","contentUrl":"https:\/\/turijnmagazijn.nl\/wp-content\/uploads\/2023\/03\/DK00102455-ECU-motormanagement-computer-Lancia-Kappa-2.0-I.E.-met-sleutels-3-1.jpg","width":1024,"height":768},{"@type":"BreadcrumbList","@id":"https:\/\/turijnmagazijn.nl\/fr\/produit\/ecu-engine-management-computer-lancia-kappa-2-0-i-e-with-keys\/#breadcrumb","itemListElement":[{"@type":"ListItem","position":1,"name":"Home","item":"https:\/\/turijnmagazijn.jumpstone-dev.nl\/"},{"@type":"ListItem","position":2,"name":"Produits","item":"https:\/\/turijnmagazijn.nl\/fr\/shop\/"},{"@type":"ListItem","position":3,"name":"Calculateur de gestion de moteur Lancia Kappa 2.0 I.E. avec cl\u00e9s"}]},{"@type":"WebSite","@id":"https:\/\/turijnmagazijn.jumpstone-dev.nl\/#website","url":"https:\/\/turijnmagazijn.jumpstone-dev.nl\/","name":"Turijnmagazijn","description":"Onderdelen nieuw en gebruikt - Fiat &amp; Lancia","publisher":{"@id":"https:\/\/turijnmagazijn.jumpstone-dev.nl\/#organization"},"potentialAction":[{"@type":"SearchAction","target":{"@type":"EntryPoint","urlTemplate":"https:\/\/turijnmagazijn.jumpstone-dev.nl\/?s={search_term_string}"},"query-input":{"@type":"PropertyValueSpecification","valueRequired":true,"valueName":"search_term_string"}}],"inLanguage":"fr-FR"},{"@type":"Organization","@id":"https:\/\/turijnmagazijn.jumpstone-dev.nl\/#organization","name":"Turijnmagazijn","url":"https:\/\/turijnmagazijn.jumpstone-dev.nl\/","logo":{"@type":"ImageObject","inLanguage":"fr-FR","@id":"https:\/\/turijnmagazijn.jumpstone-dev.nl\/#\/schema\/logo\/image\/","url":"https:\/\/turijnmagazijn.nl\/wp-content\/uploads\/2021\/02\/turijnmagazijnlogo.png","contentUrl":"https:\/\/turijnmagazijn.nl\/wp-content\/uploads\/2021\/02\/turijnmagazijnlogo.png","width":555,"height":270,"caption":"Turijnmagazijn"},"image":{"@id":"https:\/\/turijnmagazijn.jumpstone-dev.nl\/#\/schema\/logo\/image\/"},"sameAs":["https:\/\/www.facebook.com\/turijnmagazijn"]}]}},"_links":{"self":[{"href":"https:\/\/turijnmagazijn.nl\/fr\/wp-json\/wp\/v2\/product\/65491","targetHints":{"allow":["GET"]}}],"collection":[{"href":"https:\/\/turijnmagazijn.nl\/fr\/wp-json\/wp\/v2\/product"}],"about":[{"href":"https:\/\/turijnmagazijn.nl\/fr\/wp-json\/wp\/v2\/types\/product"}],"replies":[{"embeddable":true,"href":"https:\/\/turijnmagazijn.nl\/fr\/wp-json\/wp\/v2\/comments?post=65491"}],"wp:featuredmedia":[{"embeddable":true,"href":"https:\/\/turijnmagazijn.nl\/fr\/wp-json\/wp\/v2\/media\/51128"}],"wp:attachment":[{"href":"https:\/\/turijnmagazijn.nl\/fr\/wp-json\/wp\/v2\/media?parent=65491"}],"wp:term":[{"taxonomy":"product_brand","embeddable":true,"href":"https:\/\/turijnmagazijn.nl\/fr\/wp-json\/wp\/v2\/product_brand?post=65491"},{"taxonomy":"product_cat","embeddable":true,"href":"https:\/\/turijnmagazijn.nl\/fr\/wp-json\/wp\/v2\/product_cat?post=65491"},{"taxonomy":"product_tag","embeddable":true,"href":"https:\/\/turijnmagazijn.nl\/fr\/wp-json\/wp\/v2\/product_tag?post=65491"}],"curies":[{"name":"wp","href":"https:\/\/api.w.org\/{rel}","templated":true}]}}