{"id":65510,"date":"2023-03-03T09:36:14","date_gmt":"2023-03-03T08:36:14","guid":{"rendered":"https:\/\/turijnmagazijn.nl\/product\/commande-de-vitre-electrique-par-ordinateur-lancia-delta-ii-kappa-alfa-166\/"},"modified":"2023-07-27T12:29:43","modified_gmt":"2023-07-27T10:29:43","slug":"ordinateur-electrique-controle-fenetre-lancia-delta-ii-kappa-alfa-166","status":"publish","type":"product","link":"https:\/\/turijnmagazijn.nl\/fr\/produit\/ordinateur-electrique-controle-fenetre-lancia-delta-ii-kappa-alfa-166\/","title":{"rendered":"Commande de vitre \u00e9lectrique par ordinateur Lancia Delta II Kappa Alfa 166"},"content":{"rendered":"<p>Module de commande utilis\u00e9 pour le contr\u00f4le de fen\u00eatre \u00e9lectrique, version avec un corps vert.  <\/p>\n<p>Applicable aux Lancia Kappa, Alfa 166 et Lancia Delta II et Dedra. Lors de la commande, veuillez noter que l\u2019ancien appareil \u00e0 remplacer est le m\u00eame. La couleur verte est un bon indicateur, mais v\u00e9rifiez toujours soigneusement le nombre et le type de connexions de prise. Il existe \u00e9galement deux autres versions en circulation sur la Lancia Kappa, l\u2019une avec un bo\u00eetier noir et l\u2019autre avec un bo\u00eetier blanc. Ceux-ci ne sont pas interchangeables!<\/p>\n<p>Fonctionne correctement d\u00e9mont\u00e9&nbsp; \u00e0 partir d\u2019une<span style=\"font-family: \"Open Sans\", Arial; font-size: 9pt;\">Lancia Kappa 2.0 20V berline essence avec automatique de 1997 avec un kilom\u00e9trage de 175 000 km.<\/span><\/p>\n<p>OEM lancia&nbsp;46449888<\/p>\n","protected":false},"excerpt":{"rendered":"<p>Ordinateur \u00e9lectrique de contr\u00f4le de fen\u00eatre Lancia Delta II Kappa Alfa 166 &#8211; Module de commande utilis\u00e9 pour le contr\u00f4le de fen\u00eatre \u00e9lectrique, version avec un corps vert.<\/p>\n","protected":false},"featured_media":51236,"comment_status":"closed","ping_status":"closed","template":"","meta":{"_acf_changed":false},"product_brand":[],"product_cat":[1650,1582,1865,1802,1841,1860,1798,1870],"product_tag":[],"class_list":{"0":"post-65510","1":"product","2":"type-product","3":"status-publish","4":"has-post-thumbnail","6":"product_cat-166-936-fr","7":"product_cat-alfa-romeo-fr","8":"product_cat-coupe-fr","9":"product_cat-dedra-835-fr","10":"product_cat-delta-2-836-fr","11":"product_cat-kappa-838-fr","12":"product_cat-lancia-fr","13":"product_cat-sw-fr","14":"pa_soort-onderdeel-electronique-et-cables","16":"first","17":"instock","18":"shipping-taxable","19":"purchasable","20":"product-type-simple"},"acf":[],"yoast_head":"<!-- This site is optimized with the Yoast SEO plugin v27.3 - https:\/\/yoast.com\/product\/yoast-seo-wordpress\/ -->\n<title>Commande de vitre \u00e9lectrique par ordinateur Lancia Delta II Kappa Alfa 166 - Turijnmagazijn<\/title>\n<meta name=\"robots\" content=\"index, follow, max-snippet:-1, max-image-preview:large, max-video-preview:-1\" \/>\n<link rel=\"canonical\" href=\"https:\/\/turijnmagazijn.nl\/fr\/produit\/ordinateur-electrique-controle-fenetre-lancia-delta-ii-kappa-alfa-166\/\" \/>\n<meta property=\"og:locale\" content=\"fr_FR\" \/>\n<meta property=\"og:type\" content=\"article\" \/>\n<meta property=\"og:title\" content=\"Commande de vitre \u00e9lectrique par ordinateur Lancia Delta II Kappa Alfa 166 - Turijnmagazijn\" \/>\n<meta property=\"og:description\" content=\"Ordinateur \u00e9lectrique de contr\u00f4le de fen\u00eatre Lancia Delta II Kappa Alfa 166 - Module de commande utilis\u00e9 pour le contr\u00f4le de fen\u00eatre \u00e9lectrique, version avec un corps vert.\" \/>\n<meta property=\"og:url\" content=\"https:\/\/turijnmagazijn.nl\/fr\/produit\/ordinateur-electrique-controle-fenetre-lancia-delta-ii-kappa-alfa-166\/\" \/>\n<meta property=\"og:site_name\" content=\"Turijnmagazijn\" \/>\n<meta property=\"article:publisher\" content=\"https:\/\/www.facebook.com\/turijnmagazijn\" \/>\n<meta property=\"article:modified_time\" content=\"2023-07-27T10:29:43+00:00\" \/>\n<meta property=\"og:image\" content=\"https:\/\/turijnmagazijn.nl\/wp-content\/uploads\/2023\/03\/DK00102459-Computer-electrische-raambediening-Lancia-Delta-II-Kappa-Alfa-166-2.jpg\" \/>\n\t<meta property=\"og:image:width\" content=\"1024\" \/>\n\t<meta property=\"og:image:height\" content=\"768\" \/>\n\t<meta property=\"og:image:type\" content=\"image\/jpeg\" \/>\n<meta name=\"twitter:card\" content=\"summary_large_image\" \/>\n<meta name=\"twitter:label1\" content=\"Dur\u00e9e de lecture estim\u00e9e\" \/>\n\t<meta name=\"twitter:data1\" content=\"1 minute\" \/>\n<script type=\"application\/ld+json\" class=\"yoast-schema-graph\">{\"@context\":\"https:\\\/\\\/schema.org\",\"@graph\":[{\"@type\":\"WebPage\",\"@id\":\"https:\\\/\\\/turijnmagazijn.nl\\\/fr\\\/produit\\\/ordinateur-electrique-controle-fenetre-lancia-delta-ii-kappa-alfa-166\\\/\",\"url\":\"https:\\\/\\\/turijnmagazijn.nl\\\/fr\\\/produit\\\/ordinateur-electrique-controle-fenetre-lancia-delta-ii-kappa-alfa-166\\\/\",\"name\":\"Commande de vitre \u00e9lectrique par ordinateur Lancia Delta II Kappa Alfa 166 - Turijnmagazijn\",\"isPartOf\":{\"@id\":\"https:\\\/\\\/turijnmagazijn.jumpstone-dev.nl\\\/#website\"},\"primaryImageOfPage\":{\"@id\":\"https:\\\/\\\/turijnmagazijn.nl\\\/fr\\\/produit\\\/ordinateur-electrique-controle-fenetre-lancia-delta-ii-kappa-alfa-166\\\/#primaryimage\"},\"image\":{\"@id\":\"https:\\\/\\\/turijnmagazijn.nl\\\/fr\\\/produit\\\/ordinateur-electrique-controle-fenetre-lancia-delta-ii-kappa-alfa-166\\\/#primaryimage\"},\"thumbnailUrl\":\"https:\\\/\\\/turijnmagazijn.nl\\\/wp-content\\\/uploads\\\/2023\\\/03\\\/DK00102459-Computer-electrische-raambediening-Lancia-Delta-II-Kappa-Alfa-166-2.jpg\",\"datePublished\":\"2023-03-03T08:36:14+00:00\",\"dateModified\":\"2023-07-27T10:29:43+00:00\",\"breadcrumb\":{\"@id\":\"https:\\\/\\\/turijnmagazijn.nl\\\/fr\\\/produit\\\/ordinateur-electrique-controle-fenetre-lancia-delta-ii-kappa-alfa-166\\\/#breadcrumb\"},\"inLanguage\":\"fr-FR\",\"potentialAction\":[{\"@type\":\"ReadAction\",\"target\":[\"https:\\\/\\\/turijnmagazijn.nl\\\/fr\\\/produit\\\/ordinateur-electrique-controle-fenetre-lancia-delta-ii-kappa-alfa-166\\\/\"]}]},{\"@type\":\"ImageObject\",\"inLanguage\":\"fr-FR\",\"@id\":\"https:\\\/\\\/turijnmagazijn.nl\\\/fr\\\/produit\\\/ordinateur-electrique-controle-fenetre-lancia-delta-ii-kappa-alfa-166\\\/#primaryimage\",\"url\":\"https:\\\/\\\/turijnmagazijn.nl\\\/wp-content\\\/uploads\\\/2023\\\/03\\\/DK00102459-Computer-electrische-raambediening-Lancia-Delta-II-Kappa-Alfa-166-2.jpg\",\"contentUrl\":\"https:\\\/\\\/turijnmagazijn.nl\\\/wp-content\\\/uploads\\\/2023\\\/03\\\/DK00102459-Computer-electrische-raambediening-Lancia-Delta-II-Kappa-Alfa-166-2.jpg\",\"width\":1024,\"height\":768},{\"@type\":\"BreadcrumbList\",\"@id\":\"https:\\\/\\\/turijnmagazijn.nl\\\/fr\\\/produit\\\/ordinateur-electrique-controle-fenetre-lancia-delta-ii-kappa-alfa-166\\\/#breadcrumb\",\"itemListElement\":[{\"@type\":\"ListItem\",\"position\":1,\"name\":\"Home\",\"item\":\"https:\\\/\\\/turijnmagazijn.nl\\\/fr\\\/\"},{\"@type\":\"ListItem\",\"position\":2,\"name\":\"Produits\",\"item\":\"https:\\\/\\\/turijnmagazijn.nl\\\/fr\\\/shop\\\/\"},{\"@type\":\"ListItem\",\"position\":3,\"name\":\"Commande de vitre \u00e9lectrique par ordinateur Lancia Delta II Kappa Alfa 166\"}]},{\"@type\":\"WebSite\",\"@id\":\"https:\\\/\\\/turijnmagazijn.jumpstone-dev.nl\\\/#website\",\"url\":\"https:\\\/\\\/turijnmagazijn.jumpstone-dev.nl\\\/\",\"name\":\"Turijnmagazijn\",\"description\":\"Onderdelen nieuw en gebruikt - Fiat &amp; Lancia\",\"publisher\":{\"@id\":\"https:\\\/\\\/turijnmagazijn.jumpstone-dev.nl\\\/#organization\"},\"potentialAction\":[{\"@type\":\"SearchAction\",\"target\":{\"@type\":\"EntryPoint\",\"urlTemplate\":\"https:\\\/\\\/turijnmagazijn.jumpstone-dev.nl\\\/?s={search_term_string}\"},\"query-input\":{\"@type\":\"PropertyValueSpecification\",\"valueRequired\":true,\"valueName\":\"search_term_string\"}}],\"inLanguage\":\"fr-FR\"},{\"@type\":\"Organization\",\"@id\":\"https:\\\/\\\/turijnmagazijn.jumpstone-dev.nl\\\/#organization\",\"name\":\"Turijnmagazijn\",\"url\":\"https:\\\/\\\/turijnmagazijn.jumpstone-dev.nl\\\/\",\"logo\":{\"@type\":\"ImageObject\",\"inLanguage\":\"fr-FR\",\"@id\":\"https:\\\/\\\/turijnmagazijn.jumpstone-dev.nl\\\/#\\\/schema\\\/logo\\\/image\\\/\",\"url\":\"https:\\\/\\\/turijnmagazijn.nl\\\/wp-content\\\/uploads\\\/2021\\\/02\\\/turijnmagazijnlogo.png\",\"contentUrl\":\"https:\\\/\\\/turijnmagazijn.nl\\\/wp-content\\\/uploads\\\/2021\\\/02\\\/turijnmagazijnlogo.png\",\"width\":555,\"height\":270,\"caption\":\"Turijnmagazijn\"},\"image\":{\"@id\":\"https:\\\/\\\/turijnmagazijn.jumpstone-dev.nl\\\/#\\\/schema\\\/logo\\\/image\\\/\"},\"sameAs\":[\"https:\\\/\\\/www.facebook.com\\\/turijnmagazijn\"]}]}<\/script>\n<!-- \/ Yoast SEO plugin. -->","yoast_head_json":{"title":"Commande de vitre \u00e9lectrique par ordinateur Lancia Delta II Kappa Alfa 166 - Turijnmagazijn","robots":{"index":"index","follow":"follow","max-snippet":"max-snippet:-1","max-image-preview":"max-image-preview:large","max-video-preview":"max-video-preview:-1"},"canonical":"https:\/\/turijnmagazijn.nl\/fr\/produit\/ordinateur-electrique-controle-fenetre-lancia-delta-ii-kappa-alfa-166\/","og_locale":"fr_FR","og_type":"article","og_title":"Commande de vitre \u00e9lectrique par ordinateur Lancia Delta II Kappa Alfa 166 - Turijnmagazijn","og_description":"Ordinateur \u00e9lectrique de contr\u00f4le de fen\u00eatre Lancia Delta II Kappa Alfa 166 - Module de commande utilis\u00e9 pour le contr\u00f4le de fen\u00eatre \u00e9lectrique, version avec un corps vert.","og_url":"https:\/\/turijnmagazijn.nl\/fr\/produit\/ordinateur-electrique-controle-fenetre-lancia-delta-ii-kappa-alfa-166\/","og_site_name":"Turijnmagazijn","article_publisher":"https:\/\/www.facebook.com\/turijnmagazijn","article_modified_time":"2023-07-27T10:29:43+00:00","og_image":[{"width":1024,"height":768,"url":"https:\/\/turijnmagazijn.nl\/wp-content\/uploads\/2023\/03\/DK00102459-Computer-electrische-raambediening-Lancia-Delta-II-Kappa-Alfa-166-2.jpg","type":"image\/jpeg"}],"twitter_card":"summary_large_image","twitter_misc":{"Dur\u00e9e de lecture estim\u00e9e":"1 minute"},"schema":{"@context":"https:\/\/schema.org","@graph":[{"@type":"WebPage","@id":"https:\/\/turijnmagazijn.nl\/fr\/produit\/ordinateur-electrique-controle-fenetre-lancia-delta-ii-kappa-alfa-166\/","url":"https:\/\/turijnmagazijn.nl\/fr\/produit\/ordinateur-electrique-controle-fenetre-lancia-delta-ii-kappa-alfa-166\/","name":"Commande de vitre \u00e9lectrique par ordinateur Lancia Delta II Kappa Alfa 166 - Turijnmagazijn","isPartOf":{"@id":"https:\/\/turijnmagazijn.jumpstone-dev.nl\/#website"},"primaryImageOfPage":{"@id":"https:\/\/turijnmagazijn.nl\/fr\/produit\/ordinateur-electrique-controle-fenetre-lancia-delta-ii-kappa-alfa-166\/#primaryimage"},"image":{"@id":"https:\/\/turijnmagazijn.nl\/fr\/produit\/ordinateur-electrique-controle-fenetre-lancia-delta-ii-kappa-alfa-166\/#primaryimage"},"thumbnailUrl":"https:\/\/turijnmagazijn.nl\/wp-content\/uploads\/2023\/03\/DK00102459-Computer-electrische-raambediening-Lancia-Delta-II-Kappa-Alfa-166-2.jpg","datePublished":"2023-03-03T08:36:14+00:00","dateModified":"2023-07-27T10:29:43+00:00","breadcrumb":{"@id":"https:\/\/turijnmagazijn.nl\/fr\/produit\/ordinateur-electrique-controle-fenetre-lancia-delta-ii-kappa-alfa-166\/#breadcrumb"},"inLanguage":"fr-FR","potentialAction":[{"@type":"ReadAction","target":["https:\/\/turijnmagazijn.nl\/fr\/produit\/ordinateur-electrique-controle-fenetre-lancia-delta-ii-kappa-alfa-166\/"]}]},{"@type":"ImageObject","inLanguage":"fr-FR","@id":"https:\/\/turijnmagazijn.nl\/fr\/produit\/ordinateur-electrique-controle-fenetre-lancia-delta-ii-kappa-alfa-166\/#primaryimage","url":"https:\/\/turijnmagazijn.nl\/wp-content\/uploads\/2023\/03\/DK00102459-Computer-electrische-raambediening-Lancia-Delta-II-Kappa-Alfa-166-2.jpg","contentUrl":"https:\/\/turijnmagazijn.nl\/wp-content\/uploads\/2023\/03\/DK00102459-Computer-electrische-raambediening-Lancia-Delta-II-Kappa-Alfa-166-2.jpg","width":1024,"height":768},{"@type":"BreadcrumbList","@id":"https:\/\/turijnmagazijn.nl\/fr\/produit\/ordinateur-electrique-controle-fenetre-lancia-delta-ii-kappa-alfa-166\/#breadcrumb","itemListElement":[{"@type":"ListItem","position":1,"name":"Home","item":"https:\/\/turijnmagazijn.nl\/fr\/"},{"@type":"ListItem","position":2,"name":"Produits","item":"https:\/\/turijnmagazijn.nl\/fr\/shop\/"},{"@type":"ListItem","position":3,"name":"Commande de vitre \u00e9lectrique par ordinateur Lancia Delta II Kappa Alfa 166"}]},{"@type":"WebSite","@id":"https:\/\/turijnmagazijn.jumpstone-dev.nl\/#website","url":"https:\/\/turijnmagazijn.jumpstone-dev.nl\/","name":"Turijnmagazijn","description":"Onderdelen nieuw en gebruikt - Fiat &amp; Lancia","publisher":{"@id":"https:\/\/turijnmagazijn.jumpstone-dev.nl\/#organization"},"potentialAction":[{"@type":"SearchAction","target":{"@type":"EntryPoint","urlTemplate":"https:\/\/turijnmagazijn.jumpstone-dev.nl\/?s={search_term_string}"},"query-input":{"@type":"PropertyValueSpecification","valueRequired":true,"valueName":"search_term_string"}}],"inLanguage":"fr-FR"},{"@type":"Organization","@id":"https:\/\/turijnmagazijn.jumpstone-dev.nl\/#organization","name":"Turijnmagazijn","url":"https:\/\/turijnmagazijn.jumpstone-dev.nl\/","logo":{"@type":"ImageObject","inLanguage":"fr-FR","@id":"https:\/\/turijnmagazijn.jumpstone-dev.nl\/#\/schema\/logo\/image\/","url":"https:\/\/turijnmagazijn.nl\/wp-content\/uploads\/2021\/02\/turijnmagazijnlogo.png","contentUrl":"https:\/\/turijnmagazijn.nl\/wp-content\/uploads\/2021\/02\/turijnmagazijnlogo.png","width":555,"height":270,"caption":"Turijnmagazijn"},"image":{"@id":"https:\/\/turijnmagazijn.jumpstone-dev.nl\/#\/schema\/logo\/image\/"},"sameAs":["https:\/\/www.facebook.com\/turijnmagazijn"]}]}},"_links":{"self":[{"href":"https:\/\/turijnmagazijn.nl\/fr\/wp-json\/wp\/v2\/product\/65510","targetHints":{"allow":["GET"]}}],"collection":[{"href":"https:\/\/turijnmagazijn.nl\/fr\/wp-json\/wp\/v2\/product"}],"about":[{"href":"https:\/\/turijnmagazijn.nl\/fr\/wp-json\/wp\/v2\/types\/product"}],"replies":[{"embeddable":true,"href":"https:\/\/turijnmagazijn.nl\/fr\/wp-json\/wp\/v2\/comments?post=65510"}],"wp:featuredmedia":[{"embeddable":true,"href":"https:\/\/turijnmagazijn.nl\/fr\/wp-json\/wp\/v2\/media\/51236"}],"wp:attachment":[{"href":"https:\/\/turijnmagazijn.nl\/fr\/wp-json\/wp\/v2\/media?parent=65510"}],"wp:term":[{"taxonomy":"product_brand","embeddable":true,"href":"https:\/\/turijnmagazijn.nl\/fr\/wp-json\/wp\/v2\/product_brand?post=65510"},{"taxonomy":"product_cat","embeddable":true,"href":"https:\/\/turijnmagazijn.nl\/fr\/wp-json\/wp\/v2\/product_cat?post=65510"},{"taxonomy":"product_tag","embeddable":true,"href":"https:\/\/turijnmagazijn.nl\/fr\/wp-json\/wp\/v2\/product_tag?post=65510"}],"curies":[{"name":"wp","href":"https:\/\/api.w.org\/{rel}","templated":true}]}}