{"id":65540,"date":"2023-03-03T09:36:14","date_gmt":"2023-03-03T08:36:14","guid":{"rendered":"https:\/\/turijnmagazijn.nl\/product\/commande-de-vitre-electrique-arriere-lancia-delta-ii-dedra\/"},"modified":"2023-07-27T12:29:41","modified_gmt":"2023-07-27T10:29:41","slug":"ordinateur-electrique-controle-fenetre-arriere-lancia-delta-ii-dedra","status":"publish","type":"product","link":"https:\/\/turijnmagazijn.nl\/fr\/produit\/ordinateur-electrique-controle-fenetre-arriere-lancia-delta-ii-dedra\/","title":{"rendered":"Commande de vitre \u00e9lectrique arri\u00e8re Lancia Delta II Dedra"},"content":{"rendered":"<p>Module de commande utilis\u00e9 pour la commande de fen\u00eatre \u00e9lectrique, version avec un corps gris.  <\/p>\n<p>Applicable aux Lancia&nbsp; Delta II et Dedra pour le fonctionnement des vitres arri\u00e8re. Pour la Delta II donc applicable \u00e0 la version 5 portes. Lors de la commande, veuillez noter que l\u2019ancien appareil \u00e0 remplacer est le m\u00eame. La couleur est un bon indicateur, mais v\u00e9rifiez toujours soigneusement le nombre et le type de connexions de prise.&nbsp;<\/p>\n<p>Fonctionne correctement d\u00e9mont\u00e9.<\/p>\n<p>Lancia OEM 82438872<\/p>\n","protected":false},"excerpt":{"rendered":"<p>Ordinateur \u00e9lectrique commande de lunette arri\u00e8re Lancia Delta II Dedra &#8211; Module de commande utilis\u00e9 pour le contr\u00f4le de fen\u00eatre \u00e9lectrique, version avec un corps gris.<\/p>\n","protected":false},"featured_media":51240,"comment_status":"open","ping_status":"closed","template":"","meta":{"_acf_changed":false},"product_brand":[],"product_cat":[1802,1841,1798],"product_tag":[],"class_list":{"0":"post-65540","1":"product","2":"type-product","3":"status-publish","4":"has-post-thumbnail","6":"product_cat-dedra-835-fr","7":"product_cat-delta-2-836-fr","8":"product_cat-lancia-fr","9":"pa_soort-onderdeel-electronique-et-cables","11":"first","12":"instock","13":"shipping-taxable","14":"purchasable","15":"product-type-simple"},"acf":[],"yoast_head":"<!-- This site is optimized with the Yoast SEO plugin v27.2 - https:\/\/yoast.com\/product\/yoast-seo-wordpress\/ -->\n<title>Commande de vitre \u00e9lectrique arri\u00e8re Lancia Delta II Dedra - Turijnmagazijn<\/title>\n<meta name=\"robots\" content=\"index, follow, max-snippet:-1, max-image-preview:large, max-video-preview:-1\" \/>\n<link rel=\"canonical\" href=\"https:\/\/turijnmagazijn.nl\/fr\/produit\/ordinateur-electrique-controle-fenetre-arriere-lancia-delta-ii-dedra\/\" \/>\n<meta property=\"og:locale\" content=\"fr_FR\" \/>\n<meta property=\"og:type\" content=\"article\" \/>\n<meta property=\"og:title\" content=\"Commande de vitre \u00e9lectrique arri\u00e8re Lancia Delta II Dedra - Turijnmagazijn\" \/>\n<meta property=\"og:description\" content=\"Ordinateur \u00e9lectrique commande de lunette arri\u00e8re Lancia Delta II Dedra - Module de commande utilis\u00e9 pour le contr\u00f4le de fen\u00eatre \u00e9lectrique, version avec un corps gris.\" \/>\n<meta property=\"og:url\" content=\"https:\/\/turijnmagazijn.nl\/fr\/produit\/ordinateur-electrique-controle-fenetre-arriere-lancia-delta-ii-dedra\/\" \/>\n<meta property=\"og:site_name\" content=\"Turijnmagazijn\" \/>\n<meta property=\"article:publisher\" content=\"https:\/\/www.facebook.com\/turijnmagazijn\" \/>\n<meta property=\"article:modified_time\" content=\"2023-07-27T10:29:41+00:00\" \/>\n<meta property=\"og:image\" content=\"https:\/\/turijnmagazijn.nl\/wp-content\/uploads\/2023\/03\/DK00102460-Computer-electrische-raambediening-achterzijde-Lancia-Delta-II-Dedra-3-1.jpg\" \/>\n\t<meta property=\"og:image:width\" content=\"1024\" \/>\n\t<meta property=\"og:image:height\" content=\"768\" \/>\n\t<meta property=\"og:image:type\" content=\"image\/jpeg\" \/>\n<meta name=\"twitter:card\" content=\"summary_large_image\" \/>\n<script type=\"application\/ld+json\" class=\"yoast-schema-graph\">{\"@context\":\"https:\/\/schema.org\",\"@graph\":[{\"@type\":\"WebPage\",\"@id\":\"https:\/\/turijnmagazijn.nl\/fr\/produit\/ordinateur-electrique-controle-fenetre-arriere-lancia-delta-ii-dedra\/\",\"url\":\"https:\/\/turijnmagazijn.nl\/fr\/produit\/ordinateur-electrique-controle-fenetre-arriere-lancia-delta-ii-dedra\/\",\"name\":\"Commande de vitre \u00e9lectrique arri\u00e8re Lancia Delta II Dedra - Turijnmagazijn\",\"isPartOf\":{\"@id\":\"https:\/\/turijnmagazijn.jumpstone-dev.nl\/#website\"},\"primaryImageOfPage\":{\"@id\":\"https:\/\/turijnmagazijn.nl\/fr\/produit\/ordinateur-electrique-controle-fenetre-arriere-lancia-delta-ii-dedra\/#primaryimage\"},\"image\":{\"@id\":\"https:\/\/turijnmagazijn.nl\/fr\/produit\/ordinateur-electrique-controle-fenetre-arriere-lancia-delta-ii-dedra\/#primaryimage\"},\"thumbnailUrl\":\"https:\/\/turijnmagazijn.nl\/wp-content\/uploads\/2023\/03\/DK00102460-Computer-electrische-raambediening-achterzijde-Lancia-Delta-II-Dedra-3-1.jpg\",\"datePublished\":\"2023-03-03T08:36:14+00:00\",\"dateModified\":\"2023-07-27T10:29:41+00:00\",\"breadcrumb\":{\"@id\":\"https:\/\/turijnmagazijn.nl\/fr\/produit\/ordinateur-electrique-controle-fenetre-arriere-lancia-delta-ii-dedra\/#breadcrumb\"},\"inLanguage\":\"fr-FR\",\"potentialAction\":[{\"@type\":\"ReadAction\",\"target\":[\"https:\/\/turijnmagazijn.nl\/fr\/produit\/ordinateur-electrique-controle-fenetre-arriere-lancia-delta-ii-dedra\/\"]}]},{\"@type\":\"ImageObject\",\"inLanguage\":\"fr-FR\",\"@id\":\"https:\/\/turijnmagazijn.nl\/fr\/produit\/ordinateur-electrique-controle-fenetre-arriere-lancia-delta-ii-dedra\/#primaryimage\",\"url\":\"https:\/\/turijnmagazijn.nl\/wp-content\/uploads\/2023\/03\/DK00102460-Computer-electrische-raambediening-achterzijde-Lancia-Delta-II-Dedra-3-1.jpg\",\"contentUrl\":\"https:\/\/turijnmagazijn.nl\/wp-content\/uploads\/2023\/03\/DK00102460-Computer-electrische-raambediening-achterzijde-Lancia-Delta-II-Dedra-3-1.jpg\",\"width\":1024,\"height\":768},{\"@type\":\"BreadcrumbList\",\"@id\":\"https:\/\/turijnmagazijn.nl\/fr\/produit\/ordinateur-electrique-controle-fenetre-arriere-lancia-delta-ii-dedra\/#breadcrumb\",\"itemListElement\":[{\"@type\":\"ListItem\",\"position\":1,\"name\":\"Home\",\"item\":\"https:\/\/turijnmagazijn.nl\/fr\/\"},{\"@type\":\"ListItem\",\"position\":2,\"name\":\"Produits\",\"item\":\"https:\/\/turijnmagazijn.nl\/fr\/shop\/\"},{\"@type\":\"ListItem\",\"position\":3,\"name\":\"Commande de vitre \u00e9lectrique arri\u00e8re Lancia Delta II Dedra\"}]},{\"@type\":\"WebSite\",\"@id\":\"https:\/\/turijnmagazijn.jumpstone-dev.nl\/#website\",\"url\":\"https:\/\/turijnmagazijn.jumpstone-dev.nl\/\",\"name\":\"Turijnmagazijn\",\"description\":\"Onderdelen nieuw en gebruikt - Fiat &amp; Lancia\",\"publisher\":{\"@id\":\"https:\/\/turijnmagazijn.jumpstone-dev.nl\/#organization\"},\"potentialAction\":[{\"@type\":\"SearchAction\",\"target\":{\"@type\":\"EntryPoint\",\"urlTemplate\":\"https:\/\/turijnmagazijn.jumpstone-dev.nl\/?s={search_term_string}\"},\"query-input\":{\"@type\":\"PropertyValueSpecification\",\"valueRequired\":true,\"valueName\":\"search_term_string\"}}],\"inLanguage\":\"fr-FR\"},{\"@type\":\"Organization\",\"@id\":\"https:\/\/turijnmagazijn.jumpstone-dev.nl\/#organization\",\"name\":\"Turijnmagazijn\",\"url\":\"https:\/\/turijnmagazijn.jumpstone-dev.nl\/\",\"logo\":{\"@type\":\"ImageObject\",\"inLanguage\":\"fr-FR\",\"@id\":\"https:\/\/turijnmagazijn.jumpstone-dev.nl\/#\/schema\/logo\/image\/\",\"url\":\"https:\/\/turijnmagazijn.nl\/wp-content\/uploads\/2021\/02\/turijnmagazijnlogo.png\",\"contentUrl\":\"https:\/\/turijnmagazijn.nl\/wp-content\/uploads\/2021\/02\/turijnmagazijnlogo.png\",\"width\":555,\"height\":270,\"caption\":\"Turijnmagazijn\"},\"image\":{\"@id\":\"https:\/\/turijnmagazijn.jumpstone-dev.nl\/#\/schema\/logo\/image\/\"},\"sameAs\":[\"https:\/\/www.facebook.com\/turijnmagazijn\"]}]}<\/script>\n<!-- \/ Yoast SEO plugin. -->","yoast_head_json":{"title":"Commande de vitre \u00e9lectrique arri\u00e8re Lancia Delta II Dedra - Turijnmagazijn","robots":{"index":"index","follow":"follow","max-snippet":"max-snippet:-1","max-image-preview":"max-image-preview:large","max-video-preview":"max-video-preview:-1"},"canonical":"https:\/\/turijnmagazijn.nl\/fr\/produit\/ordinateur-electrique-controle-fenetre-arriere-lancia-delta-ii-dedra\/","og_locale":"fr_FR","og_type":"article","og_title":"Commande de vitre \u00e9lectrique arri\u00e8re Lancia Delta II Dedra - Turijnmagazijn","og_description":"Ordinateur \u00e9lectrique commande de lunette arri\u00e8re Lancia Delta II Dedra - Module de commande utilis\u00e9 pour le contr\u00f4le de fen\u00eatre \u00e9lectrique, version avec un corps gris.","og_url":"https:\/\/turijnmagazijn.nl\/fr\/produit\/ordinateur-electrique-controle-fenetre-arriere-lancia-delta-ii-dedra\/","og_site_name":"Turijnmagazijn","article_publisher":"https:\/\/www.facebook.com\/turijnmagazijn","article_modified_time":"2023-07-27T10:29:41+00:00","og_image":[{"width":1024,"height":768,"url":"https:\/\/turijnmagazijn.nl\/wp-content\/uploads\/2023\/03\/DK00102460-Computer-electrische-raambediening-achterzijde-Lancia-Delta-II-Dedra-3-1.jpg","type":"image\/jpeg"}],"twitter_card":"summary_large_image","schema":{"@context":"https:\/\/schema.org","@graph":[{"@type":"WebPage","@id":"https:\/\/turijnmagazijn.nl\/fr\/produit\/ordinateur-electrique-controle-fenetre-arriere-lancia-delta-ii-dedra\/","url":"https:\/\/turijnmagazijn.nl\/fr\/produit\/ordinateur-electrique-controle-fenetre-arriere-lancia-delta-ii-dedra\/","name":"Commande de vitre \u00e9lectrique arri\u00e8re Lancia Delta II Dedra - Turijnmagazijn","isPartOf":{"@id":"https:\/\/turijnmagazijn.jumpstone-dev.nl\/#website"},"primaryImageOfPage":{"@id":"https:\/\/turijnmagazijn.nl\/fr\/produit\/ordinateur-electrique-controle-fenetre-arriere-lancia-delta-ii-dedra\/#primaryimage"},"image":{"@id":"https:\/\/turijnmagazijn.nl\/fr\/produit\/ordinateur-electrique-controle-fenetre-arriere-lancia-delta-ii-dedra\/#primaryimage"},"thumbnailUrl":"https:\/\/turijnmagazijn.nl\/wp-content\/uploads\/2023\/03\/DK00102460-Computer-electrische-raambediening-achterzijde-Lancia-Delta-II-Dedra-3-1.jpg","datePublished":"2023-03-03T08:36:14+00:00","dateModified":"2023-07-27T10:29:41+00:00","breadcrumb":{"@id":"https:\/\/turijnmagazijn.nl\/fr\/produit\/ordinateur-electrique-controle-fenetre-arriere-lancia-delta-ii-dedra\/#breadcrumb"},"inLanguage":"fr-FR","potentialAction":[{"@type":"ReadAction","target":["https:\/\/turijnmagazijn.nl\/fr\/produit\/ordinateur-electrique-controle-fenetre-arriere-lancia-delta-ii-dedra\/"]}]},{"@type":"ImageObject","inLanguage":"fr-FR","@id":"https:\/\/turijnmagazijn.nl\/fr\/produit\/ordinateur-electrique-controle-fenetre-arriere-lancia-delta-ii-dedra\/#primaryimage","url":"https:\/\/turijnmagazijn.nl\/wp-content\/uploads\/2023\/03\/DK00102460-Computer-electrische-raambediening-achterzijde-Lancia-Delta-II-Dedra-3-1.jpg","contentUrl":"https:\/\/turijnmagazijn.nl\/wp-content\/uploads\/2023\/03\/DK00102460-Computer-electrische-raambediening-achterzijde-Lancia-Delta-II-Dedra-3-1.jpg","width":1024,"height":768},{"@type":"BreadcrumbList","@id":"https:\/\/turijnmagazijn.nl\/fr\/produit\/ordinateur-electrique-controle-fenetre-arriere-lancia-delta-ii-dedra\/#breadcrumb","itemListElement":[{"@type":"ListItem","position":1,"name":"Home","item":"https:\/\/turijnmagazijn.nl\/fr\/"},{"@type":"ListItem","position":2,"name":"Produits","item":"https:\/\/turijnmagazijn.nl\/fr\/shop\/"},{"@type":"ListItem","position":3,"name":"Commande de vitre \u00e9lectrique arri\u00e8re Lancia Delta II Dedra"}]},{"@type":"WebSite","@id":"https:\/\/turijnmagazijn.jumpstone-dev.nl\/#website","url":"https:\/\/turijnmagazijn.jumpstone-dev.nl\/","name":"Turijnmagazijn","description":"Onderdelen nieuw en gebruikt - Fiat &amp; Lancia","publisher":{"@id":"https:\/\/turijnmagazijn.jumpstone-dev.nl\/#organization"},"potentialAction":[{"@type":"SearchAction","target":{"@type":"EntryPoint","urlTemplate":"https:\/\/turijnmagazijn.jumpstone-dev.nl\/?s={search_term_string}"},"query-input":{"@type":"PropertyValueSpecification","valueRequired":true,"valueName":"search_term_string"}}],"inLanguage":"fr-FR"},{"@type":"Organization","@id":"https:\/\/turijnmagazijn.jumpstone-dev.nl\/#organization","name":"Turijnmagazijn","url":"https:\/\/turijnmagazijn.jumpstone-dev.nl\/","logo":{"@type":"ImageObject","inLanguage":"fr-FR","@id":"https:\/\/turijnmagazijn.jumpstone-dev.nl\/#\/schema\/logo\/image\/","url":"https:\/\/turijnmagazijn.nl\/wp-content\/uploads\/2021\/02\/turijnmagazijnlogo.png","contentUrl":"https:\/\/turijnmagazijn.nl\/wp-content\/uploads\/2021\/02\/turijnmagazijnlogo.png","width":555,"height":270,"caption":"Turijnmagazijn"},"image":{"@id":"https:\/\/turijnmagazijn.jumpstone-dev.nl\/#\/schema\/logo\/image\/"},"sameAs":["https:\/\/www.facebook.com\/turijnmagazijn"]}]}},"_links":{"self":[{"href":"https:\/\/turijnmagazijn.nl\/fr\/wp-json\/wp\/v2\/product\/65540","targetHints":{"allow":["GET"]}}],"collection":[{"href":"https:\/\/turijnmagazijn.nl\/fr\/wp-json\/wp\/v2\/product"}],"about":[{"href":"https:\/\/turijnmagazijn.nl\/fr\/wp-json\/wp\/v2\/types\/product"}],"replies":[{"embeddable":true,"href":"https:\/\/turijnmagazijn.nl\/fr\/wp-json\/wp\/v2\/comments?post=65540"}],"wp:featuredmedia":[{"embeddable":true,"href":"https:\/\/turijnmagazijn.nl\/fr\/wp-json\/wp\/v2\/media\/51240"}],"wp:attachment":[{"href":"https:\/\/turijnmagazijn.nl\/fr\/wp-json\/wp\/v2\/media?parent=65540"}],"wp:term":[{"taxonomy":"product_brand","embeddable":true,"href":"https:\/\/turijnmagazijn.nl\/fr\/wp-json\/wp\/v2\/product_brand?post=65540"},{"taxonomy":"product_cat","embeddable":true,"href":"https:\/\/turijnmagazijn.nl\/fr\/wp-json\/wp\/v2\/product_cat?post=65540"},{"taxonomy":"product_tag","embeddable":true,"href":"https:\/\/turijnmagazijn.nl\/fr\/wp-json\/wp\/v2\/product_tag?post=65540"}],"curies":[{"name":"wp","href":"https:\/\/api.w.org\/{rel}","templated":true}]}}