{"id":65541,"date":"2023-03-03T09:37:03","date_gmt":"2023-03-03T08:37:03","guid":{"rendered":"https:\/\/turijnmagazijn.nl\/product\/cadre-de-feu-brouillard-avant-droit-lancia-kappa-green\/"},"modified":"2023-08-23T19:55:34","modified_gmt":"2023-08-23T17:55:34","slug":"feu-brouillard-cadre-avant-droite-lancia-kappa-vert","status":"publish","type":"product","link":"https:\/\/turijnmagazijn.nl\/fr\/produit\/feu-brouillard-cadre-avant-droite-lancia-kappa-vert\/","title":{"rendered":"Cadre de feu brouillard avant droit Lancia Kappa Green"},"content":{"rendered":"<p>Cadre pour montage dans le pare-chocs avant autour du feu antibrouillard sur le c\u00f4t\u00e9 droit pour Lancia Kappa. Applicable aux berlines, coup\u00e9s et SW. Le cadre est en bon \u00e9tat et provient d\u2019une berline construite en 1998. Les cadres gauche et droite diff\u00e8rent. Le cadre est de couleur peinture et dans ce cas vert m\u00e9tallis\u00e9 le code couleur est inconnu.&nbsp;<\/p>\n<p>Inscription \u00e0 l\u2019int\u00e9rieur :&nbsp;<br \/>36760744<br \/>D<br \/>Carello<\/p>\n<p>Num\u00e9ro OEM Lancia&nbsp;<span style=\"line-height: normal; text-align: -webkit-right;\">5895393<\/span><\/p>\n","protected":false},"excerpt":{"rendered":"<p>Cadre de feu brouillard avant droit Lancia Kappa &#8211; Cadre pour montage dans le pare-chocs avant autour du feu antibrouillard sur le c\u00f4t\u00e9 droit pour Lancia Kappa.Cadre de feu brouillard avant droit Lancia Kappa Black &#8211; Cadre pour montage dans le pare-chocs avant autour du feu antibrouillard \u00e0 droite<\/p>\n","protected":false},"featured_media":51364,"comment_status":"open","ping_status":"closed","template":"","meta":{"_acf_changed":false},"product_brand":[],"product_cat":[1862,1865,1860,1798,1870],"product_tag":[],"class_list":{"0":"post-65541","1":"product","2":"type-product","3":"status-publish","4":"has-post-thumbnail","6":"product_cat-berlina-fr","7":"product_cat-coupe-fr","8":"product_cat-kappa-838-fr","9":"product_cat-lancia-fr","10":"product_cat-sw-fr","11":"pa_soort-onderdeel-carrosserie-et-tolerie","13":"first","14":"instock","15":"shipping-taxable","16":"purchasable","17":"product-type-simple"},"acf":[],"yoast_head":"<!-- This site is optimized with the Yoast SEO plugin v27.2 - https:\/\/yoast.com\/product\/yoast-seo-wordpress\/ -->\n<title>Cadre de feu brouillard avant droit Lancia Kappa Green - Turijnmagazijn<\/title>\n<meta name=\"robots\" content=\"index, follow, max-snippet:-1, max-image-preview:large, max-video-preview:-1\" \/>\n<link rel=\"canonical\" href=\"https:\/\/turijnmagazijn.nl\/fr\/produit\/feu-brouillard-cadre-avant-droite-lancia-kappa-vert\/\" \/>\n<meta property=\"og:locale\" content=\"fr_FR\" \/>\n<meta property=\"og:type\" content=\"article\" \/>\n<meta property=\"og:title\" content=\"Cadre de feu brouillard avant droit Lancia Kappa Green - Turijnmagazijn\" \/>\n<meta property=\"og:description\" content=\"Cadre de feu brouillard avant droit Lancia Kappa - Cadre pour montage dans le pare-chocs avant autour du feu antibrouillard sur le c\u00f4t\u00e9 droit pour Lancia Kappa.Cadre de feu brouillard avant droit Lancia Kappa Black - Cadre pour montage dans le pare-chocs avant autour du feu antibrouillard \u00e0 droite\" \/>\n<meta property=\"og:url\" content=\"https:\/\/turijnmagazijn.nl\/fr\/produit\/feu-brouillard-cadre-avant-droite-lancia-kappa-vert\/\" \/>\n<meta property=\"og:site_name\" content=\"Turijnmagazijn\" \/>\n<meta property=\"article:publisher\" content=\"https:\/\/www.facebook.com\/turijnmagazijn\" \/>\n<meta property=\"article:modified_time\" content=\"2023-08-23T17:55:34+00:00\" \/>\n<meta property=\"og:image\" content=\"https:\/\/turijnmagazijn.nl\/wp-content\/uploads\/2023\/03\/DK00102465-Mistlampframe-voorzijde-rechts-Lancia-Kappa-Groen-3-1.jpg\" \/>\n\t<meta property=\"og:image:width\" content=\"1024\" \/>\n\t<meta property=\"og:image:height\" content=\"768\" \/>\n\t<meta property=\"og:image:type\" content=\"image\/jpeg\" \/>\n<meta name=\"twitter:card\" content=\"summary_large_image\" \/>\n<script type=\"application\/ld+json\" class=\"yoast-schema-graph\">{\"@context\":\"https:\/\/schema.org\",\"@graph\":[{\"@type\":\"WebPage\",\"@id\":\"https:\/\/turijnmagazijn.nl\/fr\/produit\/feu-brouillard-cadre-avant-droite-lancia-kappa-vert\/\",\"url\":\"https:\/\/turijnmagazijn.nl\/fr\/produit\/feu-brouillard-cadre-avant-droite-lancia-kappa-vert\/\",\"name\":\"Cadre de feu brouillard avant droit Lancia Kappa Green - Turijnmagazijn\",\"isPartOf\":{\"@id\":\"https:\/\/turijnmagazijn.jumpstone-dev.nl\/#website\"},\"primaryImageOfPage\":{\"@id\":\"https:\/\/turijnmagazijn.nl\/fr\/produit\/feu-brouillard-cadre-avant-droite-lancia-kappa-vert\/#primaryimage\"},\"image\":{\"@id\":\"https:\/\/turijnmagazijn.nl\/fr\/produit\/feu-brouillard-cadre-avant-droite-lancia-kappa-vert\/#primaryimage\"},\"thumbnailUrl\":\"https:\/\/turijnmagazijn.nl\/wp-content\/uploads\/2023\/03\/DK00102465-Mistlampframe-voorzijde-rechts-Lancia-Kappa-Groen-3-1.jpg\",\"datePublished\":\"2023-03-03T08:37:03+00:00\",\"dateModified\":\"2023-08-23T17:55:34+00:00\",\"breadcrumb\":{\"@id\":\"https:\/\/turijnmagazijn.nl\/fr\/produit\/feu-brouillard-cadre-avant-droite-lancia-kappa-vert\/#breadcrumb\"},\"inLanguage\":\"fr-FR\",\"potentialAction\":[{\"@type\":\"ReadAction\",\"target\":[\"https:\/\/turijnmagazijn.nl\/fr\/produit\/feu-brouillard-cadre-avant-droite-lancia-kappa-vert\/\"]}]},{\"@type\":\"ImageObject\",\"inLanguage\":\"fr-FR\",\"@id\":\"https:\/\/turijnmagazijn.nl\/fr\/produit\/feu-brouillard-cadre-avant-droite-lancia-kappa-vert\/#primaryimage\",\"url\":\"https:\/\/turijnmagazijn.nl\/wp-content\/uploads\/2023\/03\/DK00102465-Mistlampframe-voorzijde-rechts-Lancia-Kappa-Groen-3-1.jpg\",\"contentUrl\":\"https:\/\/turijnmagazijn.nl\/wp-content\/uploads\/2023\/03\/DK00102465-Mistlampframe-voorzijde-rechts-Lancia-Kappa-Groen-3-1.jpg\",\"width\":1024,\"height\":768},{\"@type\":\"BreadcrumbList\",\"@id\":\"https:\/\/turijnmagazijn.nl\/fr\/produit\/feu-brouillard-cadre-avant-droite-lancia-kappa-vert\/#breadcrumb\",\"itemListElement\":[{\"@type\":\"ListItem\",\"position\":1,\"name\":\"Home\",\"item\":\"https:\/\/turijnmagazijn.jumpstone-dev.nl\/\"},{\"@type\":\"ListItem\",\"position\":2,\"name\":\"Produits\",\"item\":\"https:\/\/turijnmagazijn.nl\/fr\/shop\/\"},{\"@type\":\"ListItem\",\"position\":3,\"name\":\"Cadre de feu brouillard avant droit Lancia Kappa Green\"}]},{\"@type\":\"WebSite\",\"@id\":\"https:\/\/turijnmagazijn.jumpstone-dev.nl\/#website\",\"url\":\"https:\/\/turijnmagazijn.jumpstone-dev.nl\/\",\"name\":\"Turijnmagazijn\",\"description\":\"Onderdelen nieuw en gebruikt - Fiat &amp; Lancia\",\"publisher\":{\"@id\":\"https:\/\/turijnmagazijn.jumpstone-dev.nl\/#organization\"},\"potentialAction\":[{\"@type\":\"SearchAction\",\"target\":{\"@type\":\"EntryPoint\",\"urlTemplate\":\"https:\/\/turijnmagazijn.jumpstone-dev.nl\/?s={search_term_string}\"},\"query-input\":{\"@type\":\"PropertyValueSpecification\",\"valueRequired\":true,\"valueName\":\"search_term_string\"}}],\"inLanguage\":\"fr-FR\"},{\"@type\":\"Organization\",\"@id\":\"https:\/\/turijnmagazijn.jumpstone-dev.nl\/#organization\",\"name\":\"Turijnmagazijn\",\"url\":\"https:\/\/turijnmagazijn.jumpstone-dev.nl\/\",\"logo\":{\"@type\":\"ImageObject\",\"inLanguage\":\"fr-FR\",\"@id\":\"https:\/\/turijnmagazijn.jumpstone-dev.nl\/#\/schema\/logo\/image\/\",\"url\":\"https:\/\/turijnmagazijn.nl\/wp-content\/uploads\/2021\/02\/turijnmagazijnlogo.png\",\"contentUrl\":\"https:\/\/turijnmagazijn.nl\/wp-content\/uploads\/2021\/02\/turijnmagazijnlogo.png\",\"width\":555,\"height\":270,\"caption\":\"Turijnmagazijn\"},\"image\":{\"@id\":\"https:\/\/turijnmagazijn.jumpstone-dev.nl\/#\/schema\/logo\/image\/\"},\"sameAs\":[\"https:\/\/www.facebook.com\/turijnmagazijn\"]}]}<\/script>\n<!-- \/ Yoast SEO plugin. -->","yoast_head_json":{"title":"Cadre de feu brouillard avant droit Lancia Kappa Green - Turijnmagazijn","robots":{"index":"index","follow":"follow","max-snippet":"max-snippet:-1","max-image-preview":"max-image-preview:large","max-video-preview":"max-video-preview:-1"},"canonical":"https:\/\/turijnmagazijn.nl\/fr\/produit\/feu-brouillard-cadre-avant-droite-lancia-kappa-vert\/","og_locale":"fr_FR","og_type":"article","og_title":"Cadre de feu brouillard avant droit Lancia Kappa Green - Turijnmagazijn","og_description":"Cadre de feu brouillard avant droit Lancia Kappa - Cadre pour montage dans le pare-chocs avant autour du feu antibrouillard sur le c\u00f4t\u00e9 droit pour Lancia Kappa.Cadre de feu brouillard avant droit Lancia Kappa Black - Cadre pour montage dans le pare-chocs avant autour du feu antibrouillard \u00e0 droite","og_url":"https:\/\/turijnmagazijn.nl\/fr\/produit\/feu-brouillard-cadre-avant-droite-lancia-kappa-vert\/","og_site_name":"Turijnmagazijn","article_publisher":"https:\/\/www.facebook.com\/turijnmagazijn","article_modified_time":"2023-08-23T17:55:34+00:00","og_image":[{"width":1024,"height":768,"url":"https:\/\/turijnmagazijn.nl\/wp-content\/uploads\/2023\/03\/DK00102465-Mistlampframe-voorzijde-rechts-Lancia-Kappa-Groen-3-1.jpg","type":"image\/jpeg"}],"twitter_card":"summary_large_image","schema":{"@context":"https:\/\/schema.org","@graph":[{"@type":"WebPage","@id":"https:\/\/turijnmagazijn.nl\/fr\/produit\/feu-brouillard-cadre-avant-droite-lancia-kappa-vert\/","url":"https:\/\/turijnmagazijn.nl\/fr\/produit\/feu-brouillard-cadre-avant-droite-lancia-kappa-vert\/","name":"Cadre de feu brouillard avant droit Lancia Kappa Green - Turijnmagazijn","isPartOf":{"@id":"https:\/\/turijnmagazijn.jumpstone-dev.nl\/#website"},"primaryImageOfPage":{"@id":"https:\/\/turijnmagazijn.nl\/fr\/produit\/feu-brouillard-cadre-avant-droite-lancia-kappa-vert\/#primaryimage"},"image":{"@id":"https:\/\/turijnmagazijn.nl\/fr\/produit\/feu-brouillard-cadre-avant-droite-lancia-kappa-vert\/#primaryimage"},"thumbnailUrl":"https:\/\/turijnmagazijn.nl\/wp-content\/uploads\/2023\/03\/DK00102465-Mistlampframe-voorzijde-rechts-Lancia-Kappa-Groen-3-1.jpg","datePublished":"2023-03-03T08:37:03+00:00","dateModified":"2023-08-23T17:55:34+00:00","breadcrumb":{"@id":"https:\/\/turijnmagazijn.nl\/fr\/produit\/feu-brouillard-cadre-avant-droite-lancia-kappa-vert\/#breadcrumb"},"inLanguage":"fr-FR","potentialAction":[{"@type":"ReadAction","target":["https:\/\/turijnmagazijn.nl\/fr\/produit\/feu-brouillard-cadre-avant-droite-lancia-kappa-vert\/"]}]},{"@type":"ImageObject","inLanguage":"fr-FR","@id":"https:\/\/turijnmagazijn.nl\/fr\/produit\/feu-brouillard-cadre-avant-droite-lancia-kappa-vert\/#primaryimage","url":"https:\/\/turijnmagazijn.nl\/wp-content\/uploads\/2023\/03\/DK00102465-Mistlampframe-voorzijde-rechts-Lancia-Kappa-Groen-3-1.jpg","contentUrl":"https:\/\/turijnmagazijn.nl\/wp-content\/uploads\/2023\/03\/DK00102465-Mistlampframe-voorzijde-rechts-Lancia-Kappa-Groen-3-1.jpg","width":1024,"height":768},{"@type":"BreadcrumbList","@id":"https:\/\/turijnmagazijn.nl\/fr\/produit\/feu-brouillard-cadre-avant-droite-lancia-kappa-vert\/#breadcrumb","itemListElement":[{"@type":"ListItem","position":1,"name":"Home","item":"https:\/\/turijnmagazijn.jumpstone-dev.nl\/"},{"@type":"ListItem","position":2,"name":"Produits","item":"https:\/\/turijnmagazijn.nl\/fr\/shop\/"},{"@type":"ListItem","position":3,"name":"Cadre de feu brouillard avant droit Lancia Kappa Green"}]},{"@type":"WebSite","@id":"https:\/\/turijnmagazijn.jumpstone-dev.nl\/#website","url":"https:\/\/turijnmagazijn.jumpstone-dev.nl\/","name":"Turijnmagazijn","description":"Onderdelen nieuw en gebruikt - Fiat &amp; Lancia","publisher":{"@id":"https:\/\/turijnmagazijn.jumpstone-dev.nl\/#organization"},"potentialAction":[{"@type":"SearchAction","target":{"@type":"EntryPoint","urlTemplate":"https:\/\/turijnmagazijn.jumpstone-dev.nl\/?s={search_term_string}"},"query-input":{"@type":"PropertyValueSpecification","valueRequired":true,"valueName":"search_term_string"}}],"inLanguage":"fr-FR"},{"@type":"Organization","@id":"https:\/\/turijnmagazijn.jumpstone-dev.nl\/#organization","name":"Turijnmagazijn","url":"https:\/\/turijnmagazijn.jumpstone-dev.nl\/","logo":{"@type":"ImageObject","inLanguage":"fr-FR","@id":"https:\/\/turijnmagazijn.jumpstone-dev.nl\/#\/schema\/logo\/image\/","url":"https:\/\/turijnmagazijn.nl\/wp-content\/uploads\/2021\/02\/turijnmagazijnlogo.png","contentUrl":"https:\/\/turijnmagazijn.nl\/wp-content\/uploads\/2021\/02\/turijnmagazijnlogo.png","width":555,"height":270,"caption":"Turijnmagazijn"},"image":{"@id":"https:\/\/turijnmagazijn.jumpstone-dev.nl\/#\/schema\/logo\/image\/"},"sameAs":["https:\/\/www.facebook.com\/turijnmagazijn"]}]}},"_links":{"self":[{"href":"https:\/\/turijnmagazijn.nl\/fr\/wp-json\/wp\/v2\/product\/65541","targetHints":{"allow":["GET"]}}],"collection":[{"href":"https:\/\/turijnmagazijn.nl\/fr\/wp-json\/wp\/v2\/product"}],"about":[{"href":"https:\/\/turijnmagazijn.nl\/fr\/wp-json\/wp\/v2\/types\/product"}],"replies":[{"embeddable":true,"href":"https:\/\/turijnmagazijn.nl\/fr\/wp-json\/wp\/v2\/comments?post=65541"}],"wp:featuredmedia":[{"embeddable":true,"href":"https:\/\/turijnmagazijn.nl\/fr\/wp-json\/wp\/v2\/media\/51364"}],"wp:attachment":[{"href":"https:\/\/turijnmagazijn.nl\/fr\/wp-json\/wp\/v2\/media?parent=65541"}],"wp:term":[{"taxonomy":"product_brand","embeddable":true,"href":"https:\/\/turijnmagazijn.nl\/fr\/wp-json\/wp\/v2\/product_brand?post=65541"},{"taxonomy":"product_cat","embeddable":true,"href":"https:\/\/turijnmagazijn.nl\/fr\/wp-json\/wp\/v2\/product_cat?post=65541"},{"taxonomy":"product_tag","embeddable":true,"href":"https:\/\/turijnmagazijn.nl\/fr\/wp-json\/wp\/v2\/product_tag?post=65541"}],"curies":[{"name":"wp","href":"https:\/\/api.w.org\/{rel}","templated":true}]}}