{"id":65579,"date":"2023-03-03T09:38:42","date_gmt":"2023-03-03T08:38:42","guid":{"rendered":"https:\/\/turijnmagazijn.nl\/product\/ecu-ordinateur-de-gestion-de-moteur-delta-ii-marea-bravo-i-1-6-16v\/"},"modified":"2023-07-27T12:31:29","modified_gmt":"2023-07-27T10:31:29","slug":"ecu-engine-management-computer-delta-ii-marea-bravo-i-1-6-16v","status":"publish","type":"product","link":"https:\/\/turijnmagazijn.nl\/fr\/produit\/ecu-engine-management-computer-delta-ii-marea-bravo-i-1-6-16v\/","title":{"rendered":"ECU ordinateur de gestion de moteur Delta II MAREA BRAVO I &#8211; 1.6 16V"},"content":{"rendered":"<p>Calculateur de gestion du moteur pour le contr\u00f4le de l\u2019injection et du ralenti pour Lancia Delta 1.6 16V. \u00c9galement applicable \u00e0 Fiat Marea et Fiat Bravo I et Brava.<\/p>\n<p>L\u2019unit\u00e9 est un produit de Weber sous la m\u00e8re Magneti Marelli. L\u2019unit\u00e9 provient d\u2019une Lancia Delta 1.6 16V du deuxi\u00e8me type <span style=\"line-height: 20.79px; font-size: 13px;\">construite en 1999<\/span> et fonctionne bien.<\/p>\n<p>Cet ordinateur est cod\u00e9 et doit donc \u00eatre r\u00e9enseign\u00e9 par un sp\u00e9cialiste avant l\u2019assemblage.<\/p>\n<p>&nbsp;<\/p>\n<p>Les inscriptions sur l\u2019ordinateur sont:<\/p>\n<p>MAGNETI MARELL<br \/>\nIAW 1AF.1G<br \/>\n211 99<br \/>\nZ51P4W79<br \/>\nIAW IAF. 1G\/5527-AC<br \/>\nMAREA BRAVO I BRAVA DELTA II<br \/>\n1.6 16V<br \/>\n46534303 6Alfa Romeo, Alfa Romeo &gt; Alfetta [116],0.362.01 Z<br \/>\n12V=<\/p>\n<p>&nbsp;<\/p>\n<p>Num\u00e9ro OEM Lancia <span style=\"line-height: 20.79px; font-size: 13px;\">46534303<\/span><\/p>\n<p><span style=\"line-height: 20.79px; font-size: 13px;\">Anciens num\u00e9ros OEM :<\/span><\/p>\n<p><span style=\"line-height: 20.79px; font-size: 13px;\">46471335<\/span><\/p>\n<p><span style=\"line-height: 20.79px; font-size: 13px;\">46471339<\/span><\/p>\n<p><span style=\"line-height: 20.79px; font-size: 13px;\">46478928<\/span><\/p>\n","protected":false},"excerpt":{"rendered":"<p>Calculateur de gestion de moteur Lancia Delta II 1.6 16V &#8211; Calculateur de gestion de moteur pour le contr\u00f4le de l\u2019injection et le contr\u00f4le du ralenti pour Lancia Delta 1.ECU Ordinateur de gestion de moteur Delta II MAREA BRAVO I &#8211; 1.6 16V &#8211; ECU gestion du moteur comp<\/p>\n","protected":false},"featured_media":51672,"comment_status":"closed","ping_status":"closed","template":"","meta":{"_acf_changed":false},"product_brand":[],"product_cat":[1613,1846,1851,1582,1709,1841,1690,1798,1736],"product_tag":[],"class_list":{"0":"post-65579","1":"product","2":"type-product","3":"status-publish","4":"has-post-thumbnail","6":"product_cat-156-932-fr","7":"product_cat-3-deurs-hpe-fr","8":"product_cat-5-deurs-fr","9":"product_cat-alfa-romeo-fr","10":"product_cat-bravo-198-fr","11":"product_cat-delta-2-836-fr","12":"product_cat-fiat-fr","13":"product_cat-lancia-fr","14":"product_cat-marea-185-fr","15":"pa_soort-onderdeel-electronique-et-cables","16":"pa_soort-onderdeel-moteur-et-accessoires","18":"first","19":"instock","20":"shipping-taxable","21":"purchasable","22":"product-type-simple"},"acf":[],"yoast_head":"<!-- This site is optimized with the Yoast SEO plugin v27.2 - https:\/\/yoast.com\/product\/yoast-seo-wordpress\/ -->\n<title>ECU ordinateur de gestion de moteur Delta II MAREA BRAVO I - 1.6 16V - Turijnmagazijn<\/title>\n<meta name=\"robots\" content=\"index, follow, max-snippet:-1, max-image-preview:large, max-video-preview:-1\" \/>\n<link rel=\"canonical\" href=\"https:\/\/turijnmagazijn.nl\/fr\/produit\/ecu-engine-management-computer-delta-ii-marea-bravo-i-1-6-16v\/\" \/>\n<meta property=\"og:locale\" content=\"fr_FR\" \/>\n<meta property=\"og:type\" content=\"article\" \/>\n<meta property=\"og:title\" content=\"ECU ordinateur de gestion de moteur Delta II MAREA BRAVO I - 1.6 16V - Turijnmagazijn\" \/>\n<meta property=\"og:description\" content=\"Calculateur de gestion de moteur Lancia Delta II 1.6 16V - Calculateur de gestion de moteur pour le contr\u00f4le de l\u2019injection et le contr\u00f4le du ralenti pour Lancia Delta 1.ECU Ordinateur de gestion de moteur Delta II MAREA BRAVO I - 1.6 16V - ECU gestion du moteur comp\" \/>\n<meta property=\"og:url\" content=\"https:\/\/turijnmagazijn.nl\/fr\/produit\/ecu-engine-management-computer-delta-ii-marea-bravo-i-1-6-16v\/\" \/>\n<meta property=\"og:site_name\" content=\"Turijnmagazijn\" \/>\n<meta property=\"article:publisher\" content=\"https:\/\/www.facebook.com\/turijnmagazijn\" \/>\n<meta property=\"article:modified_time\" content=\"2023-07-27T10:31:29+00:00\" \/>\n<meta property=\"og:image\" content=\"https:\/\/turijnmagazijn.nl\/wp-content\/uploads\/2023\/03\/DK00102481-ECU-motormanagement-computer-Delta-II-MAREA-BRAVO-I-1.6-16V-3.jpg\" \/>\n\t<meta property=\"og:image:width\" content=\"1024\" \/>\n\t<meta property=\"og:image:height\" content=\"768\" \/>\n\t<meta property=\"og:image:type\" content=\"image\/jpeg\" \/>\n<meta name=\"twitter:card\" content=\"summary_large_image\" \/>\n<meta name=\"twitter:label1\" content=\"Dur\u00e9e de lecture estim\u00e9e\" \/>\n\t<meta name=\"twitter:data1\" content=\"1 minute\" \/>\n<script type=\"application\/ld+json\" class=\"yoast-schema-graph\">{\"@context\":\"https:\/\/schema.org\",\"@graph\":[{\"@type\":\"WebPage\",\"@id\":\"https:\/\/turijnmagazijn.nl\/fr\/produit\/ecu-engine-management-computer-delta-ii-marea-bravo-i-1-6-16v\/\",\"url\":\"https:\/\/turijnmagazijn.nl\/fr\/produit\/ecu-engine-management-computer-delta-ii-marea-bravo-i-1-6-16v\/\",\"name\":\"ECU ordinateur de gestion de moteur Delta II MAREA BRAVO I - 1.6 16V - Turijnmagazijn\",\"isPartOf\":{\"@id\":\"https:\/\/turijnmagazijn.jumpstone-dev.nl\/#website\"},\"primaryImageOfPage\":{\"@id\":\"https:\/\/turijnmagazijn.nl\/fr\/produit\/ecu-engine-management-computer-delta-ii-marea-bravo-i-1-6-16v\/#primaryimage\"},\"image\":{\"@id\":\"https:\/\/turijnmagazijn.nl\/fr\/produit\/ecu-engine-management-computer-delta-ii-marea-bravo-i-1-6-16v\/#primaryimage\"},\"thumbnailUrl\":\"https:\/\/turijnmagazijn.nl\/wp-content\/uploads\/2023\/03\/DK00102481-ECU-motormanagement-computer-Delta-II-MAREA-BRAVO-I-1.6-16V-3.jpg\",\"datePublished\":\"2023-03-03T08:38:42+00:00\",\"dateModified\":\"2023-07-27T10:31:29+00:00\",\"breadcrumb\":{\"@id\":\"https:\/\/turijnmagazijn.nl\/fr\/produit\/ecu-engine-management-computer-delta-ii-marea-bravo-i-1-6-16v\/#breadcrumb\"},\"inLanguage\":\"fr-FR\",\"potentialAction\":[{\"@type\":\"ReadAction\",\"target\":[\"https:\/\/turijnmagazijn.nl\/fr\/produit\/ecu-engine-management-computer-delta-ii-marea-bravo-i-1-6-16v\/\"]}]},{\"@type\":\"ImageObject\",\"inLanguage\":\"fr-FR\",\"@id\":\"https:\/\/turijnmagazijn.nl\/fr\/produit\/ecu-engine-management-computer-delta-ii-marea-bravo-i-1-6-16v\/#primaryimage\",\"url\":\"https:\/\/turijnmagazijn.nl\/wp-content\/uploads\/2023\/03\/DK00102481-ECU-motormanagement-computer-Delta-II-MAREA-BRAVO-I-1.6-16V-3.jpg\",\"contentUrl\":\"https:\/\/turijnmagazijn.nl\/wp-content\/uploads\/2023\/03\/DK00102481-ECU-motormanagement-computer-Delta-II-MAREA-BRAVO-I-1.6-16V-3.jpg\",\"width\":1024,\"height\":768},{\"@type\":\"BreadcrumbList\",\"@id\":\"https:\/\/turijnmagazijn.nl\/fr\/produit\/ecu-engine-management-computer-delta-ii-marea-bravo-i-1-6-16v\/#breadcrumb\",\"itemListElement\":[{\"@type\":\"ListItem\",\"position\":1,\"name\":\"Home\",\"item\":\"https:\/\/turijnmagazijn.nl\/fr\/\"},{\"@type\":\"ListItem\",\"position\":2,\"name\":\"Produits\",\"item\":\"https:\/\/turijnmagazijn.nl\/fr\/shop\/\"},{\"@type\":\"ListItem\",\"position\":3,\"name\":\"ECU ordinateur de gestion de moteur Delta II MAREA BRAVO I &#8211; 1.6 16V\"}]},{\"@type\":\"WebSite\",\"@id\":\"https:\/\/turijnmagazijn.jumpstone-dev.nl\/#website\",\"url\":\"https:\/\/turijnmagazijn.jumpstone-dev.nl\/\",\"name\":\"Turijnmagazijn\",\"description\":\"Onderdelen nieuw en gebruikt - Fiat &amp; Lancia\",\"publisher\":{\"@id\":\"https:\/\/turijnmagazijn.jumpstone-dev.nl\/#organization\"},\"potentialAction\":[{\"@type\":\"SearchAction\",\"target\":{\"@type\":\"EntryPoint\",\"urlTemplate\":\"https:\/\/turijnmagazijn.jumpstone-dev.nl\/?s={search_term_string}\"},\"query-input\":{\"@type\":\"PropertyValueSpecification\",\"valueRequired\":true,\"valueName\":\"search_term_string\"}}],\"inLanguage\":\"fr-FR\"},{\"@type\":\"Organization\",\"@id\":\"https:\/\/turijnmagazijn.jumpstone-dev.nl\/#organization\",\"name\":\"Turijnmagazijn\",\"url\":\"https:\/\/turijnmagazijn.jumpstone-dev.nl\/\",\"logo\":{\"@type\":\"ImageObject\",\"inLanguage\":\"fr-FR\",\"@id\":\"https:\/\/turijnmagazijn.jumpstone-dev.nl\/#\/schema\/logo\/image\/\",\"url\":\"https:\/\/turijnmagazijn.nl\/wp-content\/uploads\/2021\/02\/turijnmagazijnlogo.png\",\"contentUrl\":\"https:\/\/turijnmagazijn.nl\/wp-content\/uploads\/2021\/02\/turijnmagazijnlogo.png\",\"width\":555,\"height\":270,\"caption\":\"Turijnmagazijn\"},\"image\":{\"@id\":\"https:\/\/turijnmagazijn.jumpstone-dev.nl\/#\/schema\/logo\/image\/\"},\"sameAs\":[\"https:\/\/www.facebook.com\/turijnmagazijn\"]}]}<\/script>\n<!-- \/ Yoast SEO plugin. -->","yoast_head_json":{"title":"ECU ordinateur de gestion de moteur Delta II MAREA BRAVO I - 1.6 16V - Turijnmagazijn","robots":{"index":"index","follow":"follow","max-snippet":"max-snippet:-1","max-image-preview":"max-image-preview:large","max-video-preview":"max-video-preview:-1"},"canonical":"https:\/\/turijnmagazijn.nl\/fr\/produit\/ecu-engine-management-computer-delta-ii-marea-bravo-i-1-6-16v\/","og_locale":"fr_FR","og_type":"article","og_title":"ECU ordinateur de gestion de moteur Delta II MAREA BRAVO I - 1.6 16V - Turijnmagazijn","og_description":"Calculateur de gestion de moteur Lancia Delta II 1.6 16V - Calculateur de gestion de moteur pour le contr\u00f4le de l\u2019injection et le contr\u00f4le du ralenti pour Lancia Delta 1.ECU Ordinateur de gestion de moteur Delta II MAREA BRAVO I - 1.6 16V - ECU gestion du moteur comp","og_url":"https:\/\/turijnmagazijn.nl\/fr\/produit\/ecu-engine-management-computer-delta-ii-marea-bravo-i-1-6-16v\/","og_site_name":"Turijnmagazijn","article_publisher":"https:\/\/www.facebook.com\/turijnmagazijn","article_modified_time":"2023-07-27T10:31:29+00:00","og_image":[{"width":1024,"height":768,"url":"https:\/\/turijnmagazijn.nl\/wp-content\/uploads\/2023\/03\/DK00102481-ECU-motormanagement-computer-Delta-II-MAREA-BRAVO-I-1.6-16V-3.jpg","type":"image\/jpeg"}],"twitter_card":"summary_large_image","twitter_misc":{"Dur\u00e9e de lecture estim\u00e9e":"1 minute"},"schema":{"@context":"https:\/\/schema.org","@graph":[{"@type":"WebPage","@id":"https:\/\/turijnmagazijn.nl\/fr\/produit\/ecu-engine-management-computer-delta-ii-marea-bravo-i-1-6-16v\/","url":"https:\/\/turijnmagazijn.nl\/fr\/produit\/ecu-engine-management-computer-delta-ii-marea-bravo-i-1-6-16v\/","name":"ECU ordinateur de gestion de moteur Delta II MAREA BRAVO I - 1.6 16V - Turijnmagazijn","isPartOf":{"@id":"https:\/\/turijnmagazijn.jumpstone-dev.nl\/#website"},"primaryImageOfPage":{"@id":"https:\/\/turijnmagazijn.nl\/fr\/produit\/ecu-engine-management-computer-delta-ii-marea-bravo-i-1-6-16v\/#primaryimage"},"image":{"@id":"https:\/\/turijnmagazijn.nl\/fr\/produit\/ecu-engine-management-computer-delta-ii-marea-bravo-i-1-6-16v\/#primaryimage"},"thumbnailUrl":"https:\/\/turijnmagazijn.nl\/wp-content\/uploads\/2023\/03\/DK00102481-ECU-motormanagement-computer-Delta-II-MAREA-BRAVO-I-1.6-16V-3.jpg","datePublished":"2023-03-03T08:38:42+00:00","dateModified":"2023-07-27T10:31:29+00:00","breadcrumb":{"@id":"https:\/\/turijnmagazijn.nl\/fr\/produit\/ecu-engine-management-computer-delta-ii-marea-bravo-i-1-6-16v\/#breadcrumb"},"inLanguage":"fr-FR","potentialAction":[{"@type":"ReadAction","target":["https:\/\/turijnmagazijn.nl\/fr\/produit\/ecu-engine-management-computer-delta-ii-marea-bravo-i-1-6-16v\/"]}]},{"@type":"ImageObject","inLanguage":"fr-FR","@id":"https:\/\/turijnmagazijn.nl\/fr\/produit\/ecu-engine-management-computer-delta-ii-marea-bravo-i-1-6-16v\/#primaryimage","url":"https:\/\/turijnmagazijn.nl\/wp-content\/uploads\/2023\/03\/DK00102481-ECU-motormanagement-computer-Delta-II-MAREA-BRAVO-I-1.6-16V-3.jpg","contentUrl":"https:\/\/turijnmagazijn.nl\/wp-content\/uploads\/2023\/03\/DK00102481-ECU-motormanagement-computer-Delta-II-MAREA-BRAVO-I-1.6-16V-3.jpg","width":1024,"height":768},{"@type":"BreadcrumbList","@id":"https:\/\/turijnmagazijn.nl\/fr\/produit\/ecu-engine-management-computer-delta-ii-marea-bravo-i-1-6-16v\/#breadcrumb","itemListElement":[{"@type":"ListItem","position":1,"name":"Home","item":"https:\/\/turijnmagazijn.nl\/fr\/"},{"@type":"ListItem","position":2,"name":"Produits","item":"https:\/\/turijnmagazijn.nl\/fr\/shop\/"},{"@type":"ListItem","position":3,"name":"ECU ordinateur de gestion de moteur Delta II MAREA BRAVO I &#8211; 1.6 16V"}]},{"@type":"WebSite","@id":"https:\/\/turijnmagazijn.jumpstone-dev.nl\/#website","url":"https:\/\/turijnmagazijn.jumpstone-dev.nl\/","name":"Turijnmagazijn","description":"Onderdelen nieuw en gebruikt - Fiat &amp; Lancia","publisher":{"@id":"https:\/\/turijnmagazijn.jumpstone-dev.nl\/#organization"},"potentialAction":[{"@type":"SearchAction","target":{"@type":"EntryPoint","urlTemplate":"https:\/\/turijnmagazijn.jumpstone-dev.nl\/?s={search_term_string}"},"query-input":{"@type":"PropertyValueSpecification","valueRequired":true,"valueName":"search_term_string"}}],"inLanguage":"fr-FR"},{"@type":"Organization","@id":"https:\/\/turijnmagazijn.jumpstone-dev.nl\/#organization","name":"Turijnmagazijn","url":"https:\/\/turijnmagazijn.jumpstone-dev.nl\/","logo":{"@type":"ImageObject","inLanguage":"fr-FR","@id":"https:\/\/turijnmagazijn.jumpstone-dev.nl\/#\/schema\/logo\/image\/","url":"https:\/\/turijnmagazijn.nl\/wp-content\/uploads\/2021\/02\/turijnmagazijnlogo.png","contentUrl":"https:\/\/turijnmagazijn.nl\/wp-content\/uploads\/2021\/02\/turijnmagazijnlogo.png","width":555,"height":270,"caption":"Turijnmagazijn"},"image":{"@id":"https:\/\/turijnmagazijn.jumpstone-dev.nl\/#\/schema\/logo\/image\/"},"sameAs":["https:\/\/www.facebook.com\/turijnmagazijn"]}]}},"_links":{"self":[{"href":"https:\/\/turijnmagazijn.nl\/fr\/wp-json\/wp\/v2\/product\/65579","targetHints":{"allow":["GET"]}}],"collection":[{"href":"https:\/\/turijnmagazijn.nl\/fr\/wp-json\/wp\/v2\/product"}],"about":[{"href":"https:\/\/turijnmagazijn.nl\/fr\/wp-json\/wp\/v2\/types\/product"}],"replies":[{"embeddable":true,"href":"https:\/\/turijnmagazijn.nl\/fr\/wp-json\/wp\/v2\/comments?post=65579"}],"wp:featuredmedia":[{"embeddable":true,"href":"https:\/\/turijnmagazijn.nl\/fr\/wp-json\/wp\/v2\/media\/51672"}],"wp:attachment":[{"href":"https:\/\/turijnmagazijn.nl\/fr\/wp-json\/wp\/v2\/media?parent=65579"}],"wp:term":[{"taxonomy":"product_brand","embeddable":true,"href":"https:\/\/turijnmagazijn.nl\/fr\/wp-json\/wp\/v2\/product_brand?post=65579"},{"taxonomy":"product_cat","embeddable":true,"href":"https:\/\/turijnmagazijn.nl\/fr\/wp-json\/wp\/v2\/product_cat?post=65579"},{"taxonomy":"product_tag","embeddable":true,"href":"https:\/\/turijnmagazijn.nl\/fr\/wp-json\/wp\/v2\/product_tag?post=65579"}],"curies":[{"name":"wp","href":"https:\/\/api.w.org\/{rel}","templated":true}]}}