{"id":65583,"date":"2023-03-03T09:38:42","date_gmt":"2023-03-03T08:38:42","guid":{"rendered":"https:\/\/turijnmagazijn.nl\/product\/ecu-ordinateur-de-gestion-moteur-lancia-delta-ii-1-6-16v\/"},"modified":"2023-07-27T12:31:31","modified_gmt":"2023-07-27T10:31:31","slug":"ecu-moteur-gestion-ordinateur-lancia-delta-ii-1-6-16v-2","status":"publish","type":"product","link":"https:\/\/turijnmagazijn.nl\/fr\/produit\/ecu-moteur-gestion-ordinateur-lancia-delta-ii-1-6-16v-2\/","title":{"rendered":"ECU ordinateur de gestion moteur Lancia Delta II 1.6 16V"},"content":{"rendered":"<p>Calculateur de gestion du moteur pour le contr\u00f4le de l\u2019injection et du ralenti pour Lancia Delta 1.6 16V.  <\/p>\n<p>L\u2019unit\u00e9 est un produit de Weber sous la m\u00e8re Magneti Marelli. L\u2019unit\u00e9 provient d\u2019une Lancia Delta&nbsp;1.6 16V du&nbsp;deuxi\u00e8me type <span style=\"line-height: 20.79px; font-size: 13px;\">construite en 1996<\/span>&nbsp;et fonctionne bien.<\/p>\n<p>Cet ordinateur est cod\u00e9 et doit donc \u00eatre r\u00e9enseign\u00e9 par un sp\u00e9cialiste avant l\u2019assemblage.  <\/p>\n<p><\/p>\n<p>Les inscriptions sur l\u2019ordinateur sont:<\/p>\n<p>MAGNETI MARELL<br \/>IAW 1AF.1G<br \/>021 97<br \/>TR1JWW26 058 96<br \/>IAW IAF. 16\/3511-DC<br \/>Lancia Delta Fiat, Fiat &gt; Barchetta [183], 0 16V 100 CV<br \/><span style=\"font-size: 13px;\">&nbsp;46466672<\/span> 6Alfa Romeo, Alfa Romeo &gt; Alfetta [116],0.204.02 Z<br \/>12V=<\/p>\n<p><\/p>\n<p>Num\u00e9ro OEM Lancia&nbsp;<span style=\"line-height: 20.79px; font-size: 13px;\">46466672<\/span><\/p>\n<p><\/p>\n","protected":false},"excerpt":{"rendered":"<p>Ordinateur de gestion du moteur de l\u2019ECU Lancia Delta II 1.6 16V &#8211; Ordinateur de gestion du moteur de l\u2019ECU pour le contr\u00f4le de l\u2019injection et du ralenti pour Lancia Delta 1.<\/p>\n","protected":false},"featured_media":51656,"comment_status":"open","ping_status":"closed","template":"","meta":{"_acf_changed":false},"product_brand":[],"product_cat":[1841,1798],"product_tag":[],"class_list":{"0":"post-65583","1":"product","2":"type-product","3":"status-publish","4":"has-post-thumbnail","6":"product_cat-delta-2-836-fr","7":"product_cat-lancia-fr","8":"pa_soort-onderdeel-electronique-et-cables","9":"pa_soort-onderdeel-moteur-et-accessoires","11":"first","12":"instock","13":"shipping-taxable","14":"purchasable","15":"product-type-simple"},"acf":[],"yoast_head":"<!-- This site is optimized with the Yoast SEO plugin v27.2 - https:\/\/yoast.com\/product\/yoast-seo-wordpress\/ -->\n<title>ECU ordinateur de gestion moteur Lancia Delta II 1.6 16V - Turijnmagazijn<\/title>\n<meta name=\"robots\" content=\"index, follow, max-snippet:-1, max-image-preview:large, max-video-preview:-1\" \/>\n<link rel=\"canonical\" href=\"https:\/\/turijnmagazijn.nl\/fr\/produit\/ecu-moteur-gestion-ordinateur-lancia-delta-ii-1-6-16v-2\/\" \/>\n<meta property=\"og:locale\" content=\"fr_FR\" \/>\n<meta property=\"og:type\" content=\"article\" \/>\n<meta property=\"og:title\" content=\"ECU ordinateur de gestion moteur Lancia Delta II 1.6 16V - Turijnmagazijn\" \/>\n<meta property=\"og:description\" content=\"Ordinateur de gestion du moteur de l\u2019ECU Lancia Delta II 1.6 16V - Ordinateur de gestion du moteur de l\u2019ECU pour le contr\u00f4le de l\u2019injection et du ralenti pour Lancia Delta 1.\" \/>\n<meta property=\"og:url\" content=\"https:\/\/turijnmagazijn.nl\/fr\/produit\/ecu-moteur-gestion-ordinateur-lancia-delta-ii-1-6-16v-2\/\" \/>\n<meta property=\"og:site_name\" content=\"Turijnmagazijn\" \/>\n<meta property=\"article:publisher\" content=\"https:\/\/www.facebook.com\/turijnmagazijn\" \/>\n<meta property=\"article:modified_time\" content=\"2023-07-27T10:31:31+00:00\" \/>\n<meta property=\"og:image\" content=\"https:\/\/turijnmagazijn.nl\/wp-content\/uploads\/2023\/03\/DK00102480-ECU-motormanagement-computer-Lancia-Delta-II-1.6-16V-2-1.jpg\" \/>\n\t<meta property=\"og:image:width\" content=\"1024\" \/>\n\t<meta property=\"og:image:height\" content=\"768\" \/>\n\t<meta property=\"og:image:type\" content=\"image\/jpeg\" \/>\n<meta name=\"twitter:card\" content=\"summary_large_image\" \/>\n<meta name=\"twitter:label1\" content=\"Dur\u00e9e de lecture estim\u00e9e\" \/>\n\t<meta name=\"twitter:data1\" content=\"1 minute\" \/>\n<script type=\"application\/ld+json\" class=\"yoast-schema-graph\">{\"@context\":\"https:\/\/schema.org\",\"@graph\":[{\"@type\":\"WebPage\",\"@id\":\"https:\/\/turijnmagazijn.nl\/fr\/produit\/ecu-moteur-gestion-ordinateur-lancia-delta-ii-1-6-16v-2\/\",\"url\":\"https:\/\/turijnmagazijn.nl\/fr\/produit\/ecu-moteur-gestion-ordinateur-lancia-delta-ii-1-6-16v-2\/\",\"name\":\"ECU ordinateur de gestion moteur Lancia Delta II 1.6 16V - Turijnmagazijn\",\"isPartOf\":{\"@id\":\"https:\/\/turijnmagazijn.jumpstone-dev.nl\/#website\"},\"primaryImageOfPage\":{\"@id\":\"https:\/\/turijnmagazijn.nl\/fr\/produit\/ecu-moteur-gestion-ordinateur-lancia-delta-ii-1-6-16v-2\/#primaryimage\"},\"image\":{\"@id\":\"https:\/\/turijnmagazijn.nl\/fr\/produit\/ecu-moteur-gestion-ordinateur-lancia-delta-ii-1-6-16v-2\/#primaryimage\"},\"thumbnailUrl\":\"https:\/\/turijnmagazijn.nl\/wp-content\/uploads\/2023\/03\/DK00102480-ECU-motormanagement-computer-Lancia-Delta-II-1.6-16V-2-1.jpg\",\"datePublished\":\"2023-03-03T08:38:42+00:00\",\"dateModified\":\"2023-07-27T10:31:31+00:00\",\"breadcrumb\":{\"@id\":\"https:\/\/turijnmagazijn.nl\/fr\/produit\/ecu-moteur-gestion-ordinateur-lancia-delta-ii-1-6-16v-2\/#breadcrumb\"},\"inLanguage\":\"fr-FR\",\"potentialAction\":[{\"@type\":\"ReadAction\",\"target\":[\"https:\/\/turijnmagazijn.nl\/fr\/produit\/ecu-moteur-gestion-ordinateur-lancia-delta-ii-1-6-16v-2\/\"]}]},{\"@type\":\"ImageObject\",\"inLanguage\":\"fr-FR\",\"@id\":\"https:\/\/turijnmagazijn.nl\/fr\/produit\/ecu-moteur-gestion-ordinateur-lancia-delta-ii-1-6-16v-2\/#primaryimage\",\"url\":\"https:\/\/turijnmagazijn.nl\/wp-content\/uploads\/2023\/03\/DK00102480-ECU-motormanagement-computer-Lancia-Delta-II-1.6-16V-2-1.jpg\",\"contentUrl\":\"https:\/\/turijnmagazijn.nl\/wp-content\/uploads\/2023\/03\/DK00102480-ECU-motormanagement-computer-Lancia-Delta-II-1.6-16V-2-1.jpg\",\"width\":1024,\"height\":768},{\"@type\":\"BreadcrumbList\",\"@id\":\"https:\/\/turijnmagazijn.nl\/fr\/produit\/ecu-moteur-gestion-ordinateur-lancia-delta-ii-1-6-16v-2\/#breadcrumb\",\"itemListElement\":[{\"@type\":\"ListItem\",\"position\":1,\"name\":\"Home\",\"item\":\"https:\/\/turijnmagazijn.nl\/fr\/\"},{\"@type\":\"ListItem\",\"position\":2,\"name\":\"Produits\",\"item\":\"https:\/\/turijnmagazijn.nl\/fr\/shop\/\"},{\"@type\":\"ListItem\",\"position\":3,\"name\":\"ECU ordinateur de gestion moteur Lancia Delta II 1.6 16V\"}]},{\"@type\":\"WebSite\",\"@id\":\"https:\/\/turijnmagazijn.jumpstone-dev.nl\/#website\",\"url\":\"https:\/\/turijnmagazijn.jumpstone-dev.nl\/\",\"name\":\"Turijnmagazijn\",\"description\":\"Onderdelen nieuw en gebruikt - Fiat &amp; Lancia\",\"publisher\":{\"@id\":\"https:\/\/turijnmagazijn.jumpstone-dev.nl\/#organization\"},\"potentialAction\":[{\"@type\":\"SearchAction\",\"target\":{\"@type\":\"EntryPoint\",\"urlTemplate\":\"https:\/\/turijnmagazijn.jumpstone-dev.nl\/?s={search_term_string}\"},\"query-input\":{\"@type\":\"PropertyValueSpecification\",\"valueRequired\":true,\"valueName\":\"search_term_string\"}}],\"inLanguage\":\"fr-FR\"},{\"@type\":\"Organization\",\"@id\":\"https:\/\/turijnmagazijn.jumpstone-dev.nl\/#organization\",\"name\":\"Turijnmagazijn\",\"url\":\"https:\/\/turijnmagazijn.jumpstone-dev.nl\/\",\"logo\":{\"@type\":\"ImageObject\",\"inLanguage\":\"fr-FR\",\"@id\":\"https:\/\/turijnmagazijn.jumpstone-dev.nl\/#\/schema\/logo\/image\/\",\"url\":\"https:\/\/turijnmagazijn.nl\/wp-content\/uploads\/2021\/02\/turijnmagazijnlogo.png\",\"contentUrl\":\"https:\/\/turijnmagazijn.nl\/wp-content\/uploads\/2021\/02\/turijnmagazijnlogo.png\",\"width\":555,\"height\":270,\"caption\":\"Turijnmagazijn\"},\"image\":{\"@id\":\"https:\/\/turijnmagazijn.jumpstone-dev.nl\/#\/schema\/logo\/image\/\"},\"sameAs\":[\"https:\/\/www.facebook.com\/turijnmagazijn\"]}]}<\/script>\n<!-- \/ Yoast SEO plugin. -->","yoast_head_json":{"title":"ECU ordinateur de gestion moteur Lancia Delta II 1.6 16V - Turijnmagazijn","robots":{"index":"index","follow":"follow","max-snippet":"max-snippet:-1","max-image-preview":"max-image-preview:large","max-video-preview":"max-video-preview:-1"},"canonical":"https:\/\/turijnmagazijn.nl\/fr\/produit\/ecu-moteur-gestion-ordinateur-lancia-delta-ii-1-6-16v-2\/","og_locale":"fr_FR","og_type":"article","og_title":"ECU ordinateur de gestion moteur Lancia Delta II 1.6 16V - Turijnmagazijn","og_description":"Ordinateur de gestion du moteur de l\u2019ECU Lancia Delta II 1.6 16V - Ordinateur de gestion du moteur de l\u2019ECU pour le contr\u00f4le de l\u2019injection et du ralenti pour Lancia Delta 1.","og_url":"https:\/\/turijnmagazijn.nl\/fr\/produit\/ecu-moteur-gestion-ordinateur-lancia-delta-ii-1-6-16v-2\/","og_site_name":"Turijnmagazijn","article_publisher":"https:\/\/www.facebook.com\/turijnmagazijn","article_modified_time":"2023-07-27T10:31:31+00:00","og_image":[{"width":1024,"height":768,"url":"https:\/\/turijnmagazijn.nl\/wp-content\/uploads\/2023\/03\/DK00102480-ECU-motormanagement-computer-Lancia-Delta-II-1.6-16V-2-1.jpg","type":"image\/jpeg"}],"twitter_card":"summary_large_image","twitter_misc":{"Dur\u00e9e de lecture estim\u00e9e":"1 minute"},"schema":{"@context":"https:\/\/schema.org","@graph":[{"@type":"WebPage","@id":"https:\/\/turijnmagazijn.nl\/fr\/produit\/ecu-moteur-gestion-ordinateur-lancia-delta-ii-1-6-16v-2\/","url":"https:\/\/turijnmagazijn.nl\/fr\/produit\/ecu-moteur-gestion-ordinateur-lancia-delta-ii-1-6-16v-2\/","name":"ECU ordinateur de gestion moteur Lancia Delta II 1.6 16V - Turijnmagazijn","isPartOf":{"@id":"https:\/\/turijnmagazijn.jumpstone-dev.nl\/#website"},"primaryImageOfPage":{"@id":"https:\/\/turijnmagazijn.nl\/fr\/produit\/ecu-moteur-gestion-ordinateur-lancia-delta-ii-1-6-16v-2\/#primaryimage"},"image":{"@id":"https:\/\/turijnmagazijn.nl\/fr\/produit\/ecu-moteur-gestion-ordinateur-lancia-delta-ii-1-6-16v-2\/#primaryimage"},"thumbnailUrl":"https:\/\/turijnmagazijn.nl\/wp-content\/uploads\/2023\/03\/DK00102480-ECU-motormanagement-computer-Lancia-Delta-II-1.6-16V-2-1.jpg","datePublished":"2023-03-03T08:38:42+00:00","dateModified":"2023-07-27T10:31:31+00:00","breadcrumb":{"@id":"https:\/\/turijnmagazijn.nl\/fr\/produit\/ecu-moteur-gestion-ordinateur-lancia-delta-ii-1-6-16v-2\/#breadcrumb"},"inLanguage":"fr-FR","potentialAction":[{"@type":"ReadAction","target":["https:\/\/turijnmagazijn.nl\/fr\/produit\/ecu-moteur-gestion-ordinateur-lancia-delta-ii-1-6-16v-2\/"]}]},{"@type":"ImageObject","inLanguage":"fr-FR","@id":"https:\/\/turijnmagazijn.nl\/fr\/produit\/ecu-moteur-gestion-ordinateur-lancia-delta-ii-1-6-16v-2\/#primaryimage","url":"https:\/\/turijnmagazijn.nl\/wp-content\/uploads\/2023\/03\/DK00102480-ECU-motormanagement-computer-Lancia-Delta-II-1.6-16V-2-1.jpg","contentUrl":"https:\/\/turijnmagazijn.nl\/wp-content\/uploads\/2023\/03\/DK00102480-ECU-motormanagement-computer-Lancia-Delta-II-1.6-16V-2-1.jpg","width":1024,"height":768},{"@type":"BreadcrumbList","@id":"https:\/\/turijnmagazijn.nl\/fr\/produit\/ecu-moteur-gestion-ordinateur-lancia-delta-ii-1-6-16v-2\/#breadcrumb","itemListElement":[{"@type":"ListItem","position":1,"name":"Home","item":"https:\/\/turijnmagazijn.nl\/fr\/"},{"@type":"ListItem","position":2,"name":"Produits","item":"https:\/\/turijnmagazijn.nl\/fr\/shop\/"},{"@type":"ListItem","position":3,"name":"ECU ordinateur de gestion moteur Lancia Delta II 1.6 16V"}]},{"@type":"WebSite","@id":"https:\/\/turijnmagazijn.jumpstone-dev.nl\/#website","url":"https:\/\/turijnmagazijn.jumpstone-dev.nl\/","name":"Turijnmagazijn","description":"Onderdelen nieuw en gebruikt - Fiat &amp; Lancia","publisher":{"@id":"https:\/\/turijnmagazijn.jumpstone-dev.nl\/#organization"},"potentialAction":[{"@type":"SearchAction","target":{"@type":"EntryPoint","urlTemplate":"https:\/\/turijnmagazijn.jumpstone-dev.nl\/?s={search_term_string}"},"query-input":{"@type":"PropertyValueSpecification","valueRequired":true,"valueName":"search_term_string"}}],"inLanguage":"fr-FR"},{"@type":"Organization","@id":"https:\/\/turijnmagazijn.jumpstone-dev.nl\/#organization","name":"Turijnmagazijn","url":"https:\/\/turijnmagazijn.jumpstone-dev.nl\/","logo":{"@type":"ImageObject","inLanguage":"fr-FR","@id":"https:\/\/turijnmagazijn.jumpstone-dev.nl\/#\/schema\/logo\/image\/","url":"https:\/\/turijnmagazijn.nl\/wp-content\/uploads\/2021\/02\/turijnmagazijnlogo.png","contentUrl":"https:\/\/turijnmagazijn.nl\/wp-content\/uploads\/2021\/02\/turijnmagazijnlogo.png","width":555,"height":270,"caption":"Turijnmagazijn"},"image":{"@id":"https:\/\/turijnmagazijn.jumpstone-dev.nl\/#\/schema\/logo\/image\/"},"sameAs":["https:\/\/www.facebook.com\/turijnmagazijn"]}]}},"_links":{"self":[{"href":"https:\/\/turijnmagazijn.nl\/fr\/wp-json\/wp\/v2\/product\/65583","targetHints":{"allow":["GET"]}}],"collection":[{"href":"https:\/\/turijnmagazijn.nl\/fr\/wp-json\/wp\/v2\/product"}],"about":[{"href":"https:\/\/turijnmagazijn.nl\/fr\/wp-json\/wp\/v2\/types\/product"}],"replies":[{"embeddable":true,"href":"https:\/\/turijnmagazijn.nl\/fr\/wp-json\/wp\/v2\/comments?post=65583"}],"wp:featuredmedia":[{"embeddable":true,"href":"https:\/\/turijnmagazijn.nl\/fr\/wp-json\/wp\/v2\/media\/51656"}],"wp:attachment":[{"href":"https:\/\/turijnmagazijn.nl\/fr\/wp-json\/wp\/v2\/media?parent=65583"}],"wp:term":[{"taxonomy":"product_brand","embeddable":true,"href":"https:\/\/turijnmagazijn.nl\/fr\/wp-json\/wp\/v2\/product_brand?post=65583"},{"taxonomy":"product_cat","embeddable":true,"href":"https:\/\/turijnmagazijn.nl\/fr\/wp-json\/wp\/v2\/product_cat?post=65583"},{"taxonomy":"product_tag","embeddable":true,"href":"https:\/\/turijnmagazijn.nl\/fr\/wp-json\/wp\/v2\/product_tag?post=65583"}],"curies":[{"name":"wp","href":"https:\/\/api.w.org\/{rel}","templated":true}]}}