{"id":65597,"date":"2023-03-03T09:39:55","date_gmt":"2023-03-03T08:39:55","guid":{"rendered":"https:\/\/turijnmagazijn.nl\/product\/ceinture-de-securite-passager-droit-lancia-theme-i\/"},"modified":"2024-09-05T13:08:59","modified_gmt":"2024-09-05T11:08:59","slug":"ceinture-de-securite-copilote-droite-lancia-theme-i","status":"publish","type":"product","link":"https:\/\/turijnmagazijn.nl\/fr\/produit\/ceinture-de-securite-copilote-droite-lancia-theme-i\/","title":{"rendered":"Ceinture de s\u00e9curit\u00e9 passager droit Lancia Th\u00e8me I"},"content":{"rendered":"<p style=\"margin-bottom: 10px;\">Ceinture de s\u00e9curit\u00e9 passager d\u2019occasion pour Lancia Thema I. Applicable \u00e0 tous les mod\u00e8les.<\/p>\n<p style=\"margin-bottom: 10px;\">La ceinture est en bon \u00e9tat, sans effilocher.<\/p>\n<p style=\"margin-bottom: 10px;\">Complet avec tendeur de courroie.<\/p>\n<p style=\"margin-bottom: 10px;\">Bien travaill\u00e9 d\u00e9mont\u00e9 d\u2019un th\u00e8me construit en 1995.<\/p>\n<p style=\"margin-bottom: 10px;\">OIinscriptions sur l\u2019unit\u00e9:<\/p>\n<p style=\"margin-bottom: 10px;\">\n<ul style=\"margin-bottom: 10px;\">\n<li>D<\/li>\n<li>TRW TRW Sabelt B237<\/li>\n<li>AR4MP<\/li>\n<li>E2<\/li>\n<li>e2<\/li>\n<li>043173 Made in Italy<\/li>\n<li>3173<\/li>\n<li>070695<\/li>\n<li>LANCIA<\/li>\n<li>AR4MP<\/li>\n<\/ul>\n<p style=\"margin-bottom: 10px;\">\n<p style=\"margin-bottom: 10px;\">Lancia OEM 176964780<\/p>\n","protected":false},"excerpt":{"rendered":"<p>Ceinture de s\u00e9curit\u00e9 passager droit Lancia Theme I &#8211; Ceinture de s\u00e9curit\u00e9 passager usag\u00e9e pour Lancia Theme I.<\/p>\n","protected":false},"featured_media":51828,"comment_status":"open","ping_status":"closed","template":"","meta":{"_acf_changed":false},"product_brand":[],"product_cat":[1798,1896,1902,1897],"product_tag":[],"class_list":{"0":"post-65597","1":"product","2":"type-product","3":"status-publish","4":"has-post-thumbnail","6":"product_cat-lancia-fr","7":"product_cat-thema-834-fr","8":"product_cat-thema-sedan-fr","9":"product_cat-thema-sw-fr","10":"pa_soort-onderdeel-interieur-et-sellerie","12":"first","13":"instock","14":"shipping-taxable","15":"purchasable","16":"product-type-simple"},"acf":[],"yoast_head":"<!-- This site is optimized with the Yoast SEO plugin v27.2 - https:\/\/yoast.com\/product\/yoast-seo-wordpress\/ -->\n<title>Ceinture de s\u00e9curit\u00e9 passager droit Lancia Th\u00e8me I - Turijnmagazijn<\/title>\n<meta name=\"robots\" content=\"index, follow, max-snippet:-1, max-image-preview:large, max-video-preview:-1\" \/>\n<link rel=\"canonical\" href=\"https:\/\/turijnmagazijn.nl\/fr\/produit\/ceinture-de-securite-copilote-droite-lancia-theme-i\/\" \/>\n<meta property=\"og:locale\" content=\"fr_FR\" \/>\n<meta property=\"og:type\" content=\"article\" \/>\n<meta property=\"og:title\" content=\"Ceinture de s\u00e9curit\u00e9 passager droit Lancia Th\u00e8me I - Turijnmagazijn\" \/>\n<meta property=\"og:description\" content=\"Ceinture de s\u00e9curit\u00e9 passager droit Lancia Theme I - Ceinture de s\u00e9curit\u00e9 passager usag\u00e9e pour Lancia Theme I.\" \/>\n<meta property=\"og:url\" content=\"https:\/\/turijnmagazijn.nl\/fr\/produit\/ceinture-de-securite-copilote-droite-lancia-theme-i\/\" \/>\n<meta property=\"og:site_name\" content=\"Turijnmagazijn\" \/>\n<meta property=\"article:publisher\" content=\"https:\/\/www.facebook.com\/turijnmagazijn\" \/>\n<meta property=\"article:modified_time\" content=\"2024-09-05T11:08:59+00:00\" \/>\n<meta property=\"og:image\" content=\"https:\/\/turijnmagazijn.nl\/wp-content\/uploads\/2023\/03\/DK00102490-Veiligheidsgordel-bijrijder-rechts-Lancia-Thema-I-3-1.jpg\" \/>\n\t<meta property=\"og:image:width\" content=\"1024\" \/>\n\t<meta property=\"og:image:height\" content=\"768\" \/>\n\t<meta property=\"og:image:type\" content=\"image\/jpeg\" \/>\n<meta name=\"twitter:card\" content=\"summary_large_image\" \/>\n<script type=\"application\/ld+json\" class=\"yoast-schema-graph\">{\"@context\":\"https:\/\/schema.org\",\"@graph\":[{\"@type\":\"WebPage\",\"@id\":\"https:\/\/turijnmagazijn.nl\/fr\/produit\/ceinture-de-securite-copilote-droite-lancia-theme-i\/\",\"url\":\"https:\/\/turijnmagazijn.nl\/fr\/produit\/ceinture-de-securite-copilote-droite-lancia-theme-i\/\",\"name\":\"Ceinture de s\u00e9curit\u00e9 passager droit Lancia Th\u00e8me I - Turijnmagazijn\",\"isPartOf\":{\"@id\":\"https:\/\/turijnmagazijn.jumpstone-dev.nl\/#website\"},\"primaryImageOfPage\":{\"@id\":\"https:\/\/turijnmagazijn.nl\/fr\/produit\/ceinture-de-securite-copilote-droite-lancia-theme-i\/#primaryimage\"},\"image\":{\"@id\":\"https:\/\/turijnmagazijn.nl\/fr\/produit\/ceinture-de-securite-copilote-droite-lancia-theme-i\/#primaryimage\"},\"thumbnailUrl\":\"https:\/\/turijnmagazijn.nl\/wp-content\/uploads\/2023\/03\/DK00102490-Veiligheidsgordel-bijrijder-rechts-Lancia-Thema-I-3-1.jpg\",\"datePublished\":\"2023-03-03T08:39:55+00:00\",\"dateModified\":\"2024-09-05T11:08:59+00:00\",\"breadcrumb\":{\"@id\":\"https:\/\/turijnmagazijn.nl\/fr\/produit\/ceinture-de-securite-copilote-droite-lancia-theme-i\/#breadcrumb\"},\"inLanguage\":\"fr-FR\",\"potentialAction\":[{\"@type\":\"ReadAction\",\"target\":[\"https:\/\/turijnmagazijn.nl\/fr\/produit\/ceinture-de-securite-copilote-droite-lancia-theme-i\/\"]}]},{\"@type\":\"ImageObject\",\"inLanguage\":\"fr-FR\",\"@id\":\"https:\/\/turijnmagazijn.nl\/fr\/produit\/ceinture-de-securite-copilote-droite-lancia-theme-i\/#primaryimage\",\"url\":\"https:\/\/turijnmagazijn.nl\/wp-content\/uploads\/2023\/03\/DK00102490-Veiligheidsgordel-bijrijder-rechts-Lancia-Thema-I-3-1.jpg\",\"contentUrl\":\"https:\/\/turijnmagazijn.nl\/wp-content\/uploads\/2023\/03\/DK00102490-Veiligheidsgordel-bijrijder-rechts-Lancia-Thema-I-3-1.jpg\",\"width\":1024,\"height\":768},{\"@type\":\"BreadcrumbList\",\"@id\":\"https:\/\/turijnmagazijn.nl\/fr\/produit\/ceinture-de-securite-copilote-droite-lancia-theme-i\/#breadcrumb\",\"itemListElement\":[{\"@type\":\"ListItem\",\"position\":1,\"name\":\"Home\",\"item\":\"https:\/\/turijnmagazijn.nl\/fr\/\"},{\"@type\":\"ListItem\",\"position\":2,\"name\":\"Produits\",\"item\":\"https:\/\/turijnmagazijn.nl\/fr\/shop\/\"},{\"@type\":\"ListItem\",\"position\":3,\"name\":\"Ceinture de s\u00e9curit\u00e9 passager droit Lancia Th\u00e8me I\"}]},{\"@type\":\"WebSite\",\"@id\":\"https:\/\/turijnmagazijn.jumpstone-dev.nl\/#website\",\"url\":\"https:\/\/turijnmagazijn.jumpstone-dev.nl\/\",\"name\":\"Turijnmagazijn\",\"description\":\"Onderdelen nieuw en gebruikt - Fiat &amp; Lancia\",\"publisher\":{\"@id\":\"https:\/\/turijnmagazijn.jumpstone-dev.nl\/#organization\"},\"potentialAction\":[{\"@type\":\"SearchAction\",\"target\":{\"@type\":\"EntryPoint\",\"urlTemplate\":\"https:\/\/turijnmagazijn.jumpstone-dev.nl\/?s={search_term_string}\"},\"query-input\":{\"@type\":\"PropertyValueSpecification\",\"valueRequired\":true,\"valueName\":\"search_term_string\"}}],\"inLanguage\":\"fr-FR\"},{\"@type\":\"Organization\",\"@id\":\"https:\/\/turijnmagazijn.jumpstone-dev.nl\/#organization\",\"name\":\"Turijnmagazijn\",\"url\":\"https:\/\/turijnmagazijn.jumpstone-dev.nl\/\",\"logo\":{\"@type\":\"ImageObject\",\"inLanguage\":\"fr-FR\",\"@id\":\"https:\/\/turijnmagazijn.jumpstone-dev.nl\/#\/schema\/logo\/image\/\",\"url\":\"https:\/\/turijnmagazijn.nl\/wp-content\/uploads\/2021\/02\/turijnmagazijnlogo.png\",\"contentUrl\":\"https:\/\/turijnmagazijn.nl\/wp-content\/uploads\/2021\/02\/turijnmagazijnlogo.png\",\"width\":555,\"height\":270,\"caption\":\"Turijnmagazijn\"},\"image\":{\"@id\":\"https:\/\/turijnmagazijn.jumpstone-dev.nl\/#\/schema\/logo\/image\/\"},\"sameAs\":[\"https:\/\/www.facebook.com\/turijnmagazijn\"]}]}<\/script>\n<!-- \/ Yoast SEO plugin. -->","yoast_head_json":{"title":"Ceinture de s\u00e9curit\u00e9 passager droit Lancia Th\u00e8me I - Turijnmagazijn","robots":{"index":"index","follow":"follow","max-snippet":"max-snippet:-1","max-image-preview":"max-image-preview:large","max-video-preview":"max-video-preview:-1"},"canonical":"https:\/\/turijnmagazijn.nl\/fr\/produit\/ceinture-de-securite-copilote-droite-lancia-theme-i\/","og_locale":"fr_FR","og_type":"article","og_title":"Ceinture de s\u00e9curit\u00e9 passager droit Lancia Th\u00e8me I - Turijnmagazijn","og_description":"Ceinture de s\u00e9curit\u00e9 passager droit Lancia Theme I - Ceinture de s\u00e9curit\u00e9 passager usag\u00e9e pour Lancia Theme I.","og_url":"https:\/\/turijnmagazijn.nl\/fr\/produit\/ceinture-de-securite-copilote-droite-lancia-theme-i\/","og_site_name":"Turijnmagazijn","article_publisher":"https:\/\/www.facebook.com\/turijnmagazijn","article_modified_time":"2024-09-05T11:08:59+00:00","og_image":[{"width":1024,"height":768,"url":"https:\/\/turijnmagazijn.nl\/wp-content\/uploads\/2023\/03\/DK00102490-Veiligheidsgordel-bijrijder-rechts-Lancia-Thema-I-3-1.jpg","type":"image\/jpeg"}],"twitter_card":"summary_large_image","schema":{"@context":"https:\/\/schema.org","@graph":[{"@type":"WebPage","@id":"https:\/\/turijnmagazijn.nl\/fr\/produit\/ceinture-de-securite-copilote-droite-lancia-theme-i\/","url":"https:\/\/turijnmagazijn.nl\/fr\/produit\/ceinture-de-securite-copilote-droite-lancia-theme-i\/","name":"Ceinture de s\u00e9curit\u00e9 passager droit Lancia Th\u00e8me I - Turijnmagazijn","isPartOf":{"@id":"https:\/\/turijnmagazijn.jumpstone-dev.nl\/#website"},"primaryImageOfPage":{"@id":"https:\/\/turijnmagazijn.nl\/fr\/produit\/ceinture-de-securite-copilote-droite-lancia-theme-i\/#primaryimage"},"image":{"@id":"https:\/\/turijnmagazijn.nl\/fr\/produit\/ceinture-de-securite-copilote-droite-lancia-theme-i\/#primaryimage"},"thumbnailUrl":"https:\/\/turijnmagazijn.nl\/wp-content\/uploads\/2023\/03\/DK00102490-Veiligheidsgordel-bijrijder-rechts-Lancia-Thema-I-3-1.jpg","datePublished":"2023-03-03T08:39:55+00:00","dateModified":"2024-09-05T11:08:59+00:00","breadcrumb":{"@id":"https:\/\/turijnmagazijn.nl\/fr\/produit\/ceinture-de-securite-copilote-droite-lancia-theme-i\/#breadcrumb"},"inLanguage":"fr-FR","potentialAction":[{"@type":"ReadAction","target":["https:\/\/turijnmagazijn.nl\/fr\/produit\/ceinture-de-securite-copilote-droite-lancia-theme-i\/"]}]},{"@type":"ImageObject","inLanguage":"fr-FR","@id":"https:\/\/turijnmagazijn.nl\/fr\/produit\/ceinture-de-securite-copilote-droite-lancia-theme-i\/#primaryimage","url":"https:\/\/turijnmagazijn.nl\/wp-content\/uploads\/2023\/03\/DK00102490-Veiligheidsgordel-bijrijder-rechts-Lancia-Thema-I-3-1.jpg","contentUrl":"https:\/\/turijnmagazijn.nl\/wp-content\/uploads\/2023\/03\/DK00102490-Veiligheidsgordel-bijrijder-rechts-Lancia-Thema-I-3-1.jpg","width":1024,"height":768},{"@type":"BreadcrumbList","@id":"https:\/\/turijnmagazijn.nl\/fr\/produit\/ceinture-de-securite-copilote-droite-lancia-theme-i\/#breadcrumb","itemListElement":[{"@type":"ListItem","position":1,"name":"Home","item":"https:\/\/turijnmagazijn.nl\/fr\/"},{"@type":"ListItem","position":2,"name":"Produits","item":"https:\/\/turijnmagazijn.nl\/fr\/shop\/"},{"@type":"ListItem","position":3,"name":"Ceinture de s\u00e9curit\u00e9 passager droit Lancia Th\u00e8me I"}]},{"@type":"WebSite","@id":"https:\/\/turijnmagazijn.jumpstone-dev.nl\/#website","url":"https:\/\/turijnmagazijn.jumpstone-dev.nl\/","name":"Turijnmagazijn","description":"Onderdelen nieuw en gebruikt - Fiat &amp; Lancia","publisher":{"@id":"https:\/\/turijnmagazijn.jumpstone-dev.nl\/#organization"},"potentialAction":[{"@type":"SearchAction","target":{"@type":"EntryPoint","urlTemplate":"https:\/\/turijnmagazijn.jumpstone-dev.nl\/?s={search_term_string}"},"query-input":{"@type":"PropertyValueSpecification","valueRequired":true,"valueName":"search_term_string"}}],"inLanguage":"fr-FR"},{"@type":"Organization","@id":"https:\/\/turijnmagazijn.jumpstone-dev.nl\/#organization","name":"Turijnmagazijn","url":"https:\/\/turijnmagazijn.jumpstone-dev.nl\/","logo":{"@type":"ImageObject","inLanguage":"fr-FR","@id":"https:\/\/turijnmagazijn.jumpstone-dev.nl\/#\/schema\/logo\/image\/","url":"https:\/\/turijnmagazijn.nl\/wp-content\/uploads\/2021\/02\/turijnmagazijnlogo.png","contentUrl":"https:\/\/turijnmagazijn.nl\/wp-content\/uploads\/2021\/02\/turijnmagazijnlogo.png","width":555,"height":270,"caption":"Turijnmagazijn"},"image":{"@id":"https:\/\/turijnmagazijn.jumpstone-dev.nl\/#\/schema\/logo\/image\/"},"sameAs":["https:\/\/www.facebook.com\/turijnmagazijn"]}]}},"_links":{"self":[{"href":"https:\/\/turijnmagazijn.nl\/fr\/wp-json\/wp\/v2\/product\/65597","targetHints":{"allow":["GET"]}}],"collection":[{"href":"https:\/\/turijnmagazijn.nl\/fr\/wp-json\/wp\/v2\/product"}],"about":[{"href":"https:\/\/turijnmagazijn.nl\/fr\/wp-json\/wp\/v2\/types\/product"}],"replies":[{"embeddable":true,"href":"https:\/\/turijnmagazijn.nl\/fr\/wp-json\/wp\/v2\/comments?post=65597"}],"wp:featuredmedia":[{"embeddable":true,"href":"https:\/\/turijnmagazijn.nl\/fr\/wp-json\/wp\/v2\/media\/51828"}],"wp:attachment":[{"href":"https:\/\/turijnmagazijn.nl\/fr\/wp-json\/wp\/v2\/media?parent=65597"}],"wp:term":[{"taxonomy":"product_brand","embeddable":true,"href":"https:\/\/turijnmagazijn.nl\/fr\/wp-json\/wp\/v2\/product_brand?post=65597"},{"taxonomy":"product_cat","embeddable":true,"href":"https:\/\/turijnmagazijn.nl\/fr\/wp-json\/wp\/v2\/product_cat?post=65597"},{"taxonomy":"product_tag","embeddable":true,"href":"https:\/\/turijnmagazijn.nl\/fr\/wp-json\/wp\/v2\/product_tag?post=65597"}],"curies":[{"name":"wp","href":"https:\/\/api.w.org\/{rel}","templated":true}]}}