{"id":65656,"date":"2023-03-03T09:42:38","date_gmt":"2023-03-03T08:42:38","guid":{"rendered":"https:\/\/turijnmagazijn.nl\/product\/volant-cuir-fiat-stilo-selespeed\/"},"modified":"2023-07-27T12:32:27","modified_gmt":"2023-07-27T10:32:27","slug":"volant-cuir-fiat-stilo-selespeed","status":"publish","type":"product","link":"https:\/\/turijnmagazijn.nl\/fr\/produit\/volant-cuir-fiat-stilo-selespeed\/","title":{"rendered":"Volant cuir Fiat Stilo Selespeed"},"content":{"rendered":"<p>Volant en cuir noir pour Fiat Stilo, applicable \u00e0 toutes les versions \u00e9quip\u00e9es de Selespeed et de fonctions \u00e9tendues de commande au volant&nbsp;. D\u2019une Stilo Abarth \u00e9quip\u00e9e d\u2019un moteur essence 2.4 avec bo\u00eete de vitesses selespeed. Concerne le volant avec les fonctions de commande \u00e9tendues pour l\u2019audio et le t\u00e9l\u00e9phone et l\u2019ordinateur de bord (c\u2019est-\u00e0-dire pour la version avec \u00e9cran de navigation central). Les boutons de commande ne sont pas inclus. Le volant est en bon \u00e9tat.<\/p>\n<p><span style=\"font-size: 12px;\">FIAT&nbsp; OEM<\/span> 735336479<\/p>\n","protected":false},"excerpt":{"rendered":"<p>Volant cuir Fiat Stilo Selespeed &#8211; Volant en cuir noir pour Fiat Stilo<\/p>\n","protected":false},"featured_media":52068,"comment_status":"open","ping_status":"closed","template":"","meta":{"_acf_changed":false},"product_brand":[],"product_cat":[1766,1769,1690,1774,1763],"product_tag":[],"class_list":{"0":"post-65656","1":"product","2":"type-product","3":"status-publish","4":"has-post-thumbnail","6":"product_cat-5drs-fr","7":"product_cat-abarth-3drs-fr","8":"product_cat-fiat-fr","9":"product_cat-multiwagon-fr","10":"product_cat-stilo-192-fr","11":"pa_soort-onderdeel-electronique-et-cables","13":"first","14":"instock","15":"shipping-taxable","16":"purchasable","17":"product-type-simple"},"acf":[],"yoast_head":"<!-- This site is optimized with the Yoast SEO plugin v27.2 - https:\/\/yoast.com\/product\/yoast-seo-wordpress\/ -->\n<title>Volant cuir Fiat Stilo Selespeed - Turijnmagazijn<\/title>\n<meta name=\"robots\" content=\"index, follow, max-snippet:-1, max-image-preview:large, max-video-preview:-1\" \/>\n<link rel=\"canonical\" href=\"https:\/\/turijnmagazijn.nl\/fr\/produit\/volant-cuir-fiat-stilo-selespeed\/\" \/>\n<meta property=\"og:locale\" content=\"fr_FR\" \/>\n<meta property=\"og:type\" content=\"article\" \/>\n<meta property=\"og:title\" content=\"Volant cuir Fiat Stilo Selespeed - Turijnmagazijn\" \/>\n<meta property=\"og:description\" content=\"Volant cuir Fiat Stilo Selespeed - Volant en cuir noir pour Fiat Stilo\" \/>\n<meta property=\"og:url\" content=\"https:\/\/turijnmagazijn.nl\/fr\/produit\/volant-cuir-fiat-stilo-selespeed\/\" \/>\n<meta property=\"og:site_name\" content=\"Turijnmagazijn\" \/>\n<meta property=\"article:publisher\" content=\"https:\/\/www.facebook.com\/turijnmagazijn\" \/>\n<meta property=\"article:modified_time\" content=\"2023-07-27T10:32:27+00:00\" \/>\n<meta property=\"og:image\" content=\"https:\/\/turijnmagazijn.nl\/wp-content\/uploads\/2023\/03\/DK00101578_Stuurwiel_leder_Fiat_Stilo_Selespeed_3-1.jpg\" \/>\n\t<meta property=\"og:image:width\" content=\"800\" \/>\n\t<meta property=\"og:image:height\" content=\"600\" \/>\n\t<meta property=\"og:image:type\" content=\"image\/jpeg\" \/>\n<meta name=\"twitter:card\" content=\"summary_large_image\" \/>\n<script type=\"application\/ld+json\" class=\"yoast-schema-graph\">{\"@context\":\"https:\/\/schema.org\",\"@graph\":[{\"@type\":\"WebPage\",\"@id\":\"https:\/\/turijnmagazijn.nl\/fr\/produit\/volant-cuir-fiat-stilo-selespeed\/\",\"url\":\"https:\/\/turijnmagazijn.nl\/fr\/produit\/volant-cuir-fiat-stilo-selespeed\/\",\"name\":\"Volant cuir Fiat Stilo Selespeed - Turijnmagazijn\",\"isPartOf\":{\"@id\":\"https:\/\/turijnmagazijn.jumpstone-dev.nl\/#website\"},\"primaryImageOfPage\":{\"@id\":\"https:\/\/turijnmagazijn.nl\/fr\/produit\/volant-cuir-fiat-stilo-selespeed\/#primaryimage\"},\"image\":{\"@id\":\"https:\/\/turijnmagazijn.nl\/fr\/produit\/volant-cuir-fiat-stilo-selespeed\/#primaryimage\"},\"thumbnailUrl\":\"https:\/\/turijnmagazijn.nl\/wp-content\/uploads\/2023\/03\/DK00101578_Stuurwiel_leder_Fiat_Stilo_Selespeed_3-1.jpg\",\"datePublished\":\"2023-03-03T08:42:38+00:00\",\"dateModified\":\"2023-07-27T10:32:27+00:00\",\"breadcrumb\":{\"@id\":\"https:\/\/turijnmagazijn.nl\/fr\/produit\/volant-cuir-fiat-stilo-selespeed\/#breadcrumb\"},\"inLanguage\":\"fr-FR\",\"potentialAction\":[{\"@type\":\"ReadAction\",\"target\":[\"https:\/\/turijnmagazijn.nl\/fr\/produit\/volant-cuir-fiat-stilo-selespeed\/\"]}]},{\"@type\":\"ImageObject\",\"inLanguage\":\"fr-FR\",\"@id\":\"https:\/\/turijnmagazijn.nl\/fr\/produit\/volant-cuir-fiat-stilo-selespeed\/#primaryimage\",\"url\":\"https:\/\/turijnmagazijn.nl\/wp-content\/uploads\/2023\/03\/DK00101578_Stuurwiel_leder_Fiat_Stilo_Selespeed_3-1.jpg\",\"contentUrl\":\"https:\/\/turijnmagazijn.nl\/wp-content\/uploads\/2023\/03\/DK00101578_Stuurwiel_leder_Fiat_Stilo_Selespeed_3-1.jpg\",\"width\":800,\"height\":600},{\"@type\":\"BreadcrumbList\",\"@id\":\"https:\/\/turijnmagazijn.nl\/fr\/produit\/volant-cuir-fiat-stilo-selespeed\/#breadcrumb\",\"itemListElement\":[{\"@type\":\"ListItem\",\"position\":1,\"name\":\"Home\",\"item\":\"https:\/\/turijnmagazijn.nl\/fr\/\"},{\"@type\":\"ListItem\",\"position\":2,\"name\":\"Produits\",\"item\":\"https:\/\/turijnmagazijn.nl\/fr\/shop\/\"},{\"@type\":\"ListItem\",\"position\":3,\"name\":\"Volant cuir Fiat Stilo Selespeed\"}]},{\"@type\":\"WebSite\",\"@id\":\"https:\/\/turijnmagazijn.jumpstone-dev.nl\/#website\",\"url\":\"https:\/\/turijnmagazijn.jumpstone-dev.nl\/\",\"name\":\"Turijnmagazijn\",\"description\":\"Onderdelen nieuw en gebruikt - Fiat &amp; Lancia\",\"publisher\":{\"@id\":\"https:\/\/turijnmagazijn.jumpstone-dev.nl\/#organization\"},\"potentialAction\":[{\"@type\":\"SearchAction\",\"target\":{\"@type\":\"EntryPoint\",\"urlTemplate\":\"https:\/\/turijnmagazijn.jumpstone-dev.nl\/?s={search_term_string}\"},\"query-input\":{\"@type\":\"PropertyValueSpecification\",\"valueRequired\":true,\"valueName\":\"search_term_string\"}}],\"inLanguage\":\"fr-FR\"},{\"@type\":\"Organization\",\"@id\":\"https:\/\/turijnmagazijn.jumpstone-dev.nl\/#organization\",\"name\":\"Turijnmagazijn\",\"url\":\"https:\/\/turijnmagazijn.jumpstone-dev.nl\/\",\"logo\":{\"@type\":\"ImageObject\",\"inLanguage\":\"fr-FR\",\"@id\":\"https:\/\/turijnmagazijn.jumpstone-dev.nl\/#\/schema\/logo\/image\/\",\"url\":\"https:\/\/turijnmagazijn.nl\/wp-content\/uploads\/2021\/02\/turijnmagazijnlogo.png\",\"contentUrl\":\"https:\/\/turijnmagazijn.nl\/wp-content\/uploads\/2021\/02\/turijnmagazijnlogo.png\",\"width\":555,\"height\":270,\"caption\":\"Turijnmagazijn\"},\"image\":{\"@id\":\"https:\/\/turijnmagazijn.jumpstone-dev.nl\/#\/schema\/logo\/image\/\"},\"sameAs\":[\"https:\/\/www.facebook.com\/turijnmagazijn\"]}]}<\/script>\n<!-- \/ Yoast SEO plugin. -->","yoast_head_json":{"title":"Volant cuir Fiat Stilo Selespeed - Turijnmagazijn","robots":{"index":"index","follow":"follow","max-snippet":"max-snippet:-1","max-image-preview":"max-image-preview:large","max-video-preview":"max-video-preview:-1"},"canonical":"https:\/\/turijnmagazijn.nl\/fr\/produit\/volant-cuir-fiat-stilo-selespeed\/","og_locale":"fr_FR","og_type":"article","og_title":"Volant cuir Fiat Stilo Selespeed - Turijnmagazijn","og_description":"Volant cuir Fiat Stilo Selespeed - Volant en cuir noir pour Fiat Stilo","og_url":"https:\/\/turijnmagazijn.nl\/fr\/produit\/volant-cuir-fiat-stilo-selespeed\/","og_site_name":"Turijnmagazijn","article_publisher":"https:\/\/www.facebook.com\/turijnmagazijn","article_modified_time":"2023-07-27T10:32:27+00:00","og_image":[{"width":800,"height":600,"url":"https:\/\/turijnmagazijn.nl\/wp-content\/uploads\/2023\/03\/DK00101578_Stuurwiel_leder_Fiat_Stilo_Selespeed_3-1.jpg","type":"image\/jpeg"}],"twitter_card":"summary_large_image","schema":{"@context":"https:\/\/schema.org","@graph":[{"@type":"WebPage","@id":"https:\/\/turijnmagazijn.nl\/fr\/produit\/volant-cuir-fiat-stilo-selespeed\/","url":"https:\/\/turijnmagazijn.nl\/fr\/produit\/volant-cuir-fiat-stilo-selespeed\/","name":"Volant cuir Fiat Stilo Selespeed - Turijnmagazijn","isPartOf":{"@id":"https:\/\/turijnmagazijn.jumpstone-dev.nl\/#website"},"primaryImageOfPage":{"@id":"https:\/\/turijnmagazijn.nl\/fr\/produit\/volant-cuir-fiat-stilo-selespeed\/#primaryimage"},"image":{"@id":"https:\/\/turijnmagazijn.nl\/fr\/produit\/volant-cuir-fiat-stilo-selespeed\/#primaryimage"},"thumbnailUrl":"https:\/\/turijnmagazijn.nl\/wp-content\/uploads\/2023\/03\/DK00101578_Stuurwiel_leder_Fiat_Stilo_Selespeed_3-1.jpg","datePublished":"2023-03-03T08:42:38+00:00","dateModified":"2023-07-27T10:32:27+00:00","breadcrumb":{"@id":"https:\/\/turijnmagazijn.nl\/fr\/produit\/volant-cuir-fiat-stilo-selespeed\/#breadcrumb"},"inLanguage":"fr-FR","potentialAction":[{"@type":"ReadAction","target":["https:\/\/turijnmagazijn.nl\/fr\/produit\/volant-cuir-fiat-stilo-selespeed\/"]}]},{"@type":"ImageObject","inLanguage":"fr-FR","@id":"https:\/\/turijnmagazijn.nl\/fr\/produit\/volant-cuir-fiat-stilo-selespeed\/#primaryimage","url":"https:\/\/turijnmagazijn.nl\/wp-content\/uploads\/2023\/03\/DK00101578_Stuurwiel_leder_Fiat_Stilo_Selespeed_3-1.jpg","contentUrl":"https:\/\/turijnmagazijn.nl\/wp-content\/uploads\/2023\/03\/DK00101578_Stuurwiel_leder_Fiat_Stilo_Selespeed_3-1.jpg","width":800,"height":600},{"@type":"BreadcrumbList","@id":"https:\/\/turijnmagazijn.nl\/fr\/produit\/volant-cuir-fiat-stilo-selespeed\/#breadcrumb","itemListElement":[{"@type":"ListItem","position":1,"name":"Home","item":"https:\/\/turijnmagazijn.nl\/fr\/"},{"@type":"ListItem","position":2,"name":"Produits","item":"https:\/\/turijnmagazijn.nl\/fr\/shop\/"},{"@type":"ListItem","position":3,"name":"Volant cuir Fiat Stilo Selespeed"}]},{"@type":"WebSite","@id":"https:\/\/turijnmagazijn.jumpstone-dev.nl\/#website","url":"https:\/\/turijnmagazijn.jumpstone-dev.nl\/","name":"Turijnmagazijn","description":"Onderdelen nieuw en gebruikt - Fiat &amp; Lancia","publisher":{"@id":"https:\/\/turijnmagazijn.jumpstone-dev.nl\/#organization"},"potentialAction":[{"@type":"SearchAction","target":{"@type":"EntryPoint","urlTemplate":"https:\/\/turijnmagazijn.jumpstone-dev.nl\/?s={search_term_string}"},"query-input":{"@type":"PropertyValueSpecification","valueRequired":true,"valueName":"search_term_string"}}],"inLanguage":"fr-FR"},{"@type":"Organization","@id":"https:\/\/turijnmagazijn.jumpstone-dev.nl\/#organization","name":"Turijnmagazijn","url":"https:\/\/turijnmagazijn.jumpstone-dev.nl\/","logo":{"@type":"ImageObject","inLanguage":"fr-FR","@id":"https:\/\/turijnmagazijn.jumpstone-dev.nl\/#\/schema\/logo\/image\/","url":"https:\/\/turijnmagazijn.nl\/wp-content\/uploads\/2021\/02\/turijnmagazijnlogo.png","contentUrl":"https:\/\/turijnmagazijn.nl\/wp-content\/uploads\/2021\/02\/turijnmagazijnlogo.png","width":555,"height":270,"caption":"Turijnmagazijn"},"image":{"@id":"https:\/\/turijnmagazijn.jumpstone-dev.nl\/#\/schema\/logo\/image\/"},"sameAs":["https:\/\/www.facebook.com\/turijnmagazijn"]}]}},"_links":{"self":[{"href":"https:\/\/turijnmagazijn.nl\/fr\/wp-json\/wp\/v2\/product\/65656","targetHints":{"allow":["GET"]}}],"collection":[{"href":"https:\/\/turijnmagazijn.nl\/fr\/wp-json\/wp\/v2\/product"}],"about":[{"href":"https:\/\/turijnmagazijn.nl\/fr\/wp-json\/wp\/v2\/types\/product"}],"replies":[{"embeddable":true,"href":"https:\/\/turijnmagazijn.nl\/fr\/wp-json\/wp\/v2\/comments?post=65656"}],"wp:featuredmedia":[{"embeddable":true,"href":"https:\/\/turijnmagazijn.nl\/fr\/wp-json\/wp\/v2\/media\/52068"}],"wp:attachment":[{"href":"https:\/\/turijnmagazijn.nl\/fr\/wp-json\/wp\/v2\/media?parent=65656"}],"wp:term":[{"taxonomy":"product_brand","embeddable":true,"href":"https:\/\/turijnmagazijn.nl\/fr\/wp-json\/wp\/v2\/product_brand?post=65656"},{"taxonomy":"product_cat","embeddable":true,"href":"https:\/\/turijnmagazijn.nl\/fr\/wp-json\/wp\/v2\/product_cat?post=65656"},{"taxonomy":"product_tag","embeddable":true,"href":"https:\/\/turijnmagazijn.nl\/fr\/wp-json\/wp\/v2\/product_tag?post=65656"}],"curies":[{"name":"wp","href":"https:\/\/api.w.org\/{rel}","templated":true}]}}