{"id":65664,"date":"2023-03-03T09:43:01","date_gmt":"2023-03-03T08:43:01","guid":{"rendered":"https:\/\/turijnmagazijn.nl\/product\/ouvre-vanne-de-reservoir-dinterrupteur-asr-str-verrouillage-central-alfa-166\/"},"modified":"2023-07-27T12:33:16","modified_gmt":"2023-07-27T10:33:16","slug":"interrupteur-reservoir-de-vanne-ouvre-asr-str-verrouillage-central-alfa-166","status":"publish","type":"product","link":"https:\/\/turijnmagazijn.nl\/fr\/produit\/interrupteur-reservoir-de-vanne-ouvre-asr-str-verrouillage-central-alfa-166\/","title":{"rendered":"Ouvre-vanne de r\u00e9servoir d\u2019interrupteur ASR STR verrouillage central Alfa 166"},"content":{"rendered":"<p>Commutateur pour le tableau de bord d\u2019une Alfa 166 construite de 1998 \u00e0 2003. Il s\u2019agit de l\u2019interrupteur pour ouvrir la vanne du r\u00e9servoir. Le bouton est int\u00e9gr\u00e9 dans la partie centrale du tableau de bord, pr\u00e8s du levier de vitesses. Le bouton provient d\u2019une Alfa 166 construite en 2001. Il existe \u00e9galement d\u2019autres fonctions, telles que l\u2019activation \/ d\u00e9sactivation du syst\u00e8me ASR, le verrouillage central de la porte&nbsp;<span style=\"font-size: 12px;\">La mise sous \/ hors tension<\/span> <span style=\"font-size: 12px;\">&nbsp;et STR est \u00e9galement incluse dans cet appareil. &nbsp; Les boutons sont amovibles et peuvent \u00eatre transf\u00e9r\u00e9s dans le cas o\u00f9 seul le bouton de la soupape de carburant est d\u00e9fectueux.<\/span><\/p>\n<p>OEM Alfa Romeo 156025697<\/p>\n","protected":false},"excerpt":{"rendered":"<p>Interrupteur de vanne de r\u00e9servoir Alfa 166 &#8211; Interrupteur pour le tableau de bord d\u2019une Alfa 166 construite de 1998 \u00e0 2003.Interrupteur d\u2019ouverture de vanne de r\u00e9servoir ASR STR verrouillage central Alfa 166 &#8211; Interrupteur pour le tableau de bord d\u2019une Alfa 166 construite de 1998 \u00e0 2003.<\/p>\n","protected":false},"featured_media":52096,"comment_status":"open","ping_status":"closed","template":"","meta":{"_acf_changed":false},"product_brand":[],"product_cat":[1650,1582],"product_tag":[],"class_list":{"0":"post-65664","1":"product","2":"type-product","3":"status-publish","4":"has-post-thumbnail","6":"product_cat-166-936-fr","7":"product_cat-alfa-romeo-fr","8":"pa_soort-onderdeel-electronique-et-cables","10":"first","11":"instock","12":"shipping-taxable","13":"purchasable","14":"product-type-simple"},"acf":[],"yoast_head":"<!-- This site is optimized with the Yoast SEO plugin v27.3 - https:\/\/yoast.com\/product\/yoast-seo-wordpress\/ -->\n<title>Ouvre-vanne de r\u00e9servoir d\u2019interrupteur ASR STR verrouillage central Alfa 166 - Turijnmagazijn<\/title>\n<meta name=\"robots\" content=\"index, follow, max-snippet:-1, max-image-preview:large, max-video-preview:-1\" \/>\n<link rel=\"canonical\" href=\"https:\/\/turijnmagazijn.nl\/fr\/produit\/interrupteur-reservoir-de-vanne-ouvre-asr-str-verrouillage-central-alfa-166\/\" \/>\n<meta property=\"og:locale\" content=\"fr_FR\" \/>\n<meta property=\"og:type\" content=\"article\" \/>\n<meta property=\"og:title\" content=\"Ouvre-vanne de r\u00e9servoir d\u2019interrupteur ASR STR verrouillage central Alfa 166 - Turijnmagazijn\" \/>\n<meta property=\"og:description\" content=\"Interrupteur de vanne de r\u00e9servoir Alfa 166 - Interrupteur pour le tableau de bord d\u2019une Alfa 166 construite de 1998 \u00e0 2003.Interrupteur d\u2019ouverture de vanne de r\u00e9servoir ASR STR verrouillage central Alfa 166 - Interrupteur pour le tableau de bord d\u2019une Alfa 166 construite de 1998 \u00e0 2003.\" \/>\n<meta property=\"og:url\" content=\"https:\/\/turijnmagazijn.nl\/fr\/produit\/interrupteur-reservoir-de-vanne-ouvre-asr-str-verrouillage-central-alfa-166\/\" \/>\n<meta property=\"og:site_name\" content=\"Turijnmagazijn\" \/>\n<meta property=\"article:publisher\" content=\"https:\/\/www.facebook.com\/turijnmagazijn\" \/>\n<meta property=\"article:modified_time\" content=\"2023-07-27T10:33:16+00:00\" \/>\n<meta property=\"og:image\" content=\"https:\/\/turijnmagazijn.nl\/wp-content\/uploads\/2023\/03\/DK00101579_Schakelaar_tankklep-opener_ASR_STR_centrale_vergrendeling_Alfa_166_4-1.jpg\" \/>\n\t<meta property=\"og:image:width\" content=\"800\" \/>\n\t<meta property=\"og:image:height\" content=\"600\" \/>\n\t<meta property=\"og:image:type\" content=\"image\/jpeg\" \/>\n<meta name=\"twitter:card\" content=\"summary_large_image\" \/>\n<meta name=\"twitter:label1\" content=\"Dur\u00e9e de lecture estim\u00e9e\" \/>\n\t<meta name=\"twitter:data1\" content=\"1 minute\" \/>\n<script type=\"application\/ld+json\" class=\"yoast-schema-graph\">{\"@context\":\"https:\\\/\\\/schema.org\",\"@graph\":[{\"@type\":\"WebPage\",\"@id\":\"https:\\\/\\\/turijnmagazijn.nl\\\/fr\\\/produit\\\/interrupteur-reservoir-de-vanne-ouvre-asr-str-verrouillage-central-alfa-166\\\/\",\"url\":\"https:\\\/\\\/turijnmagazijn.nl\\\/fr\\\/produit\\\/interrupteur-reservoir-de-vanne-ouvre-asr-str-verrouillage-central-alfa-166\\\/\",\"name\":\"Ouvre-vanne de r\u00e9servoir d\u2019interrupteur ASR STR verrouillage central Alfa 166 - Turijnmagazijn\",\"isPartOf\":{\"@id\":\"https:\\\/\\\/turijnmagazijn.jumpstone-dev.nl\\\/#website\"},\"primaryImageOfPage\":{\"@id\":\"https:\\\/\\\/turijnmagazijn.nl\\\/fr\\\/produit\\\/interrupteur-reservoir-de-vanne-ouvre-asr-str-verrouillage-central-alfa-166\\\/#primaryimage\"},\"image\":{\"@id\":\"https:\\\/\\\/turijnmagazijn.nl\\\/fr\\\/produit\\\/interrupteur-reservoir-de-vanne-ouvre-asr-str-verrouillage-central-alfa-166\\\/#primaryimage\"},\"thumbnailUrl\":\"https:\\\/\\\/turijnmagazijn.nl\\\/wp-content\\\/uploads\\\/2023\\\/03\\\/DK00101579_Schakelaar_tankklep-opener_ASR_STR_centrale_vergrendeling_Alfa_166_4-1.jpg\",\"datePublished\":\"2023-03-03T08:43:01+00:00\",\"dateModified\":\"2023-07-27T10:33:16+00:00\",\"breadcrumb\":{\"@id\":\"https:\\\/\\\/turijnmagazijn.nl\\\/fr\\\/produit\\\/interrupteur-reservoir-de-vanne-ouvre-asr-str-verrouillage-central-alfa-166\\\/#breadcrumb\"},\"inLanguage\":\"fr-FR\",\"potentialAction\":[{\"@type\":\"ReadAction\",\"target\":[\"https:\\\/\\\/turijnmagazijn.nl\\\/fr\\\/produit\\\/interrupteur-reservoir-de-vanne-ouvre-asr-str-verrouillage-central-alfa-166\\\/\"]}]},{\"@type\":\"ImageObject\",\"inLanguage\":\"fr-FR\",\"@id\":\"https:\\\/\\\/turijnmagazijn.nl\\\/fr\\\/produit\\\/interrupteur-reservoir-de-vanne-ouvre-asr-str-verrouillage-central-alfa-166\\\/#primaryimage\",\"url\":\"https:\\\/\\\/turijnmagazijn.nl\\\/wp-content\\\/uploads\\\/2023\\\/03\\\/DK00101579_Schakelaar_tankklep-opener_ASR_STR_centrale_vergrendeling_Alfa_166_4-1.jpg\",\"contentUrl\":\"https:\\\/\\\/turijnmagazijn.nl\\\/wp-content\\\/uploads\\\/2023\\\/03\\\/DK00101579_Schakelaar_tankklep-opener_ASR_STR_centrale_vergrendeling_Alfa_166_4-1.jpg\",\"width\":800,\"height\":600},{\"@type\":\"BreadcrumbList\",\"@id\":\"https:\\\/\\\/turijnmagazijn.nl\\\/fr\\\/produit\\\/interrupteur-reservoir-de-vanne-ouvre-asr-str-verrouillage-central-alfa-166\\\/#breadcrumb\",\"itemListElement\":[{\"@type\":\"ListItem\",\"position\":1,\"name\":\"Home\",\"item\":\"https:\\\/\\\/turijnmagazijn.nl\\\/fr\\\/\"},{\"@type\":\"ListItem\",\"position\":2,\"name\":\"Produits\",\"item\":\"https:\\\/\\\/turijnmagazijn.nl\\\/fr\\\/shop\\\/\"},{\"@type\":\"ListItem\",\"position\":3,\"name\":\"Ouvre-vanne de r\u00e9servoir d\u2019interrupteur ASR STR verrouillage central Alfa 166\"}]},{\"@type\":\"WebSite\",\"@id\":\"https:\\\/\\\/turijnmagazijn.jumpstone-dev.nl\\\/#website\",\"url\":\"https:\\\/\\\/turijnmagazijn.jumpstone-dev.nl\\\/\",\"name\":\"Turijnmagazijn\",\"description\":\"Onderdelen nieuw en gebruikt - Fiat &amp; Lancia\",\"publisher\":{\"@id\":\"https:\\\/\\\/turijnmagazijn.jumpstone-dev.nl\\\/#organization\"},\"potentialAction\":[{\"@type\":\"SearchAction\",\"target\":{\"@type\":\"EntryPoint\",\"urlTemplate\":\"https:\\\/\\\/turijnmagazijn.jumpstone-dev.nl\\\/?s={search_term_string}\"},\"query-input\":{\"@type\":\"PropertyValueSpecification\",\"valueRequired\":true,\"valueName\":\"search_term_string\"}}],\"inLanguage\":\"fr-FR\"},{\"@type\":\"Organization\",\"@id\":\"https:\\\/\\\/turijnmagazijn.jumpstone-dev.nl\\\/#organization\",\"name\":\"Turijnmagazijn\",\"url\":\"https:\\\/\\\/turijnmagazijn.jumpstone-dev.nl\\\/\",\"logo\":{\"@type\":\"ImageObject\",\"inLanguage\":\"fr-FR\",\"@id\":\"https:\\\/\\\/turijnmagazijn.jumpstone-dev.nl\\\/#\\\/schema\\\/logo\\\/image\\\/\",\"url\":\"https:\\\/\\\/turijnmagazijn.nl\\\/wp-content\\\/uploads\\\/2021\\\/02\\\/turijnmagazijnlogo.png\",\"contentUrl\":\"https:\\\/\\\/turijnmagazijn.nl\\\/wp-content\\\/uploads\\\/2021\\\/02\\\/turijnmagazijnlogo.png\",\"width\":555,\"height\":270,\"caption\":\"Turijnmagazijn\"},\"image\":{\"@id\":\"https:\\\/\\\/turijnmagazijn.jumpstone-dev.nl\\\/#\\\/schema\\\/logo\\\/image\\\/\"},\"sameAs\":[\"https:\\\/\\\/www.facebook.com\\\/turijnmagazijn\"]}]}<\/script>\n<!-- \/ Yoast SEO plugin. -->","yoast_head_json":{"title":"Ouvre-vanne de r\u00e9servoir d\u2019interrupteur ASR STR verrouillage central Alfa 166 - Turijnmagazijn","robots":{"index":"index","follow":"follow","max-snippet":"max-snippet:-1","max-image-preview":"max-image-preview:large","max-video-preview":"max-video-preview:-1"},"canonical":"https:\/\/turijnmagazijn.nl\/fr\/produit\/interrupteur-reservoir-de-vanne-ouvre-asr-str-verrouillage-central-alfa-166\/","og_locale":"fr_FR","og_type":"article","og_title":"Ouvre-vanne de r\u00e9servoir d\u2019interrupteur ASR STR verrouillage central Alfa 166 - Turijnmagazijn","og_description":"Interrupteur de vanne de r\u00e9servoir Alfa 166 - Interrupteur pour le tableau de bord d\u2019une Alfa 166 construite de 1998 \u00e0 2003.Interrupteur d\u2019ouverture de vanne de r\u00e9servoir ASR STR verrouillage central Alfa 166 - Interrupteur pour le tableau de bord d\u2019une Alfa 166 construite de 1998 \u00e0 2003.","og_url":"https:\/\/turijnmagazijn.nl\/fr\/produit\/interrupteur-reservoir-de-vanne-ouvre-asr-str-verrouillage-central-alfa-166\/","og_site_name":"Turijnmagazijn","article_publisher":"https:\/\/www.facebook.com\/turijnmagazijn","article_modified_time":"2023-07-27T10:33:16+00:00","og_image":[{"width":800,"height":600,"url":"https:\/\/turijnmagazijn.nl\/wp-content\/uploads\/2023\/03\/DK00101579_Schakelaar_tankklep-opener_ASR_STR_centrale_vergrendeling_Alfa_166_4-1.jpg","type":"image\/jpeg"}],"twitter_card":"summary_large_image","twitter_misc":{"Dur\u00e9e de lecture estim\u00e9e":"1 minute"},"schema":{"@context":"https:\/\/schema.org","@graph":[{"@type":"WebPage","@id":"https:\/\/turijnmagazijn.nl\/fr\/produit\/interrupteur-reservoir-de-vanne-ouvre-asr-str-verrouillage-central-alfa-166\/","url":"https:\/\/turijnmagazijn.nl\/fr\/produit\/interrupteur-reservoir-de-vanne-ouvre-asr-str-verrouillage-central-alfa-166\/","name":"Ouvre-vanne de r\u00e9servoir d\u2019interrupteur ASR STR verrouillage central Alfa 166 - Turijnmagazijn","isPartOf":{"@id":"https:\/\/turijnmagazijn.jumpstone-dev.nl\/#website"},"primaryImageOfPage":{"@id":"https:\/\/turijnmagazijn.nl\/fr\/produit\/interrupteur-reservoir-de-vanne-ouvre-asr-str-verrouillage-central-alfa-166\/#primaryimage"},"image":{"@id":"https:\/\/turijnmagazijn.nl\/fr\/produit\/interrupteur-reservoir-de-vanne-ouvre-asr-str-verrouillage-central-alfa-166\/#primaryimage"},"thumbnailUrl":"https:\/\/turijnmagazijn.nl\/wp-content\/uploads\/2023\/03\/DK00101579_Schakelaar_tankklep-opener_ASR_STR_centrale_vergrendeling_Alfa_166_4-1.jpg","datePublished":"2023-03-03T08:43:01+00:00","dateModified":"2023-07-27T10:33:16+00:00","breadcrumb":{"@id":"https:\/\/turijnmagazijn.nl\/fr\/produit\/interrupteur-reservoir-de-vanne-ouvre-asr-str-verrouillage-central-alfa-166\/#breadcrumb"},"inLanguage":"fr-FR","potentialAction":[{"@type":"ReadAction","target":["https:\/\/turijnmagazijn.nl\/fr\/produit\/interrupteur-reservoir-de-vanne-ouvre-asr-str-verrouillage-central-alfa-166\/"]}]},{"@type":"ImageObject","inLanguage":"fr-FR","@id":"https:\/\/turijnmagazijn.nl\/fr\/produit\/interrupteur-reservoir-de-vanne-ouvre-asr-str-verrouillage-central-alfa-166\/#primaryimage","url":"https:\/\/turijnmagazijn.nl\/wp-content\/uploads\/2023\/03\/DK00101579_Schakelaar_tankklep-opener_ASR_STR_centrale_vergrendeling_Alfa_166_4-1.jpg","contentUrl":"https:\/\/turijnmagazijn.nl\/wp-content\/uploads\/2023\/03\/DK00101579_Schakelaar_tankklep-opener_ASR_STR_centrale_vergrendeling_Alfa_166_4-1.jpg","width":800,"height":600},{"@type":"BreadcrumbList","@id":"https:\/\/turijnmagazijn.nl\/fr\/produit\/interrupteur-reservoir-de-vanne-ouvre-asr-str-verrouillage-central-alfa-166\/#breadcrumb","itemListElement":[{"@type":"ListItem","position":1,"name":"Home","item":"https:\/\/turijnmagazijn.nl\/fr\/"},{"@type":"ListItem","position":2,"name":"Produits","item":"https:\/\/turijnmagazijn.nl\/fr\/shop\/"},{"@type":"ListItem","position":3,"name":"Ouvre-vanne de r\u00e9servoir d\u2019interrupteur ASR STR verrouillage central Alfa 166"}]},{"@type":"WebSite","@id":"https:\/\/turijnmagazijn.jumpstone-dev.nl\/#website","url":"https:\/\/turijnmagazijn.jumpstone-dev.nl\/","name":"Turijnmagazijn","description":"Onderdelen nieuw en gebruikt - Fiat &amp; Lancia","publisher":{"@id":"https:\/\/turijnmagazijn.jumpstone-dev.nl\/#organization"},"potentialAction":[{"@type":"SearchAction","target":{"@type":"EntryPoint","urlTemplate":"https:\/\/turijnmagazijn.jumpstone-dev.nl\/?s={search_term_string}"},"query-input":{"@type":"PropertyValueSpecification","valueRequired":true,"valueName":"search_term_string"}}],"inLanguage":"fr-FR"},{"@type":"Organization","@id":"https:\/\/turijnmagazijn.jumpstone-dev.nl\/#organization","name":"Turijnmagazijn","url":"https:\/\/turijnmagazijn.jumpstone-dev.nl\/","logo":{"@type":"ImageObject","inLanguage":"fr-FR","@id":"https:\/\/turijnmagazijn.jumpstone-dev.nl\/#\/schema\/logo\/image\/","url":"https:\/\/turijnmagazijn.nl\/wp-content\/uploads\/2021\/02\/turijnmagazijnlogo.png","contentUrl":"https:\/\/turijnmagazijn.nl\/wp-content\/uploads\/2021\/02\/turijnmagazijnlogo.png","width":555,"height":270,"caption":"Turijnmagazijn"},"image":{"@id":"https:\/\/turijnmagazijn.jumpstone-dev.nl\/#\/schema\/logo\/image\/"},"sameAs":["https:\/\/www.facebook.com\/turijnmagazijn"]}]}},"_links":{"self":[{"href":"https:\/\/turijnmagazijn.nl\/fr\/wp-json\/wp\/v2\/product\/65664","targetHints":{"allow":["GET"]}}],"collection":[{"href":"https:\/\/turijnmagazijn.nl\/fr\/wp-json\/wp\/v2\/product"}],"about":[{"href":"https:\/\/turijnmagazijn.nl\/fr\/wp-json\/wp\/v2\/types\/product"}],"replies":[{"embeddable":true,"href":"https:\/\/turijnmagazijn.nl\/fr\/wp-json\/wp\/v2\/comments?post=65664"}],"wp:featuredmedia":[{"embeddable":true,"href":"https:\/\/turijnmagazijn.nl\/fr\/wp-json\/wp\/v2\/media\/52096"}],"wp:attachment":[{"href":"https:\/\/turijnmagazijn.nl\/fr\/wp-json\/wp\/v2\/media?parent=65664"}],"wp:term":[{"taxonomy":"product_brand","embeddable":true,"href":"https:\/\/turijnmagazijn.nl\/fr\/wp-json\/wp\/v2\/product_brand?post=65664"},{"taxonomy":"product_cat","embeddable":true,"href":"https:\/\/turijnmagazijn.nl\/fr\/wp-json\/wp\/v2\/product_cat?post=65664"},{"taxonomy":"product_tag","embeddable":true,"href":"https:\/\/turijnmagazijn.nl\/fr\/wp-json\/wp\/v2\/product_tag?post=65664"}],"curies":[{"name":"wp","href":"https:\/\/api.w.org\/{rel}","templated":true}]}}