{"id":65678,"date":"2023-03-03T08:48:27","date_gmt":"2023-03-03T07:48:27","guid":{"rendered":"https:\/\/turijnmagazijn.nl\/product\/cle-pliante-fiat-bravo-ii-tipo-ii-punto-evo-500l\/"},"modified":"2025-06-18T00:00:12","modified_gmt":"2025-06-17T22:00:12","slug":"cle-pliante-fiat-bravo-ii-tipo-ii-punto-evo-500l-new","status":"publish","type":"product","link":"https:\/\/turijnmagazijn.nl\/fr\/produit\/cle-pliante-fiat-bravo-ii-tipo-ii-punto-evo-500l-new\/","title":{"rendered":"Cl\u00e9 pliante Fiat Bravo II Tipo II Punto EVO 500L"},"content":{"rendered":"<p><a style=\"background-color: #ffffff; color: #23527c; outline: 0px;\" href=\"https:\/\/turijnmagazijn.nl\/fr\/expedition-par-boite-aux-lettres\/\" target=\"\" rel=\"noopener\"><img decoding=\"async\" src=\"https:\/\/www.delenkorf.nl\/image\/catalog\/brievenbus.png\"><\/a><\/p>\n<p>Nouvelle cl\u00e9 de pliage du march\u00e9 secondaire (pas Fiat d\u2019origine) pour divers mod\u00e8les Fiat.<\/p>\n<p>Ce type de cl\u00e9 a \u00e9t\u00e9 appliqu\u00e9 \u00e0 l\u2019origine \u00e0 :<\/p>\n<p>Fiat Punto EVO<\/p>\n<p>Fiat Bravo 2<\/p>\n<p>Fiat Tipo 2<\/p>\n<p>Fiat Ducato<\/p>\n<p>Fiat 500L<\/p>\n<p>La cl\u00e9 est SANS \u00e9lectronique \/ carte de circuit imprim\u00e9 SANS batterie et SANS puce de transpondeur. Toutes les pi\u00e8ces mentionn\u00e9es sont faciles \u00e0 transf\u00e9rer \u00e0 partir d\u2019une ancienne cl\u00e9 existante.<\/p>\n<p>La barbe de scrupule en blanc\/non coup\u00e9e. Celui-ci peut \u00eatre copi\u00e9 \u00e0 partir de n\u2019importe quel sp\u00e9cialiste des cl\u00e9s sur la base d\u2019une cl\u00e9 originale.<\/p>\n<p>Ensemble id\u00e9al en remplacement d\u2019une cl\u00e9 endommag\u00e9e existante.<\/p>\n<p>OEM FIAT 71751563 (\u00e0 titre de r\u00e9f\u00e9rence uniquement, concerne les produits d\u2019imitation apr\u00e8s-vente)<\/p>\n","protected":false},"excerpt":{"rendered":"<p>Cl\u00e9 pliante Fiat Bravo II Tipo II Punto EVO 500L -NOUVEAU- &#8211; Nouvelle cl\u00e9 pliante de rechange (pas d\u2019origine Fiat) pour divers mod\u00e8les Fiat.<\/p>\n","protected":false},"featured_media":52828,"comment_status":"closed","ping_status":"closed","template":"","meta":{"_acf_changed":false},"product_brand":[],"product_cat":[1690,1731],"product_tag":[],"class_list":{"0":"post-65678","1":"product","2":"type-product","3":"status-publish","4":"has-post-thumbnail","6":"product_cat-fiat-fr","7":"product_cat-grande-punto-199-fr","8":"pa_soort-onderdeel-electronique-et-cables","10":"first","11":"instock","12":"taxable","13":"shipping-taxable","14":"purchasable","15":"product-type-simple"},"acf":[],"yoast_head":"<!-- This site is optimized with the Yoast SEO plugin v27.3 - https:\/\/yoast.com\/product\/yoast-seo-wordpress\/ -->\n<title>Cl\u00e9 pliante Fiat Bravo II Tipo II Punto EVO 500L - Turijnmagazijn<\/title>\n<meta name=\"robots\" content=\"index, follow, max-snippet:-1, max-image-preview:large, max-video-preview:-1\" \/>\n<link rel=\"canonical\" href=\"https:\/\/turijnmagazijn.nl\/fr\/produit\/cle-pliante-fiat-bravo-ii-tipo-ii-punto-evo-500l-new\/\" \/>\n<meta property=\"og:locale\" content=\"fr_FR\" \/>\n<meta property=\"og:type\" content=\"article\" \/>\n<meta property=\"og:title\" content=\"Cl\u00e9 pliante Fiat Bravo II Tipo II Punto EVO 500L - Turijnmagazijn\" \/>\n<meta property=\"og:description\" content=\"Cl\u00e9 pliante Fiat Bravo II Tipo II Punto EVO 500L -NOUVEAU- - Nouvelle cl\u00e9 pliante de rechange (pas d\u2019origine Fiat) pour divers mod\u00e8les Fiat.\" \/>\n<meta property=\"og:url\" content=\"https:\/\/turijnmagazijn.nl\/fr\/produit\/cle-pliante-fiat-bravo-ii-tipo-ii-punto-evo-500l-new\/\" \/>\n<meta property=\"og:site_name\" content=\"Turijnmagazijn\" \/>\n<meta property=\"article:publisher\" content=\"https:\/\/www.facebook.com\/turijnmagazijn\" \/>\n<meta property=\"article:modified_time\" content=\"2025-06-17T22:00:12+00:00\" \/>\n<meta property=\"og:image\" content=\"https:\/\/turijnmagazijn.nl\/wp-content\/uploads\/2023\/03\/DN00100104-Klapsleutel-Fiat-Bravo-II-Tipo-II-Punto-EVO-500L-NIEUW-3-800x600-1.jpeg\" \/>\n\t<meta property=\"og:image:width\" content=\"800\" \/>\n\t<meta property=\"og:image:height\" content=\"600\" \/>\n\t<meta property=\"og:image:type\" content=\"image\/jpeg\" \/>\n<meta name=\"twitter:card\" content=\"summary_large_image\" \/>\n<meta name=\"twitter:label1\" content=\"Dur\u00e9e de lecture estim\u00e9e\" \/>\n\t<meta name=\"twitter:data1\" content=\"1 minute\" \/>\n<script type=\"application\/ld+json\" class=\"yoast-schema-graph\">{\"@context\":\"https:\\\/\\\/schema.org\",\"@graph\":[{\"@type\":\"WebPage\",\"@id\":\"https:\\\/\\\/turijnmagazijn.nl\\\/fr\\\/produit\\\/cle-pliante-fiat-bravo-ii-tipo-ii-punto-evo-500l-new\\\/\",\"url\":\"https:\\\/\\\/turijnmagazijn.nl\\\/fr\\\/produit\\\/cle-pliante-fiat-bravo-ii-tipo-ii-punto-evo-500l-new\\\/\",\"name\":\"Cl\u00e9 pliante Fiat Bravo II Tipo II Punto EVO 500L - Turijnmagazijn\",\"isPartOf\":{\"@id\":\"https:\\\/\\\/turijnmagazijn.jumpstone-dev.nl\\\/#website\"},\"primaryImageOfPage\":{\"@id\":\"https:\\\/\\\/turijnmagazijn.nl\\\/fr\\\/produit\\\/cle-pliante-fiat-bravo-ii-tipo-ii-punto-evo-500l-new\\\/#primaryimage\"},\"image\":{\"@id\":\"https:\\\/\\\/turijnmagazijn.nl\\\/fr\\\/produit\\\/cle-pliante-fiat-bravo-ii-tipo-ii-punto-evo-500l-new\\\/#primaryimage\"},\"thumbnailUrl\":\"https:\\\/\\\/turijnmagazijn.nl\\\/wp-content\\\/uploads\\\/2023\\\/03\\\/DN00100104-Klapsleutel-Fiat-Bravo-II-Tipo-II-Punto-EVO-500L-NIEUW-3-800x600-1.jpeg\",\"datePublished\":\"2023-03-03T07:48:27+00:00\",\"dateModified\":\"2025-06-17T22:00:12+00:00\",\"breadcrumb\":{\"@id\":\"https:\\\/\\\/turijnmagazijn.nl\\\/fr\\\/produit\\\/cle-pliante-fiat-bravo-ii-tipo-ii-punto-evo-500l-new\\\/#breadcrumb\"},\"inLanguage\":\"fr-FR\",\"potentialAction\":[{\"@type\":\"ReadAction\",\"target\":[\"https:\\\/\\\/turijnmagazijn.nl\\\/fr\\\/produit\\\/cle-pliante-fiat-bravo-ii-tipo-ii-punto-evo-500l-new\\\/\"]}]},{\"@type\":\"ImageObject\",\"inLanguage\":\"fr-FR\",\"@id\":\"https:\\\/\\\/turijnmagazijn.nl\\\/fr\\\/produit\\\/cle-pliante-fiat-bravo-ii-tipo-ii-punto-evo-500l-new\\\/#primaryimage\",\"url\":\"https:\\\/\\\/turijnmagazijn.nl\\\/wp-content\\\/uploads\\\/2023\\\/03\\\/DN00100104-Klapsleutel-Fiat-Bravo-II-Tipo-II-Punto-EVO-500L-NIEUW-3-800x600-1.jpeg\",\"contentUrl\":\"https:\\\/\\\/turijnmagazijn.nl\\\/wp-content\\\/uploads\\\/2023\\\/03\\\/DN00100104-Klapsleutel-Fiat-Bravo-II-Tipo-II-Punto-EVO-500L-NIEUW-3-800x600-1.jpeg\",\"width\":800,\"height\":600},{\"@type\":\"BreadcrumbList\",\"@id\":\"https:\\\/\\\/turijnmagazijn.nl\\\/fr\\\/produit\\\/cle-pliante-fiat-bravo-ii-tipo-ii-punto-evo-500l-new\\\/#breadcrumb\",\"itemListElement\":[{\"@type\":\"ListItem\",\"position\":1,\"name\":\"Home\",\"item\":\"https:\\\/\\\/turijnmagazijn.nl\\\/fr\\\/\"},{\"@type\":\"ListItem\",\"position\":2,\"name\":\"Produits\",\"item\":\"https:\\\/\\\/turijnmagazijn.nl\\\/fr\\\/shop\\\/\"},{\"@type\":\"ListItem\",\"position\":3,\"name\":\"Cl\u00e9 pliante Fiat Bravo II Tipo II Punto EVO 500L\"}]},{\"@type\":\"WebSite\",\"@id\":\"https:\\\/\\\/turijnmagazijn.jumpstone-dev.nl\\\/#website\",\"url\":\"https:\\\/\\\/turijnmagazijn.jumpstone-dev.nl\\\/\",\"name\":\"Turijnmagazijn\",\"description\":\"Onderdelen nieuw en gebruikt - Fiat &amp; Lancia\",\"publisher\":{\"@id\":\"https:\\\/\\\/turijnmagazijn.jumpstone-dev.nl\\\/#organization\"},\"potentialAction\":[{\"@type\":\"SearchAction\",\"target\":{\"@type\":\"EntryPoint\",\"urlTemplate\":\"https:\\\/\\\/turijnmagazijn.jumpstone-dev.nl\\\/?s={search_term_string}\"},\"query-input\":{\"@type\":\"PropertyValueSpecification\",\"valueRequired\":true,\"valueName\":\"search_term_string\"}}],\"inLanguage\":\"fr-FR\"},{\"@type\":\"Organization\",\"@id\":\"https:\\\/\\\/turijnmagazijn.jumpstone-dev.nl\\\/#organization\",\"name\":\"Turijnmagazijn\",\"url\":\"https:\\\/\\\/turijnmagazijn.jumpstone-dev.nl\\\/\",\"logo\":{\"@type\":\"ImageObject\",\"inLanguage\":\"fr-FR\",\"@id\":\"https:\\\/\\\/turijnmagazijn.jumpstone-dev.nl\\\/#\\\/schema\\\/logo\\\/image\\\/\",\"url\":\"https:\\\/\\\/turijnmagazijn.nl\\\/wp-content\\\/uploads\\\/2021\\\/02\\\/turijnmagazijnlogo.png\",\"contentUrl\":\"https:\\\/\\\/turijnmagazijn.nl\\\/wp-content\\\/uploads\\\/2021\\\/02\\\/turijnmagazijnlogo.png\",\"width\":555,\"height\":270,\"caption\":\"Turijnmagazijn\"},\"image\":{\"@id\":\"https:\\\/\\\/turijnmagazijn.jumpstone-dev.nl\\\/#\\\/schema\\\/logo\\\/image\\\/\"},\"sameAs\":[\"https:\\\/\\\/www.facebook.com\\\/turijnmagazijn\"]}]}<\/script>\n<!-- \/ Yoast SEO plugin. -->","yoast_head_json":{"title":"Cl\u00e9 pliante Fiat Bravo II Tipo II Punto EVO 500L - Turijnmagazijn","robots":{"index":"index","follow":"follow","max-snippet":"max-snippet:-1","max-image-preview":"max-image-preview:large","max-video-preview":"max-video-preview:-1"},"canonical":"https:\/\/turijnmagazijn.nl\/fr\/produit\/cle-pliante-fiat-bravo-ii-tipo-ii-punto-evo-500l-new\/","og_locale":"fr_FR","og_type":"article","og_title":"Cl\u00e9 pliante Fiat Bravo II Tipo II Punto EVO 500L - Turijnmagazijn","og_description":"Cl\u00e9 pliante Fiat Bravo II Tipo II Punto EVO 500L -NOUVEAU- - Nouvelle cl\u00e9 pliante de rechange (pas d\u2019origine Fiat) pour divers mod\u00e8les Fiat.","og_url":"https:\/\/turijnmagazijn.nl\/fr\/produit\/cle-pliante-fiat-bravo-ii-tipo-ii-punto-evo-500l-new\/","og_site_name":"Turijnmagazijn","article_publisher":"https:\/\/www.facebook.com\/turijnmagazijn","article_modified_time":"2025-06-17T22:00:12+00:00","og_image":[{"width":800,"height":600,"url":"https:\/\/turijnmagazijn.nl\/wp-content\/uploads\/2023\/03\/DN00100104-Klapsleutel-Fiat-Bravo-II-Tipo-II-Punto-EVO-500L-NIEUW-3-800x600-1.jpeg","type":"image\/jpeg"}],"twitter_card":"summary_large_image","twitter_misc":{"Dur\u00e9e de lecture estim\u00e9e":"1 minute"},"schema":{"@context":"https:\/\/schema.org","@graph":[{"@type":"WebPage","@id":"https:\/\/turijnmagazijn.nl\/fr\/produit\/cle-pliante-fiat-bravo-ii-tipo-ii-punto-evo-500l-new\/","url":"https:\/\/turijnmagazijn.nl\/fr\/produit\/cle-pliante-fiat-bravo-ii-tipo-ii-punto-evo-500l-new\/","name":"Cl\u00e9 pliante Fiat Bravo II Tipo II Punto EVO 500L - Turijnmagazijn","isPartOf":{"@id":"https:\/\/turijnmagazijn.jumpstone-dev.nl\/#website"},"primaryImageOfPage":{"@id":"https:\/\/turijnmagazijn.nl\/fr\/produit\/cle-pliante-fiat-bravo-ii-tipo-ii-punto-evo-500l-new\/#primaryimage"},"image":{"@id":"https:\/\/turijnmagazijn.nl\/fr\/produit\/cle-pliante-fiat-bravo-ii-tipo-ii-punto-evo-500l-new\/#primaryimage"},"thumbnailUrl":"https:\/\/turijnmagazijn.nl\/wp-content\/uploads\/2023\/03\/DN00100104-Klapsleutel-Fiat-Bravo-II-Tipo-II-Punto-EVO-500L-NIEUW-3-800x600-1.jpeg","datePublished":"2023-03-03T07:48:27+00:00","dateModified":"2025-06-17T22:00:12+00:00","breadcrumb":{"@id":"https:\/\/turijnmagazijn.nl\/fr\/produit\/cle-pliante-fiat-bravo-ii-tipo-ii-punto-evo-500l-new\/#breadcrumb"},"inLanguage":"fr-FR","potentialAction":[{"@type":"ReadAction","target":["https:\/\/turijnmagazijn.nl\/fr\/produit\/cle-pliante-fiat-bravo-ii-tipo-ii-punto-evo-500l-new\/"]}]},{"@type":"ImageObject","inLanguage":"fr-FR","@id":"https:\/\/turijnmagazijn.nl\/fr\/produit\/cle-pliante-fiat-bravo-ii-tipo-ii-punto-evo-500l-new\/#primaryimage","url":"https:\/\/turijnmagazijn.nl\/wp-content\/uploads\/2023\/03\/DN00100104-Klapsleutel-Fiat-Bravo-II-Tipo-II-Punto-EVO-500L-NIEUW-3-800x600-1.jpeg","contentUrl":"https:\/\/turijnmagazijn.nl\/wp-content\/uploads\/2023\/03\/DN00100104-Klapsleutel-Fiat-Bravo-II-Tipo-II-Punto-EVO-500L-NIEUW-3-800x600-1.jpeg","width":800,"height":600},{"@type":"BreadcrumbList","@id":"https:\/\/turijnmagazijn.nl\/fr\/produit\/cle-pliante-fiat-bravo-ii-tipo-ii-punto-evo-500l-new\/#breadcrumb","itemListElement":[{"@type":"ListItem","position":1,"name":"Home","item":"https:\/\/turijnmagazijn.nl\/fr\/"},{"@type":"ListItem","position":2,"name":"Produits","item":"https:\/\/turijnmagazijn.nl\/fr\/shop\/"},{"@type":"ListItem","position":3,"name":"Cl\u00e9 pliante Fiat Bravo II Tipo II Punto EVO 500L"}]},{"@type":"WebSite","@id":"https:\/\/turijnmagazijn.jumpstone-dev.nl\/#website","url":"https:\/\/turijnmagazijn.jumpstone-dev.nl\/","name":"Turijnmagazijn","description":"Onderdelen nieuw en gebruikt - Fiat &amp; Lancia","publisher":{"@id":"https:\/\/turijnmagazijn.jumpstone-dev.nl\/#organization"},"potentialAction":[{"@type":"SearchAction","target":{"@type":"EntryPoint","urlTemplate":"https:\/\/turijnmagazijn.jumpstone-dev.nl\/?s={search_term_string}"},"query-input":{"@type":"PropertyValueSpecification","valueRequired":true,"valueName":"search_term_string"}}],"inLanguage":"fr-FR"},{"@type":"Organization","@id":"https:\/\/turijnmagazijn.jumpstone-dev.nl\/#organization","name":"Turijnmagazijn","url":"https:\/\/turijnmagazijn.jumpstone-dev.nl\/","logo":{"@type":"ImageObject","inLanguage":"fr-FR","@id":"https:\/\/turijnmagazijn.jumpstone-dev.nl\/#\/schema\/logo\/image\/","url":"https:\/\/turijnmagazijn.nl\/wp-content\/uploads\/2021\/02\/turijnmagazijnlogo.png","contentUrl":"https:\/\/turijnmagazijn.nl\/wp-content\/uploads\/2021\/02\/turijnmagazijnlogo.png","width":555,"height":270,"caption":"Turijnmagazijn"},"image":{"@id":"https:\/\/turijnmagazijn.jumpstone-dev.nl\/#\/schema\/logo\/image\/"},"sameAs":["https:\/\/www.facebook.com\/turijnmagazijn"]}]}},"_links":{"self":[{"href":"https:\/\/turijnmagazijn.nl\/fr\/wp-json\/wp\/v2\/product\/65678","targetHints":{"allow":["GET"]}}],"collection":[{"href":"https:\/\/turijnmagazijn.nl\/fr\/wp-json\/wp\/v2\/product"}],"about":[{"href":"https:\/\/turijnmagazijn.nl\/fr\/wp-json\/wp\/v2\/types\/product"}],"replies":[{"embeddable":true,"href":"https:\/\/turijnmagazijn.nl\/fr\/wp-json\/wp\/v2\/comments?post=65678"}],"wp:featuredmedia":[{"embeddable":true,"href":"https:\/\/turijnmagazijn.nl\/fr\/wp-json\/wp\/v2\/media\/52828"}],"wp:attachment":[{"href":"https:\/\/turijnmagazijn.nl\/fr\/wp-json\/wp\/v2\/media?parent=65678"}],"wp:term":[{"taxonomy":"product_brand","embeddable":true,"href":"https:\/\/turijnmagazijn.nl\/fr\/wp-json\/wp\/v2\/product_brand?post=65678"},{"taxonomy":"product_cat","embeddable":true,"href":"https:\/\/turijnmagazijn.nl\/fr\/wp-json\/wp\/v2\/product_cat?post=65678"},{"taxonomy":"product_tag","embeddable":true,"href":"https:\/\/turijnmagazijn.nl\/fr\/wp-json\/wp\/v2\/product_tag?post=65678"}],"curies":[{"name":"wp","href":"https:\/\/api.w.org\/{rel}","templated":true}]}}