{"id":65683,"date":"2023-03-03T08:44:14","date_gmt":"2023-03-03T07:44:14","guid":{"rendered":"https:\/\/turijnmagazijn.nl\/product\/reducteur-dantenne-lancia-fiat-alfa-romeo\/"},"modified":"2023-08-02T22:54:35","modified_gmt":"2023-08-02T20:54:35","slug":"antenne-reducteur-lancia-fiat-alfa-romeo","status":"publish","type":"product","link":"https:\/\/turijnmagazijn.nl\/fr\/produit\/antenne-reducteur-lancia-fiat-alfa-romeo\/","title":{"rendered":"Prise adaptateur antenne Lancia Fiat Alfa Romeo"},"content":{"rendered":"<p>Nouvel \u00e9l\u00e9ment inutilis\u00e9.<\/p>\n<p>adaptateur pour l\u2019autoradio pour convertir le c\u00e2ble d\u2019antenne de l\u2019ISO au DIN. Sur la plupart des Lancia, le c\u00e2ble d\u2019antenne d\u2019origine est \u00e9quip\u00e9 d\u2019une extr\u00e9mit\u00e9 DIN, et pour pouvoir connecter une radio universelle avec une connexion de r\u00e9cepteur radio ISO, cet adaptateur est n\u00e9cessaire.<\/p>\n<p>&nbsp;<\/p>\n<p>&nbsp;<\/p>\n","protected":false},"excerpt":{"rendered":"<p>R\u00e9ducteur d\u2019antenne Lancia Fiat Alfa Romeo &#8211; Nouvel article inutilis\u00e9.<\/p>\n","protected":false},"featured_media":70554,"comment_status":"closed","ping_status":"closed","template":"","meta":{"_acf_changed":false},"product_brand":[],"product_cat":[1606,1609,1650,1582,1865,1841,1690,1636,1860,1798,1873,1752,1763,1870],"product_tag":[],"class_list":{"0":"post-65683","1":"product","2":"type-product","3":"status-publish","4":"has-post-thumbnail","6":"product_cat-147-937-fr","7":"product_cat-155-167-fr","8":"product_cat-166-936-fr","9":"product_cat-alfa-romeo-fr","10":"product_cat-coupe-fr","11":"product_cat-delta-2-836-fr","12":"product_cat-fiat-fr","13":"product_cat-gtv-916-fr","14":"product_cat-kappa-838-fr","15":"product_cat-lancia-fr","16":"product_cat-lybra-839-fr","17":"product_cat-punto-2-188-fr","18":"product_cat-stilo-192-fr","19":"product_cat-sw-fr","20":"pa_soort-onderdeel-moteur-et-accessoires","22":"first","23":"instock","24":"taxable","25":"shipping-taxable","26":"purchasable","27":"product-type-simple"},"acf":[],"yoast_head":"<!-- This site is optimized with the Yoast SEO plugin v27.2 - https:\/\/yoast.com\/product\/yoast-seo-wordpress\/ -->\n<title>Prise adaptateur antenne Lancia Fiat Alfa Romeo - Turijnmagazijn<\/title>\n<meta name=\"robots\" content=\"index, follow, max-snippet:-1, max-image-preview:large, max-video-preview:-1\" \/>\n<link rel=\"canonical\" href=\"https:\/\/turijnmagazijn.nl\/fr\/produit\/antenne-reducteur-lancia-fiat-alfa-romeo\/\" \/>\n<meta property=\"og:locale\" content=\"fr_FR\" \/>\n<meta property=\"og:type\" content=\"article\" \/>\n<meta property=\"og:title\" content=\"Prise adaptateur antenne Lancia Fiat Alfa Romeo - Turijnmagazijn\" \/>\n<meta property=\"og:description\" content=\"R\u00e9ducteur d\u2019antenne Lancia Fiat Alfa Romeo - Nouvel article inutilis\u00e9.\" \/>\n<meta property=\"og:url\" content=\"https:\/\/turijnmagazijn.nl\/fr\/produit\/antenne-reducteur-lancia-fiat-alfa-romeo\/\" \/>\n<meta property=\"og:site_name\" content=\"Turijnmagazijn\" \/>\n<meta property=\"article:publisher\" content=\"https:\/\/www.facebook.com\/turijnmagazijn\" \/>\n<meta property=\"article:modified_time\" content=\"2023-08-02T20:54:35+00:00\" \/>\n<meta property=\"og:image\" content=\"https:\/\/turijnmagazijn.nl\/wp-content\/uploads\/2023\/03\/DN0100063-Verloopstekker-radio-antenne-Lancia-Fita-Alfa-Romeo-2.jpeg\" \/>\n\t<meta property=\"og:image:width\" content=\"1449\" \/>\n\t<meta property=\"og:image:height\" content=\"1099\" \/>\n\t<meta property=\"og:image:type\" content=\"image\/jpeg\" \/>\n<meta name=\"twitter:card\" content=\"summary_large_image\" \/>\n<script type=\"application\/ld+json\" class=\"yoast-schema-graph\">{\"@context\":\"https:\/\/schema.org\",\"@graph\":[{\"@type\":\"WebPage\",\"@id\":\"https:\/\/turijnmagazijn.nl\/fr\/produit\/antenne-reducteur-lancia-fiat-alfa-romeo\/\",\"url\":\"https:\/\/turijnmagazijn.nl\/fr\/produit\/antenne-reducteur-lancia-fiat-alfa-romeo\/\",\"name\":\"Prise adaptateur antenne Lancia Fiat Alfa Romeo - Turijnmagazijn\",\"isPartOf\":{\"@id\":\"https:\/\/turijnmagazijn.jumpstone-dev.nl\/#website\"},\"primaryImageOfPage\":{\"@id\":\"https:\/\/turijnmagazijn.nl\/fr\/produit\/antenne-reducteur-lancia-fiat-alfa-romeo\/#primaryimage\"},\"image\":{\"@id\":\"https:\/\/turijnmagazijn.nl\/fr\/produit\/antenne-reducteur-lancia-fiat-alfa-romeo\/#primaryimage\"},\"thumbnailUrl\":\"https:\/\/turijnmagazijn.nl\/wp-content\/uploads\/2023\/03\/DN0100063-Verloopstekker-radio-antenne-Lancia-Fita-Alfa-Romeo-2.jpeg\",\"datePublished\":\"2023-03-03T07:44:14+00:00\",\"dateModified\":\"2023-08-02T20:54:35+00:00\",\"breadcrumb\":{\"@id\":\"https:\/\/turijnmagazijn.nl\/fr\/produit\/antenne-reducteur-lancia-fiat-alfa-romeo\/#breadcrumb\"},\"inLanguage\":\"fr-FR\",\"potentialAction\":[{\"@type\":\"ReadAction\",\"target\":[\"https:\/\/turijnmagazijn.nl\/fr\/produit\/antenne-reducteur-lancia-fiat-alfa-romeo\/\"]}]},{\"@type\":\"ImageObject\",\"inLanguage\":\"fr-FR\",\"@id\":\"https:\/\/turijnmagazijn.nl\/fr\/produit\/antenne-reducteur-lancia-fiat-alfa-romeo\/#primaryimage\",\"url\":\"https:\/\/turijnmagazijn.nl\/wp-content\/uploads\/2023\/03\/DN0100063-Verloopstekker-radio-antenne-Lancia-Fita-Alfa-Romeo-2.jpeg\",\"contentUrl\":\"https:\/\/turijnmagazijn.nl\/wp-content\/uploads\/2023\/03\/DN0100063-Verloopstekker-radio-antenne-Lancia-Fita-Alfa-Romeo-2.jpeg\",\"width\":1449,\"height\":1099},{\"@type\":\"BreadcrumbList\",\"@id\":\"https:\/\/turijnmagazijn.nl\/fr\/produit\/antenne-reducteur-lancia-fiat-alfa-romeo\/#breadcrumb\",\"itemListElement\":[{\"@type\":\"ListItem\",\"position\":1,\"name\":\"Home\",\"item\":\"https:\/\/turijnmagazijn.nl\/fr\/\"},{\"@type\":\"ListItem\",\"position\":2,\"name\":\"Produits\",\"item\":\"https:\/\/turijnmagazijn.nl\/fr\/shop\/\"},{\"@type\":\"ListItem\",\"position\":3,\"name\":\"Prise adaptateur antenne Lancia Fiat Alfa Romeo\"}]},{\"@type\":\"WebSite\",\"@id\":\"https:\/\/turijnmagazijn.jumpstone-dev.nl\/#website\",\"url\":\"https:\/\/turijnmagazijn.jumpstone-dev.nl\/\",\"name\":\"Turijnmagazijn\",\"description\":\"Onderdelen nieuw en gebruikt - Fiat &amp; Lancia\",\"publisher\":{\"@id\":\"https:\/\/turijnmagazijn.jumpstone-dev.nl\/#organization\"},\"potentialAction\":[{\"@type\":\"SearchAction\",\"target\":{\"@type\":\"EntryPoint\",\"urlTemplate\":\"https:\/\/turijnmagazijn.jumpstone-dev.nl\/?s={search_term_string}\"},\"query-input\":{\"@type\":\"PropertyValueSpecification\",\"valueRequired\":true,\"valueName\":\"search_term_string\"}}],\"inLanguage\":\"fr-FR\"},{\"@type\":\"Organization\",\"@id\":\"https:\/\/turijnmagazijn.jumpstone-dev.nl\/#organization\",\"name\":\"Turijnmagazijn\",\"url\":\"https:\/\/turijnmagazijn.jumpstone-dev.nl\/\",\"logo\":{\"@type\":\"ImageObject\",\"inLanguage\":\"fr-FR\",\"@id\":\"https:\/\/turijnmagazijn.jumpstone-dev.nl\/#\/schema\/logo\/image\/\",\"url\":\"https:\/\/turijnmagazijn.nl\/wp-content\/uploads\/2021\/02\/turijnmagazijnlogo.png\",\"contentUrl\":\"https:\/\/turijnmagazijn.nl\/wp-content\/uploads\/2021\/02\/turijnmagazijnlogo.png\",\"width\":555,\"height\":270,\"caption\":\"Turijnmagazijn\"},\"image\":{\"@id\":\"https:\/\/turijnmagazijn.jumpstone-dev.nl\/#\/schema\/logo\/image\/\"},\"sameAs\":[\"https:\/\/www.facebook.com\/turijnmagazijn\"]}]}<\/script>\n<!-- \/ Yoast SEO plugin. -->","yoast_head_json":{"title":"Prise adaptateur antenne Lancia Fiat Alfa Romeo - Turijnmagazijn","robots":{"index":"index","follow":"follow","max-snippet":"max-snippet:-1","max-image-preview":"max-image-preview:large","max-video-preview":"max-video-preview:-1"},"canonical":"https:\/\/turijnmagazijn.nl\/fr\/produit\/antenne-reducteur-lancia-fiat-alfa-romeo\/","og_locale":"fr_FR","og_type":"article","og_title":"Prise adaptateur antenne Lancia Fiat Alfa Romeo - Turijnmagazijn","og_description":"R\u00e9ducteur d\u2019antenne Lancia Fiat Alfa Romeo - Nouvel article inutilis\u00e9.","og_url":"https:\/\/turijnmagazijn.nl\/fr\/produit\/antenne-reducteur-lancia-fiat-alfa-romeo\/","og_site_name":"Turijnmagazijn","article_publisher":"https:\/\/www.facebook.com\/turijnmagazijn","article_modified_time":"2023-08-02T20:54:35+00:00","og_image":[{"width":1449,"height":1099,"url":"https:\/\/turijnmagazijn.nl\/wp-content\/uploads\/2023\/03\/DN0100063-Verloopstekker-radio-antenne-Lancia-Fita-Alfa-Romeo-2.jpeg","type":"image\/jpeg"}],"twitter_card":"summary_large_image","schema":{"@context":"https:\/\/schema.org","@graph":[{"@type":"WebPage","@id":"https:\/\/turijnmagazijn.nl\/fr\/produit\/antenne-reducteur-lancia-fiat-alfa-romeo\/","url":"https:\/\/turijnmagazijn.nl\/fr\/produit\/antenne-reducteur-lancia-fiat-alfa-romeo\/","name":"Prise adaptateur antenne Lancia Fiat Alfa Romeo - Turijnmagazijn","isPartOf":{"@id":"https:\/\/turijnmagazijn.jumpstone-dev.nl\/#website"},"primaryImageOfPage":{"@id":"https:\/\/turijnmagazijn.nl\/fr\/produit\/antenne-reducteur-lancia-fiat-alfa-romeo\/#primaryimage"},"image":{"@id":"https:\/\/turijnmagazijn.nl\/fr\/produit\/antenne-reducteur-lancia-fiat-alfa-romeo\/#primaryimage"},"thumbnailUrl":"https:\/\/turijnmagazijn.nl\/wp-content\/uploads\/2023\/03\/DN0100063-Verloopstekker-radio-antenne-Lancia-Fita-Alfa-Romeo-2.jpeg","datePublished":"2023-03-03T07:44:14+00:00","dateModified":"2023-08-02T20:54:35+00:00","breadcrumb":{"@id":"https:\/\/turijnmagazijn.nl\/fr\/produit\/antenne-reducteur-lancia-fiat-alfa-romeo\/#breadcrumb"},"inLanguage":"fr-FR","potentialAction":[{"@type":"ReadAction","target":["https:\/\/turijnmagazijn.nl\/fr\/produit\/antenne-reducteur-lancia-fiat-alfa-romeo\/"]}]},{"@type":"ImageObject","inLanguage":"fr-FR","@id":"https:\/\/turijnmagazijn.nl\/fr\/produit\/antenne-reducteur-lancia-fiat-alfa-romeo\/#primaryimage","url":"https:\/\/turijnmagazijn.nl\/wp-content\/uploads\/2023\/03\/DN0100063-Verloopstekker-radio-antenne-Lancia-Fita-Alfa-Romeo-2.jpeg","contentUrl":"https:\/\/turijnmagazijn.nl\/wp-content\/uploads\/2023\/03\/DN0100063-Verloopstekker-radio-antenne-Lancia-Fita-Alfa-Romeo-2.jpeg","width":1449,"height":1099},{"@type":"BreadcrumbList","@id":"https:\/\/turijnmagazijn.nl\/fr\/produit\/antenne-reducteur-lancia-fiat-alfa-romeo\/#breadcrumb","itemListElement":[{"@type":"ListItem","position":1,"name":"Home","item":"https:\/\/turijnmagazijn.nl\/fr\/"},{"@type":"ListItem","position":2,"name":"Produits","item":"https:\/\/turijnmagazijn.nl\/fr\/shop\/"},{"@type":"ListItem","position":3,"name":"Prise adaptateur antenne Lancia Fiat Alfa Romeo"}]},{"@type":"WebSite","@id":"https:\/\/turijnmagazijn.jumpstone-dev.nl\/#website","url":"https:\/\/turijnmagazijn.jumpstone-dev.nl\/","name":"Turijnmagazijn","description":"Onderdelen nieuw en gebruikt - Fiat &amp; Lancia","publisher":{"@id":"https:\/\/turijnmagazijn.jumpstone-dev.nl\/#organization"},"potentialAction":[{"@type":"SearchAction","target":{"@type":"EntryPoint","urlTemplate":"https:\/\/turijnmagazijn.jumpstone-dev.nl\/?s={search_term_string}"},"query-input":{"@type":"PropertyValueSpecification","valueRequired":true,"valueName":"search_term_string"}}],"inLanguage":"fr-FR"},{"@type":"Organization","@id":"https:\/\/turijnmagazijn.jumpstone-dev.nl\/#organization","name":"Turijnmagazijn","url":"https:\/\/turijnmagazijn.jumpstone-dev.nl\/","logo":{"@type":"ImageObject","inLanguage":"fr-FR","@id":"https:\/\/turijnmagazijn.jumpstone-dev.nl\/#\/schema\/logo\/image\/","url":"https:\/\/turijnmagazijn.nl\/wp-content\/uploads\/2021\/02\/turijnmagazijnlogo.png","contentUrl":"https:\/\/turijnmagazijn.nl\/wp-content\/uploads\/2021\/02\/turijnmagazijnlogo.png","width":555,"height":270,"caption":"Turijnmagazijn"},"image":{"@id":"https:\/\/turijnmagazijn.jumpstone-dev.nl\/#\/schema\/logo\/image\/"},"sameAs":["https:\/\/www.facebook.com\/turijnmagazijn"]}]}},"_links":{"self":[{"href":"https:\/\/turijnmagazijn.nl\/fr\/wp-json\/wp\/v2\/product\/65683","targetHints":{"allow":["GET"]}}],"collection":[{"href":"https:\/\/turijnmagazijn.nl\/fr\/wp-json\/wp\/v2\/product"}],"about":[{"href":"https:\/\/turijnmagazijn.nl\/fr\/wp-json\/wp\/v2\/types\/product"}],"replies":[{"embeddable":true,"href":"https:\/\/turijnmagazijn.nl\/fr\/wp-json\/wp\/v2\/comments?post=65683"}],"wp:featuredmedia":[{"embeddable":true,"href":"https:\/\/turijnmagazijn.nl\/fr\/wp-json\/wp\/v2\/media\/70554"}],"wp:attachment":[{"href":"https:\/\/turijnmagazijn.nl\/fr\/wp-json\/wp\/v2\/media?parent=65683"}],"wp:term":[{"taxonomy":"product_brand","embeddable":true,"href":"https:\/\/turijnmagazijn.nl\/fr\/wp-json\/wp\/v2\/product_brand?post=65683"},{"taxonomy":"product_cat","embeddable":true,"href":"https:\/\/turijnmagazijn.nl\/fr\/wp-json\/wp\/v2\/product_cat?post=65683"},{"taxonomy":"product_tag","embeddable":true,"href":"https:\/\/turijnmagazijn.nl\/fr\/wp-json\/wp\/v2\/product_tag?post=65683"}],"curies":[{"name":"wp","href":"https:\/\/api.w.org\/{rel}","templated":true}]}}