{"id":65698,"date":"2023-03-03T09:43:50","date_gmt":"2023-03-03T08:43:50","guid":{"rendered":"https:\/\/turijnmagazijn.nl\/product\/differentiel-avant-de-tuyau-dhuile-banjo-bolt-lancia-delta-integrale\/"},"modified":"2024-11-01T22:26:28","modified_gmt":"2024-11-01T21:26:28","slug":"banjo-boulon-huile-tuyau-avant-differentiel-lancia-delta-integrale","status":"publish","type":"product","link":"https:\/\/turijnmagazijn.nl\/fr\/produit\/banjo-boulon-huile-tuyau-avant-differentiel-lancia-delta-integrale\/","title":{"rendered":"Diff\u00e9rentiel avant de tuyau d\u2019huile Banjo-bolt Lancia Delta Integrale"},"content":{"rendered":"<p>Nouvelle interdiction pour ol\u00e9oduc sur diff\u00e9rentiel avant pour Lancia Delta Integrale tous types.<\/p>\n<p>Concerne un nouveau boulon d\u2019origine. Ce boulon est appliqu\u00e9 \u00e0 la ligne de liaison entre le diff\u00e9rentiel et la bo\u00eete de vitesses.<\/p>\n<p>Pi\u00e8ce num\u00e9ro 3 sur le dessin technique du dessin EPER num\u00e9ro 1040201003 concernant l&rsquo;application sur la Lancia Delta Integrale. 2 pi\u00e8ces de cette pi\u00e8ce sont n\u00e9cessaires par voiture. <\/p>\n<p>Lancia OEM 10184411<\/p>\n","protected":false},"excerpt":{"rendered":"<p>10184411 Diff\u00e9rentiel avant de tuyau d\u2019huile de boulon Banjo Lancia Delta Integrale &#8211; Nouveau banjobout pour le diff\u00e9rentiel de tuyau d\u2019huile \u00e0 diff\u00e9rentiel avant pour Lancia Delta Integrale tous types.<\/p>\n","protected":false},"featured_media":52176,"comment_status":"closed","ping_status":"closed","template":"","meta":{"_acf_changed":false},"product_brand":[],"product_cat":[1846,1851,1862,1865,1719,1806,1841,1690,1825,1836,1830,1838,1860,1798],"product_tag":[],"class_list":{"0":"post-65698","1":"product","2":"type-product","3":"status-publish","4":"has-post-thumbnail","6":"product_cat-3-deurs-hpe-fr","7":"product_cat-5-deurs-fr","8":"product_cat-berlina-fr","9":"product_cat-coupe-fr","10":"product_cat-coupe-175-fr","11":"product_cat-delta-1-831-fr","12":"product_cat-delta-2-836-fr","13":"product_cat-fiat-fr","14":"product_cat-hf-turbo-fr","15":"product_cat-integrale-16v-fr","16":"product_cat-integrale-8v-fr","17":"product_cat-integrale-evo-fr","18":"product_cat-kappa-838-fr","19":"product_cat-lancia-fr","20":"pa_soort-onderdeel-systemes-de-carburant","22":"first","23":"instock","24":"taxable","25":"shipping-taxable","26":"purchasable","27":"product-type-simple"},"acf":[],"yoast_head":"<!-- This site is optimized with the Yoast SEO plugin v27.3 - https:\/\/yoast.com\/product\/yoast-seo-wordpress\/ -->\n<title>Diff\u00e9rentiel avant de tuyau d\u2019huile Banjo-bolt Lancia Delta Integrale - Turijnmagazijn<\/title>\n<meta name=\"robots\" content=\"index, follow, max-snippet:-1, max-image-preview:large, max-video-preview:-1\" \/>\n<link rel=\"canonical\" href=\"https:\/\/turijnmagazijn.nl\/fr\/produit\/banjo-boulon-huile-tuyau-avant-differentiel-lancia-delta-integrale\/\" \/>\n<meta property=\"og:locale\" content=\"fr_FR\" \/>\n<meta property=\"og:type\" content=\"article\" \/>\n<meta property=\"og:title\" content=\"Diff\u00e9rentiel avant de tuyau d\u2019huile Banjo-bolt Lancia Delta Integrale - Turijnmagazijn\" \/>\n<meta property=\"og:description\" content=\"10184411 Diff\u00e9rentiel avant de tuyau d\u2019huile de boulon Banjo Lancia Delta Integrale - Nouveau banjobout pour le diff\u00e9rentiel de tuyau d\u2019huile \u00e0 diff\u00e9rentiel avant pour Lancia Delta Integrale tous types.\" \/>\n<meta property=\"og:url\" content=\"https:\/\/turijnmagazijn.nl\/fr\/produit\/banjo-boulon-huile-tuyau-avant-differentiel-lancia-delta-integrale\/\" \/>\n<meta property=\"og:site_name\" content=\"Turijnmagazijn\" \/>\n<meta property=\"article:publisher\" content=\"https:\/\/www.facebook.com\/turijnmagazijn\" \/>\n<meta property=\"article:modified_time\" content=\"2024-11-01T21:26:28+00:00\" \/>\n<meta property=\"og:image\" content=\"https:\/\/turijnmagazijn.nl\/wp-content\/uploads\/2023\/03\/DN00100056_Banjo-bout_olie-leiding_front_differentieel_Lancia_Delta_Integrale_4-1.jpg\" \/>\n\t<meta property=\"og:image:width\" content=\"800\" \/>\n\t<meta property=\"og:image:height\" content=\"600\" \/>\n\t<meta property=\"og:image:type\" content=\"image\/jpeg\" \/>\n<meta name=\"twitter:card\" content=\"summary_large_image\" \/>\n<script type=\"application\/ld+json\" class=\"yoast-schema-graph\">{\"@context\":\"https:\\\/\\\/schema.org\",\"@graph\":[{\"@type\":\"WebPage\",\"@id\":\"https:\\\/\\\/turijnmagazijn.nl\\\/fr\\\/produit\\\/banjo-boulon-huile-tuyau-avant-differentiel-lancia-delta-integrale\\\/\",\"url\":\"https:\\\/\\\/turijnmagazijn.nl\\\/fr\\\/produit\\\/banjo-boulon-huile-tuyau-avant-differentiel-lancia-delta-integrale\\\/\",\"name\":\"Diff\u00e9rentiel avant de tuyau d\u2019huile Banjo-bolt Lancia Delta Integrale - Turijnmagazijn\",\"isPartOf\":{\"@id\":\"https:\\\/\\\/turijnmagazijn.jumpstone-dev.nl\\\/#website\"},\"primaryImageOfPage\":{\"@id\":\"https:\\\/\\\/turijnmagazijn.nl\\\/fr\\\/produit\\\/banjo-boulon-huile-tuyau-avant-differentiel-lancia-delta-integrale\\\/#primaryimage\"},\"image\":{\"@id\":\"https:\\\/\\\/turijnmagazijn.nl\\\/fr\\\/produit\\\/banjo-boulon-huile-tuyau-avant-differentiel-lancia-delta-integrale\\\/#primaryimage\"},\"thumbnailUrl\":\"https:\\\/\\\/turijnmagazijn.nl\\\/wp-content\\\/uploads\\\/2023\\\/03\\\/DN00100056_Banjo-bout_olie-leiding_front_differentieel_Lancia_Delta_Integrale_4-1.jpg\",\"datePublished\":\"2023-03-03T08:43:50+00:00\",\"dateModified\":\"2024-11-01T21:26:28+00:00\",\"breadcrumb\":{\"@id\":\"https:\\\/\\\/turijnmagazijn.nl\\\/fr\\\/produit\\\/banjo-boulon-huile-tuyau-avant-differentiel-lancia-delta-integrale\\\/#breadcrumb\"},\"inLanguage\":\"fr-FR\",\"potentialAction\":[{\"@type\":\"ReadAction\",\"target\":[\"https:\\\/\\\/turijnmagazijn.nl\\\/fr\\\/produit\\\/banjo-boulon-huile-tuyau-avant-differentiel-lancia-delta-integrale\\\/\"]}]},{\"@type\":\"ImageObject\",\"inLanguage\":\"fr-FR\",\"@id\":\"https:\\\/\\\/turijnmagazijn.nl\\\/fr\\\/produit\\\/banjo-boulon-huile-tuyau-avant-differentiel-lancia-delta-integrale\\\/#primaryimage\",\"url\":\"https:\\\/\\\/turijnmagazijn.nl\\\/wp-content\\\/uploads\\\/2023\\\/03\\\/DN00100056_Banjo-bout_olie-leiding_front_differentieel_Lancia_Delta_Integrale_4-1.jpg\",\"contentUrl\":\"https:\\\/\\\/turijnmagazijn.nl\\\/wp-content\\\/uploads\\\/2023\\\/03\\\/DN00100056_Banjo-bout_olie-leiding_front_differentieel_Lancia_Delta_Integrale_4-1.jpg\",\"width\":800,\"height\":600},{\"@type\":\"BreadcrumbList\",\"@id\":\"https:\\\/\\\/turijnmagazijn.nl\\\/fr\\\/produit\\\/banjo-boulon-huile-tuyau-avant-differentiel-lancia-delta-integrale\\\/#breadcrumb\",\"itemListElement\":[{\"@type\":\"ListItem\",\"position\":1,\"name\":\"Home\",\"item\":\"https:\\\/\\\/turijnmagazijn.nl\\\/fr\\\/\"},{\"@type\":\"ListItem\",\"position\":2,\"name\":\"Produits\",\"item\":\"https:\\\/\\\/turijnmagazijn.nl\\\/fr\\\/shop\\\/\"},{\"@type\":\"ListItem\",\"position\":3,\"name\":\"Diff\u00e9rentiel avant de tuyau d\u2019huile Banjo-bolt Lancia Delta Integrale\"}]},{\"@type\":\"WebSite\",\"@id\":\"https:\\\/\\\/turijnmagazijn.jumpstone-dev.nl\\\/#website\",\"url\":\"https:\\\/\\\/turijnmagazijn.jumpstone-dev.nl\\\/\",\"name\":\"Turijnmagazijn\",\"description\":\"Onderdelen nieuw en gebruikt - Fiat &amp; Lancia\",\"publisher\":{\"@id\":\"https:\\\/\\\/turijnmagazijn.jumpstone-dev.nl\\\/#organization\"},\"potentialAction\":[{\"@type\":\"SearchAction\",\"target\":{\"@type\":\"EntryPoint\",\"urlTemplate\":\"https:\\\/\\\/turijnmagazijn.jumpstone-dev.nl\\\/?s={search_term_string}\"},\"query-input\":{\"@type\":\"PropertyValueSpecification\",\"valueRequired\":true,\"valueName\":\"search_term_string\"}}],\"inLanguage\":\"fr-FR\"},{\"@type\":\"Organization\",\"@id\":\"https:\\\/\\\/turijnmagazijn.jumpstone-dev.nl\\\/#organization\",\"name\":\"Turijnmagazijn\",\"url\":\"https:\\\/\\\/turijnmagazijn.jumpstone-dev.nl\\\/\",\"logo\":{\"@type\":\"ImageObject\",\"inLanguage\":\"fr-FR\",\"@id\":\"https:\\\/\\\/turijnmagazijn.jumpstone-dev.nl\\\/#\\\/schema\\\/logo\\\/image\\\/\",\"url\":\"https:\\\/\\\/turijnmagazijn.nl\\\/wp-content\\\/uploads\\\/2021\\\/02\\\/turijnmagazijnlogo.png\",\"contentUrl\":\"https:\\\/\\\/turijnmagazijn.nl\\\/wp-content\\\/uploads\\\/2021\\\/02\\\/turijnmagazijnlogo.png\",\"width\":555,\"height\":270,\"caption\":\"Turijnmagazijn\"},\"image\":{\"@id\":\"https:\\\/\\\/turijnmagazijn.jumpstone-dev.nl\\\/#\\\/schema\\\/logo\\\/image\\\/\"},\"sameAs\":[\"https:\\\/\\\/www.facebook.com\\\/turijnmagazijn\"]}]}<\/script>\n<!-- \/ Yoast SEO plugin. -->","yoast_head_json":{"title":"Diff\u00e9rentiel avant de tuyau d\u2019huile Banjo-bolt Lancia Delta Integrale - Turijnmagazijn","robots":{"index":"index","follow":"follow","max-snippet":"max-snippet:-1","max-image-preview":"max-image-preview:large","max-video-preview":"max-video-preview:-1"},"canonical":"https:\/\/turijnmagazijn.nl\/fr\/produit\/banjo-boulon-huile-tuyau-avant-differentiel-lancia-delta-integrale\/","og_locale":"fr_FR","og_type":"article","og_title":"Diff\u00e9rentiel avant de tuyau d\u2019huile Banjo-bolt Lancia Delta Integrale - Turijnmagazijn","og_description":"10184411 Diff\u00e9rentiel avant de tuyau d\u2019huile de boulon Banjo Lancia Delta Integrale - Nouveau banjobout pour le diff\u00e9rentiel de tuyau d\u2019huile \u00e0 diff\u00e9rentiel avant pour Lancia Delta Integrale tous types.","og_url":"https:\/\/turijnmagazijn.nl\/fr\/produit\/banjo-boulon-huile-tuyau-avant-differentiel-lancia-delta-integrale\/","og_site_name":"Turijnmagazijn","article_publisher":"https:\/\/www.facebook.com\/turijnmagazijn","article_modified_time":"2024-11-01T21:26:28+00:00","og_image":[{"width":800,"height":600,"url":"https:\/\/turijnmagazijn.nl\/wp-content\/uploads\/2023\/03\/DN00100056_Banjo-bout_olie-leiding_front_differentieel_Lancia_Delta_Integrale_4-1.jpg","type":"image\/jpeg"}],"twitter_card":"summary_large_image","schema":{"@context":"https:\/\/schema.org","@graph":[{"@type":"WebPage","@id":"https:\/\/turijnmagazijn.nl\/fr\/produit\/banjo-boulon-huile-tuyau-avant-differentiel-lancia-delta-integrale\/","url":"https:\/\/turijnmagazijn.nl\/fr\/produit\/banjo-boulon-huile-tuyau-avant-differentiel-lancia-delta-integrale\/","name":"Diff\u00e9rentiel avant de tuyau d\u2019huile Banjo-bolt Lancia Delta Integrale - Turijnmagazijn","isPartOf":{"@id":"https:\/\/turijnmagazijn.jumpstone-dev.nl\/#website"},"primaryImageOfPage":{"@id":"https:\/\/turijnmagazijn.nl\/fr\/produit\/banjo-boulon-huile-tuyau-avant-differentiel-lancia-delta-integrale\/#primaryimage"},"image":{"@id":"https:\/\/turijnmagazijn.nl\/fr\/produit\/banjo-boulon-huile-tuyau-avant-differentiel-lancia-delta-integrale\/#primaryimage"},"thumbnailUrl":"https:\/\/turijnmagazijn.nl\/wp-content\/uploads\/2023\/03\/DN00100056_Banjo-bout_olie-leiding_front_differentieel_Lancia_Delta_Integrale_4-1.jpg","datePublished":"2023-03-03T08:43:50+00:00","dateModified":"2024-11-01T21:26:28+00:00","breadcrumb":{"@id":"https:\/\/turijnmagazijn.nl\/fr\/produit\/banjo-boulon-huile-tuyau-avant-differentiel-lancia-delta-integrale\/#breadcrumb"},"inLanguage":"fr-FR","potentialAction":[{"@type":"ReadAction","target":["https:\/\/turijnmagazijn.nl\/fr\/produit\/banjo-boulon-huile-tuyau-avant-differentiel-lancia-delta-integrale\/"]}]},{"@type":"ImageObject","inLanguage":"fr-FR","@id":"https:\/\/turijnmagazijn.nl\/fr\/produit\/banjo-boulon-huile-tuyau-avant-differentiel-lancia-delta-integrale\/#primaryimage","url":"https:\/\/turijnmagazijn.nl\/wp-content\/uploads\/2023\/03\/DN00100056_Banjo-bout_olie-leiding_front_differentieel_Lancia_Delta_Integrale_4-1.jpg","contentUrl":"https:\/\/turijnmagazijn.nl\/wp-content\/uploads\/2023\/03\/DN00100056_Banjo-bout_olie-leiding_front_differentieel_Lancia_Delta_Integrale_4-1.jpg","width":800,"height":600},{"@type":"BreadcrumbList","@id":"https:\/\/turijnmagazijn.nl\/fr\/produit\/banjo-boulon-huile-tuyau-avant-differentiel-lancia-delta-integrale\/#breadcrumb","itemListElement":[{"@type":"ListItem","position":1,"name":"Home","item":"https:\/\/turijnmagazijn.nl\/fr\/"},{"@type":"ListItem","position":2,"name":"Produits","item":"https:\/\/turijnmagazijn.nl\/fr\/shop\/"},{"@type":"ListItem","position":3,"name":"Diff\u00e9rentiel avant de tuyau d\u2019huile Banjo-bolt Lancia Delta Integrale"}]},{"@type":"WebSite","@id":"https:\/\/turijnmagazijn.jumpstone-dev.nl\/#website","url":"https:\/\/turijnmagazijn.jumpstone-dev.nl\/","name":"Turijnmagazijn","description":"Onderdelen nieuw en gebruikt - Fiat &amp; Lancia","publisher":{"@id":"https:\/\/turijnmagazijn.jumpstone-dev.nl\/#organization"},"potentialAction":[{"@type":"SearchAction","target":{"@type":"EntryPoint","urlTemplate":"https:\/\/turijnmagazijn.jumpstone-dev.nl\/?s={search_term_string}"},"query-input":{"@type":"PropertyValueSpecification","valueRequired":true,"valueName":"search_term_string"}}],"inLanguage":"fr-FR"},{"@type":"Organization","@id":"https:\/\/turijnmagazijn.jumpstone-dev.nl\/#organization","name":"Turijnmagazijn","url":"https:\/\/turijnmagazijn.jumpstone-dev.nl\/","logo":{"@type":"ImageObject","inLanguage":"fr-FR","@id":"https:\/\/turijnmagazijn.jumpstone-dev.nl\/#\/schema\/logo\/image\/","url":"https:\/\/turijnmagazijn.nl\/wp-content\/uploads\/2021\/02\/turijnmagazijnlogo.png","contentUrl":"https:\/\/turijnmagazijn.nl\/wp-content\/uploads\/2021\/02\/turijnmagazijnlogo.png","width":555,"height":270,"caption":"Turijnmagazijn"},"image":{"@id":"https:\/\/turijnmagazijn.jumpstone-dev.nl\/#\/schema\/logo\/image\/"},"sameAs":["https:\/\/www.facebook.com\/turijnmagazijn"]}]}},"_links":{"self":[{"href":"https:\/\/turijnmagazijn.nl\/fr\/wp-json\/wp\/v2\/product\/65698","targetHints":{"allow":["GET"]}}],"collection":[{"href":"https:\/\/turijnmagazijn.nl\/fr\/wp-json\/wp\/v2\/product"}],"about":[{"href":"https:\/\/turijnmagazijn.nl\/fr\/wp-json\/wp\/v2\/types\/product"}],"replies":[{"embeddable":true,"href":"https:\/\/turijnmagazijn.nl\/fr\/wp-json\/wp\/v2\/comments?post=65698"}],"wp:featuredmedia":[{"embeddable":true,"href":"https:\/\/turijnmagazijn.nl\/fr\/wp-json\/wp\/v2\/media\/52176"}],"wp:attachment":[{"href":"https:\/\/turijnmagazijn.nl\/fr\/wp-json\/wp\/v2\/media?parent=65698"}],"wp:term":[{"taxonomy":"product_brand","embeddable":true,"href":"https:\/\/turijnmagazijn.nl\/fr\/wp-json\/wp\/v2\/product_brand?post=65698"},{"taxonomy":"product_cat","embeddable":true,"href":"https:\/\/turijnmagazijn.nl\/fr\/wp-json\/wp\/v2\/product_cat?post=65698"},{"taxonomy":"product_tag","embeddable":true,"href":"https:\/\/turijnmagazijn.nl\/fr\/wp-json\/wp\/v2\/product_tag?post=65698"}],"curies":[{"name":"wp","href":"https:\/\/api.w.org\/{rel}","templated":true}]}}