{"id":65701,"date":"2023-03-03T09:43:26","date_gmt":"2023-03-03T08:43:26","guid":{"rendered":"https:\/\/turijnmagazijn.nl\/product\/anneau-de-serrage-banjo-bolt-lancia-delta-integral-tuyaux-dhuile-turbo\/"},"modified":"2024-11-04T17:13:46","modified_gmt":"2024-11-04T16:13:46","slug":"anneau-de-serrage-banjo-bout-lancia-delta-integral-oleoducs-turbocompresseur","status":"publish","type":"product","link":"https:\/\/turijnmagazijn.nl\/fr\/produit\/anneau-de-serrage-banjo-bout-lancia-delta-integral-oleoducs-turbocompresseur\/","title":{"rendered":"Anneau de serrage banjo-bolt Lancia Delta Integral tuyaux d\u2019huile turbo"},"content":{"rendered":"<p>Nouvelle bague de serrage originale pour Lancia Delta Integrale tous types. Ces bagues de serrage sont utilis\u00e9es au-dessus et au-dessous des drains banjob pour les tuyaux d\u2019huile du turbo pour une installation sans fuite.<\/p>\n<p>Pi\u00e8ce num\u00e9ro 19 du dessin technique EPER num\u00e9ro F789404C0A777F7F5B39D4F73EFB9F97 concernant l&rsquo;application sur la Lancia Delta Integrale. Deux unit\u00e9s de cette pi\u00e8ce sont n\u00e9cessaires par voiture. <\/p>\n<p>Pi\u00e8ce num\u00e9ro 18 sur le dessin technique du dessin EPER num\u00e9ro 2120700001 concernant son application sur la Lancia Delta Integrale. Une copie de ce document est requise par voiture.<\/p>\n<p>OEM lancia 10257050<\/p>\n<p>&nbsp;<\/p>\n","protected":false},"excerpt":{"rendered":"<p>10257050 Bague de serrage banjo-boulon Lancia Delta Integral tuyaux d\u2019huile turbo &#8211; Nouvelle bague de serrage originale pour Lancia Delta Integrale tous types.<\/p>\n","protected":false},"featured_media":52164,"comment_status":"open","ping_status":"closed","template":"","meta":{"_acf_changed":false},"product_brand":[],"product_cat":[1806,1821,1825,1836,1830,1838,1798],"product_tag":[],"class_list":{"0":"post-65701","1":"product","2":"type-product","3":"status-publish","4":"has-post-thumbnail","6":"product_cat-delta-1-831-fr","7":"product_cat-hf-4wd-fr","8":"product_cat-hf-turbo-fr","9":"product_cat-integrale-16v-fr","10":"product_cat-integrale-8v-fr","11":"product_cat-integrale-evo-fr","12":"product_cat-lancia-fr","13":"pa_soort-onderdeel-moteur-et-accessoires","15":"first","16":"instock","17":"taxable","18":"shipping-taxable","19":"purchasable","20":"product-type-simple"},"acf":[],"yoast_head":"<!-- This site is optimized with the Yoast SEO plugin v27.2 - https:\/\/yoast.com\/product\/yoast-seo-wordpress\/ -->\n<title>Anneau de serrage banjo-bolt Lancia Delta Integral tuyaux d\u2019huile turbo - Turijnmagazijn<\/title>\n<meta name=\"robots\" content=\"index, follow, max-snippet:-1, max-image-preview:large, max-video-preview:-1\" \/>\n<link rel=\"canonical\" href=\"https:\/\/turijnmagazijn.nl\/fr\/produit\/anneau-de-serrage-banjo-bout-lancia-delta-integral-oleoducs-turbocompresseur\/\" \/>\n<meta property=\"og:locale\" content=\"fr_FR\" \/>\n<meta property=\"og:type\" content=\"article\" \/>\n<meta property=\"og:title\" content=\"Anneau de serrage banjo-bolt Lancia Delta Integral tuyaux d\u2019huile turbo - Turijnmagazijn\" \/>\n<meta property=\"og:description\" content=\"10257050 Bague de serrage banjo-boulon Lancia Delta Integral tuyaux d\u2019huile turbo - Nouvelle bague de serrage originale pour Lancia Delta Integrale tous types.\" \/>\n<meta property=\"og:url\" content=\"https:\/\/turijnmagazijn.nl\/fr\/produit\/anneau-de-serrage-banjo-bout-lancia-delta-integral-oleoducs-turbocompresseur\/\" \/>\n<meta property=\"og:site_name\" content=\"Turijnmagazijn\" \/>\n<meta property=\"article:publisher\" content=\"https:\/\/www.facebook.com\/turijnmagazijn\" \/>\n<meta property=\"article:modified_time\" content=\"2024-11-04T16:13:46+00:00\" \/>\n<meta property=\"og:image\" content=\"https:\/\/turijnmagazijn.nl\/wp-content\/uploads\/2023\/03\/DN00100055_Klemring_banjo-bout_Lancia_Delta_Integrale_olieleidingen_turbo_3-1.jpg\" \/>\n\t<meta property=\"og:image:width\" content=\"1024\" \/>\n\t<meta property=\"og:image:height\" content=\"768\" \/>\n\t<meta property=\"og:image:type\" content=\"image\/jpeg\" \/>\n<meta name=\"twitter:card\" content=\"summary_large_image\" \/>\n<meta name=\"twitter:label1\" content=\"Dur\u00e9e de lecture estim\u00e9e\" \/>\n\t<meta name=\"twitter:data1\" content=\"1 minute\" \/>\n<script type=\"application\/ld+json\" class=\"yoast-schema-graph\">{\"@context\":\"https:\/\/schema.org\",\"@graph\":[{\"@type\":\"WebPage\",\"@id\":\"https:\/\/turijnmagazijn.nl\/fr\/produit\/anneau-de-serrage-banjo-bout-lancia-delta-integral-oleoducs-turbocompresseur\/\",\"url\":\"https:\/\/turijnmagazijn.nl\/fr\/produit\/anneau-de-serrage-banjo-bout-lancia-delta-integral-oleoducs-turbocompresseur\/\",\"name\":\"Anneau de serrage banjo-bolt Lancia Delta Integral tuyaux d\u2019huile turbo - Turijnmagazijn\",\"isPartOf\":{\"@id\":\"https:\/\/turijnmagazijn.jumpstone-dev.nl\/#website\"},\"primaryImageOfPage\":{\"@id\":\"https:\/\/turijnmagazijn.nl\/fr\/produit\/anneau-de-serrage-banjo-bout-lancia-delta-integral-oleoducs-turbocompresseur\/#primaryimage\"},\"image\":{\"@id\":\"https:\/\/turijnmagazijn.nl\/fr\/produit\/anneau-de-serrage-banjo-bout-lancia-delta-integral-oleoducs-turbocompresseur\/#primaryimage\"},\"thumbnailUrl\":\"https:\/\/turijnmagazijn.nl\/wp-content\/uploads\/2023\/03\/DN00100055_Klemring_banjo-bout_Lancia_Delta_Integrale_olieleidingen_turbo_3-1.jpg\",\"datePublished\":\"2023-03-03T08:43:26+00:00\",\"dateModified\":\"2024-11-04T16:13:46+00:00\",\"breadcrumb\":{\"@id\":\"https:\/\/turijnmagazijn.nl\/fr\/produit\/anneau-de-serrage-banjo-bout-lancia-delta-integral-oleoducs-turbocompresseur\/#breadcrumb\"},\"inLanguage\":\"fr-FR\",\"potentialAction\":[{\"@type\":\"ReadAction\",\"target\":[\"https:\/\/turijnmagazijn.nl\/fr\/produit\/anneau-de-serrage-banjo-bout-lancia-delta-integral-oleoducs-turbocompresseur\/\"]}]},{\"@type\":\"ImageObject\",\"inLanguage\":\"fr-FR\",\"@id\":\"https:\/\/turijnmagazijn.nl\/fr\/produit\/anneau-de-serrage-banjo-bout-lancia-delta-integral-oleoducs-turbocompresseur\/#primaryimage\",\"url\":\"https:\/\/turijnmagazijn.nl\/wp-content\/uploads\/2023\/03\/DN00100055_Klemring_banjo-bout_Lancia_Delta_Integrale_olieleidingen_turbo_3-1.jpg\",\"contentUrl\":\"https:\/\/turijnmagazijn.nl\/wp-content\/uploads\/2023\/03\/DN00100055_Klemring_banjo-bout_Lancia_Delta_Integrale_olieleidingen_turbo_3-1.jpg\",\"width\":1024,\"height\":768},{\"@type\":\"BreadcrumbList\",\"@id\":\"https:\/\/turijnmagazijn.nl\/fr\/produit\/anneau-de-serrage-banjo-bout-lancia-delta-integral-oleoducs-turbocompresseur\/#breadcrumb\",\"itemListElement\":[{\"@type\":\"ListItem\",\"position\":1,\"name\":\"Home\",\"item\":\"https:\/\/turijnmagazijn.nl\/fr\/\"},{\"@type\":\"ListItem\",\"position\":2,\"name\":\"Produits\",\"item\":\"https:\/\/turijnmagazijn.nl\/fr\/shop\/\"},{\"@type\":\"ListItem\",\"position\":3,\"name\":\"Anneau de serrage banjo-bolt Lancia Delta Integral tuyaux d\u2019huile turbo\"}]},{\"@type\":\"WebSite\",\"@id\":\"https:\/\/turijnmagazijn.jumpstone-dev.nl\/#website\",\"url\":\"https:\/\/turijnmagazijn.jumpstone-dev.nl\/\",\"name\":\"Turijnmagazijn\",\"description\":\"Onderdelen nieuw en gebruikt - Fiat &amp; Lancia\",\"publisher\":{\"@id\":\"https:\/\/turijnmagazijn.jumpstone-dev.nl\/#organization\"},\"potentialAction\":[{\"@type\":\"SearchAction\",\"target\":{\"@type\":\"EntryPoint\",\"urlTemplate\":\"https:\/\/turijnmagazijn.jumpstone-dev.nl\/?s={search_term_string}\"},\"query-input\":{\"@type\":\"PropertyValueSpecification\",\"valueRequired\":true,\"valueName\":\"search_term_string\"}}],\"inLanguage\":\"fr-FR\"},{\"@type\":\"Organization\",\"@id\":\"https:\/\/turijnmagazijn.jumpstone-dev.nl\/#organization\",\"name\":\"Turijnmagazijn\",\"url\":\"https:\/\/turijnmagazijn.jumpstone-dev.nl\/\",\"logo\":{\"@type\":\"ImageObject\",\"inLanguage\":\"fr-FR\",\"@id\":\"https:\/\/turijnmagazijn.jumpstone-dev.nl\/#\/schema\/logo\/image\/\",\"url\":\"https:\/\/turijnmagazijn.nl\/wp-content\/uploads\/2021\/02\/turijnmagazijnlogo.png\",\"contentUrl\":\"https:\/\/turijnmagazijn.nl\/wp-content\/uploads\/2021\/02\/turijnmagazijnlogo.png\",\"width\":555,\"height\":270,\"caption\":\"Turijnmagazijn\"},\"image\":{\"@id\":\"https:\/\/turijnmagazijn.jumpstone-dev.nl\/#\/schema\/logo\/image\/\"},\"sameAs\":[\"https:\/\/www.facebook.com\/turijnmagazijn\"]}]}<\/script>\n<!-- \/ Yoast SEO plugin. -->","yoast_head_json":{"title":"Anneau de serrage banjo-bolt Lancia Delta Integral tuyaux d\u2019huile turbo - Turijnmagazijn","robots":{"index":"index","follow":"follow","max-snippet":"max-snippet:-1","max-image-preview":"max-image-preview:large","max-video-preview":"max-video-preview:-1"},"canonical":"https:\/\/turijnmagazijn.nl\/fr\/produit\/anneau-de-serrage-banjo-bout-lancia-delta-integral-oleoducs-turbocompresseur\/","og_locale":"fr_FR","og_type":"article","og_title":"Anneau de serrage banjo-bolt Lancia Delta Integral tuyaux d\u2019huile turbo - Turijnmagazijn","og_description":"10257050 Bague de serrage banjo-boulon Lancia Delta Integral tuyaux d\u2019huile turbo - Nouvelle bague de serrage originale pour Lancia Delta Integrale tous types.","og_url":"https:\/\/turijnmagazijn.nl\/fr\/produit\/anneau-de-serrage-banjo-bout-lancia-delta-integral-oleoducs-turbocompresseur\/","og_site_name":"Turijnmagazijn","article_publisher":"https:\/\/www.facebook.com\/turijnmagazijn","article_modified_time":"2024-11-04T16:13:46+00:00","og_image":[{"width":1024,"height":768,"url":"https:\/\/turijnmagazijn.nl\/wp-content\/uploads\/2023\/03\/DN00100055_Klemring_banjo-bout_Lancia_Delta_Integrale_olieleidingen_turbo_3-1.jpg","type":"image\/jpeg"}],"twitter_card":"summary_large_image","twitter_misc":{"Dur\u00e9e de lecture estim\u00e9e":"1 minute"},"schema":{"@context":"https:\/\/schema.org","@graph":[{"@type":"WebPage","@id":"https:\/\/turijnmagazijn.nl\/fr\/produit\/anneau-de-serrage-banjo-bout-lancia-delta-integral-oleoducs-turbocompresseur\/","url":"https:\/\/turijnmagazijn.nl\/fr\/produit\/anneau-de-serrage-banjo-bout-lancia-delta-integral-oleoducs-turbocompresseur\/","name":"Anneau de serrage banjo-bolt Lancia Delta Integral tuyaux d\u2019huile turbo - Turijnmagazijn","isPartOf":{"@id":"https:\/\/turijnmagazijn.jumpstone-dev.nl\/#website"},"primaryImageOfPage":{"@id":"https:\/\/turijnmagazijn.nl\/fr\/produit\/anneau-de-serrage-banjo-bout-lancia-delta-integral-oleoducs-turbocompresseur\/#primaryimage"},"image":{"@id":"https:\/\/turijnmagazijn.nl\/fr\/produit\/anneau-de-serrage-banjo-bout-lancia-delta-integral-oleoducs-turbocompresseur\/#primaryimage"},"thumbnailUrl":"https:\/\/turijnmagazijn.nl\/wp-content\/uploads\/2023\/03\/DN00100055_Klemring_banjo-bout_Lancia_Delta_Integrale_olieleidingen_turbo_3-1.jpg","datePublished":"2023-03-03T08:43:26+00:00","dateModified":"2024-11-04T16:13:46+00:00","breadcrumb":{"@id":"https:\/\/turijnmagazijn.nl\/fr\/produit\/anneau-de-serrage-banjo-bout-lancia-delta-integral-oleoducs-turbocompresseur\/#breadcrumb"},"inLanguage":"fr-FR","potentialAction":[{"@type":"ReadAction","target":["https:\/\/turijnmagazijn.nl\/fr\/produit\/anneau-de-serrage-banjo-bout-lancia-delta-integral-oleoducs-turbocompresseur\/"]}]},{"@type":"ImageObject","inLanguage":"fr-FR","@id":"https:\/\/turijnmagazijn.nl\/fr\/produit\/anneau-de-serrage-banjo-bout-lancia-delta-integral-oleoducs-turbocompresseur\/#primaryimage","url":"https:\/\/turijnmagazijn.nl\/wp-content\/uploads\/2023\/03\/DN00100055_Klemring_banjo-bout_Lancia_Delta_Integrale_olieleidingen_turbo_3-1.jpg","contentUrl":"https:\/\/turijnmagazijn.nl\/wp-content\/uploads\/2023\/03\/DN00100055_Klemring_banjo-bout_Lancia_Delta_Integrale_olieleidingen_turbo_3-1.jpg","width":1024,"height":768},{"@type":"BreadcrumbList","@id":"https:\/\/turijnmagazijn.nl\/fr\/produit\/anneau-de-serrage-banjo-bout-lancia-delta-integral-oleoducs-turbocompresseur\/#breadcrumb","itemListElement":[{"@type":"ListItem","position":1,"name":"Home","item":"https:\/\/turijnmagazijn.nl\/fr\/"},{"@type":"ListItem","position":2,"name":"Produits","item":"https:\/\/turijnmagazijn.nl\/fr\/shop\/"},{"@type":"ListItem","position":3,"name":"Anneau de serrage banjo-bolt Lancia Delta Integral tuyaux d\u2019huile turbo"}]},{"@type":"WebSite","@id":"https:\/\/turijnmagazijn.jumpstone-dev.nl\/#website","url":"https:\/\/turijnmagazijn.jumpstone-dev.nl\/","name":"Turijnmagazijn","description":"Onderdelen nieuw en gebruikt - Fiat &amp; Lancia","publisher":{"@id":"https:\/\/turijnmagazijn.jumpstone-dev.nl\/#organization"},"potentialAction":[{"@type":"SearchAction","target":{"@type":"EntryPoint","urlTemplate":"https:\/\/turijnmagazijn.jumpstone-dev.nl\/?s={search_term_string}"},"query-input":{"@type":"PropertyValueSpecification","valueRequired":true,"valueName":"search_term_string"}}],"inLanguage":"fr-FR"},{"@type":"Organization","@id":"https:\/\/turijnmagazijn.jumpstone-dev.nl\/#organization","name":"Turijnmagazijn","url":"https:\/\/turijnmagazijn.jumpstone-dev.nl\/","logo":{"@type":"ImageObject","inLanguage":"fr-FR","@id":"https:\/\/turijnmagazijn.jumpstone-dev.nl\/#\/schema\/logo\/image\/","url":"https:\/\/turijnmagazijn.nl\/wp-content\/uploads\/2021\/02\/turijnmagazijnlogo.png","contentUrl":"https:\/\/turijnmagazijn.nl\/wp-content\/uploads\/2021\/02\/turijnmagazijnlogo.png","width":555,"height":270,"caption":"Turijnmagazijn"},"image":{"@id":"https:\/\/turijnmagazijn.jumpstone-dev.nl\/#\/schema\/logo\/image\/"},"sameAs":["https:\/\/www.facebook.com\/turijnmagazijn"]}]}},"_links":{"self":[{"href":"https:\/\/turijnmagazijn.nl\/fr\/wp-json\/wp\/v2\/product\/65701","targetHints":{"allow":["GET"]}}],"collection":[{"href":"https:\/\/turijnmagazijn.nl\/fr\/wp-json\/wp\/v2\/product"}],"about":[{"href":"https:\/\/turijnmagazijn.nl\/fr\/wp-json\/wp\/v2\/types\/product"}],"replies":[{"embeddable":true,"href":"https:\/\/turijnmagazijn.nl\/fr\/wp-json\/wp\/v2\/comments?post=65701"}],"wp:featuredmedia":[{"embeddable":true,"href":"https:\/\/turijnmagazijn.nl\/fr\/wp-json\/wp\/v2\/media\/52164"}],"wp:attachment":[{"href":"https:\/\/turijnmagazijn.nl\/fr\/wp-json\/wp\/v2\/media?parent=65701"}],"wp:term":[{"taxonomy":"product_brand","embeddable":true,"href":"https:\/\/turijnmagazijn.nl\/fr\/wp-json\/wp\/v2\/product_brand?post=65701"},{"taxonomy":"product_cat","embeddable":true,"href":"https:\/\/turijnmagazijn.nl\/fr\/wp-json\/wp\/v2\/product_cat?post=65701"},{"taxonomy":"product_tag","embeddable":true,"href":"https:\/\/turijnmagazijn.nl\/fr\/wp-json\/wp\/v2\/product_tag?post=65701"}],"curies":[{"name":"wp","href":"https:\/\/api.w.org\/{rel}","templated":true}]}}