{"id":65705,"date":"2023-03-03T09:44:14","date_gmt":"2023-03-03T08:44:14","guid":{"rendered":"https:\/\/turijnmagazijn.nl\/product\/support-moteur-a-boulon-cote-carrosserie-lancia-delta-integrale-nouveau\/"},"modified":"2024-11-01T22:27:07","modified_gmt":"2024-11-01T21:27:07","slug":"bolt-engine-mount-body-side-lancia-delta-integral-new","status":"publish","type":"product","link":"https:\/\/turijnmagazijn.nl\/fr\/produit\/bolt-engine-mount-body-side-lancia-delta-integral-new\/","title":{"rendered":"Support moteur \u00e0 boulon c\u00f4t\u00e9 carrosserie Lancia Delta Integrale -NOUVEAU-"},"content":{"rendered":"<p>Nouveau boulon (non original) pour le montage du support moteur sup\u00e9rieur au niveau de la jambe de force sup\u00e9rieure droite pour Lancia Delta int\u00e9gral. Applicable \u00e0 tous les types d\u2019int\u00e9grales. Ce boulon de reproduction est de la m\u00eame qualit\u00e9 et de la m\u00eame finition, mais est 5mm plus long que l\u2019original. <\/p>\n<p>Cela ne change rien au fonctionnement. classe de r\u00e9sistance 8.8 10&#215;1.25 Taille de la cl\u00e9 17 Jaune Num\u00e9ro de pi\u00e8ce 2 sur le dessin technique tir\u00e9 du dessin EPER num\u00e9ro 1000200005 concernant l&rsquo;application \u00e0 la Lancia Delta Integrale.<\/p>\n<p> Une copie de ce document est requise par voiture.<\/p>\n<p>OEM Lancia Fiat 15888724 (pour r\u00e9f\u00e9rence uniquement)<\/p>\n","protected":false},"excerpt":{"rendered":"<p>15888724 Bolt support moteur c\u00f4t\u00e9 carrosserie Lancia Delta Integrale -NOUVEAU- &#8211; Nouveau boulon (non original) pour application pour le montage du support moteur sup\u00e9rieur au niveau de la jambe de force sup\u00e9rieure droite pour Lancia Delta integral.<\/p>\n","protected":false},"featured_media":52208,"comment_status":"open","ping_status":"closed","template":"","meta":{"_acf_changed":false},"product_brand":[],"product_cat":[1806,1819,1821,1825,1836,1830,1838,1798,1896],"product_tag":[],"class_list":{"0":"post-65705","1":"product","2":"type-product","3":"status-publish","4":"has-post-thumbnail","6":"product_cat-delta-1-831-fr","7":"product_cat-gt-i-e-fr","8":"product_cat-hf-4wd-fr","9":"product_cat-hf-turbo-fr","10":"product_cat-integrale-16v-fr","11":"product_cat-integrale-8v-fr","12":"product_cat-integrale-evo-fr","13":"product_cat-lancia-fr","14":"product_cat-thema-834-fr","15":"pa_soort-onderdeel-systemes-de-carburant","17":"first","18":"instock","19":"taxable","20":"shipping-taxable","21":"purchasable","22":"product-type-simple"},"acf":[],"yoast_head":"<!-- This site is optimized with the Yoast SEO plugin v27.2 - https:\/\/yoast.com\/product\/yoast-seo-wordpress\/ -->\n<title>Support moteur \u00e0 boulon c\u00f4t\u00e9 carrosserie Lancia Delta Integrale -NOUVEAU- Turijnmagazijn<\/title>\n<meta name=\"robots\" content=\"index, follow, max-snippet:-1, max-image-preview:large, max-video-preview:-1\" \/>\n<link rel=\"canonical\" href=\"https:\/\/turijnmagazijn.nl\/fr\/produit\/bolt-engine-mount-body-side-lancia-delta-integral-new\/\" \/>\n<meta property=\"og:locale\" content=\"fr_FR\" \/>\n<meta property=\"og:type\" content=\"article\" \/>\n<meta property=\"og:title\" content=\"Support moteur \u00e0 boulon c\u00f4t\u00e9 carrosserie Lancia Delta Integrale -NOUVEAU- Turijnmagazijn\" \/>\n<meta property=\"og:description\" content=\"15888724 Bolt support moteur c\u00f4t\u00e9 carrosserie Lancia Delta Integrale -NOUVEAU- - Nouveau boulon (non original) pour application pour le montage du support moteur sup\u00e9rieur au niveau de la jambe de force sup\u00e9rieure droite pour Lancia Delta integral.\" \/>\n<meta property=\"og:url\" content=\"https:\/\/turijnmagazijn.nl\/fr\/produit\/bolt-engine-mount-body-side-lancia-delta-integral-new\/\" \/>\n<meta property=\"og:site_name\" content=\"Turijnmagazijn\" \/>\n<meta property=\"article:publisher\" content=\"https:\/\/www.facebook.com\/turijnmagazijn\" \/>\n<meta property=\"article:modified_time\" content=\"2024-11-01T21:27:07+00:00\" \/>\n<meta property=\"og:image\" content=\"https:\/\/turijnmagazijn.nl\/wp-content\/uploads\/2023\/03\/DN00100061_Bout_motorsteun_carrosserie-zijde_Lancia_Delta_Integrale_-NIEUW-_3-1.jpg\" \/>\n\t<meta property=\"og:image:width\" content=\"800\" \/>\n\t<meta property=\"og:image:height\" content=\"600\" \/>\n\t<meta property=\"og:image:type\" content=\"image\/jpeg\" \/>\n<meta name=\"twitter:card\" content=\"summary_large_image\" \/>\n<meta name=\"twitter:label1\" content=\"Dur\u00e9e de lecture estim\u00e9e\" \/>\n\t<meta name=\"twitter:data1\" content=\"1 minute\" \/>\n<script type=\"application\/ld+json\" class=\"yoast-schema-graph\">{\"@context\":\"https:\/\/schema.org\",\"@graph\":[{\"@type\":\"WebPage\",\"@id\":\"https:\/\/turijnmagazijn.nl\/fr\/produit\/bolt-engine-mount-body-side-lancia-delta-integral-new\/\",\"url\":\"https:\/\/turijnmagazijn.nl\/fr\/produit\/bolt-engine-mount-body-side-lancia-delta-integral-new\/\",\"name\":\"Support moteur \u00e0 boulon c\u00f4t\u00e9 carrosserie Lancia Delta Integrale -NOUVEAU- Turijnmagazijn\",\"isPartOf\":{\"@id\":\"https:\/\/turijnmagazijn.jumpstone-dev.nl\/#website\"},\"primaryImageOfPage\":{\"@id\":\"https:\/\/turijnmagazijn.nl\/fr\/produit\/bolt-engine-mount-body-side-lancia-delta-integral-new\/#primaryimage\"},\"image\":{\"@id\":\"https:\/\/turijnmagazijn.nl\/fr\/produit\/bolt-engine-mount-body-side-lancia-delta-integral-new\/#primaryimage\"},\"thumbnailUrl\":\"https:\/\/turijnmagazijn.nl\/wp-content\/uploads\/2023\/03\/DN00100061_Bout_motorsteun_carrosserie-zijde_Lancia_Delta_Integrale_-NIEUW-_3-1.jpg\",\"datePublished\":\"2023-03-03T08:44:14+00:00\",\"dateModified\":\"2024-11-01T21:27:07+00:00\",\"breadcrumb\":{\"@id\":\"https:\/\/turijnmagazijn.nl\/fr\/produit\/bolt-engine-mount-body-side-lancia-delta-integral-new\/#breadcrumb\"},\"inLanguage\":\"fr-FR\",\"potentialAction\":[{\"@type\":\"ReadAction\",\"target\":[\"https:\/\/turijnmagazijn.nl\/fr\/produit\/bolt-engine-mount-body-side-lancia-delta-integral-new\/\"]}]},{\"@type\":\"ImageObject\",\"inLanguage\":\"fr-FR\",\"@id\":\"https:\/\/turijnmagazijn.nl\/fr\/produit\/bolt-engine-mount-body-side-lancia-delta-integral-new\/#primaryimage\",\"url\":\"https:\/\/turijnmagazijn.nl\/wp-content\/uploads\/2023\/03\/DN00100061_Bout_motorsteun_carrosserie-zijde_Lancia_Delta_Integrale_-NIEUW-_3-1.jpg\",\"contentUrl\":\"https:\/\/turijnmagazijn.nl\/wp-content\/uploads\/2023\/03\/DN00100061_Bout_motorsteun_carrosserie-zijde_Lancia_Delta_Integrale_-NIEUW-_3-1.jpg\",\"width\":800,\"height\":600},{\"@type\":\"BreadcrumbList\",\"@id\":\"https:\/\/turijnmagazijn.nl\/fr\/produit\/bolt-engine-mount-body-side-lancia-delta-integral-new\/#breadcrumb\",\"itemListElement\":[{\"@type\":\"ListItem\",\"position\":1,\"name\":\"Home\",\"item\":\"https:\/\/turijnmagazijn.nl\/fr\/\"},{\"@type\":\"ListItem\",\"position\":2,\"name\":\"Produits\",\"item\":\"https:\/\/turijnmagazijn.nl\/fr\/shop\/\"},{\"@type\":\"ListItem\",\"position\":3,\"name\":\"Support moteur \u00e0 boulon c\u00f4t\u00e9 carrosserie Lancia Delta Integrale -NOUVEAU-\"}]},{\"@type\":\"WebSite\",\"@id\":\"https:\/\/turijnmagazijn.jumpstone-dev.nl\/#website\",\"url\":\"https:\/\/turijnmagazijn.jumpstone-dev.nl\/\",\"name\":\"Turijnmagazijn\",\"description\":\"Onderdelen nieuw en gebruikt - Fiat &amp; Lancia\",\"publisher\":{\"@id\":\"https:\/\/turijnmagazijn.jumpstone-dev.nl\/#organization\"},\"potentialAction\":[{\"@type\":\"SearchAction\",\"target\":{\"@type\":\"EntryPoint\",\"urlTemplate\":\"https:\/\/turijnmagazijn.jumpstone-dev.nl\/?s={search_term_string}\"},\"query-input\":{\"@type\":\"PropertyValueSpecification\",\"valueRequired\":true,\"valueName\":\"search_term_string\"}}],\"inLanguage\":\"fr-FR\"},{\"@type\":\"Organization\",\"@id\":\"https:\/\/turijnmagazijn.jumpstone-dev.nl\/#organization\",\"name\":\"Turijnmagazijn\",\"url\":\"https:\/\/turijnmagazijn.jumpstone-dev.nl\/\",\"logo\":{\"@type\":\"ImageObject\",\"inLanguage\":\"fr-FR\",\"@id\":\"https:\/\/turijnmagazijn.jumpstone-dev.nl\/#\/schema\/logo\/image\/\",\"url\":\"https:\/\/turijnmagazijn.nl\/wp-content\/uploads\/2021\/02\/turijnmagazijnlogo.png\",\"contentUrl\":\"https:\/\/turijnmagazijn.nl\/wp-content\/uploads\/2021\/02\/turijnmagazijnlogo.png\",\"width\":555,\"height\":270,\"caption\":\"Turijnmagazijn\"},\"image\":{\"@id\":\"https:\/\/turijnmagazijn.jumpstone-dev.nl\/#\/schema\/logo\/image\/\"},\"sameAs\":[\"https:\/\/www.facebook.com\/turijnmagazijn\"]}]}<\/script>\n<!-- \/ Yoast SEO plugin. -->","yoast_head_json":{"title":"Support moteur \u00e0 boulon c\u00f4t\u00e9 carrosserie Lancia Delta Integrale -NOUVEAU- Turijnmagazijn","robots":{"index":"index","follow":"follow","max-snippet":"max-snippet:-1","max-image-preview":"max-image-preview:large","max-video-preview":"max-video-preview:-1"},"canonical":"https:\/\/turijnmagazijn.nl\/fr\/produit\/bolt-engine-mount-body-side-lancia-delta-integral-new\/","og_locale":"fr_FR","og_type":"article","og_title":"Support moteur \u00e0 boulon c\u00f4t\u00e9 carrosserie Lancia Delta Integrale -NOUVEAU- Turijnmagazijn","og_description":"15888724 Bolt support moteur c\u00f4t\u00e9 carrosserie Lancia Delta Integrale -NOUVEAU- - Nouveau boulon (non original) pour application pour le montage du support moteur sup\u00e9rieur au niveau de la jambe de force sup\u00e9rieure droite pour Lancia Delta integral.","og_url":"https:\/\/turijnmagazijn.nl\/fr\/produit\/bolt-engine-mount-body-side-lancia-delta-integral-new\/","og_site_name":"Turijnmagazijn","article_publisher":"https:\/\/www.facebook.com\/turijnmagazijn","article_modified_time":"2024-11-01T21:27:07+00:00","og_image":[{"width":800,"height":600,"url":"https:\/\/turijnmagazijn.nl\/wp-content\/uploads\/2023\/03\/DN00100061_Bout_motorsteun_carrosserie-zijde_Lancia_Delta_Integrale_-NIEUW-_3-1.jpg","type":"image\/jpeg"}],"twitter_card":"summary_large_image","twitter_misc":{"Dur\u00e9e de lecture estim\u00e9e":"1 minute"},"schema":{"@context":"https:\/\/schema.org","@graph":[{"@type":"WebPage","@id":"https:\/\/turijnmagazijn.nl\/fr\/produit\/bolt-engine-mount-body-side-lancia-delta-integral-new\/","url":"https:\/\/turijnmagazijn.nl\/fr\/produit\/bolt-engine-mount-body-side-lancia-delta-integral-new\/","name":"Support moteur \u00e0 boulon c\u00f4t\u00e9 carrosserie Lancia Delta Integrale -NOUVEAU- Turijnmagazijn","isPartOf":{"@id":"https:\/\/turijnmagazijn.jumpstone-dev.nl\/#website"},"primaryImageOfPage":{"@id":"https:\/\/turijnmagazijn.nl\/fr\/produit\/bolt-engine-mount-body-side-lancia-delta-integral-new\/#primaryimage"},"image":{"@id":"https:\/\/turijnmagazijn.nl\/fr\/produit\/bolt-engine-mount-body-side-lancia-delta-integral-new\/#primaryimage"},"thumbnailUrl":"https:\/\/turijnmagazijn.nl\/wp-content\/uploads\/2023\/03\/DN00100061_Bout_motorsteun_carrosserie-zijde_Lancia_Delta_Integrale_-NIEUW-_3-1.jpg","datePublished":"2023-03-03T08:44:14+00:00","dateModified":"2024-11-01T21:27:07+00:00","breadcrumb":{"@id":"https:\/\/turijnmagazijn.nl\/fr\/produit\/bolt-engine-mount-body-side-lancia-delta-integral-new\/#breadcrumb"},"inLanguage":"fr-FR","potentialAction":[{"@type":"ReadAction","target":["https:\/\/turijnmagazijn.nl\/fr\/produit\/bolt-engine-mount-body-side-lancia-delta-integral-new\/"]}]},{"@type":"ImageObject","inLanguage":"fr-FR","@id":"https:\/\/turijnmagazijn.nl\/fr\/produit\/bolt-engine-mount-body-side-lancia-delta-integral-new\/#primaryimage","url":"https:\/\/turijnmagazijn.nl\/wp-content\/uploads\/2023\/03\/DN00100061_Bout_motorsteun_carrosserie-zijde_Lancia_Delta_Integrale_-NIEUW-_3-1.jpg","contentUrl":"https:\/\/turijnmagazijn.nl\/wp-content\/uploads\/2023\/03\/DN00100061_Bout_motorsteun_carrosserie-zijde_Lancia_Delta_Integrale_-NIEUW-_3-1.jpg","width":800,"height":600},{"@type":"BreadcrumbList","@id":"https:\/\/turijnmagazijn.nl\/fr\/produit\/bolt-engine-mount-body-side-lancia-delta-integral-new\/#breadcrumb","itemListElement":[{"@type":"ListItem","position":1,"name":"Home","item":"https:\/\/turijnmagazijn.nl\/fr\/"},{"@type":"ListItem","position":2,"name":"Produits","item":"https:\/\/turijnmagazijn.nl\/fr\/shop\/"},{"@type":"ListItem","position":3,"name":"Support moteur \u00e0 boulon c\u00f4t\u00e9 carrosserie Lancia Delta Integrale -NOUVEAU-"}]},{"@type":"WebSite","@id":"https:\/\/turijnmagazijn.jumpstone-dev.nl\/#website","url":"https:\/\/turijnmagazijn.jumpstone-dev.nl\/","name":"Turijnmagazijn","description":"Onderdelen nieuw en gebruikt - Fiat &amp; Lancia","publisher":{"@id":"https:\/\/turijnmagazijn.jumpstone-dev.nl\/#organization"},"potentialAction":[{"@type":"SearchAction","target":{"@type":"EntryPoint","urlTemplate":"https:\/\/turijnmagazijn.jumpstone-dev.nl\/?s={search_term_string}"},"query-input":{"@type":"PropertyValueSpecification","valueRequired":true,"valueName":"search_term_string"}}],"inLanguage":"fr-FR"},{"@type":"Organization","@id":"https:\/\/turijnmagazijn.jumpstone-dev.nl\/#organization","name":"Turijnmagazijn","url":"https:\/\/turijnmagazijn.jumpstone-dev.nl\/","logo":{"@type":"ImageObject","inLanguage":"fr-FR","@id":"https:\/\/turijnmagazijn.jumpstone-dev.nl\/#\/schema\/logo\/image\/","url":"https:\/\/turijnmagazijn.nl\/wp-content\/uploads\/2021\/02\/turijnmagazijnlogo.png","contentUrl":"https:\/\/turijnmagazijn.nl\/wp-content\/uploads\/2021\/02\/turijnmagazijnlogo.png","width":555,"height":270,"caption":"Turijnmagazijn"},"image":{"@id":"https:\/\/turijnmagazijn.jumpstone-dev.nl\/#\/schema\/logo\/image\/"},"sameAs":["https:\/\/www.facebook.com\/turijnmagazijn"]}]}},"_links":{"self":[{"href":"https:\/\/turijnmagazijn.nl\/fr\/wp-json\/wp\/v2\/product\/65705","targetHints":{"allow":["GET"]}}],"collection":[{"href":"https:\/\/turijnmagazijn.nl\/fr\/wp-json\/wp\/v2\/product"}],"about":[{"href":"https:\/\/turijnmagazijn.nl\/fr\/wp-json\/wp\/v2\/types\/product"}],"replies":[{"embeddable":true,"href":"https:\/\/turijnmagazijn.nl\/fr\/wp-json\/wp\/v2\/comments?post=65705"}],"wp:featuredmedia":[{"embeddable":true,"href":"https:\/\/turijnmagazijn.nl\/fr\/wp-json\/wp\/v2\/media\/52208"}],"wp:attachment":[{"href":"https:\/\/turijnmagazijn.nl\/fr\/wp-json\/wp\/v2\/media?parent=65705"}],"wp:term":[{"taxonomy":"product_brand","embeddable":true,"href":"https:\/\/turijnmagazijn.nl\/fr\/wp-json\/wp\/v2\/product_brand?post=65705"},{"taxonomy":"product_cat","embeddable":true,"href":"https:\/\/turijnmagazijn.nl\/fr\/wp-json\/wp\/v2\/product_cat?post=65705"},{"taxonomy":"product_tag","embeddable":true,"href":"https:\/\/turijnmagazijn.nl\/fr\/wp-json\/wp\/v2\/product_tag?post=65705"}],"curies":[{"name":"wp","href":"https:\/\/api.w.org\/{rel}","templated":true}]}}