{"id":65710,"date":"2023-03-03T09:43:50","date_gmt":"2023-03-03T08:43:50","guid":{"rendered":"https:\/\/turijnmagazijn.nl\/product\/bande-de-protection-silicone-porte-filtre-a-carburant-lancia-delta-integrale-nouveau\/"},"modified":"2023-07-31T21:04:54","modified_gmt":"2023-07-31T19:04:54","slug":"bande-de-protection-silicone-porte-filtre-a-carburant-lancia-delta-integral-new","status":"publish","type":"product","link":"https:\/\/turijnmagazijn.nl\/fr\/produit\/bande-de-protection-silicone-porte-filtre-a-carburant-lancia-delta-integral-new\/","title":{"rendered":"Bande de protection silicone porte-filtre \u00e0 carburant Lancia Delta Integrale -NOUVEAU-"},"content":{"rendered":"<p>Nouvelle bande de protection pour montage dans le support de filtre \u00e0 carburant pour Lancia Delta Integrale. En enroulant la bande de protection autour de la sangle de serrage du support (s\u2019adapte exactement) pour le montage du filtre \u00e0 carburant, le filtre est bien prot\u00e9g\u00e9 contre les dommages et ne peut jamais vibrer. Ne concerne pas une pi\u00e8ce OEM, mais son propre produit.<\/p>\n<p>\u00c0 utiliser avec un porte-filtre \u00e0 carburant portant le num\u00e9ro de pi\u00e8ce 82452742<\/p>\n<p>Ne peut \u00eatre utilis\u00e9 qu\u2019avec des filtres \u00e0 carburant de petit diam\u00e8tre en raison d\u2019une l\u00e9g\u00e8re r\u00e9duction du diam\u00e8tre de la bande de serrage.<\/p>\n<p>&nbsp;<\/p>\n","protected":false},"excerpt":{"rendered":"<p>Bande de protection silicone porte-filtre \u00e0 carburant Lancia Delta Integrale -NOUVEAU- &#8211; Nouvelle bande de protection pour montage dans le support de filtre \u00e0 carburant pour Lancia Delta Integrale.<\/p>\n","protected":false},"featured_media":52204,"comment_status":"open","ping_status":"closed","template":"","meta":{"_acf_changed":false},"product_brand":[],"product_cat":[1809,1806,1819,1821,1825,1836,1830,1838,1798],"product_tag":[],"class_list":{"0":"post-65710","1":"product","2":"type-product","3":"status-publish","4":"has-post-thumbnail","6":"product_cat-1-1-1-3-1-5-fr","7":"product_cat-delta-1-831-fr","8":"product_cat-gt-i-e-fr","9":"product_cat-hf-4wd-fr","10":"product_cat-hf-turbo-fr","11":"product_cat-integrale-16v-fr","12":"product_cat-integrale-8v-fr","13":"product_cat-integrale-evo-fr","14":"product_cat-lancia-fr","15":"pa_soort-onderdeel-electronique-et-cables","17":"first","18":"instock","19":"taxable","20":"shipping-taxable","21":"purchasable","22":"product-type-simple"},"acf":[],"yoast_head":"<!-- This site is optimized with the Yoast SEO plugin v27.2 - https:\/\/yoast.com\/product\/yoast-seo-wordpress\/ -->\n<title>Bande de protection silicone porte-filtre \u00e0 carburant Lancia Delta Integrale -NOUVEAU- Turijnmagazijn<\/title>\n<meta name=\"robots\" content=\"index, follow, max-snippet:-1, max-image-preview:large, max-video-preview:-1\" \/>\n<link rel=\"canonical\" href=\"https:\/\/turijnmagazijn.nl\/fr\/produit\/bande-de-protection-silicone-porte-filtre-a-carburant-lancia-delta-integral-new\/\" \/>\n<meta property=\"og:locale\" content=\"fr_FR\" \/>\n<meta property=\"og:type\" content=\"article\" \/>\n<meta property=\"og:title\" content=\"Bande de protection silicone porte-filtre \u00e0 carburant Lancia Delta Integrale -NOUVEAU- Turijnmagazijn\" \/>\n<meta property=\"og:description\" content=\"Bande de protection silicone porte-filtre \u00e0 carburant Lancia Delta Integrale -NOUVEAU- - Nouvelle bande de protection pour montage dans le support de filtre \u00e0 carburant pour Lancia Delta Integrale.\" \/>\n<meta property=\"og:url\" content=\"https:\/\/turijnmagazijn.nl\/fr\/produit\/bande-de-protection-silicone-porte-filtre-a-carburant-lancia-delta-integral-new\/\" \/>\n<meta property=\"og:site_name\" content=\"Turijnmagazijn\" \/>\n<meta property=\"article:publisher\" content=\"https:\/\/www.facebook.com\/turijnmagazijn\" \/>\n<meta property=\"article:modified_time\" content=\"2023-07-31T19:04:54+00:00\" \/>\n<meta property=\"og:image\" content=\"https:\/\/turijnmagazijn.nl\/wp-content\/uploads\/2023\/03\/DN00100060_Beschermstrip_silicone_brandstoffilter-houder_Lancia_Delta_Integrale_-NIEUW-1-1.jpg\" \/>\n\t<meta property=\"og:image:width\" content=\"800\" \/>\n\t<meta property=\"og:image:height\" content=\"600\" \/>\n\t<meta property=\"og:image:type\" content=\"image\/jpeg\" \/>\n<meta name=\"twitter:card\" content=\"summary_large_image\" \/>\n<meta name=\"twitter:label1\" content=\"Dur\u00e9e de lecture estim\u00e9e\" \/>\n\t<meta name=\"twitter:data1\" content=\"1 minute\" \/>\n<script type=\"application\/ld+json\" class=\"yoast-schema-graph\">{\"@context\":\"https:\/\/schema.org\",\"@graph\":[{\"@type\":\"WebPage\",\"@id\":\"https:\/\/turijnmagazijn.nl\/fr\/produit\/bande-de-protection-silicone-porte-filtre-a-carburant-lancia-delta-integral-new\/\",\"url\":\"https:\/\/turijnmagazijn.nl\/fr\/produit\/bande-de-protection-silicone-porte-filtre-a-carburant-lancia-delta-integral-new\/\",\"name\":\"Bande de protection silicone porte-filtre \u00e0 carburant Lancia Delta Integrale -NOUVEAU- Turijnmagazijn\",\"isPartOf\":{\"@id\":\"https:\/\/turijnmagazijn.jumpstone-dev.nl\/#website\"},\"primaryImageOfPage\":{\"@id\":\"https:\/\/turijnmagazijn.nl\/fr\/produit\/bande-de-protection-silicone-porte-filtre-a-carburant-lancia-delta-integral-new\/#primaryimage\"},\"image\":{\"@id\":\"https:\/\/turijnmagazijn.nl\/fr\/produit\/bande-de-protection-silicone-porte-filtre-a-carburant-lancia-delta-integral-new\/#primaryimage\"},\"thumbnailUrl\":\"https:\/\/turijnmagazijn.nl\/wp-content\/uploads\/2023\/03\/DN00100060_Beschermstrip_silicone_brandstoffilter-houder_Lancia_Delta_Integrale_-NIEUW-1-1.jpg\",\"datePublished\":\"2023-03-03T08:43:50+00:00\",\"dateModified\":\"2023-07-31T19:04:54+00:00\",\"breadcrumb\":{\"@id\":\"https:\/\/turijnmagazijn.nl\/fr\/produit\/bande-de-protection-silicone-porte-filtre-a-carburant-lancia-delta-integral-new\/#breadcrumb\"},\"inLanguage\":\"fr-FR\",\"potentialAction\":[{\"@type\":\"ReadAction\",\"target\":[\"https:\/\/turijnmagazijn.nl\/fr\/produit\/bande-de-protection-silicone-porte-filtre-a-carburant-lancia-delta-integral-new\/\"]}]},{\"@type\":\"ImageObject\",\"inLanguage\":\"fr-FR\",\"@id\":\"https:\/\/turijnmagazijn.nl\/fr\/produit\/bande-de-protection-silicone-porte-filtre-a-carburant-lancia-delta-integral-new\/#primaryimage\",\"url\":\"https:\/\/turijnmagazijn.nl\/wp-content\/uploads\/2023\/03\/DN00100060_Beschermstrip_silicone_brandstoffilter-houder_Lancia_Delta_Integrale_-NIEUW-1-1.jpg\",\"contentUrl\":\"https:\/\/turijnmagazijn.nl\/wp-content\/uploads\/2023\/03\/DN00100060_Beschermstrip_silicone_brandstoffilter-houder_Lancia_Delta_Integrale_-NIEUW-1-1.jpg\",\"width\":800,\"height\":600},{\"@type\":\"BreadcrumbList\",\"@id\":\"https:\/\/turijnmagazijn.nl\/fr\/produit\/bande-de-protection-silicone-porte-filtre-a-carburant-lancia-delta-integral-new\/#breadcrumb\",\"itemListElement\":[{\"@type\":\"ListItem\",\"position\":1,\"name\":\"Home\",\"item\":\"https:\/\/turijnmagazijn.nl\/fr\/\"},{\"@type\":\"ListItem\",\"position\":2,\"name\":\"Produits\",\"item\":\"https:\/\/turijnmagazijn.nl\/fr\/shop\/\"},{\"@type\":\"ListItem\",\"position\":3,\"name\":\"Bande de protection silicone porte-filtre \u00e0 carburant Lancia Delta Integrale -NOUVEAU-\"}]},{\"@type\":\"WebSite\",\"@id\":\"https:\/\/turijnmagazijn.jumpstone-dev.nl\/#website\",\"url\":\"https:\/\/turijnmagazijn.jumpstone-dev.nl\/\",\"name\":\"Turijnmagazijn\",\"description\":\"Onderdelen nieuw en gebruikt - Fiat &amp; Lancia\",\"publisher\":{\"@id\":\"https:\/\/turijnmagazijn.jumpstone-dev.nl\/#organization\"},\"potentialAction\":[{\"@type\":\"SearchAction\",\"target\":{\"@type\":\"EntryPoint\",\"urlTemplate\":\"https:\/\/turijnmagazijn.jumpstone-dev.nl\/?s={search_term_string}\"},\"query-input\":{\"@type\":\"PropertyValueSpecification\",\"valueRequired\":true,\"valueName\":\"search_term_string\"}}],\"inLanguage\":\"fr-FR\"},{\"@type\":\"Organization\",\"@id\":\"https:\/\/turijnmagazijn.jumpstone-dev.nl\/#organization\",\"name\":\"Turijnmagazijn\",\"url\":\"https:\/\/turijnmagazijn.jumpstone-dev.nl\/\",\"logo\":{\"@type\":\"ImageObject\",\"inLanguage\":\"fr-FR\",\"@id\":\"https:\/\/turijnmagazijn.jumpstone-dev.nl\/#\/schema\/logo\/image\/\",\"url\":\"https:\/\/turijnmagazijn.nl\/wp-content\/uploads\/2021\/02\/turijnmagazijnlogo.png\",\"contentUrl\":\"https:\/\/turijnmagazijn.nl\/wp-content\/uploads\/2021\/02\/turijnmagazijnlogo.png\",\"width\":555,\"height\":270,\"caption\":\"Turijnmagazijn\"},\"image\":{\"@id\":\"https:\/\/turijnmagazijn.jumpstone-dev.nl\/#\/schema\/logo\/image\/\"},\"sameAs\":[\"https:\/\/www.facebook.com\/turijnmagazijn\"]}]}<\/script>\n<!-- \/ Yoast SEO plugin. -->","yoast_head_json":{"title":"Bande de protection silicone porte-filtre \u00e0 carburant Lancia Delta Integrale -NOUVEAU- Turijnmagazijn","robots":{"index":"index","follow":"follow","max-snippet":"max-snippet:-1","max-image-preview":"max-image-preview:large","max-video-preview":"max-video-preview:-1"},"canonical":"https:\/\/turijnmagazijn.nl\/fr\/produit\/bande-de-protection-silicone-porte-filtre-a-carburant-lancia-delta-integral-new\/","og_locale":"fr_FR","og_type":"article","og_title":"Bande de protection silicone porte-filtre \u00e0 carburant Lancia Delta Integrale -NOUVEAU- Turijnmagazijn","og_description":"Bande de protection silicone porte-filtre \u00e0 carburant Lancia Delta Integrale -NOUVEAU- - Nouvelle bande de protection pour montage dans le support de filtre \u00e0 carburant pour Lancia Delta Integrale.","og_url":"https:\/\/turijnmagazijn.nl\/fr\/produit\/bande-de-protection-silicone-porte-filtre-a-carburant-lancia-delta-integral-new\/","og_site_name":"Turijnmagazijn","article_publisher":"https:\/\/www.facebook.com\/turijnmagazijn","article_modified_time":"2023-07-31T19:04:54+00:00","og_image":[{"width":800,"height":600,"url":"https:\/\/turijnmagazijn.nl\/wp-content\/uploads\/2023\/03\/DN00100060_Beschermstrip_silicone_brandstoffilter-houder_Lancia_Delta_Integrale_-NIEUW-1-1.jpg","type":"image\/jpeg"}],"twitter_card":"summary_large_image","twitter_misc":{"Dur\u00e9e de lecture estim\u00e9e":"1 minute"},"schema":{"@context":"https:\/\/schema.org","@graph":[{"@type":"WebPage","@id":"https:\/\/turijnmagazijn.nl\/fr\/produit\/bande-de-protection-silicone-porte-filtre-a-carburant-lancia-delta-integral-new\/","url":"https:\/\/turijnmagazijn.nl\/fr\/produit\/bande-de-protection-silicone-porte-filtre-a-carburant-lancia-delta-integral-new\/","name":"Bande de protection silicone porte-filtre \u00e0 carburant Lancia Delta Integrale -NOUVEAU- Turijnmagazijn","isPartOf":{"@id":"https:\/\/turijnmagazijn.jumpstone-dev.nl\/#website"},"primaryImageOfPage":{"@id":"https:\/\/turijnmagazijn.nl\/fr\/produit\/bande-de-protection-silicone-porte-filtre-a-carburant-lancia-delta-integral-new\/#primaryimage"},"image":{"@id":"https:\/\/turijnmagazijn.nl\/fr\/produit\/bande-de-protection-silicone-porte-filtre-a-carburant-lancia-delta-integral-new\/#primaryimage"},"thumbnailUrl":"https:\/\/turijnmagazijn.nl\/wp-content\/uploads\/2023\/03\/DN00100060_Beschermstrip_silicone_brandstoffilter-houder_Lancia_Delta_Integrale_-NIEUW-1-1.jpg","datePublished":"2023-03-03T08:43:50+00:00","dateModified":"2023-07-31T19:04:54+00:00","breadcrumb":{"@id":"https:\/\/turijnmagazijn.nl\/fr\/produit\/bande-de-protection-silicone-porte-filtre-a-carburant-lancia-delta-integral-new\/#breadcrumb"},"inLanguage":"fr-FR","potentialAction":[{"@type":"ReadAction","target":["https:\/\/turijnmagazijn.nl\/fr\/produit\/bande-de-protection-silicone-porte-filtre-a-carburant-lancia-delta-integral-new\/"]}]},{"@type":"ImageObject","inLanguage":"fr-FR","@id":"https:\/\/turijnmagazijn.nl\/fr\/produit\/bande-de-protection-silicone-porte-filtre-a-carburant-lancia-delta-integral-new\/#primaryimage","url":"https:\/\/turijnmagazijn.nl\/wp-content\/uploads\/2023\/03\/DN00100060_Beschermstrip_silicone_brandstoffilter-houder_Lancia_Delta_Integrale_-NIEUW-1-1.jpg","contentUrl":"https:\/\/turijnmagazijn.nl\/wp-content\/uploads\/2023\/03\/DN00100060_Beschermstrip_silicone_brandstoffilter-houder_Lancia_Delta_Integrale_-NIEUW-1-1.jpg","width":800,"height":600},{"@type":"BreadcrumbList","@id":"https:\/\/turijnmagazijn.nl\/fr\/produit\/bande-de-protection-silicone-porte-filtre-a-carburant-lancia-delta-integral-new\/#breadcrumb","itemListElement":[{"@type":"ListItem","position":1,"name":"Home","item":"https:\/\/turijnmagazijn.nl\/fr\/"},{"@type":"ListItem","position":2,"name":"Produits","item":"https:\/\/turijnmagazijn.nl\/fr\/shop\/"},{"@type":"ListItem","position":3,"name":"Bande de protection silicone porte-filtre \u00e0 carburant Lancia Delta Integrale -NOUVEAU-"}]},{"@type":"WebSite","@id":"https:\/\/turijnmagazijn.jumpstone-dev.nl\/#website","url":"https:\/\/turijnmagazijn.jumpstone-dev.nl\/","name":"Turijnmagazijn","description":"Onderdelen nieuw en gebruikt - Fiat &amp; Lancia","publisher":{"@id":"https:\/\/turijnmagazijn.jumpstone-dev.nl\/#organization"},"potentialAction":[{"@type":"SearchAction","target":{"@type":"EntryPoint","urlTemplate":"https:\/\/turijnmagazijn.jumpstone-dev.nl\/?s={search_term_string}"},"query-input":{"@type":"PropertyValueSpecification","valueRequired":true,"valueName":"search_term_string"}}],"inLanguage":"fr-FR"},{"@type":"Organization","@id":"https:\/\/turijnmagazijn.jumpstone-dev.nl\/#organization","name":"Turijnmagazijn","url":"https:\/\/turijnmagazijn.jumpstone-dev.nl\/","logo":{"@type":"ImageObject","inLanguage":"fr-FR","@id":"https:\/\/turijnmagazijn.jumpstone-dev.nl\/#\/schema\/logo\/image\/","url":"https:\/\/turijnmagazijn.nl\/wp-content\/uploads\/2021\/02\/turijnmagazijnlogo.png","contentUrl":"https:\/\/turijnmagazijn.nl\/wp-content\/uploads\/2021\/02\/turijnmagazijnlogo.png","width":555,"height":270,"caption":"Turijnmagazijn"},"image":{"@id":"https:\/\/turijnmagazijn.jumpstone-dev.nl\/#\/schema\/logo\/image\/"},"sameAs":["https:\/\/www.facebook.com\/turijnmagazijn"]}]}},"_links":{"self":[{"href":"https:\/\/turijnmagazijn.nl\/fr\/wp-json\/wp\/v2\/product\/65710","targetHints":{"allow":["GET"]}}],"collection":[{"href":"https:\/\/turijnmagazijn.nl\/fr\/wp-json\/wp\/v2\/product"}],"about":[{"href":"https:\/\/turijnmagazijn.nl\/fr\/wp-json\/wp\/v2\/types\/product"}],"replies":[{"embeddable":true,"href":"https:\/\/turijnmagazijn.nl\/fr\/wp-json\/wp\/v2\/comments?post=65710"}],"wp:featuredmedia":[{"embeddable":true,"href":"https:\/\/turijnmagazijn.nl\/fr\/wp-json\/wp\/v2\/media\/52204"}],"wp:attachment":[{"href":"https:\/\/turijnmagazijn.nl\/fr\/wp-json\/wp\/v2\/media?parent=65710"}],"wp:term":[{"taxonomy":"product_brand","embeddable":true,"href":"https:\/\/turijnmagazijn.nl\/fr\/wp-json\/wp\/v2\/product_brand?post=65710"},{"taxonomy":"product_cat","embeddable":true,"href":"https:\/\/turijnmagazijn.nl\/fr\/wp-json\/wp\/v2\/product_cat?post=65710"},{"taxonomy":"product_tag","embeddable":true,"href":"https:\/\/turijnmagazijn.nl\/fr\/wp-json\/wp\/v2\/product_tag?post=65710"}],"curies":[{"name":"wp","href":"https:\/\/api.w.org\/{rel}","templated":true}]}}